{"id":9939,"date":"2025-02-19T12:03:56","date_gmt":"2025-02-19T11:03:56","guid":{"rendered":"https:\/\/lechappeeclose.it\/produit\/martin-voit-la-vie-en-vert\/"},"modified":"2025-02-19T12:03:56","modified_gmt":"2025-02-19T11:03:56","slug":"martin-voit-la-vie-en-vert","status":"publish","type":"product","link":"https:\/\/lechappeeclose.it\/it\/boutique\/livres\/jeunesse\/prescolaire\/martin-voit-la-vie-en-vert\/","title":{"rendered":"Martin voit la vie en vert"},"content":{"rendered":"<p>Martin est un petit gar\u00e7on qui aime le vert, qui adore le vert m\u00eame. Alors, quand on enl\u00e8ve la vieille croix verte de la pharmacie de sa maman pour la remplacer par une qui clignote aussi en bleu, cela ne lui va pas du tout. Pourra-t-il encore voir la vie en vert ?<\/p>","protected":false},"excerpt":{"rendered":"<p>Martin est un petit gar\u00e7on qui aime le vert, qui adore le vert m\u00eame. Alors, quand on enl\u00e8ve la vieille croix verte de la pharmacie de sa maman pour la remplacer par une qui clignote aussi en bleu, cela ne lui va pas du tout. Pourra-t-il encore voir la vie en vert ?<\/p>","protected":false},"featured_media":9938,"comment_status":"open","ping_status":"closed","template":"","meta":[],"product_brand":[],"product_cat":[52],"product_tag":[],"class_list":{"0":"post-9939","1":"product","2":"type-product","3":"status-publish","4":"has-post-thumbnail","6":"product_cat-prescolaire","8":"first","9":"instock","10":"taxable","11":"shipping-taxable","12":"purchasable","13":"product-type-simple"},"yoast_head":"<!-- This site is optimized with the Yoast SEO plugin v27.4 - https:\/\/yoast.com\/product\/yoast-seo-wordpress\/ -->\n<title>Martin voit la vie en vert - l&#039;\u00e9chapp\u00e9e close<\/title>\n<meta name=\"robots\" content=\"index, follow, max-snippet:-1, max-image-preview:large, max-video-preview:-1\" \/>\n<link rel=\"canonical\" href=\"http:\/\/lechappeeclose.it\/it\/boutique\/livres\/jeunesse\/prescolaire\/martin-voit-la-vie-en-vert\/\" \/>\n<meta property=\"og:locale\" content=\"it_IT\" \/>\n<meta property=\"og:type\" content=\"article\" \/>\n<meta property=\"og:title\" content=\"Martin voit la vie en vert - l&#039;\u00e9chapp\u00e9e close\" \/>\n<meta property=\"og:description\" content=\"Martin est un petit gar\u00e7on qui aime le vert, qui adore le vert m\u00eame. Alors, quand on enl\u00e8ve la vieille croix verte de la pharmacie de sa maman pour la remplacer par une qui clignote aussi en bleu, cela ne lui va pas du tout. Pourra-t-il encore voir la vie en vert ?\" \/>\n<meta property=\"og:url\" content=\"http:\/\/lechappeeclose.it\/it\/boutique\/livres\/jeunesse\/prescolaire\/martin-voit-la-vie-en-vert\/\" \/>\n<meta property=\"og:site_name\" content=\"l&#039;\u00e9chapp\u00e9e close\" \/>\n<meta property=\"og:image\" content=\"http:\/\/lechappeeclose.it\/wp-content\/uploads\/2025\/02\/Martin-voit-la-vie-en-vert.jpeg\" \/>\n\t<meta property=\"og:image:width\" content=\"110\" \/>\n\t<meta property=\"og:image:height\" content=\"152\" \/>\n\t<meta property=\"og:image:type\" content=\"image\/jpeg\" \/>\n<meta name=\"twitter:card\" content=\"summary_large_image\" \/>\n<script type=\"application\/ld+json\" class=\"yoast-schema-graph\">{\"@context\":\"https:\\\/\\\/schema.org\",\"@graph\":[{\"@type\":\"WebPage\",\"@id\":\"http:\\\/\\\/lechappeeclose.it\\\/it\\\/boutique\\\/livres\\\/jeunesse\\\/prescolaire\\\/martin-voit-la-vie-en-vert\\\/\",\"url\":\"http:\\\/\\\/lechappeeclose.it\\\/it\\\/boutique\\\/livres\\\/jeunesse\\\/prescolaire\\\/martin-voit-la-vie-en-vert\\\/\",\"name\":\"Martin voit la vie en vert - l&#039;\u00e9chapp\u00e9e close\",\"isPartOf\":{\"@id\":\"http:\\\/\\\/lechappeeclose.it\\\/#website\"},\"primaryImageOfPage\":{\"@id\":\"http:\\\/\\\/lechappeeclose.it\\\/it\\\/boutique\\\/livres\\\/jeunesse\\\/prescolaire\\\/martin-voit-la-vie-en-vert\\\/#primaryimage\"},\"image\":{\"@id\":\"http:\\\/\\\/lechappeeclose.it\\\/it\\\/boutique\\\/livres\\\/jeunesse\\\/prescolaire\\\/martin-voit-la-vie-en-vert\\\/#primaryimage\"},\"thumbnailUrl\":\"https:\\\/\\\/lechappeeclose.it\\\/wp-content\\\/uploads\\\/2025\\\/02\\\/Martin-voit-la-vie-en-vert.jpeg\",\"datePublished\":\"2025-02-19T11:03:56+00:00\",\"breadcrumb\":{\"@id\":\"http:\\\/\\\/lechappeeclose.it\\\/it\\\/boutique\\\/livres\\\/jeunesse\\\/prescolaire\\\/martin-voit-la-vie-en-vert\\\/#breadcrumb\"},\"inLanguage\":\"it-IT\",\"potentialAction\":[{\"@type\":\"ReadAction\",\"target\":[\"http:\\\/\\\/lechappeeclose.it\\\/it\\\/boutique\\\/livres\\\/jeunesse\\\/prescolaire\\\/martin-voit-la-vie-en-vert\\\/\"]}]},{\"@type\":\"ImageObject\",\"inLanguage\":\"it-IT\",\"@id\":\"http:\\\/\\\/lechappeeclose.it\\\/it\\\/boutique\\\/livres\\\/jeunesse\\\/prescolaire\\\/martin-voit-la-vie-en-vert\\\/#primaryimage\",\"url\":\"https:\\\/\\\/lechappeeclose.it\\\/wp-content\\\/uploads\\\/2025\\\/02\\\/Martin-voit-la-vie-en-vert.jpeg\",\"contentUrl\":\"https:\\\/\\\/lechappeeclose.it\\\/wp-content\\\/uploads\\\/2025\\\/02\\\/Martin-voit-la-vie-en-vert.jpeg\",\"width\":110,\"height\":152},{\"@type\":\"BreadcrumbList\",\"@id\":\"http:\\\/\\\/lechappeeclose.it\\\/it\\\/boutique\\\/livres\\\/jeunesse\\\/prescolaire\\\/martin-voit-la-vie-en-vert\\\/#breadcrumb\",\"itemListElement\":[{\"@type\":\"ListItem\",\"position\":1,\"name\":\"Accueil\",\"item\":\"http:\\\/\\\/lechappeeclose.it\\\/\"},{\"@type\":\"ListItem\",\"position\":2,\"name\":\"Boutique\",\"item\":\"http:\\\/\\\/lechappeeclose.it\\\/it\\\/boutique\\\/\"},{\"@type\":\"ListItem\",\"position\":3,\"name\":\"Martin voit la vie en vert\"}]},{\"@type\":\"WebSite\",\"@id\":\"http:\\\/\\\/lechappeeclose.it\\\/#website\",\"url\":\"http:\\\/\\\/lechappeeclose.it\\\/\",\"name\":\"l&#039;\u00e9chapp\u00e9e close\",\"description\":\"la librairie fran\u00e7aise de Milan\",\"publisher\":{\"@id\":\"http:\\\/\\\/lechappeeclose.it\\\/#organization\"},\"alternateName\":\"La librairie fran\u00e7aise de Milan\",\"potentialAction\":[{\"@type\":\"SearchAction\",\"target\":{\"@type\":\"EntryPoint\",\"urlTemplate\":\"http:\\\/\\\/lechappeeclose.it\\\/?s={search_term_string}\"},\"query-input\":{\"@type\":\"PropertyValueSpecification\",\"valueRequired\":true,\"valueName\":\"search_term_string\"}}],\"inLanguage\":\"it-IT\"},{\"@type\":\"Organization\",\"@id\":\"http:\\\/\\\/lechappeeclose.it\\\/#organization\",\"name\":\"l&#039;\u00e9chapp\u00e9e close\",\"url\":\"http:\\\/\\\/lechappeeclose.it\\\/\",\"logo\":{\"@type\":\"ImageObject\",\"inLanguage\":\"it-IT\",\"@id\":\"http:\\\/\\\/lechappeeclose.it\\\/#\\\/schema\\\/logo\\\/image\\\/\",\"url\":\"https:\\\/\\\/lechappeeclose.it\\\/wp-content\\\/uploads\\\/2025\\\/02\\\/cropped-logo-rond.png\",\"contentUrl\":\"https:\\\/\\\/lechappeeclose.it\\\/wp-content\\\/uploads\\\/2025\\\/02\\\/cropped-logo-rond.png\",\"width\":1080,\"height\":1080,\"caption\":\"l&#039;\u00e9chapp\u00e9e close\"},\"image\":{\"@id\":\"http:\\\/\\\/lechappeeclose.it\\\/#\\\/schema\\\/logo\\\/image\\\/\"},\"sameAs\":[\"https:\\\/\\\/www.instagram.com\\\/lechappeeclose\\\/\"]}]}<\/script>\n<!-- \/ Yoast SEO plugin. -->","yoast_head_json":{"title":"Martin voit la vie en vert - l&#039;\u00e9chapp\u00e9e close","robots":{"index":"index","follow":"follow","max-snippet":"max-snippet:-1","max-image-preview":"max-image-preview:large","max-video-preview":"max-video-preview:-1"},"canonical":"http:\/\/lechappeeclose.it\/it\/boutique\/livres\/jeunesse\/prescolaire\/martin-voit-la-vie-en-vert\/","og_locale":"it_IT","og_type":"article","og_title":"Martin voit la vie en vert - l&#039;\u00e9chapp\u00e9e close","og_description":"Martin est un petit gar\u00e7on qui aime le vert, qui adore le vert m\u00eame. Alors, quand on enl\u00e8ve la vieille croix verte de la pharmacie de sa maman pour la remplacer par une qui clignote aussi en bleu, cela ne lui va pas du tout. Pourra-t-il encore voir la vie en vert ?","og_url":"http:\/\/lechappeeclose.it\/it\/boutique\/livres\/jeunesse\/prescolaire\/martin-voit-la-vie-en-vert\/","og_site_name":"l&#039;\u00e9chapp\u00e9e close","og_image":[{"width":110,"height":152,"url":"http:\/\/lechappeeclose.it\/wp-content\/uploads\/2025\/02\/Martin-voit-la-vie-en-vert.jpeg","type":"image\/jpeg"}],"twitter_card":"summary_large_image","schema":{"@context":"https:\/\/schema.org","@graph":[{"@type":"WebPage","@id":"http:\/\/lechappeeclose.it\/it\/boutique\/livres\/jeunesse\/prescolaire\/martin-voit-la-vie-en-vert\/","url":"http:\/\/lechappeeclose.it\/it\/boutique\/livres\/jeunesse\/prescolaire\/martin-voit-la-vie-en-vert\/","name":"Martin voit la vie en vert - l&#039;\u00e9chapp\u00e9e close","isPartOf":{"@id":"http:\/\/lechappeeclose.it\/#website"},"primaryImageOfPage":{"@id":"http:\/\/lechappeeclose.it\/it\/boutique\/livres\/jeunesse\/prescolaire\/martin-voit-la-vie-en-vert\/#primaryimage"},"image":{"@id":"http:\/\/lechappeeclose.it\/it\/boutique\/livres\/jeunesse\/prescolaire\/martin-voit-la-vie-en-vert\/#primaryimage"},"thumbnailUrl":"https:\/\/lechappeeclose.it\/wp-content\/uploads\/2025\/02\/Martin-voit-la-vie-en-vert.jpeg","datePublished":"2025-02-19T11:03:56+00:00","breadcrumb":{"@id":"http:\/\/lechappeeclose.it\/it\/boutique\/livres\/jeunesse\/prescolaire\/martin-voit-la-vie-en-vert\/#breadcrumb"},"inLanguage":"it-IT","potentialAction":[{"@type":"ReadAction","target":["http:\/\/lechappeeclose.it\/it\/boutique\/livres\/jeunesse\/prescolaire\/martin-voit-la-vie-en-vert\/"]}]},{"@type":"ImageObject","inLanguage":"it-IT","@id":"http:\/\/lechappeeclose.it\/it\/boutique\/livres\/jeunesse\/prescolaire\/martin-voit-la-vie-en-vert\/#primaryimage","url":"https:\/\/lechappeeclose.it\/wp-content\/uploads\/2025\/02\/Martin-voit-la-vie-en-vert.jpeg","contentUrl":"https:\/\/lechappeeclose.it\/wp-content\/uploads\/2025\/02\/Martin-voit-la-vie-en-vert.jpeg","width":110,"height":152},{"@type":"BreadcrumbList","@id":"http:\/\/lechappeeclose.it\/it\/boutique\/livres\/jeunesse\/prescolaire\/martin-voit-la-vie-en-vert\/#breadcrumb","itemListElement":[{"@type":"ListItem","position":1,"name":"Accueil","item":"http:\/\/lechappeeclose.it\/"},{"@type":"ListItem","position":2,"name":"Boutique","item":"http:\/\/lechappeeclose.it\/it\/boutique\/"},{"@type":"ListItem","position":3,"name":"Martin voit la vie en vert"}]},{"@type":"WebSite","@id":"http:\/\/lechappeeclose.it\/#website","url":"http:\/\/lechappeeclose.it\/","name":"l&#039;\u00e9chapp\u00e9e close","description":"La libreria francese di Milano","publisher":{"@id":"http:\/\/lechappeeclose.it\/#organization"},"alternateName":"La librairie fran\u00e7aise de Milan","potentialAction":[{"@type":"SearchAction","target":{"@type":"EntryPoint","urlTemplate":"http:\/\/lechappeeclose.it\/?s={search_term_string}"},"query-input":{"@type":"PropertyValueSpecification","valueRequired":true,"valueName":"search_term_string"}}],"inLanguage":"it-IT"},{"@type":"Organization","@id":"http:\/\/lechappeeclose.it\/#organization","name":"l&#039;\u00e9chapp\u00e9e close","url":"http:\/\/lechappeeclose.it\/","logo":{"@type":"ImageObject","inLanguage":"it-IT","@id":"http:\/\/lechappeeclose.it\/#\/schema\/logo\/image\/","url":"https:\/\/lechappeeclose.it\/wp-content\/uploads\/2025\/02\/cropped-logo-rond.png","contentUrl":"https:\/\/lechappeeclose.it\/wp-content\/uploads\/2025\/02\/cropped-logo-rond.png","width":1080,"height":1080,"caption":"l&#039;\u00e9chapp\u00e9e close"},"image":{"@id":"http:\/\/lechappeeclose.it\/#\/schema\/logo\/image\/"},"sameAs":["https:\/\/www.instagram.com\/lechappeeclose\/"]}]}},"_links":{"self":[{"href":"https:\/\/lechappeeclose.it\/it\/wp-json\/wp\/v2\/product\/9939","targetHints":{"allow":["GET"]}}],"collection":[{"href":"https:\/\/lechappeeclose.it\/it\/wp-json\/wp\/v2\/product"}],"about":[{"href":"https:\/\/lechappeeclose.it\/it\/wp-json\/wp\/v2\/types\/product"}],"replies":[{"embeddable":true,"href":"https:\/\/lechappeeclose.it\/it\/wp-json\/wp\/v2\/comments?post=9939"}],"wp:featuredmedia":[{"embeddable":true,"href":"https:\/\/lechappeeclose.it\/it\/wp-json\/wp\/v2\/media\/9938"}],"wp:attachment":[{"href":"https:\/\/lechappeeclose.it\/it\/wp-json\/wp\/v2\/media?parent=9939"}],"wp:term":[{"taxonomy":"product_brand","embeddable":true,"href":"https:\/\/lechappeeclose.it\/it\/wp-json\/wp\/v2\/product_brand?post=9939"},{"taxonomy":"product_cat","embeddable":true,"href":"https:\/\/lechappeeclose.it\/it\/wp-json\/wp\/v2\/product_cat?post=9939"},{"taxonomy":"product_tag","embeddable":true,"href":"https:\/\/lechappeeclose.it\/it\/wp-json\/wp\/v2\/product_tag?post=9939"}],"curies":[{"name":"wp","href":"https:\/\/api.w.org\/{rel}","templated":true}]}}