{"id":9224,"date":"2025-02-15T16:21:37","date_gmt":"2025-02-15T15:21:37","guid":{"rendered":"https:\/\/lechappeeclose.it\/produit\/atlas-de-poche-des-insectes-de-france-utiles-ou-nuisibles\/"},"modified":"2026-01-16T16:45:47","modified_gmt":"2026-01-16T15:45:47","slug":"atlas-de-poche-des-insectes-de-france-utiles-ou-nuisibles","status":"publish","type":"product","link":"https:\/\/lechappeeclose.it\/it\/boutique\/livres\/arts\/beaux-arts\/atlas-de-poche-des-insectes-de-france-utiles-ou-nuisibles\/","title":{"rendered":"Atlas de poche des insectes de France utiles ou nuisibles"},"content":{"rendered":"<p>Retrouvez en fac-simil\u00e9, dans 72 tr\u00e8s belles planches imprim\u00e9es en 1903 en chromolithographie, 322 insectes, amis ou frayeurs du quotidien, class\u00e9s d&#8217;apr\u00e8s leur habitat le plus ordinaire (de la maison au jardin en passant par les avenues). Chaque planche d\u00e9crit l&#8217;animal, donne ses noms et caract\u00e9ristiques distinctives. Cette premi\u00e8re classification tr\u00e8s utile est suivie de diverses \u00e9tudes sur les organismes des insectes, leurs m\u0153urs et environnements favoris, etc. ainsi que sur la chasse et la conservation des insectes pour les collectionneurs, r\u00e9dig\u00e9es par le sp\u00e9cialiste E. Dong\u00e9. Ce petit manuel pr\u00e9cis au charme s\u00e9duisant passionnera les f\u00e9rus d&#8217;entomologie comme les curieux des choses de la nature.<\/p>","protected":false},"excerpt":{"rendered":"<p>Retrouvez en fac-simil\u00e9, dans 72 tr\u00e8s belles planches imprim\u00e9es en 1903 en chromolithographie, 322 insectes, amis ou frayeurs du quotidien, class\u00e9s d&#8217;apr\u00e8s leur habitat le plus ordinaire (de la maison au jardin en passant par les avenues). Chaque planche d\u00e9crit l&#8217;animal, donne ses noms et caract\u00e9ristiques distinctives. Cette premi\u00e8re classification tr\u00e8s utile est suivie de [&hellip;]<\/p>","protected":false},"featured_media":9223,"comment_status":"open","ping_status":"closed","template":"","meta":[],"product_brand":[],"product_cat":[41],"product_tag":[],"class_list":{"0":"post-9224","1":"product","2":"type-product","3":"status-publish","4":"has-post-thumbnail","6":"product_cat-beaux-arts","8":"first","9":"onbackorder","10":"taxable","11":"shipping-taxable","12":"purchasable","13":"product-type-simple"},"yoast_head":"<!-- This site is optimized with the Yoast SEO plugin v27.5 - https:\/\/yoast.com\/product\/yoast-seo-wordpress\/ -->\n<title>Atlas de poche des insectes de France utiles ou nuisibles - l&#039;\u00e9chapp\u00e9e close<\/title>\n<meta name=\"robots\" content=\"index, follow, max-snippet:-1, max-image-preview:large, max-video-preview:-1\" \/>\n<link rel=\"canonical\" href=\"http:\/\/lechappeeclose.it\/it\/boutique\/livres\/arts\/beaux-arts\/atlas-de-poche-des-insectes-de-france-utiles-ou-nuisibles\/\" \/>\n<meta property=\"og:locale\" content=\"it_IT\" \/>\n<meta property=\"og:type\" content=\"article\" \/>\n<meta property=\"og:title\" content=\"Atlas de poche des insectes de France utiles ou nuisibles - l&#039;\u00e9chapp\u00e9e close\" \/>\n<meta property=\"og:description\" content=\"Retrouvez en fac-simil\u00e9, dans 72 tr\u00e8s belles planches imprim\u00e9es en 1903 en chromolithographie, 322 insectes, amis ou frayeurs du quotidien, class\u00e9s d&#8217;apr\u00e8s leur habitat le plus ordinaire (de la maison au jardin en passant par les avenues). Chaque planche d\u00e9crit l&#8217;animal, donne ses noms et caract\u00e9ristiques distinctives. Cette premi\u00e8re classification tr\u00e8s utile est suivie de [&hellip;]\" \/>\n<meta property=\"og:url\" content=\"http:\/\/lechappeeclose.it\/it\/boutique\/livres\/arts\/beaux-arts\/atlas-de-poche-des-insectes-de-france-utiles-ou-nuisibles\/\" \/>\n<meta property=\"og:site_name\" content=\"l&#039;\u00e9chapp\u00e9e close\" \/>\n<meta property=\"article:modified_time\" content=\"2026-01-16T15:45:47+00:00\" \/>\n<meta property=\"og:image\" content=\"http:\/\/lechappeeclose.it\/wp-content\/uploads\/2025\/02\/Atlas-de-poche-des-insectes-de-France-utiles-ou-nuisibles.jpg\" \/>\n\t<meta property=\"og:image:width\" content=\"353\" \/>\n\t<meta property=\"og:image:height\" content=\"500\" \/>\n\t<meta property=\"og:image:type\" content=\"image\/jpeg\" \/>\n<meta name=\"twitter:card\" content=\"summary_large_image\" \/>\n<meta name=\"twitter:label1\" content=\"Tempo di lettura stimato\" \/>\n\t<meta name=\"twitter:data1\" content=\"1 minuto\" \/>\n<script type=\"application\/ld+json\" class=\"yoast-schema-graph\">{\"@context\":\"https:\\\/\\\/schema.org\",\"@graph\":[{\"@type\":\"WebPage\",\"@id\":\"http:\\\/\\\/lechappeeclose.it\\\/boutique\\\/livres\\\/arts\\\/beaux-arts\\\/atlas-de-poche-des-insectes-de-france-utiles-ou-nuisibles\\\/\",\"url\":\"http:\\\/\\\/lechappeeclose.it\\\/boutique\\\/livres\\\/arts\\\/beaux-arts\\\/atlas-de-poche-des-insectes-de-france-utiles-ou-nuisibles\\\/\",\"name\":\"Atlas de poche des insectes de France utiles ou nuisibles - l&#039;\u00e9chapp\u00e9e close\",\"isPartOf\":{\"@id\":\"http:\\\/\\\/lechappeeclose.it\\\/it\\\/#website\"},\"primaryImageOfPage\":{\"@id\":\"http:\\\/\\\/lechappeeclose.it\\\/boutique\\\/livres\\\/arts\\\/beaux-arts\\\/atlas-de-poche-des-insectes-de-france-utiles-ou-nuisibles\\\/#primaryimage\"},\"image\":{\"@id\":\"http:\\\/\\\/lechappeeclose.it\\\/boutique\\\/livres\\\/arts\\\/beaux-arts\\\/atlas-de-poche-des-insectes-de-france-utiles-ou-nuisibles\\\/#primaryimage\"},\"thumbnailUrl\":\"https:\\\/\\\/lechappeeclose.it\\\/wp-content\\\/uploads\\\/2025\\\/02\\\/Atlas-de-poche-des-insectes-de-France-utiles-ou-nuisibles.jpg\",\"datePublished\":\"2025-02-15T15:21:37+00:00\",\"dateModified\":\"2026-01-16T15:45:47+00:00\",\"breadcrumb\":{\"@id\":\"http:\\\/\\\/lechappeeclose.it\\\/boutique\\\/livres\\\/arts\\\/beaux-arts\\\/atlas-de-poche-des-insectes-de-france-utiles-ou-nuisibles\\\/#breadcrumb\"},\"inLanguage\":\"it-IT\",\"potentialAction\":[{\"@type\":\"ReadAction\",\"target\":[\"http:\\\/\\\/lechappeeclose.it\\\/boutique\\\/livres\\\/arts\\\/beaux-arts\\\/atlas-de-poche-des-insectes-de-france-utiles-ou-nuisibles\\\/\"]}]},{\"@type\":\"ImageObject\",\"inLanguage\":\"it-IT\",\"@id\":\"http:\\\/\\\/lechappeeclose.it\\\/boutique\\\/livres\\\/arts\\\/beaux-arts\\\/atlas-de-poche-des-insectes-de-france-utiles-ou-nuisibles\\\/#primaryimage\",\"url\":\"https:\\\/\\\/lechappeeclose.it\\\/wp-content\\\/uploads\\\/2025\\\/02\\\/Atlas-de-poche-des-insectes-de-France-utiles-ou-nuisibles.jpg\",\"contentUrl\":\"https:\\\/\\\/lechappeeclose.it\\\/wp-content\\\/uploads\\\/2025\\\/02\\\/Atlas-de-poche-des-insectes-de-France-utiles-ou-nuisibles.jpg\",\"width\":353,\"height\":500},{\"@type\":\"BreadcrumbList\",\"@id\":\"http:\\\/\\\/lechappeeclose.it\\\/boutique\\\/livres\\\/arts\\\/beaux-arts\\\/atlas-de-poche-des-insectes-de-france-utiles-ou-nuisibles\\\/#breadcrumb\",\"itemListElement\":[{\"@type\":\"ListItem\",\"position\":1,\"name\":\"Accueil\",\"item\":\"http:\\\/\\\/lechappeeclose.it\\\/it\\\/\"},{\"@type\":\"ListItem\",\"position\":2,\"name\":\"Boutique\",\"item\":\"http:\\\/\\\/lechappeeclose.it\\\/it\\\/boutique\\\/\"},{\"@type\":\"ListItem\",\"position\":3,\"name\":\"Atlas de poche des insectes de France utiles ou nuisibles\"}]},{\"@type\":\"WebSite\",\"@id\":\"http:\\\/\\\/lechappeeclose.it\\\/it\\\/#website\",\"url\":\"http:\\\/\\\/lechappeeclose.it\\\/it\\\/\",\"name\":\"l&#039;\u00e9chapp\u00e9e close\",\"description\":\"la librairie fran\u00e7aise de Milan\",\"publisher\":{\"@id\":\"http:\\\/\\\/lechappeeclose.it\\\/it\\\/#organization\"},\"alternateName\":\"La librairie fran\u00e7aise de Milan\",\"potentialAction\":[{\"@type\":\"SearchAction\",\"target\":{\"@type\":\"EntryPoint\",\"urlTemplate\":\"http:\\\/\\\/lechappeeclose.it\\\/it\\\/?s={search_term_string}\"},\"query-input\":{\"@type\":\"PropertyValueSpecification\",\"valueRequired\":true,\"valueName\":\"search_term_string\"}}],\"inLanguage\":\"it-IT\"},{\"@type\":\"Organization\",\"@id\":\"http:\\\/\\\/lechappeeclose.it\\\/it\\\/#organization\",\"name\":\"l&#039;\u00e9chapp\u00e9e close\",\"url\":\"http:\\\/\\\/lechappeeclose.it\\\/it\\\/\",\"logo\":{\"@type\":\"ImageObject\",\"inLanguage\":\"it-IT\",\"@id\":\"http:\\\/\\\/lechappeeclose.it\\\/it\\\/#\\\/schema\\\/logo\\\/image\\\/\",\"url\":\"https:\\\/\\\/lechappeeclose.it\\\/wp-content\\\/uploads\\\/2025\\\/02\\\/cropped-logo-rond.png\",\"contentUrl\":\"https:\\\/\\\/lechappeeclose.it\\\/wp-content\\\/uploads\\\/2025\\\/02\\\/cropped-logo-rond.png\",\"width\":1080,\"height\":1080,\"caption\":\"l&#039;\u00e9chapp\u00e9e close\"},\"image\":{\"@id\":\"http:\\\/\\\/lechappeeclose.it\\\/it\\\/#\\\/schema\\\/logo\\\/image\\\/\"},\"sameAs\":[\"https:\\\/\\\/www.instagram.com\\\/lechappeeclose\\\/\"]}]}<\/script>\n<!-- \/ Yoast SEO plugin. -->","yoast_head_json":{"title":"Atlas de poche des insectes de France utiles ou nuisibles - l&#039;\u00e9chapp\u00e9e close","robots":{"index":"index","follow":"follow","max-snippet":"max-snippet:-1","max-image-preview":"max-image-preview:large","max-video-preview":"max-video-preview:-1"},"canonical":"http:\/\/lechappeeclose.it\/it\/boutique\/livres\/arts\/beaux-arts\/atlas-de-poche-des-insectes-de-france-utiles-ou-nuisibles\/","og_locale":"it_IT","og_type":"article","og_title":"Atlas de poche des insectes de France utiles ou nuisibles - l&#039;\u00e9chapp\u00e9e close","og_description":"Retrouvez en fac-simil\u00e9, dans 72 tr\u00e8s belles planches imprim\u00e9es en 1903 en chromolithographie, 322 insectes, amis ou frayeurs du quotidien, class\u00e9s d&#8217;apr\u00e8s leur habitat le plus ordinaire (de la maison au jardin en passant par les avenues). Chaque planche d\u00e9crit l&#8217;animal, donne ses noms et caract\u00e9ristiques distinctives. Cette premi\u00e8re classification tr\u00e8s utile est suivie de [&hellip;]","og_url":"http:\/\/lechappeeclose.it\/it\/boutique\/livres\/arts\/beaux-arts\/atlas-de-poche-des-insectes-de-france-utiles-ou-nuisibles\/","og_site_name":"l&#039;\u00e9chapp\u00e9e close","article_modified_time":"2026-01-16T15:45:47+00:00","og_image":[{"width":353,"height":500,"url":"http:\/\/lechappeeclose.it\/wp-content\/uploads\/2025\/02\/Atlas-de-poche-des-insectes-de-France-utiles-ou-nuisibles.jpg","type":"image\/jpeg"}],"twitter_card":"summary_large_image","twitter_misc":{"Tempo di lettura stimato":"1 minuto"},"schema":{"@context":"https:\/\/schema.org","@graph":[{"@type":"WebPage","@id":"http:\/\/lechappeeclose.it\/boutique\/livres\/arts\/beaux-arts\/atlas-de-poche-des-insectes-de-france-utiles-ou-nuisibles\/","url":"http:\/\/lechappeeclose.it\/boutique\/livres\/arts\/beaux-arts\/atlas-de-poche-des-insectes-de-france-utiles-ou-nuisibles\/","name":"Atlas de poche des insectes de France utiles ou nuisibles - l&#039;\u00e9chapp\u00e9e close","isPartOf":{"@id":"http:\/\/lechappeeclose.it\/it\/#website"},"primaryImageOfPage":{"@id":"http:\/\/lechappeeclose.it\/boutique\/livres\/arts\/beaux-arts\/atlas-de-poche-des-insectes-de-france-utiles-ou-nuisibles\/#primaryimage"},"image":{"@id":"http:\/\/lechappeeclose.it\/boutique\/livres\/arts\/beaux-arts\/atlas-de-poche-des-insectes-de-france-utiles-ou-nuisibles\/#primaryimage"},"thumbnailUrl":"https:\/\/lechappeeclose.it\/wp-content\/uploads\/2025\/02\/Atlas-de-poche-des-insectes-de-France-utiles-ou-nuisibles.jpg","datePublished":"2025-02-15T15:21:37+00:00","dateModified":"2026-01-16T15:45:47+00:00","breadcrumb":{"@id":"http:\/\/lechappeeclose.it\/boutique\/livres\/arts\/beaux-arts\/atlas-de-poche-des-insectes-de-france-utiles-ou-nuisibles\/#breadcrumb"},"inLanguage":"it-IT","potentialAction":[{"@type":"ReadAction","target":["http:\/\/lechappeeclose.it\/boutique\/livres\/arts\/beaux-arts\/atlas-de-poche-des-insectes-de-france-utiles-ou-nuisibles\/"]}]},{"@type":"ImageObject","inLanguage":"it-IT","@id":"http:\/\/lechappeeclose.it\/boutique\/livres\/arts\/beaux-arts\/atlas-de-poche-des-insectes-de-france-utiles-ou-nuisibles\/#primaryimage","url":"https:\/\/lechappeeclose.it\/wp-content\/uploads\/2025\/02\/Atlas-de-poche-des-insectes-de-France-utiles-ou-nuisibles.jpg","contentUrl":"https:\/\/lechappeeclose.it\/wp-content\/uploads\/2025\/02\/Atlas-de-poche-des-insectes-de-France-utiles-ou-nuisibles.jpg","width":353,"height":500},{"@type":"BreadcrumbList","@id":"http:\/\/lechappeeclose.it\/boutique\/livres\/arts\/beaux-arts\/atlas-de-poche-des-insectes-de-france-utiles-ou-nuisibles\/#breadcrumb","itemListElement":[{"@type":"ListItem","position":1,"name":"Accueil","item":"http:\/\/lechappeeclose.it\/it\/"},{"@type":"ListItem","position":2,"name":"Boutique","item":"http:\/\/lechappeeclose.it\/it\/boutique\/"},{"@type":"ListItem","position":3,"name":"Atlas de poche des insectes de France utiles ou nuisibles"}]},{"@type":"WebSite","@id":"http:\/\/lechappeeclose.it\/it\/#website","url":"http:\/\/lechappeeclose.it\/it\/","name":"l&#039;\u00e9chapp\u00e9e close","description":"La libreria francese di Milano","publisher":{"@id":"http:\/\/lechappeeclose.it\/it\/#organization"},"alternateName":"La librairie fran\u00e7aise de Milan","potentialAction":[{"@type":"SearchAction","target":{"@type":"EntryPoint","urlTemplate":"http:\/\/lechappeeclose.it\/it\/?s={search_term_string}"},"query-input":{"@type":"PropertyValueSpecification","valueRequired":true,"valueName":"search_term_string"}}],"inLanguage":"it-IT"},{"@type":"Organization","@id":"http:\/\/lechappeeclose.it\/it\/#organization","name":"l&#039;\u00e9chapp\u00e9e close","url":"http:\/\/lechappeeclose.it\/it\/","logo":{"@type":"ImageObject","inLanguage":"it-IT","@id":"http:\/\/lechappeeclose.it\/it\/#\/schema\/logo\/image\/","url":"https:\/\/lechappeeclose.it\/wp-content\/uploads\/2025\/02\/cropped-logo-rond.png","contentUrl":"https:\/\/lechappeeclose.it\/wp-content\/uploads\/2025\/02\/cropped-logo-rond.png","width":1080,"height":1080,"caption":"l&#039;\u00e9chapp\u00e9e close"},"image":{"@id":"http:\/\/lechappeeclose.it\/it\/#\/schema\/logo\/image\/"},"sameAs":["https:\/\/www.instagram.com\/lechappeeclose\/"]}]}},"_links":{"self":[{"href":"https:\/\/lechappeeclose.it\/it\/wp-json\/wp\/v2\/product\/9224","targetHints":{"allow":["GET"]}}],"collection":[{"href":"https:\/\/lechappeeclose.it\/it\/wp-json\/wp\/v2\/product"}],"about":[{"href":"https:\/\/lechappeeclose.it\/it\/wp-json\/wp\/v2\/types\/product"}],"replies":[{"embeddable":true,"href":"https:\/\/lechappeeclose.it\/it\/wp-json\/wp\/v2\/comments?post=9224"}],"wp:featuredmedia":[{"embeddable":true,"href":"https:\/\/lechappeeclose.it\/it\/wp-json\/wp\/v2\/media\/9223"}],"wp:attachment":[{"href":"https:\/\/lechappeeclose.it\/it\/wp-json\/wp\/v2\/media?parent=9224"}],"wp:term":[{"taxonomy":"product_brand","embeddable":true,"href":"https:\/\/lechappeeclose.it\/it\/wp-json\/wp\/v2\/product_brand?post=9224"},{"taxonomy":"product_cat","embeddable":true,"href":"https:\/\/lechappeeclose.it\/it\/wp-json\/wp\/v2\/product_cat?post=9224"},{"taxonomy":"product_tag","embeddable":true,"href":"https:\/\/lechappeeclose.it\/it\/wp-json\/wp\/v2\/product_tag?post=9224"}],"curies":[{"name":"wp","href":"https:\/\/api.w.org\/{rel}","templated":true}]}}