{"id":5402,"date":"2025-02-05T12:49:39","date_gmt":"2025-02-05T11:49:39","guid":{"rendered":"https:\/\/lechappeeclose.it\/produit\/le-pain-rassis-dix-facons-de-le-preparer\/"},"modified":"2026-02-04T17:12:13","modified_gmt":"2026-02-04T16:12:13","slug":"le-pain-rassis-dix-facons-de-le-preparer","status":"publish","type":"product","link":"https:\/\/lechappeeclose.it\/it\/boutique\/livres\/arts\/art-culinaire\/le-pain-rassis-dix-facons-de-le-preparer\/","title":{"rendered":"Le Pain rassis, dix fa\u00e7ons de le pr\u00e9parer"},"content":{"rendered":"<p>Et si, pour que le pain retrouve sa dignit\u00e9, il nous fallait savoir le perdre en red\u00e9couvrant le pain perdu??Ingr\u00e9dient de base de la\u00a0cucina povera\u00a0\u2013 litt\u00e9ralement cuisine pauvre \u2013, le pain rassis nous a nourris pendant des g\u00e9n\u00e9rations avant de dispara\u00eetre de nos tables il y a un si\u00e8cle, par snobisme bien s\u00fbr, mais aussi parce que le pain d\u2019aujourd\u2019hui est, comme la soci\u00e9t\u00e9 qui l\u2019engendre, incapable de vieillir. Prenez une baguette blanche une semaine apr\u00e8s sa fabrication : sa consistance s\u2019apparentera \u00e0 celle du caoutchouc.<\/p>","protected":false},"excerpt":{"rendered":"<p>Et si, pour que le pain retrouve sa dignit\u00e9, il nous fallait savoir le perdre en red\u00e9couvrant le pain perdu??Ingr\u00e9dient de base de la\u00a0cucina povera\u00a0\u2013 litt\u00e9ralement cuisine pauvre \u2013, le pain rassis nous a nourris pendant des g\u00e9n\u00e9rations avant de dispara\u00eetre de nos tables il y a un si\u00e8cle, par snobisme bien s\u00fbr, mais aussi [&hellip;]<\/p>","protected":false},"featured_media":5401,"comment_status":"open","ping_status":"closed","template":"","meta":[],"product_brand":[],"product_cat":[44],"product_tag":[],"class_list":{"0":"post-5402","1":"product","2":"type-product","3":"status-publish","4":"has-post-thumbnail","6":"product_cat-art-culinaire","8":"first","9":"instock","10":"taxable","11":"shipping-taxable","12":"purchasable","13":"product-type-simple"},"yoast_head":"<!-- This site is optimized with the Yoast SEO plugin v27.5 - https:\/\/yoast.com\/product\/yoast-seo-wordpress\/ -->\n<title>Le Pain rassis, dix fa\u00e7ons de le pr\u00e9parer - l&#039;\u00e9chapp\u00e9e close<\/title>\n<meta name=\"robots\" content=\"index, follow, max-snippet:-1, max-image-preview:large, max-video-preview:-1\" \/>\n<link rel=\"canonical\" href=\"https:\/\/lechappeeclose.it\/it\/boutique\/livres\/arts\/art-culinaire\/le-pain-rassis-dix-facons-de-le-preparer\/\" \/>\n<meta property=\"og:locale\" content=\"it_IT\" \/>\n<meta property=\"og:type\" content=\"article\" \/>\n<meta property=\"og:title\" content=\"Le Pain rassis, dix fa\u00e7ons de le pr\u00e9parer - l&#039;\u00e9chapp\u00e9e close\" \/>\n<meta property=\"og:description\" content=\"Et si, pour que le pain retrouve sa dignit\u00e9, il nous fallait savoir le perdre en red\u00e9couvrant le pain perdu??Ingr\u00e9dient de base de la\u00a0cucina povera\u00a0\u2013 litt\u00e9ralement cuisine pauvre \u2013, le pain rassis nous a nourris pendant des g\u00e9n\u00e9rations avant de dispara\u00eetre de nos tables il y a un si\u00e8cle, par snobisme bien s\u00fbr, mais aussi [&hellip;]\" \/>\n<meta property=\"og:url\" content=\"https:\/\/lechappeeclose.it\/it\/boutique\/livres\/arts\/art-culinaire\/le-pain-rassis-dix-facons-de-le-preparer\/\" \/>\n<meta property=\"og:site_name\" content=\"l&#039;\u00e9chapp\u00e9e close\" \/>\n<meta property=\"article:modified_time\" content=\"2026-02-04T16:12:13+00:00\" \/>\n<meta property=\"og:image\" content=\"https:\/\/lechappeeclose.it\/wp-content\/uploads\/2025\/02\/Le-Pain-rassis-dix-facons-de-le-preparer.jpg\" \/>\n\t<meta property=\"og:image:width\" content=\"284\" \/>\n\t<meta property=\"og:image:height\" content=\"500\" \/>\n\t<meta property=\"og:image:type\" content=\"image\/jpeg\" \/>\n<meta name=\"twitter:card\" content=\"summary_large_image\" \/>\n<script type=\"application\/ld+json\" class=\"yoast-schema-graph\">{\"@context\":\"https:\\\/\\\/schema.org\",\"@graph\":[{\"@type\":\"WebPage\",\"@id\":\"https:\\\/\\\/lechappeeclose.it\\\/it\\\/boutique\\\/livres\\\/arts\\\/art-culinaire\\\/le-pain-rassis-dix-facons-de-le-preparer\\\/\",\"url\":\"https:\\\/\\\/lechappeeclose.it\\\/it\\\/boutique\\\/livres\\\/arts\\\/art-culinaire\\\/le-pain-rassis-dix-facons-de-le-preparer\\\/\",\"name\":\"Le Pain rassis, dix fa\u00e7ons de le pr\u00e9parer - l&#039;\u00e9chapp\u00e9e close\",\"isPartOf\":{\"@id\":\"http:\\\/\\\/lechappeeclose.it\\\/it\\\/#website\"},\"primaryImageOfPage\":{\"@id\":\"https:\\\/\\\/lechappeeclose.it\\\/it\\\/boutique\\\/livres\\\/arts\\\/art-culinaire\\\/le-pain-rassis-dix-facons-de-le-preparer\\\/#primaryimage\"},\"image\":{\"@id\":\"https:\\\/\\\/lechappeeclose.it\\\/it\\\/boutique\\\/livres\\\/arts\\\/art-culinaire\\\/le-pain-rassis-dix-facons-de-le-preparer\\\/#primaryimage\"},\"thumbnailUrl\":\"https:\\\/\\\/lechappeeclose.it\\\/wp-content\\\/uploads\\\/2025\\\/02\\\/Le-Pain-rassis-dix-facons-de-le-preparer.jpg\",\"datePublished\":\"2025-02-05T11:49:39+00:00\",\"dateModified\":\"2026-02-04T16:12:13+00:00\",\"breadcrumb\":{\"@id\":\"https:\\\/\\\/lechappeeclose.it\\\/it\\\/boutique\\\/livres\\\/arts\\\/art-culinaire\\\/le-pain-rassis-dix-facons-de-le-preparer\\\/#breadcrumb\"},\"inLanguage\":\"it-IT\",\"potentialAction\":[{\"@type\":\"ReadAction\",\"target\":[\"https:\\\/\\\/lechappeeclose.it\\\/it\\\/boutique\\\/livres\\\/arts\\\/art-culinaire\\\/le-pain-rassis-dix-facons-de-le-preparer\\\/\"]}]},{\"@type\":\"ImageObject\",\"inLanguage\":\"it-IT\",\"@id\":\"https:\\\/\\\/lechappeeclose.it\\\/it\\\/boutique\\\/livres\\\/arts\\\/art-culinaire\\\/le-pain-rassis-dix-facons-de-le-preparer\\\/#primaryimage\",\"url\":\"https:\\\/\\\/lechappeeclose.it\\\/wp-content\\\/uploads\\\/2025\\\/02\\\/Le-Pain-rassis-dix-facons-de-le-preparer.jpg\",\"contentUrl\":\"https:\\\/\\\/lechappeeclose.it\\\/wp-content\\\/uploads\\\/2025\\\/02\\\/Le-Pain-rassis-dix-facons-de-le-preparer.jpg\",\"width\":284,\"height\":500},{\"@type\":\"BreadcrumbList\",\"@id\":\"https:\\\/\\\/lechappeeclose.it\\\/it\\\/boutique\\\/livres\\\/arts\\\/art-culinaire\\\/le-pain-rassis-dix-facons-de-le-preparer\\\/#breadcrumb\",\"itemListElement\":[{\"@type\":\"ListItem\",\"position\":1,\"name\":\"Accueil\",\"item\":\"http:\\\/\\\/lechappeeclose.it\\\/it\\\/\"},{\"@type\":\"ListItem\",\"position\":2,\"name\":\"Boutique\",\"item\":\"http:\\\/\\\/lechappeeclose.it\\\/it\\\/boutique\\\/\"},{\"@type\":\"ListItem\",\"position\":3,\"name\":\"Le Pain rassis, dix fa\u00e7ons de le pr\u00e9parer\"}]},{\"@type\":\"WebSite\",\"@id\":\"http:\\\/\\\/lechappeeclose.it\\\/it\\\/#website\",\"url\":\"http:\\\/\\\/lechappeeclose.it\\\/it\\\/\",\"name\":\"l&#039;\u00e9chapp\u00e9e close\",\"description\":\"la librairie fran\u00e7aise de Milan\",\"publisher\":{\"@id\":\"http:\\\/\\\/lechappeeclose.it\\\/it\\\/#organization\"},\"alternateName\":\"La librairie fran\u00e7aise de Milan\",\"potentialAction\":[{\"@type\":\"SearchAction\",\"target\":{\"@type\":\"EntryPoint\",\"urlTemplate\":\"http:\\\/\\\/lechappeeclose.it\\\/it\\\/?s={search_term_string}\"},\"query-input\":{\"@type\":\"PropertyValueSpecification\",\"valueRequired\":true,\"valueName\":\"search_term_string\"}}],\"inLanguage\":\"it-IT\"},{\"@type\":\"Organization\",\"@id\":\"http:\\\/\\\/lechappeeclose.it\\\/it\\\/#organization\",\"name\":\"l&#039;\u00e9chapp\u00e9e close\",\"url\":\"http:\\\/\\\/lechappeeclose.it\\\/it\\\/\",\"logo\":{\"@type\":\"ImageObject\",\"inLanguage\":\"it-IT\",\"@id\":\"http:\\\/\\\/lechappeeclose.it\\\/it\\\/#\\\/schema\\\/logo\\\/image\\\/\",\"url\":\"https:\\\/\\\/lechappeeclose.it\\\/wp-content\\\/uploads\\\/2025\\\/02\\\/cropped-logo-rond.png\",\"contentUrl\":\"https:\\\/\\\/lechappeeclose.it\\\/wp-content\\\/uploads\\\/2025\\\/02\\\/cropped-logo-rond.png\",\"width\":1080,\"height\":1080,\"caption\":\"l&#039;\u00e9chapp\u00e9e close\"},\"image\":{\"@id\":\"http:\\\/\\\/lechappeeclose.it\\\/it\\\/#\\\/schema\\\/logo\\\/image\\\/\"},\"sameAs\":[\"https:\\\/\\\/www.instagram.com\\\/lechappeeclose\\\/\"]}]}<\/script>\n<!-- \/ Yoast SEO plugin. -->","yoast_head_json":{"title":"Le Pain rassis, dix fa\u00e7ons de le pr\u00e9parer - l&#039;\u00e9chapp\u00e9e close","robots":{"index":"index","follow":"follow","max-snippet":"max-snippet:-1","max-image-preview":"max-image-preview:large","max-video-preview":"max-video-preview:-1"},"canonical":"https:\/\/lechappeeclose.it\/it\/boutique\/livres\/arts\/art-culinaire\/le-pain-rassis-dix-facons-de-le-preparer\/","og_locale":"it_IT","og_type":"article","og_title":"Le Pain rassis, dix fa\u00e7ons de le pr\u00e9parer - l&#039;\u00e9chapp\u00e9e close","og_description":"Et si, pour que le pain retrouve sa dignit\u00e9, il nous fallait savoir le perdre en red\u00e9couvrant le pain perdu??Ingr\u00e9dient de base de la\u00a0cucina povera\u00a0\u2013 litt\u00e9ralement cuisine pauvre \u2013, le pain rassis nous a nourris pendant des g\u00e9n\u00e9rations avant de dispara\u00eetre de nos tables il y a un si\u00e8cle, par snobisme bien s\u00fbr, mais aussi [&hellip;]","og_url":"https:\/\/lechappeeclose.it\/it\/boutique\/livres\/arts\/art-culinaire\/le-pain-rassis-dix-facons-de-le-preparer\/","og_site_name":"l&#039;\u00e9chapp\u00e9e close","article_modified_time":"2026-02-04T16:12:13+00:00","og_image":[{"width":284,"height":500,"url":"https:\/\/lechappeeclose.it\/wp-content\/uploads\/2025\/02\/Le-Pain-rassis-dix-facons-de-le-preparer.jpg","type":"image\/jpeg"}],"twitter_card":"summary_large_image","schema":{"@context":"https:\/\/schema.org","@graph":[{"@type":"WebPage","@id":"https:\/\/lechappeeclose.it\/it\/boutique\/livres\/arts\/art-culinaire\/le-pain-rassis-dix-facons-de-le-preparer\/","url":"https:\/\/lechappeeclose.it\/it\/boutique\/livres\/arts\/art-culinaire\/le-pain-rassis-dix-facons-de-le-preparer\/","name":"Le Pain rassis, dix fa\u00e7ons de le pr\u00e9parer - l&#039;\u00e9chapp\u00e9e close","isPartOf":{"@id":"http:\/\/lechappeeclose.it\/it\/#website"},"primaryImageOfPage":{"@id":"https:\/\/lechappeeclose.it\/it\/boutique\/livres\/arts\/art-culinaire\/le-pain-rassis-dix-facons-de-le-preparer\/#primaryimage"},"image":{"@id":"https:\/\/lechappeeclose.it\/it\/boutique\/livres\/arts\/art-culinaire\/le-pain-rassis-dix-facons-de-le-preparer\/#primaryimage"},"thumbnailUrl":"https:\/\/lechappeeclose.it\/wp-content\/uploads\/2025\/02\/Le-Pain-rassis-dix-facons-de-le-preparer.jpg","datePublished":"2025-02-05T11:49:39+00:00","dateModified":"2026-02-04T16:12:13+00:00","breadcrumb":{"@id":"https:\/\/lechappeeclose.it\/it\/boutique\/livres\/arts\/art-culinaire\/le-pain-rassis-dix-facons-de-le-preparer\/#breadcrumb"},"inLanguage":"it-IT","potentialAction":[{"@type":"ReadAction","target":["https:\/\/lechappeeclose.it\/it\/boutique\/livres\/arts\/art-culinaire\/le-pain-rassis-dix-facons-de-le-preparer\/"]}]},{"@type":"ImageObject","inLanguage":"it-IT","@id":"https:\/\/lechappeeclose.it\/it\/boutique\/livres\/arts\/art-culinaire\/le-pain-rassis-dix-facons-de-le-preparer\/#primaryimage","url":"https:\/\/lechappeeclose.it\/wp-content\/uploads\/2025\/02\/Le-Pain-rassis-dix-facons-de-le-preparer.jpg","contentUrl":"https:\/\/lechappeeclose.it\/wp-content\/uploads\/2025\/02\/Le-Pain-rassis-dix-facons-de-le-preparer.jpg","width":284,"height":500},{"@type":"BreadcrumbList","@id":"https:\/\/lechappeeclose.it\/it\/boutique\/livres\/arts\/art-culinaire\/le-pain-rassis-dix-facons-de-le-preparer\/#breadcrumb","itemListElement":[{"@type":"ListItem","position":1,"name":"Accueil","item":"http:\/\/lechappeeclose.it\/it\/"},{"@type":"ListItem","position":2,"name":"Boutique","item":"http:\/\/lechappeeclose.it\/it\/boutique\/"},{"@type":"ListItem","position":3,"name":"Le Pain rassis, dix fa\u00e7ons de le pr\u00e9parer"}]},{"@type":"WebSite","@id":"http:\/\/lechappeeclose.it\/it\/#website","url":"http:\/\/lechappeeclose.it\/it\/","name":"l&#039;\u00e9chapp\u00e9e close","description":"La libreria francese di Milano","publisher":{"@id":"http:\/\/lechappeeclose.it\/it\/#organization"},"alternateName":"La librairie fran\u00e7aise de Milan","potentialAction":[{"@type":"SearchAction","target":{"@type":"EntryPoint","urlTemplate":"http:\/\/lechappeeclose.it\/it\/?s={search_term_string}"},"query-input":{"@type":"PropertyValueSpecification","valueRequired":true,"valueName":"search_term_string"}}],"inLanguage":"it-IT"},{"@type":"Organization","@id":"http:\/\/lechappeeclose.it\/it\/#organization","name":"l&#039;\u00e9chapp\u00e9e close","url":"http:\/\/lechappeeclose.it\/it\/","logo":{"@type":"ImageObject","inLanguage":"it-IT","@id":"http:\/\/lechappeeclose.it\/it\/#\/schema\/logo\/image\/","url":"https:\/\/lechappeeclose.it\/wp-content\/uploads\/2025\/02\/cropped-logo-rond.png","contentUrl":"https:\/\/lechappeeclose.it\/wp-content\/uploads\/2025\/02\/cropped-logo-rond.png","width":1080,"height":1080,"caption":"l&#039;\u00e9chapp\u00e9e close"},"image":{"@id":"http:\/\/lechappeeclose.it\/it\/#\/schema\/logo\/image\/"},"sameAs":["https:\/\/www.instagram.com\/lechappeeclose\/"]}]}},"_links":{"self":[{"href":"https:\/\/lechappeeclose.it\/it\/wp-json\/wp\/v2\/product\/5402","targetHints":{"allow":["GET"]}}],"collection":[{"href":"https:\/\/lechappeeclose.it\/it\/wp-json\/wp\/v2\/product"}],"about":[{"href":"https:\/\/lechappeeclose.it\/it\/wp-json\/wp\/v2\/types\/product"}],"replies":[{"embeddable":true,"href":"https:\/\/lechappeeclose.it\/it\/wp-json\/wp\/v2\/comments?post=5402"}],"wp:featuredmedia":[{"embeddable":true,"href":"https:\/\/lechappeeclose.it\/it\/wp-json\/wp\/v2\/media\/5401"}],"wp:attachment":[{"href":"https:\/\/lechappeeclose.it\/it\/wp-json\/wp\/v2\/media?parent=5402"}],"wp:term":[{"taxonomy":"product_brand","embeddable":true,"href":"https:\/\/lechappeeclose.it\/it\/wp-json\/wp\/v2\/product_brand?post=5402"},{"taxonomy":"product_cat","embeddable":true,"href":"https:\/\/lechappeeclose.it\/it\/wp-json\/wp\/v2\/product_cat?post=5402"},{"taxonomy":"product_tag","embeddable":true,"href":"https:\/\/lechappeeclose.it\/it\/wp-json\/wp\/v2\/product_tag?post=5402"}],"curies":[{"name":"wp","href":"https:\/\/api.w.org\/{rel}","templated":true}]}}