{"id":5338,"date":"2025-02-05T12:33:14","date_gmt":"2025-02-05T11:33:14","guid":{"rendered":"https:\/\/lechappeeclose.it\/produit\/lile-du-point-nemo\/"},"modified":"2025-02-05T12:33:14","modified_gmt":"2025-02-05T11:33:14","slug":"lile-du-point-nemo","status":"publish","type":"product","link":"https:\/\/lechappeeclose.it\/it\/boutique\/livres\/litterature\/romans\/lile-du-point-nemo\/","title":{"rendered":"L&#8217;\u00eele du Point N\u00e9mo"},"content":{"rendered":"<p>Roman d\u2019aventures total, tourbillonnaire, conqu\u00e9rant, v\u00e9ritable machinerie de l\u2019imaginaire o\u00f9 s\u2019entrecroisent et se percutent tous les codes romanesques, la litt\u00e9rature populaire, entre pass\u00e9 historique et projection dans le futur, nos hantises programm\u00e9es et nos r\u00eaves d\u2019\u00e9chapp\u00e9es irr\u00e9pressibles.Martial Canterel, richissime opiomane, se laisse interrompre dans sa reconstitution de la fameuse bataille de Gaugam\u00e8les par son vieil ami Holmes (John Shylock\u2026). Un fabuleux diamant, l\u2019Anank\u00e8, a \u00e9t\u00e9 d\u00e9rob\u00e9 \u00e0 Lady MacRae, tandis que trois pieds droits chauss\u00e9s de baskets de marque Anank\u00e8 \u00e9chouaient sur les c\u00f4tes \u00e9cossaises, tout pr\u00e8s de son ch\u00e2teau\u2026 Voil\u00e0 donc Holmes, son majordome et l\u2019aristocratique dandy, bient\u00f4t flanqu\u00e9s de Lady MacRae et de sa fille Verity, emport\u00e9s \u2013 pour commencer \u2013 dans le Transsib\u00e9rien \u00e0 la poursuite de l\u2019insaisissable Enjambeur N\u00f4.Par une mise en abyme jubilatoire, cette intrigue rebondissante vient s\u2019inscrire dans les al\u00e9as d\u2019une fabrique de cigares du P\u00e9rigord noir o\u00f9, comme aux Cara\u00efbes, se perp\u00e9tue la tradition de la lecture, \u00e0 voix haute, des aventures de Jean Valjean ou de Monte-Cristo. Bient\u00f4t reprise par Monsieur Wang, voyeur high-tech, et fondateur de B@bil Books, une usine de montage de liseuses \u00e9lectroniques\u2026<\/p>","protected":false},"excerpt":{"rendered":"<p>Roman d\u2019aventures total, tourbillonnaire, conqu\u00e9rant, v\u00e9ritable machinerie de l\u2019imaginaire o\u00f9 s\u2019entrecroisent et se percutent tous les codes romanesques, la litt\u00e9rature populaire, entre pass\u00e9 historique et projection dans le futur, nos hantises programm\u00e9es et nos r\u00eaves d\u2019\u00e9chapp\u00e9es irr\u00e9pressibles.Martial Canterel, richissime opiomane, se laisse interrompre dans sa reconstitution de la fameuse bataille de Gaugam\u00e8les par son vieil [&hellip;]<\/p>","protected":false},"featured_media":5337,"comment_status":"open","ping_status":"closed","template":"","meta":[],"product_brand":[],"product_cat":[46],"product_tag":[],"class_list":{"0":"post-5338","1":"product","2":"type-product","3":"status-publish","4":"has-post-thumbnail","6":"product_cat-romans","8":"first","9":"instock","10":"taxable","11":"shipping-taxable","12":"purchasable","13":"product-type-simple"},"yoast_head":"<!-- This site is optimized with the Yoast SEO plugin v27.4 - https:\/\/yoast.com\/product\/yoast-seo-wordpress\/ -->\n<title>L&#039;\u00eele du Point N\u00e9mo - l&#039;\u00e9chapp\u00e9e close<\/title>\n<meta name=\"robots\" content=\"index, follow, max-snippet:-1, max-image-preview:large, max-video-preview:-1\" \/>\n<link rel=\"canonical\" href=\"http:\/\/lechappeeclose.it\/it\/boutique\/livres\/litterature\/romans\/lile-du-point-nemo\/\" \/>\n<meta property=\"og:locale\" content=\"it_IT\" \/>\n<meta property=\"og:type\" content=\"article\" \/>\n<meta property=\"og:title\" content=\"L&#039;\u00eele du Point N\u00e9mo - l&#039;\u00e9chapp\u00e9e close\" \/>\n<meta property=\"og:description\" content=\"Roman d\u2019aventures total, tourbillonnaire, conqu\u00e9rant, v\u00e9ritable machinerie de l\u2019imaginaire o\u00f9 s\u2019entrecroisent et se percutent tous les codes romanesques, la litt\u00e9rature populaire, entre pass\u00e9 historique et projection dans le futur, nos hantises programm\u00e9es et nos r\u00eaves d\u2019\u00e9chapp\u00e9es irr\u00e9pressibles.Martial Canterel, richissime opiomane, se laisse interrompre dans sa reconstitution de la fameuse bataille de Gaugam\u00e8les par son vieil [&hellip;]\" \/>\n<meta property=\"og:url\" content=\"http:\/\/lechappeeclose.it\/it\/boutique\/livres\/litterature\/romans\/lile-du-point-nemo\/\" \/>\n<meta property=\"og:site_name\" content=\"l&#039;\u00e9chapp\u00e9e close\" \/>\n<meta property=\"og:image\" content=\"http:\/\/lechappeeclose.it\/wp-content\/uploads\/2025\/02\/Lile-du-Point-Nemo.jpg\" \/>\n\t<meta property=\"og:image:width\" content=\"1000\" \/>\n\t<meta property=\"og:image:height\" content=\"1648\" \/>\n\t<meta property=\"og:image:type\" content=\"image\/jpeg\" \/>\n<meta name=\"twitter:card\" content=\"summary_large_image\" \/>\n<meta name=\"twitter:label1\" content=\"Tempo di lettura stimato\" \/>\n\t<meta name=\"twitter:data1\" content=\"1 minuto\" \/>\n<script type=\"application\/ld+json\" class=\"yoast-schema-graph\">{\"@context\":\"https:\\\/\\\/schema.org\",\"@graph\":[{\"@type\":\"WebPage\",\"@id\":\"http:\\\/\\\/lechappeeclose.it\\\/boutique\\\/livres\\\/litterature\\\/romans\\\/lile-du-point-nemo\\\/\",\"url\":\"http:\\\/\\\/lechappeeclose.it\\\/boutique\\\/livres\\\/litterature\\\/romans\\\/lile-du-point-nemo\\\/\",\"name\":\"L'\u00eele du Point N\u00e9mo - l&#039;\u00e9chapp\u00e9e close\",\"isPartOf\":{\"@id\":\"http:\\\/\\\/lechappeeclose.it\\\/#website\"},\"primaryImageOfPage\":{\"@id\":\"http:\\\/\\\/lechappeeclose.it\\\/boutique\\\/livres\\\/litterature\\\/romans\\\/lile-du-point-nemo\\\/#primaryimage\"},\"image\":{\"@id\":\"http:\\\/\\\/lechappeeclose.it\\\/boutique\\\/livres\\\/litterature\\\/romans\\\/lile-du-point-nemo\\\/#primaryimage\"},\"thumbnailUrl\":\"https:\\\/\\\/lechappeeclose.it\\\/wp-content\\\/uploads\\\/2025\\\/02\\\/Lile-du-Point-Nemo.jpg\",\"datePublished\":\"2025-02-05T11:33:14+00:00\",\"breadcrumb\":{\"@id\":\"http:\\\/\\\/lechappeeclose.it\\\/boutique\\\/livres\\\/litterature\\\/romans\\\/lile-du-point-nemo\\\/#breadcrumb\"},\"inLanguage\":\"it-IT\",\"potentialAction\":[{\"@type\":\"ReadAction\",\"target\":[\"http:\\\/\\\/lechappeeclose.it\\\/boutique\\\/livres\\\/litterature\\\/romans\\\/lile-du-point-nemo\\\/\"]}]},{\"@type\":\"ImageObject\",\"inLanguage\":\"it-IT\",\"@id\":\"http:\\\/\\\/lechappeeclose.it\\\/boutique\\\/livres\\\/litterature\\\/romans\\\/lile-du-point-nemo\\\/#primaryimage\",\"url\":\"https:\\\/\\\/lechappeeclose.it\\\/wp-content\\\/uploads\\\/2025\\\/02\\\/Lile-du-Point-Nemo.jpg\",\"contentUrl\":\"https:\\\/\\\/lechappeeclose.it\\\/wp-content\\\/uploads\\\/2025\\\/02\\\/Lile-du-Point-Nemo.jpg\",\"width\":1000,\"height\":1648},{\"@type\":\"BreadcrumbList\",\"@id\":\"http:\\\/\\\/lechappeeclose.it\\\/boutique\\\/livres\\\/litterature\\\/romans\\\/lile-du-point-nemo\\\/#breadcrumb\",\"itemListElement\":[{\"@type\":\"ListItem\",\"position\":1,\"name\":\"Accueil\",\"item\":\"http:\\\/\\\/lechappeeclose.it\\\/\"},{\"@type\":\"ListItem\",\"position\":2,\"name\":\"Boutique\",\"item\":\"http:\\\/\\\/lechappeeclose.it\\\/it\\\/boutique\\\/\"},{\"@type\":\"ListItem\",\"position\":3,\"name\":\"L&#8217;\u00eele du Point N\u00e9mo\"}]},{\"@type\":\"WebSite\",\"@id\":\"http:\\\/\\\/lechappeeclose.it\\\/#website\",\"url\":\"http:\\\/\\\/lechappeeclose.it\\\/\",\"name\":\"l&#039;\u00e9chapp\u00e9e close\",\"description\":\"la librairie fran\u00e7aise de Milan\",\"publisher\":{\"@id\":\"http:\\\/\\\/lechappeeclose.it\\\/#organization\"},\"alternateName\":\"La librairie fran\u00e7aise de Milan\",\"potentialAction\":[{\"@type\":\"SearchAction\",\"target\":{\"@type\":\"EntryPoint\",\"urlTemplate\":\"http:\\\/\\\/lechappeeclose.it\\\/?s={search_term_string}\"},\"query-input\":{\"@type\":\"PropertyValueSpecification\",\"valueRequired\":true,\"valueName\":\"search_term_string\"}}],\"inLanguage\":\"it-IT\"},{\"@type\":\"Organization\",\"@id\":\"http:\\\/\\\/lechappeeclose.it\\\/#organization\",\"name\":\"l&#039;\u00e9chapp\u00e9e close\",\"url\":\"http:\\\/\\\/lechappeeclose.it\\\/\",\"logo\":{\"@type\":\"ImageObject\",\"inLanguage\":\"it-IT\",\"@id\":\"http:\\\/\\\/lechappeeclose.it\\\/#\\\/schema\\\/logo\\\/image\\\/\",\"url\":\"https:\\\/\\\/lechappeeclose.it\\\/wp-content\\\/uploads\\\/2025\\\/02\\\/cropped-logo-rond.png\",\"contentUrl\":\"https:\\\/\\\/lechappeeclose.it\\\/wp-content\\\/uploads\\\/2025\\\/02\\\/cropped-logo-rond.png\",\"width\":1080,\"height\":1080,\"caption\":\"l&#039;\u00e9chapp\u00e9e close\"},\"image\":{\"@id\":\"http:\\\/\\\/lechappeeclose.it\\\/#\\\/schema\\\/logo\\\/image\\\/\"},\"sameAs\":[\"https:\\\/\\\/www.instagram.com\\\/lechappeeclose\\\/\"]}]}<\/script>\n<!-- \/ Yoast SEO plugin. -->","yoast_head_json":{"title":"L'\u00eele du Point N\u00e9mo - l&#039;\u00e9chapp\u00e9e close","robots":{"index":"index","follow":"follow","max-snippet":"max-snippet:-1","max-image-preview":"max-image-preview:large","max-video-preview":"max-video-preview:-1"},"canonical":"http:\/\/lechappeeclose.it\/it\/boutique\/livres\/litterature\/romans\/lile-du-point-nemo\/","og_locale":"it_IT","og_type":"article","og_title":"L'\u00eele du Point N\u00e9mo - l&#039;\u00e9chapp\u00e9e close","og_description":"Roman d\u2019aventures total, tourbillonnaire, conqu\u00e9rant, v\u00e9ritable machinerie de l\u2019imaginaire o\u00f9 s\u2019entrecroisent et se percutent tous les codes romanesques, la litt\u00e9rature populaire, entre pass\u00e9 historique et projection dans le futur, nos hantises programm\u00e9es et nos r\u00eaves d\u2019\u00e9chapp\u00e9es irr\u00e9pressibles.Martial Canterel, richissime opiomane, se laisse interrompre dans sa reconstitution de la fameuse bataille de Gaugam\u00e8les par son vieil [&hellip;]","og_url":"http:\/\/lechappeeclose.it\/it\/boutique\/livres\/litterature\/romans\/lile-du-point-nemo\/","og_site_name":"l&#039;\u00e9chapp\u00e9e close","og_image":[{"width":1000,"height":1648,"url":"http:\/\/lechappeeclose.it\/wp-content\/uploads\/2025\/02\/Lile-du-Point-Nemo.jpg","type":"image\/jpeg"}],"twitter_card":"summary_large_image","twitter_misc":{"Tempo di lettura stimato":"1 minuto"},"schema":{"@context":"https:\/\/schema.org","@graph":[{"@type":"WebPage","@id":"http:\/\/lechappeeclose.it\/boutique\/livres\/litterature\/romans\/lile-du-point-nemo\/","url":"http:\/\/lechappeeclose.it\/boutique\/livres\/litterature\/romans\/lile-du-point-nemo\/","name":"L'\u00eele du Point N\u00e9mo - l&#039;\u00e9chapp\u00e9e close","isPartOf":{"@id":"http:\/\/lechappeeclose.it\/#website"},"primaryImageOfPage":{"@id":"http:\/\/lechappeeclose.it\/boutique\/livres\/litterature\/romans\/lile-du-point-nemo\/#primaryimage"},"image":{"@id":"http:\/\/lechappeeclose.it\/boutique\/livres\/litterature\/romans\/lile-du-point-nemo\/#primaryimage"},"thumbnailUrl":"https:\/\/lechappeeclose.it\/wp-content\/uploads\/2025\/02\/Lile-du-Point-Nemo.jpg","datePublished":"2025-02-05T11:33:14+00:00","breadcrumb":{"@id":"http:\/\/lechappeeclose.it\/boutique\/livres\/litterature\/romans\/lile-du-point-nemo\/#breadcrumb"},"inLanguage":"it-IT","potentialAction":[{"@type":"ReadAction","target":["http:\/\/lechappeeclose.it\/boutique\/livres\/litterature\/romans\/lile-du-point-nemo\/"]}]},{"@type":"ImageObject","inLanguage":"it-IT","@id":"http:\/\/lechappeeclose.it\/boutique\/livres\/litterature\/romans\/lile-du-point-nemo\/#primaryimage","url":"https:\/\/lechappeeclose.it\/wp-content\/uploads\/2025\/02\/Lile-du-Point-Nemo.jpg","contentUrl":"https:\/\/lechappeeclose.it\/wp-content\/uploads\/2025\/02\/Lile-du-Point-Nemo.jpg","width":1000,"height":1648},{"@type":"BreadcrumbList","@id":"http:\/\/lechappeeclose.it\/boutique\/livres\/litterature\/romans\/lile-du-point-nemo\/#breadcrumb","itemListElement":[{"@type":"ListItem","position":1,"name":"Accueil","item":"http:\/\/lechappeeclose.it\/"},{"@type":"ListItem","position":2,"name":"Boutique","item":"http:\/\/lechappeeclose.it\/it\/boutique\/"},{"@type":"ListItem","position":3,"name":"L&#8217;\u00eele du Point N\u00e9mo"}]},{"@type":"WebSite","@id":"http:\/\/lechappeeclose.it\/#website","url":"http:\/\/lechappeeclose.it\/","name":"l&#039;\u00e9chapp\u00e9e close","description":"La libreria francese di Milano","publisher":{"@id":"http:\/\/lechappeeclose.it\/#organization"},"alternateName":"La librairie fran\u00e7aise de Milan","potentialAction":[{"@type":"SearchAction","target":{"@type":"EntryPoint","urlTemplate":"http:\/\/lechappeeclose.it\/?s={search_term_string}"},"query-input":{"@type":"PropertyValueSpecification","valueRequired":true,"valueName":"search_term_string"}}],"inLanguage":"it-IT"},{"@type":"Organization","@id":"http:\/\/lechappeeclose.it\/#organization","name":"l&#039;\u00e9chapp\u00e9e close","url":"http:\/\/lechappeeclose.it\/","logo":{"@type":"ImageObject","inLanguage":"it-IT","@id":"http:\/\/lechappeeclose.it\/#\/schema\/logo\/image\/","url":"https:\/\/lechappeeclose.it\/wp-content\/uploads\/2025\/02\/cropped-logo-rond.png","contentUrl":"https:\/\/lechappeeclose.it\/wp-content\/uploads\/2025\/02\/cropped-logo-rond.png","width":1080,"height":1080,"caption":"l&#039;\u00e9chapp\u00e9e close"},"image":{"@id":"http:\/\/lechappeeclose.it\/#\/schema\/logo\/image\/"},"sameAs":["https:\/\/www.instagram.com\/lechappeeclose\/"]}]}},"_links":{"self":[{"href":"https:\/\/lechappeeclose.it\/it\/wp-json\/wp\/v2\/product\/5338","targetHints":{"allow":["GET"]}}],"collection":[{"href":"https:\/\/lechappeeclose.it\/it\/wp-json\/wp\/v2\/product"}],"about":[{"href":"https:\/\/lechappeeclose.it\/it\/wp-json\/wp\/v2\/types\/product"}],"replies":[{"embeddable":true,"href":"https:\/\/lechappeeclose.it\/it\/wp-json\/wp\/v2\/comments?post=5338"}],"wp:featuredmedia":[{"embeddable":true,"href":"https:\/\/lechappeeclose.it\/it\/wp-json\/wp\/v2\/media\/5337"}],"wp:attachment":[{"href":"https:\/\/lechappeeclose.it\/it\/wp-json\/wp\/v2\/media?parent=5338"}],"wp:term":[{"taxonomy":"product_brand","embeddable":true,"href":"https:\/\/lechappeeclose.it\/it\/wp-json\/wp\/v2\/product_brand?post=5338"},{"taxonomy":"product_cat","embeddable":true,"href":"https:\/\/lechappeeclose.it\/it\/wp-json\/wp\/v2\/product_cat?post=5338"},{"taxonomy":"product_tag","embeddable":true,"href":"https:\/\/lechappeeclose.it\/it\/wp-json\/wp\/v2\/product_tag?post=5338"}],"curies":[{"name":"wp","href":"https:\/\/api.w.org\/{rel}","templated":true}]}}