{"id":3086,"date":"2025-01-30T12:18:55","date_gmt":"2025-01-30T11:18:55","guid":{"rendered":"https:\/\/lechappeeclose.it\/produit\/lacs-italiens-et-milan\/"},"modified":"2026-01-30T13:53:28","modified_gmt":"2026-01-30T12:53:28","slug":"lacs-italiens-et-milan","status":"publish","type":"product","link":"https:\/\/lechappeeclose.it\/it\/boutique\/livres\/arts\/milan\/lacs-italiens-et-milan\/","title":{"rendered":"Lacs Italiens et Milan"},"content":{"rendered":"<p>Nouvelle mise \u00e0 jour du Routard, le guide de voyage n\u00b01 en France !V\u00e9ritable joyau naturel, la r\u00e9gion \u00e9gr\u00e8ne ses nombreux lacs comme autant de perles aux eaux claires. Laissez-vous s\u00e9duire par le charme romantique des villages, des montagnes aux reliefs escarp\u00e9s\u2026 Sans oublier la cr\u00e9ative capitale lombarde, Milan !Dans Le Routard Lacs italiens et Milan, mis \u00e0 jour par nos sp\u00e9cialistes, vous trouverez :- Une premi\u00e8re partie en couleurs pour d\u00e9couvrir la r\u00e9gion \u00e0 l\u2019aide de photos et de cartes illustrant les coups de c\u0153ur de nos auteurs ;- des itin\u00e9raires th\u00e9matiques et g\u00e9ographiques, avec toutes les infos et astuces dont vous avez besoin pour r\u00e9ussir et profiter pleinement de votre voyage ;- des activit\u00e9s (emprunter le chemin des \u00e9coliers \u00e0 bord du train des Centovalli de Domodossola \u00e0 Locarno en Suisse ; grimper en funiculaire au monte San Salvadore pour d\u00e9couvrir le superbe panorama sur le lac Majeur et les Alpes ; faire une halte gastronomique \u00e0 Bergame\u2026), des visites (visiter le Duomo de Milan, merveille d\u2019architecture gothique ; d\u00e9couvrir le fabuleux Novecento, mus\u00e9e d\u2019art contemporain majoritairement consacr\u00e9 \u00e0 l\u2019art italien du XXe si\u00e8cle ; visiter la villa Carlotta \u00e0 Tremezzo\u2026), \u00e0 partager en famille, entre amis ou en solo ;- pr\u00e8s de 30 cartes et plans avec toutes les bonnes adresses du Routard positionn\u00e9es ;- et, bien s\u00fbr, le meilleur de la destination et des pas de c\u00f4t\u00e9 pour d\u00e9couvrir les lacs italiens et Milan hors des sentiers battus\u2026Merci \u00e0 tous les Routards qui sont solidaires de nos convictions depuis bient\u00f4t 50 ans : libert\u00e9 et ind\u00e9pendance d\u2019esprit ; d\u00e9couverte et partage ; sinc\u00e9rit\u00e9, tol\u00e9rance et respect des autres.<\/p>","protected":false},"excerpt":{"rendered":"<p>Nouvelle mise \u00e0 jour du Routard, le guide de voyage n\u00b01 en France !V\u00e9ritable joyau naturel, la r\u00e9gion \u00e9gr\u00e8ne ses nombreux lacs comme autant de perles aux eaux claires. Laissez-vous s\u00e9duire par le charme romantique des villages, des montagnes aux reliefs escarp\u00e9s\u2026 Sans oublier la cr\u00e9ative capitale lombarde, Milan !Dans Le Routard Lacs italiens et [&hellip;]<\/p>","protected":false},"featured_media":3085,"comment_status":"open","ping_status":"closed","template":"","meta":[],"product_brand":[],"product_cat":[43],"product_tag":[],"class_list":{"0":"post-3086","1":"product","2":"type-product","3":"status-publish","4":"has-post-thumbnail","6":"product_cat-milan","8":"first","9":"onbackorder","10":"taxable","11":"shipping-taxable","12":"purchasable","13":"product-type-simple"},"yoast_head":"<!-- This site is optimized with the Yoast SEO plugin v27.4 - https:\/\/yoast.com\/product\/yoast-seo-wordpress\/ -->\n<title>Lacs Italiens et Milan - l&#039;\u00e9chapp\u00e9e close<\/title>\n<meta name=\"robots\" content=\"index, follow, max-snippet:-1, max-image-preview:large, max-video-preview:-1\" \/>\n<link rel=\"canonical\" href=\"https:\/\/lechappeeclose.it\/it\/boutique\/livres\/arts\/milan\/lacs-italiens-et-milan\/\" \/>\n<meta property=\"og:locale\" content=\"it_IT\" \/>\n<meta property=\"og:type\" content=\"article\" \/>\n<meta property=\"og:title\" content=\"Lacs Italiens et Milan - l&#039;\u00e9chapp\u00e9e close\" \/>\n<meta property=\"og:description\" content=\"Nouvelle mise \u00e0 jour du Routard, le guide de voyage n\u00b01 en France !V\u00e9ritable joyau naturel, la r\u00e9gion \u00e9gr\u00e8ne ses nombreux lacs comme autant de perles aux eaux claires. Laissez-vous s\u00e9duire par le charme romantique des villages, des montagnes aux reliefs escarp\u00e9s\u2026 Sans oublier la cr\u00e9ative capitale lombarde, Milan !Dans Le Routard Lacs italiens et [&hellip;]\" \/>\n<meta property=\"og:url\" content=\"https:\/\/lechappeeclose.it\/it\/boutique\/livres\/arts\/milan\/lacs-italiens-et-milan\/\" \/>\n<meta property=\"og:site_name\" content=\"l&#039;\u00e9chapp\u00e9e close\" \/>\n<meta property=\"article:modified_time\" content=\"2026-01-30T12:53:28+00:00\" \/>\n<meta property=\"og:image\" content=\"https:\/\/lechappeeclose.it\/wp-content\/uploads\/2025\/01\/Lacs-Italiens-et-Milan.jpg\" \/>\n\t<meta property=\"og:image:width\" content=\"299\" \/>\n\t<meta property=\"og:image:height\" content=\"500\" \/>\n\t<meta property=\"og:image:type\" content=\"image\/jpeg\" \/>\n<meta name=\"twitter:card\" content=\"summary_large_image\" \/>\n<meta name=\"twitter:label1\" content=\"Tempo di lettura stimato\" \/>\n\t<meta name=\"twitter:data1\" content=\"1 minuto\" \/>\n<script type=\"application\/ld+json\" class=\"yoast-schema-graph\">{\"@context\":\"https:\\\/\\\/schema.org\",\"@graph\":[{\"@type\":\"WebPage\",\"@id\":\"https:\\\/\\\/lechappeeclose.it\\\/it\\\/boutique\\\/livres\\\/arts\\\/milan\\\/lacs-italiens-et-milan\\\/\",\"url\":\"https:\\\/\\\/lechappeeclose.it\\\/it\\\/boutique\\\/livres\\\/arts\\\/milan\\\/lacs-italiens-et-milan\\\/\",\"name\":\"Lacs Italiens et Milan - l&#039;\u00e9chapp\u00e9e close\",\"isPartOf\":{\"@id\":\"http:\\\/\\\/lechappeeclose.it\\\/#website\"},\"primaryImageOfPage\":{\"@id\":\"https:\\\/\\\/lechappeeclose.it\\\/it\\\/boutique\\\/livres\\\/arts\\\/milan\\\/lacs-italiens-et-milan\\\/#primaryimage\"},\"image\":{\"@id\":\"https:\\\/\\\/lechappeeclose.it\\\/it\\\/boutique\\\/livres\\\/arts\\\/milan\\\/lacs-italiens-et-milan\\\/#primaryimage\"},\"thumbnailUrl\":\"https:\\\/\\\/lechappeeclose.it\\\/wp-content\\\/uploads\\\/2025\\\/01\\\/Lacs-Italiens-et-Milan.jpg\",\"datePublished\":\"2025-01-30T11:18:55+00:00\",\"dateModified\":\"2026-01-30T12:53:28+00:00\",\"breadcrumb\":{\"@id\":\"https:\\\/\\\/lechappeeclose.it\\\/it\\\/boutique\\\/livres\\\/arts\\\/milan\\\/lacs-italiens-et-milan\\\/#breadcrumb\"},\"inLanguage\":\"it-IT\",\"potentialAction\":[{\"@type\":\"ReadAction\",\"target\":[\"https:\\\/\\\/lechappeeclose.it\\\/it\\\/boutique\\\/livres\\\/arts\\\/milan\\\/lacs-italiens-et-milan\\\/\"]}]},{\"@type\":\"ImageObject\",\"inLanguage\":\"it-IT\",\"@id\":\"https:\\\/\\\/lechappeeclose.it\\\/it\\\/boutique\\\/livres\\\/arts\\\/milan\\\/lacs-italiens-et-milan\\\/#primaryimage\",\"url\":\"https:\\\/\\\/lechappeeclose.it\\\/wp-content\\\/uploads\\\/2025\\\/01\\\/Lacs-Italiens-et-Milan.jpg\",\"contentUrl\":\"https:\\\/\\\/lechappeeclose.it\\\/wp-content\\\/uploads\\\/2025\\\/01\\\/Lacs-Italiens-et-Milan.jpg\",\"width\":299,\"height\":500},{\"@type\":\"BreadcrumbList\",\"@id\":\"https:\\\/\\\/lechappeeclose.it\\\/it\\\/boutique\\\/livres\\\/arts\\\/milan\\\/lacs-italiens-et-milan\\\/#breadcrumb\",\"itemListElement\":[{\"@type\":\"ListItem\",\"position\":1,\"name\":\"Accueil\",\"item\":\"http:\\\/\\\/lechappeeclose.it\\\/\"},{\"@type\":\"ListItem\",\"position\":2,\"name\":\"Boutique\",\"item\":\"http:\\\/\\\/lechappeeclose.it\\\/it\\\/boutique\\\/\"},{\"@type\":\"ListItem\",\"position\":3,\"name\":\"Lacs Italiens et Milan\"}]},{\"@type\":\"WebSite\",\"@id\":\"http:\\\/\\\/lechappeeclose.it\\\/#website\",\"url\":\"http:\\\/\\\/lechappeeclose.it\\\/\",\"name\":\"l&#039;\u00e9chapp\u00e9e close\",\"description\":\"la librairie fran\u00e7aise de Milan\",\"publisher\":{\"@id\":\"http:\\\/\\\/lechappeeclose.it\\\/#organization\"},\"alternateName\":\"La librairie fran\u00e7aise de Milan\",\"potentialAction\":[{\"@type\":\"SearchAction\",\"target\":{\"@type\":\"EntryPoint\",\"urlTemplate\":\"http:\\\/\\\/lechappeeclose.it\\\/?s={search_term_string}\"},\"query-input\":{\"@type\":\"PropertyValueSpecification\",\"valueRequired\":true,\"valueName\":\"search_term_string\"}}],\"inLanguage\":\"it-IT\"},{\"@type\":\"Organization\",\"@id\":\"http:\\\/\\\/lechappeeclose.it\\\/#organization\",\"name\":\"l&#039;\u00e9chapp\u00e9e close\",\"url\":\"http:\\\/\\\/lechappeeclose.it\\\/\",\"logo\":{\"@type\":\"ImageObject\",\"inLanguage\":\"it-IT\",\"@id\":\"http:\\\/\\\/lechappeeclose.it\\\/#\\\/schema\\\/logo\\\/image\\\/\",\"url\":\"https:\\\/\\\/lechappeeclose.it\\\/wp-content\\\/uploads\\\/2025\\\/02\\\/cropped-logo-rond.png\",\"contentUrl\":\"https:\\\/\\\/lechappeeclose.it\\\/wp-content\\\/uploads\\\/2025\\\/02\\\/cropped-logo-rond.png\",\"width\":1080,\"height\":1080,\"caption\":\"l&#039;\u00e9chapp\u00e9e close\"},\"image\":{\"@id\":\"http:\\\/\\\/lechappeeclose.it\\\/#\\\/schema\\\/logo\\\/image\\\/\"},\"sameAs\":[\"https:\\\/\\\/www.instagram.com\\\/lechappeeclose\\\/\"]}]}<\/script>\n<!-- \/ Yoast SEO plugin. -->","yoast_head_json":{"title":"Lacs Italiens et Milan - l&#039;\u00e9chapp\u00e9e close","robots":{"index":"index","follow":"follow","max-snippet":"max-snippet:-1","max-image-preview":"max-image-preview:large","max-video-preview":"max-video-preview:-1"},"canonical":"https:\/\/lechappeeclose.it\/it\/boutique\/livres\/arts\/milan\/lacs-italiens-et-milan\/","og_locale":"it_IT","og_type":"article","og_title":"Lacs Italiens et Milan - l&#039;\u00e9chapp\u00e9e close","og_description":"Nouvelle mise \u00e0 jour du Routard, le guide de voyage n\u00b01 en France !V\u00e9ritable joyau naturel, la r\u00e9gion \u00e9gr\u00e8ne ses nombreux lacs comme autant de perles aux eaux claires. Laissez-vous s\u00e9duire par le charme romantique des villages, des montagnes aux reliefs escarp\u00e9s\u2026 Sans oublier la cr\u00e9ative capitale lombarde, Milan !Dans Le Routard Lacs italiens et [&hellip;]","og_url":"https:\/\/lechappeeclose.it\/it\/boutique\/livres\/arts\/milan\/lacs-italiens-et-milan\/","og_site_name":"l&#039;\u00e9chapp\u00e9e close","article_modified_time":"2026-01-30T12:53:28+00:00","og_image":[{"width":299,"height":500,"url":"https:\/\/lechappeeclose.it\/wp-content\/uploads\/2025\/01\/Lacs-Italiens-et-Milan.jpg","type":"image\/jpeg"}],"twitter_card":"summary_large_image","twitter_misc":{"Tempo di lettura stimato":"1 minuto"},"schema":{"@context":"https:\/\/schema.org","@graph":[{"@type":"WebPage","@id":"https:\/\/lechappeeclose.it\/it\/boutique\/livres\/arts\/milan\/lacs-italiens-et-milan\/","url":"https:\/\/lechappeeclose.it\/it\/boutique\/livres\/arts\/milan\/lacs-italiens-et-milan\/","name":"Lacs Italiens et Milan - l&#039;\u00e9chapp\u00e9e close","isPartOf":{"@id":"http:\/\/lechappeeclose.it\/#website"},"primaryImageOfPage":{"@id":"https:\/\/lechappeeclose.it\/it\/boutique\/livres\/arts\/milan\/lacs-italiens-et-milan\/#primaryimage"},"image":{"@id":"https:\/\/lechappeeclose.it\/it\/boutique\/livres\/arts\/milan\/lacs-italiens-et-milan\/#primaryimage"},"thumbnailUrl":"https:\/\/lechappeeclose.it\/wp-content\/uploads\/2025\/01\/Lacs-Italiens-et-Milan.jpg","datePublished":"2025-01-30T11:18:55+00:00","dateModified":"2026-01-30T12:53:28+00:00","breadcrumb":{"@id":"https:\/\/lechappeeclose.it\/it\/boutique\/livres\/arts\/milan\/lacs-italiens-et-milan\/#breadcrumb"},"inLanguage":"it-IT","potentialAction":[{"@type":"ReadAction","target":["https:\/\/lechappeeclose.it\/it\/boutique\/livres\/arts\/milan\/lacs-italiens-et-milan\/"]}]},{"@type":"ImageObject","inLanguage":"it-IT","@id":"https:\/\/lechappeeclose.it\/it\/boutique\/livres\/arts\/milan\/lacs-italiens-et-milan\/#primaryimage","url":"https:\/\/lechappeeclose.it\/wp-content\/uploads\/2025\/01\/Lacs-Italiens-et-Milan.jpg","contentUrl":"https:\/\/lechappeeclose.it\/wp-content\/uploads\/2025\/01\/Lacs-Italiens-et-Milan.jpg","width":299,"height":500},{"@type":"BreadcrumbList","@id":"https:\/\/lechappeeclose.it\/it\/boutique\/livres\/arts\/milan\/lacs-italiens-et-milan\/#breadcrumb","itemListElement":[{"@type":"ListItem","position":1,"name":"Accueil","item":"http:\/\/lechappeeclose.it\/"},{"@type":"ListItem","position":2,"name":"Boutique","item":"http:\/\/lechappeeclose.it\/it\/boutique\/"},{"@type":"ListItem","position":3,"name":"Lacs Italiens et Milan"}]},{"@type":"WebSite","@id":"http:\/\/lechappeeclose.it\/#website","url":"http:\/\/lechappeeclose.it\/","name":"l&#039;\u00e9chapp\u00e9e close","description":"La libreria francese di Milano","publisher":{"@id":"http:\/\/lechappeeclose.it\/#organization"},"alternateName":"La librairie fran\u00e7aise de Milan","potentialAction":[{"@type":"SearchAction","target":{"@type":"EntryPoint","urlTemplate":"http:\/\/lechappeeclose.it\/?s={search_term_string}"},"query-input":{"@type":"PropertyValueSpecification","valueRequired":true,"valueName":"search_term_string"}}],"inLanguage":"it-IT"},{"@type":"Organization","@id":"http:\/\/lechappeeclose.it\/#organization","name":"l&#039;\u00e9chapp\u00e9e close","url":"http:\/\/lechappeeclose.it\/","logo":{"@type":"ImageObject","inLanguage":"it-IT","@id":"http:\/\/lechappeeclose.it\/#\/schema\/logo\/image\/","url":"https:\/\/lechappeeclose.it\/wp-content\/uploads\/2025\/02\/cropped-logo-rond.png","contentUrl":"https:\/\/lechappeeclose.it\/wp-content\/uploads\/2025\/02\/cropped-logo-rond.png","width":1080,"height":1080,"caption":"l&#039;\u00e9chapp\u00e9e close"},"image":{"@id":"http:\/\/lechappeeclose.it\/#\/schema\/logo\/image\/"},"sameAs":["https:\/\/www.instagram.com\/lechappeeclose\/"]}]}},"_links":{"self":[{"href":"https:\/\/lechappeeclose.it\/it\/wp-json\/wp\/v2\/product\/3086","targetHints":{"allow":["GET"]}}],"collection":[{"href":"https:\/\/lechappeeclose.it\/it\/wp-json\/wp\/v2\/product"}],"about":[{"href":"https:\/\/lechappeeclose.it\/it\/wp-json\/wp\/v2\/types\/product"}],"replies":[{"embeddable":true,"href":"https:\/\/lechappeeclose.it\/it\/wp-json\/wp\/v2\/comments?post=3086"}],"wp:featuredmedia":[{"embeddable":true,"href":"https:\/\/lechappeeclose.it\/it\/wp-json\/wp\/v2\/media\/3085"}],"wp:attachment":[{"href":"https:\/\/lechappeeclose.it\/it\/wp-json\/wp\/v2\/media?parent=3086"}],"wp:term":[{"taxonomy":"product_brand","embeddable":true,"href":"https:\/\/lechappeeclose.it\/it\/wp-json\/wp\/v2\/product_brand?post=3086"},{"taxonomy":"product_cat","embeddable":true,"href":"https:\/\/lechappeeclose.it\/it\/wp-json\/wp\/v2\/product_cat?post=3086"},{"taxonomy":"product_tag","embeddable":true,"href":"https:\/\/lechappeeclose.it\/it\/wp-json\/wp\/v2\/product_tag?post=3086"}],"curies":[{"name":"wp","href":"https:\/\/api.w.org\/{rel}","templated":true}]}}