{"id":3082,"date":"2025-01-30T12:17:51","date_gmt":"2025-01-30T11:17:51","guid":{"rendered":"https:\/\/lechappeeclose.it\/produit\/milan-au-coeur-de-la-creation-contemporaine\/"},"modified":"2026-01-30T13:51:15","modified_gmt":"2026-01-30T12:51:15","slug":"milan-au-coeur-de-la-creation-contemporaine","status":"publish","type":"product","link":"https:\/\/lechappeeclose.it\/it\/boutique\/livres\/arts\/milan\/milan-au-coeur-de-la-creation-contemporaine\/","title":{"rendered":"Milan : au coeur de la cr\u00e9ation contemporaine"},"content":{"rendered":"<p>Nouveau titre de la collection ! Plongez au c\u0153ur de la cr\u00e9ation contemporaine milanaise, \u00e0 travers 10 portraits et entretiens d&#8217;artistes majeurs et 100 lieux qui font l&#8217;actualit\u00e9 artistique sur ce territoire. Cet ouvrage invite le lecteur \u00e0 d\u00e9couvrir Milan \u00e0 travers le prisme de la cr\u00e9ation artistique contemporaine. Sont d&#8217;abord pr\u00e9sent\u00e9s dix artistes, issus de toutes les disciplines, qui font le dynamisme de la ville. Ils sont invit\u00e9s \u00e0 nous parler de leur parcours, de leur travail et de leur rapport \u00e0 Milan.Une seconde section s&#8217;attache \u00e0 pr\u00e9senter cent lieux propres \u00e0 la cr\u00e9ation contemporaine milanaise, avec les dix lieux incontournables de la ville mis en exergue. Le lecteur dispose ainsi d&#8217;un v\u00e9ritable guide, riche et pr\u00e9cis, pour d\u00e9couvrir autrement l&#8217;offre culturelle de Milan.2 pr\u00e9faciers :- Tommaso Trini (historien d&#8217;art)- Beatrice Trussardi (pr\u00e9sidente de la fondation d&#8217;art contemporain Trussardi)10 artistes :- Pippo Delbono (metteur en sc\u00e8ne et dramaturge)- Stefano Boeri (architecte, urbaniste, \u00e9diteur et directeur de la Triennale)- Paolo Ventura (photographe et sc\u00e9nographe)- Davide Bombana (danseur et chor\u00e9graphe)- Gionata Gesi alias OZMO (street artist)- Arthur Arbesser (styliste, fashion designer)- Anna Franceschini (plasticienne et vid\u00e9aste)- Giacomo Moor (artisan designer)- Simone Bertuzzi et Simone Trabucchi alias Invernomuto (Dj, vid\u00e9o, installation)- Tiziano Vudafieri et Claudio Saverino (architectes)10 lieux majeurs :- Armani Silos- Assab One- Fabbrica del Vapore- Fondazione ICA Milano- Fondazione Prada- Galerie Rossana Orlandi- Mudec \u2013 Museo delle culture- Palazzo Litta- Pirelli HangarBicocca- Triennale Milano\u00c0 d\u00e9couvrir aussi, des livres-guides consacr\u00e9s Berlin, Ath\u00e8nes, Moscou, Lisbonne, Milan, New York, Lille, Paris, Nantes\/Rennes\/Brest.<\/p>","protected":false},"excerpt":{"rendered":"<p>Nouveau titre de la collection ! Plongez au c\u0153ur de la cr\u00e9ation contemporaine milanaise, \u00e0 travers 10 portraits et entretiens d&#8217;artistes majeurs et 100 lieux qui font l&#8217;actualit\u00e9 artistique sur ce territoire. Cet ouvrage invite le lecteur \u00e0 d\u00e9couvrir Milan \u00e0 travers le prisme de la cr\u00e9ation artistique contemporaine. Sont d&#8217;abord pr\u00e9sent\u00e9s dix artistes, issus [&hellip;]<\/p>","protected":false},"featured_media":3081,"comment_status":"open","ping_status":"closed","template":"","meta":[],"product_brand":[],"product_cat":[43],"product_tag":[],"class_list":{"0":"post-3082","1":"product","2":"type-product","3":"status-publish","4":"has-post-thumbnail","6":"product_cat-milan","8":"first","9":"onbackorder","10":"taxable","11":"shipping-taxable","12":"purchasable","13":"product-type-simple"},"yoast_head":"<!-- This site is optimized with the Yoast SEO plugin v27.4 - https:\/\/yoast.com\/product\/yoast-seo-wordpress\/ -->\n<title>Milan : au coeur de la cr\u00e9ation contemporaine - l&#039;\u00e9chapp\u00e9e close<\/title>\n<meta name=\"robots\" content=\"index, follow, max-snippet:-1, max-image-preview:large, max-video-preview:-1\" \/>\n<link rel=\"canonical\" href=\"https:\/\/lechappeeclose.it\/it\/boutique\/livres\/arts\/milan\/milan-au-coeur-de-la-creation-contemporaine\/\" \/>\n<meta property=\"og:locale\" content=\"it_IT\" \/>\n<meta property=\"og:type\" content=\"article\" \/>\n<meta property=\"og:title\" content=\"Milan : au coeur de la cr\u00e9ation contemporaine - l&#039;\u00e9chapp\u00e9e close\" \/>\n<meta property=\"og:description\" content=\"Nouveau titre de la collection ! Plongez au c\u0153ur de la cr\u00e9ation contemporaine milanaise, \u00e0 travers 10 portraits et entretiens d&#8217;artistes majeurs et 100 lieux qui font l&#8217;actualit\u00e9 artistique sur ce territoire. Cet ouvrage invite le lecteur \u00e0 d\u00e9couvrir Milan \u00e0 travers le prisme de la cr\u00e9ation artistique contemporaine. Sont d&#8217;abord pr\u00e9sent\u00e9s dix artistes, issus [&hellip;]\" \/>\n<meta property=\"og:url\" content=\"https:\/\/lechappeeclose.it\/it\/boutique\/livres\/arts\/milan\/milan-au-coeur-de-la-creation-contemporaine\/\" \/>\n<meta property=\"og:site_name\" content=\"l&#039;\u00e9chapp\u00e9e close\" \/>\n<meta property=\"article:modified_time\" content=\"2026-01-30T12:51:15+00:00\" \/>\n<meta property=\"og:image\" content=\"https:\/\/lechappeeclose.it\/wp-content\/uploads\/2025\/01\/Milan-au-coeur-de-la-creation-contemporaine.jpg\" \/>\n\t<meta property=\"og:image:width\" content=\"292\" \/>\n\t<meta property=\"og:image:height\" content=\"500\" \/>\n\t<meta property=\"og:image:type\" content=\"image\/jpeg\" \/>\n<meta name=\"twitter:card\" content=\"summary_large_image\" \/>\n<meta name=\"twitter:label1\" content=\"Tempo di lettura stimato\" \/>\n\t<meta name=\"twitter:data1\" content=\"1 minuto\" \/>\n<script type=\"application\/ld+json\" class=\"yoast-schema-graph\">{\"@context\":\"https:\\\/\\\/schema.org\",\"@graph\":[{\"@type\":\"WebPage\",\"@id\":\"https:\\\/\\\/lechappeeclose.it\\\/boutique\\\/livres\\\/arts\\\/milan\\\/milan-au-coeur-de-la-creation-contemporaine\\\/\",\"url\":\"https:\\\/\\\/lechappeeclose.it\\\/boutique\\\/livres\\\/arts\\\/milan\\\/milan-au-coeur-de-la-creation-contemporaine\\\/\",\"name\":\"Milan : au coeur de la cr\u00e9ation contemporaine - l&#039;\u00e9chapp\u00e9e close\",\"isPartOf\":{\"@id\":\"http:\\\/\\\/lechappeeclose.it\\\/#website\"},\"primaryImageOfPage\":{\"@id\":\"https:\\\/\\\/lechappeeclose.it\\\/boutique\\\/livres\\\/arts\\\/milan\\\/milan-au-coeur-de-la-creation-contemporaine\\\/#primaryimage\"},\"image\":{\"@id\":\"https:\\\/\\\/lechappeeclose.it\\\/boutique\\\/livres\\\/arts\\\/milan\\\/milan-au-coeur-de-la-creation-contemporaine\\\/#primaryimage\"},\"thumbnailUrl\":\"https:\\\/\\\/lechappeeclose.it\\\/wp-content\\\/uploads\\\/2025\\\/01\\\/Milan-au-coeur-de-la-creation-contemporaine.jpg\",\"datePublished\":\"2025-01-30T11:17:51+00:00\",\"dateModified\":\"2026-01-30T12:51:15+00:00\",\"breadcrumb\":{\"@id\":\"https:\\\/\\\/lechappeeclose.it\\\/boutique\\\/livres\\\/arts\\\/milan\\\/milan-au-coeur-de-la-creation-contemporaine\\\/#breadcrumb\"},\"inLanguage\":\"it-IT\",\"potentialAction\":[{\"@type\":\"ReadAction\",\"target\":[\"https:\\\/\\\/lechappeeclose.it\\\/boutique\\\/livres\\\/arts\\\/milan\\\/milan-au-coeur-de-la-creation-contemporaine\\\/\"]}]},{\"@type\":\"ImageObject\",\"inLanguage\":\"it-IT\",\"@id\":\"https:\\\/\\\/lechappeeclose.it\\\/boutique\\\/livres\\\/arts\\\/milan\\\/milan-au-coeur-de-la-creation-contemporaine\\\/#primaryimage\",\"url\":\"https:\\\/\\\/lechappeeclose.it\\\/wp-content\\\/uploads\\\/2025\\\/01\\\/Milan-au-coeur-de-la-creation-contemporaine.jpg\",\"contentUrl\":\"https:\\\/\\\/lechappeeclose.it\\\/wp-content\\\/uploads\\\/2025\\\/01\\\/Milan-au-coeur-de-la-creation-contemporaine.jpg\",\"width\":292,\"height\":500},{\"@type\":\"BreadcrumbList\",\"@id\":\"https:\\\/\\\/lechappeeclose.it\\\/boutique\\\/livres\\\/arts\\\/milan\\\/milan-au-coeur-de-la-creation-contemporaine\\\/#breadcrumb\",\"itemListElement\":[{\"@type\":\"ListItem\",\"position\":1,\"name\":\"Accueil\",\"item\":\"http:\\\/\\\/lechappeeclose.it\\\/\"},{\"@type\":\"ListItem\",\"position\":2,\"name\":\"Boutique\",\"item\":\"http:\\\/\\\/lechappeeclose.it\\\/it\\\/boutique\\\/\"},{\"@type\":\"ListItem\",\"position\":3,\"name\":\"Milan : au coeur de la cr\u00e9ation contemporaine\"}]},{\"@type\":\"WebSite\",\"@id\":\"http:\\\/\\\/lechappeeclose.it\\\/#website\",\"url\":\"http:\\\/\\\/lechappeeclose.it\\\/\",\"name\":\"l&#039;\u00e9chapp\u00e9e close\",\"description\":\"la librairie fran\u00e7aise de Milan\",\"publisher\":{\"@id\":\"http:\\\/\\\/lechappeeclose.it\\\/#organization\"},\"alternateName\":\"La librairie fran\u00e7aise de Milan\",\"potentialAction\":[{\"@type\":\"SearchAction\",\"target\":{\"@type\":\"EntryPoint\",\"urlTemplate\":\"http:\\\/\\\/lechappeeclose.it\\\/?s={search_term_string}\"},\"query-input\":{\"@type\":\"PropertyValueSpecification\",\"valueRequired\":true,\"valueName\":\"search_term_string\"}}],\"inLanguage\":\"it-IT\"},{\"@type\":\"Organization\",\"@id\":\"http:\\\/\\\/lechappeeclose.it\\\/#organization\",\"name\":\"l&#039;\u00e9chapp\u00e9e close\",\"url\":\"http:\\\/\\\/lechappeeclose.it\\\/\",\"logo\":{\"@type\":\"ImageObject\",\"inLanguage\":\"it-IT\",\"@id\":\"http:\\\/\\\/lechappeeclose.it\\\/#\\\/schema\\\/logo\\\/image\\\/\",\"url\":\"https:\\\/\\\/lechappeeclose.it\\\/wp-content\\\/uploads\\\/2025\\\/02\\\/cropped-logo-rond.png\",\"contentUrl\":\"https:\\\/\\\/lechappeeclose.it\\\/wp-content\\\/uploads\\\/2025\\\/02\\\/cropped-logo-rond.png\",\"width\":1080,\"height\":1080,\"caption\":\"l&#039;\u00e9chapp\u00e9e close\"},\"image\":{\"@id\":\"http:\\\/\\\/lechappeeclose.it\\\/#\\\/schema\\\/logo\\\/image\\\/\"},\"sameAs\":[\"https:\\\/\\\/www.instagram.com\\\/lechappeeclose\\\/\"]}]}<\/script>\n<!-- \/ Yoast SEO plugin. -->","yoast_head_json":{"title":"Milan : au coeur de la cr\u00e9ation contemporaine - l&#039;\u00e9chapp\u00e9e close","robots":{"index":"index","follow":"follow","max-snippet":"max-snippet:-1","max-image-preview":"max-image-preview:large","max-video-preview":"max-video-preview:-1"},"canonical":"https:\/\/lechappeeclose.it\/it\/boutique\/livres\/arts\/milan\/milan-au-coeur-de-la-creation-contemporaine\/","og_locale":"it_IT","og_type":"article","og_title":"Milan : au coeur de la cr\u00e9ation contemporaine - l&#039;\u00e9chapp\u00e9e close","og_description":"Nouveau titre de la collection ! Plongez au c\u0153ur de la cr\u00e9ation contemporaine milanaise, \u00e0 travers 10 portraits et entretiens d&#8217;artistes majeurs et 100 lieux qui font l&#8217;actualit\u00e9 artistique sur ce territoire. Cet ouvrage invite le lecteur \u00e0 d\u00e9couvrir Milan \u00e0 travers le prisme de la cr\u00e9ation artistique contemporaine. Sont d&#8217;abord pr\u00e9sent\u00e9s dix artistes, issus [&hellip;]","og_url":"https:\/\/lechappeeclose.it\/it\/boutique\/livres\/arts\/milan\/milan-au-coeur-de-la-creation-contemporaine\/","og_site_name":"l&#039;\u00e9chapp\u00e9e close","article_modified_time":"2026-01-30T12:51:15+00:00","og_image":[{"width":292,"height":500,"url":"https:\/\/lechappeeclose.it\/wp-content\/uploads\/2025\/01\/Milan-au-coeur-de-la-creation-contemporaine.jpg","type":"image\/jpeg"}],"twitter_card":"summary_large_image","twitter_misc":{"Tempo di lettura stimato":"1 minuto"},"schema":{"@context":"https:\/\/schema.org","@graph":[{"@type":"WebPage","@id":"https:\/\/lechappeeclose.it\/boutique\/livres\/arts\/milan\/milan-au-coeur-de-la-creation-contemporaine\/","url":"https:\/\/lechappeeclose.it\/boutique\/livres\/arts\/milan\/milan-au-coeur-de-la-creation-contemporaine\/","name":"Milan : au coeur de la cr\u00e9ation contemporaine - l&#039;\u00e9chapp\u00e9e close","isPartOf":{"@id":"http:\/\/lechappeeclose.it\/#website"},"primaryImageOfPage":{"@id":"https:\/\/lechappeeclose.it\/boutique\/livres\/arts\/milan\/milan-au-coeur-de-la-creation-contemporaine\/#primaryimage"},"image":{"@id":"https:\/\/lechappeeclose.it\/boutique\/livres\/arts\/milan\/milan-au-coeur-de-la-creation-contemporaine\/#primaryimage"},"thumbnailUrl":"https:\/\/lechappeeclose.it\/wp-content\/uploads\/2025\/01\/Milan-au-coeur-de-la-creation-contemporaine.jpg","datePublished":"2025-01-30T11:17:51+00:00","dateModified":"2026-01-30T12:51:15+00:00","breadcrumb":{"@id":"https:\/\/lechappeeclose.it\/boutique\/livres\/arts\/milan\/milan-au-coeur-de-la-creation-contemporaine\/#breadcrumb"},"inLanguage":"it-IT","potentialAction":[{"@type":"ReadAction","target":["https:\/\/lechappeeclose.it\/boutique\/livres\/arts\/milan\/milan-au-coeur-de-la-creation-contemporaine\/"]}]},{"@type":"ImageObject","inLanguage":"it-IT","@id":"https:\/\/lechappeeclose.it\/boutique\/livres\/arts\/milan\/milan-au-coeur-de-la-creation-contemporaine\/#primaryimage","url":"https:\/\/lechappeeclose.it\/wp-content\/uploads\/2025\/01\/Milan-au-coeur-de-la-creation-contemporaine.jpg","contentUrl":"https:\/\/lechappeeclose.it\/wp-content\/uploads\/2025\/01\/Milan-au-coeur-de-la-creation-contemporaine.jpg","width":292,"height":500},{"@type":"BreadcrumbList","@id":"https:\/\/lechappeeclose.it\/boutique\/livres\/arts\/milan\/milan-au-coeur-de-la-creation-contemporaine\/#breadcrumb","itemListElement":[{"@type":"ListItem","position":1,"name":"Accueil","item":"http:\/\/lechappeeclose.it\/"},{"@type":"ListItem","position":2,"name":"Boutique","item":"http:\/\/lechappeeclose.it\/it\/boutique\/"},{"@type":"ListItem","position":3,"name":"Milan : au coeur de la cr\u00e9ation contemporaine"}]},{"@type":"WebSite","@id":"http:\/\/lechappeeclose.it\/#website","url":"http:\/\/lechappeeclose.it\/","name":"l&#039;\u00e9chapp\u00e9e close","description":"La libreria francese di Milano","publisher":{"@id":"http:\/\/lechappeeclose.it\/#organization"},"alternateName":"La librairie fran\u00e7aise de Milan","potentialAction":[{"@type":"SearchAction","target":{"@type":"EntryPoint","urlTemplate":"http:\/\/lechappeeclose.it\/?s={search_term_string}"},"query-input":{"@type":"PropertyValueSpecification","valueRequired":true,"valueName":"search_term_string"}}],"inLanguage":"it-IT"},{"@type":"Organization","@id":"http:\/\/lechappeeclose.it\/#organization","name":"l&#039;\u00e9chapp\u00e9e close","url":"http:\/\/lechappeeclose.it\/","logo":{"@type":"ImageObject","inLanguage":"it-IT","@id":"http:\/\/lechappeeclose.it\/#\/schema\/logo\/image\/","url":"https:\/\/lechappeeclose.it\/wp-content\/uploads\/2025\/02\/cropped-logo-rond.png","contentUrl":"https:\/\/lechappeeclose.it\/wp-content\/uploads\/2025\/02\/cropped-logo-rond.png","width":1080,"height":1080,"caption":"l&#039;\u00e9chapp\u00e9e close"},"image":{"@id":"http:\/\/lechappeeclose.it\/#\/schema\/logo\/image\/"},"sameAs":["https:\/\/www.instagram.com\/lechappeeclose\/"]}]}},"_links":{"self":[{"href":"https:\/\/lechappeeclose.it\/it\/wp-json\/wp\/v2\/product\/3082","targetHints":{"allow":["GET"]}}],"collection":[{"href":"https:\/\/lechappeeclose.it\/it\/wp-json\/wp\/v2\/product"}],"about":[{"href":"https:\/\/lechappeeclose.it\/it\/wp-json\/wp\/v2\/types\/product"}],"replies":[{"embeddable":true,"href":"https:\/\/lechappeeclose.it\/it\/wp-json\/wp\/v2\/comments?post=3082"}],"wp:featuredmedia":[{"embeddable":true,"href":"https:\/\/lechappeeclose.it\/it\/wp-json\/wp\/v2\/media\/3081"}],"wp:attachment":[{"href":"https:\/\/lechappeeclose.it\/it\/wp-json\/wp\/v2\/media?parent=3082"}],"wp:term":[{"taxonomy":"product_brand","embeddable":true,"href":"https:\/\/lechappeeclose.it\/it\/wp-json\/wp\/v2\/product_brand?post=3082"},{"taxonomy":"product_cat","embeddable":true,"href":"https:\/\/lechappeeclose.it\/it\/wp-json\/wp\/v2\/product_cat?post=3082"},{"taxonomy":"product_tag","embeddable":true,"href":"https:\/\/lechappeeclose.it\/it\/wp-json\/wp\/v2\/product_tag?post=3082"}],"curies":[{"name":"wp","href":"https:\/\/api.w.org\/{rel}","templated":true}]}}