{"id":13125,"date":"2026-04-08T16:55:45","date_gmt":"2026-04-08T14:55:45","guid":{"rendered":"https:\/\/lechappeeclose.it\/boutique\/non class\u00e9\/nos-peres-nos-freres-nos-amis\/"},"modified":"2026-04-08T16:55:45","modified_gmt":"2026-04-08T14:55:45","slug":"nos-peres-nos-freres-nos-amis","status":"publish","type":"product","link":"https:\/\/lechappeeclose.it\/it\/boutique\/livres\/roman-graphique-bd\/lgbtqia\/nos-peres-nos-freres-nos-amis\/","title":{"rendered":"Nos p\u00e8res, nos fr\u00e8res, nos amis"},"content":{"rendered":"<p>Apr\u00e8s sa s\u00e9rie \u00ab\u00a0Des hommes violents\u00a0\u00bb pour France Culture en 2019, Mathieu Palain a voulu prolonger et approfondir cette enqu\u00eate en immersion dans un groupe de parole r\u00e9unissant des hommes condamn\u00e9s pour violences faites aux femmes.\u00a0Il\u00a0s\u2019est rendu dans une Maison des femmes, \u00e0 des auditions judiciaires, et a eu acc\u00e8s \u00e0 des t\u00e9moignages d\u2019auteurs et de victimes de violences. Son livre explore la violence masculine.\u00ab\u00a0La petite graine de la violence, elle pousse, elle pousse, et je pense que cette graine est en moi depuis longtemps, elle fait partie de mon bagage, de ce que m\u2019ont transmis mes parents. La violence surgit comme un instinct animal, et vous murmure \u00e0 l\u2019oreille\u00a0: \u201cC\u2019est la faute de l\u2019autre.\u201d\u00a0\u00bbPendant quatre ans, le journaliste Mathieu Palain s\u2019est rendu dans des groupes de parole, dans une Maison des femmes, \u00e0 des auditions judiciaires. Il a eu acc\u00e8s \u00e0 des histoires et des t\u00e9moignages d\u2019une rare puissance.\u00a0Nos p\u00e8res, nos fr\u00e8res, nos amis est une enqu\u00eate immersive, un livre essentiel pour comprendre un point aveugle de notre soci\u00e9t\u00e9.<\/p>","protected":false},"excerpt":{"rendered":"<p>Apr\u00e8s sa s\u00e9rie \u00ab\u00a0Des hommes violents\u00a0\u00bb pour France Culture en 2019, Mathieu Palain a voulu prolonger et approfondir cette enqu\u00eate en immersion dans un groupe de parole r\u00e9unissant des hommes condamn\u00e9s pour violences faites aux femmes.\u00a0Il\u00a0s\u2019est rendu dans une Maison des femmes, \u00e0 des auditions judiciaires, et a eu acc\u00e8s \u00e0 des t\u00e9moignages d\u2019auteurs et [&hellip;]<\/p>","protected":false},"featured_media":13124,"comment_status":"open","ping_status":"closed","template":"","meta":[],"product_brand":[],"product_cat":[59],"product_tag":[],"class_list":{"0":"post-13125","1":"product","2":"type-product","3":"status-publish","4":"has-post-thumbnail","6":"product_cat-lgbtqia","8":"first","9":"instock","10":"taxable","11":"shipping-taxable","12":"purchasable","13":"product-type-simple"},"yoast_head":"<!-- This site is optimized with the Yoast SEO plugin v27.3 - https:\/\/yoast.com\/product\/yoast-seo-wordpress\/ -->\n<title>Nos p\u00e8res, nos fr\u00e8res, nos amis - l&#039;\u00e9chapp\u00e9e close<\/title>\n<meta name=\"robots\" content=\"index, follow, max-snippet:-1, max-image-preview:large, max-video-preview:-1\" \/>\n<link rel=\"canonical\" href=\"https:\/\/lechappeeclose.it\/it\/boutique\/non%20class\u00e9\/nos-peres-nos-freres-nos-amis\/\" \/>\n<meta property=\"og:locale\" content=\"it_IT\" \/>\n<meta property=\"og:type\" content=\"article\" \/>\n<meta property=\"og:title\" content=\"Nos p\u00e8res, nos fr\u00e8res, nos amis - l&#039;\u00e9chapp\u00e9e close\" \/>\n<meta property=\"og:description\" content=\"Apr\u00e8s sa s\u00e9rie \u00ab\u00a0Des hommes violents\u00a0\u00bb pour France Culture en 2019, Mathieu Palain a voulu prolonger et approfondir cette enqu\u00eate en immersion dans un groupe de parole r\u00e9unissant des hommes condamn\u00e9s pour violences faites aux femmes.\u00a0Il\u00a0s\u2019est rendu dans une Maison des femmes, \u00e0 des auditions judiciaires, et a eu acc\u00e8s \u00e0 des t\u00e9moignages d\u2019auteurs et [&hellip;]\" \/>\n<meta property=\"og:url\" content=\"https:\/\/lechappeeclose.it\/it\/boutique\/non class\u00e9\/nos-peres-nos-freres-nos-amis\/\" \/>\n<meta property=\"og:site_name\" content=\"l&#039;\u00e9chapp\u00e9e close\" \/>\n<meta property=\"og:image\" content=\"https:\/\/lechappeeclose.it\/wp-content\/uploads\/2023\/02\/Les-romans-de-lechappee-close-scaled.jpg\" \/>\n\t<meta property=\"og:image:width\" content=\"2560\" \/>\n\t<meta property=\"og:image:height\" content=\"1440\" \/>\n\t<meta property=\"og:image:type\" content=\"image\/jpeg\" \/>\n<meta name=\"twitter:card\" content=\"summary_large_image\" \/>\n<meta name=\"twitter:label1\" content=\"Tempo di lettura stimato\" \/>\n\t<meta name=\"twitter:data1\" content=\"1 minuto\" \/>\n<script type=\"application\/ld+json\" class=\"yoast-schema-graph\">{\"@context\":\"https:\\\/\\\/schema.org\",\"@graph\":[{\"@type\":\"WebPage\",\"@id\":\"https:\\\/\\\/lechappeeclose.it\\\/boutique\\\/non class\u00e9\\\/nos-peres-nos-freres-nos-amis\\\/\",\"url\":\"https:\\\/\\\/lechappeeclose.it\\\/boutique\\\/non class\u00e9\\\/nos-peres-nos-freres-nos-amis\\\/\",\"name\":\"Nos p\u00e8res, nos fr\u00e8res, nos amis - l&#039;\u00e9chapp\u00e9e close\",\"isPartOf\":{\"@id\":\"http:\\\/\\\/lechappeeclose.it\\\/#website\"},\"primaryImageOfPage\":{\"@id\":\"https:\\\/\\\/lechappeeclose.it\\\/boutique\\\/non class\u00e9\\\/nos-peres-nos-freres-nos-amis\\\/#primaryimage\"},\"image\":{\"@id\":\"https:\\\/\\\/lechappeeclose.it\\\/boutique\\\/non class\u00e9\\\/nos-peres-nos-freres-nos-amis\\\/#primaryimage\"},\"thumbnailUrl\":\"https:\\\/\\\/lechappeeclose.it\\\/wp-content\\\/uploads\\\/2026\\\/04\\\/Nos-peres-nos-freres-nos-amis.jpeg\",\"datePublished\":\"2026-04-08T14:55:45+00:00\",\"breadcrumb\":{\"@id\":\"https:\\\/\\\/lechappeeclose.it\\\/boutique\\\/non class\u00e9\\\/nos-peres-nos-freres-nos-amis\\\/#breadcrumb\"},\"inLanguage\":\"it-IT\",\"potentialAction\":[{\"@type\":\"ReadAction\",\"target\":[\"https:\\\/\\\/lechappeeclose.it\\\/boutique\\\/non class\u00e9\\\/nos-peres-nos-freres-nos-amis\\\/\"]}]},{\"@type\":\"ImageObject\",\"inLanguage\":\"it-IT\",\"@id\":\"https:\\\/\\\/lechappeeclose.it\\\/boutique\\\/non class\u00e9\\\/nos-peres-nos-freres-nos-amis\\\/#primaryimage\",\"url\":\"https:\\\/\\\/lechappeeclose.it\\\/wp-content\\\/uploads\\\/2026\\\/04\\\/Nos-peres-nos-freres-nos-amis.jpeg\",\"contentUrl\":\"https:\\\/\\\/lechappeeclose.it\\\/wp-content\\\/uploads\\\/2026\\\/04\\\/Nos-peres-nos-freres-nos-amis.jpeg\",\"width\":329,\"height\":445},{\"@type\":\"BreadcrumbList\",\"@id\":\"https:\\\/\\\/lechappeeclose.it\\\/boutique\\\/non class\u00e9\\\/nos-peres-nos-freres-nos-amis\\\/#breadcrumb\",\"itemListElement\":[{\"@type\":\"ListItem\",\"position\":1,\"name\":\"Accueil\",\"item\":\"http:\\\/\\\/lechappeeclose.it\\\/\"},{\"@type\":\"ListItem\",\"position\":2,\"name\":\"Boutique\",\"item\":\"http:\\\/\\\/lechappeeclose.it\\\/boutique\\\/\"},{\"@type\":\"ListItem\",\"position\":3,\"name\":\"Nos p\u00e8res, nos fr\u00e8res, nos amis\"}]},{\"@type\":\"WebSite\",\"@id\":\"http:\\\/\\\/lechappeeclose.it\\\/#website\",\"url\":\"http:\\\/\\\/lechappeeclose.it\\\/\",\"name\":\"l&#039;\u00e9chapp\u00e9e close\",\"description\":\"la librairie fran\u00e7aise de Milan\",\"publisher\":{\"@id\":\"http:\\\/\\\/lechappeeclose.it\\\/#organization\"},\"alternateName\":\"La librairie fran\u00e7aise de Milan\",\"potentialAction\":[{\"@type\":\"SearchAction\",\"target\":{\"@type\":\"EntryPoint\",\"urlTemplate\":\"http:\\\/\\\/lechappeeclose.it\\\/?s={search_term_string}\"},\"query-input\":{\"@type\":\"PropertyValueSpecification\",\"valueRequired\":true,\"valueName\":\"search_term_string\"}}],\"inLanguage\":\"it-IT\"},{\"@type\":\"Organization\",\"@id\":\"http:\\\/\\\/lechappeeclose.it\\\/#organization\",\"name\":\"l&#039;\u00e9chapp\u00e9e close\",\"url\":\"http:\\\/\\\/lechappeeclose.it\\\/\",\"logo\":{\"@type\":\"ImageObject\",\"inLanguage\":\"it-IT\",\"@id\":\"http:\\\/\\\/lechappeeclose.it\\\/#\\\/schema\\\/logo\\\/image\\\/\",\"url\":\"https:\\\/\\\/lechappeeclose.it\\\/wp-content\\\/uploads\\\/2025\\\/02\\\/cropped-logo-rond.png\",\"contentUrl\":\"https:\\\/\\\/lechappeeclose.it\\\/wp-content\\\/uploads\\\/2025\\\/02\\\/cropped-logo-rond.png\",\"width\":1080,\"height\":1080,\"caption\":\"l&#039;\u00e9chapp\u00e9e close\"},\"image\":{\"@id\":\"http:\\\/\\\/lechappeeclose.it\\\/#\\\/schema\\\/logo\\\/image\\\/\"},\"sameAs\":[\"https:\\\/\\\/www.instagram.com\\\/lechappeeclose\\\/\"]}]}<\/script>\n<!-- \/ Yoast SEO plugin. -->","yoast_head_json":{"title":"Nos p\u00e8res, nos fr\u00e8res, nos amis - l&#039;\u00e9chapp\u00e9e close","robots":{"index":"index","follow":"follow","max-snippet":"max-snippet:-1","max-image-preview":"max-image-preview:large","max-video-preview":"max-video-preview:-1"},"canonical":"https:\/\/lechappeeclose.it\/it\/boutique\/non class\u00e9\/nos-peres-nos-freres-nos-amis\/","og_locale":"it_IT","og_type":"article","og_title":"Nos p\u00e8res, nos fr\u00e8res, nos amis - l&#039;\u00e9chapp\u00e9e close","og_description":"Apr\u00e8s sa s\u00e9rie \u00ab\u00a0Des hommes violents\u00a0\u00bb pour France Culture en 2019, Mathieu Palain a voulu prolonger et approfondir cette enqu\u00eate en immersion dans un groupe de parole r\u00e9unissant des hommes condamn\u00e9s pour violences faites aux femmes.\u00a0Il\u00a0s\u2019est rendu dans une Maison des femmes, \u00e0 des auditions judiciaires, et a eu acc\u00e8s \u00e0 des t\u00e9moignages d\u2019auteurs et [&hellip;]","og_url":"https:\/\/lechappeeclose.it\/it\/boutique\/non class\u00e9\/nos-peres-nos-freres-nos-amis\/","og_site_name":"l&#039;\u00e9chapp\u00e9e close","og_image":[{"width":2560,"height":1440,"url":"https:\/\/lechappeeclose.it\/wp-content\/uploads\/2023\/02\/Les-romans-de-lechappee-close-scaled.jpg","type":"image\/jpeg"}],"twitter_card":"summary_large_image","twitter_misc":{"Tempo di lettura stimato":"1 minuto"},"schema":{"@context":"https:\/\/schema.org","@graph":[{"@type":"WebPage","@id":"https:\/\/lechappeeclose.it\/boutique\/non class\u00e9\/nos-peres-nos-freres-nos-amis\/","url":"https:\/\/lechappeeclose.it\/boutique\/non class\u00e9\/nos-peres-nos-freres-nos-amis\/","name":"Nos p\u00e8res, nos fr\u00e8res, nos amis - l&#039;\u00e9chapp\u00e9e close","isPartOf":{"@id":"http:\/\/lechappeeclose.it\/#website"},"primaryImageOfPage":{"@id":"https:\/\/lechappeeclose.it\/boutique\/non class\u00e9\/nos-peres-nos-freres-nos-amis\/#primaryimage"},"image":{"@id":"https:\/\/lechappeeclose.it\/boutique\/non class\u00e9\/nos-peres-nos-freres-nos-amis\/#primaryimage"},"thumbnailUrl":"https:\/\/lechappeeclose.it\/wp-content\/uploads\/2026\/04\/Nos-peres-nos-freres-nos-amis.jpeg","datePublished":"2026-04-08T14:55:45+00:00","breadcrumb":{"@id":"https:\/\/lechappeeclose.it\/boutique\/non class\u00e9\/nos-peres-nos-freres-nos-amis\/#breadcrumb"},"inLanguage":"it-IT","potentialAction":[{"@type":"ReadAction","target":["https:\/\/lechappeeclose.it\/boutique\/non class\u00e9\/nos-peres-nos-freres-nos-amis\/"]}]},{"@type":"ImageObject","inLanguage":"it-IT","@id":"https:\/\/lechappeeclose.it\/boutique\/non class\u00e9\/nos-peres-nos-freres-nos-amis\/#primaryimage","url":"https:\/\/lechappeeclose.it\/wp-content\/uploads\/2026\/04\/Nos-peres-nos-freres-nos-amis.jpeg","contentUrl":"https:\/\/lechappeeclose.it\/wp-content\/uploads\/2026\/04\/Nos-peres-nos-freres-nos-amis.jpeg","width":329,"height":445},{"@type":"BreadcrumbList","@id":"https:\/\/lechappeeclose.it\/boutique\/non class\u00e9\/nos-peres-nos-freres-nos-amis\/#breadcrumb","itemListElement":[{"@type":"ListItem","position":1,"name":"Accueil","item":"http:\/\/lechappeeclose.it\/"},{"@type":"ListItem","position":2,"name":"Boutique","item":"http:\/\/lechappeeclose.it\/boutique\/"},{"@type":"ListItem","position":3,"name":"Nos p\u00e8res, nos fr\u00e8res, nos amis"}]},{"@type":"WebSite","@id":"http:\/\/lechappeeclose.it\/#website","url":"http:\/\/lechappeeclose.it\/","name":"l&#039;\u00e9chapp\u00e9e close","description":"La libreria francese di Milano","publisher":{"@id":"http:\/\/lechappeeclose.it\/#organization"},"alternateName":"La librairie fran\u00e7aise de Milan","potentialAction":[{"@type":"SearchAction","target":{"@type":"EntryPoint","urlTemplate":"http:\/\/lechappeeclose.it\/?s={search_term_string}"},"query-input":{"@type":"PropertyValueSpecification","valueRequired":true,"valueName":"search_term_string"}}],"inLanguage":"it-IT"},{"@type":"Organization","@id":"http:\/\/lechappeeclose.it\/#organization","name":"l&#039;\u00e9chapp\u00e9e close","url":"http:\/\/lechappeeclose.it\/","logo":{"@type":"ImageObject","inLanguage":"it-IT","@id":"http:\/\/lechappeeclose.it\/#\/schema\/logo\/image\/","url":"https:\/\/lechappeeclose.it\/wp-content\/uploads\/2025\/02\/cropped-logo-rond.png","contentUrl":"https:\/\/lechappeeclose.it\/wp-content\/uploads\/2025\/02\/cropped-logo-rond.png","width":1080,"height":1080,"caption":"l&#039;\u00e9chapp\u00e9e close"},"image":{"@id":"http:\/\/lechappeeclose.it\/#\/schema\/logo\/image\/"},"sameAs":["https:\/\/www.instagram.com\/lechappeeclose\/"]}]}},"_links":{"self":[{"href":"https:\/\/lechappeeclose.it\/it\/wp-json\/wp\/v2\/product\/13125","targetHints":{"allow":["GET"]}}],"collection":[{"href":"https:\/\/lechappeeclose.it\/it\/wp-json\/wp\/v2\/product"}],"about":[{"href":"https:\/\/lechappeeclose.it\/it\/wp-json\/wp\/v2\/types\/product"}],"replies":[{"embeddable":true,"href":"https:\/\/lechappeeclose.it\/it\/wp-json\/wp\/v2\/comments?post=13125"}],"wp:featuredmedia":[{"embeddable":true,"href":"https:\/\/lechappeeclose.it\/it\/wp-json\/wp\/v2\/media\/13124"}],"wp:attachment":[{"href":"https:\/\/lechappeeclose.it\/it\/wp-json\/wp\/v2\/media?parent=13125"}],"wp:term":[{"taxonomy":"product_brand","embeddable":true,"href":"https:\/\/lechappeeclose.it\/it\/wp-json\/wp\/v2\/product_brand?post=13125"},{"taxonomy":"product_cat","embeddable":true,"href":"https:\/\/lechappeeclose.it\/it\/wp-json\/wp\/v2\/product_cat?post=13125"},{"taxonomy":"product_tag","embeddable":true,"href":"https:\/\/lechappeeclose.it\/it\/wp-json\/wp\/v2\/product_tag?post=13125"}],"curies":[{"name":"wp","href":"https:\/\/api.w.org\/{rel}","templated":true}]}}