{"id":13118,"date":"2026-04-08T16:51:23","date_gmt":"2026-04-08T14:51:23","guid":{"rendered":"https:\/\/lechappeeclose.it\/boutique\/non class\u00e9\/poemes-de-prison\/"},"modified":"2026-04-08T16:51:23","modified_gmt":"2026-04-08T14:51:23","slug":"poemes-de-prison","status":"publish","type":"product","link":"https:\/\/lechappeeclose.it\/it\/boutique\/livres\/litterature\/poesie\/poemes-de-prison\/","title":{"rendered":"Po\u00e8mes de prison"},"content":{"rendered":"<p>PS comme Post scriptum<br \/>\nPS comme Les consonnes du mot P(o\u00e9)S(ie)<br \/>\nPS comme Po\u00e9sie Seghers<br \/>\nFigure militante, autrice d&#8217;une oeuvre en prose principalement compos\u00e9e d&#8217;\u00e9crits intimes, Gris\u00e9lidis R\u00e9al (1929-2005) est aussi &#8221; l&#8217;une des plus grandes voix po\u00e9tiques du xxe si\u00e8cle &#8221; (Nancy Huston), r\u00e9v\u00e9l\u00e9e par la publication de<br \/>\nChair vive (Seghers, 2022). Les amours passionnelles et destructrices, l&#8217;exil, la prostitution et la maladie constituent le terreau de sa cr\u00e9ation. Ces<br \/>\nPo\u00e8mes de prison sont \u00e9crits en 1963, alors qu&#8217;elle est \u00e9crou\u00e9e pour trafic de stup\u00e9fiants \u00e0 Munich. Pendant les sept mois et demi de sa d\u00e9tention, elle se livre \u00e0 une activit\u00e9 artistique et litt\u00e9raire d\u00e9terminante.<\/p>","protected":false},"excerpt":{"rendered":"<p>PS comme Post scriptum PS comme Les consonnes du mot P(o\u00e9)S(ie) PS comme Po\u00e9sie Seghers Figure militante, autrice d&#8217;une oeuvre en prose principalement compos\u00e9e d&#8217;\u00e9crits intimes, Gris\u00e9lidis R\u00e9al (1929-2005) est aussi &#8221; l&#8217;une des plus grandes voix po\u00e9tiques du xxe si\u00e8cle &#8221; (Nancy Huston), r\u00e9v\u00e9l\u00e9e par la publication de Chair vive (Seghers, 2022). Les amours [&hellip;]<\/p>","protected":false},"featured_media":13117,"comment_status":"open","ping_status":"closed","template":"","meta":[],"product_brand":[],"product_cat":[48],"product_tag":[],"class_list":{"0":"post-13118","1":"product","2":"type-product","3":"status-publish","4":"has-post-thumbnail","6":"product_cat-poesie","8":"first","9":"instock","10":"taxable","11":"shipping-taxable","12":"purchasable","13":"product-type-simple"},"yoast_head":"<!-- This site is optimized with the Yoast SEO plugin v27.3 - https:\/\/yoast.com\/product\/yoast-seo-wordpress\/ -->\n<title>Po\u00e8mes de prison - l&#039;\u00e9chapp\u00e9e close<\/title>\n<meta name=\"robots\" content=\"index, follow, max-snippet:-1, max-image-preview:large, max-video-preview:-1\" \/>\n<link rel=\"canonical\" href=\"https:\/\/lechappeeclose.it\/it\/boutique\/non%20class\u00e9\/poemes-de-prison\/\" \/>\n<meta property=\"og:locale\" content=\"it_IT\" \/>\n<meta property=\"og:type\" content=\"article\" \/>\n<meta property=\"og:title\" content=\"Po\u00e8mes de prison - l&#039;\u00e9chapp\u00e9e close\" \/>\n<meta property=\"og:description\" content=\"PS comme Post scriptum PS comme Les consonnes du mot P(o\u00e9)S(ie) PS comme Po\u00e9sie Seghers Figure militante, autrice d&#8217;une oeuvre en prose principalement compos\u00e9e d&#8217;\u00e9crits intimes, Gris\u00e9lidis R\u00e9al (1929-2005) est aussi &#8221; l&#8217;une des plus grandes voix po\u00e9tiques du xxe si\u00e8cle &#8221; (Nancy Huston), r\u00e9v\u00e9l\u00e9e par la publication de Chair vive (Seghers, 2022). Les amours [&hellip;]\" \/>\n<meta property=\"og:url\" content=\"https:\/\/lechappeeclose.it\/it\/boutique\/non class\u00e9\/poemes-de-prison\/\" \/>\n<meta property=\"og:site_name\" content=\"l&#039;\u00e9chapp\u00e9e close\" \/>\n<meta property=\"og:image\" content=\"https:\/\/lechappeeclose.it\/wp-content\/uploads\/2023\/02\/Les-romans-de-lechappee-close-scaled.jpg\" \/>\n\t<meta property=\"og:image:width\" content=\"2560\" \/>\n\t<meta property=\"og:image:height\" content=\"1440\" \/>\n\t<meta property=\"og:image:type\" content=\"image\/jpeg\" \/>\n<meta name=\"twitter:card\" content=\"summary_large_image\" \/>\n<meta name=\"twitter:label1\" content=\"Tempo di lettura stimato\" \/>\n\t<meta name=\"twitter:data1\" content=\"1 minuto\" \/>\n<script type=\"application\/ld+json\" class=\"yoast-schema-graph\">{\"@context\":\"https:\\\/\\\/schema.org\",\"@graph\":[{\"@type\":\"WebPage\",\"@id\":\"https:\\\/\\\/lechappeeclose.it\\\/boutique\\\/non class\u00e9\\\/poemes-de-prison\\\/\",\"url\":\"https:\\\/\\\/lechappeeclose.it\\\/boutique\\\/non class\u00e9\\\/poemes-de-prison\\\/\",\"name\":\"Po\u00e8mes de prison - l&#039;\u00e9chapp\u00e9e close\",\"isPartOf\":{\"@id\":\"http:\\\/\\\/lechappeeclose.it\\\/#website\"},\"primaryImageOfPage\":{\"@id\":\"https:\\\/\\\/lechappeeclose.it\\\/boutique\\\/non class\u00e9\\\/poemes-de-prison\\\/#primaryimage\"},\"image\":{\"@id\":\"https:\\\/\\\/lechappeeclose.it\\\/boutique\\\/non class\u00e9\\\/poemes-de-prison\\\/#primaryimage\"},\"thumbnailUrl\":\"https:\\\/\\\/lechappeeclose.it\\\/wp-content\\\/uploads\\\/2026\\\/04\\\/Poemes-de-prison.jpeg\",\"datePublished\":\"2026-04-08T14:51:23+00:00\",\"breadcrumb\":{\"@id\":\"https:\\\/\\\/lechappeeclose.it\\\/boutique\\\/non class\u00e9\\\/poemes-de-prison\\\/#breadcrumb\"},\"inLanguage\":\"it-IT\",\"potentialAction\":[{\"@type\":\"ReadAction\",\"target\":[\"https:\\\/\\\/lechappeeclose.it\\\/boutique\\\/non class\u00e9\\\/poemes-de-prison\\\/\"]}]},{\"@type\":\"ImageObject\",\"inLanguage\":\"it-IT\",\"@id\":\"https:\\\/\\\/lechappeeclose.it\\\/boutique\\\/non class\u00e9\\\/poemes-de-prison\\\/#primaryimage\",\"url\":\"https:\\\/\\\/lechappeeclose.it\\\/wp-content\\\/uploads\\\/2026\\\/04\\\/Poemes-de-prison.jpeg\",\"contentUrl\":\"https:\\\/\\\/lechappeeclose.it\\\/wp-content\\\/uploads\\\/2026\\\/04\\\/Poemes-de-prison.jpeg\",\"width\":306,\"height\":500},{\"@type\":\"BreadcrumbList\",\"@id\":\"https:\\\/\\\/lechappeeclose.it\\\/boutique\\\/non class\u00e9\\\/poemes-de-prison\\\/#breadcrumb\",\"itemListElement\":[{\"@type\":\"ListItem\",\"position\":1,\"name\":\"Accueil\",\"item\":\"http:\\\/\\\/lechappeeclose.it\\\/\"},{\"@type\":\"ListItem\",\"position\":2,\"name\":\"Boutique\",\"item\":\"http:\\\/\\\/lechappeeclose.it\\\/boutique\\\/\"},{\"@type\":\"ListItem\",\"position\":3,\"name\":\"Po\u00e8mes de prison\"}]},{\"@type\":\"WebSite\",\"@id\":\"http:\\\/\\\/lechappeeclose.it\\\/#website\",\"url\":\"http:\\\/\\\/lechappeeclose.it\\\/\",\"name\":\"l&#039;\u00e9chapp\u00e9e close\",\"description\":\"la librairie fran\u00e7aise de Milan\",\"publisher\":{\"@id\":\"http:\\\/\\\/lechappeeclose.it\\\/#organization\"},\"alternateName\":\"La librairie fran\u00e7aise de Milan\",\"potentialAction\":[{\"@type\":\"SearchAction\",\"target\":{\"@type\":\"EntryPoint\",\"urlTemplate\":\"http:\\\/\\\/lechappeeclose.it\\\/?s={search_term_string}\"},\"query-input\":{\"@type\":\"PropertyValueSpecification\",\"valueRequired\":true,\"valueName\":\"search_term_string\"}}],\"inLanguage\":\"it-IT\"},{\"@type\":\"Organization\",\"@id\":\"http:\\\/\\\/lechappeeclose.it\\\/#organization\",\"name\":\"l&#039;\u00e9chapp\u00e9e close\",\"url\":\"http:\\\/\\\/lechappeeclose.it\\\/\",\"logo\":{\"@type\":\"ImageObject\",\"inLanguage\":\"it-IT\",\"@id\":\"http:\\\/\\\/lechappeeclose.it\\\/#\\\/schema\\\/logo\\\/image\\\/\",\"url\":\"https:\\\/\\\/lechappeeclose.it\\\/wp-content\\\/uploads\\\/2025\\\/02\\\/cropped-logo-rond.png\",\"contentUrl\":\"https:\\\/\\\/lechappeeclose.it\\\/wp-content\\\/uploads\\\/2025\\\/02\\\/cropped-logo-rond.png\",\"width\":1080,\"height\":1080,\"caption\":\"l&#039;\u00e9chapp\u00e9e close\"},\"image\":{\"@id\":\"http:\\\/\\\/lechappeeclose.it\\\/#\\\/schema\\\/logo\\\/image\\\/\"},\"sameAs\":[\"https:\\\/\\\/www.instagram.com\\\/lechappeeclose\\\/\"]}]}<\/script>\n<!-- \/ Yoast SEO plugin. -->","yoast_head_json":{"title":"Po\u00e8mes de prison - l&#039;\u00e9chapp\u00e9e close","robots":{"index":"index","follow":"follow","max-snippet":"max-snippet:-1","max-image-preview":"max-image-preview:large","max-video-preview":"max-video-preview:-1"},"canonical":"https:\/\/lechappeeclose.it\/it\/boutique\/non class\u00e9\/poemes-de-prison\/","og_locale":"it_IT","og_type":"article","og_title":"Po\u00e8mes de prison - l&#039;\u00e9chapp\u00e9e close","og_description":"PS comme Post scriptum PS comme Les consonnes du mot P(o\u00e9)S(ie) PS comme Po\u00e9sie Seghers Figure militante, autrice d&#8217;une oeuvre en prose principalement compos\u00e9e d&#8217;\u00e9crits intimes, Gris\u00e9lidis R\u00e9al (1929-2005) est aussi &#8221; l&#8217;une des plus grandes voix po\u00e9tiques du xxe si\u00e8cle &#8221; (Nancy Huston), r\u00e9v\u00e9l\u00e9e par la publication de Chair vive (Seghers, 2022). Les amours [&hellip;]","og_url":"https:\/\/lechappeeclose.it\/it\/boutique\/non class\u00e9\/poemes-de-prison\/","og_site_name":"l&#039;\u00e9chapp\u00e9e close","og_image":[{"width":2560,"height":1440,"url":"https:\/\/lechappeeclose.it\/wp-content\/uploads\/2023\/02\/Les-romans-de-lechappee-close-scaled.jpg","type":"image\/jpeg"}],"twitter_card":"summary_large_image","twitter_misc":{"Tempo di lettura stimato":"1 minuto"},"schema":{"@context":"https:\/\/schema.org","@graph":[{"@type":"WebPage","@id":"https:\/\/lechappeeclose.it\/boutique\/non class\u00e9\/poemes-de-prison\/","url":"https:\/\/lechappeeclose.it\/boutique\/non class\u00e9\/poemes-de-prison\/","name":"Po\u00e8mes de prison - l&#039;\u00e9chapp\u00e9e close","isPartOf":{"@id":"http:\/\/lechappeeclose.it\/#website"},"primaryImageOfPage":{"@id":"https:\/\/lechappeeclose.it\/boutique\/non class\u00e9\/poemes-de-prison\/#primaryimage"},"image":{"@id":"https:\/\/lechappeeclose.it\/boutique\/non class\u00e9\/poemes-de-prison\/#primaryimage"},"thumbnailUrl":"https:\/\/lechappeeclose.it\/wp-content\/uploads\/2026\/04\/Poemes-de-prison.jpeg","datePublished":"2026-04-08T14:51:23+00:00","breadcrumb":{"@id":"https:\/\/lechappeeclose.it\/boutique\/non class\u00e9\/poemes-de-prison\/#breadcrumb"},"inLanguage":"it-IT","potentialAction":[{"@type":"ReadAction","target":["https:\/\/lechappeeclose.it\/boutique\/non class\u00e9\/poemes-de-prison\/"]}]},{"@type":"ImageObject","inLanguage":"it-IT","@id":"https:\/\/lechappeeclose.it\/boutique\/non class\u00e9\/poemes-de-prison\/#primaryimage","url":"https:\/\/lechappeeclose.it\/wp-content\/uploads\/2026\/04\/Poemes-de-prison.jpeg","contentUrl":"https:\/\/lechappeeclose.it\/wp-content\/uploads\/2026\/04\/Poemes-de-prison.jpeg","width":306,"height":500},{"@type":"BreadcrumbList","@id":"https:\/\/lechappeeclose.it\/boutique\/non class\u00e9\/poemes-de-prison\/#breadcrumb","itemListElement":[{"@type":"ListItem","position":1,"name":"Accueil","item":"http:\/\/lechappeeclose.it\/"},{"@type":"ListItem","position":2,"name":"Boutique","item":"http:\/\/lechappeeclose.it\/boutique\/"},{"@type":"ListItem","position":3,"name":"Po\u00e8mes de prison"}]},{"@type":"WebSite","@id":"http:\/\/lechappeeclose.it\/#website","url":"http:\/\/lechappeeclose.it\/","name":"l&#039;\u00e9chapp\u00e9e close","description":"La libreria francese di Milano","publisher":{"@id":"http:\/\/lechappeeclose.it\/#organization"},"alternateName":"La librairie fran\u00e7aise de Milan","potentialAction":[{"@type":"SearchAction","target":{"@type":"EntryPoint","urlTemplate":"http:\/\/lechappeeclose.it\/?s={search_term_string}"},"query-input":{"@type":"PropertyValueSpecification","valueRequired":true,"valueName":"search_term_string"}}],"inLanguage":"it-IT"},{"@type":"Organization","@id":"http:\/\/lechappeeclose.it\/#organization","name":"l&#039;\u00e9chapp\u00e9e close","url":"http:\/\/lechappeeclose.it\/","logo":{"@type":"ImageObject","inLanguage":"it-IT","@id":"http:\/\/lechappeeclose.it\/#\/schema\/logo\/image\/","url":"https:\/\/lechappeeclose.it\/wp-content\/uploads\/2025\/02\/cropped-logo-rond.png","contentUrl":"https:\/\/lechappeeclose.it\/wp-content\/uploads\/2025\/02\/cropped-logo-rond.png","width":1080,"height":1080,"caption":"l&#039;\u00e9chapp\u00e9e close"},"image":{"@id":"http:\/\/lechappeeclose.it\/#\/schema\/logo\/image\/"},"sameAs":["https:\/\/www.instagram.com\/lechappeeclose\/"]}]}},"_links":{"self":[{"href":"https:\/\/lechappeeclose.it\/it\/wp-json\/wp\/v2\/product\/13118","targetHints":{"allow":["GET"]}}],"collection":[{"href":"https:\/\/lechappeeclose.it\/it\/wp-json\/wp\/v2\/product"}],"about":[{"href":"https:\/\/lechappeeclose.it\/it\/wp-json\/wp\/v2\/types\/product"}],"replies":[{"embeddable":true,"href":"https:\/\/lechappeeclose.it\/it\/wp-json\/wp\/v2\/comments?post=13118"}],"wp:featuredmedia":[{"embeddable":true,"href":"https:\/\/lechappeeclose.it\/it\/wp-json\/wp\/v2\/media\/13117"}],"wp:attachment":[{"href":"https:\/\/lechappeeclose.it\/it\/wp-json\/wp\/v2\/media?parent=13118"}],"wp:term":[{"taxonomy":"product_brand","embeddable":true,"href":"https:\/\/lechappeeclose.it\/it\/wp-json\/wp\/v2\/product_brand?post=13118"},{"taxonomy":"product_cat","embeddable":true,"href":"https:\/\/lechappeeclose.it\/it\/wp-json\/wp\/v2\/product_cat?post=13118"},{"taxonomy":"product_tag","embeddable":true,"href":"https:\/\/lechappeeclose.it\/it\/wp-json\/wp\/v2\/product_tag?post=13118"}],"curies":[{"name":"wp","href":"https:\/\/api.w.org\/{rel}","templated":true}]}}