{"id":13116,"date":"2026-04-08T16:46:29","date_gmt":"2026-04-08T14:46:29","guid":{"rendered":"https:\/\/lechappeeclose.it\/boutique\/non%20class\u00e9\/des-lances-entre-les-phalanges\/"},"modified":"2026-04-08T18:45:26","modified_gmt":"2026-04-08T16:45:26","slug":"des-lances-entre-les-phalanges","status":"publish","type":"product","link":"https:\/\/lechappeeclose.it\/it\/boutique\/livres\/litterature\/poesie\/des-lances-entre-les-phalanges\/","title":{"rendered":"Des lances entre les phalanges"},"content":{"rendered":"<p>Avec Des lances entre les phalanges, Clara Ys\u00e9 publie, chez Seghers, son deuxi\u00e8me recueil de po\u00e9sie.&#8221; <\/p>\n<p>On inventera une langue<br \/>\nUne langue sauvage<br \/>\nUne langue exil\u00e9e<br \/>\nUne langue prot\u00e9g\u00e9e br\u00fbl\u00e9e \u00e9rafl\u00e9e<br \/>\nUne langue d\u00e9sint\u00e9gr\u00e9e mais pour nous langue sauv\u00e9e<br \/>\nUne langue asile<br \/>\nUne langue antimissile<br \/>\nUne langue difficile<br \/>\nUne langue inutile reptile fertile<br \/>\nUne langue en constant mouvement pour accueillir les enfants les r\u00e9sistants les torrents les bruts diamants<br \/>\nUne langue pour les \u00e9l\u00e9phants<br \/>\nUne langue pour la m\u00e9moire une langue pour les histoires<br \/>\nUne langue pour les \u00e9motions pour les papillons<br \/>\nUne langue qui refuse de mentir<br \/>\nUne langue contre les Empires<br \/>\nUne langue pour les fragiles navires<br \/>\nUne langue pour s&#8217;\u00e9crire<br \/>\nUne langue pour s&#8217;aimer et jamais pour se d\u00e9chirer<br \/>\nUne langue pour se retrouver [&#8230;] &#8220;<\/p>","protected":false},"excerpt":{"rendered":"<p>Avec Des lances entre les phalanges, Clara Ys\u00e9 publie, chez Seghers, son deuxi\u00e8me recueil de po\u00e9sie.&#8221; On inventera une langue Une langue sauvage Une langue exil\u00e9e Une langue prot\u00e9g\u00e9e br\u00fbl\u00e9e \u00e9rafl\u00e9e Une langue d\u00e9sint\u00e9gr\u00e9e mais pour nous langue sauv\u00e9e Une langue asile Une langue antimissile Une langue difficile Une langue inutile reptile fertile Une langue [&hellip;]<\/p>","protected":false},"featured_media":13115,"comment_status":"open","ping_status":"closed","template":"","meta":[],"product_brand":[],"product_cat":[48],"product_tag":[],"class_list":{"0":"post-13116","1":"product","2":"type-product","3":"status-publish","4":"has-post-thumbnail","6":"product_cat-poesie","8":"first","9":"onbackorder","10":"taxable","11":"shipping-taxable","12":"purchasable","13":"product-type-simple"},"yoast_head":"<!-- This site is optimized with the Yoast SEO plugin v27.3 - https:\/\/yoast.com\/product\/yoast-seo-wordpress\/ -->\n<title>Des lances entre les phalanges - l&#039;\u00e9chapp\u00e9e close<\/title>\n<meta name=\"robots\" content=\"index, follow, max-snippet:-1, max-image-preview:large, max-video-preview:-1\" \/>\n<link rel=\"canonical\" href=\"https:\/\/lechappeeclose.it\/it\/boutique\/livres\/litterature\/poesie\/des-lances-entre-les-phalanges\/\" \/>\n<meta property=\"og:locale\" content=\"it_IT\" \/>\n<meta property=\"og:type\" content=\"article\" \/>\n<meta property=\"og:title\" content=\"Des lances entre les phalanges - l&#039;\u00e9chapp\u00e9e close\" \/>\n<meta property=\"og:description\" content=\"Avec Des lances entre les phalanges, Clara Ys\u00e9 publie, chez Seghers, son deuxi\u00e8me recueil de po\u00e9sie.&#8221; On inventera une langue Une langue sauvage Une langue exil\u00e9e Une langue prot\u00e9g\u00e9e br\u00fbl\u00e9e \u00e9rafl\u00e9e Une langue d\u00e9sint\u00e9gr\u00e9e mais pour nous langue sauv\u00e9e Une langue asile Une langue antimissile Une langue difficile Une langue inutile reptile fertile Une langue [&hellip;]\" \/>\n<meta property=\"og:url\" content=\"https:\/\/lechappeeclose.it\/it\/boutique\/livres\/litterature\/poesie\/des-lances-entre-les-phalanges\/\" \/>\n<meta property=\"og:site_name\" content=\"l&#039;\u00e9chapp\u00e9e close\" \/>\n<meta property=\"article:modified_time\" content=\"2026-04-08T16:45:26+00:00\" \/>\n<meta property=\"og:image\" content=\"http:\/\/lechappeeclose.it\/wp-content\/uploads\/2026\/04\/Des-lances-entre-les-phalanges.jpeg\" \/>\n\t<meta property=\"og:image:width\" content=\"340\" \/>\n\t<meta property=\"og:image:height\" content=\"340\" \/>\n\t<meta property=\"og:image:type\" content=\"image\/jpeg\" \/>\n<meta name=\"twitter:card\" content=\"summary_large_image\" \/>\n<meta name=\"twitter:label1\" content=\"Tempo di lettura stimato\" \/>\n\t<meta name=\"twitter:data1\" content=\"1 minuto\" \/>\n<script type=\"application\/ld+json\" class=\"yoast-schema-graph\">{\"@context\":\"https:\\\/\\\/schema.org\",\"@graph\":[{\"@type\":\"WebPage\",\"@id\":\"https:\\\/\\\/lechappeeclose.it\\\/boutique\\\/livres\\\/litterature\\\/poesie\\\/des-lances-entre-les-phalanges\\\/\",\"url\":\"https:\\\/\\\/lechappeeclose.it\\\/boutique\\\/livres\\\/litterature\\\/poesie\\\/des-lances-entre-les-phalanges\\\/\",\"name\":\"Des lances entre les phalanges - l&#039;\u00e9chapp\u00e9e close\",\"isPartOf\":{\"@id\":\"http:\\\/\\\/lechappeeclose.it\\\/#website\"},\"primaryImageOfPage\":{\"@id\":\"https:\\\/\\\/lechappeeclose.it\\\/boutique\\\/livres\\\/litterature\\\/poesie\\\/des-lances-entre-les-phalanges\\\/#primaryimage\"},\"image\":{\"@id\":\"https:\\\/\\\/lechappeeclose.it\\\/boutique\\\/livres\\\/litterature\\\/poesie\\\/des-lances-entre-les-phalanges\\\/#primaryimage\"},\"thumbnailUrl\":\"https:\\\/\\\/lechappeeclose.it\\\/wp-content\\\/uploads\\\/2026\\\/04\\\/Des-lances-entre-les-phalanges.jpeg\",\"datePublished\":\"2026-04-08T14:46:29+00:00\",\"dateModified\":\"2026-04-08T16:45:26+00:00\",\"breadcrumb\":{\"@id\":\"https:\\\/\\\/lechappeeclose.it\\\/boutique\\\/livres\\\/litterature\\\/poesie\\\/des-lances-entre-les-phalanges\\\/#breadcrumb\"},\"inLanguage\":\"it-IT\",\"potentialAction\":[{\"@type\":\"ReadAction\",\"target\":[\"https:\\\/\\\/lechappeeclose.it\\\/boutique\\\/livres\\\/litterature\\\/poesie\\\/des-lances-entre-les-phalanges\\\/\"]}]},{\"@type\":\"ImageObject\",\"inLanguage\":\"it-IT\",\"@id\":\"https:\\\/\\\/lechappeeclose.it\\\/boutique\\\/livres\\\/litterature\\\/poesie\\\/des-lances-entre-les-phalanges\\\/#primaryimage\",\"url\":\"https:\\\/\\\/lechappeeclose.it\\\/wp-content\\\/uploads\\\/2026\\\/04\\\/Des-lances-entre-les-phalanges.jpeg\",\"contentUrl\":\"https:\\\/\\\/lechappeeclose.it\\\/wp-content\\\/uploads\\\/2026\\\/04\\\/Des-lances-entre-les-phalanges.jpeg\",\"width\":340,\"height\":340},{\"@type\":\"BreadcrumbList\",\"@id\":\"https:\\\/\\\/lechappeeclose.it\\\/boutique\\\/livres\\\/litterature\\\/poesie\\\/des-lances-entre-les-phalanges\\\/#breadcrumb\",\"itemListElement\":[{\"@type\":\"ListItem\",\"position\":1,\"name\":\"Accueil\",\"item\":\"http:\\\/\\\/lechappeeclose.it\\\/\"},{\"@type\":\"ListItem\",\"position\":2,\"name\":\"Boutique\",\"item\":\"http:\\\/\\\/lechappeeclose.it\\\/boutique\\\/\"},{\"@type\":\"ListItem\",\"position\":3,\"name\":\"Des lances entre les phalanges\"}]},{\"@type\":\"WebSite\",\"@id\":\"http:\\\/\\\/lechappeeclose.it\\\/#website\",\"url\":\"http:\\\/\\\/lechappeeclose.it\\\/\",\"name\":\"l&#039;\u00e9chapp\u00e9e close\",\"description\":\"la librairie fran\u00e7aise de Milan\",\"publisher\":{\"@id\":\"http:\\\/\\\/lechappeeclose.it\\\/#organization\"},\"alternateName\":\"La librairie fran\u00e7aise de Milan\",\"potentialAction\":[{\"@type\":\"SearchAction\",\"target\":{\"@type\":\"EntryPoint\",\"urlTemplate\":\"http:\\\/\\\/lechappeeclose.it\\\/?s={search_term_string}\"},\"query-input\":{\"@type\":\"PropertyValueSpecification\",\"valueRequired\":true,\"valueName\":\"search_term_string\"}}],\"inLanguage\":\"it-IT\"},{\"@type\":\"Organization\",\"@id\":\"http:\\\/\\\/lechappeeclose.it\\\/#organization\",\"name\":\"l&#039;\u00e9chapp\u00e9e close\",\"url\":\"http:\\\/\\\/lechappeeclose.it\\\/\",\"logo\":{\"@type\":\"ImageObject\",\"inLanguage\":\"it-IT\",\"@id\":\"http:\\\/\\\/lechappeeclose.it\\\/#\\\/schema\\\/logo\\\/image\\\/\",\"url\":\"https:\\\/\\\/lechappeeclose.it\\\/wp-content\\\/uploads\\\/2025\\\/02\\\/cropped-logo-rond.png\",\"contentUrl\":\"https:\\\/\\\/lechappeeclose.it\\\/wp-content\\\/uploads\\\/2025\\\/02\\\/cropped-logo-rond.png\",\"width\":1080,\"height\":1080,\"caption\":\"l&#039;\u00e9chapp\u00e9e close\"},\"image\":{\"@id\":\"http:\\\/\\\/lechappeeclose.it\\\/#\\\/schema\\\/logo\\\/image\\\/\"},\"sameAs\":[\"https:\\\/\\\/www.instagram.com\\\/lechappeeclose\\\/\"]}]}<\/script>\n<!-- \/ Yoast SEO plugin. -->","yoast_head_json":{"title":"Des lances entre les phalanges - l&#039;\u00e9chapp\u00e9e close","robots":{"index":"index","follow":"follow","max-snippet":"max-snippet:-1","max-image-preview":"max-image-preview:large","max-video-preview":"max-video-preview:-1"},"canonical":"https:\/\/lechappeeclose.it\/it\/boutique\/livres\/litterature\/poesie\/des-lances-entre-les-phalanges\/","og_locale":"it_IT","og_type":"article","og_title":"Des lances entre les phalanges - l&#039;\u00e9chapp\u00e9e close","og_description":"Avec Des lances entre les phalanges, Clara Ys\u00e9 publie, chez Seghers, son deuxi\u00e8me recueil de po\u00e9sie.&#8221; On inventera une langue Une langue sauvage Une langue exil\u00e9e Une langue prot\u00e9g\u00e9e br\u00fbl\u00e9e \u00e9rafl\u00e9e Une langue d\u00e9sint\u00e9gr\u00e9e mais pour nous langue sauv\u00e9e Une langue asile Une langue antimissile Une langue difficile Une langue inutile reptile fertile Une langue [&hellip;]","og_url":"https:\/\/lechappeeclose.it\/it\/boutique\/livres\/litterature\/poesie\/des-lances-entre-les-phalanges\/","og_site_name":"l&#039;\u00e9chapp\u00e9e close","article_modified_time":"2026-04-08T16:45:26+00:00","og_image":[{"width":340,"height":340,"url":"http:\/\/lechappeeclose.it\/wp-content\/uploads\/2026\/04\/Des-lances-entre-les-phalanges.jpeg","type":"image\/jpeg"}],"twitter_card":"summary_large_image","twitter_misc":{"Tempo di lettura stimato":"1 minuto"},"schema":{"@context":"https:\/\/schema.org","@graph":[{"@type":"WebPage","@id":"https:\/\/lechappeeclose.it\/boutique\/livres\/litterature\/poesie\/des-lances-entre-les-phalanges\/","url":"https:\/\/lechappeeclose.it\/boutique\/livres\/litterature\/poesie\/des-lances-entre-les-phalanges\/","name":"Des lances entre les phalanges - l&#039;\u00e9chapp\u00e9e close","isPartOf":{"@id":"http:\/\/lechappeeclose.it\/#website"},"primaryImageOfPage":{"@id":"https:\/\/lechappeeclose.it\/boutique\/livres\/litterature\/poesie\/des-lances-entre-les-phalanges\/#primaryimage"},"image":{"@id":"https:\/\/lechappeeclose.it\/boutique\/livres\/litterature\/poesie\/des-lances-entre-les-phalanges\/#primaryimage"},"thumbnailUrl":"https:\/\/lechappeeclose.it\/wp-content\/uploads\/2026\/04\/Des-lances-entre-les-phalanges.jpeg","datePublished":"2026-04-08T14:46:29+00:00","dateModified":"2026-04-08T16:45:26+00:00","breadcrumb":{"@id":"https:\/\/lechappeeclose.it\/boutique\/livres\/litterature\/poesie\/des-lances-entre-les-phalanges\/#breadcrumb"},"inLanguage":"it-IT","potentialAction":[{"@type":"ReadAction","target":["https:\/\/lechappeeclose.it\/boutique\/livres\/litterature\/poesie\/des-lances-entre-les-phalanges\/"]}]},{"@type":"ImageObject","inLanguage":"it-IT","@id":"https:\/\/lechappeeclose.it\/boutique\/livres\/litterature\/poesie\/des-lances-entre-les-phalanges\/#primaryimage","url":"https:\/\/lechappeeclose.it\/wp-content\/uploads\/2026\/04\/Des-lances-entre-les-phalanges.jpeg","contentUrl":"https:\/\/lechappeeclose.it\/wp-content\/uploads\/2026\/04\/Des-lances-entre-les-phalanges.jpeg","width":340,"height":340},{"@type":"BreadcrumbList","@id":"https:\/\/lechappeeclose.it\/boutique\/livres\/litterature\/poesie\/des-lances-entre-les-phalanges\/#breadcrumb","itemListElement":[{"@type":"ListItem","position":1,"name":"Accueil","item":"http:\/\/lechappeeclose.it\/"},{"@type":"ListItem","position":2,"name":"Boutique","item":"http:\/\/lechappeeclose.it\/boutique\/"},{"@type":"ListItem","position":3,"name":"Des lances entre les phalanges"}]},{"@type":"WebSite","@id":"http:\/\/lechappeeclose.it\/#website","url":"http:\/\/lechappeeclose.it\/","name":"l&#039;\u00e9chapp\u00e9e close","description":"La libreria francese di Milano","publisher":{"@id":"http:\/\/lechappeeclose.it\/#organization"},"alternateName":"La librairie fran\u00e7aise de Milan","potentialAction":[{"@type":"SearchAction","target":{"@type":"EntryPoint","urlTemplate":"http:\/\/lechappeeclose.it\/?s={search_term_string}"},"query-input":{"@type":"PropertyValueSpecification","valueRequired":true,"valueName":"search_term_string"}}],"inLanguage":"it-IT"},{"@type":"Organization","@id":"http:\/\/lechappeeclose.it\/#organization","name":"l&#039;\u00e9chapp\u00e9e close","url":"http:\/\/lechappeeclose.it\/","logo":{"@type":"ImageObject","inLanguage":"it-IT","@id":"http:\/\/lechappeeclose.it\/#\/schema\/logo\/image\/","url":"https:\/\/lechappeeclose.it\/wp-content\/uploads\/2025\/02\/cropped-logo-rond.png","contentUrl":"https:\/\/lechappeeclose.it\/wp-content\/uploads\/2025\/02\/cropped-logo-rond.png","width":1080,"height":1080,"caption":"l&#039;\u00e9chapp\u00e9e close"},"image":{"@id":"http:\/\/lechappeeclose.it\/#\/schema\/logo\/image\/"},"sameAs":["https:\/\/www.instagram.com\/lechappeeclose\/"]}]}},"_links":{"self":[{"href":"https:\/\/lechappeeclose.it\/it\/wp-json\/wp\/v2\/product\/13116","targetHints":{"allow":["GET"]}}],"collection":[{"href":"https:\/\/lechappeeclose.it\/it\/wp-json\/wp\/v2\/product"}],"about":[{"href":"https:\/\/lechappeeclose.it\/it\/wp-json\/wp\/v2\/types\/product"}],"replies":[{"embeddable":true,"href":"https:\/\/lechappeeclose.it\/it\/wp-json\/wp\/v2\/comments?post=13116"}],"wp:featuredmedia":[{"embeddable":true,"href":"https:\/\/lechappeeclose.it\/it\/wp-json\/wp\/v2\/media\/13115"}],"wp:attachment":[{"href":"https:\/\/lechappeeclose.it\/it\/wp-json\/wp\/v2\/media?parent=13116"}],"wp:term":[{"taxonomy":"product_brand","embeddable":true,"href":"https:\/\/lechappeeclose.it\/it\/wp-json\/wp\/v2\/product_brand?post=13116"},{"taxonomy":"product_cat","embeddable":true,"href":"https:\/\/lechappeeclose.it\/it\/wp-json\/wp\/v2\/product_cat?post=13116"},{"taxonomy":"product_tag","embeddable":true,"href":"https:\/\/lechappeeclose.it\/it\/wp-json\/wp\/v2\/product_tag?post=13116"}],"curies":[{"name":"wp","href":"https:\/\/api.w.org\/{rel}","templated":true}]}}