{"id":12956,"date":"2026-03-05T11:58:27","date_gmt":"2026-03-05T10:58:27","guid":{"rendered":"https:\/\/lechappeeclose.it\/boutique\/non%20class\u00e9\/sainte-emmerderesse\/"},"modified":"2026-03-06T15:01:08","modified_gmt":"2026-03-06T14:01:08","slug":"sainte-emmerderesse","status":"publish","type":"product","link":"https:\/\/lechappeeclose.it\/it\/boutique\/livres\/litterature\/romans\/sainte-emmerderesse\/","title":{"rendered":"Sainte Emmerderesse"},"content":{"rendered":"<p>Le jour o\u00f9 Suzanne gagne au Loto, elle prend la fuite et ach\u00e8te un manoir en Normandie. Sur le domaine, elle d\u00e9couvre la tombe de sainte Emmerderesse. Avec trois comparses, elle redonne vie \u00e0 cette sainte aussi puissante qu&#8217;insolente et devient son ombre redout\u00e9e. Une r\u00e9volte d\u00e9brid\u00e9e s&#8217;annonce, car la sainte patronne des emmerdes n&#8217;\u00e9pargne personne. Une aventure lib\u00e9ratrice, un premier roman jubilatoire !&#8221; Si l&#8217;impuissance fut votre lot et que sur vous l&#8217;emport\u00e8rent les salauds, ce livre vous vengera. &#8221; La narratrice donne le ton. Avec une plume ac\u00e9r\u00e9e et un style foisonnant, le premier roman d&#8217;Audrey Alwett suit quatre personnages qui vont \u0153uvrer main dans la main pour faire rena\u00eetre de ses cendres une sainte moqueuse, jeune prot\u00e9g\u00e9e de Madame de Maintenon. Ce quatuor, en apparence mal assorti, est constitu\u00e9 d&#8217;un jeune pompier, d&#8217;une aide-soignante d\u00e9valoris\u00e9e, d&#8217;une autrice lesbienne germano-alg\u00e9rienne, et d&#8217;un vieux m\u00e9decin juif ath\u00e9e. Leurs aventures hautes en couleur embarquent le lecteur dans un coin de Normandie p\u00e9tri de racisme et d&#8217;homophobie, o\u00f9 le retour de sainte Emmerderesse pourrait faire bouger les lignes. Qui n&#8217;a jamais \u00e9t\u00e9 spoli\u00e9 ? Humili\u00e9 ? De sa plume savoureuse et piquante, Audrey Alwett signe la revanche des pauvres filles en faisant rena\u00eetre de ses cendres une sainte malicieuse. Sainte Emmerderesse est l&#8217;aventure folle d&#8217;un projet qui \u00e9chappe \u00e0 ses cr\u00e9ateurs. Impertinent et irr\u00e9sistible, elle nous invite \u00e0 un vivre-ensemble joyeux et tr\u00e9pidant. Un premier roman corrosif qui se d\u00e9vore.<\/p>","protected":false},"excerpt":{"rendered":"<p>Le jour o\u00f9 Suzanne gagne au Loto, elle prend la fuite et ach\u00e8te un manoir en Normandie. Sur le domaine, elle d\u00e9couvre la tombe de sainte Emmerderesse. Avec trois comparses, elle redonne vie \u00e0 cette sainte aussi puissante qu&#8217;insolente et devient son ombre redout\u00e9e. Une r\u00e9volte d\u00e9brid\u00e9e s&#8217;annonce, car la sainte patronne des emmerdes n&#8217;\u00e9pargne [&hellip;]<\/p>","protected":false},"featured_media":12955,"comment_status":"open","ping_status":"closed","template":"","meta":[],"product_brand":[],"product_cat":[46],"product_tag":[2072],"class_list":{"0":"post-12956","1":"product","2":"type-product","3":"status-publish","4":"has-post-thumbnail","6":"product_cat-romans","7":"product_tag-new","9":"first","10":"instock","11":"taxable","12":"shipping-taxable","13":"purchasable","14":"product-type-simple"},"yoast_head":"<!-- This site is optimized with the Yoast SEO plugin v27.4 - https:\/\/yoast.com\/product\/yoast-seo-wordpress\/ -->\n<title>Sainte Emmerderesse - l&#039;\u00e9chapp\u00e9e close<\/title>\n<meta name=\"robots\" content=\"index, follow, max-snippet:-1, max-image-preview:large, max-video-preview:-1\" \/>\n<link rel=\"canonical\" href=\"https:\/\/lechappeeclose.it\/it\/boutique\/livres\/litterature\/romans\/sainte-emmerderesse\/\" \/>\n<meta property=\"og:locale\" content=\"it_IT\" \/>\n<meta property=\"og:type\" content=\"article\" \/>\n<meta property=\"og:title\" content=\"Sainte Emmerderesse - l&#039;\u00e9chapp\u00e9e close\" \/>\n<meta property=\"og:description\" content=\"Le jour o\u00f9 Suzanne gagne au Loto, elle prend la fuite et ach\u00e8te un manoir en Normandie. Sur le domaine, elle d\u00e9couvre la tombe de sainte Emmerderesse. Avec trois comparses, elle redonne vie \u00e0 cette sainte aussi puissante qu&#8217;insolente et devient son ombre redout\u00e9e. Une r\u00e9volte d\u00e9brid\u00e9e s&#8217;annonce, car la sainte patronne des emmerdes n&#8217;\u00e9pargne [&hellip;]\" \/>\n<meta property=\"og:url\" content=\"https:\/\/lechappeeclose.it\/it\/boutique\/livres\/litterature\/romans\/sainte-emmerderesse\/\" \/>\n<meta property=\"og:site_name\" content=\"l&#039;\u00e9chapp\u00e9e close\" \/>\n<meta property=\"article:modified_time\" content=\"2026-03-06T14:01:08+00:00\" \/>\n<meta property=\"og:image\" content=\"https:\/\/lechappeeclose.it\/wp-content\/uploads\/2026\/03\/Sainte-Emmerderesse.jpeg\" \/>\n\t<meta property=\"og:image:width\" content=\"342\" \/>\n\t<meta property=\"og:image:height\" content=\"500\" \/>\n\t<meta property=\"og:image:type\" content=\"image\/jpeg\" \/>\n<meta name=\"twitter:card\" content=\"summary_large_image\" \/>\n<meta name=\"twitter:label1\" content=\"Tempo di lettura stimato\" \/>\n\t<meta name=\"twitter:data1\" content=\"1 minuto\" \/>\n<script type=\"application\/ld+json\" class=\"yoast-schema-graph\">{\"@context\":\"https:\\\/\\\/schema.org\",\"@graph\":[{\"@type\":\"WebPage\",\"@id\":\"https:\\\/\\\/lechappeeclose.it\\\/boutique\\\/livres\\\/litterature\\\/romans\\\/sainte-emmerderesse\\\/\",\"url\":\"https:\\\/\\\/lechappeeclose.it\\\/boutique\\\/livres\\\/litterature\\\/romans\\\/sainte-emmerderesse\\\/\",\"name\":\"Sainte Emmerderesse - l&#039;\u00e9chapp\u00e9e close\",\"isPartOf\":{\"@id\":\"http:\\\/\\\/lechappeeclose.it\\\/#website\"},\"primaryImageOfPage\":{\"@id\":\"https:\\\/\\\/lechappeeclose.it\\\/boutique\\\/livres\\\/litterature\\\/romans\\\/sainte-emmerderesse\\\/#primaryimage\"},\"image\":{\"@id\":\"https:\\\/\\\/lechappeeclose.it\\\/boutique\\\/livres\\\/litterature\\\/romans\\\/sainte-emmerderesse\\\/#primaryimage\"},\"thumbnailUrl\":\"https:\\\/\\\/lechappeeclose.it\\\/wp-content\\\/uploads\\\/2026\\\/03\\\/Sainte-Emmerderesse.jpeg\",\"datePublished\":\"2026-03-05T10:58:27+00:00\",\"dateModified\":\"2026-03-06T14:01:08+00:00\",\"breadcrumb\":{\"@id\":\"https:\\\/\\\/lechappeeclose.it\\\/boutique\\\/livres\\\/litterature\\\/romans\\\/sainte-emmerderesse\\\/#breadcrumb\"},\"inLanguage\":\"it-IT\",\"potentialAction\":[{\"@type\":\"ReadAction\",\"target\":[\"https:\\\/\\\/lechappeeclose.it\\\/boutique\\\/livres\\\/litterature\\\/romans\\\/sainte-emmerderesse\\\/\"]}]},{\"@type\":\"ImageObject\",\"inLanguage\":\"it-IT\",\"@id\":\"https:\\\/\\\/lechappeeclose.it\\\/boutique\\\/livres\\\/litterature\\\/romans\\\/sainte-emmerderesse\\\/#primaryimage\",\"url\":\"https:\\\/\\\/lechappeeclose.it\\\/wp-content\\\/uploads\\\/2026\\\/03\\\/Sainte-Emmerderesse.jpeg\",\"contentUrl\":\"https:\\\/\\\/lechappeeclose.it\\\/wp-content\\\/uploads\\\/2026\\\/03\\\/Sainte-Emmerderesse.jpeg\",\"width\":342,\"height\":500},{\"@type\":\"BreadcrumbList\",\"@id\":\"https:\\\/\\\/lechappeeclose.it\\\/boutique\\\/livres\\\/litterature\\\/romans\\\/sainte-emmerderesse\\\/#breadcrumb\",\"itemListElement\":[{\"@type\":\"ListItem\",\"position\":1,\"name\":\"Accueil\",\"item\":\"http:\\\/\\\/lechappeeclose.it\\\/\"},{\"@type\":\"ListItem\",\"position\":2,\"name\":\"Boutique\",\"item\":\"http:\\\/\\\/lechappeeclose.it\\\/it\\\/boutique\\\/\"},{\"@type\":\"ListItem\",\"position\":3,\"name\":\"Sainte Emmerderesse\"}]},{\"@type\":\"WebSite\",\"@id\":\"http:\\\/\\\/lechappeeclose.it\\\/#website\",\"url\":\"http:\\\/\\\/lechappeeclose.it\\\/\",\"name\":\"l&#039;\u00e9chapp\u00e9e close\",\"description\":\"la librairie fran\u00e7aise de Milan\",\"publisher\":{\"@id\":\"http:\\\/\\\/lechappeeclose.it\\\/#organization\"},\"alternateName\":\"La librairie fran\u00e7aise de Milan\",\"potentialAction\":[{\"@type\":\"SearchAction\",\"target\":{\"@type\":\"EntryPoint\",\"urlTemplate\":\"http:\\\/\\\/lechappeeclose.it\\\/?s={search_term_string}\"},\"query-input\":{\"@type\":\"PropertyValueSpecification\",\"valueRequired\":true,\"valueName\":\"search_term_string\"}}],\"inLanguage\":\"it-IT\"},{\"@type\":\"Organization\",\"@id\":\"http:\\\/\\\/lechappeeclose.it\\\/#organization\",\"name\":\"l&#039;\u00e9chapp\u00e9e close\",\"url\":\"http:\\\/\\\/lechappeeclose.it\\\/\",\"logo\":{\"@type\":\"ImageObject\",\"inLanguage\":\"it-IT\",\"@id\":\"http:\\\/\\\/lechappeeclose.it\\\/#\\\/schema\\\/logo\\\/image\\\/\",\"url\":\"https:\\\/\\\/lechappeeclose.it\\\/wp-content\\\/uploads\\\/2025\\\/02\\\/cropped-logo-rond.png\",\"contentUrl\":\"https:\\\/\\\/lechappeeclose.it\\\/wp-content\\\/uploads\\\/2025\\\/02\\\/cropped-logo-rond.png\",\"width\":1080,\"height\":1080,\"caption\":\"l&#039;\u00e9chapp\u00e9e close\"},\"image\":{\"@id\":\"http:\\\/\\\/lechappeeclose.it\\\/#\\\/schema\\\/logo\\\/image\\\/\"},\"sameAs\":[\"https:\\\/\\\/www.instagram.com\\\/lechappeeclose\\\/\"]}]}<\/script>\n<!-- \/ Yoast SEO plugin. -->","yoast_head_json":{"title":"Sainte Emmerderesse - l&#039;\u00e9chapp\u00e9e close","robots":{"index":"index","follow":"follow","max-snippet":"max-snippet:-1","max-image-preview":"max-image-preview:large","max-video-preview":"max-video-preview:-1"},"canonical":"https:\/\/lechappeeclose.it\/it\/boutique\/livres\/litterature\/romans\/sainte-emmerderesse\/","og_locale":"it_IT","og_type":"article","og_title":"Sainte Emmerderesse - l&#039;\u00e9chapp\u00e9e close","og_description":"Le jour o\u00f9 Suzanne gagne au Loto, elle prend la fuite et ach\u00e8te un manoir en Normandie. Sur le domaine, elle d\u00e9couvre la tombe de sainte Emmerderesse. Avec trois comparses, elle redonne vie \u00e0 cette sainte aussi puissante qu&#8217;insolente et devient son ombre redout\u00e9e. Une r\u00e9volte d\u00e9brid\u00e9e s&#8217;annonce, car la sainte patronne des emmerdes n&#8217;\u00e9pargne [&hellip;]","og_url":"https:\/\/lechappeeclose.it\/it\/boutique\/livres\/litterature\/romans\/sainte-emmerderesse\/","og_site_name":"l&#039;\u00e9chapp\u00e9e close","article_modified_time":"2026-03-06T14:01:08+00:00","og_image":[{"width":342,"height":500,"url":"https:\/\/lechappeeclose.it\/wp-content\/uploads\/2026\/03\/Sainte-Emmerderesse.jpeg","type":"image\/jpeg"}],"twitter_card":"summary_large_image","twitter_misc":{"Tempo di lettura stimato":"1 minuto"},"schema":{"@context":"https:\/\/schema.org","@graph":[{"@type":"WebPage","@id":"https:\/\/lechappeeclose.it\/boutique\/livres\/litterature\/romans\/sainte-emmerderesse\/","url":"https:\/\/lechappeeclose.it\/boutique\/livres\/litterature\/romans\/sainte-emmerderesse\/","name":"Sainte Emmerderesse - l&#039;\u00e9chapp\u00e9e close","isPartOf":{"@id":"http:\/\/lechappeeclose.it\/#website"},"primaryImageOfPage":{"@id":"https:\/\/lechappeeclose.it\/boutique\/livres\/litterature\/romans\/sainte-emmerderesse\/#primaryimage"},"image":{"@id":"https:\/\/lechappeeclose.it\/boutique\/livres\/litterature\/romans\/sainte-emmerderesse\/#primaryimage"},"thumbnailUrl":"https:\/\/lechappeeclose.it\/wp-content\/uploads\/2026\/03\/Sainte-Emmerderesse.jpeg","datePublished":"2026-03-05T10:58:27+00:00","dateModified":"2026-03-06T14:01:08+00:00","breadcrumb":{"@id":"https:\/\/lechappeeclose.it\/boutique\/livres\/litterature\/romans\/sainte-emmerderesse\/#breadcrumb"},"inLanguage":"it-IT","potentialAction":[{"@type":"ReadAction","target":["https:\/\/lechappeeclose.it\/boutique\/livres\/litterature\/romans\/sainte-emmerderesse\/"]}]},{"@type":"ImageObject","inLanguage":"it-IT","@id":"https:\/\/lechappeeclose.it\/boutique\/livres\/litterature\/romans\/sainte-emmerderesse\/#primaryimage","url":"https:\/\/lechappeeclose.it\/wp-content\/uploads\/2026\/03\/Sainte-Emmerderesse.jpeg","contentUrl":"https:\/\/lechappeeclose.it\/wp-content\/uploads\/2026\/03\/Sainte-Emmerderesse.jpeg","width":342,"height":500},{"@type":"BreadcrumbList","@id":"https:\/\/lechappeeclose.it\/boutique\/livres\/litterature\/romans\/sainte-emmerderesse\/#breadcrumb","itemListElement":[{"@type":"ListItem","position":1,"name":"Accueil","item":"http:\/\/lechappeeclose.it\/"},{"@type":"ListItem","position":2,"name":"Boutique","item":"http:\/\/lechappeeclose.it\/it\/boutique\/"},{"@type":"ListItem","position":3,"name":"Sainte Emmerderesse"}]},{"@type":"WebSite","@id":"http:\/\/lechappeeclose.it\/#website","url":"http:\/\/lechappeeclose.it\/","name":"l&#039;\u00e9chapp\u00e9e close","description":"La libreria francese di Milano","publisher":{"@id":"http:\/\/lechappeeclose.it\/#organization"},"alternateName":"La librairie fran\u00e7aise de Milan","potentialAction":[{"@type":"SearchAction","target":{"@type":"EntryPoint","urlTemplate":"http:\/\/lechappeeclose.it\/?s={search_term_string}"},"query-input":{"@type":"PropertyValueSpecification","valueRequired":true,"valueName":"search_term_string"}}],"inLanguage":"it-IT"},{"@type":"Organization","@id":"http:\/\/lechappeeclose.it\/#organization","name":"l&#039;\u00e9chapp\u00e9e close","url":"http:\/\/lechappeeclose.it\/","logo":{"@type":"ImageObject","inLanguage":"it-IT","@id":"http:\/\/lechappeeclose.it\/#\/schema\/logo\/image\/","url":"https:\/\/lechappeeclose.it\/wp-content\/uploads\/2025\/02\/cropped-logo-rond.png","contentUrl":"https:\/\/lechappeeclose.it\/wp-content\/uploads\/2025\/02\/cropped-logo-rond.png","width":1080,"height":1080,"caption":"l&#039;\u00e9chapp\u00e9e close"},"image":{"@id":"http:\/\/lechappeeclose.it\/#\/schema\/logo\/image\/"},"sameAs":["https:\/\/www.instagram.com\/lechappeeclose\/"]}]}},"_links":{"self":[{"href":"https:\/\/lechappeeclose.it\/it\/wp-json\/wp\/v2\/product\/12956","targetHints":{"allow":["GET"]}}],"collection":[{"href":"https:\/\/lechappeeclose.it\/it\/wp-json\/wp\/v2\/product"}],"about":[{"href":"https:\/\/lechappeeclose.it\/it\/wp-json\/wp\/v2\/types\/product"}],"replies":[{"embeddable":true,"href":"https:\/\/lechappeeclose.it\/it\/wp-json\/wp\/v2\/comments?post=12956"}],"wp:featuredmedia":[{"embeddable":true,"href":"https:\/\/lechappeeclose.it\/it\/wp-json\/wp\/v2\/media\/12955"}],"wp:attachment":[{"href":"https:\/\/lechappeeclose.it\/it\/wp-json\/wp\/v2\/media?parent=12956"}],"wp:term":[{"taxonomy":"product_brand","embeddable":true,"href":"https:\/\/lechappeeclose.it\/it\/wp-json\/wp\/v2\/product_brand?post=12956"},{"taxonomy":"product_cat","embeddable":true,"href":"https:\/\/lechappeeclose.it\/it\/wp-json\/wp\/v2\/product_cat?post=12956"},{"taxonomy":"product_tag","embeddable":true,"href":"https:\/\/lechappeeclose.it\/it\/wp-json\/wp\/v2\/product_tag?post=12956"}],"curies":[{"name":"wp","href":"https:\/\/api.w.org\/{rel}","templated":true}]}}