{"id":12698,"date":"2026-01-23T16:55:46","date_gmt":"2026-01-23T15:55:46","guid":{"rendered":"https:\/\/lechappeeclose.it\/boutique\/non%20class\u00e9\/quartier-des-fantomes\/"},"modified":"2026-01-23T17:14:06","modified_gmt":"2026-01-23T16:14:06","slug":"quartier-des-fantomes","status":"publish","type":"product","link":"https:\/\/lechappeeclose.it\/it\/boutique\/livres\/litterature\/romans\/quartier-des-fantomes\/","title":{"rendered":"Quartier des fant\u00f4mes"},"content":{"rendered":"<p>\u00ab Un soir, je retourne au centre S21. C&#8217;est un rendez-vous que nul ne m&#8217;a propos\u00e9 parmi les vivants. Je m&#8217;assieds au pied du b\u00e2timent principal, et j&#8217;attends. Devant moi, l&#8217;ancienne \u00e9cole jaunie aux volets bleu clair. Je scrute ces murs que je connais si bien, o\u00f9 je suis venu filmer, des nuits enti\u00e8res, il y a vingt ans. M\u00eame une \u00e9cole peut devenir un centre de mort. Surtout une \u00e9cole, s&#8217;il faut transformer les \u00eatres radicalement, s&#8217;il faut qu&#8217;ils consignent leurs vies et qu&#8217;ils s&#8217;inventent des crimes, \u00e9lectrocut\u00e9s, frapp\u00e9s, \u00e9touff\u00e9s. Qui entre ici est d\u00e9j\u00e0 mort. \u00bb<br \/>\nAinsi s&#8217;ouvre le Quartier des fant\u00f4mes : Rithy Panh, qui surv\u00e9cut enfant au r\u00e9gime khmer rouge puis devint cin\u00e9aste, retourne au \u00ab centre de la tuerie \u00bb, con\u00e7u, contr\u00f4l\u00e9, dirig\u00e9 par Duch. La nuit, le jour, \u00e0 travers le temps, les rencontres, il nous raconte ce que fut ce lieu, \u00e9cole, puis camp de la mort, puis mus\u00e9e ; et ce qui l&#8217;habite, aujourd&#8217;hui encore. Les cris. La peur. L&#8217;id\u00e9ologie. Les esprits. Nous voici au coeur de la machine de mort, confront\u00e9s au mal et \u00e0 son \u00e9nigme, mais aussi \u00e0 la r\u00e9sistance. Car il y a les jeunes bourreaux, et le d\u00e9sir d&#8217;effacer, mais il y a aussi le peintre Vann Nath, et la jeune Bophana &#8211; deux belles figures humanistes.<br \/>\n Le quartier des fant\u00f4mes ne vous quittera plus. Travers\u00e9e po\u00e9tique et m\u00e9ditation politique, c&#8217;est aussi un admirable trait\u00e9 sur l&#8217;\u00e9criture de l&#8217;histoire \u00e0 travers les mots et les images.<\/p>","protected":false},"excerpt":{"rendered":"<p>\u00ab Un soir, je retourne au centre S21. C&#8217;est un rendez-vous que nul ne m&#8217;a propos\u00e9 parmi les vivants. Je m&#8217;assieds au pied du b\u00e2timent principal, et j&#8217;attends. Devant moi, l&#8217;ancienne \u00e9cole jaunie aux volets bleu clair. Je scrute ces murs que je connais si bien, o\u00f9 je suis venu filmer, des nuits enti\u00e8res, il [&hellip;]<\/p>","protected":false},"featured_media":12697,"comment_status":"open","ping_status":"closed","template":"","meta":[],"product_brand":[],"product_cat":[46],"product_tag":[2072],"class_list":{"0":"post-12698","1":"product","2":"type-product","3":"status-publish","4":"has-post-thumbnail","6":"product_cat-romans","7":"product_tag-new","9":"first","10":"instock","11":"taxable","12":"shipping-taxable","13":"purchasable","14":"product-type-simple"},"yoast_head":"<!-- This site is optimized with the Yoast SEO plugin v27.4 - https:\/\/yoast.com\/product\/yoast-seo-wordpress\/ -->\n<title>Quartier des fant\u00f4mes - l&#039;\u00e9chapp\u00e9e close<\/title>\n<meta name=\"robots\" content=\"index, follow, max-snippet:-1, max-image-preview:large, max-video-preview:-1\" \/>\n<link rel=\"canonical\" href=\"https:\/\/lechappeeclose.it\/it\/boutique\/livres\/litterature\/romans\/quartier-des-fantomes\/\" \/>\n<meta property=\"og:locale\" content=\"it_IT\" \/>\n<meta property=\"og:type\" content=\"article\" \/>\n<meta property=\"og:title\" content=\"Quartier des fant\u00f4mes - l&#039;\u00e9chapp\u00e9e close\" \/>\n<meta property=\"og:description\" content=\"\u00ab Un soir, je retourne au centre S21. C&#8217;est un rendez-vous que nul ne m&#8217;a propos\u00e9 parmi les vivants. Je m&#8217;assieds au pied du b\u00e2timent principal, et j&#8217;attends. Devant moi, l&#8217;ancienne \u00e9cole jaunie aux volets bleu clair. Je scrute ces murs que je connais si bien, o\u00f9 je suis venu filmer, des nuits enti\u00e8res, il [&hellip;]\" \/>\n<meta property=\"og:url\" content=\"https:\/\/lechappeeclose.it\/it\/boutique\/livres\/litterature\/romans\/quartier-des-fantomes\/\" \/>\n<meta property=\"og:site_name\" content=\"l&#039;\u00e9chapp\u00e9e close\" \/>\n<meta property=\"article:modified_time\" content=\"2026-01-23T16:14:06+00:00\" \/>\n<meta property=\"og:image\" content=\"https:\/\/lechappeeclose.it\/wp-content\/uploads\/2026\/01\/Quartier-des-fantomes.jpeg\" \/>\n\t<meta property=\"og:image:width\" content=\"324\" \/>\n\t<meta property=\"og:image:height\" content=\"500\" \/>\n\t<meta property=\"og:image:type\" content=\"image\/jpeg\" \/>\n<meta name=\"twitter:card\" content=\"summary_large_image\" \/>\n<meta name=\"twitter:label1\" content=\"Tempo di lettura stimato\" \/>\n\t<meta name=\"twitter:data1\" content=\"1 minuto\" \/>\n<script type=\"application\/ld+json\" class=\"yoast-schema-graph\">{\"@context\":\"https:\\\/\\\/schema.org\",\"@graph\":[{\"@type\":\"WebPage\",\"@id\":\"https:\\\/\\\/lechappeeclose.it\\\/boutique\\\/livres\\\/litterature\\\/romans\\\/quartier-des-fantomes\\\/\",\"url\":\"https:\\\/\\\/lechappeeclose.it\\\/boutique\\\/livres\\\/litterature\\\/romans\\\/quartier-des-fantomes\\\/\",\"name\":\"Quartier des fant\u00f4mes - l&#039;\u00e9chapp\u00e9e close\",\"isPartOf\":{\"@id\":\"http:\\\/\\\/lechappeeclose.it\\\/#website\"},\"primaryImageOfPage\":{\"@id\":\"https:\\\/\\\/lechappeeclose.it\\\/boutique\\\/livres\\\/litterature\\\/romans\\\/quartier-des-fantomes\\\/#primaryimage\"},\"image\":{\"@id\":\"https:\\\/\\\/lechappeeclose.it\\\/boutique\\\/livres\\\/litterature\\\/romans\\\/quartier-des-fantomes\\\/#primaryimage\"},\"thumbnailUrl\":\"https:\\\/\\\/lechappeeclose.it\\\/wp-content\\\/uploads\\\/2026\\\/01\\\/Quartier-des-fantomes.jpeg\",\"datePublished\":\"2026-01-23T15:55:46+00:00\",\"dateModified\":\"2026-01-23T16:14:06+00:00\",\"breadcrumb\":{\"@id\":\"https:\\\/\\\/lechappeeclose.it\\\/boutique\\\/livres\\\/litterature\\\/romans\\\/quartier-des-fantomes\\\/#breadcrumb\"},\"inLanguage\":\"it-IT\",\"potentialAction\":[{\"@type\":\"ReadAction\",\"target\":[\"https:\\\/\\\/lechappeeclose.it\\\/boutique\\\/livres\\\/litterature\\\/romans\\\/quartier-des-fantomes\\\/\"]}]},{\"@type\":\"ImageObject\",\"inLanguage\":\"it-IT\",\"@id\":\"https:\\\/\\\/lechappeeclose.it\\\/boutique\\\/livres\\\/litterature\\\/romans\\\/quartier-des-fantomes\\\/#primaryimage\",\"url\":\"https:\\\/\\\/lechappeeclose.it\\\/wp-content\\\/uploads\\\/2026\\\/01\\\/Quartier-des-fantomes.jpeg\",\"contentUrl\":\"https:\\\/\\\/lechappeeclose.it\\\/wp-content\\\/uploads\\\/2026\\\/01\\\/Quartier-des-fantomes.jpeg\",\"width\":324,\"height\":500},{\"@type\":\"BreadcrumbList\",\"@id\":\"https:\\\/\\\/lechappeeclose.it\\\/boutique\\\/livres\\\/litterature\\\/romans\\\/quartier-des-fantomes\\\/#breadcrumb\",\"itemListElement\":[{\"@type\":\"ListItem\",\"position\":1,\"name\":\"Accueil\",\"item\":\"http:\\\/\\\/lechappeeclose.it\\\/\"},{\"@type\":\"ListItem\",\"position\":2,\"name\":\"Boutique\",\"item\":\"http:\\\/\\\/lechappeeclose.it\\\/it\\\/boutique\\\/\"},{\"@type\":\"ListItem\",\"position\":3,\"name\":\"Quartier des fant\u00f4mes\"}]},{\"@type\":\"WebSite\",\"@id\":\"http:\\\/\\\/lechappeeclose.it\\\/#website\",\"url\":\"http:\\\/\\\/lechappeeclose.it\\\/\",\"name\":\"l&#039;\u00e9chapp\u00e9e close\",\"description\":\"la librairie fran\u00e7aise de Milan\",\"publisher\":{\"@id\":\"http:\\\/\\\/lechappeeclose.it\\\/#organization\"},\"alternateName\":\"La librairie fran\u00e7aise de Milan\",\"potentialAction\":[{\"@type\":\"SearchAction\",\"target\":{\"@type\":\"EntryPoint\",\"urlTemplate\":\"http:\\\/\\\/lechappeeclose.it\\\/?s={search_term_string}\"},\"query-input\":{\"@type\":\"PropertyValueSpecification\",\"valueRequired\":true,\"valueName\":\"search_term_string\"}}],\"inLanguage\":\"it-IT\"},{\"@type\":\"Organization\",\"@id\":\"http:\\\/\\\/lechappeeclose.it\\\/#organization\",\"name\":\"l&#039;\u00e9chapp\u00e9e close\",\"url\":\"http:\\\/\\\/lechappeeclose.it\\\/\",\"logo\":{\"@type\":\"ImageObject\",\"inLanguage\":\"it-IT\",\"@id\":\"http:\\\/\\\/lechappeeclose.it\\\/#\\\/schema\\\/logo\\\/image\\\/\",\"url\":\"https:\\\/\\\/lechappeeclose.it\\\/wp-content\\\/uploads\\\/2025\\\/02\\\/cropped-logo-rond.png\",\"contentUrl\":\"https:\\\/\\\/lechappeeclose.it\\\/wp-content\\\/uploads\\\/2025\\\/02\\\/cropped-logo-rond.png\",\"width\":1080,\"height\":1080,\"caption\":\"l&#039;\u00e9chapp\u00e9e close\"},\"image\":{\"@id\":\"http:\\\/\\\/lechappeeclose.it\\\/#\\\/schema\\\/logo\\\/image\\\/\"},\"sameAs\":[\"https:\\\/\\\/www.instagram.com\\\/lechappeeclose\\\/\"]}]}<\/script>\n<!-- \/ Yoast SEO plugin. -->","yoast_head_json":{"title":"Quartier des fant\u00f4mes - l&#039;\u00e9chapp\u00e9e close","robots":{"index":"index","follow":"follow","max-snippet":"max-snippet:-1","max-image-preview":"max-image-preview:large","max-video-preview":"max-video-preview:-1"},"canonical":"https:\/\/lechappeeclose.it\/it\/boutique\/livres\/litterature\/romans\/quartier-des-fantomes\/","og_locale":"it_IT","og_type":"article","og_title":"Quartier des fant\u00f4mes - l&#039;\u00e9chapp\u00e9e close","og_description":"\u00ab Un soir, je retourne au centre S21. C&#8217;est un rendez-vous que nul ne m&#8217;a propos\u00e9 parmi les vivants. Je m&#8217;assieds au pied du b\u00e2timent principal, et j&#8217;attends. Devant moi, l&#8217;ancienne \u00e9cole jaunie aux volets bleu clair. Je scrute ces murs que je connais si bien, o\u00f9 je suis venu filmer, des nuits enti\u00e8res, il [&hellip;]","og_url":"https:\/\/lechappeeclose.it\/it\/boutique\/livres\/litterature\/romans\/quartier-des-fantomes\/","og_site_name":"l&#039;\u00e9chapp\u00e9e close","article_modified_time":"2026-01-23T16:14:06+00:00","og_image":[{"width":324,"height":500,"url":"https:\/\/lechappeeclose.it\/wp-content\/uploads\/2026\/01\/Quartier-des-fantomes.jpeg","type":"image\/jpeg"}],"twitter_card":"summary_large_image","twitter_misc":{"Tempo di lettura stimato":"1 minuto"},"schema":{"@context":"https:\/\/schema.org","@graph":[{"@type":"WebPage","@id":"https:\/\/lechappeeclose.it\/boutique\/livres\/litterature\/romans\/quartier-des-fantomes\/","url":"https:\/\/lechappeeclose.it\/boutique\/livres\/litterature\/romans\/quartier-des-fantomes\/","name":"Quartier des fant\u00f4mes - l&#039;\u00e9chapp\u00e9e close","isPartOf":{"@id":"http:\/\/lechappeeclose.it\/#website"},"primaryImageOfPage":{"@id":"https:\/\/lechappeeclose.it\/boutique\/livres\/litterature\/romans\/quartier-des-fantomes\/#primaryimage"},"image":{"@id":"https:\/\/lechappeeclose.it\/boutique\/livres\/litterature\/romans\/quartier-des-fantomes\/#primaryimage"},"thumbnailUrl":"https:\/\/lechappeeclose.it\/wp-content\/uploads\/2026\/01\/Quartier-des-fantomes.jpeg","datePublished":"2026-01-23T15:55:46+00:00","dateModified":"2026-01-23T16:14:06+00:00","breadcrumb":{"@id":"https:\/\/lechappeeclose.it\/boutique\/livres\/litterature\/romans\/quartier-des-fantomes\/#breadcrumb"},"inLanguage":"it-IT","potentialAction":[{"@type":"ReadAction","target":["https:\/\/lechappeeclose.it\/boutique\/livres\/litterature\/romans\/quartier-des-fantomes\/"]}]},{"@type":"ImageObject","inLanguage":"it-IT","@id":"https:\/\/lechappeeclose.it\/boutique\/livres\/litterature\/romans\/quartier-des-fantomes\/#primaryimage","url":"https:\/\/lechappeeclose.it\/wp-content\/uploads\/2026\/01\/Quartier-des-fantomes.jpeg","contentUrl":"https:\/\/lechappeeclose.it\/wp-content\/uploads\/2026\/01\/Quartier-des-fantomes.jpeg","width":324,"height":500},{"@type":"BreadcrumbList","@id":"https:\/\/lechappeeclose.it\/boutique\/livres\/litterature\/romans\/quartier-des-fantomes\/#breadcrumb","itemListElement":[{"@type":"ListItem","position":1,"name":"Accueil","item":"http:\/\/lechappeeclose.it\/"},{"@type":"ListItem","position":2,"name":"Boutique","item":"http:\/\/lechappeeclose.it\/it\/boutique\/"},{"@type":"ListItem","position":3,"name":"Quartier des fant\u00f4mes"}]},{"@type":"WebSite","@id":"http:\/\/lechappeeclose.it\/#website","url":"http:\/\/lechappeeclose.it\/","name":"l&#039;\u00e9chapp\u00e9e close","description":"La libreria francese di Milano","publisher":{"@id":"http:\/\/lechappeeclose.it\/#organization"},"alternateName":"La librairie fran\u00e7aise de Milan","potentialAction":[{"@type":"SearchAction","target":{"@type":"EntryPoint","urlTemplate":"http:\/\/lechappeeclose.it\/?s={search_term_string}"},"query-input":{"@type":"PropertyValueSpecification","valueRequired":true,"valueName":"search_term_string"}}],"inLanguage":"it-IT"},{"@type":"Organization","@id":"http:\/\/lechappeeclose.it\/#organization","name":"l&#039;\u00e9chapp\u00e9e close","url":"http:\/\/lechappeeclose.it\/","logo":{"@type":"ImageObject","inLanguage":"it-IT","@id":"http:\/\/lechappeeclose.it\/#\/schema\/logo\/image\/","url":"https:\/\/lechappeeclose.it\/wp-content\/uploads\/2025\/02\/cropped-logo-rond.png","contentUrl":"https:\/\/lechappeeclose.it\/wp-content\/uploads\/2025\/02\/cropped-logo-rond.png","width":1080,"height":1080,"caption":"l&#039;\u00e9chapp\u00e9e close"},"image":{"@id":"http:\/\/lechappeeclose.it\/#\/schema\/logo\/image\/"},"sameAs":["https:\/\/www.instagram.com\/lechappeeclose\/"]}]}},"_links":{"self":[{"href":"https:\/\/lechappeeclose.it\/it\/wp-json\/wp\/v2\/product\/12698","targetHints":{"allow":["GET"]}}],"collection":[{"href":"https:\/\/lechappeeclose.it\/it\/wp-json\/wp\/v2\/product"}],"about":[{"href":"https:\/\/lechappeeclose.it\/it\/wp-json\/wp\/v2\/types\/product"}],"replies":[{"embeddable":true,"href":"https:\/\/lechappeeclose.it\/it\/wp-json\/wp\/v2\/comments?post=12698"}],"wp:featuredmedia":[{"embeddable":true,"href":"https:\/\/lechappeeclose.it\/it\/wp-json\/wp\/v2\/media\/12697"}],"wp:attachment":[{"href":"https:\/\/lechappeeclose.it\/it\/wp-json\/wp\/v2\/media?parent=12698"}],"wp:term":[{"taxonomy":"product_brand","embeddable":true,"href":"https:\/\/lechappeeclose.it\/it\/wp-json\/wp\/v2\/product_brand?post=12698"},{"taxonomy":"product_cat","embeddable":true,"href":"https:\/\/lechappeeclose.it\/it\/wp-json\/wp\/v2\/product_cat?post=12698"},{"taxonomy":"product_tag","embeddable":true,"href":"https:\/\/lechappeeclose.it\/it\/wp-json\/wp\/v2\/product_tag?post=12698"}],"curies":[{"name":"wp","href":"https:\/\/api.w.org\/{rel}","templated":true}]}}