{"id":12660,"date":"2026-01-22T18:54:06","date_gmt":"2026-01-22T17:54:06","guid":{"rendered":"https:\/\/lechappeeclose.it\/boutique\/non%20class\u00e9\/le-ciel-a-disparu\/"},"modified":"2026-01-22T18:58:10","modified_gmt":"2026-01-22T17:58:10","slug":"le-ciel-a-disparu","status":"publish","type":"product","link":"https:\/\/lechappeeclose.it\/it\/boutique\/livres\/litterature\/romans\/le-ciel-a-disparu\/","title":{"rendered":"Le ciel a disparu"},"content":{"rendered":"<p>\u00abJ&#8217;aimerais qu&#8217;on sache, parce que j&#8217;en suis fier, que le jour o\u00f9 mon grand-p\u00e8re Ayann Ader d\u00e9cida de tuer Elon Musk, je me trouvais avec lui \u00e0 Sifra, oasis \u00e9gyptienne du d\u00e9sert libyque.\u00bb<br \/>\nQuelle folie habite Ayann, \u00e9crivain fran\u00e7ais partageant sa vie entre l&#8217;\u00c9gypte et Paris, pour qu&#8217;il d\u00e9cide d&#8217;assassiner l&#8217;homme le plus riche du monde ? Tout commence une nuit de mai 2026, aux portes du d\u00e9sert, lorsque, observant le ciel, le vieil homme d\u00e9couvre \u00e0 quel point celui-ci est d\u00e9figur\u00e9 par les satellites Starlink : ils effacent et remplacent les \u00e9toiles, sans lesquelles nous ne mesurons pas qui nous sommes. Et bient\u00f4t, Musk rendra la Terre invivable \u00e0 force de pollutions. Dans un r\u00e9cit \u00e9crit \u00e0 la veille de l&#8217;attentat, Ayann explique les raisons de son acte, et comment il l&#8217;a pr\u00e9par\u00e9. Vingt-quatre ans plus tard, alors que le monde a bascul\u00e9, son petit-fils retrouve ce t\u00e9moignage&#8230; Hant\u00e9 par l&#8217;id\u00e9e de la fin de l&#8217;humanit\u00e9, Le ciel a disparu, roman au souffle po\u00e9tique et politique puissant, est aussi un hymne \u00e0 l&#8217;empathie, \u00e0 l&#8217;amour et \u00e0 la beaut\u00e9 du monde &#8211; tout ce que Musk, dans son entreprise d\u00e9mente, menace de balayer.<\/p>","protected":false},"excerpt":{"rendered":"<p>\u00abJ&#8217;aimerais qu&#8217;on sache, parce que j&#8217;en suis fier, que le jour o\u00f9 mon grand-p\u00e8re Ayann Ader d\u00e9cida de tuer Elon Musk, je me trouvais avec lui \u00e0 Sifra, oasis \u00e9gyptienne du d\u00e9sert libyque.\u00bb Quelle folie habite Ayann, \u00e9crivain fran\u00e7ais partageant sa vie entre l&#8217;\u00c9gypte et Paris, pour qu&#8217;il d\u00e9cide d&#8217;assassiner l&#8217;homme le plus riche du [&hellip;]<\/p>","protected":false},"featured_media":12659,"comment_status":"open","ping_status":"closed","template":"","meta":[],"product_brand":[],"product_cat":[46],"product_tag":[2072],"class_list":{"0":"post-12660","1":"product","2":"type-product","3":"status-publish","4":"has-post-thumbnail","6":"product_cat-romans","7":"product_tag-new","9":"first","10":"instock","11":"taxable","12":"shipping-taxable","13":"purchasable","14":"product-type-simple"},"yoast_head":"<!-- This site is optimized with the Yoast SEO plugin v27.4 - https:\/\/yoast.com\/product\/yoast-seo-wordpress\/ -->\n<title>Le ciel a disparu - l&#039;\u00e9chapp\u00e9e close<\/title>\n<meta name=\"robots\" content=\"index, follow, max-snippet:-1, max-image-preview:large, max-video-preview:-1\" \/>\n<link rel=\"canonical\" href=\"https:\/\/lechappeeclose.it\/it\/boutique\/livres\/litterature\/romans\/le-ciel-a-disparu\/\" \/>\n<meta property=\"og:locale\" content=\"it_IT\" \/>\n<meta property=\"og:type\" content=\"article\" \/>\n<meta property=\"og:title\" content=\"Le ciel a disparu - l&#039;\u00e9chapp\u00e9e close\" \/>\n<meta property=\"og:description\" content=\"\u00abJ&#8217;aimerais qu&#8217;on sache, parce que j&#8217;en suis fier, que le jour o\u00f9 mon grand-p\u00e8re Ayann Ader d\u00e9cida de tuer Elon Musk, je me trouvais avec lui \u00e0 Sifra, oasis \u00e9gyptienne du d\u00e9sert libyque.\u00bb Quelle folie habite Ayann, \u00e9crivain fran\u00e7ais partageant sa vie entre l&#8217;\u00c9gypte et Paris, pour qu&#8217;il d\u00e9cide d&#8217;assassiner l&#8217;homme le plus riche du [&hellip;]\" \/>\n<meta property=\"og:url\" content=\"https:\/\/lechappeeclose.it\/it\/boutique\/livres\/litterature\/romans\/le-ciel-a-disparu\/\" \/>\n<meta property=\"og:site_name\" content=\"l&#039;\u00e9chapp\u00e9e close\" \/>\n<meta property=\"article:modified_time\" content=\"2026-01-22T17:58:10+00:00\" \/>\n<meta property=\"og:image\" content=\"https:\/\/lechappeeclose.it\/wp-content\/uploads\/2026\/01\/Le-ciel-a-disparu.jpeg\" \/>\n\t<meta property=\"og:image:width\" content=\"341\" \/>\n\t<meta property=\"og:image:height\" content=\"500\" \/>\n\t<meta property=\"og:image:type\" content=\"image\/jpeg\" \/>\n<meta name=\"twitter:card\" content=\"summary_large_image\" \/>\n<meta name=\"twitter:label1\" content=\"Tempo di lettura stimato\" \/>\n\t<meta name=\"twitter:data1\" content=\"1 minuto\" \/>\n<script type=\"application\/ld+json\" class=\"yoast-schema-graph\">{\"@context\":\"https:\\\/\\\/schema.org\",\"@graph\":[{\"@type\":\"WebPage\",\"@id\":\"https:\\\/\\\/lechappeeclose.it\\\/boutique\\\/livres\\\/litterature\\\/romans\\\/le-ciel-a-disparu\\\/\",\"url\":\"https:\\\/\\\/lechappeeclose.it\\\/boutique\\\/livres\\\/litterature\\\/romans\\\/le-ciel-a-disparu\\\/\",\"name\":\"Le ciel a disparu - l&#039;\u00e9chapp\u00e9e close\",\"isPartOf\":{\"@id\":\"http:\\\/\\\/lechappeeclose.it\\\/#website\"},\"primaryImageOfPage\":{\"@id\":\"https:\\\/\\\/lechappeeclose.it\\\/boutique\\\/livres\\\/litterature\\\/romans\\\/le-ciel-a-disparu\\\/#primaryimage\"},\"image\":{\"@id\":\"https:\\\/\\\/lechappeeclose.it\\\/boutique\\\/livres\\\/litterature\\\/romans\\\/le-ciel-a-disparu\\\/#primaryimage\"},\"thumbnailUrl\":\"https:\\\/\\\/lechappeeclose.it\\\/wp-content\\\/uploads\\\/2026\\\/01\\\/Le-ciel-a-disparu.jpeg\",\"datePublished\":\"2026-01-22T17:54:06+00:00\",\"dateModified\":\"2026-01-22T17:58:10+00:00\",\"breadcrumb\":{\"@id\":\"https:\\\/\\\/lechappeeclose.it\\\/boutique\\\/livres\\\/litterature\\\/romans\\\/le-ciel-a-disparu\\\/#breadcrumb\"},\"inLanguage\":\"it-IT\",\"potentialAction\":[{\"@type\":\"ReadAction\",\"target\":[\"https:\\\/\\\/lechappeeclose.it\\\/boutique\\\/livres\\\/litterature\\\/romans\\\/le-ciel-a-disparu\\\/\"]}]},{\"@type\":\"ImageObject\",\"inLanguage\":\"it-IT\",\"@id\":\"https:\\\/\\\/lechappeeclose.it\\\/boutique\\\/livres\\\/litterature\\\/romans\\\/le-ciel-a-disparu\\\/#primaryimage\",\"url\":\"https:\\\/\\\/lechappeeclose.it\\\/wp-content\\\/uploads\\\/2026\\\/01\\\/Le-ciel-a-disparu.jpeg\",\"contentUrl\":\"https:\\\/\\\/lechappeeclose.it\\\/wp-content\\\/uploads\\\/2026\\\/01\\\/Le-ciel-a-disparu.jpeg\",\"width\":341,\"height\":500},{\"@type\":\"BreadcrumbList\",\"@id\":\"https:\\\/\\\/lechappeeclose.it\\\/boutique\\\/livres\\\/litterature\\\/romans\\\/le-ciel-a-disparu\\\/#breadcrumb\",\"itemListElement\":[{\"@type\":\"ListItem\",\"position\":1,\"name\":\"Accueil\",\"item\":\"http:\\\/\\\/lechappeeclose.it\\\/\"},{\"@type\":\"ListItem\",\"position\":2,\"name\":\"Boutique\",\"item\":\"http:\\\/\\\/lechappeeclose.it\\\/it\\\/boutique\\\/\"},{\"@type\":\"ListItem\",\"position\":3,\"name\":\"Le ciel a disparu\"}]},{\"@type\":\"WebSite\",\"@id\":\"http:\\\/\\\/lechappeeclose.it\\\/#website\",\"url\":\"http:\\\/\\\/lechappeeclose.it\\\/\",\"name\":\"l&#039;\u00e9chapp\u00e9e close\",\"description\":\"la librairie fran\u00e7aise de Milan\",\"publisher\":{\"@id\":\"http:\\\/\\\/lechappeeclose.it\\\/#organization\"},\"alternateName\":\"La librairie fran\u00e7aise de Milan\",\"potentialAction\":[{\"@type\":\"SearchAction\",\"target\":{\"@type\":\"EntryPoint\",\"urlTemplate\":\"http:\\\/\\\/lechappeeclose.it\\\/?s={search_term_string}\"},\"query-input\":{\"@type\":\"PropertyValueSpecification\",\"valueRequired\":true,\"valueName\":\"search_term_string\"}}],\"inLanguage\":\"it-IT\"},{\"@type\":\"Organization\",\"@id\":\"http:\\\/\\\/lechappeeclose.it\\\/#organization\",\"name\":\"l&#039;\u00e9chapp\u00e9e close\",\"url\":\"http:\\\/\\\/lechappeeclose.it\\\/\",\"logo\":{\"@type\":\"ImageObject\",\"inLanguage\":\"it-IT\",\"@id\":\"http:\\\/\\\/lechappeeclose.it\\\/#\\\/schema\\\/logo\\\/image\\\/\",\"url\":\"https:\\\/\\\/lechappeeclose.it\\\/wp-content\\\/uploads\\\/2025\\\/02\\\/cropped-logo-rond.png\",\"contentUrl\":\"https:\\\/\\\/lechappeeclose.it\\\/wp-content\\\/uploads\\\/2025\\\/02\\\/cropped-logo-rond.png\",\"width\":1080,\"height\":1080,\"caption\":\"l&#039;\u00e9chapp\u00e9e close\"},\"image\":{\"@id\":\"http:\\\/\\\/lechappeeclose.it\\\/#\\\/schema\\\/logo\\\/image\\\/\"},\"sameAs\":[\"https:\\\/\\\/www.instagram.com\\\/lechappeeclose\\\/\"]}]}<\/script>\n<!-- \/ Yoast SEO plugin. -->","yoast_head_json":{"title":"Le ciel a disparu - l&#039;\u00e9chapp\u00e9e close","robots":{"index":"index","follow":"follow","max-snippet":"max-snippet:-1","max-image-preview":"max-image-preview:large","max-video-preview":"max-video-preview:-1"},"canonical":"https:\/\/lechappeeclose.it\/it\/boutique\/livres\/litterature\/romans\/le-ciel-a-disparu\/","og_locale":"it_IT","og_type":"article","og_title":"Le ciel a disparu - l&#039;\u00e9chapp\u00e9e close","og_description":"\u00abJ&#8217;aimerais qu&#8217;on sache, parce que j&#8217;en suis fier, que le jour o\u00f9 mon grand-p\u00e8re Ayann Ader d\u00e9cida de tuer Elon Musk, je me trouvais avec lui \u00e0 Sifra, oasis \u00e9gyptienne du d\u00e9sert libyque.\u00bb Quelle folie habite Ayann, \u00e9crivain fran\u00e7ais partageant sa vie entre l&#8217;\u00c9gypte et Paris, pour qu&#8217;il d\u00e9cide d&#8217;assassiner l&#8217;homme le plus riche du [&hellip;]","og_url":"https:\/\/lechappeeclose.it\/it\/boutique\/livres\/litterature\/romans\/le-ciel-a-disparu\/","og_site_name":"l&#039;\u00e9chapp\u00e9e close","article_modified_time":"2026-01-22T17:58:10+00:00","og_image":[{"width":341,"height":500,"url":"https:\/\/lechappeeclose.it\/wp-content\/uploads\/2026\/01\/Le-ciel-a-disparu.jpeg","type":"image\/jpeg"}],"twitter_card":"summary_large_image","twitter_misc":{"Tempo di lettura stimato":"1 minuto"},"schema":{"@context":"https:\/\/schema.org","@graph":[{"@type":"WebPage","@id":"https:\/\/lechappeeclose.it\/boutique\/livres\/litterature\/romans\/le-ciel-a-disparu\/","url":"https:\/\/lechappeeclose.it\/boutique\/livres\/litterature\/romans\/le-ciel-a-disparu\/","name":"Le ciel a disparu - l&#039;\u00e9chapp\u00e9e close","isPartOf":{"@id":"http:\/\/lechappeeclose.it\/#website"},"primaryImageOfPage":{"@id":"https:\/\/lechappeeclose.it\/boutique\/livres\/litterature\/romans\/le-ciel-a-disparu\/#primaryimage"},"image":{"@id":"https:\/\/lechappeeclose.it\/boutique\/livres\/litterature\/romans\/le-ciel-a-disparu\/#primaryimage"},"thumbnailUrl":"https:\/\/lechappeeclose.it\/wp-content\/uploads\/2026\/01\/Le-ciel-a-disparu.jpeg","datePublished":"2026-01-22T17:54:06+00:00","dateModified":"2026-01-22T17:58:10+00:00","breadcrumb":{"@id":"https:\/\/lechappeeclose.it\/boutique\/livres\/litterature\/romans\/le-ciel-a-disparu\/#breadcrumb"},"inLanguage":"it-IT","potentialAction":[{"@type":"ReadAction","target":["https:\/\/lechappeeclose.it\/boutique\/livres\/litterature\/romans\/le-ciel-a-disparu\/"]}]},{"@type":"ImageObject","inLanguage":"it-IT","@id":"https:\/\/lechappeeclose.it\/boutique\/livres\/litterature\/romans\/le-ciel-a-disparu\/#primaryimage","url":"https:\/\/lechappeeclose.it\/wp-content\/uploads\/2026\/01\/Le-ciel-a-disparu.jpeg","contentUrl":"https:\/\/lechappeeclose.it\/wp-content\/uploads\/2026\/01\/Le-ciel-a-disparu.jpeg","width":341,"height":500},{"@type":"BreadcrumbList","@id":"https:\/\/lechappeeclose.it\/boutique\/livres\/litterature\/romans\/le-ciel-a-disparu\/#breadcrumb","itemListElement":[{"@type":"ListItem","position":1,"name":"Accueil","item":"http:\/\/lechappeeclose.it\/"},{"@type":"ListItem","position":2,"name":"Boutique","item":"http:\/\/lechappeeclose.it\/it\/boutique\/"},{"@type":"ListItem","position":3,"name":"Le ciel a disparu"}]},{"@type":"WebSite","@id":"http:\/\/lechappeeclose.it\/#website","url":"http:\/\/lechappeeclose.it\/","name":"l&#039;\u00e9chapp\u00e9e close","description":"La libreria francese di Milano","publisher":{"@id":"http:\/\/lechappeeclose.it\/#organization"},"alternateName":"La librairie fran\u00e7aise de Milan","potentialAction":[{"@type":"SearchAction","target":{"@type":"EntryPoint","urlTemplate":"http:\/\/lechappeeclose.it\/?s={search_term_string}"},"query-input":{"@type":"PropertyValueSpecification","valueRequired":true,"valueName":"search_term_string"}}],"inLanguage":"it-IT"},{"@type":"Organization","@id":"http:\/\/lechappeeclose.it\/#organization","name":"l&#039;\u00e9chapp\u00e9e close","url":"http:\/\/lechappeeclose.it\/","logo":{"@type":"ImageObject","inLanguage":"it-IT","@id":"http:\/\/lechappeeclose.it\/#\/schema\/logo\/image\/","url":"https:\/\/lechappeeclose.it\/wp-content\/uploads\/2025\/02\/cropped-logo-rond.png","contentUrl":"https:\/\/lechappeeclose.it\/wp-content\/uploads\/2025\/02\/cropped-logo-rond.png","width":1080,"height":1080,"caption":"l&#039;\u00e9chapp\u00e9e close"},"image":{"@id":"http:\/\/lechappeeclose.it\/#\/schema\/logo\/image\/"},"sameAs":["https:\/\/www.instagram.com\/lechappeeclose\/"]}]}},"_links":{"self":[{"href":"https:\/\/lechappeeclose.it\/it\/wp-json\/wp\/v2\/product\/12660","targetHints":{"allow":["GET"]}}],"collection":[{"href":"https:\/\/lechappeeclose.it\/it\/wp-json\/wp\/v2\/product"}],"about":[{"href":"https:\/\/lechappeeclose.it\/it\/wp-json\/wp\/v2\/types\/product"}],"replies":[{"embeddable":true,"href":"https:\/\/lechappeeclose.it\/it\/wp-json\/wp\/v2\/comments?post=12660"}],"wp:featuredmedia":[{"embeddable":true,"href":"https:\/\/lechappeeclose.it\/it\/wp-json\/wp\/v2\/media\/12659"}],"wp:attachment":[{"href":"https:\/\/lechappeeclose.it\/it\/wp-json\/wp\/v2\/media?parent=12660"}],"wp:term":[{"taxonomy":"product_brand","embeddable":true,"href":"https:\/\/lechappeeclose.it\/it\/wp-json\/wp\/v2\/product_brand?post=12660"},{"taxonomy":"product_cat","embeddable":true,"href":"https:\/\/lechappeeclose.it\/it\/wp-json\/wp\/v2\/product_cat?post=12660"},{"taxonomy":"product_tag","embeddable":true,"href":"https:\/\/lechappeeclose.it\/it\/wp-json\/wp\/v2\/product_tag?post=12660"}],"curies":[{"name":"wp","href":"https:\/\/api.w.org\/{rel}","templated":true}]}}