{"id":12658,"date":"2026-01-22T18:52:33","date_gmt":"2026-01-22T17:52:33","guid":{"rendered":"https:\/\/lechappeeclose.it\/boutique\/non%20class\u00e9\/voyage-voyage\/"},"modified":"2026-01-22T18:58:19","modified_gmt":"2026-01-22T17:58:19","slug":"voyage-voyage","status":"publish","type":"product","link":"https:\/\/lechappeeclose.it\/it\/boutique\/livres\/litterature\/romans\/voyage-voyage\/","title":{"rendered":"Voyage voyage"},"content":{"rendered":"<p>&#8220;Orso voulait mettre en place ce qu&#8217;il appelait la th\u00e9orie de la grande diversion. Il avait trouv\u00e9 cette formule dans un livre et elle lui plaisait. Il fallait se changer les id\u00e9es. Penser \u00e0 autre chose. Chercher l&#8217;aventure dans des endroits in\u00e9dits ; aller l\u00e0 o\u00f9 ils n&#8217;\u00e9taient jamais all\u00e9s ; voir ce qu&#8217;ils n&#8217;avaient jamais vu ; avancer un peu plus loin, au fond de l&#8217;inconnu pour trouver du nouveau.&#8221;<br \/>\nOrso et Marie s&#8217;aiment, mais leur quotidien insouciant se heurte \u00e0 un chagrin brutal. Pour faire diversion, ils se lancent dans un road-trip improvis\u00e9. Grandiose et d\u00e9risoire, celui-ci les m\u00e8nera du mus\u00e9e du Poids au mus\u00e9e de l&#8217;Amiante, du mus\u00e9e de la Gendarmerie \u00e0 celui du Pigeon, en passant par Lourdes, la Moselle et Saint-Tropez. Autant d&#8217;\u00e9tapes et de d\u00e9tours pour partir \u00e0 la recherche d&#8217;autres vies que la leur et tenter, dans cette \u00e9chapp\u00e9e, de pr\u00e9server en eux un esprit d&#8217;enfance que l&#8217;\u00e2ge adulte laisse trop souvent derri\u00e8re lui. Roman d&#8217;amour autant que d&#8217;aventures, merveille de dr\u00f4lerie et de tendresse, Voyage voyage invite \u00e0 choisir les chemins de traverse pour trouver de la joie l\u00e0 o\u00f9 on ne l&#8217;attend pas.<\/p>","protected":false},"excerpt":{"rendered":"<p>&#8220;Orso voulait mettre en place ce qu&#8217;il appelait la th\u00e9orie de la grande diversion. Il avait trouv\u00e9 cette formule dans un livre et elle lui plaisait. Il fallait se changer les id\u00e9es. Penser \u00e0 autre chose. Chercher l&#8217;aventure dans des endroits in\u00e9dits ; aller l\u00e0 o\u00f9 ils n&#8217;\u00e9taient jamais all\u00e9s ; voir ce qu&#8217;ils n&#8217;avaient [&hellip;]<\/p>","protected":false},"featured_media":12657,"comment_status":"open","ping_status":"closed","template":"","meta":[],"product_brand":[],"product_cat":[46],"product_tag":[2072],"class_list":{"0":"post-12658","1":"product","2":"type-product","3":"status-publish","4":"has-post-thumbnail","6":"product_cat-romans","7":"product_tag-new","9":"first","10":"instock","11":"taxable","12":"shipping-taxable","13":"purchasable","14":"product-type-simple"},"yoast_head":"<!-- This site is optimized with the Yoast SEO plugin v27.4 - https:\/\/yoast.com\/product\/yoast-seo-wordpress\/ -->\n<title>Voyage voyage - l&#039;\u00e9chapp\u00e9e close<\/title>\n<meta name=\"robots\" content=\"index, follow, max-snippet:-1, max-image-preview:large, max-video-preview:-1\" \/>\n<link rel=\"canonical\" href=\"https:\/\/lechappeeclose.it\/it\/boutique\/livres\/litterature\/romans\/voyage-voyage\/\" \/>\n<meta property=\"og:locale\" content=\"it_IT\" \/>\n<meta property=\"og:type\" content=\"article\" \/>\n<meta property=\"og:title\" content=\"Voyage voyage - l&#039;\u00e9chapp\u00e9e close\" \/>\n<meta property=\"og:description\" content=\"&#8220;Orso voulait mettre en place ce qu&#8217;il appelait la th\u00e9orie de la grande diversion. Il avait trouv\u00e9 cette formule dans un livre et elle lui plaisait. Il fallait se changer les id\u00e9es. Penser \u00e0 autre chose. Chercher l&#8217;aventure dans des endroits in\u00e9dits ; aller l\u00e0 o\u00f9 ils n&#8217;\u00e9taient jamais all\u00e9s ; voir ce qu&#8217;ils n&#8217;avaient [&hellip;]\" \/>\n<meta property=\"og:url\" content=\"https:\/\/lechappeeclose.it\/it\/boutique\/livres\/litterature\/romans\/voyage-voyage\/\" \/>\n<meta property=\"og:site_name\" content=\"l&#039;\u00e9chapp\u00e9e close\" \/>\n<meta property=\"article:modified_time\" content=\"2026-01-22T17:58:19+00:00\" \/>\n<meta property=\"og:image\" content=\"https:\/\/lechappeeclose.it\/wp-content\/uploads\/2026\/01\/Voyage-voyage.jpeg\" \/>\n\t<meta property=\"og:image:width\" content=\"369\" \/>\n\t<meta property=\"og:image:height\" content=\"500\" \/>\n\t<meta property=\"og:image:type\" content=\"image\/jpeg\" \/>\n<meta name=\"twitter:card\" content=\"summary_large_image\" \/>\n<meta name=\"twitter:label1\" content=\"Tempo di lettura stimato\" \/>\n\t<meta name=\"twitter:data1\" content=\"1 minuto\" \/>\n<script type=\"application\/ld+json\" class=\"yoast-schema-graph\">{\"@context\":\"https:\\\/\\\/schema.org\",\"@graph\":[{\"@type\":\"WebPage\",\"@id\":\"https:\\\/\\\/lechappeeclose.it\\\/boutique\\\/livres\\\/litterature\\\/romans\\\/voyage-voyage\\\/\",\"url\":\"https:\\\/\\\/lechappeeclose.it\\\/boutique\\\/livres\\\/litterature\\\/romans\\\/voyage-voyage\\\/\",\"name\":\"Voyage voyage - l&#039;\u00e9chapp\u00e9e close\",\"isPartOf\":{\"@id\":\"http:\\\/\\\/lechappeeclose.it\\\/#website\"},\"primaryImageOfPage\":{\"@id\":\"https:\\\/\\\/lechappeeclose.it\\\/boutique\\\/livres\\\/litterature\\\/romans\\\/voyage-voyage\\\/#primaryimage\"},\"image\":{\"@id\":\"https:\\\/\\\/lechappeeclose.it\\\/boutique\\\/livres\\\/litterature\\\/romans\\\/voyage-voyage\\\/#primaryimage\"},\"thumbnailUrl\":\"https:\\\/\\\/lechappeeclose.it\\\/wp-content\\\/uploads\\\/2026\\\/01\\\/Voyage-voyage.jpeg\",\"datePublished\":\"2026-01-22T17:52:33+00:00\",\"dateModified\":\"2026-01-22T17:58:19+00:00\",\"breadcrumb\":{\"@id\":\"https:\\\/\\\/lechappeeclose.it\\\/boutique\\\/livres\\\/litterature\\\/romans\\\/voyage-voyage\\\/#breadcrumb\"},\"inLanguage\":\"it-IT\",\"potentialAction\":[{\"@type\":\"ReadAction\",\"target\":[\"https:\\\/\\\/lechappeeclose.it\\\/boutique\\\/livres\\\/litterature\\\/romans\\\/voyage-voyage\\\/\"]}]},{\"@type\":\"ImageObject\",\"inLanguage\":\"it-IT\",\"@id\":\"https:\\\/\\\/lechappeeclose.it\\\/boutique\\\/livres\\\/litterature\\\/romans\\\/voyage-voyage\\\/#primaryimage\",\"url\":\"https:\\\/\\\/lechappeeclose.it\\\/wp-content\\\/uploads\\\/2026\\\/01\\\/Voyage-voyage.jpeg\",\"contentUrl\":\"https:\\\/\\\/lechappeeclose.it\\\/wp-content\\\/uploads\\\/2026\\\/01\\\/Voyage-voyage.jpeg\",\"width\":369,\"height\":500},{\"@type\":\"BreadcrumbList\",\"@id\":\"https:\\\/\\\/lechappeeclose.it\\\/boutique\\\/livres\\\/litterature\\\/romans\\\/voyage-voyage\\\/#breadcrumb\",\"itemListElement\":[{\"@type\":\"ListItem\",\"position\":1,\"name\":\"Accueil\",\"item\":\"http:\\\/\\\/lechappeeclose.it\\\/\"},{\"@type\":\"ListItem\",\"position\":2,\"name\":\"Boutique\",\"item\":\"http:\\\/\\\/lechappeeclose.it\\\/it\\\/boutique\\\/\"},{\"@type\":\"ListItem\",\"position\":3,\"name\":\"Voyage voyage\"}]},{\"@type\":\"WebSite\",\"@id\":\"http:\\\/\\\/lechappeeclose.it\\\/#website\",\"url\":\"http:\\\/\\\/lechappeeclose.it\\\/\",\"name\":\"l&#039;\u00e9chapp\u00e9e close\",\"description\":\"la librairie fran\u00e7aise de Milan\",\"publisher\":{\"@id\":\"http:\\\/\\\/lechappeeclose.it\\\/#organization\"},\"alternateName\":\"La librairie fran\u00e7aise de Milan\",\"potentialAction\":[{\"@type\":\"SearchAction\",\"target\":{\"@type\":\"EntryPoint\",\"urlTemplate\":\"http:\\\/\\\/lechappeeclose.it\\\/?s={search_term_string}\"},\"query-input\":{\"@type\":\"PropertyValueSpecification\",\"valueRequired\":true,\"valueName\":\"search_term_string\"}}],\"inLanguage\":\"it-IT\"},{\"@type\":\"Organization\",\"@id\":\"http:\\\/\\\/lechappeeclose.it\\\/#organization\",\"name\":\"l&#039;\u00e9chapp\u00e9e close\",\"url\":\"http:\\\/\\\/lechappeeclose.it\\\/\",\"logo\":{\"@type\":\"ImageObject\",\"inLanguage\":\"it-IT\",\"@id\":\"http:\\\/\\\/lechappeeclose.it\\\/#\\\/schema\\\/logo\\\/image\\\/\",\"url\":\"https:\\\/\\\/lechappeeclose.it\\\/wp-content\\\/uploads\\\/2025\\\/02\\\/cropped-logo-rond.png\",\"contentUrl\":\"https:\\\/\\\/lechappeeclose.it\\\/wp-content\\\/uploads\\\/2025\\\/02\\\/cropped-logo-rond.png\",\"width\":1080,\"height\":1080,\"caption\":\"l&#039;\u00e9chapp\u00e9e close\"},\"image\":{\"@id\":\"http:\\\/\\\/lechappeeclose.it\\\/#\\\/schema\\\/logo\\\/image\\\/\"},\"sameAs\":[\"https:\\\/\\\/www.instagram.com\\\/lechappeeclose\\\/\"]}]}<\/script>\n<!-- \/ Yoast SEO plugin. -->","yoast_head_json":{"title":"Voyage voyage - l&#039;\u00e9chapp\u00e9e close","robots":{"index":"index","follow":"follow","max-snippet":"max-snippet:-1","max-image-preview":"max-image-preview:large","max-video-preview":"max-video-preview:-1"},"canonical":"https:\/\/lechappeeclose.it\/it\/boutique\/livres\/litterature\/romans\/voyage-voyage\/","og_locale":"it_IT","og_type":"article","og_title":"Voyage voyage - l&#039;\u00e9chapp\u00e9e close","og_description":"&#8220;Orso voulait mettre en place ce qu&#8217;il appelait la th\u00e9orie de la grande diversion. Il avait trouv\u00e9 cette formule dans un livre et elle lui plaisait. Il fallait se changer les id\u00e9es. Penser \u00e0 autre chose. Chercher l&#8217;aventure dans des endroits in\u00e9dits ; aller l\u00e0 o\u00f9 ils n&#8217;\u00e9taient jamais all\u00e9s ; voir ce qu&#8217;ils n&#8217;avaient [&hellip;]","og_url":"https:\/\/lechappeeclose.it\/it\/boutique\/livres\/litterature\/romans\/voyage-voyage\/","og_site_name":"l&#039;\u00e9chapp\u00e9e close","article_modified_time":"2026-01-22T17:58:19+00:00","og_image":[{"width":369,"height":500,"url":"https:\/\/lechappeeclose.it\/wp-content\/uploads\/2026\/01\/Voyage-voyage.jpeg","type":"image\/jpeg"}],"twitter_card":"summary_large_image","twitter_misc":{"Tempo di lettura stimato":"1 minuto"},"schema":{"@context":"https:\/\/schema.org","@graph":[{"@type":"WebPage","@id":"https:\/\/lechappeeclose.it\/boutique\/livres\/litterature\/romans\/voyage-voyage\/","url":"https:\/\/lechappeeclose.it\/boutique\/livres\/litterature\/romans\/voyage-voyage\/","name":"Voyage voyage - l&#039;\u00e9chapp\u00e9e close","isPartOf":{"@id":"http:\/\/lechappeeclose.it\/#website"},"primaryImageOfPage":{"@id":"https:\/\/lechappeeclose.it\/boutique\/livres\/litterature\/romans\/voyage-voyage\/#primaryimage"},"image":{"@id":"https:\/\/lechappeeclose.it\/boutique\/livres\/litterature\/romans\/voyage-voyage\/#primaryimage"},"thumbnailUrl":"https:\/\/lechappeeclose.it\/wp-content\/uploads\/2026\/01\/Voyage-voyage.jpeg","datePublished":"2026-01-22T17:52:33+00:00","dateModified":"2026-01-22T17:58:19+00:00","breadcrumb":{"@id":"https:\/\/lechappeeclose.it\/boutique\/livres\/litterature\/romans\/voyage-voyage\/#breadcrumb"},"inLanguage":"it-IT","potentialAction":[{"@type":"ReadAction","target":["https:\/\/lechappeeclose.it\/boutique\/livres\/litterature\/romans\/voyage-voyage\/"]}]},{"@type":"ImageObject","inLanguage":"it-IT","@id":"https:\/\/lechappeeclose.it\/boutique\/livres\/litterature\/romans\/voyage-voyage\/#primaryimage","url":"https:\/\/lechappeeclose.it\/wp-content\/uploads\/2026\/01\/Voyage-voyage.jpeg","contentUrl":"https:\/\/lechappeeclose.it\/wp-content\/uploads\/2026\/01\/Voyage-voyage.jpeg","width":369,"height":500},{"@type":"BreadcrumbList","@id":"https:\/\/lechappeeclose.it\/boutique\/livres\/litterature\/romans\/voyage-voyage\/#breadcrumb","itemListElement":[{"@type":"ListItem","position":1,"name":"Accueil","item":"http:\/\/lechappeeclose.it\/"},{"@type":"ListItem","position":2,"name":"Boutique","item":"http:\/\/lechappeeclose.it\/it\/boutique\/"},{"@type":"ListItem","position":3,"name":"Voyage voyage"}]},{"@type":"WebSite","@id":"http:\/\/lechappeeclose.it\/#website","url":"http:\/\/lechappeeclose.it\/","name":"l&#039;\u00e9chapp\u00e9e close","description":"La libreria francese di Milano","publisher":{"@id":"http:\/\/lechappeeclose.it\/#organization"},"alternateName":"La librairie fran\u00e7aise de Milan","potentialAction":[{"@type":"SearchAction","target":{"@type":"EntryPoint","urlTemplate":"http:\/\/lechappeeclose.it\/?s={search_term_string}"},"query-input":{"@type":"PropertyValueSpecification","valueRequired":true,"valueName":"search_term_string"}}],"inLanguage":"it-IT"},{"@type":"Organization","@id":"http:\/\/lechappeeclose.it\/#organization","name":"l&#039;\u00e9chapp\u00e9e close","url":"http:\/\/lechappeeclose.it\/","logo":{"@type":"ImageObject","inLanguage":"it-IT","@id":"http:\/\/lechappeeclose.it\/#\/schema\/logo\/image\/","url":"https:\/\/lechappeeclose.it\/wp-content\/uploads\/2025\/02\/cropped-logo-rond.png","contentUrl":"https:\/\/lechappeeclose.it\/wp-content\/uploads\/2025\/02\/cropped-logo-rond.png","width":1080,"height":1080,"caption":"l&#039;\u00e9chapp\u00e9e close"},"image":{"@id":"http:\/\/lechappeeclose.it\/#\/schema\/logo\/image\/"},"sameAs":["https:\/\/www.instagram.com\/lechappeeclose\/"]}]}},"_links":{"self":[{"href":"https:\/\/lechappeeclose.it\/it\/wp-json\/wp\/v2\/product\/12658","targetHints":{"allow":["GET"]}}],"collection":[{"href":"https:\/\/lechappeeclose.it\/it\/wp-json\/wp\/v2\/product"}],"about":[{"href":"https:\/\/lechappeeclose.it\/it\/wp-json\/wp\/v2\/types\/product"}],"replies":[{"embeddable":true,"href":"https:\/\/lechappeeclose.it\/it\/wp-json\/wp\/v2\/comments?post=12658"}],"wp:featuredmedia":[{"embeddable":true,"href":"https:\/\/lechappeeclose.it\/it\/wp-json\/wp\/v2\/media\/12657"}],"wp:attachment":[{"href":"https:\/\/lechappeeclose.it\/it\/wp-json\/wp\/v2\/media?parent=12658"}],"wp:term":[{"taxonomy":"product_brand","embeddable":true,"href":"https:\/\/lechappeeclose.it\/it\/wp-json\/wp\/v2\/product_brand?post=12658"},{"taxonomy":"product_cat","embeddable":true,"href":"https:\/\/lechappeeclose.it\/it\/wp-json\/wp\/v2\/product_cat?post=12658"},{"taxonomy":"product_tag","embeddable":true,"href":"https:\/\/lechappeeclose.it\/it\/wp-json\/wp\/v2\/product_tag?post=12658"}],"curies":[{"name":"wp","href":"https:\/\/api.w.org\/{rel}","templated":true}]}}