{"id":12573,"date":"2026-01-10T17:20:05","date_gmt":"2026-01-10T16:20:05","guid":{"rendered":"https:\/\/lechappeeclose.it\/boutique\/non%20class\u00e9\/danser-avec-le-vent\/"},"modified":"2026-01-10T17:52:01","modified_gmt":"2026-01-10T16:52:01","slug":"danser-avec-le-vent","status":"publish","type":"product","link":"https:\/\/lechappeeclose.it\/it\/boutique\/livres\/roman-graphique-bd\/roman-graphique\/danser-avec-le-vent\/","title":{"rendered":"Danser avec le vent"},"content":{"rendered":"<p>Novembre 2022. Douze ans apr\u00e8s son premier voyage, Emmanuel Lepage embarque pour les \u00eeles Kerguelen. Cette fois-ci, contrairement au premier voyage, il restera sur place \u00e0 l&#8217;invitation de Christophe Guinet, responsable des programmes \u00e9l\u00e9phants de mer, pour qu&#8217;il puisse rendre compte de leur travail sur place. Pour lui c&#8217;est aussi l&#8217;envie de vivre le quotidien de ces reclus volontaires, soud\u00e9s par la rudesse du climat, qui inventent d&#8217;autres fa\u00e7ons de vivre ensemble. Mais Emmanuel n&#8217;est plus ce jeune dessinateur inconnu qui est mont\u00e9 \u00e0 bord du Marion Dufresne en 2010. Son livre, Voyages aux \u00eeles de la d\u00e9solation, est un \u00abbest-seller\u00bb qui est connu de tous l\u00e0-bas. Il a m\u00eame suscit\u00e9 des vocations ! Ensuite, il est accompagn\u00e9 pour ce voyage par une \u00e9quipe de t\u00e9l\u00e9vision d&#8217;Arte qui r\u00e9alise un reportage sur Kerguelen dont il est le personnage central. Sur le bateau, Emmanuel se demande s&#8217;il arrivera \u00e0 profiter pleinement de ce deuxi\u00e8me voyage qu&#8217;il attendait depuis longtemps&#8230; Emmanuel Lepage revient au r\u00e9cit de voyage avec l&#8217;envie de montrer les changements d\u00e9j\u00e0 \u00e0 l&#8217;oeuvre sur ces terres \u00e9loign\u00e9es en raison du r\u00e9chauffement climatique. Et pour t\u00e9moigner aussi de l&#8217;\u00e9volution de la soci\u00e9t\u00e9 qui impr\u00e8gne ces communaut\u00e9s des terres australes, de la mani\u00e8re dont les scientifiques travaillent sur place et vivent ensemble dans un climat extr\u00eame.<br \/>\n Pour raconter ce long voyage effectu\u00e9 en 2022-2023, Lepage livre des planches d&#8217;une immense beaut\u00e9, en grand format, pour repr\u00e9senter la nature en majest\u00e9.<\/p>","protected":false},"excerpt":{"rendered":"<p>Novembre 2022. Douze ans apr\u00e8s son premier voyage, Emmanuel Lepage embarque pour les \u00eeles Kerguelen. Cette fois-ci, contrairement au premier voyage, il restera sur place \u00e0 l&#8217;invitation de Christophe Guinet, responsable des programmes \u00e9l\u00e9phants de mer, pour qu&#8217;il puisse rendre compte de leur travail sur place. Pour lui c&#8217;est aussi l&#8217;envie de vivre le quotidien [&hellip;]<\/p>","protected":false},"featured_media":12572,"comment_status":"open","ping_status":"closed","template":"","meta":[],"product_brand":[],"product_cat":[61],"product_tag":[2100],"class_list":{"0":"post-12573","1":"product","2":"type-product","3":"status-publish","4":"has-post-thumbnail","6":"product_cat-roman-graphique","7":"product_tag-conseils","9":"first","10":"instock","11":"taxable","12":"shipping-taxable","13":"purchasable","14":"product-type-simple"},"yoast_head":"<!-- This site is optimized with the Yoast SEO plugin v27.4 - https:\/\/yoast.com\/product\/yoast-seo-wordpress\/ -->\n<title>Danser avec le vent - l&#039;\u00e9chapp\u00e9e close<\/title>\n<meta name=\"robots\" content=\"index, follow, max-snippet:-1, max-image-preview:large, max-video-preview:-1\" \/>\n<link rel=\"canonical\" href=\"http:\/\/lechappeeclose.it\/it\/boutique\/livres\/roman-graphique-bd\/roman-graphique\/danser-avec-le-vent\/\" \/>\n<meta property=\"og:locale\" content=\"it_IT\" \/>\n<meta property=\"og:type\" content=\"article\" \/>\n<meta property=\"og:title\" content=\"Danser avec le vent - l&#039;\u00e9chapp\u00e9e close\" \/>\n<meta property=\"og:description\" content=\"Novembre 2022. Douze ans apr\u00e8s son premier voyage, Emmanuel Lepage embarque pour les \u00eeles Kerguelen. Cette fois-ci, contrairement au premier voyage, il restera sur place \u00e0 l&#8217;invitation de Christophe Guinet, responsable des programmes \u00e9l\u00e9phants de mer, pour qu&#8217;il puisse rendre compte de leur travail sur place. Pour lui c&#8217;est aussi l&#8217;envie de vivre le quotidien [&hellip;]\" \/>\n<meta property=\"og:url\" content=\"http:\/\/lechappeeclose.it\/it\/boutique\/livres\/roman-graphique-bd\/roman-graphique\/danser-avec-le-vent\/\" \/>\n<meta property=\"og:site_name\" content=\"l&#039;\u00e9chapp\u00e9e close\" \/>\n<meta property=\"article:modified_time\" content=\"2026-01-10T16:52:01+00:00\" \/>\n<meta property=\"og:image\" content=\"http:\/\/lechappeeclose.it\/wp-content\/uploads\/2026\/01\/Danser-avec-le-vent.jpeg\" \/>\n\t<meta property=\"og:image:width\" content=\"352\" \/>\n\t<meta property=\"og:image:height\" content=\"500\" \/>\n\t<meta property=\"og:image:type\" content=\"image\/jpeg\" \/>\n<meta name=\"twitter:card\" content=\"summary_large_image\" \/>\n<meta name=\"twitter:label1\" content=\"Tempo di lettura stimato\" \/>\n\t<meta name=\"twitter:data1\" content=\"1 minuto\" \/>\n<script type=\"application\/ld+json\" class=\"yoast-schema-graph\">{\"@context\":\"https:\\\/\\\/schema.org\",\"@graph\":[{\"@type\":\"WebPage\",\"@id\":\"http:\\\/\\\/lechappeeclose.it\\\/boutique\\\/livres\\\/roman-graphique-bd\\\/roman-graphique\\\/danser-avec-le-vent\\\/\",\"url\":\"http:\\\/\\\/lechappeeclose.it\\\/boutique\\\/livres\\\/roman-graphique-bd\\\/roman-graphique\\\/danser-avec-le-vent\\\/\",\"name\":\"Danser avec le vent - l&#039;\u00e9chapp\u00e9e close\",\"isPartOf\":{\"@id\":\"http:\\\/\\\/lechappeeclose.it\\\/#website\"},\"primaryImageOfPage\":{\"@id\":\"http:\\\/\\\/lechappeeclose.it\\\/boutique\\\/livres\\\/roman-graphique-bd\\\/roman-graphique\\\/danser-avec-le-vent\\\/#primaryimage\"},\"image\":{\"@id\":\"http:\\\/\\\/lechappeeclose.it\\\/boutique\\\/livres\\\/roman-graphique-bd\\\/roman-graphique\\\/danser-avec-le-vent\\\/#primaryimage\"},\"thumbnailUrl\":\"https:\\\/\\\/lechappeeclose.it\\\/wp-content\\\/uploads\\\/2026\\\/01\\\/Danser-avec-le-vent.jpeg\",\"datePublished\":\"2026-01-10T16:20:05+00:00\",\"dateModified\":\"2026-01-10T16:52:01+00:00\",\"breadcrumb\":{\"@id\":\"http:\\\/\\\/lechappeeclose.it\\\/boutique\\\/livres\\\/roman-graphique-bd\\\/roman-graphique\\\/danser-avec-le-vent\\\/#breadcrumb\"},\"inLanguage\":\"it-IT\",\"potentialAction\":[{\"@type\":\"ReadAction\",\"target\":[\"http:\\\/\\\/lechappeeclose.it\\\/boutique\\\/livres\\\/roman-graphique-bd\\\/roman-graphique\\\/danser-avec-le-vent\\\/\"]}]},{\"@type\":\"ImageObject\",\"inLanguage\":\"it-IT\",\"@id\":\"http:\\\/\\\/lechappeeclose.it\\\/boutique\\\/livres\\\/roman-graphique-bd\\\/roman-graphique\\\/danser-avec-le-vent\\\/#primaryimage\",\"url\":\"https:\\\/\\\/lechappeeclose.it\\\/wp-content\\\/uploads\\\/2026\\\/01\\\/Danser-avec-le-vent.jpeg\",\"contentUrl\":\"https:\\\/\\\/lechappeeclose.it\\\/wp-content\\\/uploads\\\/2026\\\/01\\\/Danser-avec-le-vent.jpeg\",\"width\":352,\"height\":500},{\"@type\":\"BreadcrumbList\",\"@id\":\"http:\\\/\\\/lechappeeclose.it\\\/boutique\\\/livres\\\/roman-graphique-bd\\\/roman-graphique\\\/danser-avec-le-vent\\\/#breadcrumb\",\"itemListElement\":[{\"@type\":\"ListItem\",\"position\":1,\"name\":\"Accueil\",\"item\":\"http:\\\/\\\/lechappeeclose.it\\\/\"},{\"@type\":\"ListItem\",\"position\":2,\"name\":\"Boutique\",\"item\":\"http:\\\/\\\/lechappeeclose.it\\\/it\\\/boutique\\\/\"},{\"@type\":\"ListItem\",\"position\":3,\"name\":\"Danser avec le vent\"}]},{\"@type\":\"WebSite\",\"@id\":\"http:\\\/\\\/lechappeeclose.it\\\/#website\",\"url\":\"http:\\\/\\\/lechappeeclose.it\\\/\",\"name\":\"l&#039;\u00e9chapp\u00e9e close\",\"description\":\"la librairie fran\u00e7aise de Milan\",\"publisher\":{\"@id\":\"http:\\\/\\\/lechappeeclose.it\\\/#organization\"},\"alternateName\":\"La librairie fran\u00e7aise de Milan\",\"potentialAction\":[{\"@type\":\"SearchAction\",\"target\":{\"@type\":\"EntryPoint\",\"urlTemplate\":\"http:\\\/\\\/lechappeeclose.it\\\/?s={search_term_string}\"},\"query-input\":{\"@type\":\"PropertyValueSpecification\",\"valueRequired\":true,\"valueName\":\"search_term_string\"}}],\"inLanguage\":\"it-IT\"},{\"@type\":\"Organization\",\"@id\":\"http:\\\/\\\/lechappeeclose.it\\\/#organization\",\"name\":\"l&#039;\u00e9chapp\u00e9e close\",\"url\":\"http:\\\/\\\/lechappeeclose.it\\\/\",\"logo\":{\"@type\":\"ImageObject\",\"inLanguage\":\"it-IT\",\"@id\":\"http:\\\/\\\/lechappeeclose.it\\\/#\\\/schema\\\/logo\\\/image\\\/\",\"url\":\"https:\\\/\\\/lechappeeclose.it\\\/wp-content\\\/uploads\\\/2025\\\/02\\\/cropped-logo-rond.png\",\"contentUrl\":\"https:\\\/\\\/lechappeeclose.it\\\/wp-content\\\/uploads\\\/2025\\\/02\\\/cropped-logo-rond.png\",\"width\":1080,\"height\":1080,\"caption\":\"l&#039;\u00e9chapp\u00e9e close\"},\"image\":{\"@id\":\"http:\\\/\\\/lechappeeclose.it\\\/#\\\/schema\\\/logo\\\/image\\\/\"},\"sameAs\":[\"https:\\\/\\\/www.instagram.com\\\/lechappeeclose\\\/\"]}]}<\/script>\n<!-- \/ Yoast SEO plugin. -->","yoast_head_json":{"title":"Danser avec le vent - l&#039;\u00e9chapp\u00e9e close","robots":{"index":"index","follow":"follow","max-snippet":"max-snippet:-1","max-image-preview":"max-image-preview:large","max-video-preview":"max-video-preview:-1"},"canonical":"http:\/\/lechappeeclose.it\/it\/boutique\/livres\/roman-graphique-bd\/roman-graphique\/danser-avec-le-vent\/","og_locale":"it_IT","og_type":"article","og_title":"Danser avec le vent - l&#039;\u00e9chapp\u00e9e close","og_description":"Novembre 2022. Douze ans apr\u00e8s son premier voyage, Emmanuel Lepage embarque pour les \u00eeles Kerguelen. Cette fois-ci, contrairement au premier voyage, il restera sur place \u00e0 l&#8217;invitation de Christophe Guinet, responsable des programmes \u00e9l\u00e9phants de mer, pour qu&#8217;il puisse rendre compte de leur travail sur place. Pour lui c&#8217;est aussi l&#8217;envie de vivre le quotidien [&hellip;]","og_url":"http:\/\/lechappeeclose.it\/it\/boutique\/livres\/roman-graphique-bd\/roman-graphique\/danser-avec-le-vent\/","og_site_name":"l&#039;\u00e9chapp\u00e9e close","article_modified_time":"2026-01-10T16:52:01+00:00","og_image":[{"width":352,"height":500,"url":"http:\/\/lechappeeclose.it\/wp-content\/uploads\/2026\/01\/Danser-avec-le-vent.jpeg","type":"image\/jpeg"}],"twitter_card":"summary_large_image","twitter_misc":{"Tempo di lettura stimato":"1 minuto"},"schema":{"@context":"https:\/\/schema.org","@graph":[{"@type":"WebPage","@id":"http:\/\/lechappeeclose.it\/boutique\/livres\/roman-graphique-bd\/roman-graphique\/danser-avec-le-vent\/","url":"http:\/\/lechappeeclose.it\/boutique\/livres\/roman-graphique-bd\/roman-graphique\/danser-avec-le-vent\/","name":"Danser avec le vent - l&#039;\u00e9chapp\u00e9e close","isPartOf":{"@id":"http:\/\/lechappeeclose.it\/#website"},"primaryImageOfPage":{"@id":"http:\/\/lechappeeclose.it\/boutique\/livres\/roman-graphique-bd\/roman-graphique\/danser-avec-le-vent\/#primaryimage"},"image":{"@id":"http:\/\/lechappeeclose.it\/boutique\/livres\/roman-graphique-bd\/roman-graphique\/danser-avec-le-vent\/#primaryimage"},"thumbnailUrl":"https:\/\/lechappeeclose.it\/wp-content\/uploads\/2026\/01\/Danser-avec-le-vent.jpeg","datePublished":"2026-01-10T16:20:05+00:00","dateModified":"2026-01-10T16:52:01+00:00","breadcrumb":{"@id":"http:\/\/lechappeeclose.it\/boutique\/livres\/roman-graphique-bd\/roman-graphique\/danser-avec-le-vent\/#breadcrumb"},"inLanguage":"it-IT","potentialAction":[{"@type":"ReadAction","target":["http:\/\/lechappeeclose.it\/boutique\/livres\/roman-graphique-bd\/roman-graphique\/danser-avec-le-vent\/"]}]},{"@type":"ImageObject","inLanguage":"it-IT","@id":"http:\/\/lechappeeclose.it\/boutique\/livres\/roman-graphique-bd\/roman-graphique\/danser-avec-le-vent\/#primaryimage","url":"https:\/\/lechappeeclose.it\/wp-content\/uploads\/2026\/01\/Danser-avec-le-vent.jpeg","contentUrl":"https:\/\/lechappeeclose.it\/wp-content\/uploads\/2026\/01\/Danser-avec-le-vent.jpeg","width":352,"height":500},{"@type":"BreadcrumbList","@id":"http:\/\/lechappeeclose.it\/boutique\/livres\/roman-graphique-bd\/roman-graphique\/danser-avec-le-vent\/#breadcrumb","itemListElement":[{"@type":"ListItem","position":1,"name":"Accueil","item":"http:\/\/lechappeeclose.it\/"},{"@type":"ListItem","position":2,"name":"Boutique","item":"http:\/\/lechappeeclose.it\/it\/boutique\/"},{"@type":"ListItem","position":3,"name":"Danser avec le vent"}]},{"@type":"WebSite","@id":"http:\/\/lechappeeclose.it\/#website","url":"http:\/\/lechappeeclose.it\/","name":"l&#039;\u00e9chapp\u00e9e close","description":"La libreria francese di Milano","publisher":{"@id":"http:\/\/lechappeeclose.it\/#organization"},"alternateName":"La librairie fran\u00e7aise de Milan","potentialAction":[{"@type":"SearchAction","target":{"@type":"EntryPoint","urlTemplate":"http:\/\/lechappeeclose.it\/?s={search_term_string}"},"query-input":{"@type":"PropertyValueSpecification","valueRequired":true,"valueName":"search_term_string"}}],"inLanguage":"it-IT"},{"@type":"Organization","@id":"http:\/\/lechappeeclose.it\/#organization","name":"l&#039;\u00e9chapp\u00e9e close","url":"http:\/\/lechappeeclose.it\/","logo":{"@type":"ImageObject","inLanguage":"it-IT","@id":"http:\/\/lechappeeclose.it\/#\/schema\/logo\/image\/","url":"https:\/\/lechappeeclose.it\/wp-content\/uploads\/2025\/02\/cropped-logo-rond.png","contentUrl":"https:\/\/lechappeeclose.it\/wp-content\/uploads\/2025\/02\/cropped-logo-rond.png","width":1080,"height":1080,"caption":"l&#039;\u00e9chapp\u00e9e close"},"image":{"@id":"http:\/\/lechappeeclose.it\/#\/schema\/logo\/image\/"},"sameAs":["https:\/\/www.instagram.com\/lechappeeclose\/"]}]}},"_links":{"self":[{"href":"https:\/\/lechappeeclose.it\/it\/wp-json\/wp\/v2\/product\/12573","targetHints":{"allow":["GET"]}}],"collection":[{"href":"https:\/\/lechappeeclose.it\/it\/wp-json\/wp\/v2\/product"}],"about":[{"href":"https:\/\/lechappeeclose.it\/it\/wp-json\/wp\/v2\/types\/product"}],"replies":[{"embeddable":true,"href":"https:\/\/lechappeeclose.it\/it\/wp-json\/wp\/v2\/comments?post=12573"}],"wp:featuredmedia":[{"embeddable":true,"href":"https:\/\/lechappeeclose.it\/it\/wp-json\/wp\/v2\/media\/12572"}],"wp:attachment":[{"href":"https:\/\/lechappeeclose.it\/it\/wp-json\/wp\/v2\/media?parent=12573"}],"wp:term":[{"taxonomy":"product_brand","embeddable":true,"href":"https:\/\/lechappeeclose.it\/it\/wp-json\/wp\/v2\/product_brand?post=12573"},{"taxonomy":"product_cat","embeddable":true,"href":"https:\/\/lechappeeclose.it\/it\/wp-json\/wp\/v2\/product_cat?post=12573"},{"taxonomy":"product_tag","embeddable":true,"href":"https:\/\/lechappeeclose.it\/it\/wp-json\/wp\/v2\/product_tag?post=12573"}],"curies":[{"name":"wp","href":"https:\/\/api.w.org\/{rel}","templated":true}]}}