{"id":12423,"date":"2025-11-08T17:39:44","date_gmt":"2025-11-08T16:39:44","guid":{"rendered":"https:\/\/lechappeeclose.it\/boutique\/non%20class\u00e9\/legende-n18-simonde-de-beauvoir\/"},"modified":"2026-02-20T14:46:08","modified_gmt":"2026-02-20T13:46:08","slug":"legende-n18-simonde-de-beauvoir","status":"publish","type":"product","link":"https:\/\/lechappeeclose.it\/it\/boutique\/livres\/arts\/culture-francaise\/legende-n18-simonde-de-beauvoir\/","title":{"rendered":"L\u00e9gende n\u00b018 &#8211; Simonde de Beauvoir"},"content":{"rendered":"<p>Num\u00e9ro consacr\u00e9 \u00e0 l&#8217;\u00e9crivaine fran\u00e7aise, image de l&#8217;intellectuelle engag\u00e9e dans son \u00e9poque, ic\u00f4ne du f\u00e9minisme et visage de l&#8217;\u00e9mancipation des femmes. Les contributeurs abordent ses multiples vies, entre philosophie, litt\u00e9rature et engagement politique, ainsi que sa relation complexe avec Sartre.<\/p>","protected":false},"excerpt":{"rendered":"<p>Num\u00e9ro consacr\u00e9 \u00e0 l&#8217;\u00e9crivaine fran\u00e7aise, image de l&#8217;intellectuelle engag\u00e9e dans son \u00e9poque, ic\u00f4ne du f\u00e9minisme et visage de l&#8217;\u00e9mancipation des femmes. Les contributeurs abordent ses multiples vies, entre philosophie, litt\u00e9rature et engagement politique, ainsi que sa relation complexe avec Sartre.<\/p>","protected":false},"featured_media":12422,"comment_status":"open","ping_status":"closed","template":"","meta":[],"product_brand":[],"product_cat":[45],"product_tag":[2100],"class_list":{"0":"post-12423","1":"product","2":"type-product","3":"status-publish","4":"has-post-thumbnail","6":"product_cat-culture-francaise","7":"product_tag-conseils","9":"first","10":"instock","11":"taxable","12":"shipping-taxable","13":"purchasable","14":"product-type-simple"},"yoast_head":"<!-- This site is optimized with the Yoast SEO plugin v27.3 - https:\/\/yoast.com\/product\/yoast-seo-wordpress\/ -->\n<title>L\u00e9gende n\u00b018 - Simonde de Beauvoir - l&#039;\u00e9chapp\u00e9e close<\/title>\n<meta name=\"robots\" content=\"index, follow, max-snippet:-1, max-image-preview:large, max-video-preview:-1\" \/>\n<link rel=\"canonical\" href=\"http:\/\/lechappeeclose.it\/it\/boutique\/livres\/arts\/culture-francaise\/legende-n18-simonde-de-beauvoir\/\" \/>\n<meta property=\"og:locale\" content=\"it_IT\" \/>\n<meta property=\"og:type\" content=\"article\" \/>\n<meta property=\"og:title\" content=\"L\u00e9gende n\u00b018 - Simonde de Beauvoir - l&#039;\u00e9chapp\u00e9e close\" \/>\n<meta property=\"og:description\" content=\"Num\u00e9ro consacr\u00e9 \u00e0 l&#8217;\u00e9crivaine fran\u00e7aise, image de l&#8217;intellectuelle engag\u00e9e dans son \u00e9poque, ic\u00f4ne du f\u00e9minisme et visage de l&#8217;\u00e9mancipation des femmes. Les contributeurs abordent ses multiples vies, entre philosophie, litt\u00e9rature et engagement politique, ainsi que sa relation complexe avec Sartre.\" \/>\n<meta property=\"og:url\" content=\"http:\/\/lechappeeclose.it\/it\/boutique\/livres\/arts\/culture-francaise\/legende-n18-simonde-de-beauvoir\/\" \/>\n<meta property=\"og:site_name\" content=\"l&#039;\u00e9chapp\u00e9e close\" \/>\n<meta property=\"article:modified_time\" content=\"2026-02-20T13:46:08+00:00\" \/>\n<meta property=\"og:image\" content=\"http:\/\/lechappeeclose.it\/wp-content\/uploads\/2025\/11\/Legende-n\u00b018-Simonde-de-Beauvoir.jpeg\" \/>\n\t<meta property=\"og:image:width\" content=\"348\" \/>\n\t<meta property=\"og:image:height\" content=\"500\" \/>\n\t<meta property=\"og:image:type\" content=\"image\/jpeg\" \/>\n<meta name=\"twitter:card\" content=\"summary_large_image\" \/>\n<script type=\"application\/ld+json\" class=\"yoast-schema-graph\">{\"@context\":\"https:\\\/\\\/schema.org\",\"@graph\":[{\"@type\":\"WebPage\",\"@id\":\"http:\\\/\\\/lechappeeclose.it\\\/boutique\\\/livres\\\/arts\\\/culture-francaise\\\/legende-n18-simonde-de-beauvoir\\\/\",\"url\":\"http:\\\/\\\/lechappeeclose.it\\\/boutique\\\/livres\\\/arts\\\/culture-francaise\\\/legende-n18-simonde-de-beauvoir\\\/\",\"name\":\"L\u00e9gende n\u00b018 - Simonde de Beauvoir - l&#039;\u00e9chapp\u00e9e close\",\"isPartOf\":{\"@id\":\"https:\\\/\\\/lechappeeclose.it\\\/it\\\/#website\"},\"primaryImageOfPage\":{\"@id\":\"http:\\\/\\\/lechappeeclose.it\\\/boutique\\\/livres\\\/arts\\\/culture-francaise\\\/legende-n18-simonde-de-beauvoir\\\/#primaryimage\"},\"image\":{\"@id\":\"http:\\\/\\\/lechappeeclose.it\\\/boutique\\\/livres\\\/arts\\\/culture-francaise\\\/legende-n18-simonde-de-beauvoir\\\/#primaryimage\"},\"thumbnailUrl\":\"https:\\\/\\\/lechappeeclose.it\\\/wp-content\\\/uploads\\\/2025\\\/11\\\/Legende-n\u00b018-Simonde-de-Beauvoir.jpeg\",\"datePublished\":\"2025-11-08T16:39:44+00:00\",\"dateModified\":\"2026-02-20T13:46:08+00:00\",\"breadcrumb\":{\"@id\":\"http:\\\/\\\/lechappeeclose.it\\\/boutique\\\/livres\\\/arts\\\/culture-francaise\\\/legende-n18-simonde-de-beauvoir\\\/#breadcrumb\"},\"inLanguage\":\"it-IT\",\"potentialAction\":[{\"@type\":\"ReadAction\",\"target\":[\"http:\\\/\\\/lechappeeclose.it\\\/boutique\\\/livres\\\/arts\\\/culture-francaise\\\/legende-n18-simonde-de-beauvoir\\\/\"]}]},{\"@type\":\"ImageObject\",\"inLanguage\":\"it-IT\",\"@id\":\"http:\\\/\\\/lechappeeclose.it\\\/boutique\\\/livres\\\/arts\\\/culture-francaise\\\/legende-n18-simonde-de-beauvoir\\\/#primaryimage\",\"url\":\"https:\\\/\\\/lechappeeclose.it\\\/wp-content\\\/uploads\\\/2025\\\/11\\\/Legende-n\u00b018-Simonde-de-Beauvoir.jpeg\",\"contentUrl\":\"https:\\\/\\\/lechappeeclose.it\\\/wp-content\\\/uploads\\\/2025\\\/11\\\/Legende-n\u00b018-Simonde-de-Beauvoir.jpeg\",\"width\":348,\"height\":500},{\"@type\":\"BreadcrumbList\",\"@id\":\"http:\\\/\\\/lechappeeclose.it\\\/boutique\\\/livres\\\/arts\\\/culture-francaise\\\/legende-n18-simonde-de-beauvoir\\\/#breadcrumb\",\"itemListElement\":[{\"@type\":\"ListItem\",\"position\":1,\"name\":\"Accueil\",\"item\":\"https:\\\/\\\/lechappeeclose.it\\\/it\\\/\"},{\"@type\":\"ListItem\",\"position\":2,\"name\":\"Boutique\",\"item\":\"https:\\\/\\\/lechappeeclose.it\\\/it\\\/boutique\\\/\"},{\"@type\":\"ListItem\",\"position\":3,\"name\":\"L\u00e9gende n\u00b018 &#8211; Simonde de Beauvoir\"}]},{\"@type\":\"WebSite\",\"@id\":\"https:\\\/\\\/lechappeeclose.it\\\/it\\\/#website\",\"url\":\"https:\\\/\\\/lechappeeclose.it\\\/it\\\/\",\"name\":\"l&#039;\u00e9chapp\u00e9e close\",\"description\":\"la librairie fran\u00e7aise de Milan\",\"publisher\":{\"@id\":\"https:\\\/\\\/lechappeeclose.it\\\/it\\\/#organization\"},\"alternateName\":\"La librairie fran\u00e7aise de Milan\",\"potentialAction\":[{\"@type\":\"SearchAction\",\"target\":{\"@type\":\"EntryPoint\",\"urlTemplate\":\"https:\\\/\\\/lechappeeclose.it\\\/it\\\/?s={search_term_string}\"},\"query-input\":{\"@type\":\"PropertyValueSpecification\",\"valueRequired\":true,\"valueName\":\"search_term_string\"}}],\"inLanguage\":\"it-IT\"},{\"@type\":\"Organization\",\"@id\":\"https:\\\/\\\/lechappeeclose.it\\\/it\\\/#organization\",\"name\":\"l&#039;\u00e9chapp\u00e9e close\",\"url\":\"https:\\\/\\\/lechappeeclose.it\\\/it\\\/\",\"logo\":{\"@type\":\"ImageObject\",\"inLanguage\":\"it-IT\",\"@id\":\"https:\\\/\\\/lechappeeclose.it\\\/it\\\/#\\\/schema\\\/logo\\\/image\\\/\",\"url\":\"https:\\\/\\\/lechappeeclose.it\\\/wp-content\\\/uploads\\\/2025\\\/02\\\/cropped-logo-rond.png\",\"contentUrl\":\"https:\\\/\\\/lechappeeclose.it\\\/wp-content\\\/uploads\\\/2025\\\/02\\\/cropped-logo-rond.png\",\"width\":1080,\"height\":1080,\"caption\":\"l&#039;\u00e9chapp\u00e9e close\"},\"image\":{\"@id\":\"https:\\\/\\\/lechappeeclose.it\\\/it\\\/#\\\/schema\\\/logo\\\/image\\\/\"},\"sameAs\":[\"https:\\\/\\\/www.instagram.com\\\/lechappeeclose\\\/\"]}]}<\/script>\n<!-- \/ Yoast SEO plugin. -->","yoast_head_json":{"title":"L\u00e9gende n\u00b018 - Simonde de Beauvoir - l&#039;\u00e9chapp\u00e9e close","robots":{"index":"index","follow":"follow","max-snippet":"max-snippet:-1","max-image-preview":"max-image-preview:large","max-video-preview":"max-video-preview:-1"},"canonical":"http:\/\/lechappeeclose.it\/it\/boutique\/livres\/arts\/culture-francaise\/legende-n18-simonde-de-beauvoir\/","og_locale":"it_IT","og_type":"article","og_title":"L\u00e9gende n\u00b018 - Simonde de Beauvoir - l&#039;\u00e9chapp\u00e9e close","og_description":"Num\u00e9ro consacr\u00e9 \u00e0 l&#8217;\u00e9crivaine fran\u00e7aise, image de l&#8217;intellectuelle engag\u00e9e dans son \u00e9poque, ic\u00f4ne du f\u00e9minisme et visage de l&#8217;\u00e9mancipation des femmes. Les contributeurs abordent ses multiples vies, entre philosophie, litt\u00e9rature et engagement politique, ainsi que sa relation complexe avec Sartre.","og_url":"http:\/\/lechappeeclose.it\/it\/boutique\/livres\/arts\/culture-francaise\/legende-n18-simonde-de-beauvoir\/","og_site_name":"l&#039;\u00e9chapp\u00e9e close","article_modified_time":"2026-02-20T13:46:08+00:00","og_image":[{"width":348,"height":500,"url":"http:\/\/lechappeeclose.it\/wp-content\/uploads\/2025\/11\/Legende-n\u00b018-Simonde-de-Beauvoir.jpeg","type":"image\/jpeg"}],"twitter_card":"summary_large_image","schema":{"@context":"https:\/\/schema.org","@graph":[{"@type":"WebPage","@id":"http:\/\/lechappeeclose.it\/boutique\/livres\/arts\/culture-francaise\/legende-n18-simonde-de-beauvoir\/","url":"http:\/\/lechappeeclose.it\/boutique\/livres\/arts\/culture-francaise\/legende-n18-simonde-de-beauvoir\/","name":"L\u00e9gende n\u00b018 - Simonde de Beauvoir - l&#039;\u00e9chapp\u00e9e close","isPartOf":{"@id":"https:\/\/lechappeeclose.it\/it\/#website"},"primaryImageOfPage":{"@id":"http:\/\/lechappeeclose.it\/boutique\/livres\/arts\/culture-francaise\/legende-n18-simonde-de-beauvoir\/#primaryimage"},"image":{"@id":"http:\/\/lechappeeclose.it\/boutique\/livres\/arts\/culture-francaise\/legende-n18-simonde-de-beauvoir\/#primaryimage"},"thumbnailUrl":"https:\/\/lechappeeclose.it\/wp-content\/uploads\/2025\/11\/Legende-n\u00b018-Simonde-de-Beauvoir.jpeg","datePublished":"2025-11-08T16:39:44+00:00","dateModified":"2026-02-20T13:46:08+00:00","breadcrumb":{"@id":"http:\/\/lechappeeclose.it\/boutique\/livres\/arts\/culture-francaise\/legende-n18-simonde-de-beauvoir\/#breadcrumb"},"inLanguage":"it-IT","potentialAction":[{"@type":"ReadAction","target":["http:\/\/lechappeeclose.it\/boutique\/livres\/arts\/culture-francaise\/legende-n18-simonde-de-beauvoir\/"]}]},{"@type":"ImageObject","inLanguage":"it-IT","@id":"http:\/\/lechappeeclose.it\/boutique\/livres\/arts\/culture-francaise\/legende-n18-simonde-de-beauvoir\/#primaryimage","url":"https:\/\/lechappeeclose.it\/wp-content\/uploads\/2025\/11\/Legende-n\u00b018-Simonde-de-Beauvoir.jpeg","contentUrl":"https:\/\/lechappeeclose.it\/wp-content\/uploads\/2025\/11\/Legende-n\u00b018-Simonde-de-Beauvoir.jpeg","width":348,"height":500},{"@type":"BreadcrumbList","@id":"http:\/\/lechappeeclose.it\/boutique\/livres\/arts\/culture-francaise\/legende-n18-simonde-de-beauvoir\/#breadcrumb","itemListElement":[{"@type":"ListItem","position":1,"name":"Accueil","item":"https:\/\/lechappeeclose.it\/it\/"},{"@type":"ListItem","position":2,"name":"Boutique","item":"https:\/\/lechappeeclose.it\/it\/boutique\/"},{"@type":"ListItem","position":3,"name":"L\u00e9gende n\u00b018 &#8211; Simonde de Beauvoir"}]},{"@type":"WebSite","@id":"https:\/\/lechappeeclose.it\/it\/#website","url":"https:\/\/lechappeeclose.it\/it\/","name":"l&#039;\u00e9chapp\u00e9e close","description":"La libreria francese di Milano","publisher":{"@id":"https:\/\/lechappeeclose.it\/it\/#organization"},"alternateName":"La librairie fran\u00e7aise de Milan","potentialAction":[{"@type":"SearchAction","target":{"@type":"EntryPoint","urlTemplate":"https:\/\/lechappeeclose.it\/it\/?s={search_term_string}"},"query-input":{"@type":"PropertyValueSpecification","valueRequired":true,"valueName":"search_term_string"}}],"inLanguage":"it-IT"},{"@type":"Organization","@id":"https:\/\/lechappeeclose.it\/it\/#organization","name":"l&#039;\u00e9chapp\u00e9e close","url":"https:\/\/lechappeeclose.it\/it\/","logo":{"@type":"ImageObject","inLanguage":"it-IT","@id":"https:\/\/lechappeeclose.it\/it\/#\/schema\/logo\/image\/","url":"https:\/\/lechappeeclose.it\/wp-content\/uploads\/2025\/02\/cropped-logo-rond.png","contentUrl":"https:\/\/lechappeeclose.it\/wp-content\/uploads\/2025\/02\/cropped-logo-rond.png","width":1080,"height":1080,"caption":"l&#039;\u00e9chapp\u00e9e close"},"image":{"@id":"https:\/\/lechappeeclose.it\/it\/#\/schema\/logo\/image\/"},"sameAs":["https:\/\/www.instagram.com\/lechappeeclose\/"]}]}},"_links":{"self":[{"href":"https:\/\/lechappeeclose.it\/it\/wp-json\/wp\/v2\/product\/12423","targetHints":{"allow":["GET"]}}],"collection":[{"href":"https:\/\/lechappeeclose.it\/it\/wp-json\/wp\/v2\/product"}],"about":[{"href":"https:\/\/lechappeeclose.it\/it\/wp-json\/wp\/v2\/types\/product"}],"replies":[{"embeddable":true,"href":"https:\/\/lechappeeclose.it\/it\/wp-json\/wp\/v2\/comments?post=12423"}],"wp:featuredmedia":[{"embeddable":true,"href":"https:\/\/lechappeeclose.it\/it\/wp-json\/wp\/v2\/media\/12422"}],"wp:attachment":[{"href":"https:\/\/lechappeeclose.it\/it\/wp-json\/wp\/v2\/media?parent=12423"}],"wp:term":[{"taxonomy":"product_brand","embeddable":true,"href":"https:\/\/lechappeeclose.it\/it\/wp-json\/wp\/v2\/product_brand?post=12423"},{"taxonomy":"product_cat","embeddable":true,"href":"https:\/\/lechappeeclose.it\/it\/wp-json\/wp\/v2\/product_cat?post=12423"},{"taxonomy":"product_tag","embeddable":true,"href":"https:\/\/lechappeeclose.it\/it\/wp-json\/wp\/v2\/product_tag?post=12423"}],"curies":[{"name":"wp","href":"https:\/\/api.w.org\/{rel}","templated":true}]}}