{"id":11424,"date":"2025-05-14T16:34:37","date_gmt":"2025-05-14T14:34:37","guid":{"rendered":"https:\/\/lechappeeclose.it\/boutique\/non%20class\u00e9\/jimmy-freeman\/"},"modified":"2025-09-10T16:10:39","modified_gmt":"2025-09-10T14:10:39","slug":"jimmy-freeman","status":"publish","type":"product","link":"https:\/\/lechappeeclose.it\/it\/boutique\/livres\/litterature\/romans\/jimmy-freeman\/","title":{"rendered":"Jimmy Freeman"},"content":{"rendered":"<p>La collection \u00ab Un seul art \u00bb, cr\u00e9\u00e9e par Charles Dantzig, est publi\u00e9e en co\u00e9dition avec le Centre Pompidou. Durant les cinq ans de fermeture du Centre pour travaux, dix oeuvres appartenant aux collections du mus\u00e9e continueront \u00e0 vivre autrement, sous la plume d&#8217;un \u00e9crivain. Chacun s&#8217;en voit confier une pour en tirer, en \u00e9cho, en miroir, en communion, une oeuvre litt\u00e9raire. Il n&#8217;existe pas de diff\u00e9rence fondamentale entre les arts. Tous ne sont que des mani\u00e8res diverses d&#8217;abord au sensible et au cach\u00e9.<br \/>\n Cet essai a pour point de d\u00e9part une oeuvre de 1981 r\u00e9alis\u00e9e par le c\u00e9l\u00e8bre photographe am\u00e9ricain Robert Mapplethorpe. On y voit Jimmy Freeman, nu, le sexe en \u00e9vidence, prostr\u00e9 dans un geste de soumission ou de d\u00e9votion. Son visage n&#8217;appara\u00eet pas, il est transform\u00e9 un objet esth\u00e9tique, sinon sexuel.<br \/>\n Jimmy Freeman fait partie des hommes noirs, beaux et muscl\u00e9s que Robert Mapplethorpe met en sc\u00e8ne dans des compositions d&#8217;une perfection formelle saisissante, empruntant aux canons de l&#8217;art classique. Avec cette photographie, il n&#8217;en est pas \u00e0 sa premi\u00e8re provocation : il avait d\u00e9j\u00e0 secou\u00e9 le milieu de l&#8217;art new-yorkais avec ses repr\u00e9sentations de pratiques sadomasochistes homosexuelles.<br \/>\n S&#8217;appuyant sur l&#8217;oeuvre subversive de l&#8217;artiste am\u00e9ricain, Joy Majdalani examine son propre rapport \u00e0 la transgression, comme elle l&#8217;avait d\u00e9j\u00e0 abord\u00e9 dans son roman Le Go\u00fbt des gar\u00e7ons : est-ce son \u00e9ducation religieuse et conservatrice qui la pousse \u00e0 \u00e9crire des textes crus ? Est-il transgressif de soumettre le corps masculin au regard d&#8217;un sujet d\u00e9sirant ? <\/p>","protected":false},"excerpt":{"rendered":"<p>La collection \u00ab Un seul art \u00bb, cr\u00e9\u00e9e par Charles Dantzig, est publi\u00e9e en co\u00e9dition avec le Centre Pompidou. Durant les cinq ans de fermeture du Centre pour travaux, dix oeuvres appartenant aux collections du mus\u00e9e continueront \u00e0 vivre autrement, sous la plume d&#8217;un \u00e9crivain. Chacun s&#8217;en voit confier une pour en tirer, en \u00e9cho, [&hellip;]<\/p>","protected":false},"featured_media":11423,"comment_status":"open","ping_status":"closed","template":"","meta":[],"product_brand":[],"product_cat":[46],"product_tag":[],"class_list":{"0":"post-11424","1":"product","2":"type-product","3":"status-publish","4":"has-post-thumbnail","6":"product_cat-romans","8":"first","9":"instock","10":"taxable","11":"shipping-taxable","12":"purchasable","13":"product-type-simple"},"yoast_head":"<!-- This site is optimized with the Yoast SEO plugin v27.3 - https:\/\/yoast.com\/product\/yoast-seo-wordpress\/ -->\n<title>Jimmy Freeman - l&#039;\u00e9chapp\u00e9e close<\/title>\n<meta name=\"robots\" content=\"index, follow, max-snippet:-1, max-image-preview:large, max-video-preview:-1\" \/>\n<link rel=\"canonical\" href=\"https:\/\/lechappeeclose.it\/it\/boutique\/livres\/litterature\/romans\/jimmy-freeman\/\" \/>\n<meta property=\"og:locale\" content=\"it_IT\" \/>\n<meta property=\"og:type\" content=\"article\" \/>\n<meta property=\"og:title\" content=\"Jimmy Freeman - l&#039;\u00e9chapp\u00e9e close\" \/>\n<meta property=\"og:description\" content=\"La collection \u00ab Un seul art \u00bb, cr\u00e9\u00e9e par Charles Dantzig, est publi\u00e9e en co\u00e9dition avec le Centre Pompidou. Durant les cinq ans de fermeture du Centre pour travaux, dix oeuvres appartenant aux collections du mus\u00e9e continueront \u00e0 vivre autrement, sous la plume d&#8217;un \u00e9crivain. Chacun s&#8217;en voit confier une pour en tirer, en \u00e9cho, [&hellip;]\" \/>\n<meta property=\"og:url\" content=\"https:\/\/lechappeeclose.it\/it\/boutique\/livres\/litterature\/romans\/jimmy-freeman\/\" \/>\n<meta property=\"og:site_name\" content=\"l&#039;\u00e9chapp\u00e9e close\" \/>\n<meta property=\"article:modified_time\" content=\"2025-09-10T14:10:39+00:00\" \/>\n<meta property=\"og:image\" content=\"https:\/\/lechappeeclose.it\/wp-content\/uploads\/2025\/05\/Jimmy-Freeman.jpeg\" \/>\n\t<meta property=\"og:image:width\" content=\"324\" \/>\n\t<meta property=\"og:image:height\" content=\"500\" \/>\n\t<meta property=\"og:image:type\" content=\"image\/jpeg\" \/>\n<meta name=\"twitter:card\" content=\"summary_large_image\" \/>\n<meta name=\"twitter:label1\" content=\"Tempo di lettura stimato\" \/>\n\t<meta name=\"twitter:data1\" content=\"1 minuto\" \/>\n<script type=\"application\/ld+json\" class=\"yoast-schema-graph\">{\"@context\":\"https:\\\/\\\/schema.org\",\"@graph\":[{\"@type\":\"WebPage\",\"@id\":\"https:\\\/\\\/lechappeeclose.it\\\/it\\\/boutique\\\/livres\\\/litterature\\\/romans\\\/jimmy-freeman\\\/\",\"url\":\"https:\\\/\\\/lechappeeclose.it\\\/it\\\/boutique\\\/livres\\\/litterature\\\/romans\\\/jimmy-freeman\\\/\",\"name\":\"Jimmy Freeman - l&#039;\u00e9chapp\u00e9e close\",\"isPartOf\":{\"@id\":\"http:\\\/\\\/lechappeeclose.it\\\/#website\"},\"primaryImageOfPage\":{\"@id\":\"https:\\\/\\\/lechappeeclose.it\\\/it\\\/boutique\\\/livres\\\/litterature\\\/romans\\\/jimmy-freeman\\\/#primaryimage\"},\"image\":{\"@id\":\"https:\\\/\\\/lechappeeclose.it\\\/it\\\/boutique\\\/livres\\\/litterature\\\/romans\\\/jimmy-freeman\\\/#primaryimage\"},\"thumbnailUrl\":\"https:\\\/\\\/lechappeeclose.it\\\/wp-content\\\/uploads\\\/2025\\\/05\\\/Jimmy-Freeman.jpeg\",\"datePublished\":\"2025-05-14T14:34:37+00:00\",\"dateModified\":\"2025-09-10T14:10:39+00:00\",\"breadcrumb\":{\"@id\":\"https:\\\/\\\/lechappeeclose.it\\\/it\\\/boutique\\\/livres\\\/litterature\\\/romans\\\/jimmy-freeman\\\/#breadcrumb\"},\"inLanguage\":\"it-IT\",\"potentialAction\":[{\"@type\":\"ReadAction\",\"target\":[\"https:\\\/\\\/lechappeeclose.it\\\/it\\\/boutique\\\/livres\\\/litterature\\\/romans\\\/jimmy-freeman\\\/\"]}]},{\"@type\":\"ImageObject\",\"inLanguage\":\"it-IT\",\"@id\":\"https:\\\/\\\/lechappeeclose.it\\\/it\\\/boutique\\\/livres\\\/litterature\\\/romans\\\/jimmy-freeman\\\/#primaryimage\",\"url\":\"https:\\\/\\\/lechappeeclose.it\\\/wp-content\\\/uploads\\\/2025\\\/05\\\/Jimmy-Freeman.jpeg\",\"contentUrl\":\"https:\\\/\\\/lechappeeclose.it\\\/wp-content\\\/uploads\\\/2025\\\/05\\\/Jimmy-Freeman.jpeg\",\"width\":324,\"height\":500},{\"@type\":\"BreadcrumbList\",\"@id\":\"https:\\\/\\\/lechappeeclose.it\\\/it\\\/boutique\\\/livres\\\/litterature\\\/romans\\\/jimmy-freeman\\\/#breadcrumb\",\"itemListElement\":[{\"@type\":\"ListItem\",\"position\":1,\"name\":\"Accueil\",\"item\":\"http:\\\/\\\/lechappeeclose.it\\\/\"},{\"@type\":\"ListItem\",\"position\":2,\"name\":\"Boutique\",\"item\":\"http:\\\/\\\/lechappeeclose.it\\\/it\\\/boutique\\\/\"},{\"@type\":\"ListItem\",\"position\":3,\"name\":\"Jimmy Freeman\"}]},{\"@type\":\"WebSite\",\"@id\":\"http:\\\/\\\/lechappeeclose.it\\\/#website\",\"url\":\"http:\\\/\\\/lechappeeclose.it\\\/\",\"name\":\"l&#039;\u00e9chapp\u00e9e close\",\"description\":\"la librairie fran\u00e7aise de Milan\",\"publisher\":{\"@id\":\"http:\\\/\\\/lechappeeclose.it\\\/#organization\"},\"alternateName\":\"La librairie fran\u00e7aise de Milan\",\"potentialAction\":[{\"@type\":\"SearchAction\",\"target\":{\"@type\":\"EntryPoint\",\"urlTemplate\":\"http:\\\/\\\/lechappeeclose.it\\\/?s={search_term_string}\"},\"query-input\":{\"@type\":\"PropertyValueSpecification\",\"valueRequired\":true,\"valueName\":\"search_term_string\"}}],\"inLanguage\":\"it-IT\"},{\"@type\":\"Organization\",\"@id\":\"http:\\\/\\\/lechappeeclose.it\\\/#organization\",\"name\":\"l&#039;\u00e9chapp\u00e9e close\",\"url\":\"http:\\\/\\\/lechappeeclose.it\\\/\",\"logo\":{\"@type\":\"ImageObject\",\"inLanguage\":\"it-IT\",\"@id\":\"http:\\\/\\\/lechappeeclose.it\\\/#\\\/schema\\\/logo\\\/image\\\/\",\"url\":\"https:\\\/\\\/lechappeeclose.it\\\/wp-content\\\/uploads\\\/2025\\\/02\\\/cropped-logo-rond.png\",\"contentUrl\":\"https:\\\/\\\/lechappeeclose.it\\\/wp-content\\\/uploads\\\/2025\\\/02\\\/cropped-logo-rond.png\",\"width\":1080,\"height\":1080,\"caption\":\"l&#039;\u00e9chapp\u00e9e close\"},\"image\":{\"@id\":\"http:\\\/\\\/lechappeeclose.it\\\/#\\\/schema\\\/logo\\\/image\\\/\"},\"sameAs\":[\"https:\\\/\\\/www.instagram.com\\\/lechappeeclose\\\/\"]}]}<\/script>\n<!-- \/ Yoast SEO plugin. -->","yoast_head_json":{"title":"Jimmy Freeman - l&#039;\u00e9chapp\u00e9e close","robots":{"index":"index","follow":"follow","max-snippet":"max-snippet:-1","max-image-preview":"max-image-preview:large","max-video-preview":"max-video-preview:-1"},"canonical":"https:\/\/lechappeeclose.it\/it\/boutique\/livres\/litterature\/romans\/jimmy-freeman\/","og_locale":"it_IT","og_type":"article","og_title":"Jimmy Freeman - l&#039;\u00e9chapp\u00e9e close","og_description":"La collection \u00ab Un seul art \u00bb, cr\u00e9\u00e9e par Charles Dantzig, est publi\u00e9e en co\u00e9dition avec le Centre Pompidou. Durant les cinq ans de fermeture du Centre pour travaux, dix oeuvres appartenant aux collections du mus\u00e9e continueront \u00e0 vivre autrement, sous la plume d&#8217;un \u00e9crivain. Chacun s&#8217;en voit confier une pour en tirer, en \u00e9cho, [&hellip;]","og_url":"https:\/\/lechappeeclose.it\/it\/boutique\/livres\/litterature\/romans\/jimmy-freeman\/","og_site_name":"l&#039;\u00e9chapp\u00e9e close","article_modified_time":"2025-09-10T14:10:39+00:00","og_image":[{"width":324,"height":500,"url":"https:\/\/lechappeeclose.it\/wp-content\/uploads\/2025\/05\/Jimmy-Freeman.jpeg","type":"image\/jpeg"}],"twitter_card":"summary_large_image","twitter_misc":{"Tempo di lettura stimato":"1 minuto"},"schema":{"@context":"https:\/\/schema.org","@graph":[{"@type":"WebPage","@id":"https:\/\/lechappeeclose.it\/it\/boutique\/livres\/litterature\/romans\/jimmy-freeman\/","url":"https:\/\/lechappeeclose.it\/it\/boutique\/livres\/litterature\/romans\/jimmy-freeman\/","name":"Jimmy Freeman - l&#039;\u00e9chapp\u00e9e close","isPartOf":{"@id":"http:\/\/lechappeeclose.it\/#website"},"primaryImageOfPage":{"@id":"https:\/\/lechappeeclose.it\/it\/boutique\/livres\/litterature\/romans\/jimmy-freeman\/#primaryimage"},"image":{"@id":"https:\/\/lechappeeclose.it\/it\/boutique\/livres\/litterature\/romans\/jimmy-freeman\/#primaryimage"},"thumbnailUrl":"https:\/\/lechappeeclose.it\/wp-content\/uploads\/2025\/05\/Jimmy-Freeman.jpeg","datePublished":"2025-05-14T14:34:37+00:00","dateModified":"2025-09-10T14:10:39+00:00","breadcrumb":{"@id":"https:\/\/lechappeeclose.it\/it\/boutique\/livres\/litterature\/romans\/jimmy-freeman\/#breadcrumb"},"inLanguage":"it-IT","potentialAction":[{"@type":"ReadAction","target":["https:\/\/lechappeeclose.it\/it\/boutique\/livres\/litterature\/romans\/jimmy-freeman\/"]}]},{"@type":"ImageObject","inLanguage":"it-IT","@id":"https:\/\/lechappeeclose.it\/it\/boutique\/livres\/litterature\/romans\/jimmy-freeman\/#primaryimage","url":"https:\/\/lechappeeclose.it\/wp-content\/uploads\/2025\/05\/Jimmy-Freeman.jpeg","contentUrl":"https:\/\/lechappeeclose.it\/wp-content\/uploads\/2025\/05\/Jimmy-Freeman.jpeg","width":324,"height":500},{"@type":"BreadcrumbList","@id":"https:\/\/lechappeeclose.it\/it\/boutique\/livres\/litterature\/romans\/jimmy-freeman\/#breadcrumb","itemListElement":[{"@type":"ListItem","position":1,"name":"Accueil","item":"http:\/\/lechappeeclose.it\/"},{"@type":"ListItem","position":2,"name":"Boutique","item":"http:\/\/lechappeeclose.it\/it\/boutique\/"},{"@type":"ListItem","position":3,"name":"Jimmy Freeman"}]},{"@type":"WebSite","@id":"http:\/\/lechappeeclose.it\/#website","url":"http:\/\/lechappeeclose.it\/","name":"l&#039;\u00e9chapp\u00e9e close","description":"La libreria francese di Milano","publisher":{"@id":"http:\/\/lechappeeclose.it\/#organization"},"alternateName":"La librairie fran\u00e7aise de Milan","potentialAction":[{"@type":"SearchAction","target":{"@type":"EntryPoint","urlTemplate":"http:\/\/lechappeeclose.it\/?s={search_term_string}"},"query-input":{"@type":"PropertyValueSpecification","valueRequired":true,"valueName":"search_term_string"}}],"inLanguage":"it-IT"},{"@type":"Organization","@id":"http:\/\/lechappeeclose.it\/#organization","name":"l&#039;\u00e9chapp\u00e9e close","url":"http:\/\/lechappeeclose.it\/","logo":{"@type":"ImageObject","inLanguage":"it-IT","@id":"http:\/\/lechappeeclose.it\/#\/schema\/logo\/image\/","url":"https:\/\/lechappeeclose.it\/wp-content\/uploads\/2025\/02\/cropped-logo-rond.png","contentUrl":"https:\/\/lechappeeclose.it\/wp-content\/uploads\/2025\/02\/cropped-logo-rond.png","width":1080,"height":1080,"caption":"l&#039;\u00e9chapp\u00e9e close"},"image":{"@id":"http:\/\/lechappeeclose.it\/#\/schema\/logo\/image\/"},"sameAs":["https:\/\/www.instagram.com\/lechappeeclose\/"]}]}},"_links":{"self":[{"href":"https:\/\/lechappeeclose.it\/it\/wp-json\/wp\/v2\/product\/11424","targetHints":{"allow":["GET"]}}],"collection":[{"href":"https:\/\/lechappeeclose.it\/it\/wp-json\/wp\/v2\/product"}],"about":[{"href":"https:\/\/lechappeeclose.it\/it\/wp-json\/wp\/v2\/types\/product"}],"replies":[{"embeddable":true,"href":"https:\/\/lechappeeclose.it\/it\/wp-json\/wp\/v2\/comments?post=11424"}],"wp:featuredmedia":[{"embeddable":true,"href":"https:\/\/lechappeeclose.it\/it\/wp-json\/wp\/v2\/media\/11423"}],"wp:attachment":[{"href":"https:\/\/lechappeeclose.it\/it\/wp-json\/wp\/v2\/media?parent=11424"}],"wp:term":[{"taxonomy":"product_brand","embeddable":true,"href":"https:\/\/lechappeeclose.it\/it\/wp-json\/wp\/v2\/product_brand?post=11424"},{"taxonomy":"product_cat","embeddable":true,"href":"https:\/\/lechappeeclose.it\/it\/wp-json\/wp\/v2\/product_cat?post=11424"},{"taxonomy":"product_tag","embeddable":true,"href":"https:\/\/lechappeeclose.it\/it\/wp-json\/wp\/v2\/product_tag?post=11424"}],"curies":[{"name":"wp","href":"https:\/\/api.w.org\/{rel}","templated":true}]}}