{"id":11059,"date":"2025-03-11T16:34:34","date_gmt":"2025-03-11T15:34:34","guid":{"rendered":"https:\/\/lechappeeclose.it\/produit\/%product_cat_slug%\/cinematisme-peinture-et-cinema\/"},"modified":"2025-07-17T11:29:25","modified_gmt":"2025-07-17T09:29:25","slug":"cinematisme-peinture-et-cinema","status":"publish","type":"product","link":"https:\/\/lechappeeclose.it\/it\/boutique\/livres\/arts\/cinema\/cinematisme-peinture-et-cinema\/","title":{"rendered":"Cin\u00e9matisme: Peinture et cin\u00e9ma"},"content":{"rendered":"<div class=\"container-fluid no-padding\">\n<div class=\"wrapper\">\n<div id=\"wrap_central\" class=\"infos_livre mTop20\">\n<div class=\"metabook\">\n<div class=\"bloc_contenu_editorial\">\n<div class=\"BlocPresa bloc_ce\">\n<p>Dans les milliers de pages o\u00f9 se d\u00e9ploie la r\u00e9flexion th\u00e9orique et esth\u00e9tique du r\u00e9alisateur sovi\u00e9tique Serguei Eisenstein, l&#8217;analyse des productions symboliques de toutes \u00e9poques et de tous domaines &#8211; beaux-arts, architecture, litt\u00e9rature, po\u00e9sie, th\u00e9\u00e2tre, photographie, bande dessin\u00e9e, caricatures de presse, graffitis, etc. &#8211; occupe une place centrale. L&#8217;auteur du Cuirass\u00e9 Potemkine et d&#8217;Ivan le terrible (deux des sept films qu&#8217;il acheva) commen\u00e7a par \u00eatre d\u00e9corateur et metteur en sc\u00e8ne de th\u00e9\u00e2tre dans le milieu de l&#8217;avant-garde russe, s&#8217;adonnant \u00e0 une intense activit\u00e9 graphique, et il contribua, au-del\u00e0 du cin\u00e9ma, \u00e0 \u00e9difier une esth\u00e9tique g\u00e9n\u00e9rale qu&#8217;il envisageait au croisement de la s\u00e9miologie et de l&#8217;anthropologie. Dans son enseignement comme dans ses \u00e9crits et ses multiples notes, il s&#8217;interrogea sur la place des images dans la culture contemporaine en lien avec les mutations technologiques qui les produisent et les mouvements sociaux. Pr\u00e9lev\u00e9 au sein de cette oeuvre, rest\u00e9e en grande partie in\u00e9dite \u00e0 la mort du cin\u00e9aste, ce livre propose un ensemble coh\u00e9rent de textes qui, au sujet du Greco, de Delaunay, d&#8217;Orozco ou d&#8217;Outamaro, du Bernin \u00e0 de Rodin notamment, d\u00e9finissent une m\u00e9thodologie de l&#8217;analyse iconique en utilisant le cin\u00e9ma comme outil et, inversement, en confrontant celui-ci \u00e0 une \u00ab cin\u00e9matographie sans cin\u00e9ma \u00bb. Ce qu&#8217;il appelle le cin\u00e9matisme. Il en ressort une approche qui rompt avec l&#8217;analyse formelle interne des oeuvres en pla\u00e7ant le spectateur &#8211; corps en mouvement au regard mobile -, au centre de l&#8217;analyse.<\/p>\n<\/div>\n<\/div>\n<\/div>\n<\/div>\n<\/div>\n<\/div>","protected":false},"excerpt":{"rendered":"<p>Dans les milliers de pages o\u00f9 se d\u00e9ploie la r\u00e9flexion th\u00e9orique et esth\u00e9tique du r\u00e9alisateur sovi\u00e9tique Serguei Eisenstein, l&#8217;analyse des productions symboliques de toutes \u00e9poques et de tous domaines &#8211; beaux-arts, architecture, litt\u00e9rature, po\u00e9sie, th\u00e9\u00e2tre, photographie, bande dessin\u00e9e, caricatures de presse, graffitis, etc. &#8211; occupe une place centrale. L&#8217;auteur du Cuirass\u00e9 Potemkine et d&#8217;Ivan le [&hellip;]<\/p>","protected":false},"featured_media":11893,"comment_status":"open","ping_status":"closed","template":"","meta":[],"product_brand":[],"product_cat":[40],"product_tag":[],"class_list":{"0":"post-11059","1":"product","2":"type-product","3":"status-publish","4":"has-post-thumbnail","6":"product_cat-cinema","8":"first","9":"instock","10":"taxable","11":"shipping-taxable","12":"purchasable","13":"product-type-simple"},"yoast_head":"<!-- This site is optimized with the Yoast SEO plugin v27.3 - https:\/\/yoast.com\/product\/yoast-seo-wordpress\/ -->\n<title>Cin\u00e9matisme: Peinture et cin\u00e9ma - l&#039;\u00e9chapp\u00e9e close<\/title>\n<meta name=\"robots\" content=\"index, follow, max-snippet:-1, max-image-preview:large, max-video-preview:-1\" \/>\n<link rel=\"canonical\" href=\"https:\/\/lechappeeclose.it\/it\/boutique\/livres\/arts\/cinema\/cinematisme-peinture-et-cinema\/\" \/>\n<meta property=\"og:locale\" content=\"it_IT\" \/>\n<meta property=\"og:type\" content=\"article\" \/>\n<meta property=\"og:title\" content=\"Cin\u00e9matisme: Peinture et cin\u00e9ma - l&#039;\u00e9chapp\u00e9e close\" \/>\n<meta property=\"og:description\" content=\"Dans les milliers de pages o\u00f9 se d\u00e9ploie la r\u00e9flexion th\u00e9orique et esth\u00e9tique du r\u00e9alisateur sovi\u00e9tique Serguei Eisenstein, l&#8217;analyse des productions symboliques de toutes \u00e9poques et de tous domaines &#8211; beaux-arts, architecture, litt\u00e9rature, po\u00e9sie, th\u00e9\u00e2tre, photographie, bande dessin\u00e9e, caricatures de presse, graffitis, etc. &#8211; occupe une place centrale. L&#8217;auteur du Cuirass\u00e9 Potemkine et d&#8217;Ivan le [&hellip;]\" \/>\n<meta property=\"og:url\" content=\"https:\/\/lechappeeclose.it\/it\/boutique\/livres\/arts\/cinema\/cinematisme-peinture-et-cinema\/\" \/>\n<meta property=\"og:site_name\" content=\"l&#039;\u00e9chapp\u00e9e close\" \/>\n<meta property=\"article:modified_time\" content=\"2025-07-17T09:29:25+00:00\" \/>\n<meta property=\"og:image\" content=\"https:\/\/lechappeeclose.it\/wp-content\/uploads\/2025\/03\/cinematisme.jpg\" \/>\n\t<meta property=\"og:image:width\" content=\"300\" \/>\n\t<meta property=\"og:image:height\" content=\"421\" \/>\n\t<meta property=\"og:image:type\" content=\"image\/jpeg\" \/>\n<meta name=\"twitter:card\" content=\"summary_large_image\" \/>\n<meta name=\"twitter:label1\" content=\"Tempo di lettura stimato\" \/>\n\t<meta name=\"twitter:data1\" content=\"1 minuto\" \/>\n<script type=\"application\/ld+json\" class=\"yoast-schema-graph\">{\"@context\":\"https:\\\/\\\/schema.org\",\"@graph\":[{\"@type\":\"WebPage\",\"@id\":\"https:\\\/\\\/lechappeeclose.it\\\/it\\\/boutique\\\/livres\\\/arts\\\/cinema\\\/cinematisme-peinture-et-cinema\\\/\",\"url\":\"https:\\\/\\\/lechappeeclose.it\\\/it\\\/boutique\\\/livres\\\/arts\\\/cinema\\\/cinematisme-peinture-et-cinema\\\/\",\"name\":\"Cin\u00e9matisme: Peinture et cin\u00e9ma - l&#039;\u00e9chapp\u00e9e close\",\"isPartOf\":{\"@id\":\"http:\\\/\\\/lechappeeclose.it\\\/it\\\/#website\"},\"primaryImageOfPage\":{\"@id\":\"https:\\\/\\\/lechappeeclose.it\\\/it\\\/boutique\\\/livres\\\/arts\\\/cinema\\\/cinematisme-peinture-et-cinema\\\/#primaryimage\"},\"image\":{\"@id\":\"https:\\\/\\\/lechappeeclose.it\\\/it\\\/boutique\\\/livres\\\/arts\\\/cinema\\\/cinematisme-peinture-et-cinema\\\/#primaryimage\"},\"thumbnailUrl\":\"https:\\\/\\\/lechappeeclose.it\\\/wp-content\\\/uploads\\\/2025\\\/03\\\/cinematisme.jpg\",\"datePublished\":\"2025-03-11T15:34:34+00:00\",\"dateModified\":\"2025-07-17T09:29:25+00:00\",\"breadcrumb\":{\"@id\":\"https:\\\/\\\/lechappeeclose.it\\\/it\\\/boutique\\\/livres\\\/arts\\\/cinema\\\/cinematisme-peinture-et-cinema\\\/#breadcrumb\"},\"inLanguage\":\"it-IT\",\"potentialAction\":[{\"@type\":\"ReadAction\",\"target\":[\"https:\\\/\\\/lechappeeclose.it\\\/it\\\/boutique\\\/livres\\\/arts\\\/cinema\\\/cinematisme-peinture-et-cinema\\\/\"]}]},{\"@type\":\"ImageObject\",\"inLanguage\":\"it-IT\",\"@id\":\"https:\\\/\\\/lechappeeclose.it\\\/it\\\/boutique\\\/livres\\\/arts\\\/cinema\\\/cinematisme-peinture-et-cinema\\\/#primaryimage\",\"url\":\"https:\\\/\\\/lechappeeclose.it\\\/wp-content\\\/uploads\\\/2025\\\/03\\\/cinematisme.jpg\",\"contentUrl\":\"https:\\\/\\\/lechappeeclose.it\\\/wp-content\\\/uploads\\\/2025\\\/03\\\/cinematisme.jpg\",\"width\":300,\"height\":421},{\"@type\":\"BreadcrumbList\",\"@id\":\"https:\\\/\\\/lechappeeclose.it\\\/it\\\/boutique\\\/livres\\\/arts\\\/cinema\\\/cinematisme-peinture-et-cinema\\\/#breadcrumb\",\"itemListElement\":[{\"@type\":\"ListItem\",\"position\":1,\"name\":\"Accueil\",\"item\":\"http:\\\/\\\/lechappeeclose.it\\\/it\\\/\"},{\"@type\":\"ListItem\",\"position\":2,\"name\":\"Boutique\",\"item\":\"http:\\\/\\\/lechappeeclose.it\\\/it\\\/boutique\\\/\"},{\"@type\":\"ListItem\",\"position\":3,\"name\":\"Cin\u00e9matisme: Peinture et cin\u00e9ma\"}]},{\"@type\":\"WebSite\",\"@id\":\"http:\\\/\\\/lechappeeclose.it\\\/it\\\/#website\",\"url\":\"http:\\\/\\\/lechappeeclose.it\\\/it\\\/\",\"name\":\"l&#039;\u00e9chapp\u00e9e close\",\"description\":\"la librairie fran\u00e7aise de Milan\",\"publisher\":{\"@id\":\"http:\\\/\\\/lechappeeclose.it\\\/it\\\/#organization\"},\"alternateName\":\"La librairie fran\u00e7aise de Milan\",\"potentialAction\":[{\"@type\":\"SearchAction\",\"target\":{\"@type\":\"EntryPoint\",\"urlTemplate\":\"http:\\\/\\\/lechappeeclose.it\\\/it\\\/?s={search_term_string}\"},\"query-input\":{\"@type\":\"PropertyValueSpecification\",\"valueRequired\":true,\"valueName\":\"search_term_string\"}}],\"inLanguage\":\"it-IT\"},{\"@type\":\"Organization\",\"@id\":\"http:\\\/\\\/lechappeeclose.it\\\/it\\\/#organization\",\"name\":\"l&#039;\u00e9chapp\u00e9e close\",\"url\":\"http:\\\/\\\/lechappeeclose.it\\\/it\\\/\",\"logo\":{\"@type\":\"ImageObject\",\"inLanguage\":\"it-IT\",\"@id\":\"http:\\\/\\\/lechappeeclose.it\\\/it\\\/#\\\/schema\\\/logo\\\/image\\\/\",\"url\":\"https:\\\/\\\/lechappeeclose.it\\\/wp-content\\\/uploads\\\/2025\\\/02\\\/cropped-logo-rond.png\",\"contentUrl\":\"https:\\\/\\\/lechappeeclose.it\\\/wp-content\\\/uploads\\\/2025\\\/02\\\/cropped-logo-rond.png\",\"width\":1080,\"height\":1080,\"caption\":\"l&#039;\u00e9chapp\u00e9e close\"},\"image\":{\"@id\":\"http:\\\/\\\/lechappeeclose.it\\\/it\\\/#\\\/schema\\\/logo\\\/image\\\/\"},\"sameAs\":[\"https:\\\/\\\/www.instagram.com\\\/lechappeeclose\\\/\"]}]}<\/script>\n<!-- \/ Yoast SEO plugin. -->","yoast_head_json":{"title":"Cin\u00e9matisme: Peinture et cin\u00e9ma - l&#039;\u00e9chapp\u00e9e close","robots":{"index":"index","follow":"follow","max-snippet":"max-snippet:-1","max-image-preview":"max-image-preview:large","max-video-preview":"max-video-preview:-1"},"canonical":"https:\/\/lechappeeclose.it\/it\/boutique\/livres\/arts\/cinema\/cinematisme-peinture-et-cinema\/","og_locale":"it_IT","og_type":"article","og_title":"Cin\u00e9matisme: Peinture et cin\u00e9ma - l&#039;\u00e9chapp\u00e9e close","og_description":"Dans les milliers de pages o\u00f9 se d\u00e9ploie la r\u00e9flexion th\u00e9orique et esth\u00e9tique du r\u00e9alisateur sovi\u00e9tique Serguei Eisenstein, l&#8217;analyse des productions symboliques de toutes \u00e9poques et de tous domaines &#8211; beaux-arts, architecture, litt\u00e9rature, po\u00e9sie, th\u00e9\u00e2tre, photographie, bande dessin\u00e9e, caricatures de presse, graffitis, etc. &#8211; occupe une place centrale. L&#8217;auteur du Cuirass\u00e9 Potemkine et d&#8217;Ivan le [&hellip;]","og_url":"https:\/\/lechappeeclose.it\/it\/boutique\/livres\/arts\/cinema\/cinematisme-peinture-et-cinema\/","og_site_name":"l&#039;\u00e9chapp\u00e9e close","article_modified_time":"2025-07-17T09:29:25+00:00","og_image":[{"width":300,"height":421,"url":"https:\/\/lechappeeclose.it\/wp-content\/uploads\/2025\/03\/cinematisme.jpg","type":"image\/jpeg"}],"twitter_card":"summary_large_image","twitter_misc":{"Tempo di lettura stimato":"1 minuto"},"schema":{"@context":"https:\/\/schema.org","@graph":[{"@type":"WebPage","@id":"https:\/\/lechappeeclose.it\/it\/boutique\/livres\/arts\/cinema\/cinematisme-peinture-et-cinema\/","url":"https:\/\/lechappeeclose.it\/it\/boutique\/livres\/arts\/cinema\/cinematisme-peinture-et-cinema\/","name":"Cin\u00e9matisme: Peinture et cin\u00e9ma - l&#039;\u00e9chapp\u00e9e close","isPartOf":{"@id":"http:\/\/lechappeeclose.it\/it\/#website"},"primaryImageOfPage":{"@id":"https:\/\/lechappeeclose.it\/it\/boutique\/livres\/arts\/cinema\/cinematisme-peinture-et-cinema\/#primaryimage"},"image":{"@id":"https:\/\/lechappeeclose.it\/it\/boutique\/livres\/arts\/cinema\/cinematisme-peinture-et-cinema\/#primaryimage"},"thumbnailUrl":"https:\/\/lechappeeclose.it\/wp-content\/uploads\/2025\/03\/cinematisme.jpg","datePublished":"2025-03-11T15:34:34+00:00","dateModified":"2025-07-17T09:29:25+00:00","breadcrumb":{"@id":"https:\/\/lechappeeclose.it\/it\/boutique\/livres\/arts\/cinema\/cinematisme-peinture-et-cinema\/#breadcrumb"},"inLanguage":"it-IT","potentialAction":[{"@type":"ReadAction","target":["https:\/\/lechappeeclose.it\/it\/boutique\/livres\/arts\/cinema\/cinematisme-peinture-et-cinema\/"]}]},{"@type":"ImageObject","inLanguage":"it-IT","@id":"https:\/\/lechappeeclose.it\/it\/boutique\/livres\/arts\/cinema\/cinematisme-peinture-et-cinema\/#primaryimage","url":"https:\/\/lechappeeclose.it\/wp-content\/uploads\/2025\/03\/cinematisme.jpg","contentUrl":"https:\/\/lechappeeclose.it\/wp-content\/uploads\/2025\/03\/cinematisme.jpg","width":300,"height":421},{"@type":"BreadcrumbList","@id":"https:\/\/lechappeeclose.it\/it\/boutique\/livres\/arts\/cinema\/cinematisme-peinture-et-cinema\/#breadcrumb","itemListElement":[{"@type":"ListItem","position":1,"name":"Accueil","item":"http:\/\/lechappeeclose.it\/it\/"},{"@type":"ListItem","position":2,"name":"Boutique","item":"http:\/\/lechappeeclose.it\/it\/boutique\/"},{"@type":"ListItem","position":3,"name":"Cin\u00e9matisme: Peinture et cin\u00e9ma"}]},{"@type":"WebSite","@id":"http:\/\/lechappeeclose.it\/it\/#website","url":"http:\/\/lechappeeclose.it\/it\/","name":"l&#039;\u00e9chapp\u00e9e close","description":"La libreria francese di Milano","publisher":{"@id":"http:\/\/lechappeeclose.it\/it\/#organization"},"alternateName":"La librairie fran\u00e7aise de Milan","potentialAction":[{"@type":"SearchAction","target":{"@type":"EntryPoint","urlTemplate":"http:\/\/lechappeeclose.it\/it\/?s={search_term_string}"},"query-input":{"@type":"PropertyValueSpecification","valueRequired":true,"valueName":"search_term_string"}}],"inLanguage":"it-IT"},{"@type":"Organization","@id":"http:\/\/lechappeeclose.it\/it\/#organization","name":"l&#039;\u00e9chapp\u00e9e close","url":"http:\/\/lechappeeclose.it\/it\/","logo":{"@type":"ImageObject","inLanguage":"it-IT","@id":"http:\/\/lechappeeclose.it\/it\/#\/schema\/logo\/image\/","url":"https:\/\/lechappeeclose.it\/wp-content\/uploads\/2025\/02\/cropped-logo-rond.png","contentUrl":"https:\/\/lechappeeclose.it\/wp-content\/uploads\/2025\/02\/cropped-logo-rond.png","width":1080,"height":1080,"caption":"l&#039;\u00e9chapp\u00e9e close"},"image":{"@id":"http:\/\/lechappeeclose.it\/it\/#\/schema\/logo\/image\/"},"sameAs":["https:\/\/www.instagram.com\/lechappeeclose\/"]}]}},"_links":{"self":[{"href":"https:\/\/lechappeeclose.it\/it\/wp-json\/wp\/v2\/product\/11059","targetHints":{"allow":["GET"]}}],"collection":[{"href":"https:\/\/lechappeeclose.it\/it\/wp-json\/wp\/v2\/product"}],"about":[{"href":"https:\/\/lechappeeclose.it\/it\/wp-json\/wp\/v2\/types\/product"}],"replies":[{"embeddable":true,"href":"https:\/\/lechappeeclose.it\/it\/wp-json\/wp\/v2\/comments?post=11059"}],"wp:featuredmedia":[{"embeddable":true,"href":"https:\/\/lechappeeclose.it\/it\/wp-json\/wp\/v2\/media\/11893"}],"wp:attachment":[{"href":"https:\/\/lechappeeclose.it\/it\/wp-json\/wp\/v2\/media?parent=11059"}],"wp:term":[{"taxonomy":"product_brand","embeddable":true,"href":"https:\/\/lechappeeclose.it\/it\/wp-json\/wp\/v2\/product_brand?post=11059"},{"taxonomy":"product_cat","embeddable":true,"href":"https:\/\/lechappeeclose.it\/it\/wp-json\/wp\/v2\/product_cat?post=11059"},{"taxonomy":"product_tag","embeddable":true,"href":"https:\/\/lechappeeclose.it\/it\/wp-json\/wp\/v2\/product_tag?post=11059"}],"curies":[{"name":"wp","href":"https:\/\/api.w.org\/{rel}","templated":true}]}}