{"id":11045,"date":"2025-03-08T12:32:25","date_gmt":"2025-03-08T11:32:25","guid":{"rendered":"https:\/\/lechappeeclose.it\/produit\/mes-amis\/"},"modified":"2026-01-14T16:06:14","modified_gmt":"2026-01-14T15:06:14","slug":"mes-amis","status":"publish","type":"product","link":"https:\/\/lechappeeclose.it\/it\/boutique\/livres\/litterature\/romans\/mes-amis\/","title":{"rendered":"Mes amis"},"content":{"rendered":"<p>Victor B\u00e2ton vit seul, dans une chambre de bonne miteuse, avec pour unique revenu une pension d&#8217;invalidit\u00e9. Tra\u00eene-savates, il erre chaque jour dans Paris dans l&#8217;espoir de faire de nouvelles rencontres. La ville le renvoie \u00e0 son extr\u00eame solitude, et agit en m\u00eame temps comme une ouate protectrice. Mais chaque tentative de lier une relation est un \u00e9chec. Et pour cause. Obnubil\u00e9 par sa qu\u00eate impatiente d&#8217;amiti\u00e9, il fausse tout rapport, et projette sur ceux qu&#8217;il croise sa propre mesquinerie. Dans un style faussement simple, avec un &#8220;sens du d\u00e9tail touchant&#8221; selon Beckett, Emmanuel Bove dessine le portrait de cet antih\u00e9ros aga\u00e7ant autant que fascinant, et d\u00e9peint par touches, d&#8217;une pr\u00e9cision extr\u00eame, la mis\u00e8re solitaire, le quotidien, l&#8217;absurdit\u00e9 de la condition humaine. D&#8217;une grande modernit\u00e9 \u00e0 sa parution en 1924, ce texte, tr\u00e8s salu\u00e9 \u00e0 l&#8217;\u00e9poque, a influenc\u00e9 beaucoup de nos contemporains.<\/p>","protected":false},"excerpt":{"rendered":"<p>Victor B\u00e2ton vit seul, dans une chambre de bonne miteuse, avec pour unique revenu une pension d&#8217;invalidit\u00e9. Tra\u00eene-savates, il erre chaque jour dans Paris dans l&#8217;espoir de faire de nouvelles rencontres. La ville le renvoie \u00e0 son extr\u00eame solitude, et agit en m\u00eame temps comme une ouate protectrice. Mais chaque tentative de lier une relation [&hellip;]<\/p>","protected":false},"featured_media":11044,"comment_status":"open","ping_status":"closed","template":"","meta":[],"product_brand":[],"product_cat":[46],"product_tag":[],"class_list":{"0":"post-11045","1":"product","2":"type-product","3":"status-publish","4":"has-post-thumbnail","6":"product_cat-romans","8":"first","9":"instock","10":"taxable","11":"shipping-taxable","12":"purchasable","13":"product-type-simple"},"yoast_head":"<!-- This site is optimized with the Yoast SEO plugin v27.4 - https:\/\/yoast.com\/product\/yoast-seo-wordpress\/ -->\n<title>Mes amis - l&#039;\u00e9chapp\u00e9e close<\/title>\n<meta name=\"robots\" content=\"index, follow, max-snippet:-1, max-image-preview:large, max-video-preview:-1\" \/>\n<link rel=\"canonical\" href=\"https:\/\/lechappeeclose.it\/it\/boutique\/livres\/litterature\/romans\/mes-amis\/\" \/>\n<meta property=\"og:locale\" content=\"it_IT\" \/>\n<meta property=\"og:type\" content=\"article\" \/>\n<meta property=\"og:title\" content=\"Mes amis - l&#039;\u00e9chapp\u00e9e close\" \/>\n<meta property=\"og:description\" content=\"Victor B\u00e2ton vit seul, dans une chambre de bonne miteuse, avec pour unique revenu une pension d&#8217;invalidit\u00e9. Tra\u00eene-savates, il erre chaque jour dans Paris dans l&#8217;espoir de faire de nouvelles rencontres. La ville le renvoie \u00e0 son extr\u00eame solitude, et agit en m\u00eame temps comme une ouate protectrice. Mais chaque tentative de lier une relation [&hellip;]\" \/>\n<meta property=\"og:url\" content=\"https:\/\/lechappeeclose.it\/it\/boutique\/livres\/litterature\/romans\/mes-amis\/\" \/>\n<meta property=\"og:site_name\" content=\"l&#039;\u00e9chapp\u00e9e close\" \/>\n<meta property=\"article:modified_time\" content=\"2026-01-14T15:06:14+00:00\" \/>\n<meta property=\"og:image\" content=\"https:\/\/lechappeeclose.it\/wp-content\/uploads\/2025\/03\/Mes-amis.jpeg\" \/>\n\t<meta property=\"og:image:width\" content=\"269\" \/>\n\t<meta property=\"og:image:height\" content=\"435\" \/>\n\t<meta property=\"og:image:type\" content=\"image\/jpeg\" \/>\n<meta name=\"twitter:card\" content=\"summary_large_image\" \/>\n<meta name=\"twitter:label1\" content=\"Tempo di lettura stimato\" \/>\n\t<meta name=\"twitter:data1\" content=\"1 minuto\" \/>\n<script type=\"application\/ld+json\" class=\"yoast-schema-graph\">{\"@context\":\"https:\\\/\\\/schema.org\",\"@graph\":[{\"@type\":\"WebPage\",\"@id\":\"https:\\\/\\\/lechappeeclose.it\\\/boutique\\\/livres\\\/litterature\\\/romans\\\/mes-amis\\\/\",\"url\":\"https:\\\/\\\/lechappeeclose.it\\\/boutique\\\/livres\\\/litterature\\\/romans\\\/mes-amis\\\/\",\"name\":\"Mes amis - l&#039;\u00e9chapp\u00e9e close\",\"isPartOf\":{\"@id\":\"http:\\\/\\\/lechappeeclose.it\\\/#website\"},\"primaryImageOfPage\":{\"@id\":\"https:\\\/\\\/lechappeeclose.it\\\/boutique\\\/livres\\\/litterature\\\/romans\\\/mes-amis\\\/#primaryimage\"},\"image\":{\"@id\":\"https:\\\/\\\/lechappeeclose.it\\\/boutique\\\/livres\\\/litterature\\\/romans\\\/mes-amis\\\/#primaryimage\"},\"thumbnailUrl\":\"https:\\\/\\\/lechappeeclose.it\\\/wp-content\\\/uploads\\\/2025\\\/03\\\/Mes-amis.jpeg\",\"datePublished\":\"2025-03-08T11:32:25+00:00\",\"dateModified\":\"2026-01-14T15:06:14+00:00\",\"breadcrumb\":{\"@id\":\"https:\\\/\\\/lechappeeclose.it\\\/boutique\\\/livres\\\/litterature\\\/romans\\\/mes-amis\\\/#breadcrumb\"},\"inLanguage\":\"it-IT\",\"potentialAction\":[{\"@type\":\"ReadAction\",\"target\":[\"https:\\\/\\\/lechappeeclose.it\\\/boutique\\\/livres\\\/litterature\\\/romans\\\/mes-amis\\\/\"]}]},{\"@type\":\"ImageObject\",\"inLanguage\":\"it-IT\",\"@id\":\"https:\\\/\\\/lechappeeclose.it\\\/boutique\\\/livres\\\/litterature\\\/romans\\\/mes-amis\\\/#primaryimage\",\"url\":\"https:\\\/\\\/lechappeeclose.it\\\/wp-content\\\/uploads\\\/2025\\\/03\\\/Mes-amis.jpeg\",\"contentUrl\":\"https:\\\/\\\/lechappeeclose.it\\\/wp-content\\\/uploads\\\/2025\\\/03\\\/Mes-amis.jpeg\",\"width\":269,\"height\":435},{\"@type\":\"BreadcrumbList\",\"@id\":\"https:\\\/\\\/lechappeeclose.it\\\/boutique\\\/livres\\\/litterature\\\/romans\\\/mes-amis\\\/#breadcrumb\",\"itemListElement\":[{\"@type\":\"ListItem\",\"position\":1,\"name\":\"Accueil\",\"item\":\"http:\\\/\\\/lechappeeclose.it\\\/\"},{\"@type\":\"ListItem\",\"position\":2,\"name\":\"Boutique\",\"item\":\"http:\\\/\\\/lechappeeclose.it\\\/it\\\/boutique\\\/\"},{\"@type\":\"ListItem\",\"position\":3,\"name\":\"Mes amis\"}]},{\"@type\":\"WebSite\",\"@id\":\"http:\\\/\\\/lechappeeclose.it\\\/#website\",\"url\":\"http:\\\/\\\/lechappeeclose.it\\\/\",\"name\":\"l&#039;\u00e9chapp\u00e9e close\",\"description\":\"la librairie fran\u00e7aise de Milan\",\"publisher\":{\"@id\":\"http:\\\/\\\/lechappeeclose.it\\\/#organization\"},\"alternateName\":\"La librairie fran\u00e7aise de Milan\",\"potentialAction\":[{\"@type\":\"SearchAction\",\"target\":{\"@type\":\"EntryPoint\",\"urlTemplate\":\"http:\\\/\\\/lechappeeclose.it\\\/?s={search_term_string}\"},\"query-input\":{\"@type\":\"PropertyValueSpecification\",\"valueRequired\":true,\"valueName\":\"search_term_string\"}}],\"inLanguage\":\"it-IT\"},{\"@type\":\"Organization\",\"@id\":\"http:\\\/\\\/lechappeeclose.it\\\/#organization\",\"name\":\"l&#039;\u00e9chapp\u00e9e close\",\"url\":\"http:\\\/\\\/lechappeeclose.it\\\/\",\"logo\":{\"@type\":\"ImageObject\",\"inLanguage\":\"it-IT\",\"@id\":\"http:\\\/\\\/lechappeeclose.it\\\/#\\\/schema\\\/logo\\\/image\\\/\",\"url\":\"https:\\\/\\\/lechappeeclose.it\\\/wp-content\\\/uploads\\\/2025\\\/02\\\/cropped-logo-rond.png\",\"contentUrl\":\"https:\\\/\\\/lechappeeclose.it\\\/wp-content\\\/uploads\\\/2025\\\/02\\\/cropped-logo-rond.png\",\"width\":1080,\"height\":1080,\"caption\":\"l&#039;\u00e9chapp\u00e9e close\"},\"image\":{\"@id\":\"http:\\\/\\\/lechappeeclose.it\\\/#\\\/schema\\\/logo\\\/image\\\/\"},\"sameAs\":[\"https:\\\/\\\/www.instagram.com\\\/lechappeeclose\\\/\"]}]}<\/script>\n<!-- \/ Yoast SEO plugin. -->","yoast_head_json":{"title":"Mes amis - l&#039;\u00e9chapp\u00e9e close","robots":{"index":"index","follow":"follow","max-snippet":"max-snippet:-1","max-image-preview":"max-image-preview:large","max-video-preview":"max-video-preview:-1"},"canonical":"https:\/\/lechappeeclose.it\/it\/boutique\/livres\/litterature\/romans\/mes-amis\/","og_locale":"it_IT","og_type":"article","og_title":"Mes amis - l&#039;\u00e9chapp\u00e9e close","og_description":"Victor B\u00e2ton vit seul, dans une chambre de bonne miteuse, avec pour unique revenu une pension d&#8217;invalidit\u00e9. Tra\u00eene-savates, il erre chaque jour dans Paris dans l&#8217;espoir de faire de nouvelles rencontres. La ville le renvoie \u00e0 son extr\u00eame solitude, et agit en m\u00eame temps comme une ouate protectrice. Mais chaque tentative de lier une relation [&hellip;]","og_url":"https:\/\/lechappeeclose.it\/it\/boutique\/livres\/litterature\/romans\/mes-amis\/","og_site_name":"l&#039;\u00e9chapp\u00e9e close","article_modified_time":"2026-01-14T15:06:14+00:00","og_image":[{"width":269,"height":435,"url":"https:\/\/lechappeeclose.it\/wp-content\/uploads\/2025\/03\/Mes-amis.jpeg","type":"image\/jpeg"}],"twitter_card":"summary_large_image","twitter_misc":{"Tempo di lettura stimato":"1 minuto"},"schema":{"@context":"https:\/\/schema.org","@graph":[{"@type":"WebPage","@id":"https:\/\/lechappeeclose.it\/boutique\/livres\/litterature\/romans\/mes-amis\/","url":"https:\/\/lechappeeclose.it\/boutique\/livres\/litterature\/romans\/mes-amis\/","name":"Mes amis - l&#039;\u00e9chapp\u00e9e close","isPartOf":{"@id":"http:\/\/lechappeeclose.it\/#website"},"primaryImageOfPage":{"@id":"https:\/\/lechappeeclose.it\/boutique\/livres\/litterature\/romans\/mes-amis\/#primaryimage"},"image":{"@id":"https:\/\/lechappeeclose.it\/boutique\/livres\/litterature\/romans\/mes-amis\/#primaryimage"},"thumbnailUrl":"https:\/\/lechappeeclose.it\/wp-content\/uploads\/2025\/03\/Mes-amis.jpeg","datePublished":"2025-03-08T11:32:25+00:00","dateModified":"2026-01-14T15:06:14+00:00","breadcrumb":{"@id":"https:\/\/lechappeeclose.it\/boutique\/livres\/litterature\/romans\/mes-amis\/#breadcrumb"},"inLanguage":"it-IT","potentialAction":[{"@type":"ReadAction","target":["https:\/\/lechappeeclose.it\/boutique\/livres\/litterature\/romans\/mes-amis\/"]}]},{"@type":"ImageObject","inLanguage":"it-IT","@id":"https:\/\/lechappeeclose.it\/boutique\/livres\/litterature\/romans\/mes-amis\/#primaryimage","url":"https:\/\/lechappeeclose.it\/wp-content\/uploads\/2025\/03\/Mes-amis.jpeg","contentUrl":"https:\/\/lechappeeclose.it\/wp-content\/uploads\/2025\/03\/Mes-amis.jpeg","width":269,"height":435},{"@type":"BreadcrumbList","@id":"https:\/\/lechappeeclose.it\/boutique\/livres\/litterature\/romans\/mes-amis\/#breadcrumb","itemListElement":[{"@type":"ListItem","position":1,"name":"Accueil","item":"http:\/\/lechappeeclose.it\/"},{"@type":"ListItem","position":2,"name":"Boutique","item":"http:\/\/lechappeeclose.it\/it\/boutique\/"},{"@type":"ListItem","position":3,"name":"Mes amis"}]},{"@type":"WebSite","@id":"http:\/\/lechappeeclose.it\/#website","url":"http:\/\/lechappeeclose.it\/","name":"l&#039;\u00e9chapp\u00e9e close","description":"La libreria francese di Milano","publisher":{"@id":"http:\/\/lechappeeclose.it\/#organization"},"alternateName":"La librairie fran\u00e7aise de Milan","potentialAction":[{"@type":"SearchAction","target":{"@type":"EntryPoint","urlTemplate":"http:\/\/lechappeeclose.it\/?s={search_term_string}"},"query-input":{"@type":"PropertyValueSpecification","valueRequired":true,"valueName":"search_term_string"}}],"inLanguage":"it-IT"},{"@type":"Organization","@id":"http:\/\/lechappeeclose.it\/#organization","name":"l&#039;\u00e9chapp\u00e9e close","url":"http:\/\/lechappeeclose.it\/","logo":{"@type":"ImageObject","inLanguage":"it-IT","@id":"http:\/\/lechappeeclose.it\/#\/schema\/logo\/image\/","url":"https:\/\/lechappeeclose.it\/wp-content\/uploads\/2025\/02\/cropped-logo-rond.png","contentUrl":"https:\/\/lechappeeclose.it\/wp-content\/uploads\/2025\/02\/cropped-logo-rond.png","width":1080,"height":1080,"caption":"l&#039;\u00e9chapp\u00e9e close"},"image":{"@id":"http:\/\/lechappeeclose.it\/#\/schema\/logo\/image\/"},"sameAs":["https:\/\/www.instagram.com\/lechappeeclose\/"]}]}},"_links":{"self":[{"href":"https:\/\/lechappeeclose.it\/it\/wp-json\/wp\/v2\/product\/11045","targetHints":{"allow":["GET"]}}],"collection":[{"href":"https:\/\/lechappeeclose.it\/it\/wp-json\/wp\/v2\/product"}],"about":[{"href":"https:\/\/lechappeeclose.it\/it\/wp-json\/wp\/v2\/types\/product"}],"replies":[{"embeddable":true,"href":"https:\/\/lechappeeclose.it\/it\/wp-json\/wp\/v2\/comments?post=11045"}],"wp:featuredmedia":[{"embeddable":true,"href":"https:\/\/lechappeeclose.it\/it\/wp-json\/wp\/v2\/media\/11044"}],"wp:attachment":[{"href":"https:\/\/lechappeeclose.it\/it\/wp-json\/wp\/v2\/media?parent=11045"}],"wp:term":[{"taxonomy":"product_brand","embeddable":true,"href":"https:\/\/lechappeeclose.it\/it\/wp-json\/wp\/v2\/product_brand?post=11045"},{"taxonomy":"product_cat","embeddable":true,"href":"https:\/\/lechappeeclose.it\/it\/wp-json\/wp\/v2\/product_cat?post=11045"},{"taxonomy":"product_tag","embeddable":true,"href":"https:\/\/lechappeeclose.it\/it\/wp-json\/wp\/v2\/product_tag?post=11045"}],"curies":[{"name":"wp","href":"https:\/\/api.w.org\/{rel}","templated":true}]}}