{"id":9992,"date":"2025-02-19T12:17:47","date_gmt":"2025-02-19T11:17:47","guid":{"rendered":"https:\/\/lechappeeclose.it\/produit\/le-probleme\/"},"modified":"2026-02-13T15:23:25","modified_gmt":"2026-02-13T14:23:25","slug":"le-probleme","status":"publish","type":"product","link":"http:\/\/lechappeeclose.it\/it\/boutique\/livres\/jeunesse\/prescolaire\/le-probleme\/","title":{"rendered":"Le probl\u00e8me"},"content":{"rendered":"<p>\u00c9crite en 1941, cette histoire savoureuse et ind\u00e9modable, extraite des Contes du chat perch\u00e9, est ici remise \u00e0 l\u2019honneur par les splendides gravures sur bois de May Angeli.Le probl\u00e8me de math\u00e9matiques donn\u00e9 par la ma\u00eetresse est tr\u00e8s difficile, mais Delphine et Marinette n\u2019ont pas le choix\u00a0: si au retour des parents, il n\u2019est pas r\u00e9solu, les choses vont mal tourner pour les elles. Compatissants, les animaux \u00e9coutent attentivement l\u2019\u00e9nonc\u00e9\u00a0: il y est question d\u2019ares, d\u2019hectares, de nombre de ch\u00eanes, h\u00eatres et bouleaux dans les bois de la commune\u2026 Tous r\u00e9fl\u00e9chissent \u00e0 s\u2019en donner mal \u00e0 la t\u00eate, jusqu\u2019\u00e0 ce qu\u2019arrive la petite poule blanche\u00a0: puisque le bois est juste \u00e0 c\u00f4t\u00e9, pourquoi ne pas aller directement y compter les arbres?\u00a0R\u00e9gal d\u2019humour et de fantaisie, ce conte s\u2019adresse \u00e0 tous ceux qui ont le go\u00fbt des mots, qui n\u2019ont pas la bosse des maths, qui parlent avec les animaux et qui aiment rire des travers de leurs contemporains.<\/p>","protected":false},"excerpt":{"rendered":"<p>\u00c9crite en 1941, cette histoire savoureuse et ind\u00e9modable, extraite des Contes du chat perch\u00e9, est ici remise \u00e0 l\u2019honneur par les splendides gravures sur bois de May Angeli.Le probl\u00e8me de math\u00e9matiques donn\u00e9 par la ma\u00eetresse est tr\u00e8s difficile, mais Delphine et Marinette n\u2019ont pas le choix\u00a0: si au retour des parents, il n\u2019est pas r\u00e9solu, [&hellip;]<\/p>","protected":false},"featured_media":9991,"comment_status":"open","ping_status":"closed","template":"","meta":[],"product_brand":[],"product_cat":[52],"product_tag":[],"class_list":{"0":"post-9992","1":"product","2":"type-product","3":"status-publish","4":"has-post-thumbnail","6":"product_cat-prescolaire","8":"first","9":"onbackorder","10":"taxable","11":"shipping-taxable","12":"purchasable","13":"product-type-simple"},"yoast_head":"<!-- This site is optimized with the Yoast SEO plugin v27.4 - https:\/\/yoast.com\/product\/yoast-seo-wordpress\/ -->\n<title>Le probl\u00e8me - l&#039;\u00e9chapp\u00e9e close<\/title>\n<meta name=\"robots\" content=\"index, follow, max-snippet:-1, max-image-preview:large, max-video-preview:-1\" \/>\n<link rel=\"canonical\" href=\"https:\/\/lechappeeclose.it\/it\/boutique\/livres\/jeunesse\/prescolaire\/le-probleme\/\" \/>\n<meta property=\"og:locale\" content=\"it_IT\" \/>\n<meta property=\"og:type\" content=\"article\" \/>\n<meta property=\"og:title\" content=\"Le probl\u00e8me - l&#039;\u00e9chapp\u00e9e close\" \/>\n<meta property=\"og:description\" content=\"\u00c9crite en 1941, cette histoire savoureuse et ind\u00e9modable, extraite des Contes du chat perch\u00e9, est ici remise \u00e0 l\u2019honneur par les splendides gravures sur bois de May Angeli.Le probl\u00e8me de math\u00e9matiques donn\u00e9 par la ma\u00eetresse est tr\u00e8s difficile, mais Delphine et Marinette n\u2019ont pas le choix\u00a0: si au retour des parents, il n\u2019est pas r\u00e9solu, [&hellip;]\" \/>\n<meta property=\"og:url\" content=\"https:\/\/lechappeeclose.it\/it\/boutique\/livres\/jeunesse\/prescolaire\/le-probleme\/\" \/>\n<meta property=\"og:site_name\" content=\"l&#039;\u00e9chapp\u00e9e close\" \/>\n<meta property=\"article:modified_time\" content=\"2026-02-13T14:23:25+00:00\" \/>\n<meta property=\"og:image\" content=\"https:\/\/lechappeeclose.it\/wp-content\/uploads\/2025\/02\/Le-probleme.jpeg\" \/>\n\t<meta property=\"og:image:width\" content=\"358\" \/>\n\t<meta property=\"og:image:height\" content=\"500\" \/>\n\t<meta property=\"og:image:type\" content=\"image\/jpeg\" \/>\n<meta name=\"twitter:card\" content=\"summary_large_image\" \/>\n<meta name=\"twitter:label1\" content=\"Tempo di lettura stimato\" \/>\n\t<meta name=\"twitter:data1\" content=\"1 minuto\" \/>\n<script type=\"application\/ld+json\" class=\"yoast-schema-graph\">{\"@context\":\"https:\\\/\\\/schema.org\",\"@graph\":[{\"@type\":\"WebPage\",\"@id\":\"https:\\\/\\\/lechappeeclose.it\\\/boutique\\\/livres\\\/jeunesse\\\/prescolaire\\\/le-probleme\\\/\",\"url\":\"https:\\\/\\\/lechappeeclose.it\\\/boutique\\\/livres\\\/jeunesse\\\/prescolaire\\\/le-probleme\\\/\",\"name\":\"Le probl\u00e8me - l&#039;\u00e9chapp\u00e9e close\",\"isPartOf\":{\"@id\":\"http:\\\/\\\/lechappeeclose.it\\\/#website\"},\"primaryImageOfPage\":{\"@id\":\"https:\\\/\\\/lechappeeclose.it\\\/boutique\\\/livres\\\/jeunesse\\\/prescolaire\\\/le-probleme\\\/#primaryimage\"},\"image\":{\"@id\":\"https:\\\/\\\/lechappeeclose.it\\\/boutique\\\/livres\\\/jeunesse\\\/prescolaire\\\/le-probleme\\\/#primaryimage\"},\"thumbnailUrl\":\"http:\\\/\\\/lechappeeclose.it\\\/wp-content\\\/uploads\\\/2025\\\/02\\\/Le-probleme.jpeg\",\"datePublished\":\"2025-02-19T11:17:47+00:00\",\"dateModified\":\"2026-02-13T14:23:25+00:00\",\"breadcrumb\":{\"@id\":\"https:\\\/\\\/lechappeeclose.it\\\/boutique\\\/livres\\\/jeunesse\\\/prescolaire\\\/le-probleme\\\/#breadcrumb\"},\"inLanguage\":\"it-IT\",\"potentialAction\":[{\"@type\":\"ReadAction\",\"target\":[\"https:\\\/\\\/lechappeeclose.it\\\/boutique\\\/livres\\\/jeunesse\\\/prescolaire\\\/le-probleme\\\/\"]}]},{\"@type\":\"ImageObject\",\"inLanguage\":\"it-IT\",\"@id\":\"https:\\\/\\\/lechappeeclose.it\\\/boutique\\\/livres\\\/jeunesse\\\/prescolaire\\\/le-probleme\\\/#primaryimage\",\"url\":\"http:\\\/\\\/lechappeeclose.it\\\/wp-content\\\/uploads\\\/2025\\\/02\\\/Le-probleme.jpeg\",\"contentUrl\":\"http:\\\/\\\/lechappeeclose.it\\\/wp-content\\\/uploads\\\/2025\\\/02\\\/Le-probleme.jpeg\",\"width\":358,\"height\":500},{\"@type\":\"BreadcrumbList\",\"@id\":\"https:\\\/\\\/lechappeeclose.it\\\/boutique\\\/livres\\\/jeunesse\\\/prescolaire\\\/le-probleme\\\/#breadcrumb\",\"itemListElement\":[{\"@type\":\"ListItem\",\"position\":1,\"name\":\"Accueil\",\"item\":\"http:\\\/\\\/lechappeeclose.it\\\/\"},{\"@type\":\"ListItem\",\"position\":2,\"name\":\"Boutique\",\"item\":\"http:\\\/\\\/lechappeeclose.it\\\/it\\\/boutique\\\/\"},{\"@type\":\"ListItem\",\"position\":3,\"name\":\"Le probl\u00e8me\"}]},{\"@type\":\"WebSite\",\"@id\":\"http:\\\/\\\/lechappeeclose.it\\\/#website\",\"url\":\"http:\\\/\\\/lechappeeclose.it\\\/\",\"name\":\"l&#039;\u00e9chapp\u00e9e close\",\"description\":\"la librairie fran\u00e7aise de Milan\",\"publisher\":{\"@id\":\"http:\\\/\\\/lechappeeclose.it\\\/#organization\"},\"alternateName\":\"La librairie fran\u00e7aise de Milan\",\"potentialAction\":[{\"@type\":\"SearchAction\",\"target\":{\"@type\":\"EntryPoint\",\"urlTemplate\":\"http:\\\/\\\/lechappeeclose.it\\\/?s={search_term_string}\"},\"query-input\":{\"@type\":\"PropertyValueSpecification\",\"valueRequired\":true,\"valueName\":\"search_term_string\"}}],\"inLanguage\":\"it-IT\"},{\"@type\":\"Organization\",\"@id\":\"http:\\\/\\\/lechappeeclose.it\\\/#organization\",\"name\":\"l&#039;\u00e9chapp\u00e9e close\",\"url\":\"http:\\\/\\\/lechappeeclose.it\\\/\",\"logo\":{\"@type\":\"ImageObject\",\"inLanguage\":\"it-IT\",\"@id\":\"http:\\\/\\\/lechappeeclose.it\\\/#\\\/schema\\\/logo\\\/image\\\/\",\"url\":\"http:\\\/\\\/lechappeeclose.it\\\/wp-content\\\/uploads\\\/2025\\\/02\\\/cropped-logo-rond.png\",\"contentUrl\":\"http:\\\/\\\/lechappeeclose.it\\\/wp-content\\\/uploads\\\/2025\\\/02\\\/cropped-logo-rond.png\",\"width\":1080,\"height\":1080,\"caption\":\"l&#039;\u00e9chapp\u00e9e close\"},\"image\":{\"@id\":\"http:\\\/\\\/lechappeeclose.it\\\/#\\\/schema\\\/logo\\\/image\\\/\"},\"sameAs\":[\"https:\\\/\\\/www.instagram.com\\\/lechappeeclose\\\/\"]}]}<\/script>\n<!-- \/ Yoast SEO plugin. -->","yoast_head_json":{"title":"Le probl\u00e8me - l&#039;\u00e9chapp\u00e9e close","robots":{"index":"index","follow":"follow","max-snippet":"max-snippet:-1","max-image-preview":"max-image-preview:large","max-video-preview":"max-video-preview:-1"},"canonical":"https:\/\/lechappeeclose.it\/it\/boutique\/livres\/jeunesse\/prescolaire\/le-probleme\/","og_locale":"it_IT","og_type":"article","og_title":"Le probl\u00e8me - l&#039;\u00e9chapp\u00e9e close","og_description":"\u00c9crite en 1941, cette histoire savoureuse et ind\u00e9modable, extraite des Contes du chat perch\u00e9, est ici remise \u00e0 l\u2019honneur par les splendides gravures sur bois de May Angeli.Le probl\u00e8me de math\u00e9matiques donn\u00e9 par la ma\u00eetresse est tr\u00e8s difficile, mais Delphine et Marinette n\u2019ont pas le choix\u00a0: si au retour des parents, il n\u2019est pas r\u00e9solu, [&hellip;]","og_url":"https:\/\/lechappeeclose.it\/it\/boutique\/livres\/jeunesse\/prescolaire\/le-probleme\/","og_site_name":"l&#039;\u00e9chapp\u00e9e close","article_modified_time":"2026-02-13T14:23:25+00:00","og_image":[{"width":358,"height":500,"url":"https:\/\/lechappeeclose.it\/wp-content\/uploads\/2025\/02\/Le-probleme.jpeg","type":"image\/jpeg"}],"twitter_card":"summary_large_image","twitter_misc":{"Tempo di lettura stimato":"1 minuto"},"schema":{"@context":"https:\/\/schema.org","@graph":[{"@type":"WebPage","@id":"https:\/\/lechappeeclose.it\/boutique\/livres\/jeunesse\/prescolaire\/le-probleme\/","url":"https:\/\/lechappeeclose.it\/boutique\/livres\/jeunesse\/prescolaire\/le-probleme\/","name":"Le probl\u00e8me - l&#039;\u00e9chapp\u00e9e close","isPartOf":{"@id":"http:\/\/lechappeeclose.it\/#website"},"primaryImageOfPage":{"@id":"https:\/\/lechappeeclose.it\/boutique\/livres\/jeunesse\/prescolaire\/le-probleme\/#primaryimage"},"image":{"@id":"https:\/\/lechappeeclose.it\/boutique\/livres\/jeunesse\/prescolaire\/le-probleme\/#primaryimage"},"thumbnailUrl":"http:\/\/lechappeeclose.it\/wp-content\/uploads\/2025\/02\/Le-probleme.jpeg","datePublished":"2025-02-19T11:17:47+00:00","dateModified":"2026-02-13T14:23:25+00:00","breadcrumb":{"@id":"https:\/\/lechappeeclose.it\/boutique\/livres\/jeunesse\/prescolaire\/le-probleme\/#breadcrumb"},"inLanguage":"it-IT","potentialAction":[{"@type":"ReadAction","target":["https:\/\/lechappeeclose.it\/boutique\/livres\/jeunesse\/prescolaire\/le-probleme\/"]}]},{"@type":"ImageObject","inLanguage":"it-IT","@id":"https:\/\/lechappeeclose.it\/boutique\/livres\/jeunesse\/prescolaire\/le-probleme\/#primaryimage","url":"http:\/\/lechappeeclose.it\/wp-content\/uploads\/2025\/02\/Le-probleme.jpeg","contentUrl":"http:\/\/lechappeeclose.it\/wp-content\/uploads\/2025\/02\/Le-probleme.jpeg","width":358,"height":500},{"@type":"BreadcrumbList","@id":"https:\/\/lechappeeclose.it\/boutique\/livres\/jeunesse\/prescolaire\/le-probleme\/#breadcrumb","itemListElement":[{"@type":"ListItem","position":1,"name":"Accueil","item":"http:\/\/lechappeeclose.it\/"},{"@type":"ListItem","position":2,"name":"Boutique","item":"http:\/\/lechappeeclose.it\/it\/boutique\/"},{"@type":"ListItem","position":3,"name":"Le probl\u00e8me"}]},{"@type":"WebSite","@id":"http:\/\/lechappeeclose.it\/#website","url":"http:\/\/lechappeeclose.it\/","name":"l&#039;\u00e9chapp\u00e9e close","description":"La libreria francese di Milano","publisher":{"@id":"http:\/\/lechappeeclose.it\/#organization"},"alternateName":"La librairie fran\u00e7aise de Milan","potentialAction":[{"@type":"SearchAction","target":{"@type":"EntryPoint","urlTemplate":"http:\/\/lechappeeclose.it\/?s={search_term_string}"},"query-input":{"@type":"PropertyValueSpecification","valueRequired":true,"valueName":"search_term_string"}}],"inLanguage":"it-IT"},{"@type":"Organization","@id":"http:\/\/lechappeeclose.it\/#organization","name":"l&#039;\u00e9chapp\u00e9e close","url":"http:\/\/lechappeeclose.it\/","logo":{"@type":"ImageObject","inLanguage":"it-IT","@id":"http:\/\/lechappeeclose.it\/#\/schema\/logo\/image\/","url":"http:\/\/lechappeeclose.it\/wp-content\/uploads\/2025\/02\/cropped-logo-rond.png","contentUrl":"http:\/\/lechappeeclose.it\/wp-content\/uploads\/2025\/02\/cropped-logo-rond.png","width":1080,"height":1080,"caption":"l&#039;\u00e9chapp\u00e9e close"},"image":{"@id":"http:\/\/lechappeeclose.it\/#\/schema\/logo\/image\/"},"sameAs":["https:\/\/www.instagram.com\/lechappeeclose\/"]}]}},"_links":{"self":[{"href":"http:\/\/lechappeeclose.it\/it\/wp-json\/wp\/v2\/product\/9992","targetHints":{"allow":["GET"]}}],"collection":[{"href":"http:\/\/lechappeeclose.it\/it\/wp-json\/wp\/v2\/product"}],"about":[{"href":"http:\/\/lechappeeclose.it\/it\/wp-json\/wp\/v2\/types\/product"}],"replies":[{"embeddable":true,"href":"http:\/\/lechappeeclose.it\/it\/wp-json\/wp\/v2\/comments?post=9992"}],"wp:featuredmedia":[{"embeddable":true,"href":"http:\/\/lechappeeclose.it\/it\/wp-json\/wp\/v2\/media\/9991"}],"wp:attachment":[{"href":"http:\/\/lechappeeclose.it\/it\/wp-json\/wp\/v2\/media?parent=9992"}],"wp:term":[{"taxonomy":"product_brand","embeddable":true,"href":"http:\/\/lechappeeclose.it\/it\/wp-json\/wp\/v2\/product_brand?post=9992"},{"taxonomy":"product_cat","embeddable":true,"href":"http:\/\/lechappeeclose.it\/it\/wp-json\/wp\/v2\/product_cat?post=9992"},{"taxonomy":"product_tag","embeddable":true,"href":"http:\/\/lechappeeclose.it\/it\/wp-json\/wp\/v2\/product_tag?post=9992"}],"curies":[{"name":"wp","href":"https:\/\/api.w.org\/{rel}","templated":true}]}}