{"id":9893,"date":"2025-02-19T11:48:43","date_gmt":"2025-02-19T10:48:43","guid":{"rendered":"https:\/\/lechappeeclose.it\/produit\/catalogue-de-parents-pour-les-enfants-qui-veulent-en-changer\/"},"modified":"2026-02-13T15:38:34","modified_gmt":"2026-02-13T14:38:34","slug":"catalogue-de-parents-pour-les-enfants-qui-veulent-en-changer","status":"publish","type":"product","link":"http:\/\/lechappeeclose.it\/it\/boutique\/livres\/jeunesse\/prescolaire\/catalogue-de-parents-pour-les-enfants-qui-veulent-en-changer\/","title":{"rendered":"Catalogue de parents pour les enfants qui veulent en changer"},"content":{"rendered":"<p>Tes parents sont lourds ? fatigants, avares, collants, velus, piquants, barbants, casse-pieds, glissants ? Change ! Ils sont grogronants, d\u00e9goulibavants, bavardissants, crottedenazants, mangepropremants ? Change ! Ils t&#8217;ennuient, ils sont insupportables, ils ne t&#8217;\u00e9coutent pas, ils rangent ta chambre, ils marchent sur tes jouets, ils refusent de te laisser la maison, ils t&#8217;emm\u00e8nent en Ouikenn&#8217;d ? Change de parents ! Avec Catalogue, rien n&#8217;est plus facile, choisis les parents qui te plaisent, remplis le bon de commande, poste-le et en moins de quarante tuiteures, Catalogue te livre des nouveaux parents \u00e0 toi, pour toi, \u00e0 domicile, dans ta maison \u00e0 toi!<\/p>","protected":false},"excerpt":{"rendered":"<p>Tes parents sont lourds ? fatigants, avares, collants, velus, piquants, barbants, casse-pieds, glissants ? Change ! Ils sont grogronants, d\u00e9goulibavants, bavardissants, crottedenazants, mangepropremants ? Change ! Ils t&#8217;ennuient, ils sont insupportables, ils ne t&#8217;\u00e9coutent pas, ils rangent ta chambre, ils marchent sur tes jouets, ils refusent de te laisser la maison, ils t&#8217;emm\u00e8nent en Ouikenn&#8217;d [&hellip;]<\/p>","protected":false},"featured_media":9892,"comment_status":"open","ping_status":"closed","template":"","meta":[],"product_brand":[],"product_cat":[52],"product_tag":[],"class_list":{"0":"post-9893","1":"product","2":"type-product","3":"status-publish","4":"has-post-thumbnail","6":"product_cat-prescolaire","8":"first","9":"onbackorder","10":"taxable","11":"shipping-taxable","12":"purchasable","13":"product-type-simple"},"yoast_head":"<!-- This site is optimized with the Yoast SEO plugin v27.3 - https:\/\/yoast.com\/product\/yoast-seo-wordpress\/ -->\n<title>Catalogue de parents pour les enfants qui veulent en changer - l&#039;\u00e9chapp\u00e9e close<\/title>\n<meta name=\"robots\" content=\"index, follow, max-snippet:-1, max-image-preview:large, max-video-preview:-1\" \/>\n<link rel=\"canonical\" href=\"http:\/\/lechappeeclose.it\/it\/boutique\/livres\/jeunesse\/prescolaire\/catalogue-de-parents-pour-les-enfants-qui-veulent-en-changer\/\" \/>\n<meta property=\"og:locale\" content=\"it_IT\" \/>\n<meta property=\"og:type\" content=\"article\" \/>\n<meta property=\"og:title\" content=\"Catalogue de parents pour les enfants qui veulent en changer - l&#039;\u00e9chapp\u00e9e close\" \/>\n<meta property=\"og:description\" content=\"Tes parents sont lourds ? fatigants, avares, collants, velus, piquants, barbants, casse-pieds, glissants ? Change ! Ils sont grogronants, d\u00e9goulibavants, bavardissants, crottedenazants, mangepropremants ? Change ! Ils t&#8217;ennuient, ils sont insupportables, ils ne t&#8217;\u00e9coutent pas, ils rangent ta chambre, ils marchent sur tes jouets, ils refusent de te laisser la maison, ils t&#8217;emm\u00e8nent en Ouikenn&#8217;d [&hellip;]\" \/>\n<meta property=\"og:url\" content=\"http:\/\/lechappeeclose.it\/it\/boutique\/livres\/jeunesse\/prescolaire\/catalogue-de-parents-pour-les-enfants-qui-veulent-en-changer\/\" \/>\n<meta property=\"og:site_name\" content=\"l&#039;\u00e9chapp\u00e9e close\" \/>\n<meta property=\"article:modified_time\" content=\"2026-02-13T14:38:34+00:00\" \/>\n<meta property=\"og:image\" content=\"http:\/\/lechappeeclose.it\/wp-content\/uploads\/2025\/02\/Catalogue-de-parents-pour-les-enfants-qui-veulent-en-changer.jpeg\" \/>\n\t<meta property=\"og:image:width\" content=\"318\" \/>\n\t<meta property=\"og:image:height\" content=\"444\" \/>\n\t<meta property=\"og:image:type\" content=\"image\/jpeg\" \/>\n<meta name=\"twitter:card\" content=\"summary_large_image\" \/>\n<script type=\"application\/ld+json\" class=\"yoast-schema-graph\">{\"@context\":\"https:\\\/\\\/schema.org\",\"@graph\":[{\"@type\":\"WebPage\",\"@id\":\"http:\\\/\\\/lechappeeclose.it\\\/it\\\/boutique\\\/livres\\\/jeunesse\\\/prescolaire\\\/catalogue-de-parents-pour-les-enfants-qui-veulent-en-changer\\\/\",\"url\":\"http:\\\/\\\/lechappeeclose.it\\\/it\\\/boutique\\\/livres\\\/jeunesse\\\/prescolaire\\\/catalogue-de-parents-pour-les-enfants-qui-veulent-en-changer\\\/\",\"name\":\"Catalogue de parents pour les enfants qui veulent en changer - l&#039;\u00e9chapp\u00e9e close\",\"isPartOf\":{\"@id\":\"https:\\\/\\\/lechappeeclose.it\\\/it\\\/#website\"},\"primaryImageOfPage\":{\"@id\":\"http:\\\/\\\/lechappeeclose.it\\\/it\\\/boutique\\\/livres\\\/jeunesse\\\/prescolaire\\\/catalogue-de-parents-pour-les-enfants-qui-veulent-en-changer\\\/#primaryimage\"},\"image\":{\"@id\":\"http:\\\/\\\/lechappeeclose.it\\\/it\\\/boutique\\\/livres\\\/jeunesse\\\/prescolaire\\\/catalogue-de-parents-pour-les-enfants-qui-veulent-en-changer\\\/#primaryimage\"},\"thumbnailUrl\":\"http:\\\/\\\/lechappeeclose.it\\\/wp-content\\\/uploads\\\/2025\\\/02\\\/Catalogue-de-parents-pour-les-enfants-qui-veulent-en-changer.jpeg\",\"datePublished\":\"2025-02-19T10:48:43+00:00\",\"dateModified\":\"2026-02-13T14:38:34+00:00\",\"breadcrumb\":{\"@id\":\"http:\\\/\\\/lechappeeclose.it\\\/it\\\/boutique\\\/livres\\\/jeunesse\\\/prescolaire\\\/catalogue-de-parents-pour-les-enfants-qui-veulent-en-changer\\\/#breadcrumb\"},\"inLanguage\":\"it-IT\",\"potentialAction\":[{\"@type\":\"ReadAction\",\"target\":[\"http:\\\/\\\/lechappeeclose.it\\\/it\\\/boutique\\\/livres\\\/jeunesse\\\/prescolaire\\\/catalogue-de-parents-pour-les-enfants-qui-veulent-en-changer\\\/\"]}]},{\"@type\":\"ImageObject\",\"inLanguage\":\"it-IT\",\"@id\":\"http:\\\/\\\/lechappeeclose.it\\\/it\\\/boutique\\\/livres\\\/jeunesse\\\/prescolaire\\\/catalogue-de-parents-pour-les-enfants-qui-veulent-en-changer\\\/#primaryimage\",\"url\":\"http:\\\/\\\/lechappeeclose.it\\\/wp-content\\\/uploads\\\/2025\\\/02\\\/Catalogue-de-parents-pour-les-enfants-qui-veulent-en-changer.jpeg\",\"contentUrl\":\"http:\\\/\\\/lechappeeclose.it\\\/wp-content\\\/uploads\\\/2025\\\/02\\\/Catalogue-de-parents-pour-les-enfants-qui-veulent-en-changer.jpeg\",\"width\":318,\"height\":444},{\"@type\":\"BreadcrumbList\",\"@id\":\"http:\\\/\\\/lechappeeclose.it\\\/it\\\/boutique\\\/livres\\\/jeunesse\\\/prescolaire\\\/catalogue-de-parents-pour-les-enfants-qui-veulent-en-changer\\\/#breadcrumb\",\"itemListElement\":[{\"@type\":\"ListItem\",\"position\":1,\"name\":\"Accueil\",\"item\":\"https:\\\/\\\/lechappeeclose.it\\\/it\\\/\"},{\"@type\":\"ListItem\",\"position\":2,\"name\":\"Boutique\",\"item\":\"https:\\\/\\\/lechappeeclose.it\\\/it\\\/boutique\\\/\"},{\"@type\":\"ListItem\",\"position\":3,\"name\":\"Catalogue de parents pour les enfants qui veulent en changer\"}]},{\"@type\":\"WebSite\",\"@id\":\"https:\\\/\\\/lechappeeclose.it\\\/it\\\/#website\",\"url\":\"https:\\\/\\\/lechappeeclose.it\\\/it\\\/\",\"name\":\"l&#039;\u00e9chapp\u00e9e close\",\"description\":\"la librairie fran\u00e7aise de Milan\",\"publisher\":{\"@id\":\"https:\\\/\\\/lechappeeclose.it\\\/it\\\/#organization\"},\"alternateName\":\"La librairie fran\u00e7aise de Milan\",\"potentialAction\":[{\"@type\":\"SearchAction\",\"target\":{\"@type\":\"EntryPoint\",\"urlTemplate\":\"https:\\\/\\\/lechappeeclose.it\\\/it\\\/?s={search_term_string}\"},\"query-input\":{\"@type\":\"PropertyValueSpecification\",\"valueRequired\":true,\"valueName\":\"search_term_string\"}}],\"inLanguage\":\"it-IT\"},{\"@type\":\"Organization\",\"@id\":\"https:\\\/\\\/lechappeeclose.it\\\/it\\\/#organization\",\"name\":\"l&#039;\u00e9chapp\u00e9e close\",\"url\":\"https:\\\/\\\/lechappeeclose.it\\\/it\\\/\",\"logo\":{\"@type\":\"ImageObject\",\"inLanguage\":\"it-IT\",\"@id\":\"https:\\\/\\\/lechappeeclose.it\\\/it\\\/#\\\/schema\\\/logo\\\/image\\\/\",\"url\":\"http:\\\/\\\/lechappeeclose.it\\\/wp-content\\\/uploads\\\/2025\\\/02\\\/cropped-logo-rond.png\",\"contentUrl\":\"http:\\\/\\\/lechappeeclose.it\\\/wp-content\\\/uploads\\\/2025\\\/02\\\/cropped-logo-rond.png\",\"width\":1080,\"height\":1080,\"caption\":\"l&#039;\u00e9chapp\u00e9e close\"},\"image\":{\"@id\":\"https:\\\/\\\/lechappeeclose.it\\\/it\\\/#\\\/schema\\\/logo\\\/image\\\/\"},\"sameAs\":[\"https:\\\/\\\/www.instagram.com\\\/lechappeeclose\\\/\"]}]}<\/script>\n<!-- \/ Yoast SEO plugin. -->","yoast_head_json":{"title":"Catalogue de parents pour les enfants qui veulent en changer - l&#039;\u00e9chapp\u00e9e close","robots":{"index":"index","follow":"follow","max-snippet":"max-snippet:-1","max-image-preview":"max-image-preview:large","max-video-preview":"max-video-preview:-1"},"canonical":"http:\/\/lechappeeclose.it\/it\/boutique\/livres\/jeunesse\/prescolaire\/catalogue-de-parents-pour-les-enfants-qui-veulent-en-changer\/","og_locale":"it_IT","og_type":"article","og_title":"Catalogue de parents pour les enfants qui veulent en changer - l&#039;\u00e9chapp\u00e9e close","og_description":"Tes parents sont lourds ? fatigants, avares, collants, velus, piquants, barbants, casse-pieds, glissants ? Change ! Ils sont grogronants, d\u00e9goulibavants, bavardissants, crottedenazants, mangepropremants ? Change ! Ils t&#8217;ennuient, ils sont insupportables, ils ne t&#8217;\u00e9coutent pas, ils rangent ta chambre, ils marchent sur tes jouets, ils refusent de te laisser la maison, ils t&#8217;emm\u00e8nent en Ouikenn&#8217;d [&hellip;]","og_url":"http:\/\/lechappeeclose.it\/it\/boutique\/livres\/jeunesse\/prescolaire\/catalogue-de-parents-pour-les-enfants-qui-veulent-en-changer\/","og_site_name":"l&#039;\u00e9chapp\u00e9e close","article_modified_time":"2026-02-13T14:38:34+00:00","og_image":[{"width":318,"height":444,"url":"http:\/\/lechappeeclose.it\/wp-content\/uploads\/2025\/02\/Catalogue-de-parents-pour-les-enfants-qui-veulent-en-changer.jpeg","type":"image\/jpeg"}],"twitter_card":"summary_large_image","schema":{"@context":"https:\/\/schema.org","@graph":[{"@type":"WebPage","@id":"http:\/\/lechappeeclose.it\/it\/boutique\/livres\/jeunesse\/prescolaire\/catalogue-de-parents-pour-les-enfants-qui-veulent-en-changer\/","url":"http:\/\/lechappeeclose.it\/it\/boutique\/livres\/jeunesse\/prescolaire\/catalogue-de-parents-pour-les-enfants-qui-veulent-en-changer\/","name":"Catalogue de parents pour les enfants qui veulent en changer - l&#039;\u00e9chapp\u00e9e close","isPartOf":{"@id":"https:\/\/lechappeeclose.it\/it\/#website"},"primaryImageOfPage":{"@id":"http:\/\/lechappeeclose.it\/it\/boutique\/livres\/jeunesse\/prescolaire\/catalogue-de-parents-pour-les-enfants-qui-veulent-en-changer\/#primaryimage"},"image":{"@id":"http:\/\/lechappeeclose.it\/it\/boutique\/livres\/jeunesse\/prescolaire\/catalogue-de-parents-pour-les-enfants-qui-veulent-en-changer\/#primaryimage"},"thumbnailUrl":"http:\/\/lechappeeclose.it\/wp-content\/uploads\/2025\/02\/Catalogue-de-parents-pour-les-enfants-qui-veulent-en-changer.jpeg","datePublished":"2025-02-19T10:48:43+00:00","dateModified":"2026-02-13T14:38:34+00:00","breadcrumb":{"@id":"http:\/\/lechappeeclose.it\/it\/boutique\/livres\/jeunesse\/prescolaire\/catalogue-de-parents-pour-les-enfants-qui-veulent-en-changer\/#breadcrumb"},"inLanguage":"it-IT","potentialAction":[{"@type":"ReadAction","target":["http:\/\/lechappeeclose.it\/it\/boutique\/livres\/jeunesse\/prescolaire\/catalogue-de-parents-pour-les-enfants-qui-veulent-en-changer\/"]}]},{"@type":"ImageObject","inLanguage":"it-IT","@id":"http:\/\/lechappeeclose.it\/it\/boutique\/livres\/jeunesse\/prescolaire\/catalogue-de-parents-pour-les-enfants-qui-veulent-en-changer\/#primaryimage","url":"http:\/\/lechappeeclose.it\/wp-content\/uploads\/2025\/02\/Catalogue-de-parents-pour-les-enfants-qui-veulent-en-changer.jpeg","contentUrl":"http:\/\/lechappeeclose.it\/wp-content\/uploads\/2025\/02\/Catalogue-de-parents-pour-les-enfants-qui-veulent-en-changer.jpeg","width":318,"height":444},{"@type":"BreadcrumbList","@id":"http:\/\/lechappeeclose.it\/it\/boutique\/livres\/jeunesse\/prescolaire\/catalogue-de-parents-pour-les-enfants-qui-veulent-en-changer\/#breadcrumb","itemListElement":[{"@type":"ListItem","position":1,"name":"Accueil","item":"https:\/\/lechappeeclose.it\/it\/"},{"@type":"ListItem","position":2,"name":"Boutique","item":"https:\/\/lechappeeclose.it\/it\/boutique\/"},{"@type":"ListItem","position":3,"name":"Catalogue de parents pour les enfants qui veulent en changer"}]},{"@type":"WebSite","@id":"https:\/\/lechappeeclose.it\/it\/#website","url":"https:\/\/lechappeeclose.it\/it\/","name":"l&#039;\u00e9chapp\u00e9e close","description":"La libreria francese di Milano","publisher":{"@id":"https:\/\/lechappeeclose.it\/it\/#organization"},"alternateName":"La librairie fran\u00e7aise de Milan","potentialAction":[{"@type":"SearchAction","target":{"@type":"EntryPoint","urlTemplate":"https:\/\/lechappeeclose.it\/it\/?s={search_term_string}"},"query-input":{"@type":"PropertyValueSpecification","valueRequired":true,"valueName":"search_term_string"}}],"inLanguage":"it-IT"},{"@type":"Organization","@id":"https:\/\/lechappeeclose.it\/it\/#organization","name":"l&#039;\u00e9chapp\u00e9e close","url":"https:\/\/lechappeeclose.it\/it\/","logo":{"@type":"ImageObject","inLanguage":"it-IT","@id":"https:\/\/lechappeeclose.it\/it\/#\/schema\/logo\/image\/","url":"http:\/\/lechappeeclose.it\/wp-content\/uploads\/2025\/02\/cropped-logo-rond.png","contentUrl":"http:\/\/lechappeeclose.it\/wp-content\/uploads\/2025\/02\/cropped-logo-rond.png","width":1080,"height":1080,"caption":"l&#039;\u00e9chapp\u00e9e close"},"image":{"@id":"https:\/\/lechappeeclose.it\/it\/#\/schema\/logo\/image\/"},"sameAs":["https:\/\/www.instagram.com\/lechappeeclose\/"]}]}},"_links":{"self":[{"href":"http:\/\/lechappeeclose.it\/it\/wp-json\/wp\/v2\/product\/9893","targetHints":{"allow":["GET"]}}],"collection":[{"href":"http:\/\/lechappeeclose.it\/it\/wp-json\/wp\/v2\/product"}],"about":[{"href":"http:\/\/lechappeeclose.it\/it\/wp-json\/wp\/v2\/types\/product"}],"replies":[{"embeddable":true,"href":"http:\/\/lechappeeclose.it\/it\/wp-json\/wp\/v2\/comments?post=9893"}],"wp:featuredmedia":[{"embeddable":true,"href":"http:\/\/lechappeeclose.it\/it\/wp-json\/wp\/v2\/media\/9892"}],"wp:attachment":[{"href":"http:\/\/lechappeeclose.it\/it\/wp-json\/wp\/v2\/media?parent=9893"}],"wp:term":[{"taxonomy":"product_brand","embeddable":true,"href":"http:\/\/lechappeeclose.it\/it\/wp-json\/wp\/v2\/product_brand?post=9893"},{"taxonomy":"product_cat","embeddable":true,"href":"http:\/\/lechappeeclose.it\/it\/wp-json\/wp\/v2\/product_cat?post=9893"},{"taxonomy":"product_tag","embeddable":true,"href":"http:\/\/lechappeeclose.it\/it\/wp-json\/wp\/v2\/product_tag?post=9893"}],"curies":[{"name":"wp","href":"https:\/\/api.w.org\/{rel}","templated":true}]}}