{"id":9657,"date":"2025-02-18T14:53:39","date_gmt":"2025-02-18T13:53:39","guid":{"rendered":"https:\/\/lechappeeclose.it\/produit\/milan-a-pied-curiosites-et-petites-decouvertes\/"},"modified":"2025-09-05T16:13:12","modified_gmt":"2025-09-05T14:13:12","slug":"milan-a-pied-curiosites-et-petites-decouvertes","status":"publish","type":"product","link":"http:\/\/lechappeeclose.it\/it\/boutique\/livres\/arts\/milan\/milan-a-pied-curiosites-et-petites-decouvertes\/","title":{"rendered":"Milan \u00e0 pied. Curiosit\u00e9s et petites d\u00e9couvertes"},"content":{"rendered":"<p>Milan est un grand Milan affirme une chanson populaire\u00a0: un v\u00e9ritable hymne \u00e0 la fiert\u00e9 de la ville, capitale de la mode et du design, m\u00e9tropole d&#8217;avant-garde qui ne s&#8217;arr\u00eate jamais et n&#8217;oublie jamais sa longue histoire. Ce volume raffin\u00e9, con\u00e7u et \u00e9crit par Sara Caulfield et illustr\u00e9 par les oeuvres \u00e9vocatrices de Nikita Kulikov, invite \u00e0 d\u00e9couvrir \u00e0 pied le meilleur de Milan, gr\u00e2ce \u00e0 des cartes pratiques en couleur avec des parcours et des itin\u00e9raires qui pr\u00e9sentent non seulement les monuments incontournables, mais aussi les tr\u00e9sors cach\u00e9s, les coins romantiques et les petits joyaux que seuls les habitants connaissent. Sortons des sentiers battus et aventurons-nous dans les rues \u00e9troites en qu\u00eate de perles uniques\u00a0: le meilleur risotto \u00e0 la milanaise, les boutiques immanquables, la ville de L\u00e9onard de Vinci, les march\u00e9s les plus anim\u00e9s&#8230; Parmi les merveilleux immeubles Art nouveau et autres beaut\u00e9s architecturales, vous vous prom\u00e8nerez dans Milan en suivant un itin\u00e9raire \u00e9tudi\u00e9, mais comme toujours lors des voyages les plus incroyables, il est aussi bon de se perdre et de suivre son instinct. Un guide vraiment sp\u00e9cial pour appr\u00e9cier Milan, une m\u00e9tropole unique avec une grande \u00e2me.<\/p>","protected":false},"excerpt":{"rendered":"<p>Milan est un grand Milan affirme une chanson populaire\u00a0: un v\u00e9ritable hymne \u00e0 la fiert\u00e9 de la ville, capitale de la mode et du design, m\u00e9tropole d&#8217;avant-garde qui ne s&#8217;arr\u00eate jamais et n&#8217;oublie jamais sa longue histoire. Ce volume raffin\u00e9, con\u00e7u et \u00e9crit par Sara Caulfield et illustr\u00e9 par les oeuvres \u00e9vocatrices de Nikita Kulikov, [&hellip;]<\/p>","protected":false},"featured_media":9656,"comment_status":"open","ping_status":"closed","template":"","meta":[],"product_brand":[],"product_cat":[43],"product_tag":[],"class_list":{"0":"post-9657","1":"product","2":"type-product","3":"status-publish","4":"has-post-thumbnail","6":"product_cat-milan","8":"first","9":"onbackorder","10":"taxable","11":"shipping-taxable","12":"purchasable","13":"product-type-simple"},"yoast_head":"<!-- This site is optimized with the Yoast SEO plugin v27.5 - https:\/\/yoast.com\/product\/yoast-seo-wordpress\/ -->\n<title>Milan \u00e0 pied. Curiosit\u00e9s et petites d\u00e9couvertes - l&#039;\u00e9chapp\u00e9e close<\/title>\n<meta name=\"robots\" content=\"index, follow, max-snippet:-1, max-image-preview:large, max-video-preview:-1\" \/>\n<link rel=\"canonical\" href=\"http:\/\/lechappeeclose.it\/it\/boutique\/livres\/arts\/milan\/milan-a-pied-curiosites-et-petites-decouvertes\/\" \/>\n<meta property=\"og:locale\" content=\"it_IT\" \/>\n<meta property=\"og:type\" content=\"article\" \/>\n<meta property=\"og:title\" content=\"Milan \u00e0 pied. Curiosit\u00e9s et petites d\u00e9couvertes - l&#039;\u00e9chapp\u00e9e close\" \/>\n<meta property=\"og:description\" content=\"Milan est un grand Milan affirme une chanson populaire\u00a0: un v\u00e9ritable hymne \u00e0 la fiert\u00e9 de la ville, capitale de la mode et du design, m\u00e9tropole d&#8217;avant-garde qui ne s&#8217;arr\u00eate jamais et n&#8217;oublie jamais sa longue histoire. Ce volume raffin\u00e9, con\u00e7u et \u00e9crit par Sara Caulfield et illustr\u00e9 par les oeuvres \u00e9vocatrices de Nikita Kulikov, [&hellip;]\" \/>\n<meta property=\"og:url\" content=\"http:\/\/lechappeeclose.it\/it\/boutique\/livres\/arts\/milan\/milan-a-pied-curiosites-et-petites-decouvertes\/\" \/>\n<meta property=\"og:site_name\" content=\"l&#039;\u00e9chapp\u00e9e close\" \/>\n<meta property=\"article:modified_time\" content=\"2025-09-05T14:13:12+00:00\" \/>\n<meta property=\"og:image\" content=\"http:\/\/lechappeeclose.it\/wp-content\/uploads\/2025\/02\/Milan-a-pied-Curiosites-et-petites-decouvertes.jpeg\" \/>\n\t<meta property=\"og:image:width\" content=\"500\" \/>\n\t<meta property=\"og:image:height\" content=\"704\" \/>\n\t<meta property=\"og:image:type\" content=\"image\/jpeg\" \/>\n<meta name=\"twitter:card\" content=\"summary_large_image\" \/>\n<meta name=\"twitter:label1\" content=\"Tempo di lettura stimato\" \/>\n\t<meta name=\"twitter:data1\" content=\"1 minuto\" \/>\n<script type=\"application\/ld+json\" class=\"yoast-schema-graph\">{\"@context\":\"https:\\\/\\\/schema.org\",\"@graph\":[{\"@type\":\"WebPage\",\"@id\":\"http:\\\/\\\/lechappeeclose.it\\\/it\\\/boutique\\\/livres\\\/arts\\\/milan\\\/milan-a-pied-curiosites-et-petites-decouvertes\\\/\",\"url\":\"http:\\\/\\\/lechappeeclose.it\\\/it\\\/boutique\\\/livres\\\/arts\\\/milan\\\/milan-a-pied-curiosites-et-petites-decouvertes\\\/\",\"name\":\"Milan \u00e0 pied. Curiosit\u00e9s et petites d\u00e9couvertes - l&#039;\u00e9chapp\u00e9e close\",\"isPartOf\":{\"@id\":\"http:\\\/\\\/lechappeeclose.it\\\/#website\"},\"primaryImageOfPage\":{\"@id\":\"http:\\\/\\\/lechappeeclose.it\\\/it\\\/boutique\\\/livres\\\/arts\\\/milan\\\/milan-a-pied-curiosites-et-petites-decouvertes\\\/#primaryimage\"},\"image\":{\"@id\":\"http:\\\/\\\/lechappeeclose.it\\\/it\\\/boutique\\\/livres\\\/arts\\\/milan\\\/milan-a-pied-curiosites-et-petites-decouvertes\\\/#primaryimage\"},\"thumbnailUrl\":\"http:\\\/\\\/lechappeeclose.it\\\/wp-content\\\/uploads\\\/2025\\\/02\\\/Milan-a-pied-Curiosites-et-petites-decouvertes.jpeg\",\"datePublished\":\"2025-02-18T13:53:39+00:00\",\"dateModified\":\"2025-09-05T14:13:12+00:00\",\"breadcrumb\":{\"@id\":\"http:\\\/\\\/lechappeeclose.it\\\/it\\\/boutique\\\/livres\\\/arts\\\/milan\\\/milan-a-pied-curiosites-et-petites-decouvertes\\\/#breadcrumb\"},\"inLanguage\":\"it-IT\",\"potentialAction\":[{\"@type\":\"ReadAction\",\"target\":[\"http:\\\/\\\/lechappeeclose.it\\\/it\\\/boutique\\\/livres\\\/arts\\\/milan\\\/milan-a-pied-curiosites-et-petites-decouvertes\\\/\"]}]},{\"@type\":\"ImageObject\",\"inLanguage\":\"it-IT\",\"@id\":\"http:\\\/\\\/lechappeeclose.it\\\/it\\\/boutique\\\/livres\\\/arts\\\/milan\\\/milan-a-pied-curiosites-et-petites-decouvertes\\\/#primaryimage\",\"url\":\"http:\\\/\\\/lechappeeclose.it\\\/wp-content\\\/uploads\\\/2025\\\/02\\\/Milan-a-pied-Curiosites-et-petites-decouvertes.jpeg\",\"contentUrl\":\"http:\\\/\\\/lechappeeclose.it\\\/wp-content\\\/uploads\\\/2025\\\/02\\\/Milan-a-pied-Curiosites-et-petites-decouvertes.jpeg\",\"width\":500,\"height\":704},{\"@type\":\"BreadcrumbList\",\"@id\":\"http:\\\/\\\/lechappeeclose.it\\\/it\\\/boutique\\\/livres\\\/arts\\\/milan\\\/milan-a-pied-curiosites-et-petites-decouvertes\\\/#breadcrumb\",\"itemListElement\":[{\"@type\":\"ListItem\",\"position\":1,\"name\":\"Accueil\",\"item\":\"http:\\\/\\\/lechappeeclose.it\\\/\"},{\"@type\":\"ListItem\",\"position\":2,\"name\":\"Boutique\",\"item\":\"http:\\\/\\\/lechappeeclose.it\\\/it\\\/boutique\\\/\"},{\"@type\":\"ListItem\",\"position\":3,\"name\":\"Milan \u00e0 pied. Curiosit\u00e9s et petites d\u00e9couvertes\"}]},{\"@type\":\"WebSite\",\"@id\":\"http:\\\/\\\/lechappeeclose.it\\\/#website\",\"url\":\"http:\\\/\\\/lechappeeclose.it\\\/\",\"name\":\"l&#039;\u00e9chapp\u00e9e close\",\"description\":\"la librairie fran\u00e7aise de Milan\",\"publisher\":{\"@id\":\"http:\\\/\\\/lechappeeclose.it\\\/#organization\"},\"alternateName\":\"La librairie fran\u00e7aise de Milan\",\"potentialAction\":[{\"@type\":\"SearchAction\",\"target\":{\"@type\":\"EntryPoint\",\"urlTemplate\":\"http:\\\/\\\/lechappeeclose.it\\\/?s={search_term_string}\"},\"query-input\":{\"@type\":\"PropertyValueSpecification\",\"valueRequired\":true,\"valueName\":\"search_term_string\"}}],\"inLanguage\":\"it-IT\"},{\"@type\":\"Organization\",\"@id\":\"http:\\\/\\\/lechappeeclose.it\\\/#organization\",\"name\":\"l&#039;\u00e9chapp\u00e9e close\",\"url\":\"http:\\\/\\\/lechappeeclose.it\\\/\",\"logo\":{\"@type\":\"ImageObject\",\"inLanguage\":\"it-IT\",\"@id\":\"http:\\\/\\\/lechappeeclose.it\\\/#\\\/schema\\\/logo\\\/image\\\/\",\"url\":\"http:\\\/\\\/lechappeeclose.it\\\/wp-content\\\/uploads\\\/2025\\\/02\\\/cropped-logo-rond.png\",\"contentUrl\":\"http:\\\/\\\/lechappeeclose.it\\\/wp-content\\\/uploads\\\/2025\\\/02\\\/cropped-logo-rond.png\",\"width\":1080,\"height\":1080,\"caption\":\"l&#039;\u00e9chapp\u00e9e close\"},\"image\":{\"@id\":\"http:\\\/\\\/lechappeeclose.it\\\/#\\\/schema\\\/logo\\\/image\\\/\"},\"sameAs\":[\"https:\\\/\\\/www.instagram.com\\\/lechappeeclose\\\/\"]}]}<\/script>\n<!-- \/ Yoast SEO plugin. -->","yoast_head_json":{"title":"Milan \u00e0 pied. Curiosit\u00e9s et petites d\u00e9couvertes - l&#039;\u00e9chapp\u00e9e close","robots":{"index":"index","follow":"follow","max-snippet":"max-snippet:-1","max-image-preview":"max-image-preview:large","max-video-preview":"max-video-preview:-1"},"canonical":"http:\/\/lechappeeclose.it\/it\/boutique\/livres\/arts\/milan\/milan-a-pied-curiosites-et-petites-decouvertes\/","og_locale":"it_IT","og_type":"article","og_title":"Milan \u00e0 pied. Curiosit\u00e9s et petites d\u00e9couvertes - l&#039;\u00e9chapp\u00e9e close","og_description":"Milan est un grand Milan affirme une chanson populaire\u00a0: un v\u00e9ritable hymne \u00e0 la fiert\u00e9 de la ville, capitale de la mode et du design, m\u00e9tropole d&#8217;avant-garde qui ne s&#8217;arr\u00eate jamais et n&#8217;oublie jamais sa longue histoire. Ce volume raffin\u00e9, con\u00e7u et \u00e9crit par Sara Caulfield et illustr\u00e9 par les oeuvres \u00e9vocatrices de Nikita Kulikov, [&hellip;]","og_url":"http:\/\/lechappeeclose.it\/it\/boutique\/livres\/arts\/milan\/milan-a-pied-curiosites-et-petites-decouvertes\/","og_site_name":"l&#039;\u00e9chapp\u00e9e close","article_modified_time":"2025-09-05T14:13:12+00:00","og_image":[{"width":500,"height":704,"url":"http:\/\/lechappeeclose.it\/wp-content\/uploads\/2025\/02\/Milan-a-pied-Curiosites-et-petites-decouvertes.jpeg","type":"image\/jpeg"}],"twitter_card":"summary_large_image","twitter_misc":{"Tempo di lettura stimato":"1 minuto"},"schema":{"@context":"https:\/\/schema.org","@graph":[{"@type":"WebPage","@id":"http:\/\/lechappeeclose.it\/it\/boutique\/livres\/arts\/milan\/milan-a-pied-curiosites-et-petites-decouvertes\/","url":"http:\/\/lechappeeclose.it\/it\/boutique\/livres\/arts\/milan\/milan-a-pied-curiosites-et-petites-decouvertes\/","name":"Milan \u00e0 pied. Curiosit\u00e9s et petites d\u00e9couvertes - l&#039;\u00e9chapp\u00e9e close","isPartOf":{"@id":"http:\/\/lechappeeclose.it\/#website"},"primaryImageOfPage":{"@id":"http:\/\/lechappeeclose.it\/it\/boutique\/livres\/arts\/milan\/milan-a-pied-curiosites-et-petites-decouvertes\/#primaryimage"},"image":{"@id":"http:\/\/lechappeeclose.it\/it\/boutique\/livres\/arts\/milan\/milan-a-pied-curiosites-et-petites-decouvertes\/#primaryimage"},"thumbnailUrl":"http:\/\/lechappeeclose.it\/wp-content\/uploads\/2025\/02\/Milan-a-pied-Curiosites-et-petites-decouvertes.jpeg","datePublished":"2025-02-18T13:53:39+00:00","dateModified":"2025-09-05T14:13:12+00:00","breadcrumb":{"@id":"http:\/\/lechappeeclose.it\/it\/boutique\/livres\/arts\/milan\/milan-a-pied-curiosites-et-petites-decouvertes\/#breadcrumb"},"inLanguage":"it-IT","potentialAction":[{"@type":"ReadAction","target":["http:\/\/lechappeeclose.it\/it\/boutique\/livres\/arts\/milan\/milan-a-pied-curiosites-et-petites-decouvertes\/"]}]},{"@type":"ImageObject","inLanguage":"it-IT","@id":"http:\/\/lechappeeclose.it\/it\/boutique\/livres\/arts\/milan\/milan-a-pied-curiosites-et-petites-decouvertes\/#primaryimage","url":"http:\/\/lechappeeclose.it\/wp-content\/uploads\/2025\/02\/Milan-a-pied-Curiosites-et-petites-decouvertes.jpeg","contentUrl":"http:\/\/lechappeeclose.it\/wp-content\/uploads\/2025\/02\/Milan-a-pied-Curiosites-et-petites-decouvertes.jpeg","width":500,"height":704},{"@type":"BreadcrumbList","@id":"http:\/\/lechappeeclose.it\/it\/boutique\/livres\/arts\/milan\/milan-a-pied-curiosites-et-petites-decouvertes\/#breadcrumb","itemListElement":[{"@type":"ListItem","position":1,"name":"Accueil","item":"http:\/\/lechappeeclose.it\/"},{"@type":"ListItem","position":2,"name":"Boutique","item":"http:\/\/lechappeeclose.it\/it\/boutique\/"},{"@type":"ListItem","position":3,"name":"Milan \u00e0 pied. Curiosit\u00e9s et petites d\u00e9couvertes"}]},{"@type":"WebSite","@id":"http:\/\/lechappeeclose.it\/#website","url":"http:\/\/lechappeeclose.it\/","name":"l&#039;\u00e9chapp\u00e9e close","description":"La libreria francese di Milano","publisher":{"@id":"http:\/\/lechappeeclose.it\/#organization"},"alternateName":"La librairie fran\u00e7aise de Milan","potentialAction":[{"@type":"SearchAction","target":{"@type":"EntryPoint","urlTemplate":"http:\/\/lechappeeclose.it\/?s={search_term_string}"},"query-input":{"@type":"PropertyValueSpecification","valueRequired":true,"valueName":"search_term_string"}}],"inLanguage":"it-IT"},{"@type":"Organization","@id":"http:\/\/lechappeeclose.it\/#organization","name":"l&#039;\u00e9chapp\u00e9e close","url":"http:\/\/lechappeeclose.it\/","logo":{"@type":"ImageObject","inLanguage":"it-IT","@id":"http:\/\/lechappeeclose.it\/#\/schema\/logo\/image\/","url":"http:\/\/lechappeeclose.it\/wp-content\/uploads\/2025\/02\/cropped-logo-rond.png","contentUrl":"http:\/\/lechappeeclose.it\/wp-content\/uploads\/2025\/02\/cropped-logo-rond.png","width":1080,"height":1080,"caption":"l&#039;\u00e9chapp\u00e9e close"},"image":{"@id":"http:\/\/lechappeeclose.it\/#\/schema\/logo\/image\/"},"sameAs":["https:\/\/www.instagram.com\/lechappeeclose\/"]}]}},"_links":{"self":[{"href":"http:\/\/lechappeeclose.it\/it\/wp-json\/wp\/v2\/product\/9657","targetHints":{"allow":["GET"]}}],"collection":[{"href":"http:\/\/lechappeeclose.it\/it\/wp-json\/wp\/v2\/product"}],"about":[{"href":"http:\/\/lechappeeclose.it\/it\/wp-json\/wp\/v2\/types\/product"}],"replies":[{"embeddable":true,"href":"http:\/\/lechappeeclose.it\/it\/wp-json\/wp\/v2\/comments?post=9657"}],"wp:featuredmedia":[{"embeddable":true,"href":"http:\/\/lechappeeclose.it\/it\/wp-json\/wp\/v2\/media\/9656"}],"wp:attachment":[{"href":"http:\/\/lechappeeclose.it\/it\/wp-json\/wp\/v2\/media?parent=9657"}],"wp:term":[{"taxonomy":"product_brand","embeddable":true,"href":"http:\/\/lechappeeclose.it\/it\/wp-json\/wp\/v2\/product_brand?post=9657"},{"taxonomy":"product_cat","embeddable":true,"href":"http:\/\/lechappeeclose.it\/it\/wp-json\/wp\/v2\/product_cat?post=9657"},{"taxonomy":"product_tag","embeddable":true,"href":"http:\/\/lechappeeclose.it\/it\/wp-json\/wp\/v2\/product_tag?post=9657"}],"curies":[{"name":"wp","href":"https:\/\/api.w.org\/{rel}","templated":true}]}}