{"id":9600,"date":"2025-02-18T13:17:43","date_gmt":"2025-02-18T12:17:43","guid":{"rendered":"https:\/\/lechappeeclose.it\/produit\/les-choses-precieuses\/"},"modified":"2026-02-13T12:23:53","modified_gmt":"2026-02-13T11:23:53","slug":"les-choses-precieuses","status":"publish","type":"product","link":"http:\/\/lechappeeclose.it\/it\/boutique\/livres\/jeunesse\/petite-enfance\/les-choses-precieuses\/","title":{"rendered":"Les choses pr\u00e9cieuses"},"content":{"rendered":"<p>Un magnifique hymne \u00e0 la nature. Parfois, quand Archibald se prom\u00e8ne dans les rues , il s&#8217;arr\u00eate devant les vitrines pour regarder des choses belles et ch\u00e8res et souvent il aimerait les acheter.Mais \u00e0 bien y r\u00e9fl\u00e9chir, Archibald se dit que ces objets, une fois qu&#8217;on les poss\u00e8de, finissent enferm\u00e9s dans des tiroirs, ou des armoires.Au contraire, il r\u00e9alise que le rossignol qui lui apprend \u00e0 chanter, le grand pommier qui lui offre un go\u00fbter, ou bien la lune qui reste allum\u00e9e toute la nuit pour le rassurer&#8230; ces choses-l\u00e0, elles, sont en libert\u00e9, elles ne lui appartiennent pas, elles ne sont ni rares ni ch\u00e8res et pourtant, quand Archibald y pense, il ne voit rien de plus pr\u00e9cieux au monde. <\/p>","protected":false},"excerpt":{"rendered":"<p>Un magnifique hymne \u00e0 la nature. Parfois, quand Archibald se prom\u00e8ne dans les rues , il s&#8217;arr\u00eate devant les vitrines pour regarder des choses belles et ch\u00e8res et souvent il aimerait les acheter.Mais \u00e0 bien y r\u00e9fl\u00e9chir, Archibald se dit que ces objets, une fois qu&#8217;on les poss\u00e8de, finissent enferm\u00e9s dans des tiroirs, ou des [&hellip;]<\/p>","protected":false},"featured_media":9599,"comment_status":"open","ping_status":"closed","template":"","meta":[],"product_brand":[],"product_cat":[51],"product_tag":[],"class_list":{"0":"post-9600","1":"product","2":"type-product","3":"status-publish","4":"has-post-thumbnail","6":"product_cat-petite-enfance","8":"first","9":"onbackorder","10":"taxable","11":"shipping-taxable","12":"purchasable","13":"product-type-simple"},"yoast_head":"<!-- This site is optimized with the Yoast SEO plugin v27.4 - https:\/\/yoast.com\/product\/yoast-seo-wordpress\/ -->\n<title>Les choses pr\u00e9cieuses - l&#039;\u00e9chapp\u00e9e close<\/title>\n<meta name=\"robots\" content=\"index, follow, max-snippet:-1, max-image-preview:large, max-video-preview:-1\" \/>\n<link rel=\"canonical\" href=\"http:\/\/lechappeeclose.it\/it\/boutique\/livres\/jeunesse\/petite-enfance\/les-choses-precieuses\/\" \/>\n<meta property=\"og:locale\" content=\"it_IT\" \/>\n<meta property=\"og:type\" content=\"article\" \/>\n<meta property=\"og:title\" content=\"Les choses pr\u00e9cieuses - l&#039;\u00e9chapp\u00e9e close\" \/>\n<meta property=\"og:description\" content=\"Un magnifique hymne \u00e0 la nature. Parfois, quand Archibald se prom\u00e8ne dans les rues , il s&#8217;arr\u00eate devant les vitrines pour regarder des choses belles et ch\u00e8res et souvent il aimerait les acheter.Mais \u00e0 bien y r\u00e9fl\u00e9chir, Archibald se dit que ces objets, une fois qu&#8217;on les poss\u00e8de, finissent enferm\u00e9s dans des tiroirs, ou des [&hellip;]\" \/>\n<meta property=\"og:url\" content=\"http:\/\/lechappeeclose.it\/it\/boutique\/livres\/jeunesse\/petite-enfance\/les-choses-precieuses\/\" \/>\n<meta property=\"og:site_name\" content=\"l&#039;\u00e9chapp\u00e9e close\" \/>\n<meta property=\"article:modified_time\" content=\"2026-02-13T11:23:53+00:00\" \/>\n<meta property=\"og:image\" content=\"http:\/\/lechappeeclose.it\/wp-content\/uploads\/2025\/02\/Les-choses-precieuses.jpg\" \/>\n\t<meta property=\"og:image:width\" content=\"467\" \/>\n\t<meta property=\"og:image:height\" content=\"549\" \/>\n\t<meta property=\"og:image:type\" content=\"image\/jpeg\" \/>\n<meta name=\"twitter:card\" content=\"summary_large_image\" \/>\n<meta name=\"twitter:label1\" content=\"Tempo di lettura stimato\" \/>\n\t<meta name=\"twitter:data1\" content=\"1 minuto\" \/>\n<script type=\"application\/ld+json\" class=\"yoast-schema-graph\">{\"@context\":\"https:\\\/\\\/schema.org\",\"@graph\":[{\"@type\":\"WebPage\",\"@id\":\"http:\\\/\\\/lechappeeclose.it\\\/boutique\\\/livres\\\/jeunesse\\\/petite-enfance\\\/les-choses-precieuses\\\/\",\"url\":\"http:\\\/\\\/lechappeeclose.it\\\/boutique\\\/livres\\\/jeunesse\\\/petite-enfance\\\/les-choses-precieuses\\\/\",\"name\":\"Les choses pr\u00e9cieuses - l&#039;\u00e9chapp\u00e9e close\",\"isPartOf\":{\"@id\":\"http:\\\/\\\/lechappeeclose.it\\\/#website\"},\"primaryImageOfPage\":{\"@id\":\"http:\\\/\\\/lechappeeclose.it\\\/boutique\\\/livres\\\/jeunesse\\\/petite-enfance\\\/les-choses-precieuses\\\/#primaryimage\"},\"image\":{\"@id\":\"http:\\\/\\\/lechappeeclose.it\\\/boutique\\\/livres\\\/jeunesse\\\/petite-enfance\\\/les-choses-precieuses\\\/#primaryimage\"},\"thumbnailUrl\":\"http:\\\/\\\/lechappeeclose.it\\\/wp-content\\\/uploads\\\/2025\\\/02\\\/Les-choses-precieuses.jpg\",\"datePublished\":\"2025-02-18T12:17:43+00:00\",\"dateModified\":\"2026-02-13T11:23:53+00:00\",\"breadcrumb\":{\"@id\":\"http:\\\/\\\/lechappeeclose.it\\\/boutique\\\/livres\\\/jeunesse\\\/petite-enfance\\\/les-choses-precieuses\\\/#breadcrumb\"},\"inLanguage\":\"it-IT\",\"potentialAction\":[{\"@type\":\"ReadAction\",\"target\":[\"http:\\\/\\\/lechappeeclose.it\\\/boutique\\\/livres\\\/jeunesse\\\/petite-enfance\\\/les-choses-precieuses\\\/\"]}]},{\"@type\":\"ImageObject\",\"inLanguage\":\"it-IT\",\"@id\":\"http:\\\/\\\/lechappeeclose.it\\\/boutique\\\/livres\\\/jeunesse\\\/petite-enfance\\\/les-choses-precieuses\\\/#primaryimage\",\"url\":\"http:\\\/\\\/lechappeeclose.it\\\/wp-content\\\/uploads\\\/2025\\\/02\\\/Les-choses-precieuses.jpg\",\"contentUrl\":\"http:\\\/\\\/lechappeeclose.it\\\/wp-content\\\/uploads\\\/2025\\\/02\\\/Les-choses-precieuses.jpg\",\"width\":467,\"height\":549},{\"@type\":\"BreadcrumbList\",\"@id\":\"http:\\\/\\\/lechappeeclose.it\\\/boutique\\\/livres\\\/jeunesse\\\/petite-enfance\\\/les-choses-precieuses\\\/#breadcrumb\",\"itemListElement\":[{\"@type\":\"ListItem\",\"position\":1,\"name\":\"Accueil\",\"item\":\"http:\\\/\\\/lechappeeclose.it\\\/\"},{\"@type\":\"ListItem\",\"position\":2,\"name\":\"Boutique\",\"item\":\"http:\\\/\\\/lechappeeclose.it\\\/it\\\/boutique\\\/\"},{\"@type\":\"ListItem\",\"position\":3,\"name\":\"Les choses pr\u00e9cieuses\"}]},{\"@type\":\"WebSite\",\"@id\":\"http:\\\/\\\/lechappeeclose.it\\\/#website\",\"url\":\"http:\\\/\\\/lechappeeclose.it\\\/\",\"name\":\"l&#039;\u00e9chapp\u00e9e close\",\"description\":\"la librairie fran\u00e7aise de Milan\",\"publisher\":{\"@id\":\"http:\\\/\\\/lechappeeclose.it\\\/#organization\"},\"alternateName\":\"La librairie fran\u00e7aise de Milan\",\"potentialAction\":[{\"@type\":\"SearchAction\",\"target\":{\"@type\":\"EntryPoint\",\"urlTemplate\":\"http:\\\/\\\/lechappeeclose.it\\\/?s={search_term_string}\"},\"query-input\":{\"@type\":\"PropertyValueSpecification\",\"valueRequired\":true,\"valueName\":\"search_term_string\"}}],\"inLanguage\":\"it-IT\"},{\"@type\":\"Organization\",\"@id\":\"http:\\\/\\\/lechappeeclose.it\\\/#organization\",\"name\":\"l&#039;\u00e9chapp\u00e9e close\",\"url\":\"http:\\\/\\\/lechappeeclose.it\\\/\",\"logo\":{\"@type\":\"ImageObject\",\"inLanguage\":\"it-IT\",\"@id\":\"http:\\\/\\\/lechappeeclose.it\\\/#\\\/schema\\\/logo\\\/image\\\/\",\"url\":\"http:\\\/\\\/lechappeeclose.it\\\/wp-content\\\/uploads\\\/2025\\\/02\\\/cropped-logo-rond.png\",\"contentUrl\":\"http:\\\/\\\/lechappeeclose.it\\\/wp-content\\\/uploads\\\/2025\\\/02\\\/cropped-logo-rond.png\",\"width\":1080,\"height\":1080,\"caption\":\"l&#039;\u00e9chapp\u00e9e close\"},\"image\":{\"@id\":\"http:\\\/\\\/lechappeeclose.it\\\/#\\\/schema\\\/logo\\\/image\\\/\"},\"sameAs\":[\"https:\\\/\\\/www.instagram.com\\\/lechappeeclose\\\/\"]}]}<\/script>\n<!-- \/ Yoast SEO plugin. -->","yoast_head_json":{"title":"Les choses pr\u00e9cieuses - l&#039;\u00e9chapp\u00e9e close","robots":{"index":"index","follow":"follow","max-snippet":"max-snippet:-1","max-image-preview":"max-image-preview:large","max-video-preview":"max-video-preview:-1"},"canonical":"http:\/\/lechappeeclose.it\/it\/boutique\/livres\/jeunesse\/petite-enfance\/les-choses-precieuses\/","og_locale":"it_IT","og_type":"article","og_title":"Les choses pr\u00e9cieuses - l&#039;\u00e9chapp\u00e9e close","og_description":"Un magnifique hymne \u00e0 la nature. Parfois, quand Archibald se prom\u00e8ne dans les rues , il s&#8217;arr\u00eate devant les vitrines pour regarder des choses belles et ch\u00e8res et souvent il aimerait les acheter.Mais \u00e0 bien y r\u00e9fl\u00e9chir, Archibald se dit que ces objets, une fois qu&#8217;on les poss\u00e8de, finissent enferm\u00e9s dans des tiroirs, ou des [&hellip;]","og_url":"http:\/\/lechappeeclose.it\/it\/boutique\/livres\/jeunesse\/petite-enfance\/les-choses-precieuses\/","og_site_name":"l&#039;\u00e9chapp\u00e9e close","article_modified_time":"2026-02-13T11:23:53+00:00","og_image":[{"width":467,"height":549,"url":"http:\/\/lechappeeclose.it\/wp-content\/uploads\/2025\/02\/Les-choses-precieuses.jpg","type":"image\/jpeg"}],"twitter_card":"summary_large_image","twitter_misc":{"Tempo di lettura stimato":"1 minuto"},"schema":{"@context":"https:\/\/schema.org","@graph":[{"@type":"WebPage","@id":"http:\/\/lechappeeclose.it\/boutique\/livres\/jeunesse\/petite-enfance\/les-choses-precieuses\/","url":"http:\/\/lechappeeclose.it\/boutique\/livres\/jeunesse\/petite-enfance\/les-choses-precieuses\/","name":"Les choses pr\u00e9cieuses - l&#039;\u00e9chapp\u00e9e close","isPartOf":{"@id":"http:\/\/lechappeeclose.it\/#website"},"primaryImageOfPage":{"@id":"http:\/\/lechappeeclose.it\/boutique\/livres\/jeunesse\/petite-enfance\/les-choses-precieuses\/#primaryimage"},"image":{"@id":"http:\/\/lechappeeclose.it\/boutique\/livres\/jeunesse\/petite-enfance\/les-choses-precieuses\/#primaryimage"},"thumbnailUrl":"http:\/\/lechappeeclose.it\/wp-content\/uploads\/2025\/02\/Les-choses-precieuses.jpg","datePublished":"2025-02-18T12:17:43+00:00","dateModified":"2026-02-13T11:23:53+00:00","breadcrumb":{"@id":"http:\/\/lechappeeclose.it\/boutique\/livres\/jeunesse\/petite-enfance\/les-choses-precieuses\/#breadcrumb"},"inLanguage":"it-IT","potentialAction":[{"@type":"ReadAction","target":["http:\/\/lechappeeclose.it\/boutique\/livres\/jeunesse\/petite-enfance\/les-choses-precieuses\/"]}]},{"@type":"ImageObject","inLanguage":"it-IT","@id":"http:\/\/lechappeeclose.it\/boutique\/livres\/jeunesse\/petite-enfance\/les-choses-precieuses\/#primaryimage","url":"http:\/\/lechappeeclose.it\/wp-content\/uploads\/2025\/02\/Les-choses-precieuses.jpg","contentUrl":"http:\/\/lechappeeclose.it\/wp-content\/uploads\/2025\/02\/Les-choses-precieuses.jpg","width":467,"height":549},{"@type":"BreadcrumbList","@id":"http:\/\/lechappeeclose.it\/boutique\/livres\/jeunesse\/petite-enfance\/les-choses-precieuses\/#breadcrumb","itemListElement":[{"@type":"ListItem","position":1,"name":"Accueil","item":"http:\/\/lechappeeclose.it\/"},{"@type":"ListItem","position":2,"name":"Boutique","item":"http:\/\/lechappeeclose.it\/it\/boutique\/"},{"@type":"ListItem","position":3,"name":"Les choses pr\u00e9cieuses"}]},{"@type":"WebSite","@id":"http:\/\/lechappeeclose.it\/#website","url":"http:\/\/lechappeeclose.it\/","name":"l&#039;\u00e9chapp\u00e9e close","description":"La libreria francese di Milano","publisher":{"@id":"http:\/\/lechappeeclose.it\/#organization"},"alternateName":"La librairie fran\u00e7aise de Milan","potentialAction":[{"@type":"SearchAction","target":{"@type":"EntryPoint","urlTemplate":"http:\/\/lechappeeclose.it\/?s={search_term_string}"},"query-input":{"@type":"PropertyValueSpecification","valueRequired":true,"valueName":"search_term_string"}}],"inLanguage":"it-IT"},{"@type":"Organization","@id":"http:\/\/lechappeeclose.it\/#organization","name":"l&#039;\u00e9chapp\u00e9e close","url":"http:\/\/lechappeeclose.it\/","logo":{"@type":"ImageObject","inLanguage":"it-IT","@id":"http:\/\/lechappeeclose.it\/#\/schema\/logo\/image\/","url":"http:\/\/lechappeeclose.it\/wp-content\/uploads\/2025\/02\/cropped-logo-rond.png","contentUrl":"http:\/\/lechappeeclose.it\/wp-content\/uploads\/2025\/02\/cropped-logo-rond.png","width":1080,"height":1080,"caption":"l&#039;\u00e9chapp\u00e9e close"},"image":{"@id":"http:\/\/lechappeeclose.it\/#\/schema\/logo\/image\/"},"sameAs":["https:\/\/www.instagram.com\/lechappeeclose\/"]}]}},"_links":{"self":[{"href":"http:\/\/lechappeeclose.it\/it\/wp-json\/wp\/v2\/product\/9600","targetHints":{"allow":["GET"]}}],"collection":[{"href":"http:\/\/lechappeeclose.it\/it\/wp-json\/wp\/v2\/product"}],"about":[{"href":"http:\/\/lechappeeclose.it\/it\/wp-json\/wp\/v2\/types\/product"}],"replies":[{"embeddable":true,"href":"http:\/\/lechappeeclose.it\/it\/wp-json\/wp\/v2\/comments?post=9600"}],"wp:featuredmedia":[{"embeddable":true,"href":"http:\/\/lechappeeclose.it\/it\/wp-json\/wp\/v2\/media\/9599"}],"wp:attachment":[{"href":"http:\/\/lechappeeclose.it\/it\/wp-json\/wp\/v2\/media?parent=9600"}],"wp:term":[{"taxonomy":"product_brand","embeddable":true,"href":"http:\/\/lechappeeclose.it\/it\/wp-json\/wp\/v2\/product_brand?post=9600"},{"taxonomy":"product_cat","embeddable":true,"href":"http:\/\/lechappeeclose.it\/it\/wp-json\/wp\/v2\/product_cat?post=9600"},{"taxonomy":"product_tag","embeddable":true,"href":"http:\/\/lechappeeclose.it\/it\/wp-json\/wp\/v2\/product_tag?post=9600"}],"curies":[{"name":"wp","href":"https:\/\/api.w.org\/{rel}","templated":true}]}}