{"id":9228,"date":"2025-02-15T16:22:25","date_gmt":"2025-02-15T15:22:25","guid":{"rendered":"https:\/\/lechappeeclose.it\/produit\/nouvel-atlas-de-poche-des-champignons-comestibles-et-veneneux\/"},"modified":"2026-01-16T16:45:25","modified_gmt":"2026-01-16T15:45:25","slug":"nouvel-atlas-de-poche-des-champignons-comestibles-et-veneneux","status":"publish","type":"product","link":"http:\/\/lechappeeclose.it\/it\/boutique\/livres\/arts\/beaux-arts\/nouvel-atlas-de-poche-des-champignons-comestibles-et-veneneux\/","title":{"rendered":"Nouvel atlas de poche des champignons comestibles et v\u00e9n\u00e9neux"},"content":{"rendered":"<p>Cet ouvrage de 1909 ici r\u00e9imprim\u00e9 en fac-simil\u00e9 nous invite \u00e0 admirer 64 planches colori\u00e9es \u00e0 l&#8217;\u00e9poque en chromolithographie, proc\u00e9d\u00e9 d&#8217;impression qui requ\u00e9rait pas moins de cinq passages sur les presses et aujourd&#8217;hui disparu. Elles repr\u00e9sentent 66 esp\u00e8ces de champignons et sont accompagn\u00e9es d&#8217;indications sur les principaux lieux o\u00f9 trouver le champignon, sa valeur alimentaire&#8230; r\u00e9dig\u00e9es par un sp\u00e9cialiste de son temps, Paul Dum\u00e9e. La classification scientifique est suivie de notions g\u00e9n\u00e9rales et de conseils sur les champignons, leur composition chimique, leur valeur alimentaire et les recettes culinaires envisageables, leur p\u00e9riode et lieux de r\u00e9colte, ainsi que des conseils sur le traitement des empoisonnements et sur leur culture. Cet ouvrage tr\u00e8s pr\u00e9cis et d&#8217;une rare beaut\u00e9 ravira les amateurs et les curieux, tout en restant pour eux un manuel utile \u00e0 la bonne connaissance des champignons.<\/p>","protected":false},"excerpt":{"rendered":"<p>Cet ouvrage de 1909 ici r\u00e9imprim\u00e9 en fac-simil\u00e9 nous invite \u00e0 admirer 64 planches colori\u00e9es \u00e0 l&#8217;\u00e9poque en chromolithographie, proc\u00e9d\u00e9 d&#8217;impression qui requ\u00e9rait pas moins de cinq passages sur les presses et aujourd&#8217;hui disparu. Elles repr\u00e9sentent 66 esp\u00e8ces de champignons et sont accompagn\u00e9es d&#8217;indications sur les principaux lieux o\u00f9 trouver le champignon, sa valeur alimentaire&#8230; [&hellip;]<\/p>","protected":false},"featured_media":9227,"comment_status":"open","ping_status":"closed","template":"","meta":[],"product_brand":[],"product_cat":[41],"product_tag":[],"class_list":{"0":"post-9228","1":"product","2":"type-product","3":"status-publish","4":"has-post-thumbnail","6":"product_cat-beaux-arts","8":"first","9":"onbackorder","10":"taxable","11":"shipping-taxable","12":"purchasable","13":"product-type-simple"},"yoast_head":"<!-- This site is optimized with the Yoast SEO plugin v27.4 - https:\/\/yoast.com\/product\/yoast-seo-wordpress\/ -->\n<title>Nouvel atlas de poche des champignons comestibles et v\u00e9n\u00e9neux - l&#039;\u00e9chapp\u00e9e close<\/title>\n<meta name=\"robots\" content=\"index, follow, max-snippet:-1, max-image-preview:large, max-video-preview:-1\" \/>\n<link rel=\"canonical\" href=\"http:\/\/lechappeeclose.it\/it\/boutique\/livres\/arts\/beaux-arts\/nouvel-atlas-de-poche-des-champignons-comestibles-et-veneneux\/\" \/>\n<meta property=\"og:locale\" content=\"it_IT\" \/>\n<meta property=\"og:type\" content=\"article\" \/>\n<meta property=\"og:title\" content=\"Nouvel atlas de poche des champignons comestibles et v\u00e9n\u00e9neux - l&#039;\u00e9chapp\u00e9e close\" \/>\n<meta property=\"og:description\" content=\"Cet ouvrage de 1909 ici r\u00e9imprim\u00e9 en fac-simil\u00e9 nous invite \u00e0 admirer 64 planches colori\u00e9es \u00e0 l&#8217;\u00e9poque en chromolithographie, proc\u00e9d\u00e9 d&#8217;impression qui requ\u00e9rait pas moins de cinq passages sur les presses et aujourd&#8217;hui disparu. Elles repr\u00e9sentent 66 esp\u00e8ces de champignons et sont accompagn\u00e9es d&#8217;indications sur les principaux lieux o\u00f9 trouver le champignon, sa valeur alimentaire&#8230; [&hellip;]\" \/>\n<meta property=\"og:url\" content=\"http:\/\/lechappeeclose.it\/it\/boutique\/livres\/arts\/beaux-arts\/nouvel-atlas-de-poche-des-champignons-comestibles-et-veneneux\/\" \/>\n<meta property=\"og:site_name\" content=\"l&#039;\u00e9chapp\u00e9e close\" \/>\n<meta property=\"article:modified_time\" content=\"2026-01-16T15:45:25+00:00\" \/>\n<meta property=\"og:image\" content=\"http:\/\/lechappeeclose.it\/wp-content\/uploads\/2025\/02\/Nouvel-atlas-de-poche-des-champignons-comestibles-et-veneneux.jpg\" \/>\n\t<meta property=\"og:image:width\" content=\"343\" \/>\n\t<meta property=\"og:image:height\" content=\"500\" \/>\n\t<meta property=\"og:image:type\" content=\"image\/jpeg\" \/>\n<meta name=\"twitter:card\" content=\"summary_large_image\" \/>\n<meta name=\"twitter:label1\" content=\"Tempo di lettura stimato\" \/>\n\t<meta name=\"twitter:data1\" content=\"1 minuto\" \/>\n<script type=\"application\/ld+json\" class=\"yoast-schema-graph\">{\"@context\":\"https:\\\/\\\/schema.org\",\"@graph\":[{\"@type\":\"WebPage\",\"@id\":\"http:\\\/\\\/lechappeeclose.it\\\/boutique\\\/livres\\\/arts\\\/beaux-arts\\\/nouvel-atlas-de-poche-des-champignons-comestibles-et-veneneux\\\/\",\"url\":\"http:\\\/\\\/lechappeeclose.it\\\/boutique\\\/livres\\\/arts\\\/beaux-arts\\\/nouvel-atlas-de-poche-des-champignons-comestibles-et-veneneux\\\/\",\"name\":\"Nouvel atlas de poche des champignons comestibles et v\u00e9n\u00e9neux - l&#039;\u00e9chapp\u00e9e close\",\"isPartOf\":{\"@id\":\"http:\\\/\\\/lechappeeclose.it\\\/#website\"},\"primaryImageOfPage\":{\"@id\":\"http:\\\/\\\/lechappeeclose.it\\\/boutique\\\/livres\\\/arts\\\/beaux-arts\\\/nouvel-atlas-de-poche-des-champignons-comestibles-et-veneneux\\\/#primaryimage\"},\"image\":{\"@id\":\"http:\\\/\\\/lechappeeclose.it\\\/boutique\\\/livres\\\/arts\\\/beaux-arts\\\/nouvel-atlas-de-poche-des-champignons-comestibles-et-veneneux\\\/#primaryimage\"},\"thumbnailUrl\":\"http:\\\/\\\/lechappeeclose.it\\\/wp-content\\\/uploads\\\/2025\\\/02\\\/Nouvel-atlas-de-poche-des-champignons-comestibles-et-veneneux.jpg\",\"datePublished\":\"2025-02-15T15:22:25+00:00\",\"dateModified\":\"2026-01-16T15:45:25+00:00\",\"breadcrumb\":{\"@id\":\"http:\\\/\\\/lechappeeclose.it\\\/boutique\\\/livres\\\/arts\\\/beaux-arts\\\/nouvel-atlas-de-poche-des-champignons-comestibles-et-veneneux\\\/#breadcrumb\"},\"inLanguage\":\"it-IT\",\"potentialAction\":[{\"@type\":\"ReadAction\",\"target\":[\"http:\\\/\\\/lechappeeclose.it\\\/boutique\\\/livres\\\/arts\\\/beaux-arts\\\/nouvel-atlas-de-poche-des-champignons-comestibles-et-veneneux\\\/\"]}]},{\"@type\":\"ImageObject\",\"inLanguage\":\"it-IT\",\"@id\":\"http:\\\/\\\/lechappeeclose.it\\\/boutique\\\/livres\\\/arts\\\/beaux-arts\\\/nouvel-atlas-de-poche-des-champignons-comestibles-et-veneneux\\\/#primaryimage\",\"url\":\"http:\\\/\\\/lechappeeclose.it\\\/wp-content\\\/uploads\\\/2025\\\/02\\\/Nouvel-atlas-de-poche-des-champignons-comestibles-et-veneneux.jpg\",\"contentUrl\":\"http:\\\/\\\/lechappeeclose.it\\\/wp-content\\\/uploads\\\/2025\\\/02\\\/Nouvel-atlas-de-poche-des-champignons-comestibles-et-veneneux.jpg\",\"width\":343,\"height\":500},{\"@type\":\"BreadcrumbList\",\"@id\":\"http:\\\/\\\/lechappeeclose.it\\\/boutique\\\/livres\\\/arts\\\/beaux-arts\\\/nouvel-atlas-de-poche-des-champignons-comestibles-et-veneneux\\\/#breadcrumb\",\"itemListElement\":[{\"@type\":\"ListItem\",\"position\":1,\"name\":\"Accueil\",\"item\":\"http:\\\/\\\/lechappeeclose.it\\\/\"},{\"@type\":\"ListItem\",\"position\":2,\"name\":\"Boutique\",\"item\":\"http:\\\/\\\/lechappeeclose.it\\\/it\\\/boutique\\\/\"},{\"@type\":\"ListItem\",\"position\":3,\"name\":\"Nouvel atlas de poche des champignons comestibles et v\u00e9n\u00e9neux\"}]},{\"@type\":\"WebSite\",\"@id\":\"http:\\\/\\\/lechappeeclose.it\\\/#website\",\"url\":\"http:\\\/\\\/lechappeeclose.it\\\/\",\"name\":\"l&#039;\u00e9chapp\u00e9e close\",\"description\":\"la librairie fran\u00e7aise de Milan\",\"publisher\":{\"@id\":\"http:\\\/\\\/lechappeeclose.it\\\/#organization\"},\"alternateName\":\"La librairie fran\u00e7aise de Milan\",\"potentialAction\":[{\"@type\":\"SearchAction\",\"target\":{\"@type\":\"EntryPoint\",\"urlTemplate\":\"http:\\\/\\\/lechappeeclose.it\\\/?s={search_term_string}\"},\"query-input\":{\"@type\":\"PropertyValueSpecification\",\"valueRequired\":true,\"valueName\":\"search_term_string\"}}],\"inLanguage\":\"it-IT\"},{\"@type\":\"Organization\",\"@id\":\"http:\\\/\\\/lechappeeclose.it\\\/#organization\",\"name\":\"l&#039;\u00e9chapp\u00e9e close\",\"url\":\"http:\\\/\\\/lechappeeclose.it\\\/\",\"logo\":{\"@type\":\"ImageObject\",\"inLanguage\":\"it-IT\",\"@id\":\"http:\\\/\\\/lechappeeclose.it\\\/#\\\/schema\\\/logo\\\/image\\\/\",\"url\":\"http:\\\/\\\/lechappeeclose.it\\\/wp-content\\\/uploads\\\/2025\\\/02\\\/cropped-logo-rond.png\",\"contentUrl\":\"http:\\\/\\\/lechappeeclose.it\\\/wp-content\\\/uploads\\\/2025\\\/02\\\/cropped-logo-rond.png\",\"width\":1080,\"height\":1080,\"caption\":\"l&#039;\u00e9chapp\u00e9e close\"},\"image\":{\"@id\":\"http:\\\/\\\/lechappeeclose.it\\\/#\\\/schema\\\/logo\\\/image\\\/\"},\"sameAs\":[\"https:\\\/\\\/www.instagram.com\\\/lechappeeclose\\\/\"]}]}<\/script>\n<!-- \/ Yoast SEO plugin. -->","yoast_head_json":{"title":"Nouvel atlas de poche des champignons comestibles et v\u00e9n\u00e9neux - l&#039;\u00e9chapp\u00e9e close","robots":{"index":"index","follow":"follow","max-snippet":"max-snippet:-1","max-image-preview":"max-image-preview:large","max-video-preview":"max-video-preview:-1"},"canonical":"http:\/\/lechappeeclose.it\/it\/boutique\/livres\/arts\/beaux-arts\/nouvel-atlas-de-poche-des-champignons-comestibles-et-veneneux\/","og_locale":"it_IT","og_type":"article","og_title":"Nouvel atlas de poche des champignons comestibles et v\u00e9n\u00e9neux - l&#039;\u00e9chapp\u00e9e close","og_description":"Cet ouvrage de 1909 ici r\u00e9imprim\u00e9 en fac-simil\u00e9 nous invite \u00e0 admirer 64 planches colori\u00e9es \u00e0 l&#8217;\u00e9poque en chromolithographie, proc\u00e9d\u00e9 d&#8217;impression qui requ\u00e9rait pas moins de cinq passages sur les presses et aujourd&#8217;hui disparu. Elles repr\u00e9sentent 66 esp\u00e8ces de champignons et sont accompagn\u00e9es d&#8217;indications sur les principaux lieux o\u00f9 trouver le champignon, sa valeur alimentaire&#8230; [&hellip;]","og_url":"http:\/\/lechappeeclose.it\/it\/boutique\/livres\/arts\/beaux-arts\/nouvel-atlas-de-poche-des-champignons-comestibles-et-veneneux\/","og_site_name":"l&#039;\u00e9chapp\u00e9e close","article_modified_time":"2026-01-16T15:45:25+00:00","og_image":[{"width":343,"height":500,"url":"http:\/\/lechappeeclose.it\/wp-content\/uploads\/2025\/02\/Nouvel-atlas-de-poche-des-champignons-comestibles-et-veneneux.jpg","type":"image\/jpeg"}],"twitter_card":"summary_large_image","twitter_misc":{"Tempo di lettura stimato":"1 minuto"},"schema":{"@context":"https:\/\/schema.org","@graph":[{"@type":"WebPage","@id":"http:\/\/lechappeeclose.it\/boutique\/livres\/arts\/beaux-arts\/nouvel-atlas-de-poche-des-champignons-comestibles-et-veneneux\/","url":"http:\/\/lechappeeclose.it\/boutique\/livres\/arts\/beaux-arts\/nouvel-atlas-de-poche-des-champignons-comestibles-et-veneneux\/","name":"Nouvel atlas de poche des champignons comestibles et v\u00e9n\u00e9neux - l&#039;\u00e9chapp\u00e9e close","isPartOf":{"@id":"http:\/\/lechappeeclose.it\/#website"},"primaryImageOfPage":{"@id":"http:\/\/lechappeeclose.it\/boutique\/livres\/arts\/beaux-arts\/nouvel-atlas-de-poche-des-champignons-comestibles-et-veneneux\/#primaryimage"},"image":{"@id":"http:\/\/lechappeeclose.it\/boutique\/livres\/arts\/beaux-arts\/nouvel-atlas-de-poche-des-champignons-comestibles-et-veneneux\/#primaryimage"},"thumbnailUrl":"http:\/\/lechappeeclose.it\/wp-content\/uploads\/2025\/02\/Nouvel-atlas-de-poche-des-champignons-comestibles-et-veneneux.jpg","datePublished":"2025-02-15T15:22:25+00:00","dateModified":"2026-01-16T15:45:25+00:00","breadcrumb":{"@id":"http:\/\/lechappeeclose.it\/boutique\/livres\/arts\/beaux-arts\/nouvel-atlas-de-poche-des-champignons-comestibles-et-veneneux\/#breadcrumb"},"inLanguage":"it-IT","potentialAction":[{"@type":"ReadAction","target":["http:\/\/lechappeeclose.it\/boutique\/livres\/arts\/beaux-arts\/nouvel-atlas-de-poche-des-champignons-comestibles-et-veneneux\/"]}]},{"@type":"ImageObject","inLanguage":"it-IT","@id":"http:\/\/lechappeeclose.it\/boutique\/livres\/arts\/beaux-arts\/nouvel-atlas-de-poche-des-champignons-comestibles-et-veneneux\/#primaryimage","url":"http:\/\/lechappeeclose.it\/wp-content\/uploads\/2025\/02\/Nouvel-atlas-de-poche-des-champignons-comestibles-et-veneneux.jpg","contentUrl":"http:\/\/lechappeeclose.it\/wp-content\/uploads\/2025\/02\/Nouvel-atlas-de-poche-des-champignons-comestibles-et-veneneux.jpg","width":343,"height":500},{"@type":"BreadcrumbList","@id":"http:\/\/lechappeeclose.it\/boutique\/livres\/arts\/beaux-arts\/nouvel-atlas-de-poche-des-champignons-comestibles-et-veneneux\/#breadcrumb","itemListElement":[{"@type":"ListItem","position":1,"name":"Accueil","item":"http:\/\/lechappeeclose.it\/"},{"@type":"ListItem","position":2,"name":"Boutique","item":"http:\/\/lechappeeclose.it\/it\/boutique\/"},{"@type":"ListItem","position":3,"name":"Nouvel atlas de poche des champignons comestibles et v\u00e9n\u00e9neux"}]},{"@type":"WebSite","@id":"http:\/\/lechappeeclose.it\/#website","url":"http:\/\/lechappeeclose.it\/","name":"l&#039;\u00e9chapp\u00e9e close","description":"La libreria francese di Milano","publisher":{"@id":"http:\/\/lechappeeclose.it\/#organization"},"alternateName":"La librairie fran\u00e7aise de Milan","potentialAction":[{"@type":"SearchAction","target":{"@type":"EntryPoint","urlTemplate":"http:\/\/lechappeeclose.it\/?s={search_term_string}"},"query-input":{"@type":"PropertyValueSpecification","valueRequired":true,"valueName":"search_term_string"}}],"inLanguage":"it-IT"},{"@type":"Organization","@id":"http:\/\/lechappeeclose.it\/#organization","name":"l&#039;\u00e9chapp\u00e9e close","url":"http:\/\/lechappeeclose.it\/","logo":{"@type":"ImageObject","inLanguage":"it-IT","@id":"http:\/\/lechappeeclose.it\/#\/schema\/logo\/image\/","url":"http:\/\/lechappeeclose.it\/wp-content\/uploads\/2025\/02\/cropped-logo-rond.png","contentUrl":"http:\/\/lechappeeclose.it\/wp-content\/uploads\/2025\/02\/cropped-logo-rond.png","width":1080,"height":1080,"caption":"l&#039;\u00e9chapp\u00e9e close"},"image":{"@id":"http:\/\/lechappeeclose.it\/#\/schema\/logo\/image\/"},"sameAs":["https:\/\/www.instagram.com\/lechappeeclose\/"]}]}},"_links":{"self":[{"href":"http:\/\/lechappeeclose.it\/it\/wp-json\/wp\/v2\/product\/9228","targetHints":{"allow":["GET"]}}],"collection":[{"href":"http:\/\/lechappeeclose.it\/it\/wp-json\/wp\/v2\/product"}],"about":[{"href":"http:\/\/lechappeeclose.it\/it\/wp-json\/wp\/v2\/types\/product"}],"replies":[{"embeddable":true,"href":"http:\/\/lechappeeclose.it\/it\/wp-json\/wp\/v2\/comments?post=9228"}],"wp:featuredmedia":[{"embeddable":true,"href":"http:\/\/lechappeeclose.it\/it\/wp-json\/wp\/v2\/media\/9227"}],"wp:attachment":[{"href":"http:\/\/lechappeeclose.it\/it\/wp-json\/wp\/v2\/media?parent=9228"}],"wp:term":[{"taxonomy":"product_brand","embeddable":true,"href":"http:\/\/lechappeeclose.it\/it\/wp-json\/wp\/v2\/product_brand?post=9228"},{"taxonomy":"product_cat","embeddable":true,"href":"http:\/\/lechappeeclose.it\/it\/wp-json\/wp\/v2\/product_cat?post=9228"},{"taxonomy":"product_tag","embeddable":true,"href":"http:\/\/lechappeeclose.it\/it\/wp-json\/wp\/v2\/product_tag?post=9228"}],"curies":[{"name":"wp","href":"https:\/\/api.w.org\/{rel}","templated":true}]}}