{"id":8935,"date":"2025-02-14T14:29:29","date_gmt":"2025-02-14T13:29:29","guid":{"rendered":"https:\/\/lechappeeclose.it\/produit\/manifestante\/"},"modified":"2025-02-14T14:29:29","modified_gmt":"2025-02-14T13:29:29","slug":"manifestante","status":"publish","type":"product","link":"http:\/\/lechappeeclose.it\/it\/boutique\/livres\/roman-graphique-bd\/histoire-et-societe\/manifestante\/","title":{"rendered":"Manifestante"},"content":{"rendered":"<p>Anna a 29 ans. Elle cherche du travail et sous-loue un appartement en colocation \u00e0 Paris, aime aller au mus\u00e9e, au cin\u00e9ma et prendre des bi\u00e8res en terrasse avec ses amis. Tous les dimanches, elle rend visite \u00e0 sa grand-m\u00e8re, en Ephad, \u00e0 qui elle se confie, et qu&#8217;elle \u00e9coute. Sa vie se d\u00e9roule ainsi, sans trop se pr\u00e9occuper du bruit du monde. Le hasard la fait un jour croiser un cort\u00e8ge. Curieuse, elle l&#8217;int\u00e8gre. Cette premi\u00e8re exp\u00e9rience la fait r\u00e9fl\u00e9chir et en am\u00e8ne une autre. Elle croise dans cette manifestation Le\u00efla, une amie d&#8217;enfance qu&#8217;elle avait perdue de vue. Le\u00efla lui avoue s&#8217;\u00eatre \u00e9loign\u00e9e de leur bande d&#8217;amis qui ne s&#8217;engagent sur rien et ne pensent qu&#8217;\u00e0 leur petit confort. La manifestation d\u00e9g\u00e9n\u00e8re quand la police charge apr\u00e8s avoir lanc\u00e9 des grenades lacrymog\u00e8nes. Elles en \u00e9chappent de peu. Pour Anna, c&#8217;est l&#8217;\u00e9preuve du feu. Mais bient\u00f4t Le\u00efla va lui pr\u00e9senter d&#8217;autres manifestantes qui vont l&#8217;entra\u00eener encore un peu plus loin dans la contestation. Comment en vient-on \u00e0 passer le pas, et \u00e0 sortir dans la rue pour exprimer sa r\u00e9volte ? \u00c0 une \u00e9poque o\u00f9 les raisons de contestation sont multiples &#8211; \u00e9cologie, f\u00e9minisme, antiracisme, anticapitalisme et justice sociale, droits des migrants, droits LGBT, violences polici\u00e8res &#8211; quels peuvent \u00eatre les \u00e9v\u00e9nements, les rencontres, les co\u00efncidences et les prises de conscience qui font qu&#8217;un individu rejoint une foule en col\u00e8re ?Le troisi\u00e8me livre d&#8217;H\u00e9l\u00e8ne Aldeguer, qui signe un r\u00e9cit d&#8217;une grande modernit\u00e9 et d&#8217;une grande maturit\u00e9. Le parcours d&#8217;une jeune femme qui, intrigu\u00e9e par les contestations r\u00e9guli\u00e8res qui secouent le pays, va s&#8217;engager gr\u00e2ce \u00e0 la rencontre de plusieurs femmes militantes.<\/p>","protected":false},"excerpt":{"rendered":"<p>Anna a 29 ans. Elle cherche du travail et sous-loue un appartement en colocation \u00e0 Paris, aime aller au mus\u00e9e, au cin\u00e9ma et prendre des bi\u00e8res en terrasse avec ses amis. Tous les dimanches, elle rend visite \u00e0 sa grand-m\u00e8re, en Ephad, \u00e0 qui elle se confie, et qu&#8217;elle \u00e9coute. Sa vie se d\u00e9roule ainsi, [&hellip;]<\/p>","protected":false},"featured_media":8934,"comment_status":"open","ping_status":"closed","template":"","meta":[],"product_brand":[],"product_cat":[57],"product_tag":[],"class_list":{"0":"post-8935","1":"product","2":"type-product","3":"status-publish","4":"has-post-thumbnail","6":"product_cat-histoire-et-societe","8":"first","9":"instock","10":"taxable","11":"shipping-taxable","12":"purchasable","13":"product-type-simple"},"yoast_head":"<!-- This site is optimized with the Yoast SEO plugin v27.4 - https:\/\/yoast.com\/product\/yoast-seo-wordpress\/ -->\n<title>Manifestante - l&#039;\u00e9chapp\u00e9e close<\/title>\n<meta name=\"robots\" content=\"index, follow, max-snippet:-1, max-image-preview:large, max-video-preview:-1\" \/>\n<link rel=\"canonical\" href=\"https:\/\/lechappeeclose.it\/it\/boutique\/livres\/roman-graphique-bd\/histoire-et-societe\/manifestante\/\" \/>\n<meta property=\"og:locale\" content=\"it_IT\" \/>\n<meta property=\"og:type\" content=\"article\" \/>\n<meta property=\"og:title\" content=\"Manifestante - l&#039;\u00e9chapp\u00e9e close\" \/>\n<meta property=\"og:description\" content=\"Anna a 29 ans. Elle cherche du travail et sous-loue un appartement en colocation \u00e0 Paris, aime aller au mus\u00e9e, au cin\u00e9ma et prendre des bi\u00e8res en terrasse avec ses amis. Tous les dimanches, elle rend visite \u00e0 sa grand-m\u00e8re, en Ephad, \u00e0 qui elle se confie, et qu&#8217;elle \u00e9coute. Sa vie se d\u00e9roule ainsi, [&hellip;]\" \/>\n<meta property=\"og:url\" content=\"https:\/\/lechappeeclose.it\/it\/boutique\/livres\/roman-graphique-bd\/histoire-et-societe\/manifestante\/\" \/>\n<meta property=\"og:site_name\" content=\"l&#039;\u00e9chapp\u00e9e close\" \/>\n<meta property=\"og:image\" content=\"https:\/\/lechappeeclose.it\/wp-content\/uploads\/2025\/02\/Manifestante.jpg\" \/>\n\t<meta property=\"og:image:width\" content=\"364\" \/>\n\t<meta property=\"og:image:height\" content=\"500\" \/>\n\t<meta property=\"og:image:type\" content=\"image\/jpeg\" \/>\n<meta name=\"twitter:card\" content=\"summary_large_image\" \/>\n<meta name=\"twitter:label1\" content=\"Tempo di lettura stimato\" \/>\n\t<meta name=\"twitter:data1\" content=\"2 minuti\" \/>\n<script type=\"application\/ld+json\" class=\"yoast-schema-graph\">{\"@context\":\"https:\\\/\\\/schema.org\",\"@graph\":[{\"@type\":\"WebPage\",\"@id\":\"https:\\\/\\\/lechappeeclose.it\\\/it\\\/boutique\\\/livres\\\/roman-graphique-bd\\\/histoire-et-societe\\\/manifestante\\\/\",\"url\":\"https:\\\/\\\/lechappeeclose.it\\\/it\\\/boutique\\\/livres\\\/roman-graphique-bd\\\/histoire-et-societe\\\/manifestante\\\/\",\"name\":\"Manifestante - l&#039;\u00e9chapp\u00e9e close\",\"isPartOf\":{\"@id\":\"http:\\\/\\\/lechappeeclose.it\\\/#website\"},\"primaryImageOfPage\":{\"@id\":\"https:\\\/\\\/lechappeeclose.it\\\/it\\\/boutique\\\/livres\\\/roman-graphique-bd\\\/histoire-et-societe\\\/manifestante\\\/#primaryimage\"},\"image\":{\"@id\":\"https:\\\/\\\/lechappeeclose.it\\\/it\\\/boutique\\\/livres\\\/roman-graphique-bd\\\/histoire-et-societe\\\/manifestante\\\/#primaryimage\"},\"thumbnailUrl\":\"http:\\\/\\\/lechappeeclose.it\\\/wp-content\\\/uploads\\\/2025\\\/02\\\/Manifestante.jpg\",\"datePublished\":\"2025-02-14T13:29:29+00:00\",\"breadcrumb\":{\"@id\":\"https:\\\/\\\/lechappeeclose.it\\\/it\\\/boutique\\\/livres\\\/roman-graphique-bd\\\/histoire-et-societe\\\/manifestante\\\/#breadcrumb\"},\"inLanguage\":\"it-IT\",\"potentialAction\":[{\"@type\":\"ReadAction\",\"target\":[\"https:\\\/\\\/lechappeeclose.it\\\/it\\\/boutique\\\/livres\\\/roman-graphique-bd\\\/histoire-et-societe\\\/manifestante\\\/\"]}]},{\"@type\":\"ImageObject\",\"inLanguage\":\"it-IT\",\"@id\":\"https:\\\/\\\/lechappeeclose.it\\\/it\\\/boutique\\\/livres\\\/roman-graphique-bd\\\/histoire-et-societe\\\/manifestante\\\/#primaryimage\",\"url\":\"http:\\\/\\\/lechappeeclose.it\\\/wp-content\\\/uploads\\\/2025\\\/02\\\/Manifestante.jpg\",\"contentUrl\":\"http:\\\/\\\/lechappeeclose.it\\\/wp-content\\\/uploads\\\/2025\\\/02\\\/Manifestante.jpg\",\"width\":364,\"height\":500},{\"@type\":\"BreadcrumbList\",\"@id\":\"https:\\\/\\\/lechappeeclose.it\\\/it\\\/boutique\\\/livres\\\/roman-graphique-bd\\\/histoire-et-societe\\\/manifestante\\\/#breadcrumb\",\"itemListElement\":[{\"@type\":\"ListItem\",\"position\":1,\"name\":\"Accueil\",\"item\":\"http:\\\/\\\/lechappeeclose.it\\\/\"},{\"@type\":\"ListItem\",\"position\":2,\"name\":\"Boutique\",\"item\":\"http:\\\/\\\/lechappeeclose.it\\\/it\\\/boutique\\\/\"},{\"@type\":\"ListItem\",\"position\":3,\"name\":\"Manifestante\"}]},{\"@type\":\"WebSite\",\"@id\":\"http:\\\/\\\/lechappeeclose.it\\\/#website\",\"url\":\"http:\\\/\\\/lechappeeclose.it\\\/\",\"name\":\"l&#039;\u00e9chapp\u00e9e close\",\"description\":\"la librairie fran\u00e7aise de Milan\",\"publisher\":{\"@id\":\"http:\\\/\\\/lechappeeclose.it\\\/#organization\"},\"alternateName\":\"La librairie fran\u00e7aise de Milan\",\"potentialAction\":[{\"@type\":\"SearchAction\",\"target\":{\"@type\":\"EntryPoint\",\"urlTemplate\":\"http:\\\/\\\/lechappeeclose.it\\\/?s={search_term_string}\"},\"query-input\":{\"@type\":\"PropertyValueSpecification\",\"valueRequired\":true,\"valueName\":\"search_term_string\"}}],\"inLanguage\":\"it-IT\"},{\"@type\":\"Organization\",\"@id\":\"http:\\\/\\\/lechappeeclose.it\\\/#organization\",\"name\":\"l&#039;\u00e9chapp\u00e9e close\",\"url\":\"http:\\\/\\\/lechappeeclose.it\\\/\",\"logo\":{\"@type\":\"ImageObject\",\"inLanguage\":\"it-IT\",\"@id\":\"http:\\\/\\\/lechappeeclose.it\\\/#\\\/schema\\\/logo\\\/image\\\/\",\"url\":\"http:\\\/\\\/lechappeeclose.it\\\/wp-content\\\/uploads\\\/2025\\\/02\\\/cropped-logo-rond.png\",\"contentUrl\":\"http:\\\/\\\/lechappeeclose.it\\\/wp-content\\\/uploads\\\/2025\\\/02\\\/cropped-logo-rond.png\",\"width\":1080,\"height\":1080,\"caption\":\"l&#039;\u00e9chapp\u00e9e close\"},\"image\":{\"@id\":\"http:\\\/\\\/lechappeeclose.it\\\/#\\\/schema\\\/logo\\\/image\\\/\"},\"sameAs\":[\"https:\\\/\\\/www.instagram.com\\\/lechappeeclose\\\/\"]}]}<\/script>\n<!-- \/ Yoast SEO plugin. -->","yoast_head_json":{"title":"Manifestante - l&#039;\u00e9chapp\u00e9e close","robots":{"index":"index","follow":"follow","max-snippet":"max-snippet:-1","max-image-preview":"max-image-preview:large","max-video-preview":"max-video-preview:-1"},"canonical":"https:\/\/lechappeeclose.it\/it\/boutique\/livres\/roman-graphique-bd\/histoire-et-societe\/manifestante\/","og_locale":"it_IT","og_type":"article","og_title":"Manifestante - l&#039;\u00e9chapp\u00e9e close","og_description":"Anna a 29 ans. Elle cherche du travail et sous-loue un appartement en colocation \u00e0 Paris, aime aller au mus\u00e9e, au cin\u00e9ma et prendre des bi\u00e8res en terrasse avec ses amis. Tous les dimanches, elle rend visite \u00e0 sa grand-m\u00e8re, en Ephad, \u00e0 qui elle se confie, et qu&#8217;elle \u00e9coute. Sa vie se d\u00e9roule ainsi, [&hellip;]","og_url":"https:\/\/lechappeeclose.it\/it\/boutique\/livres\/roman-graphique-bd\/histoire-et-societe\/manifestante\/","og_site_name":"l&#039;\u00e9chapp\u00e9e close","og_image":[{"width":364,"height":500,"url":"https:\/\/lechappeeclose.it\/wp-content\/uploads\/2025\/02\/Manifestante.jpg","type":"image\/jpeg"}],"twitter_card":"summary_large_image","twitter_misc":{"Tempo di lettura stimato":"2 minuti"},"schema":{"@context":"https:\/\/schema.org","@graph":[{"@type":"WebPage","@id":"https:\/\/lechappeeclose.it\/it\/boutique\/livres\/roman-graphique-bd\/histoire-et-societe\/manifestante\/","url":"https:\/\/lechappeeclose.it\/it\/boutique\/livres\/roman-graphique-bd\/histoire-et-societe\/manifestante\/","name":"Manifestante - l&#039;\u00e9chapp\u00e9e close","isPartOf":{"@id":"http:\/\/lechappeeclose.it\/#website"},"primaryImageOfPage":{"@id":"https:\/\/lechappeeclose.it\/it\/boutique\/livres\/roman-graphique-bd\/histoire-et-societe\/manifestante\/#primaryimage"},"image":{"@id":"https:\/\/lechappeeclose.it\/it\/boutique\/livres\/roman-graphique-bd\/histoire-et-societe\/manifestante\/#primaryimage"},"thumbnailUrl":"http:\/\/lechappeeclose.it\/wp-content\/uploads\/2025\/02\/Manifestante.jpg","datePublished":"2025-02-14T13:29:29+00:00","breadcrumb":{"@id":"https:\/\/lechappeeclose.it\/it\/boutique\/livres\/roman-graphique-bd\/histoire-et-societe\/manifestante\/#breadcrumb"},"inLanguage":"it-IT","potentialAction":[{"@type":"ReadAction","target":["https:\/\/lechappeeclose.it\/it\/boutique\/livres\/roman-graphique-bd\/histoire-et-societe\/manifestante\/"]}]},{"@type":"ImageObject","inLanguage":"it-IT","@id":"https:\/\/lechappeeclose.it\/it\/boutique\/livres\/roman-graphique-bd\/histoire-et-societe\/manifestante\/#primaryimage","url":"http:\/\/lechappeeclose.it\/wp-content\/uploads\/2025\/02\/Manifestante.jpg","contentUrl":"http:\/\/lechappeeclose.it\/wp-content\/uploads\/2025\/02\/Manifestante.jpg","width":364,"height":500},{"@type":"BreadcrumbList","@id":"https:\/\/lechappeeclose.it\/it\/boutique\/livres\/roman-graphique-bd\/histoire-et-societe\/manifestante\/#breadcrumb","itemListElement":[{"@type":"ListItem","position":1,"name":"Accueil","item":"http:\/\/lechappeeclose.it\/"},{"@type":"ListItem","position":2,"name":"Boutique","item":"http:\/\/lechappeeclose.it\/it\/boutique\/"},{"@type":"ListItem","position":3,"name":"Manifestante"}]},{"@type":"WebSite","@id":"http:\/\/lechappeeclose.it\/#website","url":"http:\/\/lechappeeclose.it\/","name":"l&#039;\u00e9chapp\u00e9e close","description":"La libreria francese di Milano","publisher":{"@id":"http:\/\/lechappeeclose.it\/#organization"},"alternateName":"La librairie fran\u00e7aise de Milan","potentialAction":[{"@type":"SearchAction","target":{"@type":"EntryPoint","urlTemplate":"http:\/\/lechappeeclose.it\/?s={search_term_string}"},"query-input":{"@type":"PropertyValueSpecification","valueRequired":true,"valueName":"search_term_string"}}],"inLanguage":"it-IT"},{"@type":"Organization","@id":"http:\/\/lechappeeclose.it\/#organization","name":"l&#039;\u00e9chapp\u00e9e close","url":"http:\/\/lechappeeclose.it\/","logo":{"@type":"ImageObject","inLanguage":"it-IT","@id":"http:\/\/lechappeeclose.it\/#\/schema\/logo\/image\/","url":"http:\/\/lechappeeclose.it\/wp-content\/uploads\/2025\/02\/cropped-logo-rond.png","contentUrl":"http:\/\/lechappeeclose.it\/wp-content\/uploads\/2025\/02\/cropped-logo-rond.png","width":1080,"height":1080,"caption":"l&#039;\u00e9chapp\u00e9e close"},"image":{"@id":"http:\/\/lechappeeclose.it\/#\/schema\/logo\/image\/"},"sameAs":["https:\/\/www.instagram.com\/lechappeeclose\/"]}]}},"_links":{"self":[{"href":"http:\/\/lechappeeclose.it\/it\/wp-json\/wp\/v2\/product\/8935","targetHints":{"allow":["GET"]}}],"collection":[{"href":"http:\/\/lechappeeclose.it\/it\/wp-json\/wp\/v2\/product"}],"about":[{"href":"http:\/\/lechappeeclose.it\/it\/wp-json\/wp\/v2\/types\/product"}],"replies":[{"embeddable":true,"href":"http:\/\/lechappeeclose.it\/it\/wp-json\/wp\/v2\/comments?post=8935"}],"wp:featuredmedia":[{"embeddable":true,"href":"http:\/\/lechappeeclose.it\/it\/wp-json\/wp\/v2\/media\/8934"}],"wp:attachment":[{"href":"http:\/\/lechappeeclose.it\/it\/wp-json\/wp\/v2\/media?parent=8935"}],"wp:term":[{"taxonomy":"product_brand","embeddable":true,"href":"http:\/\/lechappeeclose.it\/it\/wp-json\/wp\/v2\/product_brand?post=8935"},{"taxonomy":"product_cat","embeddable":true,"href":"http:\/\/lechappeeclose.it\/it\/wp-json\/wp\/v2\/product_cat?post=8935"},{"taxonomy":"product_tag","embeddable":true,"href":"http:\/\/lechappeeclose.it\/it\/wp-json\/wp\/v2\/product_tag?post=8935"}],"curies":[{"name":"wp","href":"https:\/\/api.w.org\/{rel}","templated":true}]}}