{"id":8593,"date":"2025-02-13T18:17:54","date_gmt":"2025-02-13T17:17:54","guid":{"rendered":"https:\/\/lechappeeclose.it\/produit\/le-manifeste-des-343\/"},"modified":"2026-02-27T18:41:44","modified_gmt":"2026-02-27T17:41:44","slug":"le-manifeste-des-343","status":"publish","type":"product","link":"http:\/\/lechappeeclose.it\/it\/boutique\/livres\/roman-graphique-bd\/lgbtqia\/le-manifeste-des-343\/","title":{"rendered":"Le Manifeste des 343"},"content":{"rendered":"<p>Fin 1970, Nicole, jeune documentaliste au Nouvel Observateur s\u2019indigne du sort des femmes oblig\u00e9es d\u2019avorter clandestinement. Elle d\u00e9cide de mettre en place une action d\u2019envergure avec le Mouvement de Lib\u00e9ration des Femmes et de monter un \u00ab scoop \u00bb destin\u00e9 \u00e0 changer la soci\u00e9t\u00e9 et les mentalit\u00e9s\u2026Ce sera le Manifeste des 343, r\u00e9dig\u00e9 par Simone de Beauvoir, sign\u00e9 par 343 Fran\u00e7aises connues ou inconnues et publi\u00e9 par le Nouvel Observateur le 5 avril 1971, alors que l\u2019avortement \u00e9tait ill\u00e9gal en France. Cette audace a marqu\u00e9 l\u2019histoire du f\u00e9minisme fran\u00e7ais et ouvert la voie \u00e0 la loi Veil d\u00e9p\u00e9nalisant l\u2019avortement, adopt\u00e9e en 1975.Du manifeste des 343, l\u2019Histoire a surtout retenu la couverture satirique de Cabudans Charlie Hebdo. 50 ans apr\u00e8s, les auteurs ont voulu revenir sur les \u00e9v\u00e9nements qui ont conduit \u00e0 sa parution dans Le Nouvel Observateur et redonner \u00e0 chacun\u00b7e son r\u00f4le l\u00e9gitime.<\/p>","protected":false},"excerpt":{"rendered":"<p>Fin 1970, Nicole, jeune documentaliste au Nouvel Observateur s\u2019indigne du sort des femmes oblig\u00e9es d\u2019avorter clandestinement. Elle d\u00e9cide de mettre en place une action d\u2019envergure avec le Mouvement de Lib\u00e9ration des Femmes et de monter un \u00ab scoop \u00bb destin\u00e9 \u00e0 changer la soci\u00e9t\u00e9 et les mentalit\u00e9s\u2026Ce sera le Manifeste des 343, r\u00e9dig\u00e9 par Simone [&hellip;]<\/p>","protected":false},"featured_media":8592,"comment_status":"open","ping_status":"closed","template":"","meta":[],"product_brand":[],"product_cat":[59],"product_tag":[210],"class_list":{"0":"post-8593","1":"product","2":"type-product","3":"status-publish","4":"has-post-thumbnail","6":"product_cat-lgbtqia","7":"product_tag-feminisme","9":"first","10":"onbackorder","11":"taxable","12":"shipping-taxable","13":"purchasable","14":"product-type-simple"},"yoast_head":"<!-- This site is optimized with the Yoast SEO plugin v27.4 - https:\/\/yoast.com\/product\/yoast-seo-wordpress\/ -->\n<title>Le Manifeste des 343 - l&#039;\u00e9chapp\u00e9e close<\/title>\n<meta name=\"robots\" content=\"index, follow, max-snippet:-1, max-image-preview:large, max-video-preview:-1\" \/>\n<link rel=\"canonical\" href=\"https:\/\/lechappeeclose.it\/it\/boutique\/livres\/roman-graphique-bd\/lgbtqia\/le-manifeste-des-343\/\" \/>\n<meta property=\"og:locale\" content=\"it_IT\" \/>\n<meta property=\"og:type\" content=\"article\" \/>\n<meta property=\"og:title\" content=\"Le Manifeste des 343 - l&#039;\u00e9chapp\u00e9e close\" \/>\n<meta property=\"og:description\" content=\"Fin 1970, Nicole, jeune documentaliste au Nouvel Observateur s\u2019indigne du sort des femmes oblig\u00e9es d\u2019avorter clandestinement. Elle d\u00e9cide de mettre en place une action d\u2019envergure avec le Mouvement de Lib\u00e9ration des Femmes et de monter un \u00ab scoop \u00bb destin\u00e9 \u00e0 changer la soci\u00e9t\u00e9 et les mentalit\u00e9s\u2026Ce sera le Manifeste des 343, r\u00e9dig\u00e9 par Simone [&hellip;]\" \/>\n<meta property=\"og:url\" content=\"https:\/\/lechappeeclose.it\/it\/boutique\/livres\/roman-graphique-bd\/lgbtqia\/le-manifeste-des-343\/\" \/>\n<meta property=\"og:site_name\" content=\"l&#039;\u00e9chapp\u00e9e close\" \/>\n<meta property=\"article:modified_time\" content=\"2026-02-27T17:41:44+00:00\" \/>\n<meta property=\"og:image\" content=\"https:\/\/lechappeeclose.it\/wp-content\/uploads\/2025\/02\/Le-Manifeste-des-343.jpg\" \/>\n\t<meta property=\"og:image:width\" content=\"1400\" \/>\n\t<meta property=\"og:image:height\" content=\"1842\" \/>\n\t<meta property=\"og:image:type\" content=\"image\/jpeg\" \/>\n<meta name=\"twitter:card\" content=\"summary_large_image\" \/>\n<meta name=\"twitter:label1\" content=\"Tempo di lettura stimato\" \/>\n\t<meta name=\"twitter:data1\" content=\"1 minuto\" \/>\n<script type=\"application\/ld+json\" class=\"yoast-schema-graph\">{\"@context\":\"https:\\\/\\\/schema.org\",\"@graph\":[{\"@type\":\"WebPage\",\"@id\":\"https:\\\/\\\/lechappeeclose.it\\\/boutique\\\/livres\\\/roman-graphique-bd\\\/lgbtqia\\\/le-manifeste-des-343\\\/\",\"url\":\"https:\\\/\\\/lechappeeclose.it\\\/boutique\\\/livres\\\/roman-graphique-bd\\\/lgbtqia\\\/le-manifeste-des-343\\\/\",\"name\":\"Le Manifeste des 343 - l&#039;\u00e9chapp\u00e9e close\",\"isPartOf\":{\"@id\":\"http:\\\/\\\/lechappeeclose.it\\\/#website\"},\"primaryImageOfPage\":{\"@id\":\"https:\\\/\\\/lechappeeclose.it\\\/boutique\\\/livres\\\/roman-graphique-bd\\\/lgbtqia\\\/le-manifeste-des-343\\\/#primaryimage\"},\"image\":{\"@id\":\"https:\\\/\\\/lechappeeclose.it\\\/boutique\\\/livres\\\/roman-graphique-bd\\\/lgbtqia\\\/le-manifeste-des-343\\\/#primaryimage\"},\"thumbnailUrl\":\"http:\\\/\\\/lechappeeclose.it\\\/wp-content\\\/uploads\\\/2025\\\/02\\\/Le-Manifeste-des-343.jpg\",\"datePublished\":\"2025-02-13T17:17:54+00:00\",\"dateModified\":\"2026-02-27T17:41:44+00:00\",\"breadcrumb\":{\"@id\":\"https:\\\/\\\/lechappeeclose.it\\\/boutique\\\/livres\\\/roman-graphique-bd\\\/lgbtqia\\\/le-manifeste-des-343\\\/#breadcrumb\"},\"inLanguage\":\"it-IT\",\"potentialAction\":[{\"@type\":\"ReadAction\",\"target\":[\"https:\\\/\\\/lechappeeclose.it\\\/boutique\\\/livres\\\/roman-graphique-bd\\\/lgbtqia\\\/le-manifeste-des-343\\\/\"]}]},{\"@type\":\"ImageObject\",\"inLanguage\":\"it-IT\",\"@id\":\"https:\\\/\\\/lechappeeclose.it\\\/boutique\\\/livres\\\/roman-graphique-bd\\\/lgbtqia\\\/le-manifeste-des-343\\\/#primaryimage\",\"url\":\"http:\\\/\\\/lechappeeclose.it\\\/wp-content\\\/uploads\\\/2025\\\/02\\\/Le-Manifeste-des-343.jpg\",\"contentUrl\":\"http:\\\/\\\/lechappeeclose.it\\\/wp-content\\\/uploads\\\/2025\\\/02\\\/Le-Manifeste-des-343.jpg\",\"width\":1400,\"height\":1842},{\"@type\":\"BreadcrumbList\",\"@id\":\"https:\\\/\\\/lechappeeclose.it\\\/boutique\\\/livres\\\/roman-graphique-bd\\\/lgbtqia\\\/le-manifeste-des-343\\\/#breadcrumb\",\"itemListElement\":[{\"@type\":\"ListItem\",\"position\":1,\"name\":\"Accueil\",\"item\":\"http:\\\/\\\/lechappeeclose.it\\\/\"},{\"@type\":\"ListItem\",\"position\":2,\"name\":\"Boutique\",\"item\":\"http:\\\/\\\/lechappeeclose.it\\\/boutique\\\/\"},{\"@type\":\"ListItem\",\"position\":3,\"name\":\"Le Manifeste des 343\"}]},{\"@type\":\"WebSite\",\"@id\":\"http:\\\/\\\/lechappeeclose.it\\\/#website\",\"url\":\"http:\\\/\\\/lechappeeclose.it\\\/\",\"name\":\"l&#039;\u00e9chapp\u00e9e close\",\"description\":\"la librairie fran\u00e7aise de Milan\",\"publisher\":{\"@id\":\"http:\\\/\\\/lechappeeclose.it\\\/#organization\"},\"alternateName\":\"La librairie fran\u00e7aise de Milan\",\"potentialAction\":[{\"@type\":\"SearchAction\",\"target\":{\"@type\":\"EntryPoint\",\"urlTemplate\":\"http:\\\/\\\/lechappeeclose.it\\\/?s={search_term_string}\"},\"query-input\":{\"@type\":\"PropertyValueSpecification\",\"valueRequired\":true,\"valueName\":\"search_term_string\"}}],\"inLanguage\":\"it-IT\"},{\"@type\":\"Organization\",\"@id\":\"http:\\\/\\\/lechappeeclose.it\\\/#organization\",\"name\":\"l&#039;\u00e9chapp\u00e9e close\",\"url\":\"http:\\\/\\\/lechappeeclose.it\\\/\",\"logo\":{\"@type\":\"ImageObject\",\"inLanguage\":\"it-IT\",\"@id\":\"http:\\\/\\\/lechappeeclose.it\\\/#\\\/schema\\\/logo\\\/image\\\/\",\"url\":\"http:\\\/\\\/lechappeeclose.it\\\/wp-content\\\/uploads\\\/2025\\\/02\\\/cropped-logo-rond.png\",\"contentUrl\":\"http:\\\/\\\/lechappeeclose.it\\\/wp-content\\\/uploads\\\/2025\\\/02\\\/cropped-logo-rond.png\",\"width\":1080,\"height\":1080,\"caption\":\"l&#039;\u00e9chapp\u00e9e close\"},\"image\":{\"@id\":\"http:\\\/\\\/lechappeeclose.it\\\/#\\\/schema\\\/logo\\\/image\\\/\"},\"sameAs\":[\"https:\\\/\\\/www.instagram.com\\\/lechappeeclose\\\/\"]}]}<\/script>\n<!-- \/ Yoast SEO plugin. -->","yoast_head_json":{"title":"Le Manifeste des 343 - l&#039;\u00e9chapp\u00e9e close","robots":{"index":"index","follow":"follow","max-snippet":"max-snippet:-1","max-image-preview":"max-image-preview:large","max-video-preview":"max-video-preview:-1"},"canonical":"https:\/\/lechappeeclose.it\/it\/boutique\/livres\/roman-graphique-bd\/lgbtqia\/le-manifeste-des-343\/","og_locale":"it_IT","og_type":"article","og_title":"Le Manifeste des 343 - l&#039;\u00e9chapp\u00e9e close","og_description":"Fin 1970, Nicole, jeune documentaliste au Nouvel Observateur s\u2019indigne du sort des femmes oblig\u00e9es d\u2019avorter clandestinement. Elle d\u00e9cide de mettre en place une action d\u2019envergure avec le Mouvement de Lib\u00e9ration des Femmes et de monter un \u00ab scoop \u00bb destin\u00e9 \u00e0 changer la soci\u00e9t\u00e9 et les mentalit\u00e9s\u2026Ce sera le Manifeste des 343, r\u00e9dig\u00e9 par Simone [&hellip;]","og_url":"https:\/\/lechappeeclose.it\/it\/boutique\/livres\/roman-graphique-bd\/lgbtqia\/le-manifeste-des-343\/","og_site_name":"l&#039;\u00e9chapp\u00e9e close","article_modified_time":"2026-02-27T17:41:44+00:00","og_image":[{"width":1400,"height":1842,"url":"https:\/\/lechappeeclose.it\/wp-content\/uploads\/2025\/02\/Le-Manifeste-des-343.jpg","type":"image\/jpeg"}],"twitter_card":"summary_large_image","twitter_misc":{"Tempo di lettura stimato":"1 minuto"},"schema":{"@context":"https:\/\/schema.org","@graph":[{"@type":"WebPage","@id":"https:\/\/lechappeeclose.it\/boutique\/livres\/roman-graphique-bd\/lgbtqia\/le-manifeste-des-343\/","url":"https:\/\/lechappeeclose.it\/boutique\/livres\/roman-graphique-bd\/lgbtqia\/le-manifeste-des-343\/","name":"Le Manifeste des 343 - l&#039;\u00e9chapp\u00e9e close","isPartOf":{"@id":"http:\/\/lechappeeclose.it\/#website"},"primaryImageOfPage":{"@id":"https:\/\/lechappeeclose.it\/boutique\/livres\/roman-graphique-bd\/lgbtqia\/le-manifeste-des-343\/#primaryimage"},"image":{"@id":"https:\/\/lechappeeclose.it\/boutique\/livres\/roman-graphique-bd\/lgbtqia\/le-manifeste-des-343\/#primaryimage"},"thumbnailUrl":"http:\/\/lechappeeclose.it\/wp-content\/uploads\/2025\/02\/Le-Manifeste-des-343.jpg","datePublished":"2025-02-13T17:17:54+00:00","dateModified":"2026-02-27T17:41:44+00:00","breadcrumb":{"@id":"https:\/\/lechappeeclose.it\/boutique\/livres\/roman-graphique-bd\/lgbtqia\/le-manifeste-des-343\/#breadcrumb"},"inLanguage":"it-IT","potentialAction":[{"@type":"ReadAction","target":["https:\/\/lechappeeclose.it\/boutique\/livres\/roman-graphique-bd\/lgbtqia\/le-manifeste-des-343\/"]}]},{"@type":"ImageObject","inLanguage":"it-IT","@id":"https:\/\/lechappeeclose.it\/boutique\/livres\/roman-graphique-bd\/lgbtqia\/le-manifeste-des-343\/#primaryimage","url":"http:\/\/lechappeeclose.it\/wp-content\/uploads\/2025\/02\/Le-Manifeste-des-343.jpg","contentUrl":"http:\/\/lechappeeclose.it\/wp-content\/uploads\/2025\/02\/Le-Manifeste-des-343.jpg","width":1400,"height":1842},{"@type":"BreadcrumbList","@id":"https:\/\/lechappeeclose.it\/boutique\/livres\/roman-graphique-bd\/lgbtqia\/le-manifeste-des-343\/#breadcrumb","itemListElement":[{"@type":"ListItem","position":1,"name":"Accueil","item":"http:\/\/lechappeeclose.it\/"},{"@type":"ListItem","position":2,"name":"Boutique","item":"http:\/\/lechappeeclose.it\/boutique\/"},{"@type":"ListItem","position":3,"name":"Le Manifeste des 343"}]},{"@type":"WebSite","@id":"http:\/\/lechappeeclose.it\/#website","url":"http:\/\/lechappeeclose.it\/","name":"l&#039;\u00e9chapp\u00e9e close","description":"La libreria francese di Milano","publisher":{"@id":"http:\/\/lechappeeclose.it\/#organization"},"alternateName":"La librairie fran\u00e7aise de Milan","potentialAction":[{"@type":"SearchAction","target":{"@type":"EntryPoint","urlTemplate":"http:\/\/lechappeeclose.it\/?s={search_term_string}"},"query-input":{"@type":"PropertyValueSpecification","valueRequired":true,"valueName":"search_term_string"}}],"inLanguage":"it-IT"},{"@type":"Organization","@id":"http:\/\/lechappeeclose.it\/#organization","name":"l&#039;\u00e9chapp\u00e9e close","url":"http:\/\/lechappeeclose.it\/","logo":{"@type":"ImageObject","inLanguage":"it-IT","@id":"http:\/\/lechappeeclose.it\/#\/schema\/logo\/image\/","url":"http:\/\/lechappeeclose.it\/wp-content\/uploads\/2025\/02\/cropped-logo-rond.png","contentUrl":"http:\/\/lechappeeclose.it\/wp-content\/uploads\/2025\/02\/cropped-logo-rond.png","width":1080,"height":1080,"caption":"l&#039;\u00e9chapp\u00e9e close"},"image":{"@id":"http:\/\/lechappeeclose.it\/#\/schema\/logo\/image\/"},"sameAs":["https:\/\/www.instagram.com\/lechappeeclose\/"]}]}},"_links":{"self":[{"href":"http:\/\/lechappeeclose.it\/it\/wp-json\/wp\/v2\/product\/8593","targetHints":{"allow":["GET"]}}],"collection":[{"href":"http:\/\/lechappeeclose.it\/it\/wp-json\/wp\/v2\/product"}],"about":[{"href":"http:\/\/lechappeeclose.it\/it\/wp-json\/wp\/v2\/types\/product"}],"replies":[{"embeddable":true,"href":"http:\/\/lechappeeclose.it\/it\/wp-json\/wp\/v2\/comments?post=8593"}],"wp:featuredmedia":[{"embeddable":true,"href":"http:\/\/lechappeeclose.it\/it\/wp-json\/wp\/v2\/media\/8592"}],"wp:attachment":[{"href":"http:\/\/lechappeeclose.it\/it\/wp-json\/wp\/v2\/media?parent=8593"}],"wp:term":[{"taxonomy":"product_brand","embeddable":true,"href":"http:\/\/lechappeeclose.it\/it\/wp-json\/wp\/v2\/product_brand?post=8593"},{"taxonomy":"product_cat","embeddable":true,"href":"http:\/\/lechappeeclose.it\/it\/wp-json\/wp\/v2\/product_cat?post=8593"},{"taxonomy":"product_tag","embeddable":true,"href":"http:\/\/lechappeeclose.it\/it\/wp-json\/wp\/v2\/product_tag?post=8593"}],"curies":[{"name":"wp","href":"https:\/\/api.w.org\/{rel}","templated":true}]}}