{"id":8581,"date":"2025-02-13T18:14:38","date_gmt":"2025-02-13T17:14:38","guid":{"rendered":"https:\/\/lechappeeclose.it\/produit\/leonard2vinci\/"},"modified":"2025-02-13T18:14:38","modified_gmt":"2025-02-13T17:14:38","slug":"leonard2vinci","status":"publish","type":"product","link":"http:\/\/lechappeeclose.it\/it\/boutique\/livres\/roman-graphique-bd\/biographies\/leonard2vinci\/","title":{"rendered":"Leonard2Vinci"},"content":{"rendered":"<p>St\u00e9phane Levallois a travaill\u00e9 deux ans \u00e0 l&#8217;\u00e9laboration de ce r\u00e9cit en bande dessin\u00e9e. Ce space opera, comme se pla\u00eet l&#8217;auteur \u00e0 le souligner, illustre le talent de St\u00e9phane dans deux domaines qu&#8217;il ma\u00eetrise \u00e0 la perfection : l&#8217;univers de la science-fiction et le dessin. En effet, tr\u00e8s souvent sollicit\u00e9 par l&#8217;industrie cin\u00e9matographique am\u00e9ricaine, St\u00e9phane cr\u00e9e les univers fantastiques de la plupart des grands blockbusters hollywoodiens (Alien, King Kong (Skull Island), Harry Potter et bien d&#8217;autres). Cette ambiance sid\u00e9rale associ\u00e9e \u00e0 un univers de modernit\u00e9 absolue se retrouve clairement dans le r\u00e9cit qui nous est propos\u00e9, dans lequel la Terre, engag\u00e9e dans un conflit intergalactique, doit son salut au clone de L\u00e9onard de Vinci et \u00e0 la renaissance de son g\u00e9nie. Ensuite, pour construire son r\u00e9cit et composer ses planches, St\u00e9phane s&#8217;est servi de l&#8217;oeuvre peint et dessin\u00e9 du ma\u00eetre de la Renaissance dans lequel il a puis\u00e9 comme dans un r\u00e9pertoire de formes infini. II a ainsi s\u00e9lectionn\u00e9 un nombre important de dessins ou de tableaux de L\u00e9onard pour repr\u00e9senter les personnages, les vaisseaux ou m\u00eame les architectures de son r\u00e9cit. [&#8230; ] Le r\u00e9sultat est stup\u00e9fiant et \u00e0 la hauteur du sujet<\/p>","protected":false},"excerpt":{"rendered":"<p>St\u00e9phane Levallois a travaill\u00e9 deux ans \u00e0 l&#8217;\u00e9laboration de ce r\u00e9cit en bande dessin\u00e9e. Ce space opera, comme se pla\u00eet l&#8217;auteur \u00e0 le souligner, illustre le talent de St\u00e9phane dans deux domaines qu&#8217;il ma\u00eetrise \u00e0 la perfection : l&#8217;univers de la science-fiction et le dessin. En effet, tr\u00e8s souvent sollicit\u00e9 par l&#8217;industrie cin\u00e9matographique am\u00e9ricaine, St\u00e9phane [&hellip;]<\/p>","protected":false},"featured_media":8580,"comment_status":"open","ping_status":"closed","template":"","meta":[],"product_brand":[],"product_cat":[55],"product_tag":[],"class_list":{"0":"post-8581","1":"product","2":"type-product","3":"status-publish","4":"has-post-thumbnail","6":"product_cat-biographies","8":"first","9":"instock","10":"taxable","11":"shipping-taxable","12":"purchasable","13":"product-type-simple"},"yoast_head":"<!-- This site is optimized with the Yoast SEO plugin v27.4 - https:\/\/yoast.com\/product\/yoast-seo-wordpress\/ -->\n<title>Leonard2Vinci - l&#039;\u00e9chapp\u00e9e close<\/title>\n<meta name=\"robots\" content=\"index, follow, max-snippet:-1, max-image-preview:large, max-video-preview:-1\" \/>\n<link rel=\"canonical\" href=\"http:\/\/lechappeeclose.it\/it\/boutique\/livres\/roman-graphique-bd\/biographies\/leonard2vinci\/\" \/>\n<meta property=\"og:locale\" content=\"it_IT\" \/>\n<meta property=\"og:type\" content=\"article\" \/>\n<meta property=\"og:title\" content=\"Leonard2Vinci - l&#039;\u00e9chapp\u00e9e close\" \/>\n<meta property=\"og:description\" content=\"St\u00e9phane Levallois a travaill\u00e9 deux ans \u00e0 l&#8217;\u00e9laboration de ce r\u00e9cit en bande dessin\u00e9e. Ce space opera, comme se pla\u00eet l&#8217;auteur \u00e0 le souligner, illustre le talent de St\u00e9phane dans deux domaines qu&#8217;il ma\u00eetrise \u00e0 la perfection : l&#8217;univers de la science-fiction et le dessin. En effet, tr\u00e8s souvent sollicit\u00e9 par l&#8217;industrie cin\u00e9matographique am\u00e9ricaine, St\u00e9phane [&hellip;]\" \/>\n<meta property=\"og:url\" content=\"http:\/\/lechappeeclose.it\/it\/boutique\/livres\/roman-graphique-bd\/biographies\/leonard2vinci\/\" \/>\n<meta property=\"og:site_name\" content=\"l&#039;\u00e9chapp\u00e9e close\" \/>\n<meta property=\"og:image\" content=\"http:\/\/lechappeeclose.it\/wp-content\/uploads\/2025\/02\/Leonard2Vinci.jpg\" \/>\n\t<meta property=\"og:image:width\" content=\"227\" \/>\n\t<meta property=\"og:image:height\" content=\"320\" \/>\n\t<meta property=\"og:image:type\" content=\"image\/jpeg\" \/>\n<meta name=\"twitter:card\" content=\"summary_large_image\" \/>\n<meta name=\"twitter:label1\" content=\"Tempo di lettura stimato\" \/>\n\t<meta name=\"twitter:data1\" content=\"1 minuto\" \/>\n<script type=\"application\/ld+json\" class=\"yoast-schema-graph\">{\"@context\":\"https:\\\/\\\/schema.org\",\"@graph\":[{\"@type\":\"WebPage\",\"@id\":\"http:\\\/\\\/lechappeeclose.it\\\/it\\\/boutique\\\/livres\\\/roman-graphique-bd\\\/biographies\\\/leonard2vinci\\\/\",\"url\":\"http:\\\/\\\/lechappeeclose.it\\\/it\\\/boutique\\\/livres\\\/roman-graphique-bd\\\/biographies\\\/leonard2vinci\\\/\",\"name\":\"Leonard2Vinci - l&#039;\u00e9chapp\u00e9e close\",\"isPartOf\":{\"@id\":\"http:\\\/\\\/lechappeeclose.it\\\/#website\"},\"primaryImageOfPage\":{\"@id\":\"http:\\\/\\\/lechappeeclose.it\\\/it\\\/boutique\\\/livres\\\/roman-graphique-bd\\\/biographies\\\/leonard2vinci\\\/#primaryimage\"},\"image\":{\"@id\":\"http:\\\/\\\/lechappeeclose.it\\\/it\\\/boutique\\\/livres\\\/roman-graphique-bd\\\/biographies\\\/leonard2vinci\\\/#primaryimage\"},\"thumbnailUrl\":\"http:\\\/\\\/lechappeeclose.it\\\/wp-content\\\/uploads\\\/2025\\\/02\\\/Leonard2Vinci.jpg\",\"datePublished\":\"2025-02-13T17:14:38+00:00\",\"breadcrumb\":{\"@id\":\"http:\\\/\\\/lechappeeclose.it\\\/it\\\/boutique\\\/livres\\\/roman-graphique-bd\\\/biographies\\\/leonard2vinci\\\/#breadcrumb\"},\"inLanguage\":\"it-IT\",\"potentialAction\":[{\"@type\":\"ReadAction\",\"target\":[\"http:\\\/\\\/lechappeeclose.it\\\/it\\\/boutique\\\/livres\\\/roman-graphique-bd\\\/biographies\\\/leonard2vinci\\\/\"]}]},{\"@type\":\"ImageObject\",\"inLanguage\":\"it-IT\",\"@id\":\"http:\\\/\\\/lechappeeclose.it\\\/it\\\/boutique\\\/livres\\\/roman-graphique-bd\\\/biographies\\\/leonard2vinci\\\/#primaryimage\",\"url\":\"http:\\\/\\\/lechappeeclose.it\\\/wp-content\\\/uploads\\\/2025\\\/02\\\/Leonard2Vinci.jpg\",\"contentUrl\":\"http:\\\/\\\/lechappeeclose.it\\\/wp-content\\\/uploads\\\/2025\\\/02\\\/Leonard2Vinci.jpg\",\"width\":227,\"height\":320},{\"@type\":\"BreadcrumbList\",\"@id\":\"http:\\\/\\\/lechappeeclose.it\\\/it\\\/boutique\\\/livres\\\/roman-graphique-bd\\\/biographies\\\/leonard2vinci\\\/#breadcrumb\",\"itemListElement\":[{\"@type\":\"ListItem\",\"position\":1,\"name\":\"Accueil\",\"item\":\"http:\\\/\\\/lechappeeclose.it\\\/\"},{\"@type\":\"ListItem\",\"position\":2,\"name\":\"Boutique\",\"item\":\"http:\\\/\\\/lechappeeclose.it\\\/it\\\/boutique\\\/\"},{\"@type\":\"ListItem\",\"position\":3,\"name\":\"Leonard2Vinci\"}]},{\"@type\":\"WebSite\",\"@id\":\"http:\\\/\\\/lechappeeclose.it\\\/#website\",\"url\":\"http:\\\/\\\/lechappeeclose.it\\\/\",\"name\":\"l&#039;\u00e9chapp\u00e9e close\",\"description\":\"la librairie fran\u00e7aise de Milan\",\"publisher\":{\"@id\":\"http:\\\/\\\/lechappeeclose.it\\\/#organization\"},\"alternateName\":\"La librairie fran\u00e7aise de Milan\",\"potentialAction\":[{\"@type\":\"SearchAction\",\"target\":{\"@type\":\"EntryPoint\",\"urlTemplate\":\"http:\\\/\\\/lechappeeclose.it\\\/?s={search_term_string}\"},\"query-input\":{\"@type\":\"PropertyValueSpecification\",\"valueRequired\":true,\"valueName\":\"search_term_string\"}}],\"inLanguage\":\"it-IT\"},{\"@type\":\"Organization\",\"@id\":\"http:\\\/\\\/lechappeeclose.it\\\/#organization\",\"name\":\"l&#039;\u00e9chapp\u00e9e close\",\"url\":\"http:\\\/\\\/lechappeeclose.it\\\/\",\"logo\":{\"@type\":\"ImageObject\",\"inLanguage\":\"it-IT\",\"@id\":\"http:\\\/\\\/lechappeeclose.it\\\/#\\\/schema\\\/logo\\\/image\\\/\",\"url\":\"http:\\\/\\\/lechappeeclose.it\\\/wp-content\\\/uploads\\\/2025\\\/02\\\/cropped-logo-rond.png\",\"contentUrl\":\"http:\\\/\\\/lechappeeclose.it\\\/wp-content\\\/uploads\\\/2025\\\/02\\\/cropped-logo-rond.png\",\"width\":1080,\"height\":1080,\"caption\":\"l&#039;\u00e9chapp\u00e9e close\"},\"image\":{\"@id\":\"http:\\\/\\\/lechappeeclose.it\\\/#\\\/schema\\\/logo\\\/image\\\/\"},\"sameAs\":[\"https:\\\/\\\/www.instagram.com\\\/lechappeeclose\\\/\"]}]}<\/script>\n<!-- \/ Yoast SEO plugin. -->","yoast_head_json":{"title":"Leonard2Vinci - l&#039;\u00e9chapp\u00e9e close","robots":{"index":"index","follow":"follow","max-snippet":"max-snippet:-1","max-image-preview":"max-image-preview:large","max-video-preview":"max-video-preview:-1"},"canonical":"http:\/\/lechappeeclose.it\/it\/boutique\/livres\/roman-graphique-bd\/biographies\/leonard2vinci\/","og_locale":"it_IT","og_type":"article","og_title":"Leonard2Vinci - l&#039;\u00e9chapp\u00e9e close","og_description":"St\u00e9phane Levallois a travaill\u00e9 deux ans \u00e0 l&#8217;\u00e9laboration de ce r\u00e9cit en bande dessin\u00e9e. Ce space opera, comme se pla\u00eet l&#8217;auteur \u00e0 le souligner, illustre le talent de St\u00e9phane dans deux domaines qu&#8217;il ma\u00eetrise \u00e0 la perfection : l&#8217;univers de la science-fiction et le dessin. En effet, tr\u00e8s souvent sollicit\u00e9 par l&#8217;industrie cin\u00e9matographique am\u00e9ricaine, St\u00e9phane [&hellip;]","og_url":"http:\/\/lechappeeclose.it\/it\/boutique\/livres\/roman-graphique-bd\/biographies\/leonard2vinci\/","og_site_name":"l&#039;\u00e9chapp\u00e9e close","og_image":[{"width":227,"height":320,"url":"http:\/\/lechappeeclose.it\/wp-content\/uploads\/2025\/02\/Leonard2Vinci.jpg","type":"image\/jpeg"}],"twitter_card":"summary_large_image","twitter_misc":{"Tempo di lettura stimato":"1 minuto"},"schema":{"@context":"https:\/\/schema.org","@graph":[{"@type":"WebPage","@id":"http:\/\/lechappeeclose.it\/it\/boutique\/livres\/roman-graphique-bd\/biographies\/leonard2vinci\/","url":"http:\/\/lechappeeclose.it\/it\/boutique\/livres\/roman-graphique-bd\/biographies\/leonard2vinci\/","name":"Leonard2Vinci - l&#039;\u00e9chapp\u00e9e close","isPartOf":{"@id":"http:\/\/lechappeeclose.it\/#website"},"primaryImageOfPage":{"@id":"http:\/\/lechappeeclose.it\/it\/boutique\/livres\/roman-graphique-bd\/biographies\/leonard2vinci\/#primaryimage"},"image":{"@id":"http:\/\/lechappeeclose.it\/it\/boutique\/livres\/roman-graphique-bd\/biographies\/leonard2vinci\/#primaryimage"},"thumbnailUrl":"http:\/\/lechappeeclose.it\/wp-content\/uploads\/2025\/02\/Leonard2Vinci.jpg","datePublished":"2025-02-13T17:14:38+00:00","breadcrumb":{"@id":"http:\/\/lechappeeclose.it\/it\/boutique\/livres\/roman-graphique-bd\/biographies\/leonard2vinci\/#breadcrumb"},"inLanguage":"it-IT","potentialAction":[{"@type":"ReadAction","target":["http:\/\/lechappeeclose.it\/it\/boutique\/livres\/roman-graphique-bd\/biographies\/leonard2vinci\/"]}]},{"@type":"ImageObject","inLanguage":"it-IT","@id":"http:\/\/lechappeeclose.it\/it\/boutique\/livres\/roman-graphique-bd\/biographies\/leonard2vinci\/#primaryimage","url":"http:\/\/lechappeeclose.it\/wp-content\/uploads\/2025\/02\/Leonard2Vinci.jpg","contentUrl":"http:\/\/lechappeeclose.it\/wp-content\/uploads\/2025\/02\/Leonard2Vinci.jpg","width":227,"height":320},{"@type":"BreadcrumbList","@id":"http:\/\/lechappeeclose.it\/it\/boutique\/livres\/roman-graphique-bd\/biographies\/leonard2vinci\/#breadcrumb","itemListElement":[{"@type":"ListItem","position":1,"name":"Accueil","item":"http:\/\/lechappeeclose.it\/"},{"@type":"ListItem","position":2,"name":"Boutique","item":"http:\/\/lechappeeclose.it\/it\/boutique\/"},{"@type":"ListItem","position":3,"name":"Leonard2Vinci"}]},{"@type":"WebSite","@id":"http:\/\/lechappeeclose.it\/#website","url":"http:\/\/lechappeeclose.it\/","name":"l&#039;\u00e9chapp\u00e9e close","description":"La libreria francese di Milano","publisher":{"@id":"http:\/\/lechappeeclose.it\/#organization"},"alternateName":"La librairie fran\u00e7aise de Milan","potentialAction":[{"@type":"SearchAction","target":{"@type":"EntryPoint","urlTemplate":"http:\/\/lechappeeclose.it\/?s={search_term_string}"},"query-input":{"@type":"PropertyValueSpecification","valueRequired":true,"valueName":"search_term_string"}}],"inLanguage":"it-IT"},{"@type":"Organization","@id":"http:\/\/lechappeeclose.it\/#organization","name":"l&#039;\u00e9chapp\u00e9e close","url":"http:\/\/lechappeeclose.it\/","logo":{"@type":"ImageObject","inLanguage":"it-IT","@id":"http:\/\/lechappeeclose.it\/#\/schema\/logo\/image\/","url":"http:\/\/lechappeeclose.it\/wp-content\/uploads\/2025\/02\/cropped-logo-rond.png","contentUrl":"http:\/\/lechappeeclose.it\/wp-content\/uploads\/2025\/02\/cropped-logo-rond.png","width":1080,"height":1080,"caption":"l&#039;\u00e9chapp\u00e9e close"},"image":{"@id":"http:\/\/lechappeeclose.it\/#\/schema\/logo\/image\/"},"sameAs":["https:\/\/www.instagram.com\/lechappeeclose\/"]}]}},"_links":{"self":[{"href":"http:\/\/lechappeeclose.it\/it\/wp-json\/wp\/v2\/product\/8581","targetHints":{"allow":["GET"]}}],"collection":[{"href":"http:\/\/lechappeeclose.it\/it\/wp-json\/wp\/v2\/product"}],"about":[{"href":"http:\/\/lechappeeclose.it\/it\/wp-json\/wp\/v2\/types\/product"}],"replies":[{"embeddable":true,"href":"http:\/\/lechappeeclose.it\/it\/wp-json\/wp\/v2\/comments?post=8581"}],"wp:featuredmedia":[{"embeddable":true,"href":"http:\/\/lechappeeclose.it\/it\/wp-json\/wp\/v2\/media\/8580"}],"wp:attachment":[{"href":"http:\/\/lechappeeclose.it\/it\/wp-json\/wp\/v2\/media?parent=8581"}],"wp:term":[{"taxonomy":"product_brand","embeddable":true,"href":"http:\/\/lechappeeclose.it\/it\/wp-json\/wp\/v2\/product_brand?post=8581"},{"taxonomy":"product_cat","embeddable":true,"href":"http:\/\/lechappeeclose.it\/it\/wp-json\/wp\/v2\/product_cat?post=8581"},{"taxonomy":"product_tag","embeddable":true,"href":"http:\/\/lechappeeclose.it\/it\/wp-json\/wp\/v2\/product_tag?post=8581"}],"curies":[{"name":"wp","href":"https:\/\/api.w.org\/{rel}","templated":true}]}}