{"id":8525,"date":"2025-02-13T17:55:58","date_gmt":"2025-02-13T16:55:58","guid":{"rendered":"https:\/\/lechappeeclose.it\/produit\/memoires-de-marie-antoinette-tome-2-la-revolution\/"},"modified":"2025-02-13T17:55:58","modified_gmt":"2025-02-13T16:55:58","slug":"memoires-de-marie-antoinette-tome-2-la-revolution","status":"publish","type":"product","link":"http:\/\/lechappeeclose.it\/it\/boutique\/livres\/roman-graphique-bd\/biographies\/memoires-de-marie-antoinette-tome-2-la-revolution\/","title":{"rendered":"M\u00e9moires de Marie-Antoinette &#8211; Tome 2: La R\u00e9volution"},"content":{"rendered":"<p>Un portrait sans concession de la plus c\u00e9l\u00e8bre des reinesEn choisissant de raconter la vie de Marie-Antoinette comme si elle \u00e9crivait ses propres m\u00e9moires, No\u00ebl Simsolo trouve le ton juste pour brosser un portrait \u00e0 la fois complet et touchant de la plus c\u00e9l\u00e8bre reine de France, auquel le trait l\u00e9ger et d\u00e9licat d\u2019Isa Python vient apporter un suppl\u00e9ment d\u2019\u00e9l\u00e9gance.<\/p>","protected":false},"excerpt":{"rendered":"<p>Un portrait sans concession de la plus c\u00e9l\u00e8bre des reinesEn choisissant de raconter la vie de Marie-Antoinette comme si elle \u00e9crivait ses propres m\u00e9moires, No\u00ebl Simsolo trouve le ton juste pour brosser un portrait \u00e0 la fois complet et touchant de la plus c\u00e9l\u00e8bre reine de France, auquel le trait l\u00e9ger et d\u00e9licat d\u2019Isa Python [&hellip;]<\/p>","protected":false},"featured_media":8524,"comment_status":"open","ping_status":"closed","template":"","meta":[],"product_brand":[],"product_cat":[55],"product_tag":[],"class_list":{"0":"post-8525","1":"product","2":"type-product","3":"status-publish","4":"has-post-thumbnail","6":"product_cat-biographies","8":"first","9":"instock","10":"taxable","11":"shipping-taxable","12":"purchasable","13":"product-type-simple"},"yoast_head":"<!-- This site is optimized with the Yoast SEO plugin v27.4 - https:\/\/yoast.com\/product\/yoast-seo-wordpress\/ -->\n<title>M\u00e9moires de Marie-Antoinette - Tome 2: La R\u00e9volution - l&#039;\u00e9chapp\u00e9e close<\/title>\n<meta name=\"robots\" content=\"index, follow, max-snippet:-1, max-image-preview:large, max-video-preview:-1\" \/>\n<link rel=\"canonical\" href=\"http:\/\/lechappeeclose.it\/it\/boutique\/livres\/roman-graphique-bd\/biographies\/memoires-de-marie-antoinette-tome-2-la-revolution\/\" \/>\n<meta property=\"og:locale\" content=\"it_IT\" \/>\n<meta property=\"og:type\" content=\"article\" \/>\n<meta property=\"og:title\" content=\"M\u00e9moires de Marie-Antoinette - Tome 2: La R\u00e9volution - l&#039;\u00e9chapp\u00e9e close\" \/>\n<meta property=\"og:description\" content=\"Un portrait sans concession de la plus c\u00e9l\u00e8bre des reinesEn choisissant de raconter la vie de Marie-Antoinette comme si elle \u00e9crivait ses propres m\u00e9moires, No\u00ebl Simsolo trouve le ton juste pour brosser un portrait \u00e0 la fois complet et touchant de la plus c\u00e9l\u00e8bre reine de France, auquel le trait l\u00e9ger et d\u00e9licat d\u2019Isa Python [&hellip;]\" \/>\n<meta property=\"og:url\" content=\"http:\/\/lechappeeclose.it\/it\/boutique\/livres\/roman-graphique-bd\/biographies\/memoires-de-marie-antoinette-tome-2-la-revolution\/\" \/>\n<meta property=\"og:site_name\" content=\"l&#039;\u00e9chapp\u00e9e close\" \/>\n<meta property=\"og:image\" content=\"http:\/\/lechappeeclose.it\/wp-content\/uploads\/2025\/02\/Memoires-de-Marie-Antoinette-Tome-2-La-Revolution.jpg\" \/>\n\t<meta property=\"og:image:width\" content=\"378\" \/>\n\t<meta property=\"og:image:height\" content=\"499\" \/>\n\t<meta property=\"og:image:type\" content=\"image\/jpeg\" \/>\n<meta name=\"twitter:card\" content=\"summary_large_image\" \/>\n<script type=\"application\/ld+json\" class=\"yoast-schema-graph\">{\"@context\":\"https:\\\/\\\/schema.org\",\"@graph\":[{\"@type\":\"WebPage\",\"@id\":\"http:\\\/\\\/lechappeeclose.it\\\/boutique\\\/livres\\\/roman-graphique-bd\\\/biographies\\\/memoires-de-marie-antoinette-tome-2-la-revolution\\\/\",\"url\":\"http:\\\/\\\/lechappeeclose.it\\\/boutique\\\/livres\\\/roman-graphique-bd\\\/biographies\\\/memoires-de-marie-antoinette-tome-2-la-revolution\\\/\",\"name\":\"M\u00e9moires de Marie-Antoinette - Tome 2: La R\u00e9volution - l&#039;\u00e9chapp\u00e9e close\",\"isPartOf\":{\"@id\":\"http:\\\/\\\/lechappeeclose.it\\\/#website\"},\"primaryImageOfPage\":{\"@id\":\"http:\\\/\\\/lechappeeclose.it\\\/boutique\\\/livres\\\/roman-graphique-bd\\\/biographies\\\/memoires-de-marie-antoinette-tome-2-la-revolution\\\/#primaryimage\"},\"image\":{\"@id\":\"http:\\\/\\\/lechappeeclose.it\\\/boutique\\\/livres\\\/roman-graphique-bd\\\/biographies\\\/memoires-de-marie-antoinette-tome-2-la-revolution\\\/#primaryimage\"},\"thumbnailUrl\":\"http:\\\/\\\/lechappeeclose.it\\\/wp-content\\\/uploads\\\/2025\\\/02\\\/Memoires-de-Marie-Antoinette-Tome-2-La-Revolution.jpg\",\"datePublished\":\"2025-02-13T16:55:58+00:00\",\"breadcrumb\":{\"@id\":\"http:\\\/\\\/lechappeeclose.it\\\/boutique\\\/livres\\\/roman-graphique-bd\\\/biographies\\\/memoires-de-marie-antoinette-tome-2-la-revolution\\\/#breadcrumb\"},\"inLanguage\":\"it-IT\",\"potentialAction\":[{\"@type\":\"ReadAction\",\"target\":[\"http:\\\/\\\/lechappeeclose.it\\\/boutique\\\/livres\\\/roman-graphique-bd\\\/biographies\\\/memoires-de-marie-antoinette-tome-2-la-revolution\\\/\"]}]},{\"@type\":\"ImageObject\",\"inLanguage\":\"it-IT\",\"@id\":\"http:\\\/\\\/lechappeeclose.it\\\/boutique\\\/livres\\\/roman-graphique-bd\\\/biographies\\\/memoires-de-marie-antoinette-tome-2-la-revolution\\\/#primaryimage\",\"url\":\"http:\\\/\\\/lechappeeclose.it\\\/wp-content\\\/uploads\\\/2025\\\/02\\\/Memoires-de-Marie-Antoinette-Tome-2-La-Revolution.jpg\",\"contentUrl\":\"http:\\\/\\\/lechappeeclose.it\\\/wp-content\\\/uploads\\\/2025\\\/02\\\/Memoires-de-Marie-Antoinette-Tome-2-La-Revolution.jpg\",\"width\":378,\"height\":499},{\"@type\":\"BreadcrumbList\",\"@id\":\"http:\\\/\\\/lechappeeclose.it\\\/boutique\\\/livres\\\/roman-graphique-bd\\\/biographies\\\/memoires-de-marie-antoinette-tome-2-la-revolution\\\/#breadcrumb\",\"itemListElement\":[{\"@type\":\"ListItem\",\"position\":1,\"name\":\"Accueil\",\"item\":\"http:\\\/\\\/lechappeeclose.it\\\/\"},{\"@type\":\"ListItem\",\"position\":2,\"name\":\"Boutique\",\"item\":\"http:\\\/\\\/lechappeeclose.it\\\/it\\\/boutique\\\/\"},{\"@type\":\"ListItem\",\"position\":3,\"name\":\"M\u00e9moires de Marie-Antoinette &#8211; Tome 2: La R\u00e9volution\"}]},{\"@type\":\"WebSite\",\"@id\":\"http:\\\/\\\/lechappeeclose.it\\\/#website\",\"url\":\"http:\\\/\\\/lechappeeclose.it\\\/\",\"name\":\"l&#039;\u00e9chapp\u00e9e close\",\"description\":\"la librairie fran\u00e7aise de Milan\",\"publisher\":{\"@id\":\"http:\\\/\\\/lechappeeclose.it\\\/#organization\"},\"alternateName\":\"La librairie fran\u00e7aise de Milan\",\"potentialAction\":[{\"@type\":\"SearchAction\",\"target\":{\"@type\":\"EntryPoint\",\"urlTemplate\":\"http:\\\/\\\/lechappeeclose.it\\\/?s={search_term_string}\"},\"query-input\":{\"@type\":\"PropertyValueSpecification\",\"valueRequired\":true,\"valueName\":\"search_term_string\"}}],\"inLanguage\":\"it-IT\"},{\"@type\":\"Organization\",\"@id\":\"http:\\\/\\\/lechappeeclose.it\\\/#organization\",\"name\":\"l&#039;\u00e9chapp\u00e9e close\",\"url\":\"http:\\\/\\\/lechappeeclose.it\\\/\",\"logo\":{\"@type\":\"ImageObject\",\"inLanguage\":\"it-IT\",\"@id\":\"http:\\\/\\\/lechappeeclose.it\\\/#\\\/schema\\\/logo\\\/image\\\/\",\"url\":\"http:\\\/\\\/lechappeeclose.it\\\/wp-content\\\/uploads\\\/2025\\\/02\\\/cropped-logo-rond.png\",\"contentUrl\":\"http:\\\/\\\/lechappeeclose.it\\\/wp-content\\\/uploads\\\/2025\\\/02\\\/cropped-logo-rond.png\",\"width\":1080,\"height\":1080,\"caption\":\"l&#039;\u00e9chapp\u00e9e close\"},\"image\":{\"@id\":\"http:\\\/\\\/lechappeeclose.it\\\/#\\\/schema\\\/logo\\\/image\\\/\"},\"sameAs\":[\"https:\\\/\\\/www.instagram.com\\\/lechappeeclose\\\/\"]}]}<\/script>\n<!-- \/ Yoast SEO plugin. -->","yoast_head_json":{"title":"M\u00e9moires de Marie-Antoinette - Tome 2: La R\u00e9volution - l&#039;\u00e9chapp\u00e9e close","robots":{"index":"index","follow":"follow","max-snippet":"max-snippet:-1","max-image-preview":"max-image-preview:large","max-video-preview":"max-video-preview:-1"},"canonical":"http:\/\/lechappeeclose.it\/it\/boutique\/livres\/roman-graphique-bd\/biographies\/memoires-de-marie-antoinette-tome-2-la-revolution\/","og_locale":"it_IT","og_type":"article","og_title":"M\u00e9moires de Marie-Antoinette - Tome 2: La R\u00e9volution - l&#039;\u00e9chapp\u00e9e close","og_description":"Un portrait sans concession de la plus c\u00e9l\u00e8bre des reinesEn choisissant de raconter la vie de Marie-Antoinette comme si elle \u00e9crivait ses propres m\u00e9moires, No\u00ebl Simsolo trouve le ton juste pour brosser un portrait \u00e0 la fois complet et touchant de la plus c\u00e9l\u00e8bre reine de France, auquel le trait l\u00e9ger et d\u00e9licat d\u2019Isa Python [&hellip;]","og_url":"http:\/\/lechappeeclose.it\/it\/boutique\/livres\/roman-graphique-bd\/biographies\/memoires-de-marie-antoinette-tome-2-la-revolution\/","og_site_name":"l&#039;\u00e9chapp\u00e9e close","og_image":[{"width":378,"height":499,"url":"http:\/\/lechappeeclose.it\/wp-content\/uploads\/2025\/02\/Memoires-de-Marie-Antoinette-Tome-2-La-Revolution.jpg","type":"image\/jpeg"}],"twitter_card":"summary_large_image","schema":{"@context":"https:\/\/schema.org","@graph":[{"@type":"WebPage","@id":"http:\/\/lechappeeclose.it\/boutique\/livres\/roman-graphique-bd\/biographies\/memoires-de-marie-antoinette-tome-2-la-revolution\/","url":"http:\/\/lechappeeclose.it\/boutique\/livres\/roman-graphique-bd\/biographies\/memoires-de-marie-antoinette-tome-2-la-revolution\/","name":"M\u00e9moires de Marie-Antoinette - Tome 2: La R\u00e9volution - l&#039;\u00e9chapp\u00e9e close","isPartOf":{"@id":"http:\/\/lechappeeclose.it\/#website"},"primaryImageOfPage":{"@id":"http:\/\/lechappeeclose.it\/boutique\/livres\/roman-graphique-bd\/biographies\/memoires-de-marie-antoinette-tome-2-la-revolution\/#primaryimage"},"image":{"@id":"http:\/\/lechappeeclose.it\/boutique\/livres\/roman-graphique-bd\/biographies\/memoires-de-marie-antoinette-tome-2-la-revolution\/#primaryimage"},"thumbnailUrl":"http:\/\/lechappeeclose.it\/wp-content\/uploads\/2025\/02\/Memoires-de-Marie-Antoinette-Tome-2-La-Revolution.jpg","datePublished":"2025-02-13T16:55:58+00:00","breadcrumb":{"@id":"http:\/\/lechappeeclose.it\/boutique\/livres\/roman-graphique-bd\/biographies\/memoires-de-marie-antoinette-tome-2-la-revolution\/#breadcrumb"},"inLanguage":"it-IT","potentialAction":[{"@type":"ReadAction","target":["http:\/\/lechappeeclose.it\/boutique\/livres\/roman-graphique-bd\/biographies\/memoires-de-marie-antoinette-tome-2-la-revolution\/"]}]},{"@type":"ImageObject","inLanguage":"it-IT","@id":"http:\/\/lechappeeclose.it\/boutique\/livres\/roman-graphique-bd\/biographies\/memoires-de-marie-antoinette-tome-2-la-revolution\/#primaryimage","url":"http:\/\/lechappeeclose.it\/wp-content\/uploads\/2025\/02\/Memoires-de-Marie-Antoinette-Tome-2-La-Revolution.jpg","contentUrl":"http:\/\/lechappeeclose.it\/wp-content\/uploads\/2025\/02\/Memoires-de-Marie-Antoinette-Tome-2-La-Revolution.jpg","width":378,"height":499},{"@type":"BreadcrumbList","@id":"http:\/\/lechappeeclose.it\/boutique\/livres\/roman-graphique-bd\/biographies\/memoires-de-marie-antoinette-tome-2-la-revolution\/#breadcrumb","itemListElement":[{"@type":"ListItem","position":1,"name":"Accueil","item":"http:\/\/lechappeeclose.it\/"},{"@type":"ListItem","position":2,"name":"Boutique","item":"http:\/\/lechappeeclose.it\/it\/boutique\/"},{"@type":"ListItem","position":3,"name":"M\u00e9moires de Marie-Antoinette &#8211; Tome 2: La R\u00e9volution"}]},{"@type":"WebSite","@id":"http:\/\/lechappeeclose.it\/#website","url":"http:\/\/lechappeeclose.it\/","name":"l&#039;\u00e9chapp\u00e9e close","description":"La libreria francese di Milano","publisher":{"@id":"http:\/\/lechappeeclose.it\/#organization"},"alternateName":"La librairie fran\u00e7aise de Milan","potentialAction":[{"@type":"SearchAction","target":{"@type":"EntryPoint","urlTemplate":"http:\/\/lechappeeclose.it\/?s={search_term_string}"},"query-input":{"@type":"PropertyValueSpecification","valueRequired":true,"valueName":"search_term_string"}}],"inLanguage":"it-IT"},{"@type":"Organization","@id":"http:\/\/lechappeeclose.it\/#organization","name":"l&#039;\u00e9chapp\u00e9e close","url":"http:\/\/lechappeeclose.it\/","logo":{"@type":"ImageObject","inLanguage":"it-IT","@id":"http:\/\/lechappeeclose.it\/#\/schema\/logo\/image\/","url":"http:\/\/lechappeeclose.it\/wp-content\/uploads\/2025\/02\/cropped-logo-rond.png","contentUrl":"http:\/\/lechappeeclose.it\/wp-content\/uploads\/2025\/02\/cropped-logo-rond.png","width":1080,"height":1080,"caption":"l&#039;\u00e9chapp\u00e9e close"},"image":{"@id":"http:\/\/lechappeeclose.it\/#\/schema\/logo\/image\/"},"sameAs":["https:\/\/www.instagram.com\/lechappeeclose\/"]}]}},"_links":{"self":[{"href":"http:\/\/lechappeeclose.it\/it\/wp-json\/wp\/v2\/product\/8525","targetHints":{"allow":["GET"]}}],"collection":[{"href":"http:\/\/lechappeeclose.it\/it\/wp-json\/wp\/v2\/product"}],"about":[{"href":"http:\/\/lechappeeclose.it\/it\/wp-json\/wp\/v2\/types\/product"}],"replies":[{"embeddable":true,"href":"http:\/\/lechappeeclose.it\/it\/wp-json\/wp\/v2\/comments?post=8525"}],"wp:featuredmedia":[{"embeddable":true,"href":"http:\/\/lechappeeclose.it\/it\/wp-json\/wp\/v2\/media\/8524"}],"wp:attachment":[{"href":"http:\/\/lechappeeclose.it\/it\/wp-json\/wp\/v2\/media?parent=8525"}],"wp:term":[{"taxonomy":"product_brand","embeddable":true,"href":"http:\/\/lechappeeclose.it\/it\/wp-json\/wp\/v2\/product_brand?post=8525"},{"taxonomy":"product_cat","embeddable":true,"href":"http:\/\/lechappeeclose.it\/it\/wp-json\/wp\/v2\/product_cat?post=8525"},{"taxonomy":"product_tag","embeddable":true,"href":"http:\/\/lechappeeclose.it\/it\/wp-json\/wp\/v2\/product_tag?post=8525"}],"curies":[{"name":"wp","href":"https:\/\/api.w.org\/{rel}","templated":true}]}}