{"id":8475,"date":"2025-02-13T17:33:59","date_gmt":"2025-02-13T16:33:59","guid":{"rendered":"https:\/\/lechappeeclose.it\/produit\/alice-zeniter\/"},"modified":"2025-02-20T15:25:38","modified_gmt":"2025-02-20T14:25:38","slug":"alice-zeniter","status":"publish","type":"product","link":"http:\/\/lechappeeclose.it\/it\/boutique\/livres\/litterature\/romans\/alice-zeniter\/","title":{"rendered":"Alice Zeniter, Ecrire c&#8217;est le plus dr\u00f4le de tous les jeux"},"content":{"rendered":"<p>L\u2019art litt\u00e9raire d\u2019Alice Zeniter, de A \u00e0 Z. Remarqu\u00e9e en CE2 par une autrice confirm\u00e9e, publiant son premier livre \u00e0 seize ans, cette romanci\u00e8re, dramaturge, metteuse en sc\u00e8ne, traductrice et sc\u00e9nariste s\u2019est impos\u00e9e comme l\u2019une des voix les plus stimulantes du paysage franco &#8211; phone. Aux H\u00e9brides ou en Hongrie, au plus pr\u00e8s des affects d\u2019une hackeuse, d\u2019anciens harkis ou d\u2019une femme de m\u00e9nage, les histoires d\u2019A. interpellent, en sa qualit\u00e9 de membre honoraire de ce club d\u2019\u00e9crivain\u00b7e\u00b7s qui refusent d\u2019\u00e9crire toujours le m\u00eame livre. Mais comment cette amoureuse \u00e9perdue des enqu\u00eates de Sherlock Holmes travaille-t-elle au quotidien? De quelle fa\u00e7on sa pratique du th\u00e9\u00e2tre influence-t-elle sa prose? Comment surmonter ses doutes quand on se trouve \u00ab \u00e9cras\u00e9e par l\u2019ampleur de ses sujets \u00bb ? Et qu\u2019est-ce que \u00ab la strat\u00e9gie de la semoule \u00bb? Un dialogue didactique, plein d\u2019humour et de modestie, sur la fabrique de l\u2019\u00e9criture.<\/p>","protected":false},"excerpt":{"rendered":"<p>L\u2019art litt\u00e9raire d\u2019Alice Zeniter, de A \u00e0 Z. Remarqu\u00e9e en CE2 par une autrice confirm\u00e9e, publiant son premier livre \u00e0 seize ans, cette romanci\u00e8re, dramaturge, metteuse en sc\u00e8ne, traductrice et sc\u00e9nariste s\u2019est impos\u00e9e comme l\u2019une des voix les plus stimulantes du paysage franco &#8211; phone. Aux H\u00e9brides ou en Hongrie, au plus pr\u00e8s des affects [&hellip;]<\/p>","protected":false},"featured_media":8474,"comment_status":"open","ping_status":"closed","template":"","meta":[],"product_brand":[],"product_cat":[46],"product_tag":[],"class_list":{"0":"post-8475","1":"product","2":"type-product","3":"status-publish","4":"has-post-thumbnail","6":"product_cat-romans","8":"first","9":"instock","10":"taxable","11":"shipping-taxable","12":"purchasable","13":"product-type-simple"},"yoast_head":"<!-- This site is optimized with the Yoast SEO plugin v27.4 - https:\/\/yoast.com\/product\/yoast-seo-wordpress\/ -->\n<title>Alice Zeniter, Ecrire c&#039;est le plus dr\u00f4le de tous les jeux - l&#039;\u00e9chapp\u00e9e close<\/title>\n<meta name=\"robots\" content=\"index, follow, max-snippet:-1, max-image-preview:large, max-video-preview:-1\" \/>\n<link rel=\"canonical\" href=\"http:\/\/lechappeeclose.it\/it\/boutique\/livres\/litterature\/romans\/alice-zeniter\/\" \/>\n<meta property=\"og:locale\" content=\"it_IT\" \/>\n<meta property=\"og:type\" content=\"article\" \/>\n<meta property=\"og:title\" content=\"Alice Zeniter, Ecrire c&#039;est le plus dr\u00f4le de tous les jeux - l&#039;\u00e9chapp\u00e9e close\" \/>\n<meta property=\"og:description\" content=\"L\u2019art litt\u00e9raire d\u2019Alice Zeniter, de A \u00e0 Z. Remarqu\u00e9e en CE2 par une autrice confirm\u00e9e, publiant son premier livre \u00e0 seize ans, cette romanci\u00e8re, dramaturge, metteuse en sc\u00e8ne, traductrice et sc\u00e9nariste s\u2019est impos\u00e9e comme l\u2019une des voix les plus stimulantes du paysage franco &#8211; phone. Aux H\u00e9brides ou en Hongrie, au plus pr\u00e8s des affects [&hellip;]\" \/>\n<meta property=\"og:url\" content=\"http:\/\/lechappeeclose.it\/it\/boutique\/livres\/litterature\/romans\/alice-zeniter\/\" \/>\n<meta property=\"og:site_name\" content=\"l&#039;\u00e9chapp\u00e9e close\" \/>\n<meta property=\"article:modified_time\" content=\"2025-02-20T14:25:38+00:00\" \/>\n<meta property=\"og:image\" content=\"http:\/\/lechappeeclose.it\/wp-content\/uploads\/2025\/02\/Alice-Zeniter.jpg\" \/>\n\t<meta property=\"og:image:width\" content=\"1535\" \/>\n\t<meta property=\"og:image:height\" content=\"2185\" \/>\n\t<meta property=\"og:image:type\" content=\"image\/jpeg\" \/>\n<meta name=\"twitter:card\" content=\"summary_large_image\" \/>\n<meta name=\"twitter:label1\" content=\"Tempo di lettura stimato\" \/>\n\t<meta name=\"twitter:data1\" content=\"1 minuto\" \/>\n<script type=\"application\/ld+json\" class=\"yoast-schema-graph\">{\"@context\":\"https:\\\/\\\/schema.org\",\"@graph\":[{\"@type\":\"WebPage\",\"@id\":\"http:\\\/\\\/lechappeeclose.it\\\/it\\\/boutique\\\/livres\\\/litterature\\\/romans\\\/alice-zeniter\\\/\",\"url\":\"http:\\\/\\\/lechappeeclose.it\\\/it\\\/boutique\\\/livres\\\/litterature\\\/romans\\\/alice-zeniter\\\/\",\"name\":\"Alice Zeniter, Ecrire c'est le plus dr\u00f4le de tous les jeux - l&#039;\u00e9chapp\u00e9e close\",\"isPartOf\":{\"@id\":\"http:\\\/\\\/lechappeeclose.it\\\/#website\"},\"primaryImageOfPage\":{\"@id\":\"http:\\\/\\\/lechappeeclose.it\\\/it\\\/boutique\\\/livres\\\/litterature\\\/romans\\\/alice-zeniter\\\/#primaryimage\"},\"image\":{\"@id\":\"http:\\\/\\\/lechappeeclose.it\\\/it\\\/boutique\\\/livres\\\/litterature\\\/romans\\\/alice-zeniter\\\/#primaryimage\"},\"thumbnailUrl\":\"http:\\\/\\\/lechappeeclose.it\\\/wp-content\\\/uploads\\\/2025\\\/02\\\/Alice-Zeniter.jpg\",\"datePublished\":\"2025-02-13T16:33:59+00:00\",\"dateModified\":\"2025-02-20T14:25:38+00:00\",\"breadcrumb\":{\"@id\":\"http:\\\/\\\/lechappeeclose.it\\\/it\\\/boutique\\\/livres\\\/litterature\\\/romans\\\/alice-zeniter\\\/#breadcrumb\"},\"inLanguage\":\"it-IT\",\"potentialAction\":[{\"@type\":\"ReadAction\",\"target\":[\"http:\\\/\\\/lechappeeclose.it\\\/it\\\/boutique\\\/livres\\\/litterature\\\/romans\\\/alice-zeniter\\\/\"]}]},{\"@type\":\"ImageObject\",\"inLanguage\":\"it-IT\",\"@id\":\"http:\\\/\\\/lechappeeclose.it\\\/it\\\/boutique\\\/livres\\\/litterature\\\/romans\\\/alice-zeniter\\\/#primaryimage\",\"url\":\"http:\\\/\\\/lechappeeclose.it\\\/wp-content\\\/uploads\\\/2025\\\/02\\\/Alice-Zeniter.jpg\",\"contentUrl\":\"http:\\\/\\\/lechappeeclose.it\\\/wp-content\\\/uploads\\\/2025\\\/02\\\/Alice-Zeniter.jpg\",\"width\":1535,\"height\":2185},{\"@type\":\"BreadcrumbList\",\"@id\":\"http:\\\/\\\/lechappeeclose.it\\\/it\\\/boutique\\\/livres\\\/litterature\\\/romans\\\/alice-zeniter\\\/#breadcrumb\",\"itemListElement\":[{\"@type\":\"ListItem\",\"position\":1,\"name\":\"Accueil\",\"item\":\"http:\\\/\\\/lechappeeclose.it\\\/\"},{\"@type\":\"ListItem\",\"position\":2,\"name\":\"Boutique\",\"item\":\"http:\\\/\\\/lechappeeclose.it\\\/it\\\/boutique\\\/\"},{\"@type\":\"ListItem\",\"position\":3,\"name\":\"Alice Zeniter, Ecrire c&#8217;est le plus dr\u00f4le de tous les jeux\"}]},{\"@type\":\"WebSite\",\"@id\":\"http:\\\/\\\/lechappeeclose.it\\\/#website\",\"url\":\"http:\\\/\\\/lechappeeclose.it\\\/\",\"name\":\"l&#039;\u00e9chapp\u00e9e close\",\"description\":\"la librairie fran\u00e7aise de Milan\",\"publisher\":{\"@id\":\"http:\\\/\\\/lechappeeclose.it\\\/#organization\"},\"alternateName\":\"La librairie fran\u00e7aise de Milan\",\"potentialAction\":[{\"@type\":\"SearchAction\",\"target\":{\"@type\":\"EntryPoint\",\"urlTemplate\":\"http:\\\/\\\/lechappeeclose.it\\\/?s={search_term_string}\"},\"query-input\":{\"@type\":\"PropertyValueSpecification\",\"valueRequired\":true,\"valueName\":\"search_term_string\"}}],\"inLanguage\":\"it-IT\"},{\"@type\":\"Organization\",\"@id\":\"http:\\\/\\\/lechappeeclose.it\\\/#organization\",\"name\":\"l&#039;\u00e9chapp\u00e9e close\",\"url\":\"http:\\\/\\\/lechappeeclose.it\\\/\",\"logo\":{\"@type\":\"ImageObject\",\"inLanguage\":\"it-IT\",\"@id\":\"http:\\\/\\\/lechappeeclose.it\\\/#\\\/schema\\\/logo\\\/image\\\/\",\"url\":\"http:\\\/\\\/lechappeeclose.it\\\/wp-content\\\/uploads\\\/2025\\\/02\\\/cropped-logo-rond.png\",\"contentUrl\":\"http:\\\/\\\/lechappeeclose.it\\\/wp-content\\\/uploads\\\/2025\\\/02\\\/cropped-logo-rond.png\",\"width\":1080,\"height\":1080,\"caption\":\"l&#039;\u00e9chapp\u00e9e close\"},\"image\":{\"@id\":\"http:\\\/\\\/lechappeeclose.it\\\/#\\\/schema\\\/logo\\\/image\\\/\"},\"sameAs\":[\"https:\\\/\\\/www.instagram.com\\\/lechappeeclose\\\/\"]}]}<\/script>\n<!-- \/ Yoast SEO plugin. -->","yoast_head_json":{"title":"Alice Zeniter, Ecrire c'est le plus dr\u00f4le de tous les jeux - l&#039;\u00e9chapp\u00e9e close","robots":{"index":"index","follow":"follow","max-snippet":"max-snippet:-1","max-image-preview":"max-image-preview:large","max-video-preview":"max-video-preview:-1"},"canonical":"http:\/\/lechappeeclose.it\/it\/boutique\/livres\/litterature\/romans\/alice-zeniter\/","og_locale":"it_IT","og_type":"article","og_title":"Alice Zeniter, Ecrire c'est le plus dr\u00f4le de tous les jeux - l&#039;\u00e9chapp\u00e9e close","og_description":"L\u2019art litt\u00e9raire d\u2019Alice Zeniter, de A \u00e0 Z. Remarqu\u00e9e en CE2 par une autrice confirm\u00e9e, publiant son premier livre \u00e0 seize ans, cette romanci\u00e8re, dramaturge, metteuse en sc\u00e8ne, traductrice et sc\u00e9nariste s\u2019est impos\u00e9e comme l\u2019une des voix les plus stimulantes du paysage franco &#8211; phone. Aux H\u00e9brides ou en Hongrie, au plus pr\u00e8s des affects [&hellip;]","og_url":"http:\/\/lechappeeclose.it\/it\/boutique\/livres\/litterature\/romans\/alice-zeniter\/","og_site_name":"l&#039;\u00e9chapp\u00e9e close","article_modified_time":"2025-02-20T14:25:38+00:00","og_image":[{"width":1535,"height":2185,"url":"http:\/\/lechappeeclose.it\/wp-content\/uploads\/2025\/02\/Alice-Zeniter.jpg","type":"image\/jpeg"}],"twitter_card":"summary_large_image","twitter_misc":{"Tempo di lettura stimato":"1 minuto"},"schema":{"@context":"https:\/\/schema.org","@graph":[{"@type":"WebPage","@id":"http:\/\/lechappeeclose.it\/it\/boutique\/livres\/litterature\/romans\/alice-zeniter\/","url":"http:\/\/lechappeeclose.it\/it\/boutique\/livres\/litterature\/romans\/alice-zeniter\/","name":"Alice Zeniter, Ecrire c'est le plus dr\u00f4le de tous les jeux - l&#039;\u00e9chapp\u00e9e close","isPartOf":{"@id":"http:\/\/lechappeeclose.it\/#website"},"primaryImageOfPage":{"@id":"http:\/\/lechappeeclose.it\/it\/boutique\/livres\/litterature\/romans\/alice-zeniter\/#primaryimage"},"image":{"@id":"http:\/\/lechappeeclose.it\/it\/boutique\/livres\/litterature\/romans\/alice-zeniter\/#primaryimage"},"thumbnailUrl":"http:\/\/lechappeeclose.it\/wp-content\/uploads\/2025\/02\/Alice-Zeniter.jpg","datePublished":"2025-02-13T16:33:59+00:00","dateModified":"2025-02-20T14:25:38+00:00","breadcrumb":{"@id":"http:\/\/lechappeeclose.it\/it\/boutique\/livres\/litterature\/romans\/alice-zeniter\/#breadcrumb"},"inLanguage":"it-IT","potentialAction":[{"@type":"ReadAction","target":["http:\/\/lechappeeclose.it\/it\/boutique\/livres\/litterature\/romans\/alice-zeniter\/"]}]},{"@type":"ImageObject","inLanguage":"it-IT","@id":"http:\/\/lechappeeclose.it\/it\/boutique\/livres\/litterature\/romans\/alice-zeniter\/#primaryimage","url":"http:\/\/lechappeeclose.it\/wp-content\/uploads\/2025\/02\/Alice-Zeniter.jpg","contentUrl":"http:\/\/lechappeeclose.it\/wp-content\/uploads\/2025\/02\/Alice-Zeniter.jpg","width":1535,"height":2185},{"@type":"BreadcrumbList","@id":"http:\/\/lechappeeclose.it\/it\/boutique\/livres\/litterature\/romans\/alice-zeniter\/#breadcrumb","itemListElement":[{"@type":"ListItem","position":1,"name":"Accueil","item":"http:\/\/lechappeeclose.it\/"},{"@type":"ListItem","position":2,"name":"Boutique","item":"http:\/\/lechappeeclose.it\/it\/boutique\/"},{"@type":"ListItem","position":3,"name":"Alice Zeniter, Ecrire c&#8217;est le plus dr\u00f4le de tous les jeux"}]},{"@type":"WebSite","@id":"http:\/\/lechappeeclose.it\/#website","url":"http:\/\/lechappeeclose.it\/","name":"l&#039;\u00e9chapp\u00e9e close","description":"La libreria francese di Milano","publisher":{"@id":"http:\/\/lechappeeclose.it\/#organization"},"alternateName":"La librairie fran\u00e7aise de Milan","potentialAction":[{"@type":"SearchAction","target":{"@type":"EntryPoint","urlTemplate":"http:\/\/lechappeeclose.it\/?s={search_term_string}"},"query-input":{"@type":"PropertyValueSpecification","valueRequired":true,"valueName":"search_term_string"}}],"inLanguage":"it-IT"},{"@type":"Organization","@id":"http:\/\/lechappeeclose.it\/#organization","name":"l&#039;\u00e9chapp\u00e9e close","url":"http:\/\/lechappeeclose.it\/","logo":{"@type":"ImageObject","inLanguage":"it-IT","@id":"http:\/\/lechappeeclose.it\/#\/schema\/logo\/image\/","url":"http:\/\/lechappeeclose.it\/wp-content\/uploads\/2025\/02\/cropped-logo-rond.png","contentUrl":"http:\/\/lechappeeclose.it\/wp-content\/uploads\/2025\/02\/cropped-logo-rond.png","width":1080,"height":1080,"caption":"l&#039;\u00e9chapp\u00e9e close"},"image":{"@id":"http:\/\/lechappeeclose.it\/#\/schema\/logo\/image\/"},"sameAs":["https:\/\/www.instagram.com\/lechappeeclose\/"]}]}},"_links":{"self":[{"href":"http:\/\/lechappeeclose.it\/it\/wp-json\/wp\/v2\/product\/8475","targetHints":{"allow":["GET"]}}],"collection":[{"href":"http:\/\/lechappeeclose.it\/it\/wp-json\/wp\/v2\/product"}],"about":[{"href":"http:\/\/lechappeeclose.it\/it\/wp-json\/wp\/v2\/types\/product"}],"replies":[{"embeddable":true,"href":"http:\/\/lechappeeclose.it\/it\/wp-json\/wp\/v2\/comments?post=8475"}],"wp:featuredmedia":[{"embeddable":true,"href":"http:\/\/lechappeeclose.it\/it\/wp-json\/wp\/v2\/media\/8474"}],"wp:attachment":[{"href":"http:\/\/lechappeeclose.it\/it\/wp-json\/wp\/v2\/media?parent=8475"}],"wp:term":[{"taxonomy":"product_brand","embeddable":true,"href":"http:\/\/lechappeeclose.it\/it\/wp-json\/wp\/v2\/product_brand?post=8475"},{"taxonomy":"product_cat","embeddable":true,"href":"http:\/\/lechappeeclose.it\/it\/wp-json\/wp\/v2\/product_cat?post=8475"},{"taxonomy":"product_tag","embeddable":true,"href":"http:\/\/lechappeeclose.it\/it\/wp-json\/wp\/v2\/product_tag?post=8475"}],"curies":[{"name":"wp","href":"https:\/\/api.w.org\/{rel}","templated":true}]}}