{"id":8385,"date":"2025-02-13T17:07:06","date_gmt":"2025-02-13T16:07:06","guid":{"rendered":"https:\/\/lechappeeclose.it\/produit\/les-enfants-sont-rois\/"},"modified":"2026-03-05T12:02:19","modified_gmt":"2026-03-05T11:02:19","slug":"les-enfants-sont-rois","status":"publish","type":"product","link":"http:\/\/lechappeeclose.it\/it\/boutique\/livres\/litterature\/romans\/les-enfants-sont-rois\/","title":{"rendered":"Les enfants sont rois"},"content":{"rendered":"<p>&#8220;M\u00eame dans les drames les plus terribles, les apparences ont leur mot \u00e0 dire.&#8221; M\u00e9lanie, qui a grandi dans le culte de la t\u00e9l\u00e9r\u00e9alit\u00e9, n&#8217;a qu&#8217;une id\u00e9e en t\u00eate : devenir c\u00e9l\u00e8bre. Mais son unique apparition \u00e0 l&#8217;\u00e9cran tourne au fiasco. Quelques ann\u00e9es plus tard, mari\u00e9e et m\u00e8re de famille, elle d\u00e9cide de mettre en sc\u00e8ne le quotidien de ses enfants sur YouTube. Le succ\u00e8s ne se fait pas attendre, et la voil\u00e0 bient\u00f4t suivie par des millions d&#8217;abonn\u00e9s. Jusqu&#8217;au jour o\u00f9 sa fille dispara\u00eet. Des ann\u00e9es Loft Story aux ann\u00e9es 2030, marqu\u00e9es par le sacre des r\u00e9seaux sociaux, Delphine de Vigan explore les d\u00e9rives d&#8217;une \u00e9poque o\u00f9 l&#8217;on ne vit que pour \u00eatre vu.<\/p>","protected":false},"excerpt":{"rendered":"<p>&#8220;M\u00eame dans les drames les plus terribles, les apparences ont leur mot \u00e0 dire.&#8221; M\u00e9lanie, qui a grandi dans le culte de la t\u00e9l\u00e9r\u00e9alit\u00e9, n&#8217;a qu&#8217;une id\u00e9e en t\u00eate : devenir c\u00e9l\u00e8bre. Mais son unique apparition \u00e0 l&#8217;\u00e9cran tourne au fiasco. Quelques ann\u00e9es plus tard, mari\u00e9e et m\u00e8re de famille, elle d\u00e9cide de mettre en [&hellip;]<\/p>","protected":false},"featured_media":8384,"comment_status":"open","ping_status":"closed","template":"","meta":[],"product_brand":[],"product_cat":[46],"product_tag":[],"class_list":{"0":"post-8385","1":"product","2":"type-product","3":"status-publish","4":"has-post-thumbnail","6":"product_cat-romans","8":"first","9":"instock","10":"taxable","11":"shipping-taxable","12":"purchasable","13":"product-type-simple"},"yoast_head":"<!-- This site is optimized with the Yoast SEO plugin v27.5 - https:\/\/yoast.com\/product\/yoast-seo-wordpress\/ -->\n<title>Les enfants sont rois - l&#039;\u00e9chapp\u00e9e close<\/title>\n<meta name=\"robots\" content=\"index, follow, max-snippet:-1, max-image-preview:large, max-video-preview:-1\" \/>\n<link rel=\"canonical\" href=\"https:\/\/lechappeeclose.it\/it\/boutique\/livres\/litterature\/romans\/les-enfants-sont-rois\/\" \/>\n<meta property=\"og:locale\" content=\"it_IT\" \/>\n<meta property=\"og:type\" content=\"article\" \/>\n<meta property=\"og:title\" content=\"Les enfants sont rois - l&#039;\u00e9chapp\u00e9e close\" \/>\n<meta property=\"og:description\" content=\"&#8220;M\u00eame dans les drames les plus terribles, les apparences ont leur mot \u00e0 dire.&#8221; M\u00e9lanie, qui a grandi dans le culte de la t\u00e9l\u00e9r\u00e9alit\u00e9, n&#8217;a qu&#8217;une id\u00e9e en t\u00eate : devenir c\u00e9l\u00e8bre. Mais son unique apparition \u00e0 l&#8217;\u00e9cran tourne au fiasco. Quelques ann\u00e9es plus tard, mari\u00e9e et m\u00e8re de famille, elle d\u00e9cide de mettre en [&hellip;]\" \/>\n<meta property=\"og:url\" content=\"https:\/\/lechappeeclose.it\/it\/boutique\/livres\/litterature\/romans\/les-enfants-sont-rois\/\" \/>\n<meta property=\"og:site_name\" content=\"l&#039;\u00e9chapp\u00e9e close\" \/>\n<meta property=\"article:modified_time\" content=\"2026-03-05T11:02:19+00:00\" \/>\n<meta property=\"og:image\" content=\"https:\/\/lechappeeclose.it\/wp-content\/uploads\/2025\/02\/Les-enfants-sont-rois.jpg\" \/>\n\t<meta property=\"og:image:width\" content=\"1276\" \/>\n\t<meta property=\"og:image:height\" content=\"2102\" \/>\n\t<meta property=\"og:image:type\" content=\"image\/jpeg\" \/>\n<meta name=\"twitter:card\" content=\"summary_large_image\" \/>\n<meta name=\"twitter:label1\" content=\"Tempo di lettura stimato\" \/>\n\t<meta name=\"twitter:data1\" content=\"1 minuto\" \/>\n<script type=\"application\/ld+json\" class=\"yoast-schema-graph\">{\"@context\":\"https:\\\/\\\/schema.org\",\"@graph\":[{\"@type\":\"WebPage\",\"@id\":\"https:\\\/\\\/lechappeeclose.it\\\/it\\\/boutique\\\/livres\\\/litterature\\\/romans\\\/les-enfants-sont-rois\\\/\",\"url\":\"https:\\\/\\\/lechappeeclose.it\\\/it\\\/boutique\\\/livres\\\/litterature\\\/romans\\\/les-enfants-sont-rois\\\/\",\"name\":\"Les enfants sont rois - l&#039;\u00e9chapp\u00e9e close\",\"isPartOf\":{\"@id\":\"http:\\\/\\\/lechappeeclose.it\\\/it\\\/#website\"},\"primaryImageOfPage\":{\"@id\":\"https:\\\/\\\/lechappeeclose.it\\\/it\\\/boutique\\\/livres\\\/litterature\\\/romans\\\/les-enfants-sont-rois\\\/#primaryimage\"},\"image\":{\"@id\":\"https:\\\/\\\/lechappeeclose.it\\\/it\\\/boutique\\\/livres\\\/litterature\\\/romans\\\/les-enfants-sont-rois\\\/#primaryimage\"},\"thumbnailUrl\":\"http:\\\/\\\/lechappeeclose.it\\\/wp-content\\\/uploads\\\/2025\\\/02\\\/Les-enfants-sont-rois.jpg\",\"datePublished\":\"2025-02-13T16:07:06+00:00\",\"dateModified\":\"2026-03-05T11:02:19+00:00\",\"breadcrumb\":{\"@id\":\"https:\\\/\\\/lechappeeclose.it\\\/it\\\/boutique\\\/livres\\\/litterature\\\/romans\\\/les-enfants-sont-rois\\\/#breadcrumb\"},\"inLanguage\":\"it-IT\",\"potentialAction\":[{\"@type\":\"ReadAction\",\"target\":[\"https:\\\/\\\/lechappeeclose.it\\\/it\\\/boutique\\\/livres\\\/litterature\\\/romans\\\/les-enfants-sont-rois\\\/\"]}]},{\"@type\":\"ImageObject\",\"inLanguage\":\"it-IT\",\"@id\":\"https:\\\/\\\/lechappeeclose.it\\\/it\\\/boutique\\\/livres\\\/litterature\\\/romans\\\/les-enfants-sont-rois\\\/#primaryimage\",\"url\":\"http:\\\/\\\/lechappeeclose.it\\\/wp-content\\\/uploads\\\/2025\\\/02\\\/Les-enfants-sont-rois.jpg\",\"contentUrl\":\"http:\\\/\\\/lechappeeclose.it\\\/wp-content\\\/uploads\\\/2025\\\/02\\\/Les-enfants-sont-rois.jpg\",\"width\":1276,\"height\":2102},{\"@type\":\"BreadcrumbList\",\"@id\":\"https:\\\/\\\/lechappeeclose.it\\\/it\\\/boutique\\\/livres\\\/litterature\\\/romans\\\/les-enfants-sont-rois\\\/#breadcrumb\",\"itemListElement\":[{\"@type\":\"ListItem\",\"position\":1,\"name\":\"Accueil\",\"item\":\"http:\\\/\\\/lechappeeclose.it\\\/it\\\/\"},{\"@type\":\"ListItem\",\"position\":2,\"name\":\"Boutique\",\"item\":\"http:\\\/\\\/lechappeeclose.it\\\/it\\\/boutique\\\/\"},{\"@type\":\"ListItem\",\"position\":3,\"name\":\"Les enfants sont rois\"}]},{\"@type\":\"WebSite\",\"@id\":\"http:\\\/\\\/lechappeeclose.it\\\/it\\\/#website\",\"url\":\"http:\\\/\\\/lechappeeclose.it\\\/it\\\/\",\"name\":\"l&#039;\u00e9chapp\u00e9e close\",\"description\":\"la librairie fran\u00e7aise de Milan\",\"publisher\":{\"@id\":\"http:\\\/\\\/lechappeeclose.it\\\/it\\\/#organization\"},\"alternateName\":\"La librairie fran\u00e7aise de Milan\",\"potentialAction\":[{\"@type\":\"SearchAction\",\"target\":{\"@type\":\"EntryPoint\",\"urlTemplate\":\"http:\\\/\\\/lechappeeclose.it\\\/it\\\/?s={search_term_string}\"},\"query-input\":{\"@type\":\"PropertyValueSpecification\",\"valueRequired\":true,\"valueName\":\"search_term_string\"}}],\"inLanguage\":\"it-IT\"},{\"@type\":\"Organization\",\"@id\":\"http:\\\/\\\/lechappeeclose.it\\\/it\\\/#organization\",\"name\":\"l&#039;\u00e9chapp\u00e9e close\",\"url\":\"http:\\\/\\\/lechappeeclose.it\\\/it\\\/\",\"logo\":{\"@type\":\"ImageObject\",\"inLanguage\":\"it-IT\",\"@id\":\"http:\\\/\\\/lechappeeclose.it\\\/it\\\/#\\\/schema\\\/logo\\\/image\\\/\",\"url\":\"http:\\\/\\\/lechappeeclose.it\\\/wp-content\\\/uploads\\\/2025\\\/02\\\/cropped-logo-rond.png\",\"contentUrl\":\"http:\\\/\\\/lechappeeclose.it\\\/wp-content\\\/uploads\\\/2025\\\/02\\\/cropped-logo-rond.png\",\"width\":1080,\"height\":1080,\"caption\":\"l&#039;\u00e9chapp\u00e9e close\"},\"image\":{\"@id\":\"http:\\\/\\\/lechappeeclose.it\\\/it\\\/#\\\/schema\\\/logo\\\/image\\\/\"},\"sameAs\":[\"https:\\\/\\\/www.instagram.com\\\/lechappeeclose\\\/\"]}]}<\/script>\n<!-- \/ Yoast SEO plugin. -->","yoast_head_json":{"title":"Les enfants sont rois - l&#039;\u00e9chapp\u00e9e close","robots":{"index":"index","follow":"follow","max-snippet":"max-snippet:-1","max-image-preview":"max-image-preview:large","max-video-preview":"max-video-preview:-1"},"canonical":"https:\/\/lechappeeclose.it\/it\/boutique\/livres\/litterature\/romans\/les-enfants-sont-rois\/","og_locale":"it_IT","og_type":"article","og_title":"Les enfants sont rois - l&#039;\u00e9chapp\u00e9e close","og_description":"&#8220;M\u00eame dans les drames les plus terribles, les apparences ont leur mot \u00e0 dire.&#8221; M\u00e9lanie, qui a grandi dans le culte de la t\u00e9l\u00e9r\u00e9alit\u00e9, n&#8217;a qu&#8217;une id\u00e9e en t\u00eate : devenir c\u00e9l\u00e8bre. Mais son unique apparition \u00e0 l&#8217;\u00e9cran tourne au fiasco. Quelques ann\u00e9es plus tard, mari\u00e9e et m\u00e8re de famille, elle d\u00e9cide de mettre en [&hellip;]","og_url":"https:\/\/lechappeeclose.it\/it\/boutique\/livres\/litterature\/romans\/les-enfants-sont-rois\/","og_site_name":"l&#039;\u00e9chapp\u00e9e close","article_modified_time":"2026-03-05T11:02:19+00:00","og_image":[{"width":1276,"height":2102,"url":"https:\/\/lechappeeclose.it\/wp-content\/uploads\/2025\/02\/Les-enfants-sont-rois.jpg","type":"image\/jpeg"}],"twitter_card":"summary_large_image","twitter_misc":{"Tempo di lettura stimato":"1 minuto"},"schema":{"@context":"https:\/\/schema.org","@graph":[{"@type":"WebPage","@id":"https:\/\/lechappeeclose.it\/it\/boutique\/livres\/litterature\/romans\/les-enfants-sont-rois\/","url":"https:\/\/lechappeeclose.it\/it\/boutique\/livres\/litterature\/romans\/les-enfants-sont-rois\/","name":"Les enfants sont rois - l&#039;\u00e9chapp\u00e9e close","isPartOf":{"@id":"http:\/\/lechappeeclose.it\/it\/#website"},"primaryImageOfPage":{"@id":"https:\/\/lechappeeclose.it\/it\/boutique\/livres\/litterature\/romans\/les-enfants-sont-rois\/#primaryimage"},"image":{"@id":"https:\/\/lechappeeclose.it\/it\/boutique\/livres\/litterature\/romans\/les-enfants-sont-rois\/#primaryimage"},"thumbnailUrl":"http:\/\/lechappeeclose.it\/wp-content\/uploads\/2025\/02\/Les-enfants-sont-rois.jpg","datePublished":"2025-02-13T16:07:06+00:00","dateModified":"2026-03-05T11:02:19+00:00","breadcrumb":{"@id":"https:\/\/lechappeeclose.it\/it\/boutique\/livres\/litterature\/romans\/les-enfants-sont-rois\/#breadcrumb"},"inLanguage":"it-IT","potentialAction":[{"@type":"ReadAction","target":["https:\/\/lechappeeclose.it\/it\/boutique\/livres\/litterature\/romans\/les-enfants-sont-rois\/"]}]},{"@type":"ImageObject","inLanguage":"it-IT","@id":"https:\/\/lechappeeclose.it\/it\/boutique\/livres\/litterature\/romans\/les-enfants-sont-rois\/#primaryimage","url":"http:\/\/lechappeeclose.it\/wp-content\/uploads\/2025\/02\/Les-enfants-sont-rois.jpg","contentUrl":"http:\/\/lechappeeclose.it\/wp-content\/uploads\/2025\/02\/Les-enfants-sont-rois.jpg","width":1276,"height":2102},{"@type":"BreadcrumbList","@id":"https:\/\/lechappeeclose.it\/it\/boutique\/livres\/litterature\/romans\/les-enfants-sont-rois\/#breadcrumb","itemListElement":[{"@type":"ListItem","position":1,"name":"Accueil","item":"http:\/\/lechappeeclose.it\/it\/"},{"@type":"ListItem","position":2,"name":"Boutique","item":"http:\/\/lechappeeclose.it\/it\/boutique\/"},{"@type":"ListItem","position":3,"name":"Les enfants sont rois"}]},{"@type":"WebSite","@id":"http:\/\/lechappeeclose.it\/it\/#website","url":"http:\/\/lechappeeclose.it\/it\/","name":"l&#039;\u00e9chapp\u00e9e close","description":"La libreria francese di Milano","publisher":{"@id":"http:\/\/lechappeeclose.it\/it\/#organization"},"alternateName":"La librairie fran\u00e7aise de Milan","potentialAction":[{"@type":"SearchAction","target":{"@type":"EntryPoint","urlTemplate":"http:\/\/lechappeeclose.it\/it\/?s={search_term_string}"},"query-input":{"@type":"PropertyValueSpecification","valueRequired":true,"valueName":"search_term_string"}}],"inLanguage":"it-IT"},{"@type":"Organization","@id":"http:\/\/lechappeeclose.it\/it\/#organization","name":"l&#039;\u00e9chapp\u00e9e close","url":"http:\/\/lechappeeclose.it\/it\/","logo":{"@type":"ImageObject","inLanguage":"it-IT","@id":"http:\/\/lechappeeclose.it\/it\/#\/schema\/logo\/image\/","url":"http:\/\/lechappeeclose.it\/wp-content\/uploads\/2025\/02\/cropped-logo-rond.png","contentUrl":"http:\/\/lechappeeclose.it\/wp-content\/uploads\/2025\/02\/cropped-logo-rond.png","width":1080,"height":1080,"caption":"l&#039;\u00e9chapp\u00e9e close"},"image":{"@id":"http:\/\/lechappeeclose.it\/it\/#\/schema\/logo\/image\/"},"sameAs":["https:\/\/www.instagram.com\/lechappeeclose\/"]}]}},"_links":{"self":[{"href":"http:\/\/lechappeeclose.it\/it\/wp-json\/wp\/v2\/product\/8385","targetHints":{"allow":["GET"]}}],"collection":[{"href":"http:\/\/lechappeeclose.it\/it\/wp-json\/wp\/v2\/product"}],"about":[{"href":"http:\/\/lechappeeclose.it\/it\/wp-json\/wp\/v2\/types\/product"}],"replies":[{"embeddable":true,"href":"http:\/\/lechappeeclose.it\/it\/wp-json\/wp\/v2\/comments?post=8385"}],"wp:featuredmedia":[{"embeddable":true,"href":"http:\/\/lechappeeclose.it\/it\/wp-json\/wp\/v2\/media\/8384"}],"wp:attachment":[{"href":"http:\/\/lechappeeclose.it\/it\/wp-json\/wp\/v2\/media?parent=8385"}],"wp:term":[{"taxonomy":"product_brand","embeddable":true,"href":"http:\/\/lechappeeclose.it\/it\/wp-json\/wp\/v2\/product_brand?post=8385"},{"taxonomy":"product_cat","embeddable":true,"href":"http:\/\/lechappeeclose.it\/it\/wp-json\/wp\/v2\/product_cat?post=8385"},{"taxonomy":"product_tag","embeddable":true,"href":"http:\/\/lechappeeclose.it\/it\/wp-json\/wp\/v2\/product_tag?post=8385"}],"curies":[{"name":"wp","href":"https:\/\/api.w.org\/{rel}","templated":true}]}}