{"id":8162,"date":"2025-02-13T14:46:37","date_gmt":"2025-02-13T13:46:37","guid":{"rendered":"https:\/\/lechappeeclose.it\/produit\/hhhh-prix-lecteurs-litterature-2011\/"},"modified":"2025-09-04T18:26:34","modified_gmt":"2025-09-04T16:26:34","slug":"hhhh-prix-lecteurs-litterature-2011","status":"publish","type":"product","link":"http:\/\/lechappeeclose.it\/it\/boutique\/livres\/litterature\/romans\/hhhh-prix-lecteurs-litterature-2011\/","title":{"rendered":"Hhhh"},"content":{"rendered":"<p>Prague, en 1942, deux hommes doivent en tuer un troisi\u00e8me. C&#8217;est l&#8217;op\u00e9ration &#8221; Anthropo\u00efde &#8221; : deux parachutistes tch\u00e9coslovaques envoy\u00e9s par Londres sont charg\u00e9s d&#8217;assassiner Reinhard Heydrich, chef de la Gestapo, chef des services secrets nazis, planificateur de la solution finale, &#8221; le bourreau de Prague &#8220;, &#8221; la b\u00eate blonde &#8220;, &#8221; l&#8217;homme le plus dangereux du IIIe Reich &#8220;. Heydrich \u00e9tait le chef d&#8217;Eichmann et le bras droit d&#8217;Himmler, mais chez les SS, on disait : &#8221; HHhH &#8220;. Himmlers Hirn heisst Heydrich &#8211; le cerveau d&#8217;Himmler s&#8217;appelle Heydrich. Tous les personnages de ce livre ont exist\u00e9 ou existent encore. Tous les faits relat\u00e9s sont authentiques. Mais derri\u00e8re les pr\u00e9paratifs de l&#8217;attentat, une autre guerre se fait jour, celle que livre la fiction romanesque \u00e0 la v\u00e9rit\u00e9 historique. L&#8217;auteur, emport\u00e9 par son sujet, doit r\u00e9sister \u00e0 la tentation de romancer. Il faut bien, pourtant, mener l&#8217;histoire \u00e0 son terme.<\/p>","protected":false},"excerpt":{"rendered":"<p>Prague, en 1942, deux hommes doivent en tuer un troisi\u00e8me. C&#8217;est l&#8217;op\u00e9ration &#8221; Anthropo\u00efde &#8221; : deux parachutistes tch\u00e9coslovaques envoy\u00e9s par Londres sont charg\u00e9s d&#8217;assassiner Reinhard Heydrich, chef de la Gestapo, chef des services secrets nazis, planificateur de la solution finale, &#8221; le bourreau de Prague &#8220;, &#8221; la b\u00eate blonde &#8220;, &#8221; l&#8217;homme le [&hellip;]<\/p>","protected":false},"featured_media":8161,"comment_status":"open","ping_status":"closed","template":"","meta":[],"product_brand":[],"product_cat":[46],"product_tag":[],"class_list":{"0":"post-8162","1":"product","2":"type-product","3":"status-publish","4":"has-post-thumbnail","6":"product_cat-romans","8":"first","9":"onbackorder","10":"taxable","11":"shipping-taxable","12":"purchasable","13":"product-type-simple"},"yoast_head":"<!-- This site is optimized with the Yoast SEO plugin v27.4 - https:\/\/yoast.com\/product\/yoast-seo-wordpress\/ -->\n<title>Hhhh - l&#039;\u00e9chapp\u00e9e close<\/title>\n<meta name=\"robots\" content=\"index, follow, max-snippet:-1, max-image-preview:large, max-video-preview:-1\" \/>\n<link rel=\"canonical\" href=\"http:\/\/lechappeeclose.it\/it\/boutique\/livres\/litterature\/romans\/hhhh-prix-lecteurs-litterature-2011\/\" \/>\n<meta property=\"og:locale\" content=\"it_IT\" \/>\n<meta property=\"og:type\" content=\"article\" \/>\n<meta property=\"og:title\" content=\"Hhhh - l&#039;\u00e9chapp\u00e9e close\" \/>\n<meta property=\"og:description\" content=\"Prague, en 1942, deux hommes doivent en tuer un troisi\u00e8me. C&#8217;est l&#8217;op\u00e9ration &#8221; Anthropo\u00efde &#8221; : deux parachutistes tch\u00e9coslovaques envoy\u00e9s par Londres sont charg\u00e9s d&#8217;assassiner Reinhard Heydrich, chef de la Gestapo, chef des services secrets nazis, planificateur de la solution finale, &#8221; le bourreau de Prague &#8220;, &#8221; la b\u00eate blonde &#8220;, &#8221; l&#8217;homme le [&hellip;]\" \/>\n<meta property=\"og:url\" content=\"http:\/\/lechappeeclose.it\/it\/boutique\/livres\/litterature\/romans\/hhhh-prix-lecteurs-litterature-2011\/\" \/>\n<meta property=\"og:site_name\" content=\"l&#039;\u00e9chapp\u00e9e close\" \/>\n<meta property=\"article:modified_time\" content=\"2025-09-04T16:26:34+00:00\" \/>\n<meta property=\"og:image\" content=\"http:\/\/lechappeeclose.it\/wp-content\/uploads\/2025\/02\/Hhhh-prix-Lecteurs-Litterature-2011.jpg\" \/>\n\t<meta property=\"og:image:width\" content=\"250\" \/>\n\t<meta property=\"og:image:height\" content=\"404\" \/>\n\t<meta property=\"og:image:type\" content=\"image\/jpeg\" \/>\n<meta name=\"twitter:card\" content=\"summary_large_image\" \/>\n<meta name=\"twitter:label1\" content=\"Tempo di lettura stimato\" \/>\n\t<meta name=\"twitter:data1\" content=\"1 minuto\" \/>\n<script type=\"application\/ld+json\" class=\"yoast-schema-graph\">{\"@context\":\"https:\\\/\\\/schema.org\",\"@graph\":[{\"@type\":\"WebPage\",\"@id\":\"http:\\\/\\\/lechappeeclose.it\\\/it\\\/boutique\\\/livres\\\/litterature\\\/romans\\\/hhhh-prix-lecteurs-litterature-2011\\\/\",\"url\":\"http:\\\/\\\/lechappeeclose.it\\\/it\\\/boutique\\\/livres\\\/litterature\\\/romans\\\/hhhh-prix-lecteurs-litterature-2011\\\/\",\"name\":\"Hhhh - l&#039;\u00e9chapp\u00e9e close\",\"isPartOf\":{\"@id\":\"http:\\\/\\\/lechappeeclose.it\\\/#website\"},\"primaryImageOfPage\":{\"@id\":\"http:\\\/\\\/lechappeeclose.it\\\/it\\\/boutique\\\/livres\\\/litterature\\\/romans\\\/hhhh-prix-lecteurs-litterature-2011\\\/#primaryimage\"},\"image\":{\"@id\":\"http:\\\/\\\/lechappeeclose.it\\\/it\\\/boutique\\\/livres\\\/litterature\\\/romans\\\/hhhh-prix-lecteurs-litterature-2011\\\/#primaryimage\"},\"thumbnailUrl\":\"http:\\\/\\\/lechappeeclose.it\\\/wp-content\\\/uploads\\\/2025\\\/02\\\/Hhhh-prix-Lecteurs-Litterature-2011.jpg\",\"datePublished\":\"2025-02-13T13:46:37+00:00\",\"dateModified\":\"2025-09-04T16:26:34+00:00\",\"breadcrumb\":{\"@id\":\"http:\\\/\\\/lechappeeclose.it\\\/it\\\/boutique\\\/livres\\\/litterature\\\/romans\\\/hhhh-prix-lecteurs-litterature-2011\\\/#breadcrumb\"},\"inLanguage\":\"it-IT\",\"potentialAction\":[{\"@type\":\"ReadAction\",\"target\":[\"http:\\\/\\\/lechappeeclose.it\\\/it\\\/boutique\\\/livres\\\/litterature\\\/romans\\\/hhhh-prix-lecteurs-litterature-2011\\\/\"]}]},{\"@type\":\"ImageObject\",\"inLanguage\":\"it-IT\",\"@id\":\"http:\\\/\\\/lechappeeclose.it\\\/it\\\/boutique\\\/livres\\\/litterature\\\/romans\\\/hhhh-prix-lecteurs-litterature-2011\\\/#primaryimage\",\"url\":\"http:\\\/\\\/lechappeeclose.it\\\/wp-content\\\/uploads\\\/2025\\\/02\\\/Hhhh-prix-Lecteurs-Litterature-2011.jpg\",\"contentUrl\":\"http:\\\/\\\/lechappeeclose.it\\\/wp-content\\\/uploads\\\/2025\\\/02\\\/Hhhh-prix-Lecteurs-Litterature-2011.jpg\",\"width\":250,\"height\":404},{\"@type\":\"BreadcrumbList\",\"@id\":\"http:\\\/\\\/lechappeeclose.it\\\/it\\\/boutique\\\/livres\\\/litterature\\\/romans\\\/hhhh-prix-lecteurs-litterature-2011\\\/#breadcrumb\",\"itemListElement\":[{\"@type\":\"ListItem\",\"position\":1,\"name\":\"Accueil\",\"item\":\"http:\\\/\\\/lechappeeclose.it\\\/\"},{\"@type\":\"ListItem\",\"position\":2,\"name\":\"Boutique\",\"item\":\"http:\\\/\\\/lechappeeclose.it\\\/it\\\/boutique\\\/\"},{\"@type\":\"ListItem\",\"position\":3,\"name\":\"Hhhh\"}]},{\"@type\":\"WebSite\",\"@id\":\"http:\\\/\\\/lechappeeclose.it\\\/#website\",\"url\":\"http:\\\/\\\/lechappeeclose.it\\\/\",\"name\":\"l&#039;\u00e9chapp\u00e9e close\",\"description\":\"la librairie fran\u00e7aise de Milan\",\"publisher\":{\"@id\":\"http:\\\/\\\/lechappeeclose.it\\\/#organization\"},\"alternateName\":\"La librairie fran\u00e7aise de Milan\",\"potentialAction\":[{\"@type\":\"SearchAction\",\"target\":{\"@type\":\"EntryPoint\",\"urlTemplate\":\"http:\\\/\\\/lechappeeclose.it\\\/?s={search_term_string}\"},\"query-input\":{\"@type\":\"PropertyValueSpecification\",\"valueRequired\":true,\"valueName\":\"search_term_string\"}}],\"inLanguage\":\"it-IT\"},{\"@type\":\"Organization\",\"@id\":\"http:\\\/\\\/lechappeeclose.it\\\/#organization\",\"name\":\"l&#039;\u00e9chapp\u00e9e close\",\"url\":\"http:\\\/\\\/lechappeeclose.it\\\/\",\"logo\":{\"@type\":\"ImageObject\",\"inLanguage\":\"it-IT\",\"@id\":\"http:\\\/\\\/lechappeeclose.it\\\/#\\\/schema\\\/logo\\\/image\\\/\",\"url\":\"http:\\\/\\\/lechappeeclose.it\\\/wp-content\\\/uploads\\\/2025\\\/02\\\/cropped-logo-rond.png\",\"contentUrl\":\"http:\\\/\\\/lechappeeclose.it\\\/wp-content\\\/uploads\\\/2025\\\/02\\\/cropped-logo-rond.png\",\"width\":1080,\"height\":1080,\"caption\":\"l&#039;\u00e9chapp\u00e9e close\"},\"image\":{\"@id\":\"http:\\\/\\\/lechappeeclose.it\\\/#\\\/schema\\\/logo\\\/image\\\/\"},\"sameAs\":[\"https:\\\/\\\/www.instagram.com\\\/lechappeeclose\\\/\"]}]}<\/script>\n<!-- \/ Yoast SEO plugin. -->","yoast_head_json":{"title":"Hhhh - l&#039;\u00e9chapp\u00e9e close","robots":{"index":"index","follow":"follow","max-snippet":"max-snippet:-1","max-image-preview":"max-image-preview:large","max-video-preview":"max-video-preview:-1"},"canonical":"http:\/\/lechappeeclose.it\/it\/boutique\/livres\/litterature\/romans\/hhhh-prix-lecteurs-litterature-2011\/","og_locale":"it_IT","og_type":"article","og_title":"Hhhh - l&#039;\u00e9chapp\u00e9e close","og_description":"Prague, en 1942, deux hommes doivent en tuer un troisi\u00e8me. C&#8217;est l&#8217;op\u00e9ration &#8221; Anthropo\u00efde &#8221; : deux parachutistes tch\u00e9coslovaques envoy\u00e9s par Londres sont charg\u00e9s d&#8217;assassiner Reinhard Heydrich, chef de la Gestapo, chef des services secrets nazis, planificateur de la solution finale, &#8221; le bourreau de Prague &#8220;, &#8221; la b\u00eate blonde &#8220;, &#8221; l&#8217;homme le [&hellip;]","og_url":"http:\/\/lechappeeclose.it\/it\/boutique\/livres\/litterature\/romans\/hhhh-prix-lecteurs-litterature-2011\/","og_site_name":"l&#039;\u00e9chapp\u00e9e close","article_modified_time":"2025-09-04T16:26:34+00:00","og_image":[{"width":250,"height":404,"url":"http:\/\/lechappeeclose.it\/wp-content\/uploads\/2025\/02\/Hhhh-prix-Lecteurs-Litterature-2011.jpg","type":"image\/jpeg"}],"twitter_card":"summary_large_image","twitter_misc":{"Tempo di lettura stimato":"1 minuto"},"schema":{"@context":"https:\/\/schema.org","@graph":[{"@type":"WebPage","@id":"http:\/\/lechappeeclose.it\/it\/boutique\/livres\/litterature\/romans\/hhhh-prix-lecteurs-litterature-2011\/","url":"http:\/\/lechappeeclose.it\/it\/boutique\/livres\/litterature\/romans\/hhhh-prix-lecteurs-litterature-2011\/","name":"Hhhh - l&#039;\u00e9chapp\u00e9e close","isPartOf":{"@id":"http:\/\/lechappeeclose.it\/#website"},"primaryImageOfPage":{"@id":"http:\/\/lechappeeclose.it\/it\/boutique\/livres\/litterature\/romans\/hhhh-prix-lecteurs-litterature-2011\/#primaryimage"},"image":{"@id":"http:\/\/lechappeeclose.it\/it\/boutique\/livres\/litterature\/romans\/hhhh-prix-lecteurs-litterature-2011\/#primaryimage"},"thumbnailUrl":"http:\/\/lechappeeclose.it\/wp-content\/uploads\/2025\/02\/Hhhh-prix-Lecteurs-Litterature-2011.jpg","datePublished":"2025-02-13T13:46:37+00:00","dateModified":"2025-09-04T16:26:34+00:00","breadcrumb":{"@id":"http:\/\/lechappeeclose.it\/it\/boutique\/livres\/litterature\/romans\/hhhh-prix-lecteurs-litterature-2011\/#breadcrumb"},"inLanguage":"it-IT","potentialAction":[{"@type":"ReadAction","target":["http:\/\/lechappeeclose.it\/it\/boutique\/livres\/litterature\/romans\/hhhh-prix-lecteurs-litterature-2011\/"]}]},{"@type":"ImageObject","inLanguage":"it-IT","@id":"http:\/\/lechappeeclose.it\/it\/boutique\/livres\/litterature\/romans\/hhhh-prix-lecteurs-litterature-2011\/#primaryimage","url":"http:\/\/lechappeeclose.it\/wp-content\/uploads\/2025\/02\/Hhhh-prix-Lecteurs-Litterature-2011.jpg","contentUrl":"http:\/\/lechappeeclose.it\/wp-content\/uploads\/2025\/02\/Hhhh-prix-Lecteurs-Litterature-2011.jpg","width":250,"height":404},{"@type":"BreadcrumbList","@id":"http:\/\/lechappeeclose.it\/it\/boutique\/livres\/litterature\/romans\/hhhh-prix-lecteurs-litterature-2011\/#breadcrumb","itemListElement":[{"@type":"ListItem","position":1,"name":"Accueil","item":"http:\/\/lechappeeclose.it\/"},{"@type":"ListItem","position":2,"name":"Boutique","item":"http:\/\/lechappeeclose.it\/it\/boutique\/"},{"@type":"ListItem","position":3,"name":"Hhhh"}]},{"@type":"WebSite","@id":"http:\/\/lechappeeclose.it\/#website","url":"http:\/\/lechappeeclose.it\/","name":"l&#039;\u00e9chapp\u00e9e close","description":"La libreria francese di Milano","publisher":{"@id":"http:\/\/lechappeeclose.it\/#organization"},"alternateName":"La librairie fran\u00e7aise de Milan","potentialAction":[{"@type":"SearchAction","target":{"@type":"EntryPoint","urlTemplate":"http:\/\/lechappeeclose.it\/?s={search_term_string}"},"query-input":{"@type":"PropertyValueSpecification","valueRequired":true,"valueName":"search_term_string"}}],"inLanguage":"it-IT"},{"@type":"Organization","@id":"http:\/\/lechappeeclose.it\/#organization","name":"l&#039;\u00e9chapp\u00e9e close","url":"http:\/\/lechappeeclose.it\/","logo":{"@type":"ImageObject","inLanguage":"it-IT","@id":"http:\/\/lechappeeclose.it\/#\/schema\/logo\/image\/","url":"http:\/\/lechappeeclose.it\/wp-content\/uploads\/2025\/02\/cropped-logo-rond.png","contentUrl":"http:\/\/lechappeeclose.it\/wp-content\/uploads\/2025\/02\/cropped-logo-rond.png","width":1080,"height":1080,"caption":"l&#039;\u00e9chapp\u00e9e close"},"image":{"@id":"http:\/\/lechappeeclose.it\/#\/schema\/logo\/image\/"},"sameAs":["https:\/\/www.instagram.com\/lechappeeclose\/"]}]}},"_links":{"self":[{"href":"http:\/\/lechappeeclose.it\/it\/wp-json\/wp\/v2\/product\/8162","targetHints":{"allow":["GET"]}}],"collection":[{"href":"http:\/\/lechappeeclose.it\/it\/wp-json\/wp\/v2\/product"}],"about":[{"href":"http:\/\/lechappeeclose.it\/it\/wp-json\/wp\/v2\/types\/product"}],"replies":[{"embeddable":true,"href":"http:\/\/lechappeeclose.it\/it\/wp-json\/wp\/v2\/comments?post=8162"}],"wp:featuredmedia":[{"embeddable":true,"href":"http:\/\/lechappeeclose.it\/it\/wp-json\/wp\/v2\/media\/8161"}],"wp:attachment":[{"href":"http:\/\/lechappeeclose.it\/it\/wp-json\/wp\/v2\/media?parent=8162"}],"wp:term":[{"taxonomy":"product_brand","embeddable":true,"href":"http:\/\/lechappeeclose.it\/it\/wp-json\/wp\/v2\/product_brand?post=8162"},{"taxonomy":"product_cat","embeddable":true,"href":"http:\/\/lechappeeclose.it\/it\/wp-json\/wp\/v2\/product_cat?post=8162"},{"taxonomy":"product_tag","embeddable":true,"href":"http:\/\/lechappeeclose.it\/it\/wp-json\/wp\/v2\/product_tag?post=8162"}],"curies":[{"name":"wp","href":"https:\/\/api.w.org\/{rel}","templated":true}]}}