{"id":8080,"date":"2025-02-13T12:58:37","date_gmt":"2025-02-13T11:58:37","guid":{"rendered":"https:\/\/lechappeeclose.it\/produit\/la-plus-secrete-memoire-des-hommes\/"},"modified":"2025-10-09T12:52:26","modified_gmt":"2025-10-09T10:52:26","slug":"la-plus-secrete-memoire-des-hommes","status":"publish","type":"product","link":"http:\/\/lechappeeclose.it\/it\/boutique\/livres\/litterature\/romans\/la-plus-secrete-memoire-des-hommes\/","title":{"rendered":"La Plus secr\u00e8te m\u00e9moire des hommes"},"content":{"rendered":"<p>En 2018, Di\u00e9gane Latyr Faye, jeune \u00e9crivain s\u00e9n\u00e9galais, d\u00e9couvre \u00e0 Paris un livre mythique, paru en 1938, Le Labyrinthe de l\u2019inhumain. On a perdu la trace de son auteur, T.C. Elimane, disparu depuis le scandale que d\u00e9clencha la parution de son texte. Fascin\u00e9, Di\u00e9gane se lance sur la piste de celui qu\u2019on surnommait le \u00ab Rimbaud n\u00e8gre \u00bb. Du S\u00e9n\u00e9gal \u00e0 la France en passant par l&#8217;Argentine, quelle v\u00e9rit\u00e9 l&#8217;attend au centre de ce labyrinthe ?Tout en menant cette qu\u00eate qui l&#8217;accapare, Di\u00e9gane, fr\u00e9quente un groupe d\u2019auteurs africains en exil, et rencontre deux femmes remarquables : la sulfureuse Siga, d\u00e9tentrice de secrets, et la fugace photojournaliste A\u00efda&#8230; Son inventivit\u00e9, son audace et l\u2019intransigeance de sa langue font de ce livre, qui confronte n\u00e9cessit\u00e9s de vivre et d\u2019\u00e9crire, une d\u00e9claration d\u2019amour \u00e0 la litt\u00e9rature. La\u00ebtitia Favro, Lire . Un joyau de savoir-faire qui vous enchante. Marianne Payot, L\u2019Express. Ce roman vous emporte comme un fleuve en cru. Bruno Corty, Le Figaro litt\u00e9raire. PRIX GONCOURT 2021. PRIX TRANSFUGE DU MEILLEUR ROMAN DE LANGUE FRAN\u00c7AISE 2021.<\/p>","protected":false},"excerpt":{"rendered":"<p>En 2018, Di\u00e9gane Latyr Faye, jeune \u00e9crivain s\u00e9n\u00e9galais, d\u00e9couvre \u00e0 Paris un livre mythique, paru en 1938, Le Labyrinthe de l\u2019inhumain. On a perdu la trace de son auteur, T.C. Elimane, disparu depuis le scandale que d\u00e9clencha la parution de son texte. Fascin\u00e9, Di\u00e9gane se lance sur la piste de celui qu\u2019on surnommait le \u00ab [&hellip;]<\/p>","protected":false},"featured_media":8079,"comment_status":"open","ping_status":"closed","template":"","meta":[],"product_brand":[],"product_cat":[46],"product_tag":[1937],"class_list":{"0":"post-8080","1":"product","2":"type-product","3":"status-publish","4":"has-post-thumbnail","6":"product_cat-romans","7":"product_tag-prix-goncourt","9":"first","10":"instock","11":"taxable","12":"shipping-taxable","13":"purchasable","14":"product-type-simple"},"yoast_head":"<!-- This site is optimized with the Yoast SEO plugin v27.4 - https:\/\/yoast.com\/product\/yoast-seo-wordpress\/ -->\n<title>La Plus secr\u00e8te m\u00e9moire des hommes - l&#039;\u00e9chapp\u00e9e close<\/title>\n<meta name=\"robots\" content=\"index, follow, max-snippet:-1, max-image-preview:large, max-video-preview:-1\" \/>\n<link rel=\"canonical\" href=\"http:\/\/lechappeeclose.it\/it\/boutique\/livres\/litterature\/romans\/la-plus-secrete-memoire-des-hommes\/\" \/>\n<meta property=\"og:locale\" content=\"it_IT\" \/>\n<meta property=\"og:type\" content=\"article\" \/>\n<meta property=\"og:title\" content=\"La Plus secr\u00e8te m\u00e9moire des hommes - l&#039;\u00e9chapp\u00e9e close\" \/>\n<meta property=\"og:description\" content=\"En 2018, Di\u00e9gane Latyr Faye, jeune \u00e9crivain s\u00e9n\u00e9galais, d\u00e9couvre \u00e0 Paris un livre mythique, paru en 1938, Le Labyrinthe de l\u2019inhumain. On a perdu la trace de son auteur, T.C. Elimane, disparu depuis le scandale que d\u00e9clencha la parution de son texte. Fascin\u00e9, Di\u00e9gane se lance sur la piste de celui qu\u2019on surnommait le \u00ab [&hellip;]\" \/>\n<meta property=\"og:url\" content=\"http:\/\/lechappeeclose.it\/it\/boutique\/livres\/litterature\/romans\/la-plus-secrete-memoire-des-hommes\/\" \/>\n<meta property=\"og:site_name\" content=\"l&#039;\u00e9chapp\u00e9e close\" \/>\n<meta property=\"article:modified_time\" content=\"2025-10-09T10:52:26+00:00\" \/>\n<meta property=\"og:image\" content=\"http:\/\/lechappeeclose.it\/wp-content\/uploads\/2025\/02\/La-Plus-secrete-memoire-des-hommes.jpg\" \/>\n\t<meta property=\"og:image:width\" content=\"1400\" \/>\n\t<meta property=\"og:image:height\" content=\"2266\" \/>\n\t<meta property=\"og:image:type\" content=\"image\/jpeg\" \/>\n<meta name=\"twitter:card\" content=\"summary_large_image\" \/>\n<meta name=\"twitter:label1\" content=\"Tempo di lettura stimato\" \/>\n\t<meta name=\"twitter:data1\" content=\"1 minuto\" \/>\n<script type=\"application\/ld+json\" class=\"yoast-schema-graph\">{\"@context\":\"https:\\\/\\\/schema.org\",\"@graph\":[{\"@type\":\"WebPage\",\"@id\":\"http:\\\/\\\/lechappeeclose.it\\\/boutique\\\/livres\\\/litterature\\\/romans\\\/la-plus-secrete-memoire-des-hommes\\\/\",\"url\":\"http:\\\/\\\/lechappeeclose.it\\\/boutique\\\/livres\\\/litterature\\\/romans\\\/la-plus-secrete-memoire-des-hommes\\\/\",\"name\":\"La Plus secr\u00e8te m\u00e9moire des hommes - l&#039;\u00e9chapp\u00e9e close\",\"isPartOf\":{\"@id\":\"http:\\\/\\\/lechappeeclose.it\\\/#website\"},\"primaryImageOfPage\":{\"@id\":\"http:\\\/\\\/lechappeeclose.it\\\/boutique\\\/livres\\\/litterature\\\/romans\\\/la-plus-secrete-memoire-des-hommes\\\/#primaryimage\"},\"image\":{\"@id\":\"http:\\\/\\\/lechappeeclose.it\\\/boutique\\\/livres\\\/litterature\\\/romans\\\/la-plus-secrete-memoire-des-hommes\\\/#primaryimage\"},\"thumbnailUrl\":\"http:\\\/\\\/lechappeeclose.it\\\/wp-content\\\/uploads\\\/2025\\\/02\\\/La-Plus-secrete-memoire-des-hommes.jpg\",\"datePublished\":\"2025-02-13T11:58:37+00:00\",\"dateModified\":\"2025-10-09T10:52:26+00:00\",\"breadcrumb\":{\"@id\":\"http:\\\/\\\/lechappeeclose.it\\\/boutique\\\/livres\\\/litterature\\\/romans\\\/la-plus-secrete-memoire-des-hommes\\\/#breadcrumb\"},\"inLanguage\":\"it-IT\",\"potentialAction\":[{\"@type\":\"ReadAction\",\"target\":[\"http:\\\/\\\/lechappeeclose.it\\\/boutique\\\/livres\\\/litterature\\\/romans\\\/la-plus-secrete-memoire-des-hommes\\\/\"]}]},{\"@type\":\"ImageObject\",\"inLanguage\":\"it-IT\",\"@id\":\"http:\\\/\\\/lechappeeclose.it\\\/boutique\\\/livres\\\/litterature\\\/romans\\\/la-plus-secrete-memoire-des-hommes\\\/#primaryimage\",\"url\":\"http:\\\/\\\/lechappeeclose.it\\\/wp-content\\\/uploads\\\/2025\\\/02\\\/La-Plus-secrete-memoire-des-hommes.jpg\",\"contentUrl\":\"http:\\\/\\\/lechappeeclose.it\\\/wp-content\\\/uploads\\\/2025\\\/02\\\/La-Plus-secrete-memoire-des-hommes.jpg\",\"width\":1400,\"height\":2266},{\"@type\":\"BreadcrumbList\",\"@id\":\"http:\\\/\\\/lechappeeclose.it\\\/boutique\\\/livres\\\/litterature\\\/romans\\\/la-plus-secrete-memoire-des-hommes\\\/#breadcrumb\",\"itemListElement\":[{\"@type\":\"ListItem\",\"position\":1,\"name\":\"Accueil\",\"item\":\"http:\\\/\\\/lechappeeclose.it\\\/\"},{\"@type\":\"ListItem\",\"position\":2,\"name\":\"Boutique\",\"item\":\"http:\\\/\\\/lechappeeclose.it\\\/it\\\/boutique\\\/\"},{\"@type\":\"ListItem\",\"position\":3,\"name\":\"La Plus secr\u00e8te m\u00e9moire des hommes\"}]},{\"@type\":\"WebSite\",\"@id\":\"http:\\\/\\\/lechappeeclose.it\\\/#website\",\"url\":\"http:\\\/\\\/lechappeeclose.it\\\/\",\"name\":\"l&#039;\u00e9chapp\u00e9e close\",\"description\":\"la librairie fran\u00e7aise de Milan\",\"publisher\":{\"@id\":\"http:\\\/\\\/lechappeeclose.it\\\/#organization\"},\"alternateName\":\"La librairie fran\u00e7aise de Milan\",\"potentialAction\":[{\"@type\":\"SearchAction\",\"target\":{\"@type\":\"EntryPoint\",\"urlTemplate\":\"http:\\\/\\\/lechappeeclose.it\\\/?s={search_term_string}\"},\"query-input\":{\"@type\":\"PropertyValueSpecification\",\"valueRequired\":true,\"valueName\":\"search_term_string\"}}],\"inLanguage\":\"it-IT\"},{\"@type\":\"Organization\",\"@id\":\"http:\\\/\\\/lechappeeclose.it\\\/#organization\",\"name\":\"l&#039;\u00e9chapp\u00e9e close\",\"url\":\"http:\\\/\\\/lechappeeclose.it\\\/\",\"logo\":{\"@type\":\"ImageObject\",\"inLanguage\":\"it-IT\",\"@id\":\"http:\\\/\\\/lechappeeclose.it\\\/#\\\/schema\\\/logo\\\/image\\\/\",\"url\":\"http:\\\/\\\/lechappeeclose.it\\\/wp-content\\\/uploads\\\/2025\\\/02\\\/cropped-logo-rond.png\",\"contentUrl\":\"http:\\\/\\\/lechappeeclose.it\\\/wp-content\\\/uploads\\\/2025\\\/02\\\/cropped-logo-rond.png\",\"width\":1080,\"height\":1080,\"caption\":\"l&#039;\u00e9chapp\u00e9e close\"},\"image\":{\"@id\":\"http:\\\/\\\/lechappeeclose.it\\\/#\\\/schema\\\/logo\\\/image\\\/\"},\"sameAs\":[\"https:\\\/\\\/www.instagram.com\\\/lechappeeclose\\\/\"]}]}<\/script>\n<!-- \/ Yoast SEO plugin. -->","yoast_head_json":{"title":"La Plus secr\u00e8te m\u00e9moire des hommes - l&#039;\u00e9chapp\u00e9e close","robots":{"index":"index","follow":"follow","max-snippet":"max-snippet:-1","max-image-preview":"max-image-preview:large","max-video-preview":"max-video-preview:-1"},"canonical":"http:\/\/lechappeeclose.it\/it\/boutique\/livres\/litterature\/romans\/la-plus-secrete-memoire-des-hommes\/","og_locale":"it_IT","og_type":"article","og_title":"La Plus secr\u00e8te m\u00e9moire des hommes - l&#039;\u00e9chapp\u00e9e close","og_description":"En 2018, Di\u00e9gane Latyr Faye, jeune \u00e9crivain s\u00e9n\u00e9galais, d\u00e9couvre \u00e0 Paris un livre mythique, paru en 1938, Le Labyrinthe de l\u2019inhumain. On a perdu la trace de son auteur, T.C. Elimane, disparu depuis le scandale que d\u00e9clencha la parution de son texte. Fascin\u00e9, Di\u00e9gane se lance sur la piste de celui qu\u2019on surnommait le \u00ab [&hellip;]","og_url":"http:\/\/lechappeeclose.it\/it\/boutique\/livres\/litterature\/romans\/la-plus-secrete-memoire-des-hommes\/","og_site_name":"l&#039;\u00e9chapp\u00e9e close","article_modified_time":"2025-10-09T10:52:26+00:00","og_image":[{"width":1400,"height":2266,"url":"http:\/\/lechappeeclose.it\/wp-content\/uploads\/2025\/02\/La-Plus-secrete-memoire-des-hommes.jpg","type":"image\/jpeg"}],"twitter_card":"summary_large_image","twitter_misc":{"Tempo di lettura stimato":"1 minuto"},"schema":{"@context":"https:\/\/schema.org","@graph":[{"@type":"WebPage","@id":"http:\/\/lechappeeclose.it\/boutique\/livres\/litterature\/romans\/la-plus-secrete-memoire-des-hommes\/","url":"http:\/\/lechappeeclose.it\/boutique\/livres\/litterature\/romans\/la-plus-secrete-memoire-des-hommes\/","name":"La Plus secr\u00e8te m\u00e9moire des hommes - l&#039;\u00e9chapp\u00e9e close","isPartOf":{"@id":"http:\/\/lechappeeclose.it\/#website"},"primaryImageOfPage":{"@id":"http:\/\/lechappeeclose.it\/boutique\/livres\/litterature\/romans\/la-plus-secrete-memoire-des-hommes\/#primaryimage"},"image":{"@id":"http:\/\/lechappeeclose.it\/boutique\/livres\/litterature\/romans\/la-plus-secrete-memoire-des-hommes\/#primaryimage"},"thumbnailUrl":"http:\/\/lechappeeclose.it\/wp-content\/uploads\/2025\/02\/La-Plus-secrete-memoire-des-hommes.jpg","datePublished":"2025-02-13T11:58:37+00:00","dateModified":"2025-10-09T10:52:26+00:00","breadcrumb":{"@id":"http:\/\/lechappeeclose.it\/boutique\/livres\/litterature\/romans\/la-plus-secrete-memoire-des-hommes\/#breadcrumb"},"inLanguage":"it-IT","potentialAction":[{"@type":"ReadAction","target":["http:\/\/lechappeeclose.it\/boutique\/livres\/litterature\/romans\/la-plus-secrete-memoire-des-hommes\/"]}]},{"@type":"ImageObject","inLanguage":"it-IT","@id":"http:\/\/lechappeeclose.it\/boutique\/livres\/litterature\/romans\/la-plus-secrete-memoire-des-hommes\/#primaryimage","url":"http:\/\/lechappeeclose.it\/wp-content\/uploads\/2025\/02\/La-Plus-secrete-memoire-des-hommes.jpg","contentUrl":"http:\/\/lechappeeclose.it\/wp-content\/uploads\/2025\/02\/La-Plus-secrete-memoire-des-hommes.jpg","width":1400,"height":2266},{"@type":"BreadcrumbList","@id":"http:\/\/lechappeeclose.it\/boutique\/livres\/litterature\/romans\/la-plus-secrete-memoire-des-hommes\/#breadcrumb","itemListElement":[{"@type":"ListItem","position":1,"name":"Accueil","item":"http:\/\/lechappeeclose.it\/"},{"@type":"ListItem","position":2,"name":"Boutique","item":"http:\/\/lechappeeclose.it\/it\/boutique\/"},{"@type":"ListItem","position":3,"name":"La Plus secr\u00e8te m\u00e9moire des hommes"}]},{"@type":"WebSite","@id":"http:\/\/lechappeeclose.it\/#website","url":"http:\/\/lechappeeclose.it\/","name":"l&#039;\u00e9chapp\u00e9e close","description":"La libreria francese di Milano","publisher":{"@id":"http:\/\/lechappeeclose.it\/#organization"},"alternateName":"La librairie fran\u00e7aise de Milan","potentialAction":[{"@type":"SearchAction","target":{"@type":"EntryPoint","urlTemplate":"http:\/\/lechappeeclose.it\/?s={search_term_string}"},"query-input":{"@type":"PropertyValueSpecification","valueRequired":true,"valueName":"search_term_string"}}],"inLanguage":"it-IT"},{"@type":"Organization","@id":"http:\/\/lechappeeclose.it\/#organization","name":"l&#039;\u00e9chapp\u00e9e close","url":"http:\/\/lechappeeclose.it\/","logo":{"@type":"ImageObject","inLanguage":"it-IT","@id":"http:\/\/lechappeeclose.it\/#\/schema\/logo\/image\/","url":"http:\/\/lechappeeclose.it\/wp-content\/uploads\/2025\/02\/cropped-logo-rond.png","contentUrl":"http:\/\/lechappeeclose.it\/wp-content\/uploads\/2025\/02\/cropped-logo-rond.png","width":1080,"height":1080,"caption":"l&#039;\u00e9chapp\u00e9e close"},"image":{"@id":"http:\/\/lechappeeclose.it\/#\/schema\/logo\/image\/"},"sameAs":["https:\/\/www.instagram.com\/lechappeeclose\/"]}]}},"_links":{"self":[{"href":"http:\/\/lechappeeclose.it\/it\/wp-json\/wp\/v2\/product\/8080","targetHints":{"allow":["GET"]}}],"collection":[{"href":"http:\/\/lechappeeclose.it\/it\/wp-json\/wp\/v2\/product"}],"about":[{"href":"http:\/\/lechappeeclose.it\/it\/wp-json\/wp\/v2\/types\/product"}],"replies":[{"embeddable":true,"href":"http:\/\/lechappeeclose.it\/it\/wp-json\/wp\/v2\/comments?post=8080"}],"wp:featuredmedia":[{"embeddable":true,"href":"http:\/\/lechappeeclose.it\/it\/wp-json\/wp\/v2\/media\/8079"}],"wp:attachment":[{"href":"http:\/\/lechappeeclose.it\/it\/wp-json\/wp\/v2\/media?parent=8080"}],"wp:term":[{"taxonomy":"product_brand","embeddable":true,"href":"http:\/\/lechappeeclose.it\/it\/wp-json\/wp\/v2\/product_brand?post=8080"},{"taxonomy":"product_cat","embeddable":true,"href":"http:\/\/lechappeeclose.it\/it\/wp-json\/wp\/v2\/product_cat?post=8080"},{"taxonomy":"product_tag","embeddable":true,"href":"http:\/\/lechappeeclose.it\/it\/wp-json\/wp\/v2\/product_tag?post=8080"}],"curies":[{"name":"wp","href":"https:\/\/api.w.org\/{rel}","templated":true}]}}