{"id":7624,"date":"2025-02-12T15:03:42","date_gmt":"2025-02-12T14:03:42","guid":{"rendered":"https:\/\/lechappeeclose.it\/produit\/souvenirs-denfance-la-gloire-de-mon-pere\/"},"modified":"2026-03-31T16:57:35","modified_gmt":"2026-03-31T14:57:35","slug":"souvenirs-denfance-la-gloire-de-mon-pere","status":"publish","type":"product","link":"http:\/\/lechappeeclose.it\/it\/boutique\/livres\/litterature\/romans\/souvenirs-denfance-la-gloire-de-mon-pere\/","title":{"rendered":"La gloire de mon p\u00e8re"},"content":{"rendered":"<p>Un petit Marseillais d&#8217;il y a un si\u00e8cle: l&#8217;\u00e9cole primaire ; le cocon familial ; les premi\u00e8res vacances dans les collines, \u00e0 La Treille ; la premi\u00e8re chasse avec son p\u00e8re&#8230; Lorsqu il commence \u00e0 r\u00e9diger ses Souvenirs d&#8217;enfance, au milieu des ann\u00e9es cinquante, Marcel Pagnol est en train de s&#8217;\u00e9loigner du cin\u00e9ma., et le th\u00e9\u00e2tre ne lui sourit plus. La Gloire de mon p\u00e8re, d\u00e8s sa parution, en 1957, est salu\u00e9 comme marquant l&#8217;av\u00e8nement d&#8217;un grand prosateur.<\/p>","protected":false},"excerpt":{"rendered":"<p>Un petit Marseillais d&#8217;il y a un si\u00e8cle: l&#8217;\u00e9cole primaire ; le cocon familial ; les premi\u00e8res vacances dans les collines, \u00e0 La Treille ; la premi\u00e8re chasse avec son p\u00e8re&#8230; Lorsqu il commence \u00e0 r\u00e9diger ses Souvenirs d&#8217;enfance, au milieu des ann\u00e9es cinquante, Marcel Pagnol est en train de s&#8217;\u00e9loigner du cin\u00e9ma., et le [&hellip;]<\/p>","protected":false},"featured_media":7623,"comment_status":"open","ping_status":"closed","template":"","meta":[],"product_brand":[],"product_cat":[46],"product_tag":[],"class_list":{"0":"post-7624","1":"product","2":"type-product","3":"status-publish","4":"has-post-thumbnail","6":"product_cat-romans","8":"first","9":"instock","10":"taxable","11":"shipping-taxable","12":"purchasable","13":"product-type-simple"},"yoast_head":"<!-- This site is optimized with the Yoast SEO plugin v27.3 - https:\/\/yoast.com\/product\/yoast-seo-wordpress\/ -->\n<title>La gloire de mon p\u00e8re - l&#039;\u00e9chapp\u00e9e close<\/title>\n<meta name=\"robots\" content=\"index, follow, max-snippet:-1, max-image-preview:large, max-video-preview:-1\" \/>\n<link rel=\"canonical\" href=\"http:\/\/lechappeeclose.it\/it\/boutique\/livres\/litterature\/romans\/souvenirs-denfance-la-gloire-de-mon-pere\/\" \/>\n<meta property=\"og:locale\" content=\"it_IT\" \/>\n<meta property=\"og:type\" content=\"article\" \/>\n<meta property=\"og:title\" content=\"La gloire de mon p\u00e8re - l&#039;\u00e9chapp\u00e9e close\" \/>\n<meta property=\"og:description\" content=\"Un petit Marseillais d&#8217;il y a un si\u00e8cle: l&#8217;\u00e9cole primaire ; le cocon familial ; les premi\u00e8res vacances dans les collines, \u00e0 La Treille ; la premi\u00e8re chasse avec son p\u00e8re&#8230; Lorsqu il commence \u00e0 r\u00e9diger ses Souvenirs d&#8217;enfance, au milieu des ann\u00e9es cinquante, Marcel Pagnol est en train de s&#8217;\u00e9loigner du cin\u00e9ma., et le [&hellip;]\" \/>\n<meta property=\"og:url\" content=\"http:\/\/lechappeeclose.it\/it\/boutique\/livres\/litterature\/romans\/souvenirs-denfance-la-gloire-de-mon-pere\/\" \/>\n<meta property=\"og:site_name\" content=\"l&#039;\u00e9chapp\u00e9e close\" \/>\n<meta property=\"article:modified_time\" content=\"2026-03-31T14:57:35+00:00\" \/>\n<meta property=\"og:image\" content=\"http:\/\/lechappeeclose.it\/wp-content\/uploads\/2025\/02\/Souvenirs-denfance-La-gloire-de-mon-pere.jpg\" \/>\n\t<meta property=\"og:image:width\" content=\"280\" \/>\n\t<meta property=\"og:image:height\" content=\"467\" \/>\n\t<meta property=\"og:image:type\" content=\"image\/jpeg\" \/>\n<meta name=\"twitter:card\" content=\"summary_large_image\" \/>\n<script type=\"application\/ld+json\" class=\"yoast-schema-graph\">{\"@context\":\"https:\\\/\\\/schema.org\",\"@graph\":[{\"@type\":\"WebPage\",\"@id\":\"http:\\\/\\\/lechappeeclose.it\\\/boutique\\\/livres\\\/litterature\\\/romans\\\/souvenirs-denfance-la-gloire-de-mon-pere\\\/\",\"url\":\"http:\\\/\\\/lechappeeclose.it\\\/boutique\\\/livres\\\/litterature\\\/romans\\\/souvenirs-denfance-la-gloire-de-mon-pere\\\/\",\"name\":\"La gloire de mon p\u00e8re - l&#039;\u00e9chapp\u00e9e close\",\"isPartOf\":{\"@id\":\"http:\\\/\\\/lechappeeclose.it\\\/#website\"},\"primaryImageOfPage\":{\"@id\":\"http:\\\/\\\/lechappeeclose.it\\\/boutique\\\/livres\\\/litterature\\\/romans\\\/souvenirs-denfance-la-gloire-de-mon-pere\\\/#primaryimage\"},\"image\":{\"@id\":\"http:\\\/\\\/lechappeeclose.it\\\/boutique\\\/livres\\\/litterature\\\/romans\\\/souvenirs-denfance-la-gloire-de-mon-pere\\\/#primaryimage\"},\"thumbnailUrl\":\"http:\\\/\\\/lechappeeclose.it\\\/wp-content\\\/uploads\\\/2025\\\/02\\\/Souvenirs-denfance-La-gloire-de-mon-pere.jpg\",\"datePublished\":\"2025-02-12T14:03:42+00:00\",\"dateModified\":\"2026-03-31T14:57:35+00:00\",\"breadcrumb\":{\"@id\":\"http:\\\/\\\/lechappeeclose.it\\\/boutique\\\/livres\\\/litterature\\\/romans\\\/souvenirs-denfance-la-gloire-de-mon-pere\\\/#breadcrumb\"},\"inLanguage\":\"it-IT\",\"potentialAction\":[{\"@type\":\"ReadAction\",\"target\":[\"http:\\\/\\\/lechappeeclose.it\\\/boutique\\\/livres\\\/litterature\\\/romans\\\/souvenirs-denfance-la-gloire-de-mon-pere\\\/\"]}]},{\"@type\":\"ImageObject\",\"inLanguage\":\"it-IT\",\"@id\":\"http:\\\/\\\/lechappeeclose.it\\\/boutique\\\/livres\\\/litterature\\\/romans\\\/souvenirs-denfance-la-gloire-de-mon-pere\\\/#primaryimage\",\"url\":\"http:\\\/\\\/lechappeeclose.it\\\/wp-content\\\/uploads\\\/2025\\\/02\\\/Souvenirs-denfance-La-gloire-de-mon-pere.jpg\",\"contentUrl\":\"http:\\\/\\\/lechappeeclose.it\\\/wp-content\\\/uploads\\\/2025\\\/02\\\/Souvenirs-denfance-La-gloire-de-mon-pere.jpg\",\"width\":280,\"height\":467},{\"@type\":\"BreadcrumbList\",\"@id\":\"http:\\\/\\\/lechappeeclose.it\\\/boutique\\\/livres\\\/litterature\\\/romans\\\/souvenirs-denfance-la-gloire-de-mon-pere\\\/#breadcrumb\",\"itemListElement\":[{\"@type\":\"ListItem\",\"position\":1,\"name\":\"Accueil\",\"item\":\"http:\\\/\\\/lechappeeclose.it\\\/\"},{\"@type\":\"ListItem\",\"position\":2,\"name\":\"Boutique\",\"item\":\"https:\\\/\\\/lechappeeclose.it\\\/boutique\\\/\"},{\"@type\":\"ListItem\",\"position\":3,\"name\":\"La gloire de mon p\u00e8re\"}]},{\"@type\":\"WebSite\",\"@id\":\"http:\\\/\\\/lechappeeclose.it\\\/#website\",\"url\":\"http:\\\/\\\/lechappeeclose.it\\\/\",\"name\":\"l&#039;\u00e9chapp\u00e9e close\",\"description\":\"la librairie fran\u00e7aise de Milan\",\"publisher\":{\"@id\":\"http:\\\/\\\/lechappeeclose.it\\\/#organization\"},\"alternateName\":\"La librairie fran\u00e7aise de Milan\",\"potentialAction\":[{\"@type\":\"SearchAction\",\"target\":{\"@type\":\"EntryPoint\",\"urlTemplate\":\"http:\\\/\\\/lechappeeclose.it\\\/?s={search_term_string}\"},\"query-input\":{\"@type\":\"PropertyValueSpecification\",\"valueRequired\":true,\"valueName\":\"search_term_string\"}}],\"inLanguage\":\"it-IT\"},{\"@type\":\"Organization\",\"@id\":\"http:\\\/\\\/lechappeeclose.it\\\/#organization\",\"name\":\"l&#039;\u00e9chapp\u00e9e close\",\"url\":\"http:\\\/\\\/lechappeeclose.it\\\/\",\"logo\":{\"@type\":\"ImageObject\",\"inLanguage\":\"it-IT\",\"@id\":\"http:\\\/\\\/lechappeeclose.it\\\/#\\\/schema\\\/logo\\\/image\\\/\",\"url\":\"http:\\\/\\\/lechappeeclose.it\\\/wp-content\\\/uploads\\\/2025\\\/02\\\/cropped-logo-rond.png\",\"contentUrl\":\"http:\\\/\\\/lechappeeclose.it\\\/wp-content\\\/uploads\\\/2025\\\/02\\\/cropped-logo-rond.png\",\"width\":1080,\"height\":1080,\"caption\":\"l&#039;\u00e9chapp\u00e9e close\"},\"image\":{\"@id\":\"http:\\\/\\\/lechappeeclose.it\\\/#\\\/schema\\\/logo\\\/image\\\/\"},\"sameAs\":[\"https:\\\/\\\/www.instagram.com\\\/lechappeeclose\\\/\"]}]}<\/script>\n<!-- \/ Yoast SEO plugin. -->","yoast_head_json":{"title":"La gloire de mon p\u00e8re - l&#039;\u00e9chapp\u00e9e close","robots":{"index":"index","follow":"follow","max-snippet":"max-snippet:-1","max-image-preview":"max-image-preview:large","max-video-preview":"max-video-preview:-1"},"canonical":"http:\/\/lechappeeclose.it\/it\/boutique\/livres\/litterature\/romans\/souvenirs-denfance-la-gloire-de-mon-pere\/","og_locale":"it_IT","og_type":"article","og_title":"La gloire de mon p\u00e8re - l&#039;\u00e9chapp\u00e9e close","og_description":"Un petit Marseillais d&#8217;il y a un si\u00e8cle: l&#8217;\u00e9cole primaire ; le cocon familial ; les premi\u00e8res vacances dans les collines, \u00e0 La Treille ; la premi\u00e8re chasse avec son p\u00e8re&#8230; Lorsqu il commence \u00e0 r\u00e9diger ses Souvenirs d&#8217;enfance, au milieu des ann\u00e9es cinquante, Marcel Pagnol est en train de s&#8217;\u00e9loigner du cin\u00e9ma., et le [&hellip;]","og_url":"http:\/\/lechappeeclose.it\/it\/boutique\/livres\/litterature\/romans\/souvenirs-denfance-la-gloire-de-mon-pere\/","og_site_name":"l&#039;\u00e9chapp\u00e9e close","article_modified_time":"2026-03-31T14:57:35+00:00","og_image":[{"width":280,"height":467,"url":"http:\/\/lechappeeclose.it\/wp-content\/uploads\/2025\/02\/Souvenirs-denfance-La-gloire-de-mon-pere.jpg","type":"image\/jpeg"}],"twitter_card":"summary_large_image","schema":{"@context":"https:\/\/schema.org","@graph":[{"@type":"WebPage","@id":"http:\/\/lechappeeclose.it\/boutique\/livres\/litterature\/romans\/souvenirs-denfance-la-gloire-de-mon-pere\/","url":"http:\/\/lechappeeclose.it\/boutique\/livres\/litterature\/romans\/souvenirs-denfance-la-gloire-de-mon-pere\/","name":"La gloire de mon p\u00e8re - l&#039;\u00e9chapp\u00e9e close","isPartOf":{"@id":"http:\/\/lechappeeclose.it\/#website"},"primaryImageOfPage":{"@id":"http:\/\/lechappeeclose.it\/boutique\/livres\/litterature\/romans\/souvenirs-denfance-la-gloire-de-mon-pere\/#primaryimage"},"image":{"@id":"http:\/\/lechappeeclose.it\/boutique\/livres\/litterature\/romans\/souvenirs-denfance-la-gloire-de-mon-pere\/#primaryimage"},"thumbnailUrl":"http:\/\/lechappeeclose.it\/wp-content\/uploads\/2025\/02\/Souvenirs-denfance-La-gloire-de-mon-pere.jpg","datePublished":"2025-02-12T14:03:42+00:00","dateModified":"2026-03-31T14:57:35+00:00","breadcrumb":{"@id":"http:\/\/lechappeeclose.it\/boutique\/livres\/litterature\/romans\/souvenirs-denfance-la-gloire-de-mon-pere\/#breadcrumb"},"inLanguage":"it-IT","potentialAction":[{"@type":"ReadAction","target":["http:\/\/lechappeeclose.it\/boutique\/livres\/litterature\/romans\/souvenirs-denfance-la-gloire-de-mon-pere\/"]}]},{"@type":"ImageObject","inLanguage":"it-IT","@id":"http:\/\/lechappeeclose.it\/boutique\/livres\/litterature\/romans\/souvenirs-denfance-la-gloire-de-mon-pere\/#primaryimage","url":"http:\/\/lechappeeclose.it\/wp-content\/uploads\/2025\/02\/Souvenirs-denfance-La-gloire-de-mon-pere.jpg","contentUrl":"http:\/\/lechappeeclose.it\/wp-content\/uploads\/2025\/02\/Souvenirs-denfance-La-gloire-de-mon-pere.jpg","width":280,"height":467},{"@type":"BreadcrumbList","@id":"http:\/\/lechappeeclose.it\/boutique\/livres\/litterature\/romans\/souvenirs-denfance-la-gloire-de-mon-pere\/#breadcrumb","itemListElement":[{"@type":"ListItem","position":1,"name":"Accueil","item":"http:\/\/lechappeeclose.it\/"},{"@type":"ListItem","position":2,"name":"Boutique","item":"https:\/\/lechappeeclose.it\/boutique\/"},{"@type":"ListItem","position":3,"name":"La gloire de mon p\u00e8re"}]},{"@type":"WebSite","@id":"http:\/\/lechappeeclose.it\/#website","url":"http:\/\/lechappeeclose.it\/","name":"l&#039;\u00e9chapp\u00e9e close","description":"La libreria francese di Milano","publisher":{"@id":"http:\/\/lechappeeclose.it\/#organization"},"alternateName":"La librairie fran\u00e7aise de Milan","potentialAction":[{"@type":"SearchAction","target":{"@type":"EntryPoint","urlTemplate":"http:\/\/lechappeeclose.it\/?s={search_term_string}"},"query-input":{"@type":"PropertyValueSpecification","valueRequired":true,"valueName":"search_term_string"}}],"inLanguage":"it-IT"},{"@type":"Organization","@id":"http:\/\/lechappeeclose.it\/#organization","name":"l&#039;\u00e9chapp\u00e9e close","url":"http:\/\/lechappeeclose.it\/","logo":{"@type":"ImageObject","inLanguage":"it-IT","@id":"http:\/\/lechappeeclose.it\/#\/schema\/logo\/image\/","url":"http:\/\/lechappeeclose.it\/wp-content\/uploads\/2025\/02\/cropped-logo-rond.png","contentUrl":"http:\/\/lechappeeclose.it\/wp-content\/uploads\/2025\/02\/cropped-logo-rond.png","width":1080,"height":1080,"caption":"l&#039;\u00e9chapp\u00e9e close"},"image":{"@id":"http:\/\/lechappeeclose.it\/#\/schema\/logo\/image\/"},"sameAs":["https:\/\/www.instagram.com\/lechappeeclose\/"]}]}},"_links":{"self":[{"href":"http:\/\/lechappeeclose.it\/it\/wp-json\/wp\/v2\/product\/7624","targetHints":{"allow":["GET"]}}],"collection":[{"href":"http:\/\/lechappeeclose.it\/it\/wp-json\/wp\/v2\/product"}],"about":[{"href":"http:\/\/lechappeeclose.it\/it\/wp-json\/wp\/v2\/types\/product"}],"replies":[{"embeddable":true,"href":"http:\/\/lechappeeclose.it\/it\/wp-json\/wp\/v2\/comments?post=7624"}],"wp:featuredmedia":[{"embeddable":true,"href":"http:\/\/lechappeeclose.it\/it\/wp-json\/wp\/v2\/media\/7623"}],"wp:attachment":[{"href":"http:\/\/lechappeeclose.it\/it\/wp-json\/wp\/v2\/media?parent=7624"}],"wp:term":[{"taxonomy":"product_brand","embeddable":true,"href":"http:\/\/lechappeeclose.it\/it\/wp-json\/wp\/v2\/product_brand?post=7624"},{"taxonomy":"product_cat","embeddable":true,"href":"http:\/\/lechappeeclose.it\/it\/wp-json\/wp\/v2\/product_cat?post=7624"},{"taxonomy":"product_tag","embeddable":true,"href":"http:\/\/lechappeeclose.it\/it\/wp-json\/wp\/v2\/product_tag?post=7624"}],"curies":[{"name":"wp","href":"https:\/\/api.w.org\/{rel}","templated":true}]}}