{"id":7436,"date":"2025-02-11T16:58:22","date_gmt":"2025-02-11T15:58:22","guid":{"rendered":"https:\/\/lechappeeclose.it\/produit\/les-phalanges-de-lordre-noir\/"},"modified":"2025-02-11T16:58:22","modified_gmt":"2025-02-11T15:58:22","slug":"les-phalanges-de-lordre-noir","status":"publish","type":"product","link":"http:\/\/lechappeeclose.it\/it\/boutique\/livres\/roman-graphique-bd\/science-fiction\/les-phalanges-de-lordre-noir\/","title":{"rendered":"Les Phalanges de l&#8217;Ordre Noir"},"content":{"rendered":"<p>\u00abAllons, tu sais bien que la violence r\u00e9volutionnaire ne fait que r\u00e9pondre \u00e0 celle de l&#8217;ordre \u00e9tabli&#8230; &#8211; Mais je sais aussi que le terrorisme de gauche n&#8217;a jamais rien r\u00e9solu&#8230; Je finis par me demander si je n&#8217;ai pas eu tort de vous embarquer dans cette \u00e9quip\u00e9e de croulants.. &#8211; Tu mollis en vieillissant, Pritchard, permets-moi de te le dire.\u00bb \u00abUn thriller violent et m\u00e9ditatif, beau et intelligent.\u00bb Jean-Patrick Manchette \u00abLes Phalanges de l&#8217;Ordre Noir font partie de ces contes imaginaires qui d\u00e9crivent avec le plus de justesse et de suggestion les cauchemars des derniers vingt ans du mill\u00e9naire.\u00bb T\u00e9l\u00e9rama \u00abDense comme un roman, haletant comme un film \u00e0 grand spectacle, d\u00e9chirant comme la nostalgie d&#8217;une jeunesse qu&#8217;on ne peut revivre&#8230;\u00bb France-Soir \u00abLes Phalanges de l&#8217;Ordre Noir vient de hisser d\u00e9finitivement le monde des bulles au niveau du roman.\u00bb Lib\u00e9ration.<\/p>","protected":false},"excerpt":{"rendered":"<p>\u00abAllons, tu sais bien que la violence r\u00e9volutionnaire ne fait que r\u00e9pondre \u00e0 celle de l&#8217;ordre \u00e9tabli&#8230; &#8211; Mais je sais aussi que le terrorisme de gauche n&#8217;a jamais rien r\u00e9solu&#8230; Je finis par me demander si je n&#8217;ai pas eu tort de vous embarquer dans cette \u00e9quip\u00e9e de croulants.. &#8211; Tu mollis en vieillissant, [&hellip;]<\/p>","protected":false},"featured_media":7435,"comment_status":"open","ping_status":"closed","template":"","meta":[],"product_brand":[],"product_cat":[58],"product_tag":[],"class_list":{"0":"post-7436","1":"product","2":"type-product","3":"status-publish","4":"has-post-thumbnail","6":"product_cat-science-fiction","8":"first","9":"instock","10":"taxable","11":"shipping-taxable","12":"purchasable","13":"product-type-simple"},"yoast_head":"<!-- This site is optimized with the Yoast SEO plugin v27.4 - https:\/\/yoast.com\/product\/yoast-seo-wordpress\/ -->\n<title>Les Phalanges de l&#039;Ordre Noir - l&#039;\u00e9chapp\u00e9e close<\/title>\n<meta name=\"robots\" content=\"index, follow, max-snippet:-1, max-image-preview:large, max-video-preview:-1\" \/>\n<link rel=\"canonical\" href=\"http:\/\/lechappeeclose.it\/it\/boutique\/livres\/roman-graphique-bd\/science-fiction\/les-phalanges-de-lordre-noir\/\" \/>\n<meta property=\"og:locale\" content=\"it_IT\" \/>\n<meta property=\"og:type\" content=\"article\" \/>\n<meta property=\"og:title\" content=\"Les Phalanges de l&#039;Ordre Noir - l&#039;\u00e9chapp\u00e9e close\" \/>\n<meta property=\"og:description\" content=\"\u00abAllons, tu sais bien que la violence r\u00e9volutionnaire ne fait que r\u00e9pondre \u00e0 celle de l&#8217;ordre \u00e9tabli&#8230; &#8211; Mais je sais aussi que le terrorisme de gauche n&#8217;a jamais rien r\u00e9solu&#8230; Je finis par me demander si je n&#8217;ai pas eu tort de vous embarquer dans cette \u00e9quip\u00e9e de croulants.. &#8211; Tu mollis en vieillissant, [&hellip;]\" \/>\n<meta property=\"og:url\" content=\"http:\/\/lechappeeclose.it\/it\/boutique\/livres\/roman-graphique-bd\/science-fiction\/les-phalanges-de-lordre-noir\/\" \/>\n<meta property=\"og:site_name\" content=\"l&#039;\u00e9chapp\u00e9e close\" \/>\n<meta property=\"og:image\" content=\"http:\/\/lechappeeclose.it\/wp-content\/uploads\/2025\/02\/Les-Phalanges-de-lOrdre-Noir.jpg\" \/>\n\t<meta property=\"og:image:width\" content=\"370\" \/>\n\t<meta property=\"og:image:height\" content=\"500\" \/>\n\t<meta property=\"og:image:type\" content=\"image\/jpeg\" \/>\n<meta name=\"twitter:card\" content=\"summary_large_image\" \/>\n<meta name=\"twitter:label1\" content=\"Tempo di lettura stimato\" \/>\n\t<meta name=\"twitter:data1\" content=\"1 minuto\" \/>\n<script type=\"application\/ld+json\" class=\"yoast-schema-graph\">{\"@context\":\"https:\\\/\\\/schema.org\",\"@graph\":[{\"@type\":\"WebPage\",\"@id\":\"http:\\\/\\\/lechappeeclose.it\\\/it\\\/boutique\\\/livres\\\/roman-graphique-bd\\\/science-fiction\\\/les-phalanges-de-lordre-noir\\\/\",\"url\":\"http:\\\/\\\/lechappeeclose.it\\\/it\\\/boutique\\\/livres\\\/roman-graphique-bd\\\/science-fiction\\\/les-phalanges-de-lordre-noir\\\/\",\"name\":\"Les Phalanges de l'Ordre Noir - l&#039;\u00e9chapp\u00e9e close\",\"isPartOf\":{\"@id\":\"http:\\\/\\\/lechappeeclose.it\\\/#website\"},\"primaryImageOfPage\":{\"@id\":\"http:\\\/\\\/lechappeeclose.it\\\/it\\\/boutique\\\/livres\\\/roman-graphique-bd\\\/science-fiction\\\/les-phalanges-de-lordre-noir\\\/#primaryimage\"},\"image\":{\"@id\":\"http:\\\/\\\/lechappeeclose.it\\\/it\\\/boutique\\\/livres\\\/roman-graphique-bd\\\/science-fiction\\\/les-phalanges-de-lordre-noir\\\/#primaryimage\"},\"thumbnailUrl\":\"http:\\\/\\\/lechappeeclose.it\\\/wp-content\\\/uploads\\\/2025\\\/02\\\/Les-Phalanges-de-lOrdre-Noir.jpg\",\"datePublished\":\"2025-02-11T15:58:22+00:00\",\"breadcrumb\":{\"@id\":\"http:\\\/\\\/lechappeeclose.it\\\/it\\\/boutique\\\/livres\\\/roman-graphique-bd\\\/science-fiction\\\/les-phalanges-de-lordre-noir\\\/#breadcrumb\"},\"inLanguage\":\"it-IT\",\"potentialAction\":[{\"@type\":\"ReadAction\",\"target\":[\"http:\\\/\\\/lechappeeclose.it\\\/it\\\/boutique\\\/livres\\\/roman-graphique-bd\\\/science-fiction\\\/les-phalanges-de-lordre-noir\\\/\"]}]},{\"@type\":\"ImageObject\",\"inLanguage\":\"it-IT\",\"@id\":\"http:\\\/\\\/lechappeeclose.it\\\/it\\\/boutique\\\/livres\\\/roman-graphique-bd\\\/science-fiction\\\/les-phalanges-de-lordre-noir\\\/#primaryimage\",\"url\":\"http:\\\/\\\/lechappeeclose.it\\\/wp-content\\\/uploads\\\/2025\\\/02\\\/Les-Phalanges-de-lOrdre-Noir.jpg\",\"contentUrl\":\"http:\\\/\\\/lechappeeclose.it\\\/wp-content\\\/uploads\\\/2025\\\/02\\\/Les-Phalanges-de-lOrdre-Noir.jpg\",\"width\":370,\"height\":500},{\"@type\":\"BreadcrumbList\",\"@id\":\"http:\\\/\\\/lechappeeclose.it\\\/it\\\/boutique\\\/livres\\\/roman-graphique-bd\\\/science-fiction\\\/les-phalanges-de-lordre-noir\\\/#breadcrumb\",\"itemListElement\":[{\"@type\":\"ListItem\",\"position\":1,\"name\":\"Accueil\",\"item\":\"http:\\\/\\\/lechappeeclose.it\\\/\"},{\"@type\":\"ListItem\",\"position\":2,\"name\":\"Boutique\",\"item\":\"http:\\\/\\\/lechappeeclose.it\\\/it\\\/boutique\\\/\"},{\"@type\":\"ListItem\",\"position\":3,\"name\":\"Les Phalanges de l&#8217;Ordre Noir\"}]},{\"@type\":\"WebSite\",\"@id\":\"http:\\\/\\\/lechappeeclose.it\\\/#website\",\"url\":\"http:\\\/\\\/lechappeeclose.it\\\/\",\"name\":\"l&#039;\u00e9chapp\u00e9e close\",\"description\":\"la librairie fran\u00e7aise de Milan\",\"publisher\":{\"@id\":\"http:\\\/\\\/lechappeeclose.it\\\/#organization\"},\"alternateName\":\"La librairie fran\u00e7aise de Milan\",\"potentialAction\":[{\"@type\":\"SearchAction\",\"target\":{\"@type\":\"EntryPoint\",\"urlTemplate\":\"http:\\\/\\\/lechappeeclose.it\\\/?s={search_term_string}\"},\"query-input\":{\"@type\":\"PropertyValueSpecification\",\"valueRequired\":true,\"valueName\":\"search_term_string\"}}],\"inLanguage\":\"it-IT\"},{\"@type\":\"Organization\",\"@id\":\"http:\\\/\\\/lechappeeclose.it\\\/#organization\",\"name\":\"l&#039;\u00e9chapp\u00e9e close\",\"url\":\"http:\\\/\\\/lechappeeclose.it\\\/\",\"logo\":{\"@type\":\"ImageObject\",\"inLanguage\":\"it-IT\",\"@id\":\"http:\\\/\\\/lechappeeclose.it\\\/#\\\/schema\\\/logo\\\/image\\\/\",\"url\":\"http:\\\/\\\/lechappeeclose.it\\\/wp-content\\\/uploads\\\/2025\\\/02\\\/cropped-logo-rond.png\",\"contentUrl\":\"http:\\\/\\\/lechappeeclose.it\\\/wp-content\\\/uploads\\\/2025\\\/02\\\/cropped-logo-rond.png\",\"width\":1080,\"height\":1080,\"caption\":\"l&#039;\u00e9chapp\u00e9e close\"},\"image\":{\"@id\":\"http:\\\/\\\/lechappeeclose.it\\\/#\\\/schema\\\/logo\\\/image\\\/\"},\"sameAs\":[\"https:\\\/\\\/www.instagram.com\\\/lechappeeclose\\\/\"]}]}<\/script>\n<!-- \/ Yoast SEO plugin. -->","yoast_head_json":{"title":"Les Phalanges de l'Ordre Noir - l&#039;\u00e9chapp\u00e9e close","robots":{"index":"index","follow":"follow","max-snippet":"max-snippet:-1","max-image-preview":"max-image-preview:large","max-video-preview":"max-video-preview:-1"},"canonical":"http:\/\/lechappeeclose.it\/it\/boutique\/livres\/roman-graphique-bd\/science-fiction\/les-phalanges-de-lordre-noir\/","og_locale":"it_IT","og_type":"article","og_title":"Les Phalanges de l'Ordre Noir - l&#039;\u00e9chapp\u00e9e close","og_description":"\u00abAllons, tu sais bien que la violence r\u00e9volutionnaire ne fait que r\u00e9pondre \u00e0 celle de l&#8217;ordre \u00e9tabli&#8230; &#8211; Mais je sais aussi que le terrorisme de gauche n&#8217;a jamais rien r\u00e9solu&#8230; Je finis par me demander si je n&#8217;ai pas eu tort de vous embarquer dans cette \u00e9quip\u00e9e de croulants.. &#8211; Tu mollis en vieillissant, [&hellip;]","og_url":"http:\/\/lechappeeclose.it\/it\/boutique\/livres\/roman-graphique-bd\/science-fiction\/les-phalanges-de-lordre-noir\/","og_site_name":"l&#039;\u00e9chapp\u00e9e close","og_image":[{"width":370,"height":500,"url":"http:\/\/lechappeeclose.it\/wp-content\/uploads\/2025\/02\/Les-Phalanges-de-lOrdre-Noir.jpg","type":"image\/jpeg"}],"twitter_card":"summary_large_image","twitter_misc":{"Tempo di lettura stimato":"1 minuto"},"schema":{"@context":"https:\/\/schema.org","@graph":[{"@type":"WebPage","@id":"http:\/\/lechappeeclose.it\/it\/boutique\/livres\/roman-graphique-bd\/science-fiction\/les-phalanges-de-lordre-noir\/","url":"http:\/\/lechappeeclose.it\/it\/boutique\/livres\/roman-graphique-bd\/science-fiction\/les-phalanges-de-lordre-noir\/","name":"Les Phalanges de l'Ordre Noir - l&#039;\u00e9chapp\u00e9e close","isPartOf":{"@id":"http:\/\/lechappeeclose.it\/#website"},"primaryImageOfPage":{"@id":"http:\/\/lechappeeclose.it\/it\/boutique\/livres\/roman-graphique-bd\/science-fiction\/les-phalanges-de-lordre-noir\/#primaryimage"},"image":{"@id":"http:\/\/lechappeeclose.it\/it\/boutique\/livres\/roman-graphique-bd\/science-fiction\/les-phalanges-de-lordre-noir\/#primaryimage"},"thumbnailUrl":"http:\/\/lechappeeclose.it\/wp-content\/uploads\/2025\/02\/Les-Phalanges-de-lOrdre-Noir.jpg","datePublished":"2025-02-11T15:58:22+00:00","breadcrumb":{"@id":"http:\/\/lechappeeclose.it\/it\/boutique\/livres\/roman-graphique-bd\/science-fiction\/les-phalanges-de-lordre-noir\/#breadcrumb"},"inLanguage":"it-IT","potentialAction":[{"@type":"ReadAction","target":["http:\/\/lechappeeclose.it\/it\/boutique\/livres\/roman-graphique-bd\/science-fiction\/les-phalanges-de-lordre-noir\/"]}]},{"@type":"ImageObject","inLanguage":"it-IT","@id":"http:\/\/lechappeeclose.it\/it\/boutique\/livres\/roman-graphique-bd\/science-fiction\/les-phalanges-de-lordre-noir\/#primaryimage","url":"http:\/\/lechappeeclose.it\/wp-content\/uploads\/2025\/02\/Les-Phalanges-de-lOrdre-Noir.jpg","contentUrl":"http:\/\/lechappeeclose.it\/wp-content\/uploads\/2025\/02\/Les-Phalanges-de-lOrdre-Noir.jpg","width":370,"height":500},{"@type":"BreadcrumbList","@id":"http:\/\/lechappeeclose.it\/it\/boutique\/livres\/roman-graphique-bd\/science-fiction\/les-phalanges-de-lordre-noir\/#breadcrumb","itemListElement":[{"@type":"ListItem","position":1,"name":"Accueil","item":"http:\/\/lechappeeclose.it\/"},{"@type":"ListItem","position":2,"name":"Boutique","item":"http:\/\/lechappeeclose.it\/it\/boutique\/"},{"@type":"ListItem","position":3,"name":"Les Phalanges de l&#8217;Ordre Noir"}]},{"@type":"WebSite","@id":"http:\/\/lechappeeclose.it\/#website","url":"http:\/\/lechappeeclose.it\/","name":"l&#039;\u00e9chapp\u00e9e close","description":"La libreria francese di Milano","publisher":{"@id":"http:\/\/lechappeeclose.it\/#organization"},"alternateName":"La librairie fran\u00e7aise de Milan","potentialAction":[{"@type":"SearchAction","target":{"@type":"EntryPoint","urlTemplate":"http:\/\/lechappeeclose.it\/?s={search_term_string}"},"query-input":{"@type":"PropertyValueSpecification","valueRequired":true,"valueName":"search_term_string"}}],"inLanguage":"it-IT"},{"@type":"Organization","@id":"http:\/\/lechappeeclose.it\/#organization","name":"l&#039;\u00e9chapp\u00e9e close","url":"http:\/\/lechappeeclose.it\/","logo":{"@type":"ImageObject","inLanguage":"it-IT","@id":"http:\/\/lechappeeclose.it\/#\/schema\/logo\/image\/","url":"http:\/\/lechappeeclose.it\/wp-content\/uploads\/2025\/02\/cropped-logo-rond.png","contentUrl":"http:\/\/lechappeeclose.it\/wp-content\/uploads\/2025\/02\/cropped-logo-rond.png","width":1080,"height":1080,"caption":"l&#039;\u00e9chapp\u00e9e close"},"image":{"@id":"http:\/\/lechappeeclose.it\/#\/schema\/logo\/image\/"},"sameAs":["https:\/\/www.instagram.com\/lechappeeclose\/"]}]}},"_links":{"self":[{"href":"http:\/\/lechappeeclose.it\/it\/wp-json\/wp\/v2\/product\/7436","targetHints":{"allow":["GET"]}}],"collection":[{"href":"http:\/\/lechappeeclose.it\/it\/wp-json\/wp\/v2\/product"}],"about":[{"href":"http:\/\/lechappeeclose.it\/it\/wp-json\/wp\/v2\/types\/product"}],"replies":[{"embeddable":true,"href":"http:\/\/lechappeeclose.it\/it\/wp-json\/wp\/v2\/comments?post=7436"}],"wp:featuredmedia":[{"embeddable":true,"href":"http:\/\/lechappeeclose.it\/it\/wp-json\/wp\/v2\/media\/7435"}],"wp:attachment":[{"href":"http:\/\/lechappeeclose.it\/it\/wp-json\/wp\/v2\/media?parent=7436"}],"wp:term":[{"taxonomy":"product_brand","embeddable":true,"href":"http:\/\/lechappeeclose.it\/it\/wp-json\/wp\/v2\/product_brand?post=7436"},{"taxonomy":"product_cat","embeddable":true,"href":"http:\/\/lechappeeclose.it\/it\/wp-json\/wp\/v2\/product_cat?post=7436"},{"taxonomy":"product_tag","embeddable":true,"href":"http:\/\/lechappeeclose.it\/it\/wp-json\/wp\/v2\/product_tag?post=7436"}],"curies":[{"name":"wp","href":"https:\/\/api.w.org\/{rel}","templated":true}]}}