{"id":7374,"date":"2025-02-11T16:38:20","date_gmt":"2025-02-11T15:38:20","guid":{"rendered":"https:\/\/lechappeeclose.it\/produit\/vernon-subutex-4\/"},"modified":"2026-02-27T16:18:23","modified_gmt":"2026-02-27T15:18:23","slug":"vernon-subutex-4","status":"publish","type":"product","link":"http:\/\/lechappeeclose.it\/it\/boutique\/livres\/roman-graphique-bd\/adaptation-litteraire\/vernon-subutex-4\/","title":{"rendered":"Vernon Subutex &#8211; Tome 2"},"content":{"rendered":"<p>Qu&#8217;il pleuve ou qu&#8217;il vente, &#8220;la bande&#8221; de Vernon se reconstituait. Et une id\u00e9e idiote &#8211; se retrouver hors la ville pour danser &#8211; devint une aventure commune. Ils appel\u00e8rent \u00e7a les Convergences. La quasi-totalit\u00e9 de cette seconde partie est originale. Il y a un plaisir fou \u00e0 faire \u00e9voluer un texte publi\u00e9 &#8211; de fa\u00e7on \u00e0 ce qu&#8217;il trouve la meilleure forme possible dans l&#8217;imagination d&#8217;un autre. Vivre avec un ami imaginaire c&#8217;est l&#8217;assurance de grandir le jour o\u00f9 il s&#8217;en va. Dans Vernon Subutex, des amis&#8230;<\/p>","protected":false},"excerpt":{"rendered":"<p>Qu&#8217;il pleuve ou qu&#8217;il vente, &#8220;la bande&#8221; de Vernon se reconstituait. Et une id\u00e9e idiote &#8211; se retrouver hors la ville pour danser &#8211; devint une aventure commune. Ils appel\u00e8rent \u00e7a les Convergences. La quasi-totalit\u00e9 de cette seconde partie est originale. Il y a un plaisir fou \u00e0 faire \u00e9voluer un texte publi\u00e9 &#8211; de [&hellip;]<\/p>","protected":false},"featured_media":7373,"comment_status":"open","ping_status":"closed","template":"","meta":[],"product_brand":[],"product_cat":[56],"product_tag":[],"class_list":{"0":"post-7374","1":"product","2":"type-product","3":"status-publish","4":"has-post-thumbnail","6":"product_cat-adaptation-litteraire","8":"first","9":"instock","10":"taxable","11":"shipping-taxable","12":"purchasable","13":"product-type-simple"},"yoast_head":"<!-- This site is optimized with the Yoast SEO plugin v27.4 - https:\/\/yoast.com\/product\/yoast-seo-wordpress\/ -->\n<title>Vernon Subutex - Tome 2 - l&#039;\u00e9chapp\u00e9e close<\/title>\n<meta name=\"robots\" content=\"index, follow, max-snippet:-1, max-image-preview:large, max-video-preview:-1\" \/>\n<link rel=\"canonical\" href=\"http:\/\/lechappeeclose.it\/it\/boutique\/livres\/roman-graphique-bd\/adaptation-litteraire\/vernon-subutex-4\/\" \/>\n<meta property=\"og:locale\" content=\"it_IT\" \/>\n<meta property=\"og:type\" content=\"article\" \/>\n<meta property=\"og:title\" content=\"Vernon Subutex - Tome 2 - l&#039;\u00e9chapp\u00e9e close\" \/>\n<meta property=\"og:description\" content=\"Qu&#8217;il pleuve ou qu&#8217;il vente, &#8220;la bande&#8221; de Vernon se reconstituait. Et une id\u00e9e idiote &#8211; se retrouver hors la ville pour danser &#8211; devint une aventure commune. Ils appel\u00e8rent \u00e7a les Convergences. La quasi-totalit\u00e9 de cette seconde partie est originale. Il y a un plaisir fou \u00e0 faire \u00e9voluer un texte publi\u00e9 &#8211; de [&hellip;]\" \/>\n<meta property=\"og:url\" content=\"http:\/\/lechappeeclose.it\/it\/boutique\/livres\/roman-graphique-bd\/adaptation-litteraire\/vernon-subutex-4\/\" \/>\n<meta property=\"og:site_name\" content=\"l&#039;\u00e9chapp\u00e9e close\" \/>\n<meta property=\"article:modified_time\" content=\"2026-02-27T15:18:23+00:00\" \/>\n<meta property=\"og:image\" content=\"http:\/\/lechappeeclose.it\/wp-content\/uploads\/2025\/02\/Vernon-Subutex-2.jpg\" \/>\n\t<meta property=\"og:image:width\" content=\"1400\" \/>\n\t<meta property=\"og:image:height\" content=\"1861\" \/>\n\t<meta property=\"og:image:type\" content=\"image\/jpeg\" \/>\n<meta name=\"twitter:card\" content=\"summary_large_image\" \/>\n<meta name=\"twitter:label1\" content=\"Tempo di lettura stimato\" \/>\n\t<meta name=\"twitter:data1\" content=\"1 minuto\" \/>\n<script type=\"application\/ld+json\" class=\"yoast-schema-graph\">{\"@context\":\"https:\\\/\\\/schema.org\",\"@graph\":[{\"@type\":\"WebPage\",\"@id\":\"http:\\\/\\\/lechappeeclose.it\\\/boutique\\\/livres\\\/roman-graphique-bd\\\/adaptation-litteraire\\\/vernon-subutex-4\\\/\",\"url\":\"http:\\\/\\\/lechappeeclose.it\\\/boutique\\\/livres\\\/roman-graphique-bd\\\/adaptation-litteraire\\\/vernon-subutex-4\\\/\",\"name\":\"Vernon Subutex - Tome 2 - l&#039;\u00e9chapp\u00e9e close\",\"isPartOf\":{\"@id\":\"http:\\\/\\\/lechappeeclose.it\\\/#website\"},\"primaryImageOfPage\":{\"@id\":\"http:\\\/\\\/lechappeeclose.it\\\/boutique\\\/livres\\\/roman-graphique-bd\\\/adaptation-litteraire\\\/vernon-subutex-4\\\/#primaryimage\"},\"image\":{\"@id\":\"http:\\\/\\\/lechappeeclose.it\\\/boutique\\\/livres\\\/roman-graphique-bd\\\/adaptation-litteraire\\\/vernon-subutex-4\\\/#primaryimage\"},\"thumbnailUrl\":\"http:\\\/\\\/lechappeeclose.it\\\/wp-content\\\/uploads\\\/2025\\\/02\\\/Vernon-Subutex-2.jpg\",\"datePublished\":\"2025-02-11T15:38:20+00:00\",\"dateModified\":\"2026-02-27T15:18:23+00:00\",\"breadcrumb\":{\"@id\":\"http:\\\/\\\/lechappeeclose.it\\\/boutique\\\/livres\\\/roman-graphique-bd\\\/adaptation-litteraire\\\/vernon-subutex-4\\\/#breadcrumb\"},\"inLanguage\":\"it-IT\",\"potentialAction\":[{\"@type\":\"ReadAction\",\"target\":[\"http:\\\/\\\/lechappeeclose.it\\\/boutique\\\/livres\\\/roman-graphique-bd\\\/adaptation-litteraire\\\/vernon-subutex-4\\\/\"]}]},{\"@type\":\"ImageObject\",\"inLanguage\":\"it-IT\",\"@id\":\"http:\\\/\\\/lechappeeclose.it\\\/boutique\\\/livres\\\/roman-graphique-bd\\\/adaptation-litteraire\\\/vernon-subutex-4\\\/#primaryimage\",\"url\":\"http:\\\/\\\/lechappeeclose.it\\\/wp-content\\\/uploads\\\/2025\\\/02\\\/Vernon-Subutex-2.jpg\",\"contentUrl\":\"http:\\\/\\\/lechappeeclose.it\\\/wp-content\\\/uploads\\\/2025\\\/02\\\/Vernon-Subutex-2.jpg\",\"width\":1400,\"height\":1861},{\"@type\":\"BreadcrumbList\",\"@id\":\"http:\\\/\\\/lechappeeclose.it\\\/boutique\\\/livres\\\/roman-graphique-bd\\\/adaptation-litteraire\\\/vernon-subutex-4\\\/#breadcrumb\",\"itemListElement\":[{\"@type\":\"ListItem\",\"position\":1,\"name\":\"Accueil\",\"item\":\"http:\\\/\\\/lechappeeclose.it\\\/\"},{\"@type\":\"ListItem\",\"position\":2,\"name\":\"Boutique\",\"item\":\"http:\\\/\\\/lechappeeclose.it\\\/it\\\/boutique\\\/\"},{\"@type\":\"ListItem\",\"position\":3,\"name\":\"Vernon Subutex &#8211; Tome 2\"}]},{\"@type\":\"WebSite\",\"@id\":\"http:\\\/\\\/lechappeeclose.it\\\/#website\",\"url\":\"http:\\\/\\\/lechappeeclose.it\\\/\",\"name\":\"l&#039;\u00e9chapp\u00e9e close\",\"description\":\"la librairie fran\u00e7aise de Milan\",\"publisher\":{\"@id\":\"http:\\\/\\\/lechappeeclose.it\\\/#organization\"},\"alternateName\":\"La librairie fran\u00e7aise de Milan\",\"potentialAction\":[{\"@type\":\"SearchAction\",\"target\":{\"@type\":\"EntryPoint\",\"urlTemplate\":\"http:\\\/\\\/lechappeeclose.it\\\/?s={search_term_string}\"},\"query-input\":{\"@type\":\"PropertyValueSpecification\",\"valueRequired\":true,\"valueName\":\"search_term_string\"}}],\"inLanguage\":\"it-IT\"},{\"@type\":\"Organization\",\"@id\":\"http:\\\/\\\/lechappeeclose.it\\\/#organization\",\"name\":\"l&#039;\u00e9chapp\u00e9e close\",\"url\":\"http:\\\/\\\/lechappeeclose.it\\\/\",\"logo\":{\"@type\":\"ImageObject\",\"inLanguage\":\"it-IT\",\"@id\":\"http:\\\/\\\/lechappeeclose.it\\\/#\\\/schema\\\/logo\\\/image\\\/\",\"url\":\"http:\\\/\\\/lechappeeclose.it\\\/wp-content\\\/uploads\\\/2025\\\/02\\\/cropped-logo-rond.png\",\"contentUrl\":\"http:\\\/\\\/lechappeeclose.it\\\/wp-content\\\/uploads\\\/2025\\\/02\\\/cropped-logo-rond.png\",\"width\":1080,\"height\":1080,\"caption\":\"l&#039;\u00e9chapp\u00e9e close\"},\"image\":{\"@id\":\"http:\\\/\\\/lechappeeclose.it\\\/#\\\/schema\\\/logo\\\/image\\\/\"},\"sameAs\":[\"https:\\\/\\\/www.instagram.com\\\/lechappeeclose\\\/\"]}]}<\/script>\n<!-- \/ Yoast SEO plugin. -->","yoast_head_json":{"title":"Vernon Subutex - Tome 2 - l&#039;\u00e9chapp\u00e9e close","robots":{"index":"index","follow":"follow","max-snippet":"max-snippet:-1","max-image-preview":"max-image-preview:large","max-video-preview":"max-video-preview:-1"},"canonical":"http:\/\/lechappeeclose.it\/it\/boutique\/livres\/roman-graphique-bd\/adaptation-litteraire\/vernon-subutex-4\/","og_locale":"it_IT","og_type":"article","og_title":"Vernon Subutex - Tome 2 - l&#039;\u00e9chapp\u00e9e close","og_description":"Qu&#8217;il pleuve ou qu&#8217;il vente, &#8220;la bande&#8221; de Vernon se reconstituait. Et une id\u00e9e idiote &#8211; se retrouver hors la ville pour danser &#8211; devint une aventure commune. Ils appel\u00e8rent \u00e7a les Convergences. La quasi-totalit\u00e9 de cette seconde partie est originale. Il y a un plaisir fou \u00e0 faire \u00e9voluer un texte publi\u00e9 &#8211; de [&hellip;]","og_url":"http:\/\/lechappeeclose.it\/it\/boutique\/livres\/roman-graphique-bd\/adaptation-litteraire\/vernon-subutex-4\/","og_site_name":"l&#039;\u00e9chapp\u00e9e close","article_modified_time":"2026-02-27T15:18:23+00:00","og_image":[{"width":1400,"height":1861,"url":"http:\/\/lechappeeclose.it\/wp-content\/uploads\/2025\/02\/Vernon-Subutex-2.jpg","type":"image\/jpeg"}],"twitter_card":"summary_large_image","twitter_misc":{"Tempo di lettura stimato":"1 minuto"},"schema":{"@context":"https:\/\/schema.org","@graph":[{"@type":"WebPage","@id":"http:\/\/lechappeeclose.it\/boutique\/livres\/roman-graphique-bd\/adaptation-litteraire\/vernon-subutex-4\/","url":"http:\/\/lechappeeclose.it\/boutique\/livres\/roman-graphique-bd\/adaptation-litteraire\/vernon-subutex-4\/","name":"Vernon Subutex - Tome 2 - l&#039;\u00e9chapp\u00e9e close","isPartOf":{"@id":"http:\/\/lechappeeclose.it\/#website"},"primaryImageOfPage":{"@id":"http:\/\/lechappeeclose.it\/boutique\/livres\/roman-graphique-bd\/adaptation-litteraire\/vernon-subutex-4\/#primaryimage"},"image":{"@id":"http:\/\/lechappeeclose.it\/boutique\/livres\/roman-graphique-bd\/adaptation-litteraire\/vernon-subutex-4\/#primaryimage"},"thumbnailUrl":"http:\/\/lechappeeclose.it\/wp-content\/uploads\/2025\/02\/Vernon-Subutex-2.jpg","datePublished":"2025-02-11T15:38:20+00:00","dateModified":"2026-02-27T15:18:23+00:00","breadcrumb":{"@id":"http:\/\/lechappeeclose.it\/boutique\/livres\/roman-graphique-bd\/adaptation-litteraire\/vernon-subutex-4\/#breadcrumb"},"inLanguage":"it-IT","potentialAction":[{"@type":"ReadAction","target":["http:\/\/lechappeeclose.it\/boutique\/livres\/roman-graphique-bd\/adaptation-litteraire\/vernon-subutex-4\/"]}]},{"@type":"ImageObject","inLanguage":"it-IT","@id":"http:\/\/lechappeeclose.it\/boutique\/livres\/roman-graphique-bd\/adaptation-litteraire\/vernon-subutex-4\/#primaryimage","url":"http:\/\/lechappeeclose.it\/wp-content\/uploads\/2025\/02\/Vernon-Subutex-2.jpg","contentUrl":"http:\/\/lechappeeclose.it\/wp-content\/uploads\/2025\/02\/Vernon-Subutex-2.jpg","width":1400,"height":1861},{"@type":"BreadcrumbList","@id":"http:\/\/lechappeeclose.it\/boutique\/livres\/roman-graphique-bd\/adaptation-litteraire\/vernon-subutex-4\/#breadcrumb","itemListElement":[{"@type":"ListItem","position":1,"name":"Accueil","item":"http:\/\/lechappeeclose.it\/"},{"@type":"ListItem","position":2,"name":"Boutique","item":"http:\/\/lechappeeclose.it\/it\/boutique\/"},{"@type":"ListItem","position":3,"name":"Vernon Subutex &#8211; Tome 2"}]},{"@type":"WebSite","@id":"http:\/\/lechappeeclose.it\/#website","url":"http:\/\/lechappeeclose.it\/","name":"l&#039;\u00e9chapp\u00e9e close","description":"La libreria francese di Milano","publisher":{"@id":"http:\/\/lechappeeclose.it\/#organization"},"alternateName":"La librairie fran\u00e7aise de Milan","potentialAction":[{"@type":"SearchAction","target":{"@type":"EntryPoint","urlTemplate":"http:\/\/lechappeeclose.it\/?s={search_term_string}"},"query-input":{"@type":"PropertyValueSpecification","valueRequired":true,"valueName":"search_term_string"}}],"inLanguage":"it-IT"},{"@type":"Organization","@id":"http:\/\/lechappeeclose.it\/#organization","name":"l&#039;\u00e9chapp\u00e9e close","url":"http:\/\/lechappeeclose.it\/","logo":{"@type":"ImageObject","inLanguage":"it-IT","@id":"http:\/\/lechappeeclose.it\/#\/schema\/logo\/image\/","url":"http:\/\/lechappeeclose.it\/wp-content\/uploads\/2025\/02\/cropped-logo-rond.png","contentUrl":"http:\/\/lechappeeclose.it\/wp-content\/uploads\/2025\/02\/cropped-logo-rond.png","width":1080,"height":1080,"caption":"l&#039;\u00e9chapp\u00e9e close"},"image":{"@id":"http:\/\/lechappeeclose.it\/#\/schema\/logo\/image\/"},"sameAs":["https:\/\/www.instagram.com\/lechappeeclose\/"]}]}},"_links":{"self":[{"href":"http:\/\/lechappeeclose.it\/it\/wp-json\/wp\/v2\/product\/7374","targetHints":{"allow":["GET"]}}],"collection":[{"href":"http:\/\/lechappeeclose.it\/it\/wp-json\/wp\/v2\/product"}],"about":[{"href":"http:\/\/lechappeeclose.it\/it\/wp-json\/wp\/v2\/types\/product"}],"replies":[{"embeddable":true,"href":"http:\/\/lechappeeclose.it\/it\/wp-json\/wp\/v2\/comments?post=7374"}],"wp:featuredmedia":[{"embeddable":true,"href":"http:\/\/lechappeeclose.it\/it\/wp-json\/wp\/v2\/media\/7373"}],"wp:attachment":[{"href":"http:\/\/lechappeeclose.it\/it\/wp-json\/wp\/v2\/media?parent=7374"}],"wp:term":[{"taxonomy":"product_brand","embeddable":true,"href":"http:\/\/lechappeeclose.it\/it\/wp-json\/wp\/v2\/product_brand?post=7374"},{"taxonomy":"product_cat","embeddable":true,"href":"http:\/\/lechappeeclose.it\/it\/wp-json\/wp\/v2\/product_cat?post=7374"},{"taxonomy":"product_tag","embeddable":true,"href":"http:\/\/lechappeeclose.it\/it\/wp-json\/wp\/v2\/product_tag?post=7374"}],"curies":[{"name":"wp","href":"https:\/\/api.w.org\/{rel}","templated":true}]}}