{"id":7366,"date":"2025-02-11T16:36:06","date_gmt":"2025-02-11T15:36:06","guid":{"rendered":"https:\/\/lechappeeclose.it\/produit\/un-tournage-en-enfer\/"},"modified":"2026-02-27T16:19:36","modified_gmt":"2026-02-27T15:19:36","slug":"un-tournage-en-enfer","status":"publish","type":"product","link":"http:\/\/lechappeeclose.it\/it\/boutique\/livres\/roman-graphique-bd\/adaptation-litteraire\/un-tournage-en-enfer\/","title":{"rendered":"Un tournage en enfer"},"content":{"rendered":"<p>Philippines, mars 1976, d\u00e9but d&#8217;un tournage qui marquera l&#8217;histoire d&#8217;Hollywood : typhons, renvoi du premier r\u00f4le, climat d\u00e9testable, maladie tropicale et drogue \u00e0 gogo, caprices de stars et infarctus de l&#8217;acteur principal, d\u00e9pression et parano\u00efa du r\u00e9alisateur, budget incontr\u00f4lable et \u00e9quipe en roue libre&#8230; Un enfer \u00e0 l&#8217;origine d&#8217;un film culte ! Un tournage de plus de 18 mois. Un budget pharaonique qui met en faillite la Major qui produit le film. Plus de 300 km de pellicules tourn\u00e9es. 12 mois de montage. Une Palme d&#8217;or \u00e0 Cannes en 1979.<\/p>","protected":false},"excerpt":{"rendered":"<p>Philippines, mars 1976, d\u00e9but d&#8217;un tournage qui marquera l&#8217;histoire d&#8217;Hollywood : typhons, renvoi du premier r\u00f4le, climat d\u00e9testable, maladie tropicale et drogue \u00e0 gogo, caprices de stars et infarctus de l&#8217;acteur principal, d\u00e9pression et parano\u00efa du r\u00e9alisateur, budget incontr\u00f4lable et \u00e9quipe en roue libre&#8230; Un enfer \u00e0 l&#8217;origine d&#8217;un film culte ! Un tournage de [&hellip;]<\/p>","protected":false},"featured_media":7365,"comment_status":"open","ping_status":"closed","template":"","meta":[],"product_brand":[],"product_cat":[56],"product_tag":[],"class_list":{"0":"post-7366","1":"product","2":"type-product","3":"status-publish","4":"has-post-thumbnail","6":"product_cat-adaptation-litteraire","8":"first","9":"onbackorder","10":"taxable","11":"shipping-taxable","12":"purchasable","13":"product-type-simple"},"yoast_head":"<!-- This site is optimized with the Yoast SEO plugin v27.4 - https:\/\/yoast.com\/product\/yoast-seo-wordpress\/ -->\n<title>Un tournage en enfer - l&#039;\u00e9chapp\u00e9e close<\/title>\n<meta name=\"robots\" content=\"index, follow, max-snippet:-1, max-image-preview:large, max-video-preview:-1\" \/>\n<link rel=\"canonical\" href=\"http:\/\/lechappeeclose.it\/it\/boutique\/livres\/roman-graphique-bd\/adaptation-litteraire\/un-tournage-en-enfer\/\" \/>\n<meta property=\"og:locale\" content=\"it_IT\" \/>\n<meta property=\"og:type\" content=\"article\" \/>\n<meta property=\"og:title\" content=\"Un tournage en enfer - l&#039;\u00e9chapp\u00e9e close\" \/>\n<meta property=\"og:description\" content=\"Philippines, mars 1976, d\u00e9but d&#8217;un tournage qui marquera l&#8217;histoire d&#8217;Hollywood : typhons, renvoi du premier r\u00f4le, climat d\u00e9testable, maladie tropicale et drogue \u00e0 gogo, caprices de stars et infarctus de l&#8217;acteur principal, d\u00e9pression et parano\u00efa du r\u00e9alisateur, budget incontr\u00f4lable et \u00e9quipe en roue libre&#8230; Un enfer \u00e0 l&#8217;origine d&#8217;un film culte ! Un tournage de [&hellip;]\" \/>\n<meta property=\"og:url\" content=\"http:\/\/lechappeeclose.it\/it\/boutique\/livres\/roman-graphique-bd\/adaptation-litteraire\/un-tournage-en-enfer\/\" \/>\n<meta property=\"og:site_name\" content=\"l&#039;\u00e9chapp\u00e9e close\" \/>\n<meta property=\"article:modified_time\" content=\"2026-02-27T15:19:36+00:00\" \/>\n<meta property=\"og:image\" content=\"http:\/\/lechappeeclose.it\/wp-content\/uploads\/2025\/02\/Un-tournage-en-enfer.jpg\" \/>\n\t<meta property=\"og:image:width\" content=\"357\" \/>\n\t<meta property=\"og:image:height\" content=\"500\" \/>\n\t<meta property=\"og:image:type\" content=\"image\/jpeg\" \/>\n<meta name=\"twitter:card\" content=\"summary_large_image\" \/>\n<script type=\"application\/ld+json\" class=\"yoast-schema-graph\">{\"@context\":\"https:\\\/\\\/schema.org\",\"@graph\":[{\"@type\":\"WebPage\",\"@id\":\"http:\\\/\\\/lechappeeclose.it\\\/boutique\\\/livres\\\/roman-graphique-bd\\\/adaptation-litteraire\\\/un-tournage-en-enfer\\\/\",\"url\":\"http:\\\/\\\/lechappeeclose.it\\\/boutique\\\/livres\\\/roman-graphique-bd\\\/adaptation-litteraire\\\/un-tournage-en-enfer\\\/\",\"name\":\"Un tournage en enfer - l&#039;\u00e9chapp\u00e9e close\",\"isPartOf\":{\"@id\":\"http:\\\/\\\/lechappeeclose.it\\\/#website\"},\"primaryImageOfPage\":{\"@id\":\"http:\\\/\\\/lechappeeclose.it\\\/boutique\\\/livres\\\/roman-graphique-bd\\\/adaptation-litteraire\\\/un-tournage-en-enfer\\\/#primaryimage\"},\"image\":{\"@id\":\"http:\\\/\\\/lechappeeclose.it\\\/boutique\\\/livres\\\/roman-graphique-bd\\\/adaptation-litteraire\\\/un-tournage-en-enfer\\\/#primaryimage\"},\"thumbnailUrl\":\"http:\\\/\\\/lechappeeclose.it\\\/wp-content\\\/uploads\\\/2025\\\/02\\\/Un-tournage-en-enfer.jpg\",\"datePublished\":\"2025-02-11T15:36:06+00:00\",\"dateModified\":\"2026-02-27T15:19:36+00:00\",\"breadcrumb\":{\"@id\":\"http:\\\/\\\/lechappeeclose.it\\\/boutique\\\/livres\\\/roman-graphique-bd\\\/adaptation-litteraire\\\/un-tournage-en-enfer\\\/#breadcrumb\"},\"inLanguage\":\"it-IT\",\"potentialAction\":[{\"@type\":\"ReadAction\",\"target\":[\"http:\\\/\\\/lechappeeclose.it\\\/boutique\\\/livres\\\/roman-graphique-bd\\\/adaptation-litteraire\\\/un-tournage-en-enfer\\\/\"]}]},{\"@type\":\"ImageObject\",\"inLanguage\":\"it-IT\",\"@id\":\"http:\\\/\\\/lechappeeclose.it\\\/boutique\\\/livres\\\/roman-graphique-bd\\\/adaptation-litteraire\\\/un-tournage-en-enfer\\\/#primaryimage\",\"url\":\"http:\\\/\\\/lechappeeclose.it\\\/wp-content\\\/uploads\\\/2025\\\/02\\\/Un-tournage-en-enfer.jpg\",\"contentUrl\":\"http:\\\/\\\/lechappeeclose.it\\\/wp-content\\\/uploads\\\/2025\\\/02\\\/Un-tournage-en-enfer.jpg\",\"width\":357,\"height\":500},{\"@type\":\"BreadcrumbList\",\"@id\":\"http:\\\/\\\/lechappeeclose.it\\\/boutique\\\/livres\\\/roman-graphique-bd\\\/adaptation-litteraire\\\/un-tournage-en-enfer\\\/#breadcrumb\",\"itemListElement\":[{\"@type\":\"ListItem\",\"position\":1,\"name\":\"Accueil\",\"item\":\"http:\\\/\\\/lechappeeclose.it\\\/\"},{\"@type\":\"ListItem\",\"position\":2,\"name\":\"Boutique\",\"item\":\"http:\\\/\\\/lechappeeclose.it\\\/it\\\/boutique\\\/\"},{\"@type\":\"ListItem\",\"position\":3,\"name\":\"Un tournage en enfer\"}]},{\"@type\":\"WebSite\",\"@id\":\"http:\\\/\\\/lechappeeclose.it\\\/#website\",\"url\":\"http:\\\/\\\/lechappeeclose.it\\\/\",\"name\":\"l&#039;\u00e9chapp\u00e9e close\",\"description\":\"la librairie fran\u00e7aise de Milan\",\"publisher\":{\"@id\":\"http:\\\/\\\/lechappeeclose.it\\\/#organization\"},\"alternateName\":\"La librairie fran\u00e7aise de Milan\",\"potentialAction\":[{\"@type\":\"SearchAction\",\"target\":{\"@type\":\"EntryPoint\",\"urlTemplate\":\"http:\\\/\\\/lechappeeclose.it\\\/?s={search_term_string}\"},\"query-input\":{\"@type\":\"PropertyValueSpecification\",\"valueRequired\":true,\"valueName\":\"search_term_string\"}}],\"inLanguage\":\"it-IT\"},{\"@type\":\"Organization\",\"@id\":\"http:\\\/\\\/lechappeeclose.it\\\/#organization\",\"name\":\"l&#039;\u00e9chapp\u00e9e close\",\"url\":\"http:\\\/\\\/lechappeeclose.it\\\/\",\"logo\":{\"@type\":\"ImageObject\",\"inLanguage\":\"it-IT\",\"@id\":\"http:\\\/\\\/lechappeeclose.it\\\/#\\\/schema\\\/logo\\\/image\\\/\",\"url\":\"http:\\\/\\\/lechappeeclose.it\\\/wp-content\\\/uploads\\\/2025\\\/02\\\/cropped-logo-rond.png\",\"contentUrl\":\"http:\\\/\\\/lechappeeclose.it\\\/wp-content\\\/uploads\\\/2025\\\/02\\\/cropped-logo-rond.png\",\"width\":1080,\"height\":1080,\"caption\":\"l&#039;\u00e9chapp\u00e9e close\"},\"image\":{\"@id\":\"http:\\\/\\\/lechappeeclose.it\\\/#\\\/schema\\\/logo\\\/image\\\/\"},\"sameAs\":[\"https:\\\/\\\/www.instagram.com\\\/lechappeeclose\\\/\"]}]}<\/script>\n<!-- \/ Yoast SEO plugin. -->","yoast_head_json":{"title":"Un tournage en enfer - l&#039;\u00e9chapp\u00e9e close","robots":{"index":"index","follow":"follow","max-snippet":"max-snippet:-1","max-image-preview":"max-image-preview:large","max-video-preview":"max-video-preview:-1"},"canonical":"http:\/\/lechappeeclose.it\/it\/boutique\/livres\/roman-graphique-bd\/adaptation-litteraire\/un-tournage-en-enfer\/","og_locale":"it_IT","og_type":"article","og_title":"Un tournage en enfer - l&#039;\u00e9chapp\u00e9e close","og_description":"Philippines, mars 1976, d\u00e9but d&#8217;un tournage qui marquera l&#8217;histoire d&#8217;Hollywood : typhons, renvoi du premier r\u00f4le, climat d\u00e9testable, maladie tropicale et drogue \u00e0 gogo, caprices de stars et infarctus de l&#8217;acteur principal, d\u00e9pression et parano\u00efa du r\u00e9alisateur, budget incontr\u00f4lable et \u00e9quipe en roue libre&#8230; Un enfer \u00e0 l&#8217;origine d&#8217;un film culte ! Un tournage de [&hellip;]","og_url":"http:\/\/lechappeeclose.it\/it\/boutique\/livres\/roman-graphique-bd\/adaptation-litteraire\/un-tournage-en-enfer\/","og_site_name":"l&#039;\u00e9chapp\u00e9e close","article_modified_time":"2026-02-27T15:19:36+00:00","og_image":[{"width":357,"height":500,"url":"http:\/\/lechappeeclose.it\/wp-content\/uploads\/2025\/02\/Un-tournage-en-enfer.jpg","type":"image\/jpeg"}],"twitter_card":"summary_large_image","schema":{"@context":"https:\/\/schema.org","@graph":[{"@type":"WebPage","@id":"http:\/\/lechappeeclose.it\/boutique\/livres\/roman-graphique-bd\/adaptation-litteraire\/un-tournage-en-enfer\/","url":"http:\/\/lechappeeclose.it\/boutique\/livres\/roman-graphique-bd\/adaptation-litteraire\/un-tournage-en-enfer\/","name":"Un tournage en enfer - l&#039;\u00e9chapp\u00e9e close","isPartOf":{"@id":"http:\/\/lechappeeclose.it\/#website"},"primaryImageOfPage":{"@id":"http:\/\/lechappeeclose.it\/boutique\/livres\/roman-graphique-bd\/adaptation-litteraire\/un-tournage-en-enfer\/#primaryimage"},"image":{"@id":"http:\/\/lechappeeclose.it\/boutique\/livres\/roman-graphique-bd\/adaptation-litteraire\/un-tournage-en-enfer\/#primaryimage"},"thumbnailUrl":"http:\/\/lechappeeclose.it\/wp-content\/uploads\/2025\/02\/Un-tournage-en-enfer.jpg","datePublished":"2025-02-11T15:36:06+00:00","dateModified":"2026-02-27T15:19:36+00:00","breadcrumb":{"@id":"http:\/\/lechappeeclose.it\/boutique\/livres\/roman-graphique-bd\/adaptation-litteraire\/un-tournage-en-enfer\/#breadcrumb"},"inLanguage":"it-IT","potentialAction":[{"@type":"ReadAction","target":["http:\/\/lechappeeclose.it\/boutique\/livres\/roman-graphique-bd\/adaptation-litteraire\/un-tournage-en-enfer\/"]}]},{"@type":"ImageObject","inLanguage":"it-IT","@id":"http:\/\/lechappeeclose.it\/boutique\/livres\/roman-graphique-bd\/adaptation-litteraire\/un-tournage-en-enfer\/#primaryimage","url":"http:\/\/lechappeeclose.it\/wp-content\/uploads\/2025\/02\/Un-tournage-en-enfer.jpg","contentUrl":"http:\/\/lechappeeclose.it\/wp-content\/uploads\/2025\/02\/Un-tournage-en-enfer.jpg","width":357,"height":500},{"@type":"BreadcrumbList","@id":"http:\/\/lechappeeclose.it\/boutique\/livres\/roman-graphique-bd\/adaptation-litteraire\/un-tournage-en-enfer\/#breadcrumb","itemListElement":[{"@type":"ListItem","position":1,"name":"Accueil","item":"http:\/\/lechappeeclose.it\/"},{"@type":"ListItem","position":2,"name":"Boutique","item":"http:\/\/lechappeeclose.it\/it\/boutique\/"},{"@type":"ListItem","position":3,"name":"Un tournage en enfer"}]},{"@type":"WebSite","@id":"http:\/\/lechappeeclose.it\/#website","url":"http:\/\/lechappeeclose.it\/","name":"l&#039;\u00e9chapp\u00e9e close","description":"La libreria francese di Milano","publisher":{"@id":"http:\/\/lechappeeclose.it\/#organization"},"alternateName":"La librairie fran\u00e7aise de Milan","potentialAction":[{"@type":"SearchAction","target":{"@type":"EntryPoint","urlTemplate":"http:\/\/lechappeeclose.it\/?s={search_term_string}"},"query-input":{"@type":"PropertyValueSpecification","valueRequired":true,"valueName":"search_term_string"}}],"inLanguage":"it-IT"},{"@type":"Organization","@id":"http:\/\/lechappeeclose.it\/#organization","name":"l&#039;\u00e9chapp\u00e9e close","url":"http:\/\/lechappeeclose.it\/","logo":{"@type":"ImageObject","inLanguage":"it-IT","@id":"http:\/\/lechappeeclose.it\/#\/schema\/logo\/image\/","url":"http:\/\/lechappeeclose.it\/wp-content\/uploads\/2025\/02\/cropped-logo-rond.png","contentUrl":"http:\/\/lechappeeclose.it\/wp-content\/uploads\/2025\/02\/cropped-logo-rond.png","width":1080,"height":1080,"caption":"l&#039;\u00e9chapp\u00e9e close"},"image":{"@id":"http:\/\/lechappeeclose.it\/#\/schema\/logo\/image\/"},"sameAs":["https:\/\/www.instagram.com\/lechappeeclose\/"]}]}},"_links":{"self":[{"href":"http:\/\/lechappeeclose.it\/it\/wp-json\/wp\/v2\/product\/7366","targetHints":{"allow":["GET"]}}],"collection":[{"href":"http:\/\/lechappeeclose.it\/it\/wp-json\/wp\/v2\/product"}],"about":[{"href":"http:\/\/lechappeeclose.it\/it\/wp-json\/wp\/v2\/types\/product"}],"replies":[{"embeddable":true,"href":"http:\/\/lechappeeclose.it\/it\/wp-json\/wp\/v2\/comments?post=7366"}],"wp:featuredmedia":[{"embeddable":true,"href":"http:\/\/lechappeeclose.it\/it\/wp-json\/wp\/v2\/media\/7365"}],"wp:attachment":[{"href":"http:\/\/lechappeeclose.it\/it\/wp-json\/wp\/v2\/media?parent=7366"}],"wp:term":[{"taxonomy":"product_brand","embeddable":true,"href":"http:\/\/lechappeeclose.it\/it\/wp-json\/wp\/v2\/product_brand?post=7366"},{"taxonomy":"product_cat","embeddable":true,"href":"http:\/\/lechappeeclose.it\/it\/wp-json\/wp\/v2\/product_cat?post=7366"},{"taxonomy":"product_tag","embeddable":true,"href":"http:\/\/lechappeeclose.it\/it\/wp-json\/wp\/v2\/product_tag?post=7366"}],"curies":[{"name":"wp","href":"https:\/\/api.w.org\/{rel}","templated":true}]}}