{"id":7362,"date":"2025-02-11T16:35:12","date_gmt":"2025-02-11T15:35:12","guid":{"rendered":"https:\/\/lechappeeclose.it\/produit\/le-bleu-est-une-couleur-chaude\/"},"modified":"2025-02-12T11:49:07","modified_gmt":"2025-02-12T10:49:07","slug":"le-bleu-est-une-couleur-chaude","status":"publish","type":"product","link":"http:\/\/lechappeeclose.it\/it\/boutique\/livres\/roman-graphique-bd\/adaptation-litteraire\/le-bleu-est-une-couleur-chaude\/","title":{"rendered":"Le bleu est une couleur chaude"},"content":{"rendered":"<p>&#8220;Mon ange de bleu, Bleu du ciel, Bleu des rivi\u00e8res, Source de vie&#8230;&#8221;. La vie de Cl\u00e9mentine bascule le jour o\u00f9 elle rencontre Emma, une jeune fille aux cheveux bleus, qui lui fait d\u00e9couvrir toutes les facettes du d\u00e9sir. Elle lui permettra d\u2019affronter enfin le regard des autres. Un r\u00e9cit tendre et sensible.<\/p>","protected":false},"excerpt":{"rendered":"<p>&#8220;Mon ange de bleu, Bleu du ciel, Bleu des rivi\u00e8res, Source de vie&#8230;&#8221;. La vie de Cl\u00e9mentine bascule le jour o\u00f9 elle rencontre Emma, une jeune fille aux cheveux bleus, qui lui fait d\u00e9couvrir toutes les facettes du d\u00e9sir. Elle lui permettra d\u2019affronter enfin le regard des autres. Un r\u00e9cit tendre et sensible.<\/p>","protected":false},"featured_media":7583,"comment_status":"open","ping_status":"closed","template":"","meta":[],"product_brand":[],"product_cat":[56],"product_tag":[],"class_list":{"0":"post-7362","1":"product","2":"type-product","3":"status-publish","4":"has-post-thumbnail","6":"product_cat-adaptation-litteraire","8":"first","9":"instock","10":"taxable","11":"shipping-taxable","12":"purchasable","13":"product-type-simple"},"yoast_head":"<!-- This site is optimized with the Yoast SEO plugin v27.4 - https:\/\/yoast.com\/product\/yoast-seo-wordpress\/ -->\n<title>Le bleu est une couleur chaude - l&#039;\u00e9chapp\u00e9e close<\/title>\n<meta name=\"robots\" content=\"index, follow, max-snippet:-1, max-image-preview:large, max-video-preview:-1\" \/>\n<link rel=\"canonical\" href=\"http:\/\/lechappeeclose.it\/it\/boutique\/livres\/roman-graphique-bd\/adaptation-litteraire\/le-bleu-est-une-couleur-chaude\/\" \/>\n<meta property=\"og:locale\" content=\"it_IT\" \/>\n<meta property=\"og:type\" content=\"article\" \/>\n<meta property=\"og:title\" content=\"Le bleu est une couleur chaude - l&#039;\u00e9chapp\u00e9e close\" \/>\n<meta property=\"og:description\" content=\"&#8220;Mon ange de bleu, Bleu du ciel, Bleu des rivi\u00e8res, Source de vie&#8230;&#8221;. La vie de Cl\u00e9mentine bascule le jour o\u00f9 elle rencontre Emma, une jeune fille aux cheveux bleus, qui lui fait d\u00e9couvrir toutes les facettes du d\u00e9sir. Elle lui permettra d\u2019affronter enfin le regard des autres. Un r\u00e9cit tendre et sensible.\" \/>\n<meta property=\"og:url\" content=\"http:\/\/lechappeeclose.it\/it\/boutique\/livres\/roman-graphique-bd\/adaptation-litteraire\/le-bleu-est-une-couleur-chaude\/\" \/>\n<meta property=\"og:site_name\" content=\"l&#039;\u00e9chapp\u00e9e close\" \/>\n<meta property=\"article:modified_time\" content=\"2025-02-12T10:49:07+00:00\" \/>\n<meta property=\"og:image\" content=\"http:\/\/lechappeeclose.it\/wp-content\/uploads\/2025\/02\/35_9782723498760_1_75.jpg\" \/>\n\t<meta property=\"og:image:width\" content=\"600\" \/>\n\t<meta property=\"og:image:height\" content=\"853\" \/>\n\t<meta property=\"og:image:type\" content=\"image\/jpeg\" \/>\n<meta name=\"twitter:card\" content=\"summary_large_image\" \/>\n<meta name=\"twitter:label1\" content=\"Tempo di lettura stimato\" \/>\n\t<meta name=\"twitter:data1\" content=\"1 minuto\" \/>\n<script type=\"application\/ld+json\" class=\"yoast-schema-graph\">{\"@context\":\"https:\\\/\\\/schema.org\",\"@graph\":[{\"@type\":\"WebPage\",\"@id\":\"http:\\\/\\\/lechappeeclose.it\\\/boutique\\\/livres\\\/roman-graphique-bd\\\/adaptation-litteraire\\\/le-bleu-est-une-couleur-chaude\\\/\",\"url\":\"http:\\\/\\\/lechappeeclose.it\\\/boutique\\\/livres\\\/roman-graphique-bd\\\/adaptation-litteraire\\\/le-bleu-est-une-couleur-chaude\\\/\",\"name\":\"Le bleu est une couleur chaude - l&#039;\u00e9chapp\u00e9e close\",\"isPartOf\":{\"@id\":\"http:\\\/\\\/lechappeeclose.it\\\/#website\"},\"primaryImageOfPage\":{\"@id\":\"http:\\\/\\\/lechappeeclose.it\\\/boutique\\\/livres\\\/roman-graphique-bd\\\/adaptation-litteraire\\\/le-bleu-est-une-couleur-chaude\\\/#primaryimage\"},\"image\":{\"@id\":\"http:\\\/\\\/lechappeeclose.it\\\/boutique\\\/livres\\\/roman-graphique-bd\\\/adaptation-litteraire\\\/le-bleu-est-une-couleur-chaude\\\/#primaryimage\"},\"thumbnailUrl\":\"http:\\\/\\\/lechappeeclose.it\\\/wp-content\\\/uploads\\\/2025\\\/02\\\/35_9782723498760_1_75.jpg\",\"datePublished\":\"2025-02-11T15:35:12+00:00\",\"dateModified\":\"2025-02-12T10:49:07+00:00\",\"breadcrumb\":{\"@id\":\"http:\\\/\\\/lechappeeclose.it\\\/boutique\\\/livres\\\/roman-graphique-bd\\\/adaptation-litteraire\\\/le-bleu-est-une-couleur-chaude\\\/#breadcrumb\"},\"inLanguage\":\"it-IT\",\"potentialAction\":[{\"@type\":\"ReadAction\",\"target\":[\"http:\\\/\\\/lechappeeclose.it\\\/boutique\\\/livres\\\/roman-graphique-bd\\\/adaptation-litteraire\\\/le-bleu-est-une-couleur-chaude\\\/\"]}]},{\"@type\":\"ImageObject\",\"inLanguage\":\"it-IT\",\"@id\":\"http:\\\/\\\/lechappeeclose.it\\\/boutique\\\/livres\\\/roman-graphique-bd\\\/adaptation-litteraire\\\/le-bleu-est-une-couleur-chaude\\\/#primaryimage\",\"url\":\"http:\\\/\\\/lechappeeclose.it\\\/wp-content\\\/uploads\\\/2025\\\/02\\\/35_9782723498760_1_75.jpg\",\"contentUrl\":\"http:\\\/\\\/lechappeeclose.it\\\/wp-content\\\/uploads\\\/2025\\\/02\\\/35_9782723498760_1_75.jpg\",\"width\":600,\"height\":853},{\"@type\":\"BreadcrumbList\",\"@id\":\"http:\\\/\\\/lechappeeclose.it\\\/boutique\\\/livres\\\/roman-graphique-bd\\\/adaptation-litteraire\\\/le-bleu-est-une-couleur-chaude\\\/#breadcrumb\",\"itemListElement\":[{\"@type\":\"ListItem\",\"position\":1,\"name\":\"Accueil\",\"item\":\"http:\\\/\\\/lechappeeclose.it\\\/\"},{\"@type\":\"ListItem\",\"position\":2,\"name\":\"Boutique\",\"item\":\"http:\\\/\\\/lechappeeclose.it\\\/it\\\/boutique\\\/\"},{\"@type\":\"ListItem\",\"position\":3,\"name\":\"Le bleu est une couleur chaude\"}]},{\"@type\":\"WebSite\",\"@id\":\"http:\\\/\\\/lechappeeclose.it\\\/#website\",\"url\":\"http:\\\/\\\/lechappeeclose.it\\\/\",\"name\":\"l&#039;\u00e9chapp\u00e9e close\",\"description\":\"la librairie fran\u00e7aise de Milan\",\"publisher\":{\"@id\":\"http:\\\/\\\/lechappeeclose.it\\\/#organization\"},\"alternateName\":\"La librairie fran\u00e7aise de Milan\",\"potentialAction\":[{\"@type\":\"SearchAction\",\"target\":{\"@type\":\"EntryPoint\",\"urlTemplate\":\"http:\\\/\\\/lechappeeclose.it\\\/?s={search_term_string}\"},\"query-input\":{\"@type\":\"PropertyValueSpecification\",\"valueRequired\":true,\"valueName\":\"search_term_string\"}}],\"inLanguage\":\"it-IT\"},{\"@type\":\"Organization\",\"@id\":\"http:\\\/\\\/lechappeeclose.it\\\/#organization\",\"name\":\"l&#039;\u00e9chapp\u00e9e close\",\"url\":\"http:\\\/\\\/lechappeeclose.it\\\/\",\"logo\":{\"@type\":\"ImageObject\",\"inLanguage\":\"it-IT\",\"@id\":\"http:\\\/\\\/lechappeeclose.it\\\/#\\\/schema\\\/logo\\\/image\\\/\",\"url\":\"http:\\\/\\\/lechappeeclose.it\\\/wp-content\\\/uploads\\\/2025\\\/02\\\/cropped-logo-rond.png\",\"contentUrl\":\"http:\\\/\\\/lechappeeclose.it\\\/wp-content\\\/uploads\\\/2025\\\/02\\\/cropped-logo-rond.png\",\"width\":1080,\"height\":1080,\"caption\":\"l&#039;\u00e9chapp\u00e9e close\"},\"image\":{\"@id\":\"http:\\\/\\\/lechappeeclose.it\\\/#\\\/schema\\\/logo\\\/image\\\/\"},\"sameAs\":[\"https:\\\/\\\/www.instagram.com\\\/lechappeeclose\\\/\"]}]}<\/script>\n<!-- \/ Yoast SEO plugin. -->","yoast_head_json":{"title":"Le bleu est une couleur chaude - l&#039;\u00e9chapp\u00e9e close","robots":{"index":"index","follow":"follow","max-snippet":"max-snippet:-1","max-image-preview":"max-image-preview:large","max-video-preview":"max-video-preview:-1"},"canonical":"http:\/\/lechappeeclose.it\/it\/boutique\/livres\/roman-graphique-bd\/adaptation-litteraire\/le-bleu-est-une-couleur-chaude\/","og_locale":"it_IT","og_type":"article","og_title":"Le bleu est une couleur chaude - l&#039;\u00e9chapp\u00e9e close","og_description":"&#8220;Mon ange de bleu, Bleu du ciel, Bleu des rivi\u00e8res, Source de vie&#8230;&#8221;. La vie de Cl\u00e9mentine bascule le jour o\u00f9 elle rencontre Emma, une jeune fille aux cheveux bleus, qui lui fait d\u00e9couvrir toutes les facettes du d\u00e9sir. Elle lui permettra d\u2019affronter enfin le regard des autres. Un r\u00e9cit tendre et sensible.","og_url":"http:\/\/lechappeeclose.it\/it\/boutique\/livres\/roman-graphique-bd\/adaptation-litteraire\/le-bleu-est-une-couleur-chaude\/","og_site_name":"l&#039;\u00e9chapp\u00e9e close","article_modified_time":"2025-02-12T10:49:07+00:00","og_image":[{"width":600,"height":853,"url":"http:\/\/lechappeeclose.it\/wp-content\/uploads\/2025\/02\/35_9782723498760_1_75.jpg","type":"image\/jpeg"}],"twitter_card":"summary_large_image","twitter_misc":{"Tempo di lettura stimato":"1 minuto"},"schema":{"@context":"https:\/\/schema.org","@graph":[{"@type":"WebPage","@id":"http:\/\/lechappeeclose.it\/boutique\/livres\/roman-graphique-bd\/adaptation-litteraire\/le-bleu-est-une-couleur-chaude\/","url":"http:\/\/lechappeeclose.it\/boutique\/livres\/roman-graphique-bd\/adaptation-litteraire\/le-bleu-est-une-couleur-chaude\/","name":"Le bleu est une couleur chaude - l&#039;\u00e9chapp\u00e9e close","isPartOf":{"@id":"http:\/\/lechappeeclose.it\/#website"},"primaryImageOfPage":{"@id":"http:\/\/lechappeeclose.it\/boutique\/livres\/roman-graphique-bd\/adaptation-litteraire\/le-bleu-est-une-couleur-chaude\/#primaryimage"},"image":{"@id":"http:\/\/lechappeeclose.it\/boutique\/livres\/roman-graphique-bd\/adaptation-litteraire\/le-bleu-est-une-couleur-chaude\/#primaryimage"},"thumbnailUrl":"http:\/\/lechappeeclose.it\/wp-content\/uploads\/2025\/02\/35_9782723498760_1_75.jpg","datePublished":"2025-02-11T15:35:12+00:00","dateModified":"2025-02-12T10:49:07+00:00","breadcrumb":{"@id":"http:\/\/lechappeeclose.it\/boutique\/livres\/roman-graphique-bd\/adaptation-litteraire\/le-bleu-est-une-couleur-chaude\/#breadcrumb"},"inLanguage":"it-IT","potentialAction":[{"@type":"ReadAction","target":["http:\/\/lechappeeclose.it\/boutique\/livres\/roman-graphique-bd\/adaptation-litteraire\/le-bleu-est-une-couleur-chaude\/"]}]},{"@type":"ImageObject","inLanguage":"it-IT","@id":"http:\/\/lechappeeclose.it\/boutique\/livres\/roman-graphique-bd\/adaptation-litteraire\/le-bleu-est-une-couleur-chaude\/#primaryimage","url":"http:\/\/lechappeeclose.it\/wp-content\/uploads\/2025\/02\/35_9782723498760_1_75.jpg","contentUrl":"http:\/\/lechappeeclose.it\/wp-content\/uploads\/2025\/02\/35_9782723498760_1_75.jpg","width":600,"height":853},{"@type":"BreadcrumbList","@id":"http:\/\/lechappeeclose.it\/boutique\/livres\/roman-graphique-bd\/adaptation-litteraire\/le-bleu-est-une-couleur-chaude\/#breadcrumb","itemListElement":[{"@type":"ListItem","position":1,"name":"Accueil","item":"http:\/\/lechappeeclose.it\/"},{"@type":"ListItem","position":2,"name":"Boutique","item":"http:\/\/lechappeeclose.it\/it\/boutique\/"},{"@type":"ListItem","position":3,"name":"Le bleu est une couleur chaude"}]},{"@type":"WebSite","@id":"http:\/\/lechappeeclose.it\/#website","url":"http:\/\/lechappeeclose.it\/","name":"l&#039;\u00e9chapp\u00e9e close","description":"La libreria francese di Milano","publisher":{"@id":"http:\/\/lechappeeclose.it\/#organization"},"alternateName":"La librairie fran\u00e7aise de Milan","potentialAction":[{"@type":"SearchAction","target":{"@type":"EntryPoint","urlTemplate":"http:\/\/lechappeeclose.it\/?s={search_term_string}"},"query-input":{"@type":"PropertyValueSpecification","valueRequired":true,"valueName":"search_term_string"}}],"inLanguage":"it-IT"},{"@type":"Organization","@id":"http:\/\/lechappeeclose.it\/#organization","name":"l&#039;\u00e9chapp\u00e9e close","url":"http:\/\/lechappeeclose.it\/","logo":{"@type":"ImageObject","inLanguage":"it-IT","@id":"http:\/\/lechappeeclose.it\/#\/schema\/logo\/image\/","url":"http:\/\/lechappeeclose.it\/wp-content\/uploads\/2025\/02\/cropped-logo-rond.png","contentUrl":"http:\/\/lechappeeclose.it\/wp-content\/uploads\/2025\/02\/cropped-logo-rond.png","width":1080,"height":1080,"caption":"l&#039;\u00e9chapp\u00e9e close"},"image":{"@id":"http:\/\/lechappeeclose.it\/#\/schema\/logo\/image\/"},"sameAs":["https:\/\/www.instagram.com\/lechappeeclose\/"]}]}},"_links":{"self":[{"href":"http:\/\/lechappeeclose.it\/it\/wp-json\/wp\/v2\/product\/7362","targetHints":{"allow":["GET"]}}],"collection":[{"href":"http:\/\/lechappeeclose.it\/it\/wp-json\/wp\/v2\/product"}],"about":[{"href":"http:\/\/lechappeeclose.it\/it\/wp-json\/wp\/v2\/types\/product"}],"replies":[{"embeddable":true,"href":"http:\/\/lechappeeclose.it\/it\/wp-json\/wp\/v2\/comments?post=7362"}],"wp:featuredmedia":[{"embeddable":true,"href":"http:\/\/lechappeeclose.it\/it\/wp-json\/wp\/v2\/media\/7583"}],"wp:attachment":[{"href":"http:\/\/lechappeeclose.it\/it\/wp-json\/wp\/v2\/media?parent=7362"}],"wp:term":[{"taxonomy":"product_brand","embeddable":true,"href":"http:\/\/lechappeeclose.it\/it\/wp-json\/wp\/v2\/product_brand?post=7362"},{"taxonomy":"product_cat","embeddable":true,"href":"http:\/\/lechappeeclose.it\/it\/wp-json\/wp\/v2\/product_cat?post=7362"},{"taxonomy":"product_tag","embeddable":true,"href":"http:\/\/lechappeeclose.it\/it\/wp-json\/wp\/v2\/product_tag?post=7362"}],"curies":[{"name":"wp","href":"https:\/\/api.w.org\/{rel}","templated":true}]}}