{"id":7360,"date":"2025-02-11T16:34:44","date_gmt":"2025-02-11T15:34:44","guid":{"rendered":"https:\/\/lechappeeclose.it\/produit\/berezina\/"},"modified":"2026-02-27T16:20:05","modified_gmt":"2026-02-27T15:20:05","slug":"berezina","status":"publish","type":"product","link":"http:\/\/lechappeeclose.it\/it\/boutique\/livres\/roman-graphique-bd\/adaptation-litteraire\/berezina\/","title":{"rendered":"Berezina"},"content":{"rendered":"<p>Deux si\u00e8cles apr\u00e8s la retraite de Russie, Sylvain Tesson refait la route de l&#8217;arm\u00e9e napol\u00e9onienne d\u00e9chue&#8230; en side-car et en plein hiver. Ils sont cinq : trois Fran\u00e7ais et deux Russes. Unis par l&#8217;amiti\u00e9 et par un grand d\u00e9fi, ils d\u00e9cident de comm\u00e9morer \u00e0 leur fa\u00e7on le bicentenaire de la retraite de Russie : en suivant le chemin emprunt\u00e9 par les troupes fran\u00e7aises en pleine d\u00e9b\u00e2cle. Partis de Moscou, Sylvain Tesson et ses amis traversent l&#8217;immense Russie, la Bi\u00e9lorussie, la Pologne et l&#8217;Allemagne, faisant route vers Paris au volant de leurs Oural, ces side-cars russes r\u00e9put\u00e9s indestructibles.0En chemin, ils franchissent le fleuve Berezina, devenu au fil du temps un nom commun pour d\u00e9signer les \u00e9checs les plus cuisants&#8230; Port\u00e9 par la langue et l&#8217;esprit d&#8217;aventure de Sylvain Tesson, le plus fameux des \u00e9crivains voyageurs contemporains, ce r\u00e9cit au long cours est de nouveau dessin\u00e9 par Virgile Dureuil (d\u00e9j\u00e0 auteur en 2019 de Dans les for\u00eats de Sib\u00e9rie en bande dessin\u00e9e). A travers les multiples allers-retours entre le XIXe et le XXIe si\u00e8cle, un incroyable \u00e9pisode de l&#8217;histoire fran\u00e7aise est ici revisit\u00e9.<\/p>","protected":false},"excerpt":{"rendered":"<p>Deux si\u00e8cles apr\u00e8s la retraite de Russie, Sylvain Tesson refait la route de l&#8217;arm\u00e9e napol\u00e9onienne d\u00e9chue&#8230; en side-car et en plein hiver. Ils sont cinq : trois Fran\u00e7ais et deux Russes. Unis par l&#8217;amiti\u00e9 et par un grand d\u00e9fi, ils d\u00e9cident de comm\u00e9morer \u00e0 leur fa\u00e7on le bicentenaire de la retraite de Russie : en [&hellip;]<\/p>","protected":false},"featured_media":7359,"comment_status":"open","ping_status":"closed","template":"","meta":[],"product_brand":[],"product_cat":[56],"product_tag":[],"class_list":{"0":"post-7360","1":"product","2":"type-product","3":"status-publish","4":"has-post-thumbnail","6":"product_cat-adaptation-litteraire","8":"first","9":"onbackorder","10":"taxable","11":"shipping-taxable","12":"purchasable","13":"product-type-simple"},"yoast_head":"<!-- This site is optimized with the Yoast SEO plugin v27.4 - https:\/\/yoast.com\/product\/yoast-seo-wordpress\/ -->\n<title>Berezina - l&#039;\u00e9chapp\u00e9e close<\/title>\n<meta name=\"robots\" content=\"index, follow, max-snippet:-1, max-image-preview:large, max-video-preview:-1\" \/>\n<link rel=\"canonical\" href=\"https:\/\/lechappeeclose.it\/it\/boutique\/livres\/roman-graphique-bd\/adaptation-litteraire\/berezina\/\" \/>\n<meta property=\"og:locale\" content=\"it_IT\" \/>\n<meta property=\"og:type\" content=\"article\" \/>\n<meta property=\"og:title\" content=\"Berezina - l&#039;\u00e9chapp\u00e9e close\" \/>\n<meta property=\"og:description\" content=\"Deux si\u00e8cles apr\u00e8s la retraite de Russie, Sylvain Tesson refait la route de l&#8217;arm\u00e9e napol\u00e9onienne d\u00e9chue&#8230; en side-car et en plein hiver. Ils sont cinq : trois Fran\u00e7ais et deux Russes. Unis par l&#8217;amiti\u00e9 et par un grand d\u00e9fi, ils d\u00e9cident de comm\u00e9morer \u00e0 leur fa\u00e7on le bicentenaire de la retraite de Russie : en [&hellip;]\" \/>\n<meta property=\"og:url\" content=\"https:\/\/lechappeeclose.it\/it\/boutique\/livres\/roman-graphique-bd\/adaptation-litteraire\/berezina\/\" \/>\n<meta property=\"og:site_name\" content=\"l&#039;\u00e9chapp\u00e9e close\" \/>\n<meta property=\"article:modified_time\" content=\"2026-02-27T15:20:05+00:00\" \/>\n<meta property=\"og:image\" content=\"https:\/\/lechappeeclose.it\/wp-content\/uploads\/2025\/02\/Berezina.jpg\" \/>\n\t<meta property=\"og:image:width\" content=\"1127\" \/>\n\t<meta property=\"og:image:height\" content=\"1575\" \/>\n\t<meta property=\"og:image:type\" content=\"image\/jpeg\" \/>\n<meta name=\"twitter:card\" content=\"summary_large_image\" \/>\n<meta name=\"twitter:label1\" content=\"Tempo di lettura stimato\" \/>\n\t<meta name=\"twitter:data1\" content=\"1 minuto\" \/>\n<script type=\"application\/ld+json\" class=\"yoast-schema-graph\">{\"@context\":\"https:\\\/\\\/schema.org\",\"@graph\":[{\"@type\":\"WebPage\",\"@id\":\"https:\\\/\\\/lechappeeclose.it\\\/boutique\\\/livres\\\/roman-graphique-bd\\\/adaptation-litteraire\\\/berezina\\\/\",\"url\":\"https:\\\/\\\/lechappeeclose.it\\\/boutique\\\/livres\\\/roman-graphique-bd\\\/adaptation-litteraire\\\/berezina\\\/\",\"name\":\"Berezina - l&#039;\u00e9chapp\u00e9e close\",\"isPartOf\":{\"@id\":\"http:\\\/\\\/lechappeeclose.it\\\/#website\"},\"primaryImageOfPage\":{\"@id\":\"https:\\\/\\\/lechappeeclose.it\\\/boutique\\\/livres\\\/roman-graphique-bd\\\/adaptation-litteraire\\\/berezina\\\/#primaryimage\"},\"image\":{\"@id\":\"https:\\\/\\\/lechappeeclose.it\\\/boutique\\\/livres\\\/roman-graphique-bd\\\/adaptation-litteraire\\\/berezina\\\/#primaryimage\"},\"thumbnailUrl\":\"http:\\\/\\\/lechappeeclose.it\\\/wp-content\\\/uploads\\\/2025\\\/02\\\/Berezina.jpg\",\"datePublished\":\"2025-02-11T15:34:44+00:00\",\"dateModified\":\"2026-02-27T15:20:05+00:00\",\"breadcrumb\":{\"@id\":\"https:\\\/\\\/lechappeeclose.it\\\/boutique\\\/livres\\\/roman-graphique-bd\\\/adaptation-litteraire\\\/berezina\\\/#breadcrumb\"},\"inLanguage\":\"it-IT\",\"potentialAction\":[{\"@type\":\"ReadAction\",\"target\":[\"https:\\\/\\\/lechappeeclose.it\\\/boutique\\\/livres\\\/roman-graphique-bd\\\/adaptation-litteraire\\\/berezina\\\/\"]}]},{\"@type\":\"ImageObject\",\"inLanguage\":\"it-IT\",\"@id\":\"https:\\\/\\\/lechappeeclose.it\\\/boutique\\\/livres\\\/roman-graphique-bd\\\/adaptation-litteraire\\\/berezina\\\/#primaryimage\",\"url\":\"http:\\\/\\\/lechappeeclose.it\\\/wp-content\\\/uploads\\\/2025\\\/02\\\/Berezina.jpg\",\"contentUrl\":\"http:\\\/\\\/lechappeeclose.it\\\/wp-content\\\/uploads\\\/2025\\\/02\\\/Berezina.jpg\",\"width\":1127,\"height\":1575},{\"@type\":\"BreadcrumbList\",\"@id\":\"https:\\\/\\\/lechappeeclose.it\\\/boutique\\\/livres\\\/roman-graphique-bd\\\/adaptation-litteraire\\\/berezina\\\/#breadcrumb\",\"itemListElement\":[{\"@type\":\"ListItem\",\"position\":1,\"name\":\"Accueil\",\"item\":\"http:\\\/\\\/lechappeeclose.it\\\/\"},{\"@type\":\"ListItem\",\"position\":2,\"name\":\"Boutique\",\"item\":\"http:\\\/\\\/lechappeeclose.it\\\/boutique\\\/\"},{\"@type\":\"ListItem\",\"position\":3,\"name\":\"Berezina\"}]},{\"@type\":\"WebSite\",\"@id\":\"http:\\\/\\\/lechappeeclose.it\\\/#website\",\"url\":\"http:\\\/\\\/lechappeeclose.it\\\/\",\"name\":\"l&#039;\u00e9chapp\u00e9e close\",\"description\":\"la librairie fran\u00e7aise de Milan\",\"publisher\":{\"@id\":\"http:\\\/\\\/lechappeeclose.it\\\/#organization\"},\"alternateName\":\"La librairie fran\u00e7aise de Milan\",\"potentialAction\":[{\"@type\":\"SearchAction\",\"target\":{\"@type\":\"EntryPoint\",\"urlTemplate\":\"http:\\\/\\\/lechappeeclose.it\\\/?s={search_term_string}\"},\"query-input\":{\"@type\":\"PropertyValueSpecification\",\"valueRequired\":true,\"valueName\":\"search_term_string\"}}],\"inLanguage\":\"it-IT\"},{\"@type\":\"Organization\",\"@id\":\"http:\\\/\\\/lechappeeclose.it\\\/#organization\",\"name\":\"l&#039;\u00e9chapp\u00e9e close\",\"url\":\"http:\\\/\\\/lechappeeclose.it\\\/\",\"logo\":{\"@type\":\"ImageObject\",\"inLanguage\":\"it-IT\",\"@id\":\"http:\\\/\\\/lechappeeclose.it\\\/#\\\/schema\\\/logo\\\/image\\\/\",\"url\":\"http:\\\/\\\/lechappeeclose.it\\\/wp-content\\\/uploads\\\/2025\\\/02\\\/cropped-logo-rond.png\",\"contentUrl\":\"http:\\\/\\\/lechappeeclose.it\\\/wp-content\\\/uploads\\\/2025\\\/02\\\/cropped-logo-rond.png\",\"width\":1080,\"height\":1080,\"caption\":\"l&#039;\u00e9chapp\u00e9e close\"},\"image\":{\"@id\":\"http:\\\/\\\/lechappeeclose.it\\\/#\\\/schema\\\/logo\\\/image\\\/\"},\"sameAs\":[\"https:\\\/\\\/www.instagram.com\\\/lechappeeclose\\\/\"]}]}<\/script>\n<!-- \/ Yoast SEO plugin. -->","yoast_head_json":{"title":"Berezina - l&#039;\u00e9chapp\u00e9e close","robots":{"index":"index","follow":"follow","max-snippet":"max-snippet:-1","max-image-preview":"max-image-preview:large","max-video-preview":"max-video-preview:-1"},"canonical":"https:\/\/lechappeeclose.it\/it\/boutique\/livres\/roman-graphique-bd\/adaptation-litteraire\/berezina\/","og_locale":"it_IT","og_type":"article","og_title":"Berezina - l&#039;\u00e9chapp\u00e9e close","og_description":"Deux si\u00e8cles apr\u00e8s la retraite de Russie, Sylvain Tesson refait la route de l&#8217;arm\u00e9e napol\u00e9onienne d\u00e9chue&#8230; en side-car et en plein hiver. Ils sont cinq : trois Fran\u00e7ais et deux Russes. Unis par l&#8217;amiti\u00e9 et par un grand d\u00e9fi, ils d\u00e9cident de comm\u00e9morer \u00e0 leur fa\u00e7on le bicentenaire de la retraite de Russie : en [&hellip;]","og_url":"https:\/\/lechappeeclose.it\/it\/boutique\/livres\/roman-graphique-bd\/adaptation-litteraire\/berezina\/","og_site_name":"l&#039;\u00e9chapp\u00e9e close","article_modified_time":"2026-02-27T15:20:05+00:00","og_image":[{"width":1127,"height":1575,"url":"https:\/\/lechappeeclose.it\/wp-content\/uploads\/2025\/02\/Berezina.jpg","type":"image\/jpeg"}],"twitter_card":"summary_large_image","twitter_misc":{"Tempo di lettura stimato":"1 minuto"},"schema":{"@context":"https:\/\/schema.org","@graph":[{"@type":"WebPage","@id":"https:\/\/lechappeeclose.it\/boutique\/livres\/roman-graphique-bd\/adaptation-litteraire\/berezina\/","url":"https:\/\/lechappeeclose.it\/boutique\/livres\/roman-graphique-bd\/adaptation-litteraire\/berezina\/","name":"Berezina - l&#039;\u00e9chapp\u00e9e close","isPartOf":{"@id":"http:\/\/lechappeeclose.it\/#website"},"primaryImageOfPage":{"@id":"https:\/\/lechappeeclose.it\/boutique\/livres\/roman-graphique-bd\/adaptation-litteraire\/berezina\/#primaryimage"},"image":{"@id":"https:\/\/lechappeeclose.it\/boutique\/livres\/roman-graphique-bd\/adaptation-litteraire\/berezina\/#primaryimage"},"thumbnailUrl":"http:\/\/lechappeeclose.it\/wp-content\/uploads\/2025\/02\/Berezina.jpg","datePublished":"2025-02-11T15:34:44+00:00","dateModified":"2026-02-27T15:20:05+00:00","breadcrumb":{"@id":"https:\/\/lechappeeclose.it\/boutique\/livres\/roman-graphique-bd\/adaptation-litteraire\/berezina\/#breadcrumb"},"inLanguage":"it-IT","potentialAction":[{"@type":"ReadAction","target":["https:\/\/lechappeeclose.it\/boutique\/livres\/roman-graphique-bd\/adaptation-litteraire\/berezina\/"]}]},{"@type":"ImageObject","inLanguage":"it-IT","@id":"https:\/\/lechappeeclose.it\/boutique\/livres\/roman-graphique-bd\/adaptation-litteraire\/berezina\/#primaryimage","url":"http:\/\/lechappeeclose.it\/wp-content\/uploads\/2025\/02\/Berezina.jpg","contentUrl":"http:\/\/lechappeeclose.it\/wp-content\/uploads\/2025\/02\/Berezina.jpg","width":1127,"height":1575},{"@type":"BreadcrumbList","@id":"https:\/\/lechappeeclose.it\/boutique\/livres\/roman-graphique-bd\/adaptation-litteraire\/berezina\/#breadcrumb","itemListElement":[{"@type":"ListItem","position":1,"name":"Accueil","item":"http:\/\/lechappeeclose.it\/"},{"@type":"ListItem","position":2,"name":"Boutique","item":"http:\/\/lechappeeclose.it\/boutique\/"},{"@type":"ListItem","position":3,"name":"Berezina"}]},{"@type":"WebSite","@id":"http:\/\/lechappeeclose.it\/#website","url":"http:\/\/lechappeeclose.it\/","name":"l&#039;\u00e9chapp\u00e9e close","description":"La libreria francese di Milano","publisher":{"@id":"http:\/\/lechappeeclose.it\/#organization"},"alternateName":"La librairie fran\u00e7aise de Milan","potentialAction":[{"@type":"SearchAction","target":{"@type":"EntryPoint","urlTemplate":"http:\/\/lechappeeclose.it\/?s={search_term_string}"},"query-input":{"@type":"PropertyValueSpecification","valueRequired":true,"valueName":"search_term_string"}}],"inLanguage":"it-IT"},{"@type":"Organization","@id":"http:\/\/lechappeeclose.it\/#organization","name":"l&#039;\u00e9chapp\u00e9e close","url":"http:\/\/lechappeeclose.it\/","logo":{"@type":"ImageObject","inLanguage":"it-IT","@id":"http:\/\/lechappeeclose.it\/#\/schema\/logo\/image\/","url":"http:\/\/lechappeeclose.it\/wp-content\/uploads\/2025\/02\/cropped-logo-rond.png","contentUrl":"http:\/\/lechappeeclose.it\/wp-content\/uploads\/2025\/02\/cropped-logo-rond.png","width":1080,"height":1080,"caption":"l&#039;\u00e9chapp\u00e9e close"},"image":{"@id":"http:\/\/lechappeeclose.it\/#\/schema\/logo\/image\/"},"sameAs":["https:\/\/www.instagram.com\/lechappeeclose\/"]}]}},"_links":{"self":[{"href":"http:\/\/lechappeeclose.it\/it\/wp-json\/wp\/v2\/product\/7360","targetHints":{"allow":["GET"]}}],"collection":[{"href":"http:\/\/lechappeeclose.it\/it\/wp-json\/wp\/v2\/product"}],"about":[{"href":"http:\/\/lechappeeclose.it\/it\/wp-json\/wp\/v2\/types\/product"}],"replies":[{"embeddable":true,"href":"http:\/\/lechappeeclose.it\/it\/wp-json\/wp\/v2\/comments?post=7360"}],"wp:featuredmedia":[{"embeddable":true,"href":"http:\/\/lechappeeclose.it\/it\/wp-json\/wp\/v2\/media\/7359"}],"wp:attachment":[{"href":"http:\/\/lechappeeclose.it\/it\/wp-json\/wp\/v2\/media?parent=7360"}],"wp:term":[{"taxonomy":"product_brand","embeddable":true,"href":"http:\/\/lechappeeclose.it\/it\/wp-json\/wp\/v2\/product_brand?post=7360"},{"taxonomy":"product_cat","embeddable":true,"href":"http:\/\/lechappeeclose.it\/it\/wp-json\/wp\/v2\/product_cat?post=7360"},{"taxonomy":"product_tag","embeddable":true,"href":"http:\/\/lechappeeclose.it\/it\/wp-json\/wp\/v2\/product_tag?post=7360"}],"curies":[{"name":"wp","href":"https:\/\/api.w.org\/{rel}","templated":true}]}}