{"id":7339,"date":"2025-02-11T16:28:26","date_gmt":"2025-02-11T15:28:26","guid":{"rendered":"https:\/\/lechappeeclose.it\/produit\/milady-ou-le-mystere-des-mousquetaire\/"},"modified":"2026-02-27T16:24:00","modified_gmt":"2026-02-27T15:24:00","slug":"milady-ou-le-mystere-des-mousquetaire","status":"publish","type":"product","link":"http:\/\/lechappeeclose.it\/it\/boutique\/livres\/roman-graphique-bd\/adaptation-litteraire\/milady-ou-le-mystere-des-mousquetaire\/","title":{"rendered":"Milady ou le Myst\u00e8re des Mousquetaires"},"content":{"rendered":"<p>Tout le monde conna\u00eet les Trois Mousquetaires, l&#8217;histoire de cette amiti\u00e9 virile entre quatre jeunes hommes du temps de Louis XIII, racont\u00e9e par Alexandre Dumas. D&#8217;Artagnan, Athos, Porthos et Aramis sont depuis longtemps entr\u00e9s dans la l\u00e9gende de la litt\u00e9rature. D&#8217;Artagnan quittant son B\u00e9arn natal pour essayer d&#8217;entrer, \u00e0 Paris, dans le r\u00e9giment des mousquetaires du roi. Sa participation, ainsi que celle de ses amis, \u00e0 l&#8217;affaire des ferrets, par laquelle Richelieu esp\u00e9rait d\u00e9voiler la passion inavouable de la reine de France, Anne d&#8217;Autriche, pour le ministre d&#8217;Angleterre, le duc de Buckingham. Sa tentative d&#8217;emp\u00eacher l&#8217;assassinat de Buckingham par le principal agent de Richelieu, Milady&#8230; Ces \u00e9v\u00e9nements ont-ils bien le sens que Dumas semble vouloir leur donner ? Dans sa pr\u00e9face, Dumas pr\u00e9tend qu&#8217;il n&#8217;est pas l&#8217;auteur des Trois Mousquetaires. Il se serait born\u00e9 \u00e0 publier les M\u00e9moires du comte de la F\u00e8re. C&#8217;est faux, bien s\u00fbr, puisque le comte de la F\u00e8re, c&#8217;est-\u00e0-dire Athos, n&#8217;a pas eu d&#8217;existence historique. Oui, mais Athos est un mousquetaire au pass\u00e9 trouble. Dans sa jeunesse, il a tent\u00e9 d&#8217;assassiner sa jeune femme, Anne de Breuil, celle-l\u00e0 m\u00eame qui est devenue Milady de Winter. En affirmant que les Trois Mousquetaires ne sont que les M\u00e9moires d&#8217;Athos, Dumas voulait nous dire quelque chose, qui n&#8217;a malheureusement jamais \u00e9t\u00e9 entendu. Relisons le livre en tenant compte de cet avertissement d\u00e9cisif. D\u00e9couvrons le message le plus secret d&#8217;Alexandre Dumas.<\/p>","protected":false},"excerpt":{"rendered":"<p>Tout le monde conna\u00eet les Trois Mousquetaires, l&#8217;histoire de cette amiti\u00e9 virile entre quatre jeunes hommes du temps de Louis XIII, racont\u00e9e par Alexandre Dumas. D&#8217;Artagnan, Athos, Porthos et Aramis sont depuis longtemps entr\u00e9s dans la l\u00e9gende de la litt\u00e9rature. D&#8217;Artagnan quittant son B\u00e9arn natal pour essayer d&#8217;entrer, \u00e0 Paris, dans le r\u00e9giment des mousquetaires [&hellip;]<\/p>","protected":false},"featured_media":7338,"comment_status":"open","ping_status":"closed","template":"","meta":[],"product_brand":[],"product_cat":[56],"product_tag":[],"class_list":{"0":"post-7339","1":"product","2":"type-product","3":"status-publish","4":"has-post-thumbnail","6":"product_cat-adaptation-litteraire","8":"first","9":"instock","10":"taxable","11":"shipping-taxable","12":"purchasable","13":"product-type-simple"},"yoast_head":"<!-- This site is optimized with the Yoast SEO plugin v27.4 - https:\/\/yoast.com\/product\/yoast-seo-wordpress\/ -->\n<title>Milady ou le Myst\u00e8re des Mousquetaires - l&#039;\u00e9chapp\u00e9e close<\/title>\n<meta name=\"robots\" content=\"index, follow, max-snippet:-1, max-image-preview:large, max-video-preview:-1\" \/>\n<link rel=\"canonical\" href=\"http:\/\/lechappeeclose.it\/it\/boutique\/livres\/roman-graphique-bd\/adaptation-litteraire\/milady-ou-le-mystere-des-mousquetaire\/\" \/>\n<meta property=\"og:locale\" content=\"it_IT\" \/>\n<meta property=\"og:type\" content=\"article\" \/>\n<meta property=\"og:title\" content=\"Milady ou le Myst\u00e8re des Mousquetaires - l&#039;\u00e9chapp\u00e9e close\" \/>\n<meta property=\"og:description\" content=\"Tout le monde conna\u00eet les Trois Mousquetaires, l&#8217;histoire de cette amiti\u00e9 virile entre quatre jeunes hommes du temps de Louis XIII, racont\u00e9e par Alexandre Dumas. D&#8217;Artagnan, Athos, Porthos et Aramis sont depuis longtemps entr\u00e9s dans la l\u00e9gende de la litt\u00e9rature. D&#8217;Artagnan quittant son B\u00e9arn natal pour essayer d&#8217;entrer, \u00e0 Paris, dans le r\u00e9giment des mousquetaires [&hellip;]\" \/>\n<meta property=\"og:url\" content=\"http:\/\/lechappeeclose.it\/it\/boutique\/livres\/roman-graphique-bd\/adaptation-litteraire\/milady-ou-le-mystere-des-mousquetaire\/\" \/>\n<meta property=\"og:site_name\" content=\"l&#039;\u00e9chapp\u00e9e close\" \/>\n<meta property=\"article:modified_time\" content=\"2026-02-27T15:24:00+00:00\" \/>\n<meta property=\"og:image\" content=\"http:\/\/lechappeeclose.it\/wp-content\/uploads\/2025\/02\/Milady-ou-le-Mystere-des-Mousquetaire.jpg\" \/>\n\t<meta property=\"og:image:width\" content=\"400\" \/>\n\t<meta property=\"og:image:height\" content=\"543\" \/>\n\t<meta property=\"og:image:type\" content=\"image\/jpeg\" \/>\n<meta name=\"twitter:card\" content=\"summary_large_image\" \/>\n<meta name=\"twitter:label1\" content=\"Tempo di lettura stimato\" \/>\n\t<meta name=\"twitter:data1\" content=\"1 minuto\" \/>\n<script type=\"application\/ld+json\" class=\"yoast-schema-graph\">{\"@context\":\"https:\\\/\\\/schema.org\",\"@graph\":[{\"@type\":\"WebPage\",\"@id\":\"http:\\\/\\\/lechappeeclose.it\\\/boutique\\\/livres\\\/roman-graphique-bd\\\/adaptation-litteraire\\\/milady-ou-le-mystere-des-mousquetaire\\\/\",\"url\":\"http:\\\/\\\/lechappeeclose.it\\\/boutique\\\/livres\\\/roman-graphique-bd\\\/adaptation-litteraire\\\/milady-ou-le-mystere-des-mousquetaire\\\/\",\"name\":\"Milady ou le Myst\u00e8re des Mousquetaires - l&#039;\u00e9chapp\u00e9e close\",\"isPartOf\":{\"@id\":\"http:\\\/\\\/lechappeeclose.it\\\/#website\"},\"primaryImageOfPage\":{\"@id\":\"http:\\\/\\\/lechappeeclose.it\\\/boutique\\\/livres\\\/roman-graphique-bd\\\/adaptation-litteraire\\\/milady-ou-le-mystere-des-mousquetaire\\\/#primaryimage\"},\"image\":{\"@id\":\"http:\\\/\\\/lechappeeclose.it\\\/boutique\\\/livres\\\/roman-graphique-bd\\\/adaptation-litteraire\\\/milady-ou-le-mystere-des-mousquetaire\\\/#primaryimage\"},\"thumbnailUrl\":\"http:\\\/\\\/lechappeeclose.it\\\/wp-content\\\/uploads\\\/2025\\\/02\\\/Milady-ou-le-Mystere-des-Mousquetaire.jpg\",\"datePublished\":\"2025-02-11T15:28:26+00:00\",\"dateModified\":\"2026-02-27T15:24:00+00:00\",\"breadcrumb\":{\"@id\":\"http:\\\/\\\/lechappeeclose.it\\\/boutique\\\/livres\\\/roman-graphique-bd\\\/adaptation-litteraire\\\/milady-ou-le-mystere-des-mousquetaire\\\/#breadcrumb\"},\"inLanguage\":\"it-IT\",\"potentialAction\":[{\"@type\":\"ReadAction\",\"target\":[\"http:\\\/\\\/lechappeeclose.it\\\/boutique\\\/livres\\\/roman-graphique-bd\\\/adaptation-litteraire\\\/milady-ou-le-mystere-des-mousquetaire\\\/\"]}]},{\"@type\":\"ImageObject\",\"inLanguage\":\"it-IT\",\"@id\":\"http:\\\/\\\/lechappeeclose.it\\\/boutique\\\/livres\\\/roman-graphique-bd\\\/adaptation-litteraire\\\/milady-ou-le-mystere-des-mousquetaire\\\/#primaryimage\",\"url\":\"http:\\\/\\\/lechappeeclose.it\\\/wp-content\\\/uploads\\\/2025\\\/02\\\/Milady-ou-le-Mystere-des-Mousquetaire.jpg\",\"contentUrl\":\"http:\\\/\\\/lechappeeclose.it\\\/wp-content\\\/uploads\\\/2025\\\/02\\\/Milady-ou-le-Mystere-des-Mousquetaire.jpg\",\"width\":400,\"height\":543},{\"@type\":\"BreadcrumbList\",\"@id\":\"http:\\\/\\\/lechappeeclose.it\\\/boutique\\\/livres\\\/roman-graphique-bd\\\/adaptation-litteraire\\\/milady-ou-le-mystere-des-mousquetaire\\\/#breadcrumb\",\"itemListElement\":[{\"@type\":\"ListItem\",\"position\":1,\"name\":\"Accueil\",\"item\":\"http:\\\/\\\/lechappeeclose.it\\\/\"},{\"@type\":\"ListItem\",\"position\":2,\"name\":\"Boutique\",\"item\":\"http:\\\/\\\/lechappeeclose.it\\\/boutique\\\/\"},{\"@type\":\"ListItem\",\"position\":3,\"name\":\"Milady ou le Myst\u00e8re des Mousquetaires\"}]},{\"@type\":\"WebSite\",\"@id\":\"http:\\\/\\\/lechappeeclose.it\\\/#website\",\"url\":\"http:\\\/\\\/lechappeeclose.it\\\/\",\"name\":\"l&#039;\u00e9chapp\u00e9e close\",\"description\":\"la librairie fran\u00e7aise de Milan\",\"publisher\":{\"@id\":\"http:\\\/\\\/lechappeeclose.it\\\/#organization\"},\"alternateName\":\"La librairie fran\u00e7aise de Milan\",\"potentialAction\":[{\"@type\":\"SearchAction\",\"target\":{\"@type\":\"EntryPoint\",\"urlTemplate\":\"http:\\\/\\\/lechappeeclose.it\\\/?s={search_term_string}\"},\"query-input\":{\"@type\":\"PropertyValueSpecification\",\"valueRequired\":true,\"valueName\":\"search_term_string\"}}],\"inLanguage\":\"it-IT\"},{\"@type\":\"Organization\",\"@id\":\"http:\\\/\\\/lechappeeclose.it\\\/#organization\",\"name\":\"l&#039;\u00e9chapp\u00e9e close\",\"url\":\"http:\\\/\\\/lechappeeclose.it\\\/\",\"logo\":{\"@type\":\"ImageObject\",\"inLanguage\":\"it-IT\",\"@id\":\"http:\\\/\\\/lechappeeclose.it\\\/#\\\/schema\\\/logo\\\/image\\\/\",\"url\":\"http:\\\/\\\/lechappeeclose.it\\\/wp-content\\\/uploads\\\/2025\\\/02\\\/cropped-logo-rond.png\",\"contentUrl\":\"http:\\\/\\\/lechappeeclose.it\\\/wp-content\\\/uploads\\\/2025\\\/02\\\/cropped-logo-rond.png\",\"width\":1080,\"height\":1080,\"caption\":\"l&#039;\u00e9chapp\u00e9e close\"},\"image\":{\"@id\":\"http:\\\/\\\/lechappeeclose.it\\\/#\\\/schema\\\/logo\\\/image\\\/\"},\"sameAs\":[\"https:\\\/\\\/www.instagram.com\\\/lechappeeclose\\\/\"]}]}<\/script>\n<!-- \/ Yoast SEO plugin. -->","yoast_head_json":{"title":"Milady ou le Myst\u00e8re des Mousquetaires - l&#039;\u00e9chapp\u00e9e close","robots":{"index":"index","follow":"follow","max-snippet":"max-snippet:-1","max-image-preview":"max-image-preview:large","max-video-preview":"max-video-preview:-1"},"canonical":"http:\/\/lechappeeclose.it\/it\/boutique\/livres\/roman-graphique-bd\/adaptation-litteraire\/milady-ou-le-mystere-des-mousquetaire\/","og_locale":"it_IT","og_type":"article","og_title":"Milady ou le Myst\u00e8re des Mousquetaires - l&#039;\u00e9chapp\u00e9e close","og_description":"Tout le monde conna\u00eet les Trois Mousquetaires, l&#8217;histoire de cette amiti\u00e9 virile entre quatre jeunes hommes du temps de Louis XIII, racont\u00e9e par Alexandre Dumas. D&#8217;Artagnan, Athos, Porthos et Aramis sont depuis longtemps entr\u00e9s dans la l\u00e9gende de la litt\u00e9rature. D&#8217;Artagnan quittant son B\u00e9arn natal pour essayer d&#8217;entrer, \u00e0 Paris, dans le r\u00e9giment des mousquetaires [&hellip;]","og_url":"http:\/\/lechappeeclose.it\/it\/boutique\/livres\/roman-graphique-bd\/adaptation-litteraire\/milady-ou-le-mystere-des-mousquetaire\/","og_site_name":"l&#039;\u00e9chapp\u00e9e close","article_modified_time":"2026-02-27T15:24:00+00:00","og_image":[{"width":400,"height":543,"url":"http:\/\/lechappeeclose.it\/wp-content\/uploads\/2025\/02\/Milady-ou-le-Mystere-des-Mousquetaire.jpg","type":"image\/jpeg"}],"twitter_card":"summary_large_image","twitter_misc":{"Tempo di lettura stimato":"1 minuto"},"schema":{"@context":"https:\/\/schema.org","@graph":[{"@type":"WebPage","@id":"http:\/\/lechappeeclose.it\/boutique\/livres\/roman-graphique-bd\/adaptation-litteraire\/milady-ou-le-mystere-des-mousquetaire\/","url":"http:\/\/lechappeeclose.it\/boutique\/livres\/roman-graphique-bd\/adaptation-litteraire\/milady-ou-le-mystere-des-mousquetaire\/","name":"Milady ou le Myst\u00e8re des Mousquetaires - l&#039;\u00e9chapp\u00e9e close","isPartOf":{"@id":"http:\/\/lechappeeclose.it\/#website"},"primaryImageOfPage":{"@id":"http:\/\/lechappeeclose.it\/boutique\/livres\/roman-graphique-bd\/adaptation-litteraire\/milady-ou-le-mystere-des-mousquetaire\/#primaryimage"},"image":{"@id":"http:\/\/lechappeeclose.it\/boutique\/livres\/roman-graphique-bd\/adaptation-litteraire\/milady-ou-le-mystere-des-mousquetaire\/#primaryimage"},"thumbnailUrl":"http:\/\/lechappeeclose.it\/wp-content\/uploads\/2025\/02\/Milady-ou-le-Mystere-des-Mousquetaire.jpg","datePublished":"2025-02-11T15:28:26+00:00","dateModified":"2026-02-27T15:24:00+00:00","breadcrumb":{"@id":"http:\/\/lechappeeclose.it\/boutique\/livres\/roman-graphique-bd\/adaptation-litteraire\/milady-ou-le-mystere-des-mousquetaire\/#breadcrumb"},"inLanguage":"it-IT","potentialAction":[{"@type":"ReadAction","target":["http:\/\/lechappeeclose.it\/boutique\/livres\/roman-graphique-bd\/adaptation-litteraire\/milady-ou-le-mystere-des-mousquetaire\/"]}]},{"@type":"ImageObject","inLanguage":"it-IT","@id":"http:\/\/lechappeeclose.it\/boutique\/livres\/roman-graphique-bd\/adaptation-litteraire\/milady-ou-le-mystere-des-mousquetaire\/#primaryimage","url":"http:\/\/lechappeeclose.it\/wp-content\/uploads\/2025\/02\/Milady-ou-le-Mystere-des-Mousquetaire.jpg","contentUrl":"http:\/\/lechappeeclose.it\/wp-content\/uploads\/2025\/02\/Milady-ou-le-Mystere-des-Mousquetaire.jpg","width":400,"height":543},{"@type":"BreadcrumbList","@id":"http:\/\/lechappeeclose.it\/boutique\/livres\/roman-graphique-bd\/adaptation-litteraire\/milady-ou-le-mystere-des-mousquetaire\/#breadcrumb","itemListElement":[{"@type":"ListItem","position":1,"name":"Accueil","item":"http:\/\/lechappeeclose.it\/"},{"@type":"ListItem","position":2,"name":"Boutique","item":"http:\/\/lechappeeclose.it\/boutique\/"},{"@type":"ListItem","position":3,"name":"Milady ou le Myst\u00e8re des Mousquetaires"}]},{"@type":"WebSite","@id":"http:\/\/lechappeeclose.it\/#website","url":"http:\/\/lechappeeclose.it\/","name":"l&#039;\u00e9chapp\u00e9e close","description":"La libreria francese di Milano","publisher":{"@id":"http:\/\/lechappeeclose.it\/#organization"},"alternateName":"La librairie fran\u00e7aise de Milan","potentialAction":[{"@type":"SearchAction","target":{"@type":"EntryPoint","urlTemplate":"http:\/\/lechappeeclose.it\/?s={search_term_string}"},"query-input":{"@type":"PropertyValueSpecification","valueRequired":true,"valueName":"search_term_string"}}],"inLanguage":"it-IT"},{"@type":"Organization","@id":"http:\/\/lechappeeclose.it\/#organization","name":"l&#039;\u00e9chapp\u00e9e close","url":"http:\/\/lechappeeclose.it\/","logo":{"@type":"ImageObject","inLanguage":"it-IT","@id":"http:\/\/lechappeeclose.it\/#\/schema\/logo\/image\/","url":"http:\/\/lechappeeclose.it\/wp-content\/uploads\/2025\/02\/cropped-logo-rond.png","contentUrl":"http:\/\/lechappeeclose.it\/wp-content\/uploads\/2025\/02\/cropped-logo-rond.png","width":1080,"height":1080,"caption":"l&#039;\u00e9chapp\u00e9e close"},"image":{"@id":"http:\/\/lechappeeclose.it\/#\/schema\/logo\/image\/"},"sameAs":["https:\/\/www.instagram.com\/lechappeeclose\/"]}]}},"_links":{"self":[{"href":"http:\/\/lechappeeclose.it\/it\/wp-json\/wp\/v2\/product\/7339","targetHints":{"allow":["GET"]}}],"collection":[{"href":"http:\/\/lechappeeclose.it\/it\/wp-json\/wp\/v2\/product"}],"about":[{"href":"http:\/\/lechappeeclose.it\/it\/wp-json\/wp\/v2\/types\/product"}],"replies":[{"embeddable":true,"href":"http:\/\/lechappeeclose.it\/it\/wp-json\/wp\/v2\/comments?post=7339"}],"wp:featuredmedia":[{"embeddable":true,"href":"http:\/\/lechappeeclose.it\/it\/wp-json\/wp\/v2\/media\/7338"}],"wp:attachment":[{"href":"http:\/\/lechappeeclose.it\/it\/wp-json\/wp\/v2\/media?parent=7339"}],"wp:term":[{"taxonomy":"product_brand","embeddable":true,"href":"http:\/\/lechappeeclose.it\/it\/wp-json\/wp\/v2\/product_brand?post=7339"},{"taxonomy":"product_cat","embeddable":true,"href":"http:\/\/lechappeeclose.it\/it\/wp-json\/wp\/v2\/product_cat?post=7339"},{"taxonomy":"product_tag","embeddable":true,"href":"http:\/\/lechappeeclose.it\/it\/wp-json\/wp\/v2\/product_tag?post=7339"}],"curies":[{"name":"wp","href":"https:\/\/api.w.org\/{rel}","templated":true}]}}