{"id":7170,"date":"2025-02-11T14:28:58","date_gmt":"2025-02-11T13:28:58","guid":{"rendered":"https:\/\/lechappeeclose.it\/produit\/les-passeurs-de-livres-de-daraya\/"},"modified":"2025-09-05T11:09:07","modified_gmt":"2025-09-05T09:09:07","slug":"les-passeurs-de-livres-de-daraya","status":"publish","type":"product","link":"http:\/\/lechappeeclose.it\/it\/boutique\/livres\/litterature\/romans\/les-passeurs-de-livres-de-daraya\/","title":{"rendered":"Les passeurs de livres de Daraya"},"content":{"rendered":"<p>\u00ab Un ouvrage magnifique o\u00f9 les mots ont plus de force que les armes. \u00bb Elle Bachar al-Assad s\u2019\u00e9tait jur\u00e9 de les enterrer vivants, d\u2019ensevelir leur ville et leurs espoirs. Daraya, un des berceaux du printemps syrien de 2011, \u00e0 sept kilom\u00e8tres de Damas, est devenu un tombeau \u00e0 ciel ouvert. Mais sous les bombes, les derniers insoumis assi\u00e9g\u00e9s ont b\u00e2ti une forteresse de papier pour r\u00e9sister : pendant quatre ann\u00e9es de blocus, Ahmad, Shadi, Hussam ou Omar ont exhum\u00e9 des milliers d\u2019ouvrages ensevelis sous les d\u00e9combres de la ville et les ont rassembl\u00e9s dans une biblioth\u00e8que secr\u00e8te, calfeutr\u00e9e dans un sous-sol. Au c\u0153ur du chaos, un refuge o\u00f9 la parole circule, contre les atrocit\u00e9s, l\u2019absurde, l\u2019oubli\u2026 Delphine Minoui est grand reporter au Figaro et sp\u00e9cialiste du Moyen-Orient. Laur\u00e9ate du prix Albert-Londres 2006 pour ses reportages en Iran et en Irak, elle sillonne le monde arabo-musulman depuis vingt ans. Son ouvrage Je vous \u00e9cris de T\u00e9h\u00e9ran est disponible en Points. Grand Prix des lectrices de Elle Document<\/p>","protected":false},"excerpt":{"rendered":"<p>\u00ab Un ouvrage magnifique o\u00f9 les mots ont plus de force que les armes. \u00bb Elle Bachar al-Assad s\u2019\u00e9tait jur\u00e9 de les enterrer vivants, d\u2019ensevelir leur ville et leurs espoirs. Daraya, un des berceaux du printemps syrien de 2011, \u00e0 sept kilom\u00e8tres de Damas, est devenu un tombeau \u00e0 ciel ouvert. Mais sous les bombes, [&hellip;]<\/p>","protected":false},"featured_media":7169,"comment_status":"open","ping_status":"closed","template":"","meta":[],"product_brand":[],"product_cat":[46],"product_tag":[],"class_list":{"0":"post-7170","1":"product","2":"type-product","3":"status-publish","4":"has-post-thumbnail","6":"product_cat-romans","8":"first","9":"onbackorder","10":"taxable","11":"shipping-taxable","12":"purchasable","13":"product-type-simple"},"yoast_head":"<!-- This site is optimized with the Yoast SEO plugin v27.3 - https:\/\/yoast.com\/product\/yoast-seo-wordpress\/ -->\n<title>Les passeurs de livres de Daraya - l&#039;\u00e9chapp\u00e9e close<\/title>\n<meta name=\"robots\" content=\"index, follow, max-snippet:-1, max-image-preview:large, max-video-preview:-1\" \/>\n<link rel=\"canonical\" href=\"http:\/\/lechappeeclose.it\/it\/boutique\/livres\/litterature\/romans\/les-passeurs-de-livres-de-daraya\/\" \/>\n<meta property=\"og:locale\" content=\"it_IT\" \/>\n<meta property=\"og:type\" content=\"article\" \/>\n<meta property=\"og:title\" content=\"Les passeurs de livres de Daraya - l&#039;\u00e9chapp\u00e9e close\" \/>\n<meta property=\"og:description\" content=\"\u00ab Un ouvrage magnifique o\u00f9 les mots ont plus de force que les armes. \u00bb Elle Bachar al-Assad s\u2019\u00e9tait jur\u00e9 de les enterrer vivants, d\u2019ensevelir leur ville et leurs espoirs. Daraya, un des berceaux du printemps syrien de 2011, \u00e0 sept kilom\u00e8tres de Damas, est devenu un tombeau \u00e0 ciel ouvert. Mais sous les bombes, [&hellip;]\" \/>\n<meta property=\"og:url\" content=\"http:\/\/lechappeeclose.it\/it\/boutique\/livres\/litterature\/romans\/les-passeurs-de-livres-de-daraya\/\" \/>\n<meta property=\"og:site_name\" content=\"l&#039;\u00e9chapp\u00e9e close\" \/>\n<meta property=\"article:modified_time\" content=\"2025-09-05T09:09:07+00:00\" \/>\n<meta property=\"og:image\" content=\"http:\/\/lechappeeclose.it\/wp-content\/uploads\/2025\/02\/Les-passeurs-de-livres-de-Daraya.jpg\" \/>\n\t<meta property=\"og:image:width\" content=\"800\" \/>\n\t<meta property=\"og:image:height\" content=\"1318\" \/>\n\t<meta property=\"og:image:type\" content=\"image\/jpeg\" \/>\n<meta name=\"twitter:card\" content=\"summary_large_image\" \/>\n<meta name=\"twitter:label1\" content=\"Tempo di lettura stimato\" \/>\n\t<meta name=\"twitter:data1\" content=\"1 minuto\" \/>\n<script type=\"application\/ld+json\" class=\"yoast-schema-graph\">{\"@context\":\"https:\\\/\\\/schema.org\",\"@graph\":[{\"@type\":\"WebPage\",\"@id\":\"http:\\\/\\\/lechappeeclose.it\\\/boutique\\\/livres\\\/litterature\\\/romans\\\/les-passeurs-de-livres-de-daraya\\\/\",\"url\":\"http:\\\/\\\/lechappeeclose.it\\\/boutique\\\/livres\\\/litterature\\\/romans\\\/les-passeurs-de-livres-de-daraya\\\/\",\"name\":\"Les passeurs de livres de Daraya - l&#039;\u00e9chapp\u00e9e close\",\"isPartOf\":{\"@id\":\"http:\\\/\\\/lechappeeclose.it\\\/#website\"},\"primaryImageOfPage\":{\"@id\":\"http:\\\/\\\/lechappeeclose.it\\\/boutique\\\/livres\\\/litterature\\\/romans\\\/les-passeurs-de-livres-de-daraya\\\/#primaryimage\"},\"image\":{\"@id\":\"http:\\\/\\\/lechappeeclose.it\\\/boutique\\\/livres\\\/litterature\\\/romans\\\/les-passeurs-de-livres-de-daraya\\\/#primaryimage\"},\"thumbnailUrl\":\"http:\\\/\\\/lechappeeclose.it\\\/wp-content\\\/uploads\\\/2025\\\/02\\\/Les-passeurs-de-livres-de-Daraya.jpg\",\"datePublished\":\"2025-02-11T13:28:58+00:00\",\"dateModified\":\"2025-09-05T09:09:07+00:00\",\"breadcrumb\":{\"@id\":\"http:\\\/\\\/lechappeeclose.it\\\/boutique\\\/livres\\\/litterature\\\/romans\\\/les-passeurs-de-livres-de-daraya\\\/#breadcrumb\"},\"inLanguage\":\"it-IT\",\"potentialAction\":[{\"@type\":\"ReadAction\",\"target\":[\"http:\\\/\\\/lechappeeclose.it\\\/boutique\\\/livres\\\/litterature\\\/romans\\\/les-passeurs-de-livres-de-daraya\\\/\"]}]},{\"@type\":\"ImageObject\",\"inLanguage\":\"it-IT\",\"@id\":\"http:\\\/\\\/lechappeeclose.it\\\/boutique\\\/livres\\\/litterature\\\/romans\\\/les-passeurs-de-livres-de-daraya\\\/#primaryimage\",\"url\":\"http:\\\/\\\/lechappeeclose.it\\\/wp-content\\\/uploads\\\/2025\\\/02\\\/Les-passeurs-de-livres-de-Daraya.jpg\",\"contentUrl\":\"http:\\\/\\\/lechappeeclose.it\\\/wp-content\\\/uploads\\\/2025\\\/02\\\/Les-passeurs-de-livres-de-Daraya.jpg\",\"width\":800,\"height\":1318},{\"@type\":\"BreadcrumbList\",\"@id\":\"http:\\\/\\\/lechappeeclose.it\\\/boutique\\\/livres\\\/litterature\\\/romans\\\/les-passeurs-de-livres-de-daraya\\\/#breadcrumb\",\"itemListElement\":[{\"@type\":\"ListItem\",\"position\":1,\"name\":\"Accueil\",\"item\":\"http:\\\/\\\/lechappeeclose.it\\\/\"},{\"@type\":\"ListItem\",\"position\":2,\"name\":\"Boutique\",\"item\":\"https:\\\/\\\/lechappeeclose.it\\\/boutique\\\/\"},{\"@type\":\"ListItem\",\"position\":3,\"name\":\"Les passeurs de livres de Daraya\"}]},{\"@type\":\"WebSite\",\"@id\":\"http:\\\/\\\/lechappeeclose.it\\\/#website\",\"url\":\"http:\\\/\\\/lechappeeclose.it\\\/\",\"name\":\"l&#039;\u00e9chapp\u00e9e close\",\"description\":\"la librairie fran\u00e7aise de Milan\",\"publisher\":{\"@id\":\"http:\\\/\\\/lechappeeclose.it\\\/#organization\"},\"alternateName\":\"La librairie fran\u00e7aise de Milan\",\"potentialAction\":[{\"@type\":\"SearchAction\",\"target\":{\"@type\":\"EntryPoint\",\"urlTemplate\":\"http:\\\/\\\/lechappeeclose.it\\\/?s={search_term_string}\"},\"query-input\":{\"@type\":\"PropertyValueSpecification\",\"valueRequired\":true,\"valueName\":\"search_term_string\"}}],\"inLanguage\":\"it-IT\"},{\"@type\":\"Organization\",\"@id\":\"http:\\\/\\\/lechappeeclose.it\\\/#organization\",\"name\":\"l&#039;\u00e9chapp\u00e9e close\",\"url\":\"http:\\\/\\\/lechappeeclose.it\\\/\",\"logo\":{\"@type\":\"ImageObject\",\"inLanguage\":\"it-IT\",\"@id\":\"http:\\\/\\\/lechappeeclose.it\\\/#\\\/schema\\\/logo\\\/image\\\/\",\"url\":\"http:\\\/\\\/lechappeeclose.it\\\/wp-content\\\/uploads\\\/2025\\\/02\\\/cropped-logo-rond.png\",\"contentUrl\":\"http:\\\/\\\/lechappeeclose.it\\\/wp-content\\\/uploads\\\/2025\\\/02\\\/cropped-logo-rond.png\",\"width\":1080,\"height\":1080,\"caption\":\"l&#039;\u00e9chapp\u00e9e close\"},\"image\":{\"@id\":\"http:\\\/\\\/lechappeeclose.it\\\/#\\\/schema\\\/logo\\\/image\\\/\"},\"sameAs\":[\"https:\\\/\\\/www.instagram.com\\\/lechappeeclose\\\/\"]}]}<\/script>\n<!-- \/ Yoast SEO plugin. -->","yoast_head_json":{"title":"Les passeurs de livres de Daraya - l&#039;\u00e9chapp\u00e9e close","robots":{"index":"index","follow":"follow","max-snippet":"max-snippet:-1","max-image-preview":"max-image-preview:large","max-video-preview":"max-video-preview:-1"},"canonical":"http:\/\/lechappeeclose.it\/it\/boutique\/livres\/litterature\/romans\/les-passeurs-de-livres-de-daraya\/","og_locale":"it_IT","og_type":"article","og_title":"Les passeurs de livres de Daraya - l&#039;\u00e9chapp\u00e9e close","og_description":"\u00ab Un ouvrage magnifique o\u00f9 les mots ont plus de force que les armes. \u00bb Elle Bachar al-Assad s\u2019\u00e9tait jur\u00e9 de les enterrer vivants, d\u2019ensevelir leur ville et leurs espoirs. Daraya, un des berceaux du printemps syrien de 2011, \u00e0 sept kilom\u00e8tres de Damas, est devenu un tombeau \u00e0 ciel ouvert. Mais sous les bombes, [&hellip;]","og_url":"http:\/\/lechappeeclose.it\/it\/boutique\/livres\/litterature\/romans\/les-passeurs-de-livres-de-daraya\/","og_site_name":"l&#039;\u00e9chapp\u00e9e close","article_modified_time":"2025-09-05T09:09:07+00:00","og_image":[{"width":800,"height":1318,"url":"http:\/\/lechappeeclose.it\/wp-content\/uploads\/2025\/02\/Les-passeurs-de-livres-de-Daraya.jpg","type":"image\/jpeg"}],"twitter_card":"summary_large_image","twitter_misc":{"Tempo di lettura stimato":"1 minuto"},"schema":{"@context":"https:\/\/schema.org","@graph":[{"@type":"WebPage","@id":"http:\/\/lechappeeclose.it\/boutique\/livres\/litterature\/romans\/les-passeurs-de-livres-de-daraya\/","url":"http:\/\/lechappeeclose.it\/boutique\/livres\/litterature\/romans\/les-passeurs-de-livres-de-daraya\/","name":"Les passeurs de livres de Daraya - l&#039;\u00e9chapp\u00e9e close","isPartOf":{"@id":"http:\/\/lechappeeclose.it\/#website"},"primaryImageOfPage":{"@id":"http:\/\/lechappeeclose.it\/boutique\/livres\/litterature\/romans\/les-passeurs-de-livres-de-daraya\/#primaryimage"},"image":{"@id":"http:\/\/lechappeeclose.it\/boutique\/livres\/litterature\/romans\/les-passeurs-de-livres-de-daraya\/#primaryimage"},"thumbnailUrl":"http:\/\/lechappeeclose.it\/wp-content\/uploads\/2025\/02\/Les-passeurs-de-livres-de-Daraya.jpg","datePublished":"2025-02-11T13:28:58+00:00","dateModified":"2025-09-05T09:09:07+00:00","breadcrumb":{"@id":"http:\/\/lechappeeclose.it\/boutique\/livres\/litterature\/romans\/les-passeurs-de-livres-de-daraya\/#breadcrumb"},"inLanguage":"it-IT","potentialAction":[{"@type":"ReadAction","target":["http:\/\/lechappeeclose.it\/boutique\/livres\/litterature\/romans\/les-passeurs-de-livres-de-daraya\/"]}]},{"@type":"ImageObject","inLanguage":"it-IT","@id":"http:\/\/lechappeeclose.it\/boutique\/livres\/litterature\/romans\/les-passeurs-de-livres-de-daraya\/#primaryimage","url":"http:\/\/lechappeeclose.it\/wp-content\/uploads\/2025\/02\/Les-passeurs-de-livres-de-Daraya.jpg","contentUrl":"http:\/\/lechappeeclose.it\/wp-content\/uploads\/2025\/02\/Les-passeurs-de-livres-de-Daraya.jpg","width":800,"height":1318},{"@type":"BreadcrumbList","@id":"http:\/\/lechappeeclose.it\/boutique\/livres\/litterature\/romans\/les-passeurs-de-livres-de-daraya\/#breadcrumb","itemListElement":[{"@type":"ListItem","position":1,"name":"Accueil","item":"http:\/\/lechappeeclose.it\/"},{"@type":"ListItem","position":2,"name":"Boutique","item":"https:\/\/lechappeeclose.it\/boutique\/"},{"@type":"ListItem","position":3,"name":"Les passeurs de livres de Daraya"}]},{"@type":"WebSite","@id":"http:\/\/lechappeeclose.it\/#website","url":"http:\/\/lechappeeclose.it\/","name":"l&#039;\u00e9chapp\u00e9e close","description":"La libreria francese di Milano","publisher":{"@id":"http:\/\/lechappeeclose.it\/#organization"},"alternateName":"La librairie fran\u00e7aise de Milan","potentialAction":[{"@type":"SearchAction","target":{"@type":"EntryPoint","urlTemplate":"http:\/\/lechappeeclose.it\/?s={search_term_string}"},"query-input":{"@type":"PropertyValueSpecification","valueRequired":true,"valueName":"search_term_string"}}],"inLanguage":"it-IT"},{"@type":"Organization","@id":"http:\/\/lechappeeclose.it\/#organization","name":"l&#039;\u00e9chapp\u00e9e close","url":"http:\/\/lechappeeclose.it\/","logo":{"@type":"ImageObject","inLanguage":"it-IT","@id":"http:\/\/lechappeeclose.it\/#\/schema\/logo\/image\/","url":"http:\/\/lechappeeclose.it\/wp-content\/uploads\/2025\/02\/cropped-logo-rond.png","contentUrl":"http:\/\/lechappeeclose.it\/wp-content\/uploads\/2025\/02\/cropped-logo-rond.png","width":1080,"height":1080,"caption":"l&#039;\u00e9chapp\u00e9e close"},"image":{"@id":"http:\/\/lechappeeclose.it\/#\/schema\/logo\/image\/"},"sameAs":["https:\/\/www.instagram.com\/lechappeeclose\/"]}]}},"_links":{"self":[{"href":"http:\/\/lechappeeclose.it\/it\/wp-json\/wp\/v2\/product\/7170","targetHints":{"allow":["GET"]}}],"collection":[{"href":"http:\/\/lechappeeclose.it\/it\/wp-json\/wp\/v2\/product"}],"about":[{"href":"http:\/\/lechappeeclose.it\/it\/wp-json\/wp\/v2\/types\/product"}],"replies":[{"embeddable":true,"href":"http:\/\/lechappeeclose.it\/it\/wp-json\/wp\/v2\/comments?post=7170"}],"wp:featuredmedia":[{"embeddable":true,"href":"http:\/\/lechappeeclose.it\/it\/wp-json\/wp\/v2\/media\/7169"}],"wp:attachment":[{"href":"http:\/\/lechappeeclose.it\/it\/wp-json\/wp\/v2\/media?parent=7170"}],"wp:term":[{"taxonomy":"product_brand","embeddable":true,"href":"http:\/\/lechappeeclose.it\/it\/wp-json\/wp\/v2\/product_brand?post=7170"},{"taxonomy":"product_cat","embeddable":true,"href":"http:\/\/lechappeeclose.it\/it\/wp-json\/wp\/v2\/product_cat?post=7170"},{"taxonomy":"product_tag","embeddable":true,"href":"http:\/\/lechappeeclose.it\/it\/wp-json\/wp\/v2\/product_tag?post=7170"}],"curies":[{"name":"wp","href":"https:\/\/api.w.org\/{rel}","templated":true}]}}