{"id":6909,"date":"2025-02-07T17:57:04","date_gmt":"2025-02-07T16:57:04","guid":{"rendered":"https:\/\/lechappeeclose.it\/produit\/jayne-mansfield-mille-neuf-cent-soixante-sept\/"},"modified":"2025-02-07T17:57:04","modified_gmt":"2025-02-07T16:57:04","slug":"jayne-mansfield-mille-neuf-cent-soixante-sept","status":"publish","type":"product","link":"http:\/\/lechappeeclose.it\/it\/boutique\/livres\/litterature\/romans\/jayne-mansfield-mille-neuf-cent-soixante-sept\/","title":{"rendered":"Jayne Mansfield mille neuf cent soixante-sept"},"content":{"rendered":"<p>&#8220;Aux basses heures de la nuit, le 29 juin 1967 sur un tron\u00e7on de la route US 90 qui relie la ville de Biloxi \u00e0 la Nouvelle Orl\u00e9ans, une Buick Electra 225 bleu m\u00e9tallis\u00e9, mod\u00e8le 66, se trouva engag\u00e9e dans une collision mortelle&#8221;. Dans cette Buick broy\u00e9e se trouvait une femme, une Hollywood movie star de trente-quatre ans, danseuse nue \u00e0 Las Vegas, c\u00e9l\u00e9brissime sex-symbol des ann\u00e9es 50. Simon Liberati ressuscite Jayne Mansfield, l&#8217;actrice m\u00e9connue la plus photographi\u00e9e au monde, fouille amoureusement dans les recoins les plus t\u00e9n\u00e9breux de sa vie, retrace ses derni\u00e8res heures en plein \u00e9t\u00e9 hippie, qui disent aussi le cr\u00e9puscule de l&#8217;\u00e2ge d&#8217;or hollywoodien. Au programme : perruques-pouf, LSD 26, satanisme, chihuahuas, amants cogneurs, vie desax\u00e9e, mort \u00e0 la James Dean, cinq enfants orphelins et saut de l&#8217;ange dans l&#8217;underground. Une oraison fun\u00e8bre et morbid chic dans la droite ligne de Truman Capote et Kenneth Anger.<\/p>","protected":false},"excerpt":{"rendered":"<p>&#8220;Aux basses heures de la nuit, le 29 juin 1967 sur un tron\u00e7on de la route US 90 qui relie la ville de Biloxi \u00e0 la Nouvelle Orl\u00e9ans, une Buick Electra 225 bleu m\u00e9tallis\u00e9, mod\u00e8le 66, se trouva engag\u00e9e dans une collision mortelle&#8221;. Dans cette Buick broy\u00e9e se trouvait une femme, une Hollywood movie star [&hellip;]<\/p>","protected":false},"featured_media":6908,"comment_status":"open","ping_status":"closed","template":"","meta":[],"product_brand":[],"product_cat":[46],"product_tag":[],"class_list":{"0":"post-6909","1":"product","2":"type-product","3":"status-publish","4":"has-post-thumbnail","6":"product_cat-romans","8":"first","9":"instock","10":"taxable","11":"shipping-taxable","12":"purchasable","13":"product-type-simple"},"yoast_head":"<!-- This site is optimized with the Yoast SEO plugin v27.4 - https:\/\/yoast.com\/product\/yoast-seo-wordpress\/ -->\n<title>Jayne Mansfield mille neuf cent soixante-sept - l&#039;\u00e9chapp\u00e9e close<\/title>\n<meta name=\"robots\" content=\"index, follow, max-snippet:-1, max-image-preview:large, max-video-preview:-1\" \/>\n<link rel=\"canonical\" href=\"http:\/\/lechappeeclose.it\/it\/boutique\/livres\/litterature\/romans\/jayne-mansfield-mille-neuf-cent-soixante-sept\/\" \/>\n<meta property=\"og:locale\" content=\"it_IT\" \/>\n<meta property=\"og:type\" content=\"article\" \/>\n<meta property=\"og:title\" content=\"Jayne Mansfield mille neuf cent soixante-sept - l&#039;\u00e9chapp\u00e9e close\" \/>\n<meta property=\"og:description\" content=\"&#8220;Aux basses heures de la nuit, le 29 juin 1967 sur un tron\u00e7on de la route US 90 qui relie la ville de Biloxi \u00e0 la Nouvelle Orl\u00e9ans, une Buick Electra 225 bleu m\u00e9tallis\u00e9, mod\u00e8le 66, se trouva engag\u00e9e dans une collision mortelle&#8221;. Dans cette Buick broy\u00e9e se trouvait une femme, une Hollywood movie star [&hellip;]\" \/>\n<meta property=\"og:url\" content=\"http:\/\/lechappeeclose.it\/it\/boutique\/livres\/litterature\/romans\/jayne-mansfield-mille-neuf-cent-soixante-sept\/\" \/>\n<meta property=\"og:site_name\" content=\"l&#039;\u00e9chapp\u00e9e close\" \/>\n<meta property=\"og:image\" content=\"http:\/\/lechappeeclose.it\/wp-content\/uploads\/2025\/02\/Jayne-Mansfield-mille-neuf-cent-soixante-sept.jpg\" \/>\n\t<meta property=\"og:image:width\" content=\"305\" \/>\n\t<meta property=\"og:image:height\" content=\"475\" \/>\n\t<meta property=\"og:image:type\" content=\"image\/jpeg\" \/>\n<meta name=\"twitter:card\" content=\"summary_large_image\" \/>\n<meta name=\"twitter:label1\" content=\"Tempo di lettura stimato\" \/>\n\t<meta name=\"twitter:data1\" content=\"1 minuto\" \/>\n<script type=\"application\/ld+json\" class=\"yoast-schema-graph\">{\"@context\":\"https:\\\/\\\/schema.org\",\"@graph\":[{\"@type\":\"WebPage\",\"@id\":\"http:\\\/\\\/lechappeeclose.it\\\/boutique\\\/livres\\\/litterature\\\/romans\\\/jayne-mansfield-mille-neuf-cent-soixante-sept\\\/\",\"url\":\"http:\\\/\\\/lechappeeclose.it\\\/boutique\\\/livres\\\/litterature\\\/romans\\\/jayne-mansfield-mille-neuf-cent-soixante-sept\\\/\",\"name\":\"Jayne Mansfield mille neuf cent soixante-sept - l&#039;\u00e9chapp\u00e9e close\",\"isPartOf\":{\"@id\":\"http:\\\/\\\/lechappeeclose.it\\\/#website\"},\"primaryImageOfPage\":{\"@id\":\"http:\\\/\\\/lechappeeclose.it\\\/boutique\\\/livres\\\/litterature\\\/romans\\\/jayne-mansfield-mille-neuf-cent-soixante-sept\\\/#primaryimage\"},\"image\":{\"@id\":\"http:\\\/\\\/lechappeeclose.it\\\/boutique\\\/livres\\\/litterature\\\/romans\\\/jayne-mansfield-mille-neuf-cent-soixante-sept\\\/#primaryimage\"},\"thumbnailUrl\":\"http:\\\/\\\/lechappeeclose.it\\\/wp-content\\\/uploads\\\/2025\\\/02\\\/Jayne-Mansfield-mille-neuf-cent-soixante-sept.jpg\",\"datePublished\":\"2025-02-07T16:57:04+00:00\",\"breadcrumb\":{\"@id\":\"http:\\\/\\\/lechappeeclose.it\\\/boutique\\\/livres\\\/litterature\\\/romans\\\/jayne-mansfield-mille-neuf-cent-soixante-sept\\\/#breadcrumb\"},\"inLanguage\":\"it-IT\",\"potentialAction\":[{\"@type\":\"ReadAction\",\"target\":[\"http:\\\/\\\/lechappeeclose.it\\\/boutique\\\/livres\\\/litterature\\\/romans\\\/jayne-mansfield-mille-neuf-cent-soixante-sept\\\/\"]}]},{\"@type\":\"ImageObject\",\"inLanguage\":\"it-IT\",\"@id\":\"http:\\\/\\\/lechappeeclose.it\\\/boutique\\\/livres\\\/litterature\\\/romans\\\/jayne-mansfield-mille-neuf-cent-soixante-sept\\\/#primaryimage\",\"url\":\"http:\\\/\\\/lechappeeclose.it\\\/wp-content\\\/uploads\\\/2025\\\/02\\\/Jayne-Mansfield-mille-neuf-cent-soixante-sept.jpg\",\"contentUrl\":\"http:\\\/\\\/lechappeeclose.it\\\/wp-content\\\/uploads\\\/2025\\\/02\\\/Jayne-Mansfield-mille-neuf-cent-soixante-sept.jpg\",\"width\":305,\"height\":475},{\"@type\":\"BreadcrumbList\",\"@id\":\"http:\\\/\\\/lechappeeclose.it\\\/boutique\\\/livres\\\/litterature\\\/romans\\\/jayne-mansfield-mille-neuf-cent-soixante-sept\\\/#breadcrumb\",\"itemListElement\":[{\"@type\":\"ListItem\",\"position\":1,\"name\":\"Accueil\",\"item\":\"http:\\\/\\\/lechappeeclose.it\\\/\"},{\"@type\":\"ListItem\",\"position\":2,\"name\":\"Boutique\",\"item\":\"http:\\\/\\\/lechappeeclose.it\\\/boutique\\\/\"},{\"@type\":\"ListItem\",\"position\":3,\"name\":\"Jayne Mansfield mille neuf cent soixante-sept\"}]},{\"@type\":\"WebSite\",\"@id\":\"http:\\\/\\\/lechappeeclose.it\\\/#website\",\"url\":\"http:\\\/\\\/lechappeeclose.it\\\/\",\"name\":\"l&#039;\u00e9chapp\u00e9e close\",\"description\":\"la librairie fran\u00e7aise de Milan\",\"publisher\":{\"@id\":\"http:\\\/\\\/lechappeeclose.it\\\/#organization\"},\"alternateName\":\"La librairie fran\u00e7aise de Milan\",\"potentialAction\":[{\"@type\":\"SearchAction\",\"target\":{\"@type\":\"EntryPoint\",\"urlTemplate\":\"http:\\\/\\\/lechappeeclose.it\\\/?s={search_term_string}\"},\"query-input\":{\"@type\":\"PropertyValueSpecification\",\"valueRequired\":true,\"valueName\":\"search_term_string\"}}],\"inLanguage\":\"it-IT\"},{\"@type\":\"Organization\",\"@id\":\"http:\\\/\\\/lechappeeclose.it\\\/#organization\",\"name\":\"l&#039;\u00e9chapp\u00e9e close\",\"url\":\"http:\\\/\\\/lechappeeclose.it\\\/\",\"logo\":{\"@type\":\"ImageObject\",\"inLanguage\":\"it-IT\",\"@id\":\"http:\\\/\\\/lechappeeclose.it\\\/#\\\/schema\\\/logo\\\/image\\\/\",\"url\":\"http:\\\/\\\/lechappeeclose.it\\\/wp-content\\\/uploads\\\/2025\\\/02\\\/cropped-logo-rond.png\",\"contentUrl\":\"http:\\\/\\\/lechappeeclose.it\\\/wp-content\\\/uploads\\\/2025\\\/02\\\/cropped-logo-rond.png\",\"width\":1080,\"height\":1080,\"caption\":\"l&#039;\u00e9chapp\u00e9e close\"},\"image\":{\"@id\":\"http:\\\/\\\/lechappeeclose.it\\\/#\\\/schema\\\/logo\\\/image\\\/\"},\"sameAs\":[\"https:\\\/\\\/www.instagram.com\\\/lechappeeclose\\\/\"]}]}<\/script>\n<!-- \/ Yoast SEO plugin. -->","yoast_head_json":{"title":"Jayne Mansfield mille neuf cent soixante-sept - l&#039;\u00e9chapp\u00e9e close","robots":{"index":"index","follow":"follow","max-snippet":"max-snippet:-1","max-image-preview":"max-image-preview:large","max-video-preview":"max-video-preview:-1"},"canonical":"http:\/\/lechappeeclose.it\/it\/boutique\/livres\/litterature\/romans\/jayne-mansfield-mille-neuf-cent-soixante-sept\/","og_locale":"it_IT","og_type":"article","og_title":"Jayne Mansfield mille neuf cent soixante-sept - l&#039;\u00e9chapp\u00e9e close","og_description":"&#8220;Aux basses heures de la nuit, le 29 juin 1967 sur un tron\u00e7on de la route US 90 qui relie la ville de Biloxi \u00e0 la Nouvelle Orl\u00e9ans, une Buick Electra 225 bleu m\u00e9tallis\u00e9, mod\u00e8le 66, se trouva engag\u00e9e dans une collision mortelle&#8221;. Dans cette Buick broy\u00e9e se trouvait une femme, une Hollywood movie star [&hellip;]","og_url":"http:\/\/lechappeeclose.it\/it\/boutique\/livres\/litterature\/romans\/jayne-mansfield-mille-neuf-cent-soixante-sept\/","og_site_name":"l&#039;\u00e9chapp\u00e9e close","og_image":[{"width":305,"height":475,"url":"http:\/\/lechappeeclose.it\/wp-content\/uploads\/2025\/02\/Jayne-Mansfield-mille-neuf-cent-soixante-sept.jpg","type":"image\/jpeg"}],"twitter_card":"summary_large_image","twitter_misc":{"Tempo di lettura stimato":"1 minuto"},"schema":{"@context":"https:\/\/schema.org","@graph":[{"@type":"WebPage","@id":"http:\/\/lechappeeclose.it\/boutique\/livres\/litterature\/romans\/jayne-mansfield-mille-neuf-cent-soixante-sept\/","url":"http:\/\/lechappeeclose.it\/boutique\/livres\/litterature\/romans\/jayne-mansfield-mille-neuf-cent-soixante-sept\/","name":"Jayne Mansfield mille neuf cent soixante-sept - l&#039;\u00e9chapp\u00e9e close","isPartOf":{"@id":"http:\/\/lechappeeclose.it\/#website"},"primaryImageOfPage":{"@id":"http:\/\/lechappeeclose.it\/boutique\/livres\/litterature\/romans\/jayne-mansfield-mille-neuf-cent-soixante-sept\/#primaryimage"},"image":{"@id":"http:\/\/lechappeeclose.it\/boutique\/livres\/litterature\/romans\/jayne-mansfield-mille-neuf-cent-soixante-sept\/#primaryimage"},"thumbnailUrl":"http:\/\/lechappeeclose.it\/wp-content\/uploads\/2025\/02\/Jayne-Mansfield-mille-neuf-cent-soixante-sept.jpg","datePublished":"2025-02-07T16:57:04+00:00","breadcrumb":{"@id":"http:\/\/lechappeeclose.it\/boutique\/livres\/litterature\/romans\/jayne-mansfield-mille-neuf-cent-soixante-sept\/#breadcrumb"},"inLanguage":"it-IT","potentialAction":[{"@type":"ReadAction","target":["http:\/\/lechappeeclose.it\/boutique\/livres\/litterature\/romans\/jayne-mansfield-mille-neuf-cent-soixante-sept\/"]}]},{"@type":"ImageObject","inLanguage":"it-IT","@id":"http:\/\/lechappeeclose.it\/boutique\/livres\/litterature\/romans\/jayne-mansfield-mille-neuf-cent-soixante-sept\/#primaryimage","url":"http:\/\/lechappeeclose.it\/wp-content\/uploads\/2025\/02\/Jayne-Mansfield-mille-neuf-cent-soixante-sept.jpg","contentUrl":"http:\/\/lechappeeclose.it\/wp-content\/uploads\/2025\/02\/Jayne-Mansfield-mille-neuf-cent-soixante-sept.jpg","width":305,"height":475},{"@type":"BreadcrumbList","@id":"http:\/\/lechappeeclose.it\/boutique\/livres\/litterature\/romans\/jayne-mansfield-mille-neuf-cent-soixante-sept\/#breadcrumb","itemListElement":[{"@type":"ListItem","position":1,"name":"Accueil","item":"http:\/\/lechappeeclose.it\/"},{"@type":"ListItem","position":2,"name":"Boutique","item":"http:\/\/lechappeeclose.it\/boutique\/"},{"@type":"ListItem","position":3,"name":"Jayne Mansfield mille neuf cent soixante-sept"}]},{"@type":"WebSite","@id":"http:\/\/lechappeeclose.it\/#website","url":"http:\/\/lechappeeclose.it\/","name":"l&#039;\u00e9chapp\u00e9e close","description":"La libreria francese di Milano","publisher":{"@id":"http:\/\/lechappeeclose.it\/#organization"},"alternateName":"La librairie fran\u00e7aise de Milan","potentialAction":[{"@type":"SearchAction","target":{"@type":"EntryPoint","urlTemplate":"http:\/\/lechappeeclose.it\/?s={search_term_string}"},"query-input":{"@type":"PropertyValueSpecification","valueRequired":true,"valueName":"search_term_string"}}],"inLanguage":"it-IT"},{"@type":"Organization","@id":"http:\/\/lechappeeclose.it\/#organization","name":"l&#039;\u00e9chapp\u00e9e close","url":"http:\/\/lechappeeclose.it\/","logo":{"@type":"ImageObject","inLanguage":"it-IT","@id":"http:\/\/lechappeeclose.it\/#\/schema\/logo\/image\/","url":"http:\/\/lechappeeclose.it\/wp-content\/uploads\/2025\/02\/cropped-logo-rond.png","contentUrl":"http:\/\/lechappeeclose.it\/wp-content\/uploads\/2025\/02\/cropped-logo-rond.png","width":1080,"height":1080,"caption":"l&#039;\u00e9chapp\u00e9e close"},"image":{"@id":"http:\/\/lechappeeclose.it\/#\/schema\/logo\/image\/"},"sameAs":["https:\/\/www.instagram.com\/lechappeeclose\/"]}]}},"_links":{"self":[{"href":"http:\/\/lechappeeclose.it\/it\/wp-json\/wp\/v2\/product\/6909","targetHints":{"allow":["GET"]}}],"collection":[{"href":"http:\/\/lechappeeclose.it\/it\/wp-json\/wp\/v2\/product"}],"about":[{"href":"http:\/\/lechappeeclose.it\/it\/wp-json\/wp\/v2\/types\/product"}],"replies":[{"embeddable":true,"href":"http:\/\/lechappeeclose.it\/it\/wp-json\/wp\/v2\/comments?post=6909"}],"wp:featuredmedia":[{"embeddable":true,"href":"http:\/\/lechappeeclose.it\/it\/wp-json\/wp\/v2\/media\/6908"}],"wp:attachment":[{"href":"http:\/\/lechappeeclose.it\/it\/wp-json\/wp\/v2\/media?parent=6909"}],"wp:term":[{"taxonomy":"product_brand","embeddable":true,"href":"http:\/\/lechappeeclose.it\/it\/wp-json\/wp\/v2\/product_brand?post=6909"},{"taxonomy":"product_cat","embeddable":true,"href":"http:\/\/lechappeeclose.it\/it\/wp-json\/wp\/v2\/product_cat?post=6909"},{"taxonomy":"product_tag","embeddable":true,"href":"http:\/\/lechappeeclose.it\/it\/wp-json\/wp\/v2\/product_tag?post=6909"}],"curies":[{"name":"wp","href":"https:\/\/api.w.org\/{rel}","templated":true}]}}