{"id":6790,"date":"2025-02-07T17:22:01","date_gmt":"2025-02-07T16:22:01","guid":{"rendered":"https:\/\/lechappeeclose.it\/produit\/les-caracteres-ou-les-moeurs-de-ce-siecle\/"},"modified":"2025-02-07T17:22:01","modified_gmt":"2025-02-07T16:22:01","slug":"les-caracteres-ou-les-moeurs-de-ce-siecle","status":"publish","type":"product","link":"http:\/\/lechappeeclose.it\/it\/boutique\/livres\/litterature\/romans\/les-caracteres-ou-les-moeurs-de-ce-siecle\/","title":{"rendered":"Les caract\u00e8res ou Les moeurs de ce si\u00e8cle"},"content":{"rendered":"<p>Une premi\u00e8re moiti\u00e9 de vie occup\u00e9e \u00e0 pr\u00e9parer un livre, l&#8217;autre \u00e0 le corriger et \u00e0 l&#8217;amender. Comme Montaigne, et peut-\u00eatre un peu plus que lui, La Bruy\u00e8re est bien l&#8217;homme d&#8217;un seul livre, et ce livre est celui d&#8217;une vie. Entre le projet et le dernier \u00e9tat revu par l&#8217;auteur sur lequel est fond\u00e9e la pr\u00e9sente \u00e9dition, les encouragements renouvel\u00e9s d&#8217;un public ravi qui ne semble pas en avoir voulu \u00e0 La Bruy\u00e8re de l&#8217;avoir si s\u00e9v\u00e8rement morig\u00e9n\u00e9.C&#8217;est que Les Caract\u00e8res sont tout d&#8217;abord le chef-d&#8217;oeuvre d&#8217;un genre pratiqu\u00e9 depuis l&#8217;Antiquit\u00e9, le portrait, et d&#8217;une veine, la litt\u00e9rature morale, dans lesquels le Grand Si\u00e8cle ne pouvait que se reconna\u00eetre et s&#8217;accomplir. Sous Louis xiv, on s&#8217;attache volontiers aux notations, ces marques o\u00f9 se d\u00e9couvrent les passions et rien n&#8217;int\u00e9resse plus que les passions. D&#8217;un mot, l\u00e0 o\u00f9 nous avons pu croire que La Bruy\u00e8re fixait des images, il s&#8217;employait en v\u00e9rit\u00e9 \u00e0 nous donner \u00e0 les lire. On ne sait en effet ce qui nous sollicite le plus : ce que regarde La Bruy\u00e8re ou la mani\u00e8re dont il regarde.Cette oeuvre subtile et neuve appelait un soin tout particulier dans l&#8217;\u00e9tablissement du texte comme dans l&#8217;annotation. Elle b\u00e9n\u00e9ficie donc des progr\u00e8s consid\u00e9rables accomplis dans ce domaine au cours des derni\u00e8res d\u00e9cennies dans la connaissance du classicisme.<\/p>","protected":false},"excerpt":{"rendered":"<p>Une premi\u00e8re moiti\u00e9 de vie occup\u00e9e \u00e0 pr\u00e9parer un livre, l&#8217;autre \u00e0 le corriger et \u00e0 l&#8217;amender. Comme Montaigne, et peut-\u00eatre un peu plus que lui, La Bruy\u00e8re est bien l&#8217;homme d&#8217;un seul livre, et ce livre est celui d&#8217;une vie. Entre le projet et le dernier \u00e9tat revu par l&#8217;auteur sur lequel est fond\u00e9e [&hellip;]<\/p>","protected":false},"featured_media":6789,"comment_status":"open","ping_status":"closed","template":"","meta":[],"product_brand":[],"product_cat":[46],"product_tag":[],"class_list":{"0":"post-6790","1":"product","2":"type-product","3":"status-publish","4":"has-post-thumbnail","6":"product_cat-romans","8":"first","9":"instock","10":"taxable","11":"shipping-taxable","12":"purchasable","13":"product-type-simple"},"yoast_head":"<!-- This site is optimized with the Yoast SEO plugin v27.3 - https:\/\/yoast.com\/product\/yoast-seo-wordpress\/ -->\n<title>Les caract\u00e8res ou Les moeurs de ce si\u00e8cle - l&#039;\u00e9chapp\u00e9e close<\/title>\n<meta name=\"robots\" content=\"index, follow, max-snippet:-1, max-image-preview:large, max-video-preview:-1\" \/>\n<link rel=\"canonical\" href=\"http:\/\/lechappeeclose.it\/it\/boutique\/livres\/litterature\/romans\/les-caracteres-ou-les-moeurs-de-ce-siecle\/\" \/>\n<meta property=\"og:locale\" content=\"it_IT\" \/>\n<meta property=\"og:type\" content=\"article\" \/>\n<meta property=\"og:title\" content=\"Les caract\u00e8res ou Les moeurs de ce si\u00e8cle - l&#039;\u00e9chapp\u00e9e close\" \/>\n<meta property=\"og:description\" content=\"Une premi\u00e8re moiti\u00e9 de vie occup\u00e9e \u00e0 pr\u00e9parer un livre, l&#8217;autre \u00e0 le corriger et \u00e0 l&#8217;amender. Comme Montaigne, et peut-\u00eatre un peu plus que lui, La Bruy\u00e8re est bien l&#8217;homme d&#8217;un seul livre, et ce livre est celui d&#8217;une vie. Entre le projet et le dernier \u00e9tat revu par l&#8217;auteur sur lequel est fond\u00e9e [&hellip;]\" \/>\n<meta property=\"og:url\" content=\"http:\/\/lechappeeclose.it\/it\/boutique\/livres\/litterature\/romans\/les-caracteres-ou-les-moeurs-de-ce-siecle\/\" \/>\n<meta property=\"og:site_name\" content=\"l&#039;\u00e9chapp\u00e9e close\" \/>\n<meta property=\"og:image\" content=\"http:\/\/lechappeeclose.it\/wp-content\/uploads\/2025\/02\/Les-caracteres-ou-Les-moeurs-de-ce-siecle.jpg\" \/>\n\t<meta property=\"og:image:width\" content=\"638\" \/>\n\t<meta property=\"og:image:height\" content=\"1051\" \/>\n\t<meta property=\"og:image:type\" content=\"image\/jpeg\" \/>\n<meta name=\"twitter:card\" content=\"summary_large_image\" \/>\n<meta name=\"twitter:label1\" content=\"Tempo di lettura stimato\" \/>\n\t<meta name=\"twitter:data1\" content=\"1 minuto\" \/>\n<script type=\"application\/ld+json\" class=\"yoast-schema-graph\">{\"@context\":\"https:\\\/\\\/schema.org\",\"@graph\":[{\"@type\":\"WebPage\",\"@id\":\"http:\\\/\\\/lechappeeclose.it\\\/it\\\/boutique\\\/livres\\\/litterature\\\/romans\\\/les-caracteres-ou-les-moeurs-de-ce-siecle\\\/\",\"url\":\"http:\\\/\\\/lechappeeclose.it\\\/it\\\/boutique\\\/livres\\\/litterature\\\/romans\\\/les-caracteres-ou-les-moeurs-de-ce-siecle\\\/\",\"name\":\"Les caract\u00e8res ou Les moeurs de ce si\u00e8cle - l&#039;\u00e9chapp\u00e9e close\",\"isPartOf\":{\"@id\":\"http:\\\/\\\/lechappeeclose.it\\\/#website\"},\"primaryImageOfPage\":{\"@id\":\"http:\\\/\\\/lechappeeclose.it\\\/it\\\/boutique\\\/livres\\\/litterature\\\/romans\\\/les-caracteres-ou-les-moeurs-de-ce-siecle\\\/#primaryimage\"},\"image\":{\"@id\":\"http:\\\/\\\/lechappeeclose.it\\\/it\\\/boutique\\\/livres\\\/litterature\\\/romans\\\/les-caracteres-ou-les-moeurs-de-ce-siecle\\\/#primaryimage\"},\"thumbnailUrl\":\"http:\\\/\\\/lechappeeclose.it\\\/wp-content\\\/uploads\\\/2025\\\/02\\\/Les-caracteres-ou-Les-moeurs-de-ce-siecle.jpg\",\"datePublished\":\"2025-02-07T16:22:01+00:00\",\"breadcrumb\":{\"@id\":\"http:\\\/\\\/lechappeeclose.it\\\/it\\\/boutique\\\/livres\\\/litterature\\\/romans\\\/les-caracteres-ou-les-moeurs-de-ce-siecle\\\/#breadcrumb\"},\"inLanguage\":\"it-IT\",\"potentialAction\":[{\"@type\":\"ReadAction\",\"target\":[\"http:\\\/\\\/lechappeeclose.it\\\/it\\\/boutique\\\/livres\\\/litterature\\\/romans\\\/les-caracteres-ou-les-moeurs-de-ce-siecle\\\/\"]}]},{\"@type\":\"ImageObject\",\"inLanguage\":\"it-IT\",\"@id\":\"http:\\\/\\\/lechappeeclose.it\\\/it\\\/boutique\\\/livres\\\/litterature\\\/romans\\\/les-caracteres-ou-les-moeurs-de-ce-siecle\\\/#primaryimage\",\"url\":\"http:\\\/\\\/lechappeeclose.it\\\/wp-content\\\/uploads\\\/2025\\\/02\\\/Les-caracteres-ou-Les-moeurs-de-ce-siecle.jpg\",\"contentUrl\":\"http:\\\/\\\/lechappeeclose.it\\\/wp-content\\\/uploads\\\/2025\\\/02\\\/Les-caracteres-ou-Les-moeurs-de-ce-siecle.jpg\",\"width\":638,\"height\":1051},{\"@type\":\"BreadcrumbList\",\"@id\":\"http:\\\/\\\/lechappeeclose.it\\\/it\\\/boutique\\\/livres\\\/litterature\\\/romans\\\/les-caracteres-ou-les-moeurs-de-ce-siecle\\\/#breadcrumb\",\"itemListElement\":[{\"@type\":\"ListItem\",\"position\":1,\"name\":\"Accueil\",\"item\":\"http:\\\/\\\/lechappeeclose.it\\\/\"},{\"@type\":\"ListItem\",\"position\":2,\"name\":\"Boutique\",\"item\":\"https:\\\/\\\/lechappeeclose.it\\\/boutique\\\/\"},{\"@type\":\"ListItem\",\"position\":3,\"name\":\"Les caract\u00e8res ou Les moeurs de ce si\u00e8cle\"}]},{\"@type\":\"WebSite\",\"@id\":\"http:\\\/\\\/lechappeeclose.it\\\/#website\",\"url\":\"http:\\\/\\\/lechappeeclose.it\\\/\",\"name\":\"l&#039;\u00e9chapp\u00e9e close\",\"description\":\"la librairie fran\u00e7aise de Milan\",\"publisher\":{\"@id\":\"http:\\\/\\\/lechappeeclose.it\\\/#organization\"},\"alternateName\":\"La librairie fran\u00e7aise de Milan\",\"potentialAction\":[{\"@type\":\"SearchAction\",\"target\":{\"@type\":\"EntryPoint\",\"urlTemplate\":\"http:\\\/\\\/lechappeeclose.it\\\/?s={search_term_string}\"},\"query-input\":{\"@type\":\"PropertyValueSpecification\",\"valueRequired\":true,\"valueName\":\"search_term_string\"}}],\"inLanguage\":\"it-IT\"},{\"@type\":\"Organization\",\"@id\":\"http:\\\/\\\/lechappeeclose.it\\\/#organization\",\"name\":\"l&#039;\u00e9chapp\u00e9e close\",\"url\":\"http:\\\/\\\/lechappeeclose.it\\\/\",\"logo\":{\"@type\":\"ImageObject\",\"inLanguage\":\"it-IT\",\"@id\":\"http:\\\/\\\/lechappeeclose.it\\\/#\\\/schema\\\/logo\\\/image\\\/\",\"url\":\"http:\\\/\\\/lechappeeclose.it\\\/wp-content\\\/uploads\\\/2025\\\/02\\\/cropped-logo-rond.png\",\"contentUrl\":\"http:\\\/\\\/lechappeeclose.it\\\/wp-content\\\/uploads\\\/2025\\\/02\\\/cropped-logo-rond.png\",\"width\":1080,\"height\":1080,\"caption\":\"l&#039;\u00e9chapp\u00e9e close\"},\"image\":{\"@id\":\"http:\\\/\\\/lechappeeclose.it\\\/#\\\/schema\\\/logo\\\/image\\\/\"},\"sameAs\":[\"https:\\\/\\\/www.instagram.com\\\/lechappeeclose\\\/\"]}]}<\/script>\n<!-- \/ Yoast SEO plugin. -->","yoast_head_json":{"title":"Les caract\u00e8res ou Les moeurs de ce si\u00e8cle - l&#039;\u00e9chapp\u00e9e close","robots":{"index":"index","follow":"follow","max-snippet":"max-snippet:-1","max-image-preview":"max-image-preview:large","max-video-preview":"max-video-preview:-1"},"canonical":"http:\/\/lechappeeclose.it\/it\/boutique\/livres\/litterature\/romans\/les-caracteres-ou-les-moeurs-de-ce-siecle\/","og_locale":"it_IT","og_type":"article","og_title":"Les caract\u00e8res ou Les moeurs de ce si\u00e8cle - l&#039;\u00e9chapp\u00e9e close","og_description":"Une premi\u00e8re moiti\u00e9 de vie occup\u00e9e \u00e0 pr\u00e9parer un livre, l&#8217;autre \u00e0 le corriger et \u00e0 l&#8217;amender. Comme Montaigne, et peut-\u00eatre un peu plus que lui, La Bruy\u00e8re est bien l&#8217;homme d&#8217;un seul livre, et ce livre est celui d&#8217;une vie. Entre le projet et le dernier \u00e9tat revu par l&#8217;auteur sur lequel est fond\u00e9e [&hellip;]","og_url":"http:\/\/lechappeeclose.it\/it\/boutique\/livres\/litterature\/romans\/les-caracteres-ou-les-moeurs-de-ce-siecle\/","og_site_name":"l&#039;\u00e9chapp\u00e9e close","og_image":[{"width":638,"height":1051,"url":"http:\/\/lechappeeclose.it\/wp-content\/uploads\/2025\/02\/Les-caracteres-ou-Les-moeurs-de-ce-siecle.jpg","type":"image\/jpeg"}],"twitter_card":"summary_large_image","twitter_misc":{"Tempo di lettura stimato":"1 minuto"},"schema":{"@context":"https:\/\/schema.org","@graph":[{"@type":"WebPage","@id":"http:\/\/lechappeeclose.it\/it\/boutique\/livres\/litterature\/romans\/les-caracteres-ou-les-moeurs-de-ce-siecle\/","url":"http:\/\/lechappeeclose.it\/it\/boutique\/livres\/litterature\/romans\/les-caracteres-ou-les-moeurs-de-ce-siecle\/","name":"Les caract\u00e8res ou Les moeurs de ce si\u00e8cle - l&#039;\u00e9chapp\u00e9e close","isPartOf":{"@id":"http:\/\/lechappeeclose.it\/#website"},"primaryImageOfPage":{"@id":"http:\/\/lechappeeclose.it\/it\/boutique\/livres\/litterature\/romans\/les-caracteres-ou-les-moeurs-de-ce-siecle\/#primaryimage"},"image":{"@id":"http:\/\/lechappeeclose.it\/it\/boutique\/livres\/litterature\/romans\/les-caracteres-ou-les-moeurs-de-ce-siecle\/#primaryimage"},"thumbnailUrl":"http:\/\/lechappeeclose.it\/wp-content\/uploads\/2025\/02\/Les-caracteres-ou-Les-moeurs-de-ce-siecle.jpg","datePublished":"2025-02-07T16:22:01+00:00","breadcrumb":{"@id":"http:\/\/lechappeeclose.it\/it\/boutique\/livres\/litterature\/romans\/les-caracteres-ou-les-moeurs-de-ce-siecle\/#breadcrumb"},"inLanguage":"it-IT","potentialAction":[{"@type":"ReadAction","target":["http:\/\/lechappeeclose.it\/it\/boutique\/livres\/litterature\/romans\/les-caracteres-ou-les-moeurs-de-ce-siecle\/"]}]},{"@type":"ImageObject","inLanguage":"it-IT","@id":"http:\/\/lechappeeclose.it\/it\/boutique\/livres\/litterature\/romans\/les-caracteres-ou-les-moeurs-de-ce-siecle\/#primaryimage","url":"http:\/\/lechappeeclose.it\/wp-content\/uploads\/2025\/02\/Les-caracteres-ou-Les-moeurs-de-ce-siecle.jpg","contentUrl":"http:\/\/lechappeeclose.it\/wp-content\/uploads\/2025\/02\/Les-caracteres-ou-Les-moeurs-de-ce-siecle.jpg","width":638,"height":1051},{"@type":"BreadcrumbList","@id":"http:\/\/lechappeeclose.it\/it\/boutique\/livres\/litterature\/romans\/les-caracteres-ou-les-moeurs-de-ce-siecle\/#breadcrumb","itemListElement":[{"@type":"ListItem","position":1,"name":"Accueil","item":"http:\/\/lechappeeclose.it\/"},{"@type":"ListItem","position":2,"name":"Boutique","item":"https:\/\/lechappeeclose.it\/boutique\/"},{"@type":"ListItem","position":3,"name":"Les caract\u00e8res ou Les moeurs de ce si\u00e8cle"}]},{"@type":"WebSite","@id":"http:\/\/lechappeeclose.it\/#website","url":"http:\/\/lechappeeclose.it\/","name":"l&#039;\u00e9chapp\u00e9e close","description":"La libreria francese di Milano","publisher":{"@id":"http:\/\/lechappeeclose.it\/#organization"},"alternateName":"La librairie fran\u00e7aise de Milan","potentialAction":[{"@type":"SearchAction","target":{"@type":"EntryPoint","urlTemplate":"http:\/\/lechappeeclose.it\/?s={search_term_string}"},"query-input":{"@type":"PropertyValueSpecification","valueRequired":true,"valueName":"search_term_string"}}],"inLanguage":"it-IT"},{"@type":"Organization","@id":"http:\/\/lechappeeclose.it\/#organization","name":"l&#039;\u00e9chapp\u00e9e close","url":"http:\/\/lechappeeclose.it\/","logo":{"@type":"ImageObject","inLanguage":"it-IT","@id":"http:\/\/lechappeeclose.it\/#\/schema\/logo\/image\/","url":"http:\/\/lechappeeclose.it\/wp-content\/uploads\/2025\/02\/cropped-logo-rond.png","contentUrl":"http:\/\/lechappeeclose.it\/wp-content\/uploads\/2025\/02\/cropped-logo-rond.png","width":1080,"height":1080,"caption":"l&#039;\u00e9chapp\u00e9e close"},"image":{"@id":"http:\/\/lechappeeclose.it\/#\/schema\/logo\/image\/"},"sameAs":["https:\/\/www.instagram.com\/lechappeeclose\/"]}]}},"_links":{"self":[{"href":"http:\/\/lechappeeclose.it\/it\/wp-json\/wp\/v2\/product\/6790","targetHints":{"allow":["GET"]}}],"collection":[{"href":"http:\/\/lechappeeclose.it\/it\/wp-json\/wp\/v2\/product"}],"about":[{"href":"http:\/\/lechappeeclose.it\/it\/wp-json\/wp\/v2\/types\/product"}],"replies":[{"embeddable":true,"href":"http:\/\/lechappeeclose.it\/it\/wp-json\/wp\/v2\/comments?post=6790"}],"wp:featuredmedia":[{"embeddable":true,"href":"http:\/\/lechappeeclose.it\/it\/wp-json\/wp\/v2\/media\/6789"}],"wp:attachment":[{"href":"http:\/\/lechappeeclose.it\/it\/wp-json\/wp\/v2\/media?parent=6790"}],"wp:term":[{"taxonomy":"product_brand","embeddable":true,"href":"http:\/\/lechappeeclose.it\/it\/wp-json\/wp\/v2\/product_brand?post=6790"},{"taxonomy":"product_cat","embeddable":true,"href":"http:\/\/lechappeeclose.it\/it\/wp-json\/wp\/v2\/product_cat?post=6790"},{"taxonomy":"product_tag","embeddable":true,"href":"http:\/\/lechappeeclose.it\/it\/wp-json\/wp\/v2\/product_tag?post=6790"}],"curies":[{"name":"wp","href":"https:\/\/api.w.org\/{rel}","templated":true}]}}