{"id":6671,"date":"2025-02-07T16:36:38","date_gmt":"2025-02-07T15:36:38","guid":{"rendered":"https:\/\/lechappeeclose.it\/produit\/un-sac-de-billes\/"},"modified":"2025-02-07T16:36:38","modified_gmt":"2025-02-07T15:36:38","slug":"un-sac-de-billes","status":"publish","type":"product","link":"http:\/\/lechappeeclose.it\/it\/boutique\/livres\/litterature\/romans\/un-sac-de-billes\/","title":{"rendered":"Un sac de billes"},"content":{"rendered":"<p>Paris en 1941 n&#8217;est plus la capitale d&#8217;une terre d&#8217;asile qui arbore pour devise au fronton de ses mairies \u00ab Libert\u00e9, Egalit\u00e9, Fraternit\u00e9 \u00bb. Paris est une ville occup\u00e9e o\u00f9 l\u2019ennemi nazi impose ses lois d&#8217;exception et le port de l&#8217;\u00e9toile jaune \u00e0 tous les Juifs. Leur m\u00e8re en a donc cousu une au revers du veston de Maurice et de Joseph avant leur d\u00e9part pour l&#8217;\u00e9cole. Le r\u00e9sultat est imm\u00e9diat, le racisme des gamins se d\u00e9cha\u00eene et les deux Joffo rentrent qui avec l&#8217;oreille en chou-fleur, qui avec l&#8217;oeil poch\u00e9 et le genou meurtri. Oh ! en compensation, il y a bien eu le troc propos\u00e9 par Z\u00e9rati, le copain de Jo, l&#8217;\u00e9toile jaune contre un sac de billes, mais leur p\u00e8re a compris: il faut fuir. Maurice, douze ans, et Joseph, dix ans, doivent rejoindre leurs fr\u00e8res Henri et Albert d\u00e9j\u00e0 install\u00e9s \u00e0 Menton. Ils auront \u00e0 fran-chir la ligne de d\u00e9marcation, pr\u00e8s de Dax, sans papiers. Les parents suivront plus tard. Et la course vers la libert\u00e9 commence. Elle les conduit \u00e0 Men-ton, puis \u00e0 Nice et son terrible h\u00f4tel Excelsior d&#8217;o\u00f9, sauv\u00e9s de justesse, ils s&#8217;en iront pour retrouver leur soeur Rosette pr\u00e8s de Montlu\u00e7on ; ensuite, ce sera Aix-les-Bains et \u00ab R \u00bb. Cela, c&#8217;est l&#8217;itin\u00e9raire. Le reste, l&#8217;important, c&#8217;est ce que raconte Joseph Joffo : les p\u00e9rip\u00e9ties de l&#8217;odyss\u00e9e des deux fr\u00e8res dans la France occup\u00e9e de 1941 \u00e0 1944 &#8211; et le ton dont il rapporte ces choses vues et v\u00e9cues : spontan\u00e9, vif, ponctu\u00e9 d&#8217;\u00e9clairs d&#8217;humour en d\u00e9pit de l&#8217;angoisse omnipr\u00e9sente &#8211; un merveilleux r\u00e9cit, un poignant t\u00e9moignage.<\/p>","protected":false},"excerpt":{"rendered":"<p>Paris en 1941 n&#8217;est plus la capitale d&#8217;une terre d&#8217;asile qui arbore pour devise au fronton de ses mairies \u00ab Libert\u00e9, Egalit\u00e9, Fraternit\u00e9 \u00bb. Paris est une ville occup\u00e9e o\u00f9 l\u2019ennemi nazi impose ses lois d&#8217;exception et le port de l&#8217;\u00e9toile jaune \u00e0 tous les Juifs. Leur m\u00e8re en a donc cousu une au revers [&hellip;]<\/p>","protected":false},"featured_media":6670,"comment_status":"open","ping_status":"closed","template":"","meta":[],"product_brand":[],"product_cat":[46],"product_tag":[],"class_list":{"0":"post-6671","1":"product","2":"type-product","3":"status-publish","4":"has-post-thumbnail","6":"product_cat-romans","8":"first","9":"instock","10":"taxable","11":"shipping-taxable","12":"purchasable","13":"product-type-simple"},"yoast_head":"<!-- This site is optimized with the Yoast SEO plugin v27.5 - https:\/\/yoast.com\/product\/yoast-seo-wordpress\/ -->\n<title>Un sac de billes - l&#039;\u00e9chapp\u00e9e close<\/title>\n<meta name=\"robots\" content=\"index, follow, max-snippet:-1, max-image-preview:large, max-video-preview:-1\" \/>\n<link rel=\"canonical\" href=\"http:\/\/lechappeeclose.it\/it\/boutique\/livres\/litterature\/romans\/un-sac-de-billes\/\" \/>\n<meta property=\"og:locale\" content=\"it_IT\" \/>\n<meta property=\"og:type\" content=\"article\" \/>\n<meta property=\"og:title\" content=\"Un sac de billes - l&#039;\u00e9chapp\u00e9e close\" \/>\n<meta property=\"og:description\" content=\"Paris en 1941 n&#8217;est plus la capitale d&#8217;une terre d&#8217;asile qui arbore pour devise au fronton de ses mairies \u00ab Libert\u00e9, Egalit\u00e9, Fraternit\u00e9 \u00bb. Paris est une ville occup\u00e9e o\u00f9 l\u2019ennemi nazi impose ses lois d&#8217;exception et le port de l&#8217;\u00e9toile jaune \u00e0 tous les Juifs. Leur m\u00e8re en a donc cousu une au revers [&hellip;]\" \/>\n<meta property=\"og:url\" content=\"http:\/\/lechappeeclose.it\/it\/boutique\/livres\/litterature\/romans\/un-sac-de-billes\/\" \/>\n<meta property=\"og:site_name\" content=\"l&#039;\u00e9chapp\u00e9e close\" \/>\n<meta property=\"og:image\" content=\"http:\/\/lechappeeclose.it\/wp-content\/uploads\/2025\/02\/Un-sac-de-billes.jpg\" \/>\n\t<meta property=\"og:image:width\" content=\"250\" \/>\n\t<meta property=\"og:image:height\" content=\"404\" \/>\n\t<meta property=\"og:image:type\" content=\"image\/jpeg\" \/>\n<meta name=\"twitter:card\" content=\"summary_large_image\" \/>\n<meta name=\"twitter:label1\" content=\"Tempo di lettura stimato\" \/>\n\t<meta name=\"twitter:data1\" content=\"1 minuto\" \/>\n<script type=\"application\/ld+json\" class=\"yoast-schema-graph\">{\"@context\":\"https:\\\/\\\/schema.org\",\"@graph\":[{\"@type\":\"WebPage\",\"@id\":\"http:\\\/\\\/lechappeeclose.it\\\/boutique\\\/livres\\\/litterature\\\/romans\\\/un-sac-de-billes\\\/\",\"url\":\"http:\\\/\\\/lechappeeclose.it\\\/boutique\\\/livres\\\/litterature\\\/romans\\\/un-sac-de-billes\\\/\",\"name\":\"Un sac de billes - l&#039;\u00e9chapp\u00e9e close\",\"isPartOf\":{\"@id\":\"http:\\\/\\\/lechappeeclose.it\\\/it\\\/#website\"},\"primaryImageOfPage\":{\"@id\":\"http:\\\/\\\/lechappeeclose.it\\\/boutique\\\/livres\\\/litterature\\\/romans\\\/un-sac-de-billes\\\/#primaryimage\"},\"image\":{\"@id\":\"http:\\\/\\\/lechappeeclose.it\\\/boutique\\\/livres\\\/litterature\\\/romans\\\/un-sac-de-billes\\\/#primaryimage\"},\"thumbnailUrl\":\"http:\\\/\\\/lechappeeclose.it\\\/wp-content\\\/uploads\\\/2025\\\/02\\\/Un-sac-de-billes.jpg\",\"datePublished\":\"2025-02-07T15:36:38+00:00\",\"breadcrumb\":{\"@id\":\"http:\\\/\\\/lechappeeclose.it\\\/boutique\\\/livres\\\/litterature\\\/romans\\\/un-sac-de-billes\\\/#breadcrumb\"},\"inLanguage\":\"it-IT\",\"potentialAction\":[{\"@type\":\"ReadAction\",\"target\":[\"http:\\\/\\\/lechappeeclose.it\\\/boutique\\\/livres\\\/litterature\\\/romans\\\/un-sac-de-billes\\\/\"]}]},{\"@type\":\"ImageObject\",\"inLanguage\":\"it-IT\",\"@id\":\"http:\\\/\\\/lechappeeclose.it\\\/boutique\\\/livres\\\/litterature\\\/romans\\\/un-sac-de-billes\\\/#primaryimage\",\"url\":\"http:\\\/\\\/lechappeeclose.it\\\/wp-content\\\/uploads\\\/2025\\\/02\\\/Un-sac-de-billes.jpg\",\"contentUrl\":\"http:\\\/\\\/lechappeeclose.it\\\/wp-content\\\/uploads\\\/2025\\\/02\\\/Un-sac-de-billes.jpg\",\"width\":250,\"height\":404},{\"@type\":\"BreadcrumbList\",\"@id\":\"http:\\\/\\\/lechappeeclose.it\\\/boutique\\\/livres\\\/litterature\\\/romans\\\/un-sac-de-billes\\\/#breadcrumb\",\"itemListElement\":[{\"@type\":\"ListItem\",\"position\":1,\"name\":\"Accueil\",\"item\":\"http:\\\/\\\/lechappeeclose.it\\\/it\\\/\"},{\"@type\":\"ListItem\",\"position\":2,\"name\":\"Boutique\",\"item\":\"http:\\\/\\\/lechappeeclose.it\\\/it\\\/boutique\\\/\"},{\"@type\":\"ListItem\",\"position\":3,\"name\":\"Un sac de billes\"}]},{\"@type\":\"WebSite\",\"@id\":\"http:\\\/\\\/lechappeeclose.it\\\/it\\\/#website\",\"url\":\"http:\\\/\\\/lechappeeclose.it\\\/it\\\/\",\"name\":\"l&#039;\u00e9chapp\u00e9e close\",\"description\":\"la librairie fran\u00e7aise de Milan\",\"publisher\":{\"@id\":\"http:\\\/\\\/lechappeeclose.it\\\/it\\\/#organization\"},\"alternateName\":\"La librairie fran\u00e7aise de Milan\",\"potentialAction\":[{\"@type\":\"SearchAction\",\"target\":{\"@type\":\"EntryPoint\",\"urlTemplate\":\"http:\\\/\\\/lechappeeclose.it\\\/it\\\/?s={search_term_string}\"},\"query-input\":{\"@type\":\"PropertyValueSpecification\",\"valueRequired\":true,\"valueName\":\"search_term_string\"}}],\"inLanguage\":\"it-IT\"},{\"@type\":\"Organization\",\"@id\":\"http:\\\/\\\/lechappeeclose.it\\\/it\\\/#organization\",\"name\":\"l&#039;\u00e9chapp\u00e9e close\",\"url\":\"http:\\\/\\\/lechappeeclose.it\\\/it\\\/\",\"logo\":{\"@type\":\"ImageObject\",\"inLanguage\":\"it-IT\",\"@id\":\"http:\\\/\\\/lechappeeclose.it\\\/it\\\/#\\\/schema\\\/logo\\\/image\\\/\",\"url\":\"http:\\\/\\\/lechappeeclose.it\\\/wp-content\\\/uploads\\\/2025\\\/02\\\/cropped-logo-rond.png\",\"contentUrl\":\"http:\\\/\\\/lechappeeclose.it\\\/wp-content\\\/uploads\\\/2025\\\/02\\\/cropped-logo-rond.png\",\"width\":1080,\"height\":1080,\"caption\":\"l&#039;\u00e9chapp\u00e9e close\"},\"image\":{\"@id\":\"http:\\\/\\\/lechappeeclose.it\\\/it\\\/#\\\/schema\\\/logo\\\/image\\\/\"},\"sameAs\":[\"https:\\\/\\\/www.instagram.com\\\/lechappeeclose\\\/\"]}]}<\/script>\n<!-- \/ Yoast SEO plugin. -->","yoast_head_json":{"title":"Un sac de billes - l&#039;\u00e9chapp\u00e9e close","robots":{"index":"index","follow":"follow","max-snippet":"max-snippet:-1","max-image-preview":"max-image-preview:large","max-video-preview":"max-video-preview:-1"},"canonical":"http:\/\/lechappeeclose.it\/it\/boutique\/livres\/litterature\/romans\/un-sac-de-billes\/","og_locale":"it_IT","og_type":"article","og_title":"Un sac de billes - l&#039;\u00e9chapp\u00e9e close","og_description":"Paris en 1941 n&#8217;est plus la capitale d&#8217;une terre d&#8217;asile qui arbore pour devise au fronton de ses mairies \u00ab Libert\u00e9, Egalit\u00e9, Fraternit\u00e9 \u00bb. Paris est une ville occup\u00e9e o\u00f9 l\u2019ennemi nazi impose ses lois d&#8217;exception et le port de l&#8217;\u00e9toile jaune \u00e0 tous les Juifs. Leur m\u00e8re en a donc cousu une au revers [&hellip;]","og_url":"http:\/\/lechappeeclose.it\/it\/boutique\/livres\/litterature\/romans\/un-sac-de-billes\/","og_site_name":"l&#039;\u00e9chapp\u00e9e close","og_image":[{"width":250,"height":404,"url":"http:\/\/lechappeeclose.it\/wp-content\/uploads\/2025\/02\/Un-sac-de-billes.jpg","type":"image\/jpeg"}],"twitter_card":"summary_large_image","twitter_misc":{"Tempo di lettura stimato":"1 minuto"},"schema":{"@context":"https:\/\/schema.org","@graph":[{"@type":"WebPage","@id":"http:\/\/lechappeeclose.it\/boutique\/livres\/litterature\/romans\/un-sac-de-billes\/","url":"http:\/\/lechappeeclose.it\/boutique\/livres\/litterature\/romans\/un-sac-de-billes\/","name":"Un sac de billes - l&#039;\u00e9chapp\u00e9e close","isPartOf":{"@id":"http:\/\/lechappeeclose.it\/it\/#website"},"primaryImageOfPage":{"@id":"http:\/\/lechappeeclose.it\/boutique\/livres\/litterature\/romans\/un-sac-de-billes\/#primaryimage"},"image":{"@id":"http:\/\/lechappeeclose.it\/boutique\/livres\/litterature\/romans\/un-sac-de-billes\/#primaryimage"},"thumbnailUrl":"http:\/\/lechappeeclose.it\/wp-content\/uploads\/2025\/02\/Un-sac-de-billes.jpg","datePublished":"2025-02-07T15:36:38+00:00","breadcrumb":{"@id":"http:\/\/lechappeeclose.it\/boutique\/livres\/litterature\/romans\/un-sac-de-billes\/#breadcrumb"},"inLanguage":"it-IT","potentialAction":[{"@type":"ReadAction","target":["http:\/\/lechappeeclose.it\/boutique\/livres\/litterature\/romans\/un-sac-de-billes\/"]}]},{"@type":"ImageObject","inLanguage":"it-IT","@id":"http:\/\/lechappeeclose.it\/boutique\/livres\/litterature\/romans\/un-sac-de-billes\/#primaryimage","url":"http:\/\/lechappeeclose.it\/wp-content\/uploads\/2025\/02\/Un-sac-de-billes.jpg","contentUrl":"http:\/\/lechappeeclose.it\/wp-content\/uploads\/2025\/02\/Un-sac-de-billes.jpg","width":250,"height":404},{"@type":"BreadcrumbList","@id":"http:\/\/lechappeeclose.it\/boutique\/livres\/litterature\/romans\/un-sac-de-billes\/#breadcrumb","itemListElement":[{"@type":"ListItem","position":1,"name":"Accueil","item":"http:\/\/lechappeeclose.it\/it\/"},{"@type":"ListItem","position":2,"name":"Boutique","item":"http:\/\/lechappeeclose.it\/it\/boutique\/"},{"@type":"ListItem","position":3,"name":"Un sac de billes"}]},{"@type":"WebSite","@id":"http:\/\/lechappeeclose.it\/it\/#website","url":"http:\/\/lechappeeclose.it\/it\/","name":"l&#039;\u00e9chapp\u00e9e close","description":"La libreria francese di Milano","publisher":{"@id":"http:\/\/lechappeeclose.it\/it\/#organization"},"alternateName":"La librairie fran\u00e7aise de Milan","potentialAction":[{"@type":"SearchAction","target":{"@type":"EntryPoint","urlTemplate":"http:\/\/lechappeeclose.it\/it\/?s={search_term_string}"},"query-input":{"@type":"PropertyValueSpecification","valueRequired":true,"valueName":"search_term_string"}}],"inLanguage":"it-IT"},{"@type":"Organization","@id":"http:\/\/lechappeeclose.it\/it\/#organization","name":"l&#039;\u00e9chapp\u00e9e close","url":"http:\/\/lechappeeclose.it\/it\/","logo":{"@type":"ImageObject","inLanguage":"it-IT","@id":"http:\/\/lechappeeclose.it\/it\/#\/schema\/logo\/image\/","url":"http:\/\/lechappeeclose.it\/wp-content\/uploads\/2025\/02\/cropped-logo-rond.png","contentUrl":"http:\/\/lechappeeclose.it\/wp-content\/uploads\/2025\/02\/cropped-logo-rond.png","width":1080,"height":1080,"caption":"l&#039;\u00e9chapp\u00e9e close"},"image":{"@id":"http:\/\/lechappeeclose.it\/it\/#\/schema\/logo\/image\/"},"sameAs":["https:\/\/www.instagram.com\/lechappeeclose\/"]}]}},"_links":{"self":[{"href":"http:\/\/lechappeeclose.it\/it\/wp-json\/wp\/v2\/product\/6671","targetHints":{"allow":["GET"]}}],"collection":[{"href":"http:\/\/lechappeeclose.it\/it\/wp-json\/wp\/v2\/product"}],"about":[{"href":"http:\/\/lechappeeclose.it\/it\/wp-json\/wp\/v2\/types\/product"}],"replies":[{"embeddable":true,"href":"http:\/\/lechappeeclose.it\/it\/wp-json\/wp\/v2\/comments?post=6671"}],"wp:featuredmedia":[{"embeddable":true,"href":"http:\/\/lechappeeclose.it\/it\/wp-json\/wp\/v2\/media\/6670"}],"wp:attachment":[{"href":"http:\/\/lechappeeclose.it\/it\/wp-json\/wp\/v2\/media?parent=6671"}],"wp:term":[{"taxonomy":"product_brand","embeddable":true,"href":"http:\/\/lechappeeclose.it\/it\/wp-json\/wp\/v2\/product_brand?post=6671"},{"taxonomy":"product_cat","embeddable":true,"href":"http:\/\/lechappeeclose.it\/it\/wp-json\/wp\/v2\/product_cat?post=6671"},{"taxonomy":"product_tag","embeddable":true,"href":"http:\/\/lechappeeclose.it\/it\/wp-json\/wp\/v2\/product_tag?post=6671"}],"curies":[{"name":"wp","href":"https:\/\/api.w.org\/{rel}","templated":true}]}}