{"id":6581,"date":"2025-02-07T15:44:30","date_gmt":"2025-02-07T14:44:30","guid":{"rendered":"https:\/\/lechappeeclose.it\/produit\/plateforme-roman\/"},"modified":"2025-02-07T16:10:28","modified_gmt":"2025-02-07T15:10:28","slug":"plateforme-roman","status":"publish","type":"product","link":"http:\/\/lechappeeclose.it\/it\/boutique\/livres\/litterature\/romans\/plateforme-roman\/","title":{"rendered":"Plateforme Roman"},"content":{"rendered":"<p>De l&#8217;exotisme et du pittoresque, du sexe et du fanatisme, tels sont les ingr\u00e9dients (torrides et subversifs) de Plateforme, dernier roman de Michel Houellebecq, probablement l&#8217;\u00e9crivain le plus controvers\u00e9 aujourd&#8217;hui&#8230; Michel est un employ\u00e9 du minist\u00e8re de la Culture. Il vit simplement, au rythme des feuilletons et des jeux t\u00e9l\u00e9, des peep shows au sortir du boulot, des pur\u00e9es Mousline d\u00e9gluties machinalement\u2026 \u00c0 la mort de son p\u00e8re, &#8220;un vieux con&#8221;, il se d\u00e9cide pour un s\u00e9jour en Tha\u00eflande, en &#8220;voyage organis\u00e9&#8221; sous la houlette de Nouvelles Fronti\u00e8res. Accompagn\u00e9 par une galerie de &#8220;beaufs&#8221;, arm\u00e9s du Guide du routard, le narrateur visite les sites touristiques de Bangkok \u00e0 Surat Thani, de Patong Beach \u00e0 Koh Phi Phi, se livre au plaisir du body massage, qu\u00eate les bars \u00e0 putes, se lie avec Val\u00e9rie. Ensemble, ils voyageront \u00e0 Cuba, multipliant les exp\u00e9riences sexuelles, ici et l\u00e0\u2026 Cinglant et dr\u00f4le, rarement avare d&#8217;outrances (sexuelles), observateur attentif, sarcastique m\u00eame, l&#8217;\u00e9crivain ne rate rien de son \u00e9poque. Fable sur les voyages organis\u00e9s, regard sur le tourisme sexuel et le &#8220;d\u00e9ploiement du monde&#8221;, Plateforme aurait pu n&#8217;\u00eatre qu&#8217;un exercice litt\u00e9raire de d\u00e9nonciation mise en sc\u00e8ne par une sensibilit\u00e9 exacerb\u00e9e. Si le texte conna\u00eet des longueurs, c&#8217;est aussi le juste portrait d&#8217;une soci\u00e9t\u00e9 moyenne, peupl\u00e9e d&#8217;individus moyens, parfois m\u00e9diocres, avec ses paradis et ses enfers. &#8211;C\u00e9line Darner<\/p>","protected":false},"excerpt":{"rendered":"<p>De l&#8217;exotisme et du pittoresque, du sexe et du fanatisme, tels sont les ingr\u00e9dients (torrides et subversifs) de Plateforme, dernier roman de Michel Houellebecq, probablement l&#8217;\u00e9crivain le plus controvers\u00e9 aujourd&#8217;hui&#8230; Michel est un employ\u00e9 du minist\u00e8re de la Culture. Il vit simplement, au rythme des feuilletons et des jeux t\u00e9l\u00e9, des peep shows au sortir [&hellip;]<\/p>","protected":false},"featured_media":6655,"comment_status":"open","ping_status":"closed","template":"","meta":[],"product_brand":[],"product_cat":[46],"product_tag":[],"class_list":{"0":"post-6581","1":"product","2":"type-product","3":"status-publish","4":"has-post-thumbnail","6":"product_cat-romans","8":"first","9":"instock","10":"taxable","11":"shipping-taxable","12":"purchasable","13":"product-type-simple"},"yoast_head":"<!-- This site is optimized with the Yoast SEO plugin v27.4 - https:\/\/yoast.com\/product\/yoast-seo-wordpress\/ -->\n<title>Plateforme Roman - l&#039;\u00e9chapp\u00e9e close<\/title>\n<meta name=\"robots\" content=\"index, follow, max-snippet:-1, max-image-preview:large, max-video-preview:-1\" \/>\n<link rel=\"canonical\" href=\"http:\/\/lechappeeclose.it\/it\/boutique\/livres\/litterature\/romans\/plateforme-roman\/\" \/>\n<meta property=\"og:locale\" content=\"it_IT\" \/>\n<meta property=\"og:type\" content=\"article\" \/>\n<meta property=\"og:title\" content=\"Plateforme Roman - l&#039;\u00e9chapp\u00e9e close\" \/>\n<meta property=\"og:description\" content=\"De l&#8217;exotisme et du pittoresque, du sexe et du fanatisme, tels sont les ingr\u00e9dients (torrides et subversifs) de Plateforme, dernier roman de Michel Houellebecq, probablement l&#8217;\u00e9crivain le plus controvers\u00e9 aujourd&#8217;hui&#8230; Michel est un employ\u00e9 du minist\u00e8re de la Culture. Il vit simplement, au rythme des feuilletons et des jeux t\u00e9l\u00e9, des peep shows au sortir [&hellip;]\" \/>\n<meta property=\"og:url\" content=\"http:\/\/lechappeeclose.it\/it\/boutique\/livres\/litterature\/romans\/plateforme-roman\/\" \/>\n<meta property=\"og:site_name\" content=\"l&#039;\u00e9chapp\u00e9e close\" \/>\n<meta property=\"article:modified_time\" content=\"2025-02-07T15:10:28+00:00\" \/>\n<meta property=\"og:image\" content=\"http:\/\/lechappeeclose.it\/wp-content\/uploads\/2025\/02\/61rO3XsunhL._AC_UF10001000_QL80_.jpg\" \/>\n\t<meta property=\"og:image:width\" content=\"618\" \/>\n\t<meta property=\"og:image:height\" content=\"1000\" \/>\n\t<meta property=\"og:image:type\" content=\"image\/jpeg\" \/>\n<meta name=\"twitter:card\" content=\"summary_large_image\" \/>\n<meta name=\"twitter:label1\" content=\"Tempo di lettura stimato\" \/>\n\t<meta name=\"twitter:data1\" content=\"2 minuti\" \/>\n<script type=\"application\/ld+json\" class=\"yoast-schema-graph\">{\"@context\":\"https:\\\/\\\/schema.org\",\"@graph\":[{\"@type\":\"WebPage\",\"@id\":\"http:\\\/\\\/lechappeeclose.it\\\/boutique\\\/livres\\\/litterature\\\/romans\\\/plateforme-roman\\\/\",\"url\":\"http:\\\/\\\/lechappeeclose.it\\\/boutique\\\/livres\\\/litterature\\\/romans\\\/plateforme-roman\\\/\",\"name\":\"Plateforme Roman - l&#039;\u00e9chapp\u00e9e close\",\"isPartOf\":{\"@id\":\"http:\\\/\\\/lechappeeclose.it\\\/#website\"},\"primaryImageOfPage\":{\"@id\":\"http:\\\/\\\/lechappeeclose.it\\\/boutique\\\/livres\\\/litterature\\\/romans\\\/plateforme-roman\\\/#primaryimage\"},\"image\":{\"@id\":\"http:\\\/\\\/lechappeeclose.it\\\/boutique\\\/livres\\\/litterature\\\/romans\\\/plateforme-roman\\\/#primaryimage\"},\"thumbnailUrl\":\"http:\\\/\\\/lechappeeclose.it\\\/wp-content\\\/uploads\\\/2025\\\/02\\\/61rO3XsunhL._AC_UF10001000_QL80_.jpg\",\"datePublished\":\"2025-02-07T14:44:30+00:00\",\"dateModified\":\"2025-02-07T15:10:28+00:00\",\"breadcrumb\":{\"@id\":\"http:\\\/\\\/lechappeeclose.it\\\/boutique\\\/livres\\\/litterature\\\/romans\\\/plateforme-roman\\\/#breadcrumb\"},\"inLanguage\":\"it-IT\",\"potentialAction\":[{\"@type\":\"ReadAction\",\"target\":[\"http:\\\/\\\/lechappeeclose.it\\\/boutique\\\/livres\\\/litterature\\\/romans\\\/plateforme-roman\\\/\"]}]},{\"@type\":\"ImageObject\",\"inLanguage\":\"it-IT\",\"@id\":\"http:\\\/\\\/lechappeeclose.it\\\/boutique\\\/livres\\\/litterature\\\/romans\\\/plateforme-roman\\\/#primaryimage\",\"url\":\"http:\\\/\\\/lechappeeclose.it\\\/wp-content\\\/uploads\\\/2025\\\/02\\\/61rO3XsunhL._AC_UF10001000_QL80_.jpg\",\"contentUrl\":\"http:\\\/\\\/lechappeeclose.it\\\/wp-content\\\/uploads\\\/2025\\\/02\\\/61rO3XsunhL._AC_UF10001000_QL80_.jpg\",\"width\":618,\"height\":1000},{\"@type\":\"BreadcrumbList\",\"@id\":\"http:\\\/\\\/lechappeeclose.it\\\/boutique\\\/livres\\\/litterature\\\/romans\\\/plateforme-roman\\\/#breadcrumb\",\"itemListElement\":[{\"@type\":\"ListItem\",\"position\":1,\"name\":\"Accueil\",\"item\":\"http:\\\/\\\/lechappeeclose.it\\\/\"},{\"@type\":\"ListItem\",\"position\":2,\"name\":\"Boutique\",\"item\":\"http:\\\/\\\/lechappeeclose.it\\\/it\\\/boutique\\\/\"},{\"@type\":\"ListItem\",\"position\":3,\"name\":\"Plateforme Roman\"}]},{\"@type\":\"WebSite\",\"@id\":\"http:\\\/\\\/lechappeeclose.it\\\/#website\",\"url\":\"http:\\\/\\\/lechappeeclose.it\\\/\",\"name\":\"l&#039;\u00e9chapp\u00e9e close\",\"description\":\"la librairie fran\u00e7aise de Milan\",\"publisher\":{\"@id\":\"http:\\\/\\\/lechappeeclose.it\\\/#organization\"},\"alternateName\":\"La librairie fran\u00e7aise de Milan\",\"potentialAction\":[{\"@type\":\"SearchAction\",\"target\":{\"@type\":\"EntryPoint\",\"urlTemplate\":\"http:\\\/\\\/lechappeeclose.it\\\/?s={search_term_string}\"},\"query-input\":{\"@type\":\"PropertyValueSpecification\",\"valueRequired\":true,\"valueName\":\"search_term_string\"}}],\"inLanguage\":\"it-IT\"},{\"@type\":\"Organization\",\"@id\":\"http:\\\/\\\/lechappeeclose.it\\\/#organization\",\"name\":\"l&#039;\u00e9chapp\u00e9e close\",\"url\":\"http:\\\/\\\/lechappeeclose.it\\\/\",\"logo\":{\"@type\":\"ImageObject\",\"inLanguage\":\"it-IT\",\"@id\":\"http:\\\/\\\/lechappeeclose.it\\\/#\\\/schema\\\/logo\\\/image\\\/\",\"url\":\"http:\\\/\\\/lechappeeclose.it\\\/wp-content\\\/uploads\\\/2025\\\/02\\\/cropped-logo-rond.png\",\"contentUrl\":\"http:\\\/\\\/lechappeeclose.it\\\/wp-content\\\/uploads\\\/2025\\\/02\\\/cropped-logo-rond.png\",\"width\":1080,\"height\":1080,\"caption\":\"l&#039;\u00e9chapp\u00e9e close\"},\"image\":{\"@id\":\"http:\\\/\\\/lechappeeclose.it\\\/#\\\/schema\\\/logo\\\/image\\\/\"},\"sameAs\":[\"https:\\\/\\\/www.instagram.com\\\/lechappeeclose\\\/\"]}]}<\/script>\n<!-- \/ Yoast SEO plugin. -->","yoast_head_json":{"title":"Plateforme Roman - l&#039;\u00e9chapp\u00e9e close","robots":{"index":"index","follow":"follow","max-snippet":"max-snippet:-1","max-image-preview":"max-image-preview:large","max-video-preview":"max-video-preview:-1"},"canonical":"http:\/\/lechappeeclose.it\/it\/boutique\/livres\/litterature\/romans\/plateforme-roman\/","og_locale":"it_IT","og_type":"article","og_title":"Plateforme Roman - l&#039;\u00e9chapp\u00e9e close","og_description":"De l&#8217;exotisme et du pittoresque, du sexe et du fanatisme, tels sont les ingr\u00e9dients (torrides et subversifs) de Plateforme, dernier roman de Michel Houellebecq, probablement l&#8217;\u00e9crivain le plus controvers\u00e9 aujourd&#8217;hui&#8230; Michel est un employ\u00e9 du minist\u00e8re de la Culture. Il vit simplement, au rythme des feuilletons et des jeux t\u00e9l\u00e9, des peep shows au sortir [&hellip;]","og_url":"http:\/\/lechappeeclose.it\/it\/boutique\/livres\/litterature\/romans\/plateforme-roman\/","og_site_name":"l&#039;\u00e9chapp\u00e9e close","article_modified_time":"2025-02-07T15:10:28+00:00","og_image":[{"width":618,"height":1000,"url":"http:\/\/lechappeeclose.it\/wp-content\/uploads\/2025\/02\/61rO3XsunhL._AC_UF10001000_QL80_.jpg","type":"image\/jpeg"}],"twitter_card":"summary_large_image","twitter_misc":{"Tempo di lettura stimato":"2 minuti"},"schema":{"@context":"https:\/\/schema.org","@graph":[{"@type":"WebPage","@id":"http:\/\/lechappeeclose.it\/boutique\/livres\/litterature\/romans\/plateforme-roman\/","url":"http:\/\/lechappeeclose.it\/boutique\/livres\/litterature\/romans\/plateforme-roman\/","name":"Plateforme Roman - l&#039;\u00e9chapp\u00e9e close","isPartOf":{"@id":"http:\/\/lechappeeclose.it\/#website"},"primaryImageOfPage":{"@id":"http:\/\/lechappeeclose.it\/boutique\/livres\/litterature\/romans\/plateforme-roman\/#primaryimage"},"image":{"@id":"http:\/\/lechappeeclose.it\/boutique\/livres\/litterature\/romans\/plateforme-roman\/#primaryimage"},"thumbnailUrl":"http:\/\/lechappeeclose.it\/wp-content\/uploads\/2025\/02\/61rO3XsunhL._AC_UF10001000_QL80_.jpg","datePublished":"2025-02-07T14:44:30+00:00","dateModified":"2025-02-07T15:10:28+00:00","breadcrumb":{"@id":"http:\/\/lechappeeclose.it\/boutique\/livres\/litterature\/romans\/plateforme-roman\/#breadcrumb"},"inLanguage":"it-IT","potentialAction":[{"@type":"ReadAction","target":["http:\/\/lechappeeclose.it\/boutique\/livres\/litterature\/romans\/plateforme-roman\/"]}]},{"@type":"ImageObject","inLanguage":"it-IT","@id":"http:\/\/lechappeeclose.it\/boutique\/livres\/litterature\/romans\/plateforme-roman\/#primaryimage","url":"http:\/\/lechappeeclose.it\/wp-content\/uploads\/2025\/02\/61rO3XsunhL._AC_UF10001000_QL80_.jpg","contentUrl":"http:\/\/lechappeeclose.it\/wp-content\/uploads\/2025\/02\/61rO3XsunhL._AC_UF10001000_QL80_.jpg","width":618,"height":1000},{"@type":"BreadcrumbList","@id":"http:\/\/lechappeeclose.it\/boutique\/livres\/litterature\/romans\/plateforme-roman\/#breadcrumb","itemListElement":[{"@type":"ListItem","position":1,"name":"Accueil","item":"http:\/\/lechappeeclose.it\/"},{"@type":"ListItem","position":2,"name":"Boutique","item":"http:\/\/lechappeeclose.it\/it\/boutique\/"},{"@type":"ListItem","position":3,"name":"Plateforme Roman"}]},{"@type":"WebSite","@id":"http:\/\/lechappeeclose.it\/#website","url":"http:\/\/lechappeeclose.it\/","name":"l&#039;\u00e9chapp\u00e9e close","description":"La libreria francese di Milano","publisher":{"@id":"http:\/\/lechappeeclose.it\/#organization"},"alternateName":"La librairie fran\u00e7aise de Milan","potentialAction":[{"@type":"SearchAction","target":{"@type":"EntryPoint","urlTemplate":"http:\/\/lechappeeclose.it\/?s={search_term_string}"},"query-input":{"@type":"PropertyValueSpecification","valueRequired":true,"valueName":"search_term_string"}}],"inLanguage":"it-IT"},{"@type":"Organization","@id":"http:\/\/lechappeeclose.it\/#organization","name":"l&#039;\u00e9chapp\u00e9e close","url":"http:\/\/lechappeeclose.it\/","logo":{"@type":"ImageObject","inLanguage":"it-IT","@id":"http:\/\/lechappeeclose.it\/#\/schema\/logo\/image\/","url":"http:\/\/lechappeeclose.it\/wp-content\/uploads\/2025\/02\/cropped-logo-rond.png","contentUrl":"http:\/\/lechappeeclose.it\/wp-content\/uploads\/2025\/02\/cropped-logo-rond.png","width":1080,"height":1080,"caption":"l&#039;\u00e9chapp\u00e9e close"},"image":{"@id":"http:\/\/lechappeeclose.it\/#\/schema\/logo\/image\/"},"sameAs":["https:\/\/www.instagram.com\/lechappeeclose\/"]}]}},"_links":{"self":[{"href":"http:\/\/lechappeeclose.it\/it\/wp-json\/wp\/v2\/product\/6581","targetHints":{"allow":["GET"]}}],"collection":[{"href":"http:\/\/lechappeeclose.it\/it\/wp-json\/wp\/v2\/product"}],"about":[{"href":"http:\/\/lechappeeclose.it\/it\/wp-json\/wp\/v2\/types\/product"}],"replies":[{"embeddable":true,"href":"http:\/\/lechappeeclose.it\/it\/wp-json\/wp\/v2\/comments?post=6581"}],"wp:featuredmedia":[{"embeddable":true,"href":"http:\/\/lechappeeclose.it\/it\/wp-json\/wp\/v2\/media\/6655"}],"wp:attachment":[{"href":"http:\/\/lechappeeclose.it\/it\/wp-json\/wp\/v2\/media?parent=6581"}],"wp:term":[{"taxonomy":"product_brand","embeddable":true,"href":"http:\/\/lechappeeclose.it\/it\/wp-json\/wp\/v2\/product_brand?post=6581"},{"taxonomy":"product_cat","embeddable":true,"href":"http:\/\/lechappeeclose.it\/it\/wp-json\/wp\/v2\/product_cat?post=6581"},{"taxonomy":"product_tag","embeddable":true,"href":"http:\/\/lechappeeclose.it\/it\/wp-json\/wp\/v2\/product_tag?post=6581"}],"curies":[{"name":"wp","href":"https:\/\/api.w.org\/{rel}","templated":true}]}}