{"id":6537,"date":"2025-02-07T15:23:25","date_gmt":"2025-02-07T14:23:25","guid":{"rendered":"https:\/\/lechappeeclose.it\/produit\/fou-de-vincent\/"},"modified":"2025-02-07T16:14:21","modified_gmt":"2025-02-07T15:14:21","slug":"fou-de-vincent","status":"publish","type":"product","link":"http:\/\/lechappeeclose.it\/it\/boutique\/livres\/litterature\/romans\/fou-de-vincent\/","title":{"rendered":"Fou de Vincent"},"content":{"rendered":"<p>&#8220;&#8211; Fou de Vincent, \u00e9nonce d&#8217;embl\u00e9e sa r\u00e8gle du jeu : fin 88, un des jeunes amants de Guibert meurt, victime de sa propre folie, entre sexe, alcool et drogue. &#8220;Depuis six ans, il envahissait mon journal. Quelques mois apr\u00e8s sa mort, je d\u00e9cidai de le retrouver dans ces notes, \u00e0 l&#8217;envers&#8221;. Que veut dire &#8220;\u00e0 l&#8217;envers&#8221; ? Le dernier fragment, seul dat\u00e9 (1982), laisse croire que c&#8217;est bien son journal que nous lisons, par chutes \u00e0 peine ordonn\u00e9es (Guibert tient son journal depuis longtemps, avec obstination, \u00e0 la fois projet d&#8217;\u00e9criture et de survie). Mais comment le croire, ou plut\u00f4t que croire, puisque aussit\u00f4t la r\u00e8gle du jeu \u00e9nonc\u00e9e, le fragment suivant nous dit : &#8220;Qu&#8217;est-ce que c&#8217;\u00e9tait ? Une passion ? Un amour ? Une obsession \u00e9rotique. Ou une de mes inventions ?&#8221; Il reste ainsi \u00e0 notre ind\u00e9cision \u00e0 \u00eatre \u00e0 la hauteur de cette folie de Vincent que Guibert nous confie. Il faut croire possibles ces exc\u00e8s de tendresse et d&#8217;\u00e9rotisme (en d&#8217;autres temps, on aurait dit : de perversion), qui ne deviennent tels, \u00e0 vrai dire, et l\u00e0 est la vraie r\u00e9ussite, le plus improbable, qu&#8217;\u00e0 cause de l&#8217;intense et troublante beaut\u00e9 des phrases m\u00eames, dans leur simplicit\u00e9. Mais comment croire qu&#8217;un journal, \u00e9crit au jour le jour, ait cette extraordinaire qualit\u00e9 d&#8217;\u00e9criture ?<\/p>","protected":false},"excerpt":{"rendered":"<p>&#8220;&#8211; Fou de Vincent, \u00e9nonce d&#8217;embl\u00e9e sa r\u00e8gle du jeu : fin 88, un des jeunes amants de Guibert meurt, victime de sa propre folie, entre sexe, alcool et drogue. &#8220;Depuis six ans, il envahissait mon journal. Quelques mois apr\u00e8s sa mort, je d\u00e9cidai de le retrouver dans ces notes, \u00e0 l&#8217;envers&#8221;. Que veut dire [&hellip;]<\/p>","protected":false},"featured_media":6659,"comment_status":"open","ping_status":"closed","template":"","meta":[],"product_brand":[],"product_cat":[46],"product_tag":[],"class_list":{"0":"post-6537","1":"product","2":"type-product","3":"status-publish","4":"has-post-thumbnail","6":"product_cat-romans","8":"first","9":"instock","10":"taxable","11":"shipping-taxable","12":"purchasable","13":"product-type-simple"},"yoast_head":"<!-- This site is optimized with the Yoast SEO plugin v27.4 - https:\/\/yoast.com\/product\/yoast-seo-wordpress\/ -->\n<title>Fou de Vincent - l&#039;\u00e9chapp\u00e9e close<\/title>\n<meta name=\"robots\" content=\"index, follow, max-snippet:-1, max-image-preview:large, max-video-preview:-1\" \/>\n<link rel=\"canonical\" href=\"http:\/\/lechappeeclose.it\/it\/boutique\/livres\/litterature\/romans\/fou-de-vincent\/\" \/>\n<meta property=\"og:locale\" content=\"it_IT\" \/>\n<meta property=\"og:type\" content=\"article\" \/>\n<meta property=\"og:title\" content=\"Fou de Vincent - l&#039;\u00e9chapp\u00e9e close\" \/>\n<meta property=\"og:description\" content=\"&#8220;&#8211; Fou de Vincent, \u00e9nonce d&#8217;embl\u00e9e sa r\u00e8gle du jeu : fin 88, un des jeunes amants de Guibert meurt, victime de sa propre folie, entre sexe, alcool et drogue. &#8220;Depuis six ans, il envahissait mon journal. Quelques mois apr\u00e8s sa mort, je d\u00e9cidai de le retrouver dans ces notes, \u00e0 l&#8217;envers&#8221;. Que veut dire [&hellip;]\" \/>\n<meta property=\"og:url\" content=\"http:\/\/lechappeeclose.it\/it\/boutique\/livres\/litterature\/romans\/fou-de-vincent\/\" \/>\n<meta property=\"og:site_name\" content=\"l&#039;\u00e9chapp\u00e9e close\" \/>\n<meta property=\"article:modified_time\" content=\"2025-02-07T15:14:21+00:00\" \/>\n<meta property=\"og:image\" content=\"http:\/\/lechappeeclose.it\/wp-content\/uploads\/2025\/02\/31wv8rPkdPL._AC_UL600_SR600600_.jpg\" \/>\n\t<meta property=\"og:image:width\" content=\"600\" \/>\n\t<meta property=\"og:image:height\" content=\"600\" \/>\n\t<meta property=\"og:image:type\" content=\"image\/jpeg\" \/>\n<meta name=\"twitter:card\" content=\"summary_large_image\" \/>\n<meta name=\"twitter:label1\" content=\"Tempo di lettura stimato\" \/>\n\t<meta name=\"twitter:data1\" content=\"2 minuti\" \/>\n<script type=\"application\/ld+json\" class=\"yoast-schema-graph\">{\"@context\":\"https:\\\/\\\/schema.org\",\"@graph\":[{\"@type\":\"WebPage\",\"@id\":\"http:\\\/\\\/lechappeeclose.it\\\/boutique\\\/livres\\\/litterature\\\/romans\\\/fou-de-vincent\\\/\",\"url\":\"http:\\\/\\\/lechappeeclose.it\\\/boutique\\\/livres\\\/litterature\\\/romans\\\/fou-de-vincent\\\/\",\"name\":\"Fou de Vincent - l&#039;\u00e9chapp\u00e9e close\",\"isPartOf\":{\"@id\":\"http:\\\/\\\/lechappeeclose.it\\\/#website\"},\"primaryImageOfPage\":{\"@id\":\"http:\\\/\\\/lechappeeclose.it\\\/boutique\\\/livres\\\/litterature\\\/romans\\\/fou-de-vincent\\\/#primaryimage\"},\"image\":{\"@id\":\"http:\\\/\\\/lechappeeclose.it\\\/boutique\\\/livres\\\/litterature\\\/romans\\\/fou-de-vincent\\\/#primaryimage\"},\"thumbnailUrl\":\"http:\\\/\\\/lechappeeclose.it\\\/wp-content\\\/uploads\\\/2025\\\/02\\\/31wv8rPkdPL._AC_UL600_SR600600_.jpg\",\"datePublished\":\"2025-02-07T14:23:25+00:00\",\"dateModified\":\"2025-02-07T15:14:21+00:00\",\"breadcrumb\":{\"@id\":\"http:\\\/\\\/lechappeeclose.it\\\/boutique\\\/livres\\\/litterature\\\/romans\\\/fou-de-vincent\\\/#breadcrumb\"},\"inLanguage\":\"it-IT\",\"potentialAction\":[{\"@type\":\"ReadAction\",\"target\":[\"http:\\\/\\\/lechappeeclose.it\\\/boutique\\\/livres\\\/litterature\\\/romans\\\/fou-de-vincent\\\/\"]}]},{\"@type\":\"ImageObject\",\"inLanguage\":\"it-IT\",\"@id\":\"http:\\\/\\\/lechappeeclose.it\\\/boutique\\\/livres\\\/litterature\\\/romans\\\/fou-de-vincent\\\/#primaryimage\",\"url\":\"http:\\\/\\\/lechappeeclose.it\\\/wp-content\\\/uploads\\\/2025\\\/02\\\/31wv8rPkdPL._AC_UL600_SR600600_.jpg\",\"contentUrl\":\"http:\\\/\\\/lechappeeclose.it\\\/wp-content\\\/uploads\\\/2025\\\/02\\\/31wv8rPkdPL._AC_UL600_SR600600_.jpg\",\"width\":600,\"height\":600},{\"@type\":\"BreadcrumbList\",\"@id\":\"http:\\\/\\\/lechappeeclose.it\\\/boutique\\\/livres\\\/litterature\\\/romans\\\/fou-de-vincent\\\/#breadcrumb\",\"itemListElement\":[{\"@type\":\"ListItem\",\"position\":1,\"name\":\"Accueil\",\"item\":\"http:\\\/\\\/lechappeeclose.it\\\/\"},{\"@type\":\"ListItem\",\"position\":2,\"name\":\"Boutique\",\"item\":\"http:\\\/\\\/lechappeeclose.it\\\/it\\\/boutique\\\/\"},{\"@type\":\"ListItem\",\"position\":3,\"name\":\"Fou de Vincent\"}]},{\"@type\":\"WebSite\",\"@id\":\"http:\\\/\\\/lechappeeclose.it\\\/#website\",\"url\":\"http:\\\/\\\/lechappeeclose.it\\\/\",\"name\":\"l&#039;\u00e9chapp\u00e9e close\",\"description\":\"la librairie fran\u00e7aise de Milan\",\"publisher\":{\"@id\":\"http:\\\/\\\/lechappeeclose.it\\\/#organization\"},\"alternateName\":\"La librairie fran\u00e7aise de Milan\",\"potentialAction\":[{\"@type\":\"SearchAction\",\"target\":{\"@type\":\"EntryPoint\",\"urlTemplate\":\"http:\\\/\\\/lechappeeclose.it\\\/?s={search_term_string}\"},\"query-input\":{\"@type\":\"PropertyValueSpecification\",\"valueRequired\":true,\"valueName\":\"search_term_string\"}}],\"inLanguage\":\"it-IT\"},{\"@type\":\"Organization\",\"@id\":\"http:\\\/\\\/lechappeeclose.it\\\/#organization\",\"name\":\"l&#039;\u00e9chapp\u00e9e close\",\"url\":\"http:\\\/\\\/lechappeeclose.it\\\/\",\"logo\":{\"@type\":\"ImageObject\",\"inLanguage\":\"it-IT\",\"@id\":\"http:\\\/\\\/lechappeeclose.it\\\/#\\\/schema\\\/logo\\\/image\\\/\",\"url\":\"http:\\\/\\\/lechappeeclose.it\\\/wp-content\\\/uploads\\\/2025\\\/02\\\/cropped-logo-rond.png\",\"contentUrl\":\"http:\\\/\\\/lechappeeclose.it\\\/wp-content\\\/uploads\\\/2025\\\/02\\\/cropped-logo-rond.png\",\"width\":1080,\"height\":1080,\"caption\":\"l&#039;\u00e9chapp\u00e9e close\"},\"image\":{\"@id\":\"http:\\\/\\\/lechappeeclose.it\\\/#\\\/schema\\\/logo\\\/image\\\/\"},\"sameAs\":[\"https:\\\/\\\/www.instagram.com\\\/lechappeeclose\\\/\"]}]}<\/script>\n<!-- \/ Yoast SEO plugin. -->","yoast_head_json":{"title":"Fou de Vincent - l&#039;\u00e9chapp\u00e9e close","robots":{"index":"index","follow":"follow","max-snippet":"max-snippet:-1","max-image-preview":"max-image-preview:large","max-video-preview":"max-video-preview:-1"},"canonical":"http:\/\/lechappeeclose.it\/it\/boutique\/livres\/litterature\/romans\/fou-de-vincent\/","og_locale":"it_IT","og_type":"article","og_title":"Fou de Vincent - l&#039;\u00e9chapp\u00e9e close","og_description":"&#8220;&#8211; Fou de Vincent, \u00e9nonce d&#8217;embl\u00e9e sa r\u00e8gle du jeu : fin 88, un des jeunes amants de Guibert meurt, victime de sa propre folie, entre sexe, alcool et drogue. &#8220;Depuis six ans, il envahissait mon journal. Quelques mois apr\u00e8s sa mort, je d\u00e9cidai de le retrouver dans ces notes, \u00e0 l&#8217;envers&#8221;. Que veut dire [&hellip;]","og_url":"http:\/\/lechappeeclose.it\/it\/boutique\/livres\/litterature\/romans\/fou-de-vincent\/","og_site_name":"l&#039;\u00e9chapp\u00e9e close","article_modified_time":"2025-02-07T15:14:21+00:00","og_image":[{"width":600,"height":600,"url":"http:\/\/lechappeeclose.it\/wp-content\/uploads\/2025\/02\/31wv8rPkdPL._AC_UL600_SR600600_.jpg","type":"image\/jpeg"}],"twitter_card":"summary_large_image","twitter_misc":{"Tempo di lettura stimato":"2 minuti"},"schema":{"@context":"https:\/\/schema.org","@graph":[{"@type":"WebPage","@id":"http:\/\/lechappeeclose.it\/boutique\/livres\/litterature\/romans\/fou-de-vincent\/","url":"http:\/\/lechappeeclose.it\/boutique\/livres\/litterature\/romans\/fou-de-vincent\/","name":"Fou de Vincent - l&#039;\u00e9chapp\u00e9e close","isPartOf":{"@id":"http:\/\/lechappeeclose.it\/#website"},"primaryImageOfPage":{"@id":"http:\/\/lechappeeclose.it\/boutique\/livres\/litterature\/romans\/fou-de-vincent\/#primaryimage"},"image":{"@id":"http:\/\/lechappeeclose.it\/boutique\/livres\/litterature\/romans\/fou-de-vincent\/#primaryimage"},"thumbnailUrl":"http:\/\/lechappeeclose.it\/wp-content\/uploads\/2025\/02\/31wv8rPkdPL._AC_UL600_SR600600_.jpg","datePublished":"2025-02-07T14:23:25+00:00","dateModified":"2025-02-07T15:14:21+00:00","breadcrumb":{"@id":"http:\/\/lechappeeclose.it\/boutique\/livres\/litterature\/romans\/fou-de-vincent\/#breadcrumb"},"inLanguage":"it-IT","potentialAction":[{"@type":"ReadAction","target":["http:\/\/lechappeeclose.it\/boutique\/livres\/litterature\/romans\/fou-de-vincent\/"]}]},{"@type":"ImageObject","inLanguage":"it-IT","@id":"http:\/\/lechappeeclose.it\/boutique\/livres\/litterature\/romans\/fou-de-vincent\/#primaryimage","url":"http:\/\/lechappeeclose.it\/wp-content\/uploads\/2025\/02\/31wv8rPkdPL._AC_UL600_SR600600_.jpg","contentUrl":"http:\/\/lechappeeclose.it\/wp-content\/uploads\/2025\/02\/31wv8rPkdPL._AC_UL600_SR600600_.jpg","width":600,"height":600},{"@type":"BreadcrumbList","@id":"http:\/\/lechappeeclose.it\/boutique\/livres\/litterature\/romans\/fou-de-vincent\/#breadcrumb","itemListElement":[{"@type":"ListItem","position":1,"name":"Accueil","item":"http:\/\/lechappeeclose.it\/"},{"@type":"ListItem","position":2,"name":"Boutique","item":"http:\/\/lechappeeclose.it\/it\/boutique\/"},{"@type":"ListItem","position":3,"name":"Fou de Vincent"}]},{"@type":"WebSite","@id":"http:\/\/lechappeeclose.it\/#website","url":"http:\/\/lechappeeclose.it\/","name":"l&#039;\u00e9chapp\u00e9e close","description":"La libreria francese di Milano","publisher":{"@id":"http:\/\/lechappeeclose.it\/#organization"},"alternateName":"La librairie fran\u00e7aise de Milan","potentialAction":[{"@type":"SearchAction","target":{"@type":"EntryPoint","urlTemplate":"http:\/\/lechappeeclose.it\/?s={search_term_string}"},"query-input":{"@type":"PropertyValueSpecification","valueRequired":true,"valueName":"search_term_string"}}],"inLanguage":"it-IT"},{"@type":"Organization","@id":"http:\/\/lechappeeclose.it\/#organization","name":"l&#039;\u00e9chapp\u00e9e close","url":"http:\/\/lechappeeclose.it\/","logo":{"@type":"ImageObject","inLanguage":"it-IT","@id":"http:\/\/lechappeeclose.it\/#\/schema\/logo\/image\/","url":"http:\/\/lechappeeclose.it\/wp-content\/uploads\/2025\/02\/cropped-logo-rond.png","contentUrl":"http:\/\/lechappeeclose.it\/wp-content\/uploads\/2025\/02\/cropped-logo-rond.png","width":1080,"height":1080,"caption":"l&#039;\u00e9chapp\u00e9e close"},"image":{"@id":"http:\/\/lechappeeclose.it\/#\/schema\/logo\/image\/"},"sameAs":["https:\/\/www.instagram.com\/lechappeeclose\/"]}]}},"_links":{"self":[{"href":"http:\/\/lechappeeclose.it\/it\/wp-json\/wp\/v2\/product\/6537","targetHints":{"allow":["GET"]}}],"collection":[{"href":"http:\/\/lechappeeclose.it\/it\/wp-json\/wp\/v2\/product"}],"about":[{"href":"http:\/\/lechappeeclose.it\/it\/wp-json\/wp\/v2\/types\/product"}],"replies":[{"embeddable":true,"href":"http:\/\/lechappeeclose.it\/it\/wp-json\/wp\/v2\/comments?post=6537"}],"wp:featuredmedia":[{"embeddable":true,"href":"http:\/\/lechappeeclose.it\/it\/wp-json\/wp\/v2\/media\/6659"}],"wp:attachment":[{"href":"http:\/\/lechappeeclose.it\/it\/wp-json\/wp\/v2\/media?parent=6537"}],"wp:term":[{"taxonomy":"product_brand","embeddable":true,"href":"http:\/\/lechappeeclose.it\/it\/wp-json\/wp\/v2\/product_brand?post=6537"},{"taxonomy":"product_cat","embeddable":true,"href":"http:\/\/lechappeeclose.it\/it\/wp-json\/wp\/v2\/product_cat?post=6537"},{"taxonomy":"product_tag","embeddable":true,"href":"http:\/\/lechappeeclose.it\/it\/wp-json\/wp\/v2\/product_tag?post=6537"}],"curies":[{"name":"wp","href":"https:\/\/api.w.org\/{rel}","templated":true}]}}