{"id":6083,"date":"2025-02-06T16:30:29","date_gmt":"2025-02-06T15:30:29","guid":{"rendered":"https:\/\/lechappeeclose.it\/produit\/jean-baudrillard-utopie-68-et-la-fonction-utopique\/"},"modified":"2026-02-04T17:10:55","modified_gmt":"2026-02-04T16:10:55","slug":"jean-baudrillard-utopie-68-et-la-fonction-utopique","status":"publish","type":"product","link":"http:\/\/lechappeeclose.it\/it\/boutique\/livres\/arts\/essais\/jean-baudrillard-utopie-68-et-la-fonction-utopique\/","title":{"rendered":"Jean Baudrillard, Utopie, 68 et la fonction utopique"},"content":{"rendered":"<p>Enfants des ann\u00e9es 1980 et nostalgiques des ann\u00e9es 1960, s\u2019il fallait retenir trois \u00e9v\u00e9nements qu\u2019aurait permis Mai-68 et qui auraient r\u00e9ciproquement permis Mai-68, sans h\u00e9siter : la prise de parole, si bien restitu\u00e9e par Michel de Certeau pour tous ceux qui n\u2019auront pas v\u00e9cu Mai : les rencontres hors des temporalit\u00e9s atomis\u00e9es de la vie quotidienne et le retour de l\u2019Utopie. Les humains ont la capacit\u00e9 de faire : ils font l\u2019histoire. &#8220;Du possible, sinon j\u2019\u00e9touffe !&#8221;, \u00e9crivaient Gilles Deleuze et F\u00e9lix Guattari en reprenant Kierkegaard, dans un texte, &#8220;Mai-68 n\u2019a pas eu lieu&#8221;. Mai-68 comme un &#8220;ph\u00e9nom\u00e8ne de voyance&#8221;, voir autant l\u2019intol\u00e9rable que la possibilit\u00e9 de son d\u00e9passement : &#8220;le possible ne pr\u00e9existe pas, il est cr\u00e9\u00e9 par l\u2019\u00e9v\u00e9nement. C\u2019est une question de vie. L\u2019\u00e9v\u00e9nement cr\u00e9e une nouvelle existence. Il produit une nouvelle subjectivit\u00e9&#8221;. Ce qui donne \u00e0 l\u2019Utopie sa force paradoxale, c\u2019est le fait que les hommes s\u2019attachent \u00e0 leurs r\u00eaves et souhaitent en g\u00e9n\u00e9ral leur r\u00e9alisation. En ce sens, l\u2019Utopie est essentiellement politique et le futur demeure traditionnellement l\u2019horizon temporel de la critique. De fait, sans le contrepoint de l\u2019Utopie, au nom de quoi, et pour quoi, critiquerions-nous ?<\/p>","protected":false},"excerpt":{"rendered":"<p>Enfants des ann\u00e9es 1980 et nostalgiques des ann\u00e9es 1960, s\u2019il fallait retenir trois \u00e9v\u00e9nements qu\u2019aurait permis Mai-68 et qui auraient r\u00e9ciproquement permis Mai-68, sans h\u00e9siter : la prise de parole, si bien restitu\u00e9e par Michel de Certeau pour tous ceux qui n\u2019auront pas v\u00e9cu Mai : les rencontres hors des temporalit\u00e9s atomis\u00e9es de la vie [&hellip;]<\/p>","protected":false},"featured_media":6082,"comment_status":"open","ping_status":"closed","template":"","meta":[],"product_brand":[],"product_cat":[208],"product_tag":[],"class_list":{"0":"post-6083","1":"product","2":"type-product","3":"status-publish","4":"has-post-thumbnail","6":"product_cat-essais","8":"first","9":"instock","10":"taxable","11":"shipping-taxable","12":"purchasable","13":"product-type-simple"},"yoast_head":"<!-- This site is optimized with the Yoast SEO plugin v27.3 - https:\/\/yoast.com\/product\/yoast-seo-wordpress\/ -->\n<title>Jean Baudrillard, Utopie, 68 et la fonction utopique - l&#039;\u00e9chapp\u00e9e close<\/title>\n<meta name=\"robots\" content=\"index, follow, max-snippet:-1, max-image-preview:large, max-video-preview:-1\" \/>\n<link rel=\"canonical\" href=\"http:\/\/lechappeeclose.it\/it\/boutique\/livres\/arts\/essais\/jean-baudrillard-utopie-68-et-la-fonction-utopique\/\" \/>\n<meta property=\"og:locale\" content=\"it_IT\" \/>\n<meta property=\"og:type\" content=\"article\" \/>\n<meta property=\"og:title\" content=\"Jean Baudrillard, Utopie, 68 et la fonction utopique - l&#039;\u00e9chapp\u00e9e close\" \/>\n<meta property=\"og:description\" content=\"Enfants des ann\u00e9es 1980 et nostalgiques des ann\u00e9es 1960, s\u2019il fallait retenir trois \u00e9v\u00e9nements qu\u2019aurait permis Mai-68 et qui auraient r\u00e9ciproquement permis Mai-68, sans h\u00e9siter : la prise de parole, si bien restitu\u00e9e par Michel de Certeau pour tous ceux qui n\u2019auront pas v\u00e9cu Mai : les rencontres hors des temporalit\u00e9s atomis\u00e9es de la vie [&hellip;]\" \/>\n<meta property=\"og:url\" content=\"http:\/\/lechappeeclose.it\/it\/boutique\/livres\/arts\/essais\/jean-baudrillard-utopie-68-et-la-fonction-utopique\/\" \/>\n<meta property=\"og:site_name\" content=\"l&#039;\u00e9chapp\u00e9e close\" \/>\n<meta property=\"article:modified_time\" content=\"2026-02-04T16:10:55+00:00\" \/>\n<meta property=\"og:image\" content=\"http:\/\/lechappeeclose.it\/wp-content\/uploads\/2025\/02\/Jean-Baudrillard-Utopie-68-et-la-fonction-utopique.jpg\" \/>\n\t<meta property=\"og:image:width\" content=\"270\" \/>\n\t<meta property=\"og:image:height\" content=\"500\" \/>\n\t<meta property=\"og:image:type\" content=\"image\/jpeg\" \/>\n<meta name=\"twitter:card\" content=\"summary_large_image\" \/>\n<meta name=\"twitter:label1\" content=\"Tempo di lettura stimato\" \/>\n\t<meta name=\"twitter:data1\" content=\"1 minuto\" \/>\n<script type=\"application\/ld+json\" class=\"yoast-schema-graph\">{\"@context\":\"https:\\\/\\\/schema.org\",\"@graph\":[{\"@type\":\"WebPage\",\"@id\":\"http:\\\/\\\/lechappeeclose.it\\\/boutique\\\/livres\\\/arts\\\/essais\\\/jean-baudrillard-utopie-68-et-la-fonction-utopique\\\/\",\"url\":\"http:\\\/\\\/lechappeeclose.it\\\/boutique\\\/livres\\\/arts\\\/essais\\\/jean-baudrillard-utopie-68-et-la-fonction-utopique\\\/\",\"name\":\"Jean Baudrillard, Utopie, 68 et la fonction utopique - l&#039;\u00e9chapp\u00e9e close\",\"isPartOf\":{\"@id\":\"http:\\\/\\\/lechappeeclose.it\\\/#website\"},\"primaryImageOfPage\":{\"@id\":\"http:\\\/\\\/lechappeeclose.it\\\/boutique\\\/livres\\\/arts\\\/essais\\\/jean-baudrillard-utopie-68-et-la-fonction-utopique\\\/#primaryimage\"},\"image\":{\"@id\":\"http:\\\/\\\/lechappeeclose.it\\\/boutique\\\/livres\\\/arts\\\/essais\\\/jean-baudrillard-utopie-68-et-la-fonction-utopique\\\/#primaryimage\"},\"thumbnailUrl\":\"http:\\\/\\\/lechappeeclose.it\\\/wp-content\\\/uploads\\\/2025\\\/02\\\/Jean-Baudrillard-Utopie-68-et-la-fonction-utopique.jpg\",\"datePublished\":\"2025-02-06T15:30:29+00:00\",\"dateModified\":\"2026-02-04T16:10:55+00:00\",\"breadcrumb\":{\"@id\":\"http:\\\/\\\/lechappeeclose.it\\\/boutique\\\/livres\\\/arts\\\/essais\\\/jean-baudrillard-utopie-68-et-la-fonction-utopique\\\/#breadcrumb\"},\"inLanguage\":\"it-IT\",\"potentialAction\":[{\"@type\":\"ReadAction\",\"target\":[\"http:\\\/\\\/lechappeeclose.it\\\/boutique\\\/livres\\\/arts\\\/essais\\\/jean-baudrillard-utopie-68-et-la-fonction-utopique\\\/\"]}]},{\"@type\":\"ImageObject\",\"inLanguage\":\"it-IT\",\"@id\":\"http:\\\/\\\/lechappeeclose.it\\\/boutique\\\/livres\\\/arts\\\/essais\\\/jean-baudrillard-utopie-68-et-la-fonction-utopique\\\/#primaryimage\",\"url\":\"http:\\\/\\\/lechappeeclose.it\\\/wp-content\\\/uploads\\\/2025\\\/02\\\/Jean-Baudrillard-Utopie-68-et-la-fonction-utopique.jpg\",\"contentUrl\":\"http:\\\/\\\/lechappeeclose.it\\\/wp-content\\\/uploads\\\/2025\\\/02\\\/Jean-Baudrillard-Utopie-68-et-la-fonction-utopique.jpg\",\"width\":270,\"height\":500},{\"@type\":\"BreadcrumbList\",\"@id\":\"http:\\\/\\\/lechappeeclose.it\\\/boutique\\\/livres\\\/arts\\\/essais\\\/jean-baudrillard-utopie-68-et-la-fonction-utopique\\\/#breadcrumb\",\"itemListElement\":[{\"@type\":\"ListItem\",\"position\":1,\"name\":\"Accueil\",\"item\":\"http:\\\/\\\/lechappeeclose.it\\\/\"},{\"@type\":\"ListItem\",\"position\":2,\"name\":\"Boutique\",\"item\":\"https:\\\/\\\/lechappeeclose.it\\\/boutique\\\/\"},{\"@type\":\"ListItem\",\"position\":3,\"name\":\"Jean Baudrillard, Utopie, 68 et la fonction utopique\"}]},{\"@type\":\"WebSite\",\"@id\":\"http:\\\/\\\/lechappeeclose.it\\\/#website\",\"url\":\"http:\\\/\\\/lechappeeclose.it\\\/\",\"name\":\"l&#039;\u00e9chapp\u00e9e close\",\"description\":\"la librairie fran\u00e7aise de Milan\",\"publisher\":{\"@id\":\"http:\\\/\\\/lechappeeclose.it\\\/#organization\"},\"alternateName\":\"La librairie fran\u00e7aise de Milan\",\"potentialAction\":[{\"@type\":\"SearchAction\",\"target\":{\"@type\":\"EntryPoint\",\"urlTemplate\":\"http:\\\/\\\/lechappeeclose.it\\\/?s={search_term_string}\"},\"query-input\":{\"@type\":\"PropertyValueSpecification\",\"valueRequired\":true,\"valueName\":\"search_term_string\"}}],\"inLanguage\":\"it-IT\"},{\"@type\":\"Organization\",\"@id\":\"http:\\\/\\\/lechappeeclose.it\\\/#organization\",\"name\":\"l&#039;\u00e9chapp\u00e9e close\",\"url\":\"http:\\\/\\\/lechappeeclose.it\\\/\",\"logo\":{\"@type\":\"ImageObject\",\"inLanguage\":\"it-IT\",\"@id\":\"http:\\\/\\\/lechappeeclose.it\\\/#\\\/schema\\\/logo\\\/image\\\/\",\"url\":\"http:\\\/\\\/lechappeeclose.it\\\/wp-content\\\/uploads\\\/2025\\\/02\\\/cropped-logo-rond.png\",\"contentUrl\":\"http:\\\/\\\/lechappeeclose.it\\\/wp-content\\\/uploads\\\/2025\\\/02\\\/cropped-logo-rond.png\",\"width\":1080,\"height\":1080,\"caption\":\"l&#039;\u00e9chapp\u00e9e close\"},\"image\":{\"@id\":\"http:\\\/\\\/lechappeeclose.it\\\/#\\\/schema\\\/logo\\\/image\\\/\"},\"sameAs\":[\"https:\\\/\\\/www.instagram.com\\\/lechappeeclose\\\/\"]}]}<\/script>\n<!-- \/ Yoast SEO plugin. -->","yoast_head_json":{"title":"Jean Baudrillard, Utopie, 68 et la fonction utopique - l&#039;\u00e9chapp\u00e9e close","robots":{"index":"index","follow":"follow","max-snippet":"max-snippet:-1","max-image-preview":"max-image-preview:large","max-video-preview":"max-video-preview:-1"},"canonical":"http:\/\/lechappeeclose.it\/it\/boutique\/livres\/arts\/essais\/jean-baudrillard-utopie-68-et-la-fonction-utopique\/","og_locale":"it_IT","og_type":"article","og_title":"Jean Baudrillard, Utopie, 68 et la fonction utopique - l&#039;\u00e9chapp\u00e9e close","og_description":"Enfants des ann\u00e9es 1980 et nostalgiques des ann\u00e9es 1960, s\u2019il fallait retenir trois \u00e9v\u00e9nements qu\u2019aurait permis Mai-68 et qui auraient r\u00e9ciproquement permis Mai-68, sans h\u00e9siter : la prise de parole, si bien restitu\u00e9e par Michel de Certeau pour tous ceux qui n\u2019auront pas v\u00e9cu Mai : les rencontres hors des temporalit\u00e9s atomis\u00e9es de la vie [&hellip;]","og_url":"http:\/\/lechappeeclose.it\/it\/boutique\/livres\/arts\/essais\/jean-baudrillard-utopie-68-et-la-fonction-utopique\/","og_site_name":"l&#039;\u00e9chapp\u00e9e close","article_modified_time":"2026-02-04T16:10:55+00:00","og_image":[{"width":270,"height":500,"url":"http:\/\/lechappeeclose.it\/wp-content\/uploads\/2025\/02\/Jean-Baudrillard-Utopie-68-et-la-fonction-utopique.jpg","type":"image\/jpeg"}],"twitter_card":"summary_large_image","twitter_misc":{"Tempo di lettura stimato":"1 minuto"},"schema":{"@context":"https:\/\/schema.org","@graph":[{"@type":"WebPage","@id":"http:\/\/lechappeeclose.it\/boutique\/livres\/arts\/essais\/jean-baudrillard-utopie-68-et-la-fonction-utopique\/","url":"http:\/\/lechappeeclose.it\/boutique\/livres\/arts\/essais\/jean-baudrillard-utopie-68-et-la-fonction-utopique\/","name":"Jean Baudrillard, Utopie, 68 et la fonction utopique - l&#039;\u00e9chapp\u00e9e close","isPartOf":{"@id":"http:\/\/lechappeeclose.it\/#website"},"primaryImageOfPage":{"@id":"http:\/\/lechappeeclose.it\/boutique\/livres\/arts\/essais\/jean-baudrillard-utopie-68-et-la-fonction-utopique\/#primaryimage"},"image":{"@id":"http:\/\/lechappeeclose.it\/boutique\/livres\/arts\/essais\/jean-baudrillard-utopie-68-et-la-fonction-utopique\/#primaryimage"},"thumbnailUrl":"http:\/\/lechappeeclose.it\/wp-content\/uploads\/2025\/02\/Jean-Baudrillard-Utopie-68-et-la-fonction-utopique.jpg","datePublished":"2025-02-06T15:30:29+00:00","dateModified":"2026-02-04T16:10:55+00:00","breadcrumb":{"@id":"http:\/\/lechappeeclose.it\/boutique\/livres\/arts\/essais\/jean-baudrillard-utopie-68-et-la-fonction-utopique\/#breadcrumb"},"inLanguage":"it-IT","potentialAction":[{"@type":"ReadAction","target":["http:\/\/lechappeeclose.it\/boutique\/livres\/arts\/essais\/jean-baudrillard-utopie-68-et-la-fonction-utopique\/"]}]},{"@type":"ImageObject","inLanguage":"it-IT","@id":"http:\/\/lechappeeclose.it\/boutique\/livres\/arts\/essais\/jean-baudrillard-utopie-68-et-la-fonction-utopique\/#primaryimage","url":"http:\/\/lechappeeclose.it\/wp-content\/uploads\/2025\/02\/Jean-Baudrillard-Utopie-68-et-la-fonction-utopique.jpg","contentUrl":"http:\/\/lechappeeclose.it\/wp-content\/uploads\/2025\/02\/Jean-Baudrillard-Utopie-68-et-la-fonction-utopique.jpg","width":270,"height":500},{"@type":"BreadcrumbList","@id":"http:\/\/lechappeeclose.it\/boutique\/livres\/arts\/essais\/jean-baudrillard-utopie-68-et-la-fonction-utopique\/#breadcrumb","itemListElement":[{"@type":"ListItem","position":1,"name":"Accueil","item":"http:\/\/lechappeeclose.it\/"},{"@type":"ListItem","position":2,"name":"Boutique","item":"https:\/\/lechappeeclose.it\/boutique\/"},{"@type":"ListItem","position":3,"name":"Jean Baudrillard, Utopie, 68 et la fonction utopique"}]},{"@type":"WebSite","@id":"http:\/\/lechappeeclose.it\/#website","url":"http:\/\/lechappeeclose.it\/","name":"l&#039;\u00e9chapp\u00e9e close","description":"La libreria francese di Milano","publisher":{"@id":"http:\/\/lechappeeclose.it\/#organization"},"alternateName":"La librairie fran\u00e7aise de Milan","potentialAction":[{"@type":"SearchAction","target":{"@type":"EntryPoint","urlTemplate":"http:\/\/lechappeeclose.it\/?s={search_term_string}"},"query-input":{"@type":"PropertyValueSpecification","valueRequired":true,"valueName":"search_term_string"}}],"inLanguage":"it-IT"},{"@type":"Organization","@id":"http:\/\/lechappeeclose.it\/#organization","name":"l&#039;\u00e9chapp\u00e9e close","url":"http:\/\/lechappeeclose.it\/","logo":{"@type":"ImageObject","inLanguage":"it-IT","@id":"http:\/\/lechappeeclose.it\/#\/schema\/logo\/image\/","url":"http:\/\/lechappeeclose.it\/wp-content\/uploads\/2025\/02\/cropped-logo-rond.png","contentUrl":"http:\/\/lechappeeclose.it\/wp-content\/uploads\/2025\/02\/cropped-logo-rond.png","width":1080,"height":1080,"caption":"l&#039;\u00e9chapp\u00e9e close"},"image":{"@id":"http:\/\/lechappeeclose.it\/#\/schema\/logo\/image\/"},"sameAs":["https:\/\/www.instagram.com\/lechappeeclose\/"]}]}},"_links":{"self":[{"href":"http:\/\/lechappeeclose.it\/it\/wp-json\/wp\/v2\/product\/6083","targetHints":{"allow":["GET"]}}],"collection":[{"href":"http:\/\/lechappeeclose.it\/it\/wp-json\/wp\/v2\/product"}],"about":[{"href":"http:\/\/lechappeeclose.it\/it\/wp-json\/wp\/v2\/types\/product"}],"replies":[{"embeddable":true,"href":"http:\/\/lechappeeclose.it\/it\/wp-json\/wp\/v2\/comments?post=6083"}],"wp:featuredmedia":[{"embeddable":true,"href":"http:\/\/lechappeeclose.it\/it\/wp-json\/wp\/v2\/media\/6082"}],"wp:attachment":[{"href":"http:\/\/lechappeeclose.it\/it\/wp-json\/wp\/v2\/media?parent=6083"}],"wp:term":[{"taxonomy":"product_brand","embeddable":true,"href":"http:\/\/lechappeeclose.it\/it\/wp-json\/wp\/v2\/product_brand?post=6083"},{"taxonomy":"product_cat","embeddable":true,"href":"http:\/\/lechappeeclose.it\/it\/wp-json\/wp\/v2\/product_cat?post=6083"},{"taxonomy":"product_tag","embeddable":true,"href":"http:\/\/lechappeeclose.it\/it\/wp-json\/wp\/v2\/product_tag?post=6083"}],"curies":[{"name":"wp","href":"https:\/\/api.w.org\/{rel}","templated":true}]}}