{"id":6081,"date":"2025-02-06T16:29:53","date_gmt":"2025-02-06T15:29:53","guid":{"rendered":"https:\/\/lechappeeclose.it\/produit\/histoire-de-ma-fuite-des-prisons-de-la-republique-de-venise-quon-appelle-les-plombs\/"},"modified":"2025-09-05T15:12:08","modified_gmt":"2025-09-05T13:12:08","slug":"histoire-de-ma-fuite-des-prisons-de-la-republique-de-venise-quon-appelle-les-plombs","status":"publish","type":"product","link":"http:\/\/lechappeeclose.it\/it\/boutique\/livres\/litterature\/romans\/histoire-de-ma-fuite-des-prisons-de-la-republique-de-venise-quon-appelle-les-plombs\/","title":{"rendered":"Histoire de ma fuite des prisons de la R\u00e9publique de Venise qu&#8217;on appelle les Plombs"},"content":{"rendered":"<p>\u00ab\u00a0Dans ces deux heures d\u2019attente je n\u2019ai pas manqu\u00e9 de me figurer qu\u2019on allait peut-\u00eatre me transporter dans les Puits. Dans un endroit o\u00f9 on se nourrit d\u2019esp\u00e9rances chim\u00e9riques on doit aussi avoir des craintes extr\u00eames. Le tribunal, qui pouvait disposer de moi, ma\u00eetre de l\u2019\u00e9minence et de la profondeur du palais, aurait fort bien pu envoyer \u00e0 l\u2019enfer quelqu\u2019un qui aurait tent\u00e9 de d\u00e9serter du purgatoire.\u00a0\u00bb\u00a0Voici ce qui reste sans conteste, des milliers de pages que Casanova nous l\u00e8gue, comme son aventure la plus extraordinaire, celle qui le redit c\u00e9l\u00e8bre dans toute l\u2019Europe\u00a0: le r\u00e9cit de ses quatorze mois de d\u00e9tention et de son \u00e9vasion spectaculaire de la prison v\u00e9nitienne des Plombs, d\u2019o\u00f9 jamais personne ne s\u2019\u00e9tait \u00e9chapp\u00e9. Arr\u00eat\u00e9 pour conduite amorale et possession de livres occultes, Casanova ne sait pas quelle sera la dur\u00e9e de sa peine. Cette incertitude le conduit \u00e0 une certitude\u00a0: pour sortir de cette prison, il faudra s&#8217;enfuir.<br \/>\nAth\u00e9isme, libert\u00e9 morale, aventure\u00a0: plus qu\u2019\u00e0 aucun autre texte, le libertin doit \u00e0\u00a0Histoire de ma fuite des prisons de la R\u00e9publique de Venise\u00a0son \u00e9ternel panache romanesque.<\/p>","protected":false},"excerpt":{"rendered":"<p>\u00ab\u00a0Dans ces deux heures d\u2019attente je n\u2019ai pas manqu\u00e9 de me figurer qu\u2019on allait peut-\u00eatre me transporter dans les Puits. Dans un endroit o\u00f9 on se nourrit d\u2019esp\u00e9rances chim\u00e9riques on doit aussi avoir des craintes extr\u00eames. Le tribunal, qui pouvait disposer de moi, ma\u00eetre de l\u2019\u00e9minence et de la profondeur du palais, aurait fort bien [&hellip;]<\/p>","protected":false},"featured_media":6080,"comment_status":"open","ping_status":"closed","template":"","meta":[],"product_brand":[],"product_cat":[46],"product_tag":[],"class_list":{"0":"post-6081","1":"product","2":"type-product","3":"status-publish","4":"has-post-thumbnail","6":"product_cat-romans","8":"first","9":"onbackorder","10":"taxable","11":"shipping-taxable","12":"purchasable","13":"product-type-simple"},"yoast_head":"<!-- This site is optimized with the Yoast SEO plugin v27.3 - https:\/\/yoast.com\/product\/yoast-seo-wordpress\/ -->\n<title>Histoire de ma fuite des prisons de la R\u00e9publique de Venise qu&#039;on appelle les Plombs - l&#039;\u00e9chapp\u00e9e close<\/title>\n<meta name=\"robots\" content=\"index, follow, max-snippet:-1, max-image-preview:large, max-video-preview:-1\" \/>\n<link rel=\"canonical\" href=\"http:\/\/lechappeeclose.it\/it\/boutique\/livres\/litterature\/romans\/histoire-de-ma-fuite-des-prisons-de-la-republique-de-venise-quon-appelle-les-plombs\/\" \/>\n<meta property=\"og:locale\" content=\"it_IT\" \/>\n<meta property=\"og:type\" content=\"article\" \/>\n<meta property=\"og:title\" content=\"Histoire de ma fuite des prisons de la R\u00e9publique de Venise qu&#039;on appelle les Plombs - l&#039;\u00e9chapp\u00e9e close\" \/>\n<meta property=\"og:description\" content=\"\u00ab\u00a0Dans ces deux heures d\u2019attente je n\u2019ai pas manqu\u00e9 de me figurer qu\u2019on allait peut-\u00eatre me transporter dans les Puits. Dans un endroit o\u00f9 on se nourrit d\u2019esp\u00e9rances chim\u00e9riques on doit aussi avoir des craintes extr\u00eames. Le tribunal, qui pouvait disposer de moi, ma\u00eetre de l\u2019\u00e9minence et de la profondeur du palais, aurait fort bien [&hellip;]\" \/>\n<meta property=\"og:url\" content=\"http:\/\/lechappeeclose.it\/it\/boutique\/livres\/litterature\/romans\/histoire-de-ma-fuite-des-prisons-de-la-republique-de-venise-quon-appelle-les-plombs\/\" \/>\n<meta property=\"og:site_name\" content=\"l&#039;\u00e9chapp\u00e9e close\" \/>\n<meta property=\"article:modified_time\" content=\"2025-09-05T13:12:08+00:00\" \/>\n<meta property=\"og:image\" content=\"http:\/\/lechappeeclose.it\/wp-content\/uploads\/2025\/02\/Histoire-de-ma-fuite-des-prisons-de-la-Republique-de-Venise-quon-appelle-les-Plombs.jpg\" \/>\n\t<meta property=\"og:image:width\" content=\"317\" \/>\n\t<meta property=\"og:image:height\" content=\"500\" \/>\n\t<meta property=\"og:image:type\" content=\"image\/jpeg\" \/>\n<meta name=\"twitter:card\" content=\"summary_large_image\" \/>\n<meta name=\"twitter:label1\" content=\"Tempo di lettura stimato\" \/>\n\t<meta name=\"twitter:data1\" content=\"1 minuto\" \/>\n<script type=\"application\/ld+json\" class=\"yoast-schema-graph\">{\"@context\":\"https:\\\/\\\/schema.org\",\"@graph\":[{\"@type\":\"WebPage\",\"@id\":\"http:\\\/\\\/lechappeeclose.it\\\/it\\\/boutique\\\/livres\\\/litterature\\\/romans\\\/histoire-de-ma-fuite-des-prisons-de-la-republique-de-venise-quon-appelle-les-plombs\\\/\",\"url\":\"http:\\\/\\\/lechappeeclose.it\\\/it\\\/boutique\\\/livres\\\/litterature\\\/romans\\\/histoire-de-ma-fuite-des-prisons-de-la-republique-de-venise-quon-appelle-les-plombs\\\/\",\"name\":\"Histoire de ma fuite des prisons de la R\u00e9publique de Venise qu'on appelle les Plombs - l&#039;\u00e9chapp\u00e9e close\",\"isPartOf\":{\"@id\":\"https:\\\/\\\/lechappeeclose.it\\\/#website\"},\"primaryImageOfPage\":{\"@id\":\"http:\\\/\\\/lechappeeclose.it\\\/it\\\/boutique\\\/livres\\\/litterature\\\/romans\\\/histoire-de-ma-fuite-des-prisons-de-la-republique-de-venise-quon-appelle-les-plombs\\\/#primaryimage\"},\"image\":{\"@id\":\"http:\\\/\\\/lechappeeclose.it\\\/it\\\/boutique\\\/livres\\\/litterature\\\/romans\\\/histoire-de-ma-fuite-des-prisons-de-la-republique-de-venise-quon-appelle-les-plombs\\\/#primaryimage\"},\"thumbnailUrl\":\"http:\\\/\\\/lechappeeclose.it\\\/wp-content\\\/uploads\\\/2025\\\/02\\\/Histoire-de-ma-fuite-des-prisons-de-la-Republique-de-Venise-quon-appelle-les-Plombs.jpg\",\"datePublished\":\"2025-02-06T15:29:53+00:00\",\"dateModified\":\"2025-09-05T13:12:08+00:00\",\"breadcrumb\":{\"@id\":\"http:\\\/\\\/lechappeeclose.it\\\/it\\\/boutique\\\/livres\\\/litterature\\\/romans\\\/histoire-de-ma-fuite-des-prisons-de-la-republique-de-venise-quon-appelle-les-plombs\\\/#breadcrumb\"},\"inLanguage\":\"it-IT\",\"potentialAction\":[{\"@type\":\"ReadAction\",\"target\":[\"http:\\\/\\\/lechappeeclose.it\\\/it\\\/boutique\\\/livres\\\/litterature\\\/romans\\\/histoire-de-ma-fuite-des-prisons-de-la-republique-de-venise-quon-appelle-les-plombs\\\/\"]}]},{\"@type\":\"ImageObject\",\"inLanguage\":\"it-IT\",\"@id\":\"http:\\\/\\\/lechappeeclose.it\\\/it\\\/boutique\\\/livres\\\/litterature\\\/romans\\\/histoire-de-ma-fuite-des-prisons-de-la-republique-de-venise-quon-appelle-les-plombs\\\/#primaryimage\",\"url\":\"http:\\\/\\\/lechappeeclose.it\\\/wp-content\\\/uploads\\\/2025\\\/02\\\/Histoire-de-ma-fuite-des-prisons-de-la-Republique-de-Venise-quon-appelle-les-Plombs.jpg\",\"contentUrl\":\"http:\\\/\\\/lechappeeclose.it\\\/wp-content\\\/uploads\\\/2025\\\/02\\\/Histoire-de-ma-fuite-des-prisons-de-la-Republique-de-Venise-quon-appelle-les-Plombs.jpg\",\"width\":317,\"height\":500},{\"@type\":\"BreadcrumbList\",\"@id\":\"http:\\\/\\\/lechappeeclose.it\\\/it\\\/boutique\\\/livres\\\/litterature\\\/romans\\\/histoire-de-ma-fuite-des-prisons-de-la-republique-de-venise-quon-appelle-les-plombs\\\/#breadcrumb\",\"itemListElement\":[{\"@type\":\"ListItem\",\"position\":1,\"name\":\"Accueil\",\"item\":\"https:\\\/\\\/lechappeeclose.it\\\/\"},{\"@type\":\"ListItem\",\"position\":2,\"name\":\"Boutique\",\"item\":\"https:\\\/\\\/lechappeeclose.it\\\/boutique\\\/\"},{\"@type\":\"ListItem\",\"position\":3,\"name\":\"Histoire de ma fuite des prisons de la R\u00e9publique de Venise qu&#8217;on appelle les Plombs\"}]},{\"@type\":\"WebSite\",\"@id\":\"https:\\\/\\\/lechappeeclose.it\\\/#website\",\"url\":\"https:\\\/\\\/lechappeeclose.it\\\/\",\"name\":\"l&#039;\u00e9chapp\u00e9e close\",\"description\":\"la librairie fran\u00e7aise de Milan\",\"publisher\":{\"@id\":\"https:\\\/\\\/lechappeeclose.it\\\/#organization\"},\"alternateName\":\"La librairie fran\u00e7aise de Milan\",\"potentialAction\":[{\"@type\":\"SearchAction\",\"target\":{\"@type\":\"EntryPoint\",\"urlTemplate\":\"https:\\\/\\\/lechappeeclose.it\\\/?s={search_term_string}\"},\"query-input\":{\"@type\":\"PropertyValueSpecification\",\"valueRequired\":true,\"valueName\":\"search_term_string\"}}],\"inLanguage\":\"it-IT\"},{\"@type\":\"Organization\",\"@id\":\"https:\\\/\\\/lechappeeclose.it\\\/#organization\",\"name\":\"l&#039;\u00e9chapp\u00e9e close\",\"url\":\"https:\\\/\\\/lechappeeclose.it\\\/\",\"logo\":{\"@type\":\"ImageObject\",\"inLanguage\":\"it-IT\",\"@id\":\"https:\\\/\\\/lechappeeclose.it\\\/#\\\/schema\\\/logo\\\/image\\\/\",\"url\":\"http:\\\/\\\/lechappeeclose.it\\\/wp-content\\\/uploads\\\/2025\\\/02\\\/cropped-logo-rond.png\",\"contentUrl\":\"http:\\\/\\\/lechappeeclose.it\\\/wp-content\\\/uploads\\\/2025\\\/02\\\/cropped-logo-rond.png\",\"width\":1080,\"height\":1080,\"caption\":\"l&#039;\u00e9chapp\u00e9e close\"},\"image\":{\"@id\":\"https:\\\/\\\/lechappeeclose.it\\\/#\\\/schema\\\/logo\\\/image\\\/\"},\"sameAs\":[\"https:\\\/\\\/www.instagram.com\\\/lechappeeclose\\\/\"]}]}<\/script>\n<!-- \/ Yoast SEO plugin. -->","yoast_head_json":{"title":"Histoire de ma fuite des prisons de la R\u00e9publique de Venise qu'on appelle les Plombs - l&#039;\u00e9chapp\u00e9e close","robots":{"index":"index","follow":"follow","max-snippet":"max-snippet:-1","max-image-preview":"max-image-preview:large","max-video-preview":"max-video-preview:-1"},"canonical":"http:\/\/lechappeeclose.it\/it\/boutique\/livres\/litterature\/romans\/histoire-de-ma-fuite-des-prisons-de-la-republique-de-venise-quon-appelle-les-plombs\/","og_locale":"it_IT","og_type":"article","og_title":"Histoire de ma fuite des prisons de la R\u00e9publique de Venise qu'on appelle les Plombs - l&#039;\u00e9chapp\u00e9e close","og_description":"\u00ab\u00a0Dans ces deux heures d\u2019attente je n\u2019ai pas manqu\u00e9 de me figurer qu\u2019on allait peut-\u00eatre me transporter dans les Puits. Dans un endroit o\u00f9 on se nourrit d\u2019esp\u00e9rances chim\u00e9riques on doit aussi avoir des craintes extr\u00eames. Le tribunal, qui pouvait disposer de moi, ma\u00eetre de l\u2019\u00e9minence et de la profondeur du palais, aurait fort bien [&hellip;]","og_url":"http:\/\/lechappeeclose.it\/it\/boutique\/livres\/litterature\/romans\/histoire-de-ma-fuite-des-prisons-de-la-republique-de-venise-quon-appelle-les-plombs\/","og_site_name":"l&#039;\u00e9chapp\u00e9e close","article_modified_time":"2025-09-05T13:12:08+00:00","og_image":[{"width":317,"height":500,"url":"http:\/\/lechappeeclose.it\/wp-content\/uploads\/2025\/02\/Histoire-de-ma-fuite-des-prisons-de-la-Republique-de-Venise-quon-appelle-les-Plombs.jpg","type":"image\/jpeg"}],"twitter_card":"summary_large_image","twitter_misc":{"Tempo di lettura stimato":"1 minuto"},"schema":{"@context":"https:\/\/schema.org","@graph":[{"@type":"WebPage","@id":"http:\/\/lechappeeclose.it\/it\/boutique\/livres\/litterature\/romans\/histoire-de-ma-fuite-des-prisons-de-la-republique-de-venise-quon-appelle-les-plombs\/","url":"http:\/\/lechappeeclose.it\/it\/boutique\/livres\/litterature\/romans\/histoire-de-ma-fuite-des-prisons-de-la-republique-de-venise-quon-appelle-les-plombs\/","name":"Histoire de ma fuite des prisons de la R\u00e9publique de Venise qu'on appelle les Plombs - l&#039;\u00e9chapp\u00e9e close","isPartOf":{"@id":"https:\/\/lechappeeclose.it\/#website"},"primaryImageOfPage":{"@id":"http:\/\/lechappeeclose.it\/it\/boutique\/livres\/litterature\/romans\/histoire-de-ma-fuite-des-prisons-de-la-republique-de-venise-quon-appelle-les-plombs\/#primaryimage"},"image":{"@id":"http:\/\/lechappeeclose.it\/it\/boutique\/livres\/litterature\/romans\/histoire-de-ma-fuite-des-prisons-de-la-republique-de-venise-quon-appelle-les-plombs\/#primaryimage"},"thumbnailUrl":"http:\/\/lechappeeclose.it\/wp-content\/uploads\/2025\/02\/Histoire-de-ma-fuite-des-prisons-de-la-Republique-de-Venise-quon-appelle-les-Plombs.jpg","datePublished":"2025-02-06T15:29:53+00:00","dateModified":"2025-09-05T13:12:08+00:00","breadcrumb":{"@id":"http:\/\/lechappeeclose.it\/it\/boutique\/livres\/litterature\/romans\/histoire-de-ma-fuite-des-prisons-de-la-republique-de-venise-quon-appelle-les-plombs\/#breadcrumb"},"inLanguage":"it-IT","potentialAction":[{"@type":"ReadAction","target":["http:\/\/lechappeeclose.it\/it\/boutique\/livres\/litterature\/romans\/histoire-de-ma-fuite-des-prisons-de-la-republique-de-venise-quon-appelle-les-plombs\/"]}]},{"@type":"ImageObject","inLanguage":"it-IT","@id":"http:\/\/lechappeeclose.it\/it\/boutique\/livres\/litterature\/romans\/histoire-de-ma-fuite-des-prisons-de-la-republique-de-venise-quon-appelle-les-plombs\/#primaryimage","url":"http:\/\/lechappeeclose.it\/wp-content\/uploads\/2025\/02\/Histoire-de-ma-fuite-des-prisons-de-la-Republique-de-Venise-quon-appelle-les-Plombs.jpg","contentUrl":"http:\/\/lechappeeclose.it\/wp-content\/uploads\/2025\/02\/Histoire-de-ma-fuite-des-prisons-de-la-Republique-de-Venise-quon-appelle-les-Plombs.jpg","width":317,"height":500},{"@type":"BreadcrumbList","@id":"http:\/\/lechappeeclose.it\/it\/boutique\/livres\/litterature\/romans\/histoire-de-ma-fuite-des-prisons-de-la-republique-de-venise-quon-appelle-les-plombs\/#breadcrumb","itemListElement":[{"@type":"ListItem","position":1,"name":"Accueil","item":"https:\/\/lechappeeclose.it\/"},{"@type":"ListItem","position":2,"name":"Boutique","item":"https:\/\/lechappeeclose.it\/boutique\/"},{"@type":"ListItem","position":3,"name":"Histoire de ma fuite des prisons de la R\u00e9publique de Venise qu&#8217;on appelle les Plombs"}]},{"@type":"WebSite","@id":"https:\/\/lechappeeclose.it\/#website","url":"https:\/\/lechappeeclose.it\/","name":"l&#039;\u00e9chapp\u00e9e close","description":"La libreria francese di Milano","publisher":{"@id":"https:\/\/lechappeeclose.it\/#organization"},"alternateName":"La librairie fran\u00e7aise de Milan","potentialAction":[{"@type":"SearchAction","target":{"@type":"EntryPoint","urlTemplate":"https:\/\/lechappeeclose.it\/?s={search_term_string}"},"query-input":{"@type":"PropertyValueSpecification","valueRequired":true,"valueName":"search_term_string"}}],"inLanguage":"it-IT"},{"@type":"Organization","@id":"https:\/\/lechappeeclose.it\/#organization","name":"l&#039;\u00e9chapp\u00e9e close","url":"https:\/\/lechappeeclose.it\/","logo":{"@type":"ImageObject","inLanguage":"it-IT","@id":"https:\/\/lechappeeclose.it\/#\/schema\/logo\/image\/","url":"http:\/\/lechappeeclose.it\/wp-content\/uploads\/2025\/02\/cropped-logo-rond.png","contentUrl":"http:\/\/lechappeeclose.it\/wp-content\/uploads\/2025\/02\/cropped-logo-rond.png","width":1080,"height":1080,"caption":"l&#039;\u00e9chapp\u00e9e close"},"image":{"@id":"https:\/\/lechappeeclose.it\/#\/schema\/logo\/image\/"},"sameAs":["https:\/\/www.instagram.com\/lechappeeclose\/"]}]}},"_links":{"self":[{"href":"http:\/\/lechappeeclose.it\/it\/wp-json\/wp\/v2\/product\/6081","targetHints":{"allow":["GET"]}}],"collection":[{"href":"http:\/\/lechappeeclose.it\/it\/wp-json\/wp\/v2\/product"}],"about":[{"href":"http:\/\/lechappeeclose.it\/it\/wp-json\/wp\/v2\/types\/product"}],"replies":[{"embeddable":true,"href":"http:\/\/lechappeeclose.it\/it\/wp-json\/wp\/v2\/comments?post=6081"}],"wp:featuredmedia":[{"embeddable":true,"href":"http:\/\/lechappeeclose.it\/it\/wp-json\/wp\/v2\/media\/6080"}],"wp:attachment":[{"href":"http:\/\/lechappeeclose.it\/it\/wp-json\/wp\/v2\/media?parent=6081"}],"wp:term":[{"taxonomy":"product_brand","embeddable":true,"href":"http:\/\/lechappeeclose.it\/it\/wp-json\/wp\/v2\/product_brand?post=6081"},{"taxonomy":"product_cat","embeddable":true,"href":"http:\/\/lechappeeclose.it\/it\/wp-json\/wp\/v2\/product_cat?post=6081"},{"taxonomy":"product_tag","embeddable":true,"href":"http:\/\/lechappeeclose.it\/it\/wp-json\/wp\/v2\/product_tag?post=6081"}],"curies":[{"name":"wp","href":"https:\/\/api.w.org\/{rel}","templated":true}]}}