{"id":5618,"date":"2025-02-05T17:22:28","date_gmt":"2025-02-05T16:22:28","guid":{"rendered":"https:\/\/lechappeeclose.it\/produit\/ainsi-pleurent-nos-hommes\/"},"modified":"2025-02-05T17:22:28","modified_gmt":"2025-02-05T16:22:28","slug":"ainsi-pleurent-nos-hommes","status":"publish","type":"product","link":"http:\/\/lechappeeclose.it\/it\/boutique\/livres\/litterature\/romans\/ainsi-pleurent-nos-hommes\/","title":{"rendered":"Ainsi pleurent nos hommes"},"content":{"rendered":"<p>Kigali, 2018. Depuis sa rupture avec Vincent, Erika vit sur un fil, et \u00e9crit \u00e0 sa soeur pour \u00ab exorciser de son corps \u00bb un amour-d\u00e9vastation qui l&#8217;habite toujours. Elle raconte son histoire, mais \u00e9galement celle des \u00eatres fragiles auxquels elle est attach\u00e9e, qui eux aussi tentent de vivre. Avec James, son fr\u00e8re second hand, Manzi, le s\u00e9duisant karat\u00e9ka, Maman Colonel, Tonton Damas, les coeurs d\u00e9bordants comme la mousse des bi\u00e8res d\u00e9capsul\u00e9es au bar L&#8217;\u00c9glise, ils reconstruisent une nouvelle famille qui illumine ce roman. Du Rwanda, pays aux mille collines florissantes, o\u00f9 apr\u00e8s le g\u00e9nocide des Tutsis chacun a \u00e9t\u00e9 forc\u00e9 de tourner la page, Dominique Celis montre que derri\u00e8re la rh\u00e9torique officielle d&#8217;unit\u00e9 nationale chacun a \u00ab incarc\u00e9r\u00e9 ses peines \u00e0 perp\u00e8te \u00bb. Des blessures sans cesse raviv\u00e9es lorsqu&#8217;on peut croiser les bourreaux d&#8217;hier au d\u00e9tour d&#8217;une station-service ou sur la rive calme du lac Kivu&#8230; Dans ce saisissant premier roman, Erika fait le r\u00e9cit d&#8217;un amour qui tente de r\u00e9sister \u00e0 la fatalit\u00e9 tragique h\u00e9rit\u00e9e du pass\u00e9. M\u00eame lorsque Vincent se s\u00e9pare d&#8217;elle, leur passion charnelle ne faiblit pas, et c&#8217;est une femme vibrante de regrets, encore taraud\u00e9e par le d\u00e9sir, qui r\u00e9dige ces lettres splendides, puisque sur sa peau \u00ab rien ne veut s&#8217;effacer \u00bb.<\/p>","protected":false},"excerpt":{"rendered":"<p>Kigali, 2018. Depuis sa rupture avec Vincent, Erika vit sur un fil, et \u00e9crit \u00e0 sa soeur pour \u00ab exorciser de son corps \u00bb un amour-d\u00e9vastation qui l&#8217;habite toujours. Elle raconte son histoire, mais \u00e9galement celle des \u00eatres fragiles auxquels elle est attach\u00e9e, qui eux aussi tentent de vivre. Avec James, son fr\u00e8re second hand, [&hellip;]<\/p>","protected":false},"featured_media":5617,"comment_status":"open","ping_status":"closed","template":"","meta":[],"product_brand":[],"product_cat":[46],"product_tag":[],"class_list":{"0":"post-5618","1":"product","2":"type-product","3":"status-publish","4":"has-post-thumbnail","6":"product_cat-romans","8":"first","9":"instock","10":"taxable","11":"shipping-taxable","12":"purchasable","13":"product-type-simple"},"yoast_head":"<!-- This site is optimized with the Yoast SEO plugin v27.4 - https:\/\/yoast.com\/product\/yoast-seo-wordpress\/ -->\n<title>Ainsi pleurent nos hommes - l&#039;\u00e9chapp\u00e9e close<\/title>\n<meta name=\"robots\" content=\"index, follow, max-snippet:-1, max-image-preview:large, max-video-preview:-1\" \/>\n<link rel=\"canonical\" href=\"https:\/\/lechappeeclose.it\/it\/boutique\/livres\/litterature\/romans\/ainsi-pleurent-nos-hommes\/\" \/>\n<meta property=\"og:locale\" content=\"it_IT\" \/>\n<meta property=\"og:type\" content=\"article\" \/>\n<meta property=\"og:title\" content=\"Ainsi pleurent nos hommes - l&#039;\u00e9chapp\u00e9e close\" \/>\n<meta property=\"og:description\" content=\"Kigali, 2018. Depuis sa rupture avec Vincent, Erika vit sur un fil, et \u00e9crit \u00e0 sa soeur pour \u00ab exorciser de son corps \u00bb un amour-d\u00e9vastation qui l&#8217;habite toujours. Elle raconte son histoire, mais \u00e9galement celle des \u00eatres fragiles auxquels elle est attach\u00e9e, qui eux aussi tentent de vivre. Avec James, son fr\u00e8re second hand, [&hellip;]\" \/>\n<meta property=\"og:url\" content=\"https:\/\/lechappeeclose.it\/it\/boutique\/livres\/litterature\/romans\/ainsi-pleurent-nos-hommes\/\" \/>\n<meta property=\"og:site_name\" content=\"l&#039;\u00e9chapp\u00e9e close\" \/>\n<meta property=\"og:image\" content=\"https:\/\/lechappeeclose.it\/wp-content\/uploads\/2025\/02\/Ainsi-pleurent-nos-hommes.jpg\" \/>\n\t<meta property=\"og:image:width\" content=\"800\" \/>\n\t<meta property=\"og:image:height\" content=\"1213\" \/>\n\t<meta property=\"og:image:type\" content=\"image\/jpeg\" \/>\n<meta name=\"twitter:card\" content=\"summary_large_image\" \/>\n<meta name=\"twitter:label1\" content=\"Tempo di lettura stimato\" \/>\n\t<meta name=\"twitter:data1\" content=\"1 minuto\" \/>\n<script type=\"application\/ld+json\" class=\"yoast-schema-graph\">{\"@context\":\"https:\\\/\\\/schema.org\",\"@graph\":[{\"@type\":\"WebPage\",\"@id\":\"https:\\\/\\\/lechappeeclose.it\\\/boutique\\\/livres\\\/litterature\\\/romans\\\/ainsi-pleurent-nos-hommes\\\/\",\"url\":\"https:\\\/\\\/lechappeeclose.it\\\/boutique\\\/livres\\\/litterature\\\/romans\\\/ainsi-pleurent-nos-hommes\\\/\",\"name\":\"Ainsi pleurent nos hommes - l&#039;\u00e9chapp\u00e9e close\",\"isPartOf\":{\"@id\":\"http:\\\/\\\/lechappeeclose.it\\\/#website\"},\"primaryImageOfPage\":{\"@id\":\"https:\\\/\\\/lechappeeclose.it\\\/boutique\\\/livres\\\/litterature\\\/romans\\\/ainsi-pleurent-nos-hommes\\\/#primaryimage\"},\"image\":{\"@id\":\"https:\\\/\\\/lechappeeclose.it\\\/boutique\\\/livres\\\/litterature\\\/romans\\\/ainsi-pleurent-nos-hommes\\\/#primaryimage\"},\"thumbnailUrl\":\"http:\\\/\\\/lechappeeclose.it\\\/wp-content\\\/uploads\\\/2025\\\/02\\\/Ainsi-pleurent-nos-hommes.jpg\",\"datePublished\":\"2025-02-05T16:22:28+00:00\",\"breadcrumb\":{\"@id\":\"https:\\\/\\\/lechappeeclose.it\\\/boutique\\\/livres\\\/litterature\\\/romans\\\/ainsi-pleurent-nos-hommes\\\/#breadcrumb\"},\"inLanguage\":\"it-IT\",\"potentialAction\":[{\"@type\":\"ReadAction\",\"target\":[\"https:\\\/\\\/lechappeeclose.it\\\/boutique\\\/livres\\\/litterature\\\/romans\\\/ainsi-pleurent-nos-hommes\\\/\"]}]},{\"@type\":\"ImageObject\",\"inLanguage\":\"it-IT\",\"@id\":\"https:\\\/\\\/lechappeeclose.it\\\/boutique\\\/livres\\\/litterature\\\/romans\\\/ainsi-pleurent-nos-hommes\\\/#primaryimage\",\"url\":\"http:\\\/\\\/lechappeeclose.it\\\/wp-content\\\/uploads\\\/2025\\\/02\\\/Ainsi-pleurent-nos-hommes.jpg\",\"contentUrl\":\"http:\\\/\\\/lechappeeclose.it\\\/wp-content\\\/uploads\\\/2025\\\/02\\\/Ainsi-pleurent-nos-hommes.jpg\",\"width\":800,\"height\":1213},{\"@type\":\"BreadcrumbList\",\"@id\":\"https:\\\/\\\/lechappeeclose.it\\\/boutique\\\/livres\\\/litterature\\\/romans\\\/ainsi-pleurent-nos-hommes\\\/#breadcrumb\",\"itemListElement\":[{\"@type\":\"ListItem\",\"position\":1,\"name\":\"Accueil\",\"item\":\"http:\\\/\\\/lechappeeclose.it\\\/\"},{\"@type\":\"ListItem\",\"position\":2,\"name\":\"Boutique\",\"item\":\"http:\\\/\\\/lechappeeclose.it\\\/it\\\/boutique\\\/\"},{\"@type\":\"ListItem\",\"position\":3,\"name\":\"Ainsi pleurent nos hommes\"}]},{\"@type\":\"WebSite\",\"@id\":\"http:\\\/\\\/lechappeeclose.it\\\/#website\",\"url\":\"http:\\\/\\\/lechappeeclose.it\\\/\",\"name\":\"l&#039;\u00e9chapp\u00e9e close\",\"description\":\"la librairie fran\u00e7aise de Milan\",\"publisher\":{\"@id\":\"http:\\\/\\\/lechappeeclose.it\\\/#organization\"},\"alternateName\":\"La librairie fran\u00e7aise de Milan\",\"potentialAction\":[{\"@type\":\"SearchAction\",\"target\":{\"@type\":\"EntryPoint\",\"urlTemplate\":\"http:\\\/\\\/lechappeeclose.it\\\/?s={search_term_string}\"},\"query-input\":{\"@type\":\"PropertyValueSpecification\",\"valueRequired\":true,\"valueName\":\"search_term_string\"}}],\"inLanguage\":\"it-IT\"},{\"@type\":\"Organization\",\"@id\":\"http:\\\/\\\/lechappeeclose.it\\\/#organization\",\"name\":\"l&#039;\u00e9chapp\u00e9e close\",\"url\":\"http:\\\/\\\/lechappeeclose.it\\\/\",\"logo\":{\"@type\":\"ImageObject\",\"inLanguage\":\"it-IT\",\"@id\":\"http:\\\/\\\/lechappeeclose.it\\\/#\\\/schema\\\/logo\\\/image\\\/\",\"url\":\"http:\\\/\\\/lechappeeclose.it\\\/wp-content\\\/uploads\\\/2025\\\/02\\\/cropped-logo-rond.png\",\"contentUrl\":\"http:\\\/\\\/lechappeeclose.it\\\/wp-content\\\/uploads\\\/2025\\\/02\\\/cropped-logo-rond.png\",\"width\":1080,\"height\":1080,\"caption\":\"l&#039;\u00e9chapp\u00e9e close\"},\"image\":{\"@id\":\"http:\\\/\\\/lechappeeclose.it\\\/#\\\/schema\\\/logo\\\/image\\\/\"},\"sameAs\":[\"https:\\\/\\\/www.instagram.com\\\/lechappeeclose\\\/\"]}]}<\/script>\n<!-- \/ Yoast SEO plugin. -->","yoast_head_json":{"title":"Ainsi pleurent nos hommes - l&#039;\u00e9chapp\u00e9e close","robots":{"index":"index","follow":"follow","max-snippet":"max-snippet:-1","max-image-preview":"max-image-preview:large","max-video-preview":"max-video-preview:-1"},"canonical":"https:\/\/lechappeeclose.it\/it\/boutique\/livres\/litterature\/romans\/ainsi-pleurent-nos-hommes\/","og_locale":"it_IT","og_type":"article","og_title":"Ainsi pleurent nos hommes - l&#039;\u00e9chapp\u00e9e close","og_description":"Kigali, 2018. Depuis sa rupture avec Vincent, Erika vit sur un fil, et \u00e9crit \u00e0 sa soeur pour \u00ab exorciser de son corps \u00bb un amour-d\u00e9vastation qui l&#8217;habite toujours. Elle raconte son histoire, mais \u00e9galement celle des \u00eatres fragiles auxquels elle est attach\u00e9e, qui eux aussi tentent de vivre. Avec James, son fr\u00e8re second hand, [&hellip;]","og_url":"https:\/\/lechappeeclose.it\/it\/boutique\/livres\/litterature\/romans\/ainsi-pleurent-nos-hommes\/","og_site_name":"l&#039;\u00e9chapp\u00e9e close","og_image":[{"width":800,"height":1213,"url":"https:\/\/lechappeeclose.it\/wp-content\/uploads\/2025\/02\/Ainsi-pleurent-nos-hommes.jpg","type":"image\/jpeg"}],"twitter_card":"summary_large_image","twitter_misc":{"Tempo di lettura stimato":"1 minuto"},"schema":{"@context":"https:\/\/schema.org","@graph":[{"@type":"WebPage","@id":"https:\/\/lechappeeclose.it\/boutique\/livres\/litterature\/romans\/ainsi-pleurent-nos-hommes\/","url":"https:\/\/lechappeeclose.it\/boutique\/livres\/litterature\/romans\/ainsi-pleurent-nos-hommes\/","name":"Ainsi pleurent nos hommes - l&#039;\u00e9chapp\u00e9e close","isPartOf":{"@id":"http:\/\/lechappeeclose.it\/#website"},"primaryImageOfPage":{"@id":"https:\/\/lechappeeclose.it\/boutique\/livres\/litterature\/romans\/ainsi-pleurent-nos-hommes\/#primaryimage"},"image":{"@id":"https:\/\/lechappeeclose.it\/boutique\/livres\/litterature\/romans\/ainsi-pleurent-nos-hommes\/#primaryimage"},"thumbnailUrl":"http:\/\/lechappeeclose.it\/wp-content\/uploads\/2025\/02\/Ainsi-pleurent-nos-hommes.jpg","datePublished":"2025-02-05T16:22:28+00:00","breadcrumb":{"@id":"https:\/\/lechappeeclose.it\/boutique\/livres\/litterature\/romans\/ainsi-pleurent-nos-hommes\/#breadcrumb"},"inLanguage":"it-IT","potentialAction":[{"@type":"ReadAction","target":["https:\/\/lechappeeclose.it\/boutique\/livres\/litterature\/romans\/ainsi-pleurent-nos-hommes\/"]}]},{"@type":"ImageObject","inLanguage":"it-IT","@id":"https:\/\/lechappeeclose.it\/boutique\/livres\/litterature\/romans\/ainsi-pleurent-nos-hommes\/#primaryimage","url":"http:\/\/lechappeeclose.it\/wp-content\/uploads\/2025\/02\/Ainsi-pleurent-nos-hommes.jpg","contentUrl":"http:\/\/lechappeeclose.it\/wp-content\/uploads\/2025\/02\/Ainsi-pleurent-nos-hommes.jpg","width":800,"height":1213},{"@type":"BreadcrumbList","@id":"https:\/\/lechappeeclose.it\/boutique\/livres\/litterature\/romans\/ainsi-pleurent-nos-hommes\/#breadcrumb","itemListElement":[{"@type":"ListItem","position":1,"name":"Accueil","item":"http:\/\/lechappeeclose.it\/"},{"@type":"ListItem","position":2,"name":"Boutique","item":"http:\/\/lechappeeclose.it\/it\/boutique\/"},{"@type":"ListItem","position":3,"name":"Ainsi pleurent nos hommes"}]},{"@type":"WebSite","@id":"http:\/\/lechappeeclose.it\/#website","url":"http:\/\/lechappeeclose.it\/","name":"l&#039;\u00e9chapp\u00e9e close","description":"La libreria francese di Milano","publisher":{"@id":"http:\/\/lechappeeclose.it\/#organization"},"alternateName":"La librairie fran\u00e7aise de Milan","potentialAction":[{"@type":"SearchAction","target":{"@type":"EntryPoint","urlTemplate":"http:\/\/lechappeeclose.it\/?s={search_term_string}"},"query-input":{"@type":"PropertyValueSpecification","valueRequired":true,"valueName":"search_term_string"}}],"inLanguage":"it-IT"},{"@type":"Organization","@id":"http:\/\/lechappeeclose.it\/#organization","name":"l&#039;\u00e9chapp\u00e9e close","url":"http:\/\/lechappeeclose.it\/","logo":{"@type":"ImageObject","inLanguage":"it-IT","@id":"http:\/\/lechappeeclose.it\/#\/schema\/logo\/image\/","url":"http:\/\/lechappeeclose.it\/wp-content\/uploads\/2025\/02\/cropped-logo-rond.png","contentUrl":"http:\/\/lechappeeclose.it\/wp-content\/uploads\/2025\/02\/cropped-logo-rond.png","width":1080,"height":1080,"caption":"l&#039;\u00e9chapp\u00e9e close"},"image":{"@id":"http:\/\/lechappeeclose.it\/#\/schema\/logo\/image\/"},"sameAs":["https:\/\/www.instagram.com\/lechappeeclose\/"]}]}},"_links":{"self":[{"href":"http:\/\/lechappeeclose.it\/it\/wp-json\/wp\/v2\/product\/5618","targetHints":{"allow":["GET"]}}],"collection":[{"href":"http:\/\/lechappeeclose.it\/it\/wp-json\/wp\/v2\/product"}],"about":[{"href":"http:\/\/lechappeeclose.it\/it\/wp-json\/wp\/v2\/types\/product"}],"replies":[{"embeddable":true,"href":"http:\/\/lechappeeclose.it\/it\/wp-json\/wp\/v2\/comments?post=5618"}],"wp:featuredmedia":[{"embeddable":true,"href":"http:\/\/lechappeeclose.it\/it\/wp-json\/wp\/v2\/media\/5617"}],"wp:attachment":[{"href":"http:\/\/lechappeeclose.it\/it\/wp-json\/wp\/v2\/media?parent=5618"}],"wp:term":[{"taxonomy":"product_brand","embeddable":true,"href":"http:\/\/lechappeeclose.it\/it\/wp-json\/wp\/v2\/product_brand?post=5618"},{"taxonomy":"product_cat","embeddable":true,"href":"http:\/\/lechappeeclose.it\/it\/wp-json\/wp\/v2\/product_cat?post=5618"},{"taxonomy":"product_tag","embeddable":true,"href":"http:\/\/lechappeeclose.it\/it\/wp-json\/wp\/v2\/product_tag?post=5618"}],"curies":[{"name":"wp","href":"https:\/\/api.w.org\/{rel}","templated":true}]}}