{"id":5565,"date":"2025-02-05T16:49:32","date_gmt":"2025-02-05T15:49:32","guid":{"rendered":"https:\/\/lechappeeclose.it\/produit\/rebelles-un-peu\/"},"modified":"2025-02-05T16:49:32","modified_gmt":"2025-02-05T15:49:32","slug":"rebelles-un-peu","status":"publish","type":"product","link":"http:\/\/lechappeeclose.it\/it\/boutique\/livres\/litterature\/romans\/rebelles-un-peu\/","title":{"rendered":"Rebelles, un peu"},"content":{"rendered":"<p>L&#8217;amour est-il un microbe? Comment subir des parents born\u00e9s? Fumer des p\u00e9tards rend-il mou? \u00c0 quel \u00e2ge doit-on coucher? Faut-il r\u00e9agir quand on re\u00e7oit un message de son p\u00e8re adress\u00e9 \u00e0 sa ma\u00eetresse? Combien de mois vit une dreadlock? Peut-on fuguer l\u00e9galement? En 29 nouvelles, Claire Castillon photographie l&#8217;adolescence, cet \u00e2ge o\u00f9 l&#8217;entre-deux fait rire et mal \u00e0 la fois. Qu&#8217;ils soient angoiss\u00e9s ou lourds de leurs secrets, les adolescents habitent un monde \u00e0 d\u00e9crypter. Autant de mini-com\u00e9dies qui tournent parfois au drame quand la solitude ou la m\u00e9lancolie sont les plus forts, et composent un livre tendre, dr\u00f4le et parfois d\u00e9chirant.<\/p>","protected":false},"excerpt":{"rendered":"<p>L&#8217;amour est-il un microbe? Comment subir des parents born\u00e9s? Fumer des p\u00e9tards rend-il mou? \u00c0 quel \u00e2ge doit-on coucher? Faut-il r\u00e9agir quand on re\u00e7oit un message de son p\u00e8re adress\u00e9 \u00e0 sa ma\u00eetresse? Combien de mois vit une dreadlock? Peut-on fuguer l\u00e9galement? En 29 nouvelles, Claire Castillon photographie l&#8217;adolescence, cet \u00e2ge o\u00f9 l&#8217;entre-deux fait rire [&hellip;]<\/p>","protected":false},"featured_media":5564,"comment_status":"open","ping_status":"closed","template":"","meta":[],"product_brand":[],"product_cat":[46],"product_tag":[],"class_list":{"0":"post-5565","1":"product","2":"type-product","3":"status-publish","4":"has-post-thumbnail","6":"product_cat-romans","8":"first","9":"instock","10":"taxable","11":"shipping-taxable","12":"purchasable","13":"product-type-simple"},"yoast_head":"<!-- This site is optimized with the Yoast SEO plugin v27.4 - https:\/\/yoast.com\/product\/yoast-seo-wordpress\/ -->\n<title>Rebelles, un peu - l&#039;\u00e9chapp\u00e9e close<\/title>\n<meta name=\"robots\" content=\"index, follow, max-snippet:-1, max-image-preview:large, max-video-preview:-1\" \/>\n<link rel=\"canonical\" href=\"http:\/\/lechappeeclose.it\/it\/boutique\/livres\/litterature\/romans\/rebelles-un-peu\/\" \/>\n<meta property=\"og:locale\" content=\"it_IT\" \/>\n<meta property=\"og:type\" content=\"article\" \/>\n<meta property=\"og:title\" content=\"Rebelles, un peu - l&#039;\u00e9chapp\u00e9e close\" \/>\n<meta property=\"og:description\" content=\"L&#8217;amour est-il un microbe? Comment subir des parents born\u00e9s? Fumer des p\u00e9tards rend-il mou? \u00c0 quel \u00e2ge doit-on coucher? Faut-il r\u00e9agir quand on re\u00e7oit un message de son p\u00e8re adress\u00e9 \u00e0 sa ma\u00eetresse? Combien de mois vit une dreadlock? Peut-on fuguer l\u00e9galement? En 29 nouvelles, Claire Castillon photographie l&#8217;adolescence, cet \u00e2ge o\u00f9 l&#8217;entre-deux fait rire [&hellip;]\" \/>\n<meta property=\"og:url\" content=\"http:\/\/lechappeeclose.it\/it\/boutique\/livres\/litterature\/romans\/rebelles-un-peu\/\" \/>\n<meta property=\"og:site_name\" content=\"l&#039;\u00e9chapp\u00e9e close\" \/>\n<meta property=\"og:image\" content=\"http:\/\/lechappeeclose.it\/wp-content\/uploads\/2025\/02\/Rebelles-un-peu.jpg\" \/>\n\t<meta property=\"og:image:width\" content=\"400\" \/>\n\t<meta property=\"og:image:height\" content=\"659\" \/>\n\t<meta property=\"og:image:type\" content=\"image\/jpeg\" \/>\n<meta name=\"twitter:card\" content=\"summary_large_image\" \/>\n<meta name=\"twitter:label1\" content=\"Tempo di lettura stimato\" \/>\n\t<meta name=\"twitter:data1\" content=\"1 minuto\" \/>\n<script type=\"application\/ld+json\" class=\"yoast-schema-graph\">{\"@context\":\"https:\\\/\\\/schema.org\",\"@graph\":[{\"@type\":\"WebPage\",\"@id\":\"http:\\\/\\\/lechappeeclose.it\\\/it\\\/boutique\\\/livres\\\/litterature\\\/romans\\\/rebelles-un-peu\\\/\",\"url\":\"http:\\\/\\\/lechappeeclose.it\\\/it\\\/boutique\\\/livres\\\/litterature\\\/romans\\\/rebelles-un-peu\\\/\",\"name\":\"Rebelles, un peu - l&#039;\u00e9chapp\u00e9e close\",\"isPartOf\":{\"@id\":\"http:\\\/\\\/lechappeeclose.it\\\/#website\"},\"primaryImageOfPage\":{\"@id\":\"http:\\\/\\\/lechappeeclose.it\\\/it\\\/boutique\\\/livres\\\/litterature\\\/romans\\\/rebelles-un-peu\\\/#primaryimage\"},\"image\":{\"@id\":\"http:\\\/\\\/lechappeeclose.it\\\/it\\\/boutique\\\/livres\\\/litterature\\\/romans\\\/rebelles-un-peu\\\/#primaryimage\"},\"thumbnailUrl\":\"http:\\\/\\\/lechappeeclose.it\\\/wp-content\\\/uploads\\\/2025\\\/02\\\/Rebelles-un-peu.jpg\",\"datePublished\":\"2025-02-05T15:49:32+00:00\",\"breadcrumb\":{\"@id\":\"http:\\\/\\\/lechappeeclose.it\\\/it\\\/boutique\\\/livres\\\/litterature\\\/romans\\\/rebelles-un-peu\\\/#breadcrumb\"},\"inLanguage\":\"it-IT\",\"potentialAction\":[{\"@type\":\"ReadAction\",\"target\":[\"http:\\\/\\\/lechappeeclose.it\\\/it\\\/boutique\\\/livres\\\/litterature\\\/romans\\\/rebelles-un-peu\\\/\"]}]},{\"@type\":\"ImageObject\",\"inLanguage\":\"it-IT\",\"@id\":\"http:\\\/\\\/lechappeeclose.it\\\/it\\\/boutique\\\/livres\\\/litterature\\\/romans\\\/rebelles-un-peu\\\/#primaryimage\",\"url\":\"http:\\\/\\\/lechappeeclose.it\\\/wp-content\\\/uploads\\\/2025\\\/02\\\/Rebelles-un-peu.jpg\",\"contentUrl\":\"http:\\\/\\\/lechappeeclose.it\\\/wp-content\\\/uploads\\\/2025\\\/02\\\/Rebelles-un-peu.jpg\",\"width\":400,\"height\":659},{\"@type\":\"BreadcrumbList\",\"@id\":\"http:\\\/\\\/lechappeeclose.it\\\/it\\\/boutique\\\/livres\\\/litterature\\\/romans\\\/rebelles-un-peu\\\/#breadcrumb\",\"itemListElement\":[{\"@type\":\"ListItem\",\"position\":1,\"name\":\"Accueil\",\"item\":\"http:\\\/\\\/lechappeeclose.it\\\/\"},{\"@type\":\"ListItem\",\"position\":2,\"name\":\"Boutique\",\"item\":\"http:\\\/\\\/lechappeeclose.it\\\/it\\\/boutique\\\/\"},{\"@type\":\"ListItem\",\"position\":3,\"name\":\"Rebelles, un peu\"}]},{\"@type\":\"WebSite\",\"@id\":\"http:\\\/\\\/lechappeeclose.it\\\/#website\",\"url\":\"http:\\\/\\\/lechappeeclose.it\\\/\",\"name\":\"l&#039;\u00e9chapp\u00e9e close\",\"description\":\"la librairie fran\u00e7aise de Milan\",\"publisher\":{\"@id\":\"http:\\\/\\\/lechappeeclose.it\\\/#organization\"},\"alternateName\":\"La librairie fran\u00e7aise de Milan\",\"potentialAction\":[{\"@type\":\"SearchAction\",\"target\":{\"@type\":\"EntryPoint\",\"urlTemplate\":\"http:\\\/\\\/lechappeeclose.it\\\/?s={search_term_string}\"},\"query-input\":{\"@type\":\"PropertyValueSpecification\",\"valueRequired\":true,\"valueName\":\"search_term_string\"}}],\"inLanguage\":\"it-IT\"},{\"@type\":\"Organization\",\"@id\":\"http:\\\/\\\/lechappeeclose.it\\\/#organization\",\"name\":\"l&#039;\u00e9chapp\u00e9e close\",\"url\":\"http:\\\/\\\/lechappeeclose.it\\\/\",\"logo\":{\"@type\":\"ImageObject\",\"inLanguage\":\"it-IT\",\"@id\":\"http:\\\/\\\/lechappeeclose.it\\\/#\\\/schema\\\/logo\\\/image\\\/\",\"url\":\"http:\\\/\\\/lechappeeclose.it\\\/wp-content\\\/uploads\\\/2025\\\/02\\\/cropped-logo-rond.png\",\"contentUrl\":\"http:\\\/\\\/lechappeeclose.it\\\/wp-content\\\/uploads\\\/2025\\\/02\\\/cropped-logo-rond.png\",\"width\":1080,\"height\":1080,\"caption\":\"l&#039;\u00e9chapp\u00e9e close\"},\"image\":{\"@id\":\"http:\\\/\\\/lechappeeclose.it\\\/#\\\/schema\\\/logo\\\/image\\\/\"},\"sameAs\":[\"https:\\\/\\\/www.instagram.com\\\/lechappeeclose\\\/\"]}]}<\/script>\n<!-- \/ Yoast SEO plugin. -->","yoast_head_json":{"title":"Rebelles, un peu - l&#039;\u00e9chapp\u00e9e close","robots":{"index":"index","follow":"follow","max-snippet":"max-snippet:-1","max-image-preview":"max-image-preview:large","max-video-preview":"max-video-preview:-1"},"canonical":"http:\/\/lechappeeclose.it\/it\/boutique\/livres\/litterature\/romans\/rebelles-un-peu\/","og_locale":"it_IT","og_type":"article","og_title":"Rebelles, un peu - l&#039;\u00e9chapp\u00e9e close","og_description":"L&#8217;amour est-il un microbe? Comment subir des parents born\u00e9s? Fumer des p\u00e9tards rend-il mou? \u00c0 quel \u00e2ge doit-on coucher? Faut-il r\u00e9agir quand on re\u00e7oit un message de son p\u00e8re adress\u00e9 \u00e0 sa ma\u00eetresse? Combien de mois vit une dreadlock? Peut-on fuguer l\u00e9galement? En 29 nouvelles, Claire Castillon photographie l&#8217;adolescence, cet \u00e2ge o\u00f9 l&#8217;entre-deux fait rire [&hellip;]","og_url":"http:\/\/lechappeeclose.it\/it\/boutique\/livres\/litterature\/romans\/rebelles-un-peu\/","og_site_name":"l&#039;\u00e9chapp\u00e9e close","og_image":[{"width":400,"height":659,"url":"http:\/\/lechappeeclose.it\/wp-content\/uploads\/2025\/02\/Rebelles-un-peu.jpg","type":"image\/jpeg"}],"twitter_card":"summary_large_image","twitter_misc":{"Tempo di lettura stimato":"1 minuto"},"schema":{"@context":"https:\/\/schema.org","@graph":[{"@type":"WebPage","@id":"http:\/\/lechappeeclose.it\/it\/boutique\/livres\/litterature\/romans\/rebelles-un-peu\/","url":"http:\/\/lechappeeclose.it\/it\/boutique\/livres\/litterature\/romans\/rebelles-un-peu\/","name":"Rebelles, un peu - l&#039;\u00e9chapp\u00e9e close","isPartOf":{"@id":"http:\/\/lechappeeclose.it\/#website"},"primaryImageOfPage":{"@id":"http:\/\/lechappeeclose.it\/it\/boutique\/livres\/litterature\/romans\/rebelles-un-peu\/#primaryimage"},"image":{"@id":"http:\/\/lechappeeclose.it\/it\/boutique\/livres\/litterature\/romans\/rebelles-un-peu\/#primaryimage"},"thumbnailUrl":"http:\/\/lechappeeclose.it\/wp-content\/uploads\/2025\/02\/Rebelles-un-peu.jpg","datePublished":"2025-02-05T15:49:32+00:00","breadcrumb":{"@id":"http:\/\/lechappeeclose.it\/it\/boutique\/livres\/litterature\/romans\/rebelles-un-peu\/#breadcrumb"},"inLanguage":"it-IT","potentialAction":[{"@type":"ReadAction","target":["http:\/\/lechappeeclose.it\/it\/boutique\/livres\/litterature\/romans\/rebelles-un-peu\/"]}]},{"@type":"ImageObject","inLanguage":"it-IT","@id":"http:\/\/lechappeeclose.it\/it\/boutique\/livres\/litterature\/romans\/rebelles-un-peu\/#primaryimage","url":"http:\/\/lechappeeclose.it\/wp-content\/uploads\/2025\/02\/Rebelles-un-peu.jpg","contentUrl":"http:\/\/lechappeeclose.it\/wp-content\/uploads\/2025\/02\/Rebelles-un-peu.jpg","width":400,"height":659},{"@type":"BreadcrumbList","@id":"http:\/\/lechappeeclose.it\/it\/boutique\/livres\/litterature\/romans\/rebelles-un-peu\/#breadcrumb","itemListElement":[{"@type":"ListItem","position":1,"name":"Accueil","item":"http:\/\/lechappeeclose.it\/"},{"@type":"ListItem","position":2,"name":"Boutique","item":"http:\/\/lechappeeclose.it\/it\/boutique\/"},{"@type":"ListItem","position":3,"name":"Rebelles, un peu"}]},{"@type":"WebSite","@id":"http:\/\/lechappeeclose.it\/#website","url":"http:\/\/lechappeeclose.it\/","name":"l&#039;\u00e9chapp\u00e9e close","description":"La libreria francese di Milano","publisher":{"@id":"http:\/\/lechappeeclose.it\/#organization"},"alternateName":"La librairie fran\u00e7aise de Milan","potentialAction":[{"@type":"SearchAction","target":{"@type":"EntryPoint","urlTemplate":"http:\/\/lechappeeclose.it\/?s={search_term_string}"},"query-input":{"@type":"PropertyValueSpecification","valueRequired":true,"valueName":"search_term_string"}}],"inLanguage":"it-IT"},{"@type":"Organization","@id":"http:\/\/lechappeeclose.it\/#organization","name":"l&#039;\u00e9chapp\u00e9e close","url":"http:\/\/lechappeeclose.it\/","logo":{"@type":"ImageObject","inLanguage":"it-IT","@id":"http:\/\/lechappeeclose.it\/#\/schema\/logo\/image\/","url":"http:\/\/lechappeeclose.it\/wp-content\/uploads\/2025\/02\/cropped-logo-rond.png","contentUrl":"http:\/\/lechappeeclose.it\/wp-content\/uploads\/2025\/02\/cropped-logo-rond.png","width":1080,"height":1080,"caption":"l&#039;\u00e9chapp\u00e9e close"},"image":{"@id":"http:\/\/lechappeeclose.it\/#\/schema\/logo\/image\/"},"sameAs":["https:\/\/www.instagram.com\/lechappeeclose\/"]}]}},"_links":{"self":[{"href":"http:\/\/lechappeeclose.it\/it\/wp-json\/wp\/v2\/product\/5565","targetHints":{"allow":["GET"]}}],"collection":[{"href":"http:\/\/lechappeeclose.it\/it\/wp-json\/wp\/v2\/product"}],"about":[{"href":"http:\/\/lechappeeclose.it\/it\/wp-json\/wp\/v2\/types\/product"}],"replies":[{"embeddable":true,"href":"http:\/\/lechappeeclose.it\/it\/wp-json\/wp\/v2\/comments?post=5565"}],"wp:featuredmedia":[{"embeddable":true,"href":"http:\/\/lechappeeclose.it\/it\/wp-json\/wp\/v2\/media\/5564"}],"wp:attachment":[{"href":"http:\/\/lechappeeclose.it\/it\/wp-json\/wp\/v2\/media?parent=5565"}],"wp:term":[{"taxonomy":"product_brand","embeddable":true,"href":"http:\/\/lechappeeclose.it\/it\/wp-json\/wp\/v2\/product_brand?post=5565"},{"taxonomy":"product_cat","embeddable":true,"href":"http:\/\/lechappeeclose.it\/it\/wp-json\/wp\/v2\/product_cat?post=5565"},{"taxonomy":"product_tag","embeddable":true,"href":"http:\/\/lechappeeclose.it\/it\/wp-json\/wp\/v2\/product_tag?post=5565"}],"curies":[{"name":"wp","href":"https:\/\/api.w.org\/{rel}","templated":true}]}}