{"id":5557,"date":"2025-02-05T16:48:05","date_gmt":"2025-02-05T15:48:05","guid":{"rendered":"https:\/\/lechappeeclose.it\/produit\/le-dernier-qui-restera-se-tapera-toutes-les-veuves\/"},"modified":"2025-02-05T16:48:05","modified_gmt":"2025-02-05T15:48:05","slug":"le-dernier-qui-restera-se-tapera-toutes-les-veuves","status":"publish","type":"product","link":"http:\/\/lechappeeclose.it\/it\/boutique\/livres\/litterature\/romans\/le-dernier-qui-restera-se-tapera-toutes-les-veuves\/","title":{"rendered":"Le dernier qui restera se tapera toutes les veuves"},"content":{"rendered":"<p>Le dernier qui restera se tapera toutes les veuves\u00a0: c\u2019est ainsi que Cavanna intitula en 1983 sa chronique sur la disparition de son ami Reiser. De 1969 \u00e0 2013, notamment dans les pages de\u00a0Charlie hebdo, Cavanna \u00e9crivit plus de soixante textes pour \u00e9voquer le d\u00e9c\u00e8s de maintes c\u00e9l\u00e9brit\u00e9s (De Gaulle, Mesrine, Mitterrand, Lady Di\u2026), de personnalit\u00e9s de la culture et des sciences (Brassens, Sartre, Monod, Polac\u2026), d\u2019artistes et amis (Coluche, Doisneau, Choron, Topor\u2026), mais aussi d\u2019anonymes (le clochard Neuneuil) ou d\u2019animaux qu\u2019il ch\u00e9rissait, tels les orangs-outans du jardin des Plantes.R\u00e9volt\u00e9 toute sa vie contre l\u2019id\u00e9e m\u00eame de la mort, Cavanna signe ses \u00ab\u00a0n\u00e9crologies\u00a0\u00bb d\u2019une plume caustique et irr\u00e9v\u00e9rencieuse, comme autant de pr\u00e9textes \u00e0 m\u00e9diter sur l\u2019illusion de la puissance, l\u2019absurdit\u00e9 de la vie et la connerie humaine, avec une lucidit\u00e9 radicale, parfois bouleversante. Parcourant pr\u00e8s de cinquante ans d\u2019histoire, cette anthologie originale fait r\u00e9sonner avec une puissance poignante la voix et le style de Cavanna.Pr\u00e9face de Delfeil de Ton.<\/p>","protected":false},"excerpt":{"rendered":"<p>Le dernier qui restera se tapera toutes les veuves\u00a0: c\u2019est ainsi que Cavanna intitula en 1983 sa chronique sur la disparition de son ami Reiser. De 1969 \u00e0 2013, notamment dans les pages de\u00a0Charlie hebdo, Cavanna \u00e9crivit plus de soixante textes pour \u00e9voquer le d\u00e9c\u00e8s de maintes c\u00e9l\u00e9brit\u00e9s (De Gaulle, Mesrine, Mitterrand, Lady Di\u2026), de [&hellip;]<\/p>","protected":false},"featured_media":5556,"comment_status":"open","ping_status":"closed","template":"","meta":[],"product_brand":[],"product_cat":[46],"product_tag":[],"class_list":{"0":"post-5557","1":"product","2":"type-product","3":"status-publish","4":"has-post-thumbnail","6":"product_cat-romans","8":"first","9":"instock","10":"taxable","11":"shipping-taxable","12":"purchasable","13":"product-type-simple"},"yoast_head":"<!-- This site is optimized with the Yoast SEO plugin v27.4 - https:\/\/yoast.com\/product\/yoast-seo-wordpress\/ -->\n<title>Le dernier qui restera se tapera toutes les veuves - l&#039;\u00e9chapp\u00e9e close<\/title>\n<meta name=\"robots\" content=\"index, follow, max-snippet:-1, max-image-preview:large, max-video-preview:-1\" \/>\n<link rel=\"canonical\" href=\"http:\/\/lechappeeclose.it\/it\/boutique\/livres\/litterature\/romans\/le-dernier-qui-restera-se-tapera-toutes-les-veuves\/\" \/>\n<meta property=\"og:locale\" content=\"it_IT\" \/>\n<meta property=\"og:type\" content=\"article\" \/>\n<meta property=\"og:title\" content=\"Le dernier qui restera se tapera toutes les veuves - l&#039;\u00e9chapp\u00e9e close\" \/>\n<meta property=\"og:description\" content=\"Le dernier qui restera se tapera toutes les veuves\u00a0: c\u2019est ainsi que Cavanna intitula en 1983 sa chronique sur la disparition de son ami Reiser. De 1969 \u00e0 2013, notamment dans les pages de\u00a0Charlie hebdo, Cavanna \u00e9crivit plus de soixante textes pour \u00e9voquer le d\u00e9c\u00e8s de maintes c\u00e9l\u00e9brit\u00e9s (De Gaulle, Mesrine, Mitterrand, Lady Di\u2026), de [&hellip;]\" \/>\n<meta property=\"og:url\" content=\"http:\/\/lechappeeclose.it\/it\/boutique\/livres\/litterature\/romans\/le-dernier-qui-restera-se-tapera-toutes-les-veuves\/\" \/>\n<meta property=\"og:site_name\" content=\"l&#039;\u00e9chapp\u00e9e close\" \/>\n<meta property=\"og:image\" content=\"http:\/\/lechappeeclose.it\/wp-content\/uploads\/2025\/02\/Le-dernier-qui-restera-se-tapera-toutes-les-veuves.jpg\" \/>\n\t<meta property=\"og:image:width\" content=\"324\" \/>\n\t<meta property=\"og:image:height\" content=\"500\" \/>\n\t<meta property=\"og:image:type\" content=\"image\/jpeg\" \/>\n<meta name=\"twitter:card\" content=\"summary_large_image\" \/>\n<meta name=\"twitter:label1\" content=\"Tempo di lettura stimato\" \/>\n\t<meta name=\"twitter:data1\" content=\"1 minuto\" \/>\n<script type=\"application\/ld+json\" class=\"yoast-schema-graph\">{\"@context\":\"https:\\\/\\\/schema.org\",\"@graph\":[{\"@type\":\"WebPage\",\"@id\":\"http:\\\/\\\/lechappeeclose.it\\\/boutique\\\/livres\\\/litterature\\\/romans\\\/le-dernier-qui-restera-se-tapera-toutes-les-veuves\\\/\",\"url\":\"http:\\\/\\\/lechappeeclose.it\\\/boutique\\\/livres\\\/litterature\\\/romans\\\/le-dernier-qui-restera-se-tapera-toutes-les-veuves\\\/\",\"name\":\"Le dernier qui restera se tapera toutes les veuves - l&#039;\u00e9chapp\u00e9e close\",\"isPartOf\":{\"@id\":\"http:\\\/\\\/lechappeeclose.it\\\/#website\"},\"primaryImageOfPage\":{\"@id\":\"http:\\\/\\\/lechappeeclose.it\\\/boutique\\\/livres\\\/litterature\\\/romans\\\/le-dernier-qui-restera-se-tapera-toutes-les-veuves\\\/#primaryimage\"},\"image\":{\"@id\":\"http:\\\/\\\/lechappeeclose.it\\\/boutique\\\/livres\\\/litterature\\\/romans\\\/le-dernier-qui-restera-se-tapera-toutes-les-veuves\\\/#primaryimage\"},\"thumbnailUrl\":\"http:\\\/\\\/lechappeeclose.it\\\/wp-content\\\/uploads\\\/2025\\\/02\\\/Le-dernier-qui-restera-se-tapera-toutes-les-veuves.jpg\",\"datePublished\":\"2025-02-05T15:48:05+00:00\",\"breadcrumb\":{\"@id\":\"http:\\\/\\\/lechappeeclose.it\\\/boutique\\\/livres\\\/litterature\\\/romans\\\/le-dernier-qui-restera-se-tapera-toutes-les-veuves\\\/#breadcrumb\"},\"inLanguage\":\"it-IT\",\"potentialAction\":[{\"@type\":\"ReadAction\",\"target\":[\"http:\\\/\\\/lechappeeclose.it\\\/boutique\\\/livres\\\/litterature\\\/romans\\\/le-dernier-qui-restera-se-tapera-toutes-les-veuves\\\/\"]}]},{\"@type\":\"ImageObject\",\"inLanguage\":\"it-IT\",\"@id\":\"http:\\\/\\\/lechappeeclose.it\\\/boutique\\\/livres\\\/litterature\\\/romans\\\/le-dernier-qui-restera-se-tapera-toutes-les-veuves\\\/#primaryimage\",\"url\":\"http:\\\/\\\/lechappeeclose.it\\\/wp-content\\\/uploads\\\/2025\\\/02\\\/Le-dernier-qui-restera-se-tapera-toutes-les-veuves.jpg\",\"contentUrl\":\"http:\\\/\\\/lechappeeclose.it\\\/wp-content\\\/uploads\\\/2025\\\/02\\\/Le-dernier-qui-restera-se-tapera-toutes-les-veuves.jpg\",\"width\":324,\"height\":500},{\"@type\":\"BreadcrumbList\",\"@id\":\"http:\\\/\\\/lechappeeclose.it\\\/boutique\\\/livres\\\/litterature\\\/romans\\\/le-dernier-qui-restera-se-tapera-toutes-les-veuves\\\/#breadcrumb\",\"itemListElement\":[{\"@type\":\"ListItem\",\"position\":1,\"name\":\"Accueil\",\"item\":\"http:\\\/\\\/lechappeeclose.it\\\/\"},{\"@type\":\"ListItem\",\"position\":2,\"name\":\"Boutique\",\"item\":\"http:\\\/\\\/lechappeeclose.it\\\/it\\\/boutique\\\/\"},{\"@type\":\"ListItem\",\"position\":3,\"name\":\"Le dernier qui restera se tapera toutes les veuves\"}]},{\"@type\":\"WebSite\",\"@id\":\"http:\\\/\\\/lechappeeclose.it\\\/#website\",\"url\":\"http:\\\/\\\/lechappeeclose.it\\\/\",\"name\":\"l&#039;\u00e9chapp\u00e9e close\",\"description\":\"la librairie fran\u00e7aise de Milan\",\"publisher\":{\"@id\":\"http:\\\/\\\/lechappeeclose.it\\\/#organization\"},\"alternateName\":\"La librairie fran\u00e7aise de Milan\",\"potentialAction\":[{\"@type\":\"SearchAction\",\"target\":{\"@type\":\"EntryPoint\",\"urlTemplate\":\"http:\\\/\\\/lechappeeclose.it\\\/?s={search_term_string}\"},\"query-input\":{\"@type\":\"PropertyValueSpecification\",\"valueRequired\":true,\"valueName\":\"search_term_string\"}}],\"inLanguage\":\"it-IT\"},{\"@type\":\"Organization\",\"@id\":\"http:\\\/\\\/lechappeeclose.it\\\/#organization\",\"name\":\"l&#039;\u00e9chapp\u00e9e close\",\"url\":\"http:\\\/\\\/lechappeeclose.it\\\/\",\"logo\":{\"@type\":\"ImageObject\",\"inLanguage\":\"it-IT\",\"@id\":\"http:\\\/\\\/lechappeeclose.it\\\/#\\\/schema\\\/logo\\\/image\\\/\",\"url\":\"http:\\\/\\\/lechappeeclose.it\\\/wp-content\\\/uploads\\\/2025\\\/02\\\/cropped-logo-rond.png\",\"contentUrl\":\"http:\\\/\\\/lechappeeclose.it\\\/wp-content\\\/uploads\\\/2025\\\/02\\\/cropped-logo-rond.png\",\"width\":1080,\"height\":1080,\"caption\":\"l&#039;\u00e9chapp\u00e9e close\"},\"image\":{\"@id\":\"http:\\\/\\\/lechappeeclose.it\\\/#\\\/schema\\\/logo\\\/image\\\/\"},\"sameAs\":[\"https:\\\/\\\/www.instagram.com\\\/lechappeeclose\\\/\"]}]}<\/script>\n<!-- \/ Yoast SEO plugin. -->","yoast_head_json":{"title":"Le dernier qui restera se tapera toutes les veuves - l&#039;\u00e9chapp\u00e9e close","robots":{"index":"index","follow":"follow","max-snippet":"max-snippet:-1","max-image-preview":"max-image-preview:large","max-video-preview":"max-video-preview:-1"},"canonical":"http:\/\/lechappeeclose.it\/it\/boutique\/livres\/litterature\/romans\/le-dernier-qui-restera-se-tapera-toutes-les-veuves\/","og_locale":"it_IT","og_type":"article","og_title":"Le dernier qui restera se tapera toutes les veuves - l&#039;\u00e9chapp\u00e9e close","og_description":"Le dernier qui restera se tapera toutes les veuves\u00a0: c\u2019est ainsi que Cavanna intitula en 1983 sa chronique sur la disparition de son ami Reiser. De 1969 \u00e0 2013, notamment dans les pages de\u00a0Charlie hebdo, Cavanna \u00e9crivit plus de soixante textes pour \u00e9voquer le d\u00e9c\u00e8s de maintes c\u00e9l\u00e9brit\u00e9s (De Gaulle, Mesrine, Mitterrand, Lady Di\u2026), de [&hellip;]","og_url":"http:\/\/lechappeeclose.it\/it\/boutique\/livres\/litterature\/romans\/le-dernier-qui-restera-se-tapera-toutes-les-veuves\/","og_site_name":"l&#039;\u00e9chapp\u00e9e close","og_image":[{"width":324,"height":500,"url":"http:\/\/lechappeeclose.it\/wp-content\/uploads\/2025\/02\/Le-dernier-qui-restera-se-tapera-toutes-les-veuves.jpg","type":"image\/jpeg"}],"twitter_card":"summary_large_image","twitter_misc":{"Tempo di lettura stimato":"1 minuto"},"schema":{"@context":"https:\/\/schema.org","@graph":[{"@type":"WebPage","@id":"http:\/\/lechappeeclose.it\/boutique\/livres\/litterature\/romans\/le-dernier-qui-restera-se-tapera-toutes-les-veuves\/","url":"http:\/\/lechappeeclose.it\/boutique\/livres\/litterature\/romans\/le-dernier-qui-restera-se-tapera-toutes-les-veuves\/","name":"Le dernier qui restera se tapera toutes les veuves - l&#039;\u00e9chapp\u00e9e close","isPartOf":{"@id":"http:\/\/lechappeeclose.it\/#website"},"primaryImageOfPage":{"@id":"http:\/\/lechappeeclose.it\/boutique\/livres\/litterature\/romans\/le-dernier-qui-restera-se-tapera-toutes-les-veuves\/#primaryimage"},"image":{"@id":"http:\/\/lechappeeclose.it\/boutique\/livres\/litterature\/romans\/le-dernier-qui-restera-se-tapera-toutes-les-veuves\/#primaryimage"},"thumbnailUrl":"http:\/\/lechappeeclose.it\/wp-content\/uploads\/2025\/02\/Le-dernier-qui-restera-se-tapera-toutes-les-veuves.jpg","datePublished":"2025-02-05T15:48:05+00:00","breadcrumb":{"@id":"http:\/\/lechappeeclose.it\/boutique\/livres\/litterature\/romans\/le-dernier-qui-restera-se-tapera-toutes-les-veuves\/#breadcrumb"},"inLanguage":"it-IT","potentialAction":[{"@type":"ReadAction","target":["http:\/\/lechappeeclose.it\/boutique\/livres\/litterature\/romans\/le-dernier-qui-restera-se-tapera-toutes-les-veuves\/"]}]},{"@type":"ImageObject","inLanguage":"it-IT","@id":"http:\/\/lechappeeclose.it\/boutique\/livres\/litterature\/romans\/le-dernier-qui-restera-se-tapera-toutes-les-veuves\/#primaryimage","url":"http:\/\/lechappeeclose.it\/wp-content\/uploads\/2025\/02\/Le-dernier-qui-restera-se-tapera-toutes-les-veuves.jpg","contentUrl":"http:\/\/lechappeeclose.it\/wp-content\/uploads\/2025\/02\/Le-dernier-qui-restera-se-tapera-toutes-les-veuves.jpg","width":324,"height":500},{"@type":"BreadcrumbList","@id":"http:\/\/lechappeeclose.it\/boutique\/livres\/litterature\/romans\/le-dernier-qui-restera-se-tapera-toutes-les-veuves\/#breadcrumb","itemListElement":[{"@type":"ListItem","position":1,"name":"Accueil","item":"http:\/\/lechappeeclose.it\/"},{"@type":"ListItem","position":2,"name":"Boutique","item":"http:\/\/lechappeeclose.it\/it\/boutique\/"},{"@type":"ListItem","position":3,"name":"Le dernier qui restera se tapera toutes les veuves"}]},{"@type":"WebSite","@id":"http:\/\/lechappeeclose.it\/#website","url":"http:\/\/lechappeeclose.it\/","name":"l&#039;\u00e9chapp\u00e9e close","description":"La libreria francese di Milano","publisher":{"@id":"http:\/\/lechappeeclose.it\/#organization"},"alternateName":"La librairie fran\u00e7aise de Milan","potentialAction":[{"@type":"SearchAction","target":{"@type":"EntryPoint","urlTemplate":"http:\/\/lechappeeclose.it\/?s={search_term_string}"},"query-input":{"@type":"PropertyValueSpecification","valueRequired":true,"valueName":"search_term_string"}}],"inLanguage":"it-IT"},{"@type":"Organization","@id":"http:\/\/lechappeeclose.it\/#organization","name":"l&#039;\u00e9chapp\u00e9e close","url":"http:\/\/lechappeeclose.it\/","logo":{"@type":"ImageObject","inLanguage":"it-IT","@id":"http:\/\/lechappeeclose.it\/#\/schema\/logo\/image\/","url":"http:\/\/lechappeeclose.it\/wp-content\/uploads\/2025\/02\/cropped-logo-rond.png","contentUrl":"http:\/\/lechappeeclose.it\/wp-content\/uploads\/2025\/02\/cropped-logo-rond.png","width":1080,"height":1080,"caption":"l&#039;\u00e9chapp\u00e9e close"},"image":{"@id":"http:\/\/lechappeeclose.it\/#\/schema\/logo\/image\/"},"sameAs":["https:\/\/www.instagram.com\/lechappeeclose\/"]}]}},"_links":{"self":[{"href":"http:\/\/lechappeeclose.it\/it\/wp-json\/wp\/v2\/product\/5557","targetHints":{"allow":["GET"]}}],"collection":[{"href":"http:\/\/lechappeeclose.it\/it\/wp-json\/wp\/v2\/product"}],"about":[{"href":"http:\/\/lechappeeclose.it\/it\/wp-json\/wp\/v2\/types\/product"}],"replies":[{"embeddable":true,"href":"http:\/\/lechappeeclose.it\/it\/wp-json\/wp\/v2\/comments?post=5557"}],"wp:featuredmedia":[{"embeddable":true,"href":"http:\/\/lechappeeclose.it\/it\/wp-json\/wp\/v2\/media\/5556"}],"wp:attachment":[{"href":"http:\/\/lechappeeclose.it\/it\/wp-json\/wp\/v2\/media?parent=5557"}],"wp:term":[{"taxonomy":"product_brand","embeddable":true,"href":"http:\/\/lechappeeclose.it\/it\/wp-json\/wp\/v2\/product_brand?post=5557"},{"taxonomy":"product_cat","embeddable":true,"href":"http:\/\/lechappeeclose.it\/it\/wp-json\/wp\/v2\/product_cat?post=5557"},{"taxonomy":"product_tag","embeddable":true,"href":"http:\/\/lechappeeclose.it\/it\/wp-json\/wp\/v2\/product_tag?post=5557"}],"curies":[{"name":"wp","href":"https:\/\/api.w.org\/{rel}","templated":true}]}}