{"id":5448,"date":"2025-02-05T15:53:41","date_gmt":"2025-02-05T14:53:41","guid":{"rendered":"https:\/\/lechappeeclose.it\/produit\/desarrois-du-professeur-mittelmann\/"},"modified":"2025-02-05T15:53:41","modified_gmt":"2025-02-05T14:53:41","slug":"desarrois-du-professeur-mittelmann","status":"publish","type":"product","link":"http:\/\/lechappeeclose.it\/it\/boutique\/livres\/litterature\/romans\/desarrois-du-professeur-mittelmann\/","title":{"rendered":"D\u00e9sarrois du Professeur Mittelmann"},"content":{"rendered":"<p>Roman sur l&#8217;usure du temps et le vieillissement qui poussent \u00e0 se ranger parmi les &#8221; r\u00e9acs &#8220;, Les D\u00e9sarrois du professeur Mittelmann constitue \u00e0 sa mani\u00e8re, clinique et sensible, d\u00e9missionnaire et narquoise, une radiographie du d\u00e9senchantement contemporain. Septembre 2020. Pour la premi\u00e8re fois depuis plus de trente ans, la rentr\u00e9e des classes se fera sans le professeur Mittelmann.Pour ce jeune retrait\u00e9, c&#8217;est l&#8217;heure du bilan. Entr\u00e9 sans conviction dans l&#8217;\u00c9ducation nationale, n&#8217;ayant eu d&#8217;ambition que litt\u00e9raire, il aura pourtant \u00e9t\u00e9 un excellent professeur de philosophie. Mais un pi\u00e8tre \u00e9crivain : &#8221; Il avait r\u00e9ussi l\u00e0 o\u00f9 il n&#8217;avait pas voulu r\u00e9ussir, \u00e9chou\u00e9 l\u00e0 o\u00f9 il avait voulu r\u00e9ussir. &#8221; Se rem\u00e9morant son parcours, de sa Lorraine natale \u00e0 la capitale en passant par Nice et surtout Brunoy, Mittelmann prend conscience qu&#8217;il n&#8217;aura jamais \u00e9t\u00e9 \u00e0 la hauteur de ses id\u00e9aux : &#8221; Au conseil de classe de l&#8217;Au-del\u00e0, Dieu n&#8217;\u00e9crira pas sur mon bulletin : Aurait pu mieux faire mais, ce qui est bien pire : A fait de son mieux. &#8220;Mittelmann, vieillissant, constate combien il est devenu r\u00e9fractaire aux \u00e9volutions du monde. Son regard ironique et d\u00e9sabus\u00e9 devient jeu de massacre. Rien ni personne n&#8217;est \u00e9pargn\u00e9 : ni l&#8217;\u00c9ducation nationale (\u00e9l\u00e8ves, professeurs, corps administratif), ni le milieu litt\u00e9raire (&#8221; les m\u00eames compromissions, les m\u00eames tartufferies et les m\u00eames rivalit\u00e9s &#8221; qu&#8217;ailleurs), ni la banlieue (et sa mis\u00e8re culturelle), ni les femmes qu&#8217;il a aim\u00e9es, ni, surtout, lui-m\u00eame. Mais si ses \u00e9checs l&#8217;ont port\u00e9 \u00e0 la misanthropie, Mittelmann n&#8217;en a pas moins travers\u00e9 la vie en \u00e9tant attentif \u00e0 ses semblables, notamment \u00e0 ses \u00e9l\u00e8ves. Ainsi les s\u00e9ances de cours qui ponctuent le r\u00e9cit illustrent-elles l&#8217;humanit\u00e9 bless\u00e9e de ce professeur m\u00e9lancolique. Qui finit par prendre sous son aile un de ses \u00e9l\u00e8ves, Johnny, diff\u00e9rent, marginalis\u00e9, tout entier livr\u00e9 \u00e0 sa passion pour les arbres.Roman sur l&#8217;usure du temps et le vieillissement qui poussent \u00e0 se ranger parmi les &#8221; r\u00e9acs &#8220;, Les D\u00e9sarrois du professeur Mittelmann constitue \u00e0 sa mani\u00e8re, clinique et sensible, d\u00e9missionnaire et narquoise, une radiographie du d\u00e9senchantement contemporain.<\/p>","protected":false},"excerpt":{"rendered":"<p>Roman sur l&#8217;usure du temps et le vieillissement qui poussent \u00e0 se ranger parmi les &#8221; r\u00e9acs &#8220;, Les D\u00e9sarrois du professeur Mittelmann constitue \u00e0 sa mani\u00e8re, clinique et sensible, d\u00e9missionnaire et narquoise, une radiographie du d\u00e9senchantement contemporain. Septembre 2020. Pour la premi\u00e8re fois depuis plus de trente ans, la rentr\u00e9e des classes se fera [&hellip;]<\/p>","protected":false},"featured_media":5447,"comment_status":"open","ping_status":"closed","template":"","meta":[],"product_brand":[],"product_cat":[46],"product_tag":[],"class_list":{"0":"post-5448","1":"product","2":"type-product","3":"status-publish","4":"has-post-thumbnail","6":"product_cat-romans","8":"first","9":"instock","10":"taxable","11":"shipping-taxable","12":"purchasable","13":"product-type-simple"},"yoast_head":"<!-- This site is optimized with the Yoast SEO plugin v27.4 - https:\/\/yoast.com\/product\/yoast-seo-wordpress\/ -->\n<title>D\u00e9sarrois du Professeur Mittelmann - l&#039;\u00e9chapp\u00e9e close<\/title>\n<meta name=\"robots\" content=\"index, follow, max-snippet:-1, max-image-preview:large, max-video-preview:-1\" \/>\n<link rel=\"canonical\" href=\"http:\/\/lechappeeclose.it\/it\/boutique\/livres\/litterature\/romans\/desarrois-du-professeur-mittelmann\/\" \/>\n<meta property=\"og:locale\" content=\"it_IT\" \/>\n<meta property=\"og:type\" content=\"article\" \/>\n<meta property=\"og:title\" content=\"D\u00e9sarrois du Professeur Mittelmann - l&#039;\u00e9chapp\u00e9e close\" \/>\n<meta property=\"og:description\" content=\"Roman sur l&#8217;usure du temps et le vieillissement qui poussent \u00e0 se ranger parmi les &#8221; r\u00e9acs &#8220;, Les D\u00e9sarrois du professeur Mittelmann constitue \u00e0 sa mani\u00e8re, clinique et sensible, d\u00e9missionnaire et narquoise, une radiographie du d\u00e9senchantement contemporain. Septembre 2020. Pour la premi\u00e8re fois depuis plus de trente ans, la rentr\u00e9e des classes se fera [&hellip;]\" \/>\n<meta property=\"og:url\" content=\"http:\/\/lechappeeclose.it\/it\/boutique\/livres\/litterature\/romans\/desarrois-du-professeur-mittelmann\/\" \/>\n<meta property=\"og:site_name\" content=\"l&#039;\u00e9chapp\u00e9e close\" \/>\n<meta property=\"og:image\" content=\"http:\/\/lechappeeclose.it\/wp-content\/uploads\/2025\/02\/Desarrois-du-Professeur-Mittelmann.jpg\" \/>\n\t<meta property=\"og:image:width\" content=\"800\" \/>\n\t<meta property=\"og:image:height\" content=\"1202\" \/>\n\t<meta property=\"og:image:type\" content=\"image\/jpeg\" \/>\n<meta name=\"twitter:card\" content=\"summary_large_image\" \/>\n<meta name=\"twitter:label1\" content=\"Tempo di lettura stimato\" \/>\n\t<meta name=\"twitter:data1\" content=\"2 minuti\" \/>\n<script type=\"application\/ld+json\" class=\"yoast-schema-graph\">{\"@context\":\"https:\\\/\\\/schema.org\",\"@graph\":[{\"@type\":\"WebPage\",\"@id\":\"http:\\\/\\\/lechappeeclose.it\\\/it\\\/boutique\\\/livres\\\/litterature\\\/romans\\\/desarrois-du-professeur-mittelmann\\\/\",\"url\":\"http:\\\/\\\/lechappeeclose.it\\\/it\\\/boutique\\\/livres\\\/litterature\\\/romans\\\/desarrois-du-professeur-mittelmann\\\/\",\"name\":\"D\u00e9sarrois du Professeur Mittelmann - l&#039;\u00e9chapp\u00e9e close\",\"isPartOf\":{\"@id\":\"http:\\\/\\\/lechappeeclose.it\\\/#website\"},\"primaryImageOfPage\":{\"@id\":\"http:\\\/\\\/lechappeeclose.it\\\/it\\\/boutique\\\/livres\\\/litterature\\\/romans\\\/desarrois-du-professeur-mittelmann\\\/#primaryimage\"},\"image\":{\"@id\":\"http:\\\/\\\/lechappeeclose.it\\\/it\\\/boutique\\\/livres\\\/litterature\\\/romans\\\/desarrois-du-professeur-mittelmann\\\/#primaryimage\"},\"thumbnailUrl\":\"http:\\\/\\\/lechappeeclose.it\\\/wp-content\\\/uploads\\\/2025\\\/02\\\/Desarrois-du-Professeur-Mittelmann.jpg\",\"datePublished\":\"2025-02-05T14:53:41+00:00\",\"breadcrumb\":{\"@id\":\"http:\\\/\\\/lechappeeclose.it\\\/it\\\/boutique\\\/livres\\\/litterature\\\/romans\\\/desarrois-du-professeur-mittelmann\\\/#breadcrumb\"},\"inLanguage\":\"it-IT\",\"potentialAction\":[{\"@type\":\"ReadAction\",\"target\":[\"http:\\\/\\\/lechappeeclose.it\\\/it\\\/boutique\\\/livres\\\/litterature\\\/romans\\\/desarrois-du-professeur-mittelmann\\\/\"]}]},{\"@type\":\"ImageObject\",\"inLanguage\":\"it-IT\",\"@id\":\"http:\\\/\\\/lechappeeclose.it\\\/it\\\/boutique\\\/livres\\\/litterature\\\/romans\\\/desarrois-du-professeur-mittelmann\\\/#primaryimage\",\"url\":\"http:\\\/\\\/lechappeeclose.it\\\/wp-content\\\/uploads\\\/2025\\\/02\\\/Desarrois-du-Professeur-Mittelmann.jpg\",\"contentUrl\":\"http:\\\/\\\/lechappeeclose.it\\\/wp-content\\\/uploads\\\/2025\\\/02\\\/Desarrois-du-Professeur-Mittelmann.jpg\",\"width\":800,\"height\":1202},{\"@type\":\"BreadcrumbList\",\"@id\":\"http:\\\/\\\/lechappeeclose.it\\\/it\\\/boutique\\\/livres\\\/litterature\\\/romans\\\/desarrois-du-professeur-mittelmann\\\/#breadcrumb\",\"itemListElement\":[{\"@type\":\"ListItem\",\"position\":1,\"name\":\"Accueil\",\"item\":\"http:\\\/\\\/lechappeeclose.it\\\/\"},{\"@type\":\"ListItem\",\"position\":2,\"name\":\"Boutique\",\"item\":\"http:\\\/\\\/lechappeeclose.it\\\/it\\\/boutique\\\/\"},{\"@type\":\"ListItem\",\"position\":3,\"name\":\"D\u00e9sarrois du Professeur Mittelmann\"}]},{\"@type\":\"WebSite\",\"@id\":\"http:\\\/\\\/lechappeeclose.it\\\/#website\",\"url\":\"http:\\\/\\\/lechappeeclose.it\\\/\",\"name\":\"l&#039;\u00e9chapp\u00e9e close\",\"description\":\"la librairie fran\u00e7aise de Milan\",\"publisher\":{\"@id\":\"http:\\\/\\\/lechappeeclose.it\\\/#organization\"},\"alternateName\":\"La librairie fran\u00e7aise de Milan\",\"potentialAction\":[{\"@type\":\"SearchAction\",\"target\":{\"@type\":\"EntryPoint\",\"urlTemplate\":\"http:\\\/\\\/lechappeeclose.it\\\/?s={search_term_string}\"},\"query-input\":{\"@type\":\"PropertyValueSpecification\",\"valueRequired\":true,\"valueName\":\"search_term_string\"}}],\"inLanguage\":\"it-IT\"},{\"@type\":\"Organization\",\"@id\":\"http:\\\/\\\/lechappeeclose.it\\\/#organization\",\"name\":\"l&#039;\u00e9chapp\u00e9e close\",\"url\":\"http:\\\/\\\/lechappeeclose.it\\\/\",\"logo\":{\"@type\":\"ImageObject\",\"inLanguage\":\"it-IT\",\"@id\":\"http:\\\/\\\/lechappeeclose.it\\\/#\\\/schema\\\/logo\\\/image\\\/\",\"url\":\"http:\\\/\\\/lechappeeclose.it\\\/wp-content\\\/uploads\\\/2025\\\/02\\\/cropped-logo-rond.png\",\"contentUrl\":\"http:\\\/\\\/lechappeeclose.it\\\/wp-content\\\/uploads\\\/2025\\\/02\\\/cropped-logo-rond.png\",\"width\":1080,\"height\":1080,\"caption\":\"l&#039;\u00e9chapp\u00e9e close\"},\"image\":{\"@id\":\"http:\\\/\\\/lechappeeclose.it\\\/#\\\/schema\\\/logo\\\/image\\\/\"},\"sameAs\":[\"https:\\\/\\\/www.instagram.com\\\/lechappeeclose\\\/\"]}]}<\/script>\n<!-- \/ Yoast SEO plugin. -->","yoast_head_json":{"title":"D\u00e9sarrois du Professeur Mittelmann - l&#039;\u00e9chapp\u00e9e close","robots":{"index":"index","follow":"follow","max-snippet":"max-snippet:-1","max-image-preview":"max-image-preview:large","max-video-preview":"max-video-preview:-1"},"canonical":"http:\/\/lechappeeclose.it\/it\/boutique\/livres\/litterature\/romans\/desarrois-du-professeur-mittelmann\/","og_locale":"it_IT","og_type":"article","og_title":"D\u00e9sarrois du Professeur Mittelmann - l&#039;\u00e9chapp\u00e9e close","og_description":"Roman sur l&#8217;usure du temps et le vieillissement qui poussent \u00e0 se ranger parmi les &#8221; r\u00e9acs &#8220;, Les D\u00e9sarrois du professeur Mittelmann constitue \u00e0 sa mani\u00e8re, clinique et sensible, d\u00e9missionnaire et narquoise, une radiographie du d\u00e9senchantement contemporain. Septembre 2020. Pour la premi\u00e8re fois depuis plus de trente ans, la rentr\u00e9e des classes se fera [&hellip;]","og_url":"http:\/\/lechappeeclose.it\/it\/boutique\/livres\/litterature\/romans\/desarrois-du-professeur-mittelmann\/","og_site_name":"l&#039;\u00e9chapp\u00e9e close","og_image":[{"width":800,"height":1202,"url":"http:\/\/lechappeeclose.it\/wp-content\/uploads\/2025\/02\/Desarrois-du-Professeur-Mittelmann.jpg","type":"image\/jpeg"}],"twitter_card":"summary_large_image","twitter_misc":{"Tempo di lettura stimato":"2 minuti"},"schema":{"@context":"https:\/\/schema.org","@graph":[{"@type":"WebPage","@id":"http:\/\/lechappeeclose.it\/it\/boutique\/livres\/litterature\/romans\/desarrois-du-professeur-mittelmann\/","url":"http:\/\/lechappeeclose.it\/it\/boutique\/livres\/litterature\/romans\/desarrois-du-professeur-mittelmann\/","name":"D\u00e9sarrois du Professeur Mittelmann - l&#039;\u00e9chapp\u00e9e close","isPartOf":{"@id":"http:\/\/lechappeeclose.it\/#website"},"primaryImageOfPage":{"@id":"http:\/\/lechappeeclose.it\/it\/boutique\/livres\/litterature\/romans\/desarrois-du-professeur-mittelmann\/#primaryimage"},"image":{"@id":"http:\/\/lechappeeclose.it\/it\/boutique\/livres\/litterature\/romans\/desarrois-du-professeur-mittelmann\/#primaryimage"},"thumbnailUrl":"http:\/\/lechappeeclose.it\/wp-content\/uploads\/2025\/02\/Desarrois-du-Professeur-Mittelmann.jpg","datePublished":"2025-02-05T14:53:41+00:00","breadcrumb":{"@id":"http:\/\/lechappeeclose.it\/it\/boutique\/livres\/litterature\/romans\/desarrois-du-professeur-mittelmann\/#breadcrumb"},"inLanguage":"it-IT","potentialAction":[{"@type":"ReadAction","target":["http:\/\/lechappeeclose.it\/it\/boutique\/livres\/litterature\/romans\/desarrois-du-professeur-mittelmann\/"]}]},{"@type":"ImageObject","inLanguage":"it-IT","@id":"http:\/\/lechappeeclose.it\/it\/boutique\/livres\/litterature\/romans\/desarrois-du-professeur-mittelmann\/#primaryimage","url":"http:\/\/lechappeeclose.it\/wp-content\/uploads\/2025\/02\/Desarrois-du-Professeur-Mittelmann.jpg","contentUrl":"http:\/\/lechappeeclose.it\/wp-content\/uploads\/2025\/02\/Desarrois-du-Professeur-Mittelmann.jpg","width":800,"height":1202},{"@type":"BreadcrumbList","@id":"http:\/\/lechappeeclose.it\/it\/boutique\/livres\/litterature\/romans\/desarrois-du-professeur-mittelmann\/#breadcrumb","itemListElement":[{"@type":"ListItem","position":1,"name":"Accueil","item":"http:\/\/lechappeeclose.it\/"},{"@type":"ListItem","position":2,"name":"Boutique","item":"http:\/\/lechappeeclose.it\/it\/boutique\/"},{"@type":"ListItem","position":3,"name":"D\u00e9sarrois du Professeur Mittelmann"}]},{"@type":"WebSite","@id":"http:\/\/lechappeeclose.it\/#website","url":"http:\/\/lechappeeclose.it\/","name":"l&#039;\u00e9chapp\u00e9e close","description":"La libreria francese di Milano","publisher":{"@id":"http:\/\/lechappeeclose.it\/#organization"},"alternateName":"La librairie fran\u00e7aise de Milan","potentialAction":[{"@type":"SearchAction","target":{"@type":"EntryPoint","urlTemplate":"http:\/\/lechappeeclose.it\/?s={search_term_string}"},"query-input":{"@type":"PropertyValueSpecification","valueRequired":true,"valueName":"search_term_string"}}],"inLanguage":"it-IT"},{"@type":"Organization","@id":"http:\/\/lechappeeclose.it\/#organization","name":"l&#039;\u00e9chapp\u00e9e close","url":"http:\/\/lechappeeclose.it\/","logo":{"@type":"ImageObject","inLanguage":"it-IT","@id":"http:\/\/lechappeeclose.it\/#\/schema\/logo\/image\/","url":"http:\/\/lechappeeclose.it\/wp-content\/uploads\/2025\/02\/cropped-logo-rond.png","contentUrl":"http:\/\/lechappeeclose.it\/wp-content\/uploads\/2025\/02\/cropped-logo-rond.png","width":1080,"height":1080,"caption":"l&#039;\u00e9chapp\u00e9e close"},"image":{"@id":"http:\/\/lechappeeclose.it\/#\/schema\/logo\/image\/"},"sameAs":["https:\/\/www.instagram.com\/lechappeeclose\/"]}]}},"_links":{"self":[{"href":"http:\/\/lechappeeclose.it\/it\/wp-json\/wp\/v2\/product\/5448","targetHints":{"allow":["GET"]}}],"collection":[{"href":"http:\/\/lechappeeclose.it\/it\/wp-json\/wp\/v2\/product"}],"about":[{"href":"http:\/\/lechappeeclose.it\/it\/wp-json\/wp\/v2\/types\/product"}],"replies":[{"embeddable":true,"href":"http:\/\/lechappeeclose.it\/it\/wp-json\/wp\/v2\/comments?post=5448"}],"wp:featuredmedia":[{"embeddable":true,"href":"http:\/\/lechappeeclose.it\/it\/wp-json\/wp\/v2\/media\/5447"}],"wp:attachment":[{"href":"http:\/\/lechappeeclose.it\/it\/wp-json\/wp\/v2\/media?parent=5448"}],"wp:term":[{"taxonomy":"product_brand","embeddable":true,"href":"http:\/\/lechappeeclose.it\/it\/wp-json\/wp\/v2\/product_brand?post=5448"},{"taxonomy":"product_cat","embeddable":true,"href":"http:\/\/lechappeeclose.it\/it\/wp-json\/wp\/v2\/product_cat?post=5448"},{"taxonomy":"product_tag","embeddable":true,"href":"http:\/\/lechappeeclose.it\/it\/wp-json\/wp\/v2\/product_tag?post=5448"}],"curies":[{"name":"wp","href":"https:\/\/api.w.org\/{rel}","templated":true}]}}